{"id":3201,"date":"2023-07-06T13:03:33","date_gmt":"2023-07-06T11:03:33","guid":{"rendered":"https:\/\/viafabrilis.zw.pl\/?page_id=3201"},"modified":"2023-07-20T10:53:56","modified_gmt":"2023-07-20T08:53:56","slug":"o-projektu","status":"publish","type":"page","link":"https:\/\/viafabrilis.zw.pl\/cs\/o-projektu\/","title":{"rendered":"O projektu"},"content":{"rendered":"\n<p><strong>Cesta Via Fabrilis<\/strong><\/p>\n\n\n\n<p><\/p>\n\n\n\n<p>Cesta Via Fabrilis, kter\u00e1 spojuje m\u00edsta zn\u00e1m\u00e1 z r\u016fzn\u00fdch \u0159emesel, vznikala postupn\u011b v r\u00e1mci n\u011bkolika p\u0159eshrani\u010dn\u00edch projekt\u016f. Postupem \u010dasu se k n\u00ed p\u0159id\u00e1vali nov\u00ed \u010dlenov\u00e9 a nyn\u00ed nyn\u00ed zahrnuje 38 instituc\u00ed ve 33 m\u011bstech a obc\u00edch. Hlavn\u00edm c\u00edlem tohoto projektu byla ochrana kulturn\u00edho d\u011bdictv\u00ed polsko-\u010desk\u00e9ho pohrani\u010d\u00ed se zvl\u00e1\u0161tn\u00edm zam\u011b\u0159en\u00edm na star\u00e1, n\u011bkdy ji\u017e zapomenut\u00e1 a zanikl\u00e1 \u0159emesla.<\/p>\n\n\n\n<p>&nbsp;&nbsp;&nbsp;&nbsp;&nbsp;&nbsp;&nbsp; &nbsp;&nbsp;&nbsp; Stezka p\u016fvodn\u011b vedla ze severu na jih, z polsk\u00e9ho Boles\u0142awce do \u010desk\u00e9ho Vrchlab\u00ed, a spojovala 15 instituc\u00ed. Vznikla v letech 2008 a\u017e 2010 v r\u00e1mci projektu Via Fabrilis \u2013 cesta \u0159emesln\u00fdch tradic, kter\u00fd realizovalo Muzeum keramiky v Boleslawci a Krkono\u0161sk\u00e9 muzeum Krkono\u0161sk\u00e9ho n\u00e1rodn\u00edho parku ve Vrchlab\u00ed. Na polsk\u00e9 stran\u011b vedla trasa p\u0159es Szklarskou Por\u0119bu (skl\u00e1\u0159sk\u00e9 st\u0159edisko), Jelen\u00ed Horu, Wle\u0144 a Lubomierz (tkalcovsk\u00e1 st\u0159ediska) a Lw\u00f3wek \u015al\u0105ski (pivovarnictv\u00ed, t\u011b\u017eba zlata a miner\u00e1l\u016f).<\/p>\n\n\n\n<p>&nbsp;&nbsp;&nbsp;&nbsp;&nbsp;&nbsp;&nbsp; &nbsp;&nbsp;&nbsp; P\u0159eshrani\u010dn\u00ed stezka byla v letech 2013 a\u017e 2014 roz\u0161\u00ed\u0159ena v r\u00e1mci dal\u0161\u00edho projektu Via Fabrilis \u2013 cesta \u0159emesln\u00fdch tradic II. Tentokr\u00e1t proch\u00e1zela 21 m\u011bsty a spojovala 26 instituc\u00ed a organizac\u00ed na polsk\u00e9 a \u010desk\u00e9 stran\u011b Krkono\u0161 a Jizersk\u00fdch hor. Na polsk\u00e9 stran\u011b tak trasa zahrnovala: sv\u011btozn\u00e1m\u00e9 centrum v\u00fdroby keramiky Boles\u0142awiec (Muzeum keramiky, keramick\u00e1 tov\u00e1rna Zak\u0142ady Ceramiczne \u201eBoles\u0142awiec\u201d), Tomasz\u00f3w Boles\u0142awiecki (Glasstudio Borowski), s pivovarnictv\u00edm spojen\u00e9 m\u011bsto Lw\u00f3wek \u015al\u0105ski (Historick\u00e9 a muzejn\u00ed za\u0159\u00edzen\u00ed), tkalcovsk\u00e1 centra Wle\u0144 (Centrum kultury, sportu a turistiky) a Lubomierz (Muzeum Kargula a Pawlaka), horsk\u00e1 skl\u00e1\u0159sk\u00e1 centra: Jelen\u00ed Hora (Krkono\u0161sk\u00e9 muzeum), Piechowice (skl\u00e1rna Huta Julia), Szklarska Por\u0119ba (skl\u00e1rna Le\u015bna Huta, Krkono\u0161sk\u00e9 centrum ekologick\u00e9 v\u00fdchovy), Kowary (D\u016fm tradic) a Karpacz (Muzeum sportu a turistiky), a tak\u00e9 m\u011bsta d\u00e1le na z\u00e1pad: Luba\u0144 (Region\u00e1ln\u00ed muzeum) spojen\u00e1 s pl\u00e1tenictv\u00edm a konv\u00e1\u0159stv\u00edm a Zgorzelec, m\u011bsto s hrn\u010d\u00ed\u0159skou a pl\u00e1tenickou tradic\u00ed (Lu\u017eick\u00e9 muzeum). \u010cesk\u00e1 \u010d\u00e1st trasy zahrnovala: Vrchlab\u00ed a Jilemnice (muzea Krkono\u0161sk\u00e9ho n\u00e1rodn\u00edho parku), st\u0159ediska spojen\u00e1 s v\u00fdrobou sklen\u011bn\u00fdch perl\u00ed, kor\u00e1lk\u016f a ozdob: Ponikl\u00e1 (Muzeum krkono\u0161sk\u00fdch \u0159emesel, firma Rautis), Paseky nad Jizerou (Pam\u00e1tn\u00edk zapadl\u00fdch vlastenc\u016f) a Vysok\u00e9 nad Jizerou (Vlastiv\u011bdn\u00e9 muzeum) a d\u00e1le Harrachov (Skl\u00e1rna Novosad &amp; Syn, \u0160indelka). Mezi nov\u00e1 centra pat\u0159\u00ed nap\u0159.: Horn\u00ed Mar\u0161ov (Ekocentrum DOTEK), Franti\u0161kov (soukrom\u00e9 muzeum Star\u00fd krav\u00edn man\u017eel\u016f Bro\u017eov\u00fdch) a Voletiny (Muzeum tkalcovstv\u00ed v Dom\u011b pod jasanem).<\/p>\n\n\n\n<p>V r\u00e1mci projektu Hr\u00e1dek nad Nisou a Boles\u0142awiec na cest\u011b star\u00fdch \u0159emesel byl v letech 2017 a\u017e 2018 do stezky za\u0159azen podst\u00e1vkov\u00fd hr\u00e1zd\u011bn\u00fd d\u016fm Kon\u00edk v Hr\u00e1dku nad Nisou, jeden z m\u00e1la p\u0159\u00edklad\u016f architektury charakteristick\u00e9 pro hornolu\u017eick\u00fd a severo\u010desk\u00fd region.<\/p>\n\n\n\n<p>Posledn\u00ed etapa roz\u0161\u00ed\u0159en\u00ed stezky prob\u011bhla v letech 2019 a\u017e 2022 v r\u00e1mci projektu Centra tradi\u010dn\u00edch \u0159emesel na cest\u011b Via Fabrilis. Tehdy byla roz\u0161\u00ed\u0159ena o tyto instituce: na polsk\u00e9 stran\u011b Muzeum pap\u00edrnictv\u00ed ve m\u011bst\u011b Duszniki-Zdr\u00f3j, Region\u00e1ln\u00ed muzeum v Chojnov\u011b, Muzeum dom\u00e1c\u00edho vybaven\u00ed v Zi\u0119bic\u00edch, Muzeum Kladska ve m\u011bst\u011b K\u0142odzko (Kladsko), Filumenistick\u00e9 muzeum v Kladsk\u00e9 Byst\u0159ici (Bystrzyca K\u0142odzka), PPH Vitbis sp. z o.o. ve m\u011bst\u011b Z\u0142otoryja a Stezka zanikaj\u00edc\u00edch povol\u00e1n\u00ed v Kudow\u011b-Zdroji a na \u010desk\u00e9 stran\u011b M\u011bstsk\u00e9 muzeum Nov\u00e9 M\u011bsto nad Metuj\u00ed, M\u011bstsk\u00e9 muzeum v Jarom\u011b\u0159i, M\u011bstsk\u00e9 muzeum ve Dvo\u0159e Kr\u00e1lov\u00e9 nad Labem a Region\u00e1ln\u00ed muzeum N\u00e1chod.<\/p>\n","protected":false},"excerpt":{"rendered":"<p>Cesta Via Fabrilis Cesta Via Fabrilis, kter\u00e1 spojuje m\u00edsta zn\u00e1m\u00e1 z r\u016fzn\u00fdch \u0159emesel, vznikala postupn\u011b v r\u00e1mci n\u011bkolika p\u0159eshrani\u010dn\u00edch projekt\u016f. Postupem \u010dasu se k n\u00ed p\u0159id\u00e1vali nov\u00ed \u010dlenov\u00e9 a nyn\u00ed nyn\u00ed zahrnuje 38 instituc\u00ed ve 33 m\u011bstech a obc\u00edch. Hlavn\u00edm c\u00edlem tohoto projektu byla ochrana kulturn\u00edho d\u011bdictv\u00ed polsko-\u010desk\u00e9ho pohrani\u010d\u00ed se zvl\u00e1\u0161tn\u00edm zam\u011b\u0159en\u00edm na star\u00e1, n\u011bkdy [&hellip;]<\/p>\n","protected":false},"author":1,"featured_media":0,"parent":0,"menu_order":0,"comment_status":"closed","ping_status":"closed","template":"","meta":{"footnotes":""},"class_list":["post-3201","page","type-page","status-publish","hentry","entry"],"_links":{"self":[{"href":"https:\/\/viafabrilis.zw.pl\/cs\/wp-json\/wp\/v2\/pages\/3201","targetHints":{"allow":["GET"]}}],"collection":[{"href":"https:\/\/viafabrilis.zw.pl\/cs\/wp-json\/wp\/v2\/pages"}],"about":[{"href":"https:\/\/viafabrilis.zw.pl\/cs\/wp-json\/wp\/v2\/types\/page"}],"author":[{"embeddable":true,"href":"https:\/\/viafabrilis.zw.pl\/cs\/wp-json\/wp\/v2\/users\/1"}],"replies":[{"embeddable":true,"href":"https:\/\/viafabrilis.zw.pl\/cs\/wp-json\/wp\/v2\/comments?post=3201"}],"version-history":[{"count":3,"href":"https:\/\/viafabrilis.zw.pl\/cs\/wp-json\/wp\/v2\/pages\/3201\/revisions"}],"predecessor-version":[{"id":3204,"href":"https:\/\/viafabrilis.zw.pl\/cs\/wp-json\/wp\/v2\/pages\/3201\/revisions\/3204"}],"wp:attachment":[{"href":"https:\/\/viafabrilis.zw.pl\/cs\/wp-json\/wp\/v2\/media?parent=3201"}],"curies":[{"name":"wp","href":"https:\/\/api.w.org\/{rel}","templated":true}]}}