{"id":3224,"date":"2023-07-13T12:58:14","date_gmt":"2023-07-13T10:58:14","guid":{"rendered":"https:\/\/viafabrilis.zw.pl\/?page_id=3224"},"modified":"2023-07-20T10:44:21","modified_gmt":"2023-07-20T08:44:21","slug":"jaromer-2","status":"publish","type":"page","link":"https:\/\/viafabrilis.zw.pl\/cs\/jaromer-2\/","title":{"rendered":"Jarom\u011b\u0159"},"content":{"rendered":"\n<p>M\u011bsto Jarom\u011b\u0159 se nach\u00e1z\u00ed v Kr\u00e1lov\u00e9hradeck\u00e9m kraji, 120 km od Prahy. Le\u017e\u00ed na soutoku t\u0159\u00ed \u0159ek: Labe, \u00dapy a Metuje a je d\u016fle\u017eitou silni\u010dn\u00ed a \u017eelezni\u010dn\u00ed k\u0159i\u017eovatkou. Je ozna\u010dov\u00e1no jako \u201em\u011bsto park\u016f a zahrad\u201c a pat\u0159\u00ed k nejstar\u0161\u00edm \u010desk\u00fdm m\u011bst\u016fm. Na m\u00edst\u011b historick\u00e9ho centra zalo\u017eil na po\u010d\u00e1tku 11. stolet\u00ed kn\u00ed\u017ee Jarom\u00edr z rodu P\u0159emyslovc\u016f opevn\u011bnou tvrz. Ve st\u0159edov\u011bku bylo m\u011bsto chr\u00e1n\u011bno mohutn\u00fdmi hradbami, kter\u00e9 v\u0161ak byly zni\u010deny b\u011bhem husitsk\u00fdch v\u00e1lek. K op\u011btovn\u00e9mu \u00fapadku Jarom\u011b\u0159e do\u0161lo tak\u00e9 na konci t\u0159icetilet\u00e9 v\u00e1lky, kdy byl t\u00e9m\u011b\u0159 zcela vylidn\u011bn. N\u00e1sleduj\u00edc\u00ed stalet\u00ed byla obdob\u00edm rozkv\u011btu Jarom\u011b\u0159e, kter\u00fd ovlivnila mimo jin\u00e9 v\u00fdstavba nedalek\u00e9 pevnosti Josefov a \u017eeleznice (1857 a\u017e 1859). O letech sl\u00e1vy m\u011bsta sv\u011bd\u010d\u00ed mno\u017estv\u00ed zaj\u00edmav\u00fdch staveb a pam\u00e1tek.<\/p>\n\n\n\n<p>V d\u016fsledku slezsk\u00fdch v\u00e1lek (1740 a\u017e 1763) ztratila habsbursk\u00e1 \u0159\u00ed\u0161e rozs\u00e1hl\u00e9 \u00fazem\u00ed Slezska a Kladska i s tamn\u00edmi pevnostmi. Rostouc\u00ed Prusko hrozilo dal\u0161\u00ed expanz\u00ed, a proto bylo rozhodnuto o vybudov\u00e1n\u00ed dvou pevnost\u00ed: Josefova a Terez\u00edna, aby byla zaji\u0161t\u011bna celistvost \u00fazem\u00ed \u010cech. Dne 3. \u0159\u00edjna 1780 polo\u017eil c\u00edsa\u0159 Josef II. z\u00e1kladn\u00ed k\u00e1men nov\u00e9 pevnosti v Josefov\u011b. Po sedmi letech prac\u00ed byla stavba dokon\u010dena a p\u0159ed\u00e1na arm\u00e1d\u011b. Nikdy se o ni nebojovalo. Za prvn\u00ed sv\u011btov\u00e9 v\u00e1lky byli v pevnosti dr\u017eeni ru\u0161t\u00ed v\u00e1le\u010dn\u00ed zajatci, za druh\u00e9 sv\u011btov\u00e9 v\u00e1lky zde byly um\u00edst\u011bny jednotky wehrmachtu a vl\u00e1dn\u00edho vojska. Od roku 1948 byl Josefov p\u0159ipojen k m\u011bstu Jarom\u011b\u0159. V roce 1968 vstoupila do pevnosti sov\u011btsk\u00e1 arm\u00e1da. Obsadila vojenskou nemocnici a n\u011bkolik dal\u0161\u00edch budov a z\u016fstala zde a\u017e do roku 1991.<\/p>\n","protected":false},"excerpt":{"rendered":"<p>M\u011bsto Jarom\u011b\u0159 se nach\u00e1z\u00ed v Kr\u00e1lov\u00e9hradeck\u00e9m kraji, 120 km od Prahy. Le\u017e\u00ed na soutoku t\u0159\u00ed \u0159ek: Labe, \u00dapy a Metuje a je d\u016fle\u017eitou silni\u010dn\u00ed a \u017eelezni\u010dn\u00ed k\u0159i\u017eovatkou. Je ozna\u010dov\u00e1no jako \u201em\u011bsto park\u016f a zahrad\u201c a pat\u0159\u00ed k nejstar\u0161\u00edm \u010desk\u00fdm m\u011bst\u016fm. Na m\u00edst\u011b historick\u00e9ho centra zalo\u017eil na po\u010d\u00e1tku 11. stolet\u00ed kn\u00ed\u017ee Jarom\u00edr z rodu P\u0159emyslovc\u016f opevn\u011bnou [&hellip;]<\/p>\n","protected":false},"author":1,"featured_media":0,"parent":0,"menu_order":0,"comment_status":"closed","ping_status":"closed","template":"","meta":{"footnotes":""},"class_list":["post-3224","page","type-page","status-publish","hentry","entry"],"_links":{"self":[{"href":"https:\/\/viafabrilis.zw.pl\/cs\/wp-json\/wp\/v2\/pages\/3224","targetHints":{"allow":["GET"]}}],"collection":[{"href":"https:\/\/viafabrilis.zw.pl\/cs\/wp-json\/wp\/v2\/pages"}],"about":[{"href":"https:\/\/viafabrilis.zw.pl\/cs\/wp-json\/wp\/v2\/types\/page"}],"author":[{"embeddable":true,"href":"https:\/\/viafabrilis.zw.pl\/cs\/wp-json\/wp\/v2\/users\/1"}],"replies":[{"embeddable":true,"href":"https:\/\/viafabrilis.zw.pl\/cs\/wp-json\/wp\/v2\/comments?post=3224"}],"version-history":[{"count":1,"href":"https:\/\/viafabrilis.zw.pl\/cs\/wp-json\/wp\/v2\/pages\/3224\/revisions"}],"predecessor-version":[{"id":3225,"href":"https:\/\/viafabrilis.zw.pl\/cs\/wp-json\/wp\/v2\/pages\/3224\/revisions\/3225"}],"wp:attachment":[{"href":"https:\/\/viafabrilis.zw.pl\/cs\/wp-json\/wp\/v2\/media?parent=3224"}],"curies":[{"name":"wp","href":"https:\/\/api.w.org\/{rel}","templated":true}]}}