{"id":3289,"date":"2023-07-13T15:27:03","date_gmt":"2023-07-13T13:27:03","guid":{"rendered":"https:\/\/viafabrilis.zw.pl\/?page_id=3289"},"modified":"2024-02-10T16:34:35","modified_gmt":"2024-02-10T15:34:35","slug":"podstavkovy-dum-konik","status":"publish","type":"page","link":"https:\/\/viafabrilis.zw.pl\/cs\/podstavkovy-dum-konik\/","title":{"rendered":"Podst\u00e1vkov\u00fd d\u016fm Kon\u00edk"},"content":{"rendered":"\t\t<div data-elementor-type=\"wp-page\" data-elementor-id=\"3289\" class=\"elementor elementor-3289\" data-elementor-post-type=\"page\">\n\t\t\t\t\t\t<section class=\"elementor-section elementor-top-section elementor-element elementor-element-1fc545e elementor-section-boxed elementor-section-height-default elementor-section-height-default\" data-id=\"1fc545e\" data-element_type=\"section\" data-settings=\"{&quot;jet_parallax_layout_list&quot;:[]}\">\n\t\t\t\t\t\t<div class=\"elementor-container elementor-column-gap-default\">\n\t\t\t\t\t<div class=\"elementor-column elementor-col-50 elementor-top-column elementor-element elementor-element-6e59cfe\" data-id=\"6e59cfe\" data-element_type=\"column\">\n\t\t\t<div class=\"elementor-widget-wrap elementor-element-populated\">\n\t\t\t\t\t\t<div class=\"elementor-element elementor-element-adff552 elementor-widget elementor-widget-text-editor\" data-id=\"adff552\" data-element_type=\"widget\" data-widget_type=\"text-editor.default\">\n\t\t\t\t<div class=\"elementor-widget-container\">\n\t\t\t\t\t\t\t\t\t<p dir=\"ltr\" style=\"line-height: 1.3800000000000001; text-align: center; margin-top: 0pt; margin-bottom: 0pt;\"><span style=\"font-size: 12pt; font-family: 'Times New Roman'; color: #ff0000; background-color: transparent; font-weight: bold; font-style: normal; font-variant: normal; text-decoration: none; vertical-align: baseline; white-space: pre-wrap;\">D\u016fm nen\u00ed b\u011b\u017en\u011b p\u0159\u00edstupn\u00fd<\/span><\/p><p><b id=\"docs-internal-guid-f146e7a8-7fff-b398-91d6-1eff03c0a623\" style=\"font-weight: normal;\">\u00a0<\/b><\/p><p dir=\"ltr\" style=\"line-height: 1.3800000000000001; text-align: center; margin-top: 0pt; margin-bottom: 0pt;\"><span style=\"font-size: 12pt; font-family: 'Times New Roman'; color: #222222; background-color: transparent; font-weight: 400; font-style: normal; font-variant: normal; text-decoration: none; vertical-align: baseline; white-space: pre-wrap;\">Horn\u00ed n\u00e1m\u011bst\u00ed 73<\/span><\/p><p dir=\"ltr\" style=\"line-height: 1.3800000000000001; text-align: center; margin-top: 0pt; margin-bottom: 0pt;\"><span style=\"font-size: 12pt; font-family: 'Times New Roman'; color: #222222; background-color: transparent; font-weight: 400; font-style: normal; font-variant: normal; text-decoration: none; vertical-align: baseline; white-space: pre-wrap;\">463 34 Hr\u00e1dek nad Nisou,<\/span><\/p><p dir=\"ltr\" style=\"line-height: 1.3800000000000001; text-align: center; margin-top: 0pt; margin-bottom: 0pt;\"><span style=\"font-size: 12pt; font-family: 'Times New Roman'; color: #222222; background-color: transparent; font-weight: 400; font-style: normal; font-variant: normal; text-decoration: none; vertical-align: baseline; white-space: pre-wrap;\">tel.: +420 482 411 400,<\/span><\/p><p dir=\"ltr\" style=\"line-height: 1.3800000000000001; text-align: center; margin-top: 0pt; margin-bottom: 0pt;\"><span style=\"font-size: 12pt; font-family: 'Times New Roman'; color: #222222; background-color: transparent; font-weight: 400; font-style: normal; font-variant: normal; text-decoration: none; vertical-align: baseline; white-space: pre-wrap;\">email: <\/span><span style=\"font-size: 12pt; font-family: 'Times New Roman'; color: #1155cc; background-color: transparent; font-weight: 400; font-style: normal; font-variant: normal; text-decoration: none; vertical-align: baseline; white-space: pre-wrap;\">podatelna@muhradek.cz<\/span><\/p><p dir=\"ltr\" style=\"line-height: 1.3800000000000001; text-align: center; margin-top: 0pt; margin-bottom: 0pt;\"><a style=\"text-decoration: none;\" href=\"http:\/\/www.hradek.eu\/\"><span style=\"font-size: 12pt; font-family: 'Times New Roman'; color: #1155cc; background-color: transparent; font-weight: 400; font-style: normal; font-variant: normal; text-decoration: underline; -webkit-text-decoration-skip: none; text-decoration-skip-ink: none; vertical-align: baseline; white-space: pre-wrap;\">www.hradek.eu<\/span><\/a><\/p><p>\u00a0<\/p><p dir=\"ltr\" style=\"line-height: 1.3800000000000001; text-align: center; margin-top: 0pt; margin-bottom: 0pt;\"><span style=\"font-size: 12pt; font-family: 'Times New Roman'; color: #ff0000; background-color: transparent; font-weight: 400; font-style: normal; font-variant: normal; text-decoration: none; vertical-align: baseline; white-space: pre-wrap;\">D\u016fm nen\u00ed b\u011b\u017en\u011b p\u0159\u00edstupn\u00fd<\/span><\/p>\t\t\t\t\t\t\t\t<\/div>\n\t\t\t\t<\/div>\n\t\t\t\t\t<\/div>\n\t\t<\/div>\n\t\t\t\t<div class=\"elementor-column elementor-col-50 elementor-top-column elementor-element elementor-element-73604a6\" data-id=\"73604a6\" data-element_type=\"column\">\n\t\t\t<div class=\"elementor-widget-wrap elementor-element-populated\">\n\t\t\t\t\t\t<div class=\"elementor-element elementor-element-a16f1e1 elementor-widget__width-initial elementor-widget elementor-widget-image\" data-id=\"a16f1e1\" data-element_type=\"widget\" data-widget_type=\"image.default\">\n\t\t\t\t<div class=\"elementor-widget-container\">\n\t\t\t\t\t\t\t\t\t\t\t\t\t\t\t<img fetchpriority=\"high\" decoding=\"async\" width=\"1024\" height=\"682\" src=\"https:\/\/viafabrilis.zw.pl\/wp-content\/uploads\/2023\/07\/1-Podstavkovy-dum-Konik-1024x682.jpg\" class=\"attachment-large size-large wp-image-3239\" alt=\"\" srcset=\"https:\/\/viafabrilis.zw.pl\/wp-content\/uploads\/2023\/07\/1-Podstavkovy-dum-Konik-1024x682.jpg 1024w, https:\/\/viafabrilis.zw.pl\/wp-content\/uploads\/2023\/07\/1-Podstavkovy-dum-Konik-300x200.jpg 300w, https:\/\/viafabrilis.zw.pl\/wp-content\/uploads\/2023\/07\/1-Podstavkovy-dum-Konik-768x512.jpg 768w, https:\/\/viafabrilis.zw.pl\/wp-content\/uploads\/2023\/07\/1-Podstavkovy-dum-Konik-1536x1024.jpg 1536w, https:\/\/viafabrilis.zw.pl\/wp-content\/uploads\/2023\/07\/1-Podstavkovy-dum-Konik-600x400.jpg 600w, https:\/\/viafabrilis.zw.pl\/wp-content\/uploads\/2023\/07\/1-Podstavkovy-dum-Konik.jpg 2000w\" sizes=\"(max-width: 1024px) 100vw, 1024px\" \/>\t\t\t\t\t\t\t\t\t\t\t\t\t\t\t<\/div>\n\t\t\t\t<\/div>\n\t\t\t\t\t<\/div>\n\t\t<\/div>\n\t\t\t\t\t<\/div>\n\t\t<\/section>\n\t\t\t\t<section class=\"elementor-section elementor-top-section elementor-element elementor-element-37dd754c elementor-section-boxed elementor-section-height-default elementor-section-height-default\" data-id=\"37dd754c\" data-element_type=\"section\" data-settings=\"{&quot;jet_parallax_layout_list&quot;:[]}\">\n\t\t\t\t\t\t<div class=\"elementor-container elementor-column-gap-default\">\n\t\t\t\t\t<div class=\"elementor-column elementor-col-100 elementor-top-column elementor-element elementor-element-4cce4dae\" data-id=\"4cce4dae\" data-element_type=\"column\">\n\t\t\t<div class=\"elementor-widget-wrap elementor-element-populated\">\n\t\t\t\t\t\t<div class=\"elementor-element elementor-element-5b3d1423 elementor-widget elementor-widget-text-editor\" data-id=\"5b3d1423\" data-element_type=\"widget\" data-widget_type=\"text-editor.default\">\n\t\t\t\t<div class=\"elementor-widget-container\">\n\t\t\t\t\t\t\t\t\t<p dir=\"ltr\" style=\"line-height: 1.3800000000000001; margin-top: 5pt; margin-bottom: 0pt;\"><span style=\"font-size: 12pt; font-family: 'Times New Roman'; color: #222222; background-color: transparent; font-weight: 400; font-style: normal; font-variant: normal; text-decoration: none; vertical-align: baseline; white-space: pre-wrap;\">Podst\u00e1vkov\u00fd d\u016fm Kon\u00edk je uk\u00e1zkou lidov\u00e9 architektury, kter\u00e1 je charakteristick\u00e1 pro region Horn\u00ed Lu\u017eice a p\u0159ilehl\u00e9 \u010d\u00e1sti severn\u00edch \u010cech. Ze star\u00fdch pohlednic Hr\u00e1dku nad Nisou je patrn\u00e9, \u017ee i zde v minulosti tyto domy utv\u00e1\u0159ely r\u00e1z m\u011bsta. V sou\u010dasnosti je ale v Hr\u00e1dku Kon\u00edk jedn\u00edm z m\u00e1la dochovan\u00fdch exempl\u00e1\u0159\u016f podst\u00e1vkov\u00fdch dom\u016f. Pon\u011bkud neobvykl\u00fd n\u00e1zev domu poch\u00e1z\u00ed ze jm\u00e9na posledn\u00edho majitele domu P. Kon\u00edka.<\/span><\/p><p dir=\"ltr\" style=\"line-height: 1.3800000000000001; margin-top: 5pt; margin-bottom: 0pt;\"><span style=\"font-size: 12pt; font-family: 'Times New Roman'; color: #222222; background-color: transparent; font-weight: 400; font-style: normal; font-variant: normal; text-decoration: none; vertical-align: baseline; white-space: pre-wrap;\">Prvn\u00ed patro domu je hr\u00e1zd\u011bn\u00e9 a spolu se st\u0159echou jej nese podst\u00e1vka. V p\u0159\u00edzem\u00ed se nach\u00e1z\u00ed rouben\u00e1 sv\u011btnice a s\u00ed\u0148. Druh\u00e1 \u010d\u00e1st p\u0159\u00edzem\u00ed je pon\u011bkud netypicky hr\u00e1zd\u011bn\u00e1 a jsou v n\u00ed dv\u011b komory. V zadn\u00ed \u010d\u00e1sti s\u00edn\u011b se p\u016fvodn\u011b nach\u00e1zela v\u00fdklenkov\u00e1 \u010dern\u00e1 kuchyn\u011b. D\u016fm kryje sedlov\u00e1 st\u0159echa s polovalbou nad bedn\u011bn\u00fdmi \u0161t\u00edty.<\/span><\/p><p dir=\"ltr\" style=\"line-height: 1.3800000000000001; margin-top: 5pt; margin-bottom: 0pt;\"><span style=\"font-size: 12pt; font-family: 'Times New Roman'; color: #222222; background-color: transparent; font-weight: 400; font-style: normal; font-variant: normal; text-decoration: none; vertical-align: baseline; white-space: pre-wrap;\">D\u016fm byl podle dendrochronologick\u00e9ho pr\u016fzkumu a letopo\u010dtu dochovan\u00e9ho na jednom ze stropn\u00edch tr\u00e1m\u016f postaven v roce 1812, tedy v dob\u011b, kdy v Hr\u00e1dku byla postavena v\u011bt\u0161ina t\u011bchto staveb. Kon\u00edk je majetkem M\u011bsta Hr\u00e1dek nad Nisou. V roce 2014 prob\u011bhla 1. etapa rekonstrukce, jej\u00edm\u017e c\u00edlem bylo d\u016fm zachr\u00e1nit v podob\u011b z po\u010d\u00e1tku 19. stolet\u00ed \u2013 za vyu\u017eit\u00ed tradi\u010dn\u00edch \u0159emesln\u00fdch postup\u016f a s vyu\u017eit\u00edm co nejv\u011bt\u0161\u00edho po\u010dtu p\u016fvodn\u00edch prvk\u016f. V roce 2018 byla prob\u011bhla druh\u00e1 etapa, p\u0159i kter\u00e9 byla kompletn\u011b dokon\u010dena rekonstrukce exteri\u00e9ru i interi\u00e9ru stavby.<\/span><\/p><p dir=\"ltr\" style=\"line-height: 1.3800000000000001; margin-top: 5pt; margin-bottom: 0pt;\"><span style=\"font-size: 12pt; font-family: 'Times New Roman'; color: #222222; background-color: transparent; font-weight: 400; font-style: normal; font-variant: normal; text-decoration: none; vertical-align: baseline; white-space: pre-wrap;\">Obnova podst\u00e1vkov\u00e9ho domu Kon\u00edk m\u016f\u017ee b\u00fdt pro majitele podst\u00e1vkov\u00fdch dom\u016f p\u0159\u00edkladem zda\u0159il\u00e9 rekonstrukce i n\u00e1vodem, jak s dochovanou stavbou pracovat.<\/span><\/p><p>\u00a0<\/p><p dir=\"ltr\" style=\"line-height: 1.3800000000000001; margin-top: 5pt; margin-bottom: 0pt;\"><span style=\"font-size: 12pt; font-family: 'Times New Roman'; color: #222222; background-color: transparent; font-weight: 400; font-style: normal; font-variant: normal; text-decoration: none; vertical-align: baseline; white-space: pre-wrap;\">D\u016fm dnes slou\u017e\u00ed Klubu \u010desk\u00fdch turist\u016f a po\u0159\u00e1daj\u00ed se v n\u011bm \u0159emesln\u00e9 d\u00edlny.<\/span><\/p>\t\t\t\t\t\t\t\t<\/div>\n\t\t\t\t<\/div>\n\t\t\t\t\t<\/div>\n\t\t<\/div>\n\t\t\t\t\t<\/div>\n\t\t<\/section>\n\t\t\t\t<section class=\"elementor-section elementor-top-section elementor-element elementor-element-7ec56b8 elementor-section-boxed elementor-section-height-default elementor-section-height-default\" data-id=\"7ec56b8\" data-element_type=\"section\" data-settings=\"{&quot;jet_parallax_layout_list&quot;:[]}\">\n\t\t\t\t\t\t<div class=\"elementor-container elementor-column-gap-default\">\n\t\t\t\t\t<div class=\"elementor-column elementor-col-100 elementor-top-column elementor-element elementor-element-61a126e\" data-id=\"61a126e\" data-element_type=\"column\">\n\t\t\t<div class=\"elementor-widget-wrap elementor-element-populated\">\n\t\t\t\t\t\t<div class=\"elementor-element elementor-element-1d44494 elementor-widget elementor-widget-image-gallery\" data-id=\"1d44494\" data-element_type=\"widget\" data-widget_type=\"image-gallery.default\">\n\t\t\t\t<div class=\"elementor-widget-container\">\n\t\t\t\t\t\t\t<div class=\"elementor-image-gallery\">\n\t\t\t<div id='gallery-1' class='gallery galleryid-3289 gallery-columns-4 gallery-size-monstroid2-thumb-justify'><figure class='gallery-item'>\n\t\t\t<div class='gallery-icon landscape'>\n\t\t\t\t<a data-elementor-open-lightbox=\"yes\" data-elementor-lightbox-slideshow=\"1d44494\" data-elementor-lightbox-title=\"Kon\u00edk\" data-e-action-hash=\"#elementor-action%3Aaction%3Dlightbox%26settings%3DeyJpZCI6MzI0NCwidXJsIjoiaHR0cHM6XC9cL3ZpYWZhYnJpbGlzLnp3LnBsXC93cC1jb250ZW50XC91cGxvYWRzXC8yMDIzXC8wN1wvMi1Qb2RzdGF2a292eS1kdW0tS29uaWsuanBnIiwic2xpZGVzaG93IjoiMWQ0NDQ5NCJ9\" href='https:\/\/viafabrilis.zw.pl\/wp-content\/uploads\/2023\/07\/2-Podstavkovy-dum-Konik.jpg'><img decoding=\"async\" width=\"640\" height=\"640\" src=\"https:\/\/viafabrilis.zw.pl\/wp-content\/uploads\/2023\/07\/2-Podstavkovy-dum-Konik-640x640.jpg\" class=\"attachment-monstroid2-thumb-justify size-monstroid2-thumb-justify\" alt=\"\" aria-describedby=\"gallery-1-3244\" srcset=\"https:\/\/viafabrilis.zw.pl\/wp-content\/uploads\/2023\/07\/2-Podstavkovy-dum-Konik-640x640.jpg 640w, https:\/\/viafabrilis.zw.pl\/wp-content\/uploads\/2023\/07\/2-Podstavkovy-dum-Konik-150x150.jpg 150w, https:\/\/viafabrilis.zw.pl\/wp-content\/uploads\/2023\/07\/2-Podstavkovy-dum-Konik-230x230.jpg 230w, https:\/\/viafabrilis.zw.pl\/wp-content\/uploads\/2023\/07\/2-Podstavkovy-dum-Konik-400x400.jpg 400w\" sizes=\"(max-width: 640px) 100vw, 640px\" \/><\/a>\n\t\t\t<\/div>\n\t\t\t\t<figcaption class='wp-caption-text gallery-caption' id='gallery-1-3244'>\n\t\t\t\tPodst\u00e1vkov\u00fd d\u016fm Kon\u00edk\n\t\t\t\t<\/figcaption><\/figure><figure class='gallery-item'>\n\t\t\t<div class='gallery-icon landscape'>\n\t\t\t\t<a data-elementor-open-lightbox=\"yes\" data-elementor-lightbox-slideshow=\"1d44494\" data-elementor-lightbox-title=\"N\u00e1ro\u017e\u00ed u Kon\u00edka s Gr\u00f6sselovou kapl\u00ed\" data-e-action-hash=\"#elementor-action%3Aaction%3Dlightbox%26settings%3DeyJpZCI6MzI0OCwidXJsIjoiaHR0cHM6XC9cL3ZpYWZhYnJpbGlzLnp3LnBsXC93cC1jb250ZW50XC91cGxvYWRzXC8yMDIzXC8wN1wvMy1OYXJvemktdS1Lb25pa2Etcy1Hcm9zc2Vsb3ZvdS1rYXBsaS5qcGciLCJzbGlkZXNob3ciOiIxZDQ0NDk0In0%3D\" href='https:\/\/viafabrilis.zw.pl\/wp-content\/uploads\/2023\/07\/3-Narozi-u-Konika-s-Grosselovou-kapli.jpg'><img decoding=\"async\" width=\"640\" height=\"640\" src=\"https:\/\/viafabrilis.zw.pl\/wp-content\/uploads\/2023\/07\/3-Narozi-u-Konika-s-Grosselovou-kapli-640x640.jpg\" class=\"attachment-monstroid2-thumb-justify size-monstroid2-thumb-justify\" alt=\"\" aria-describedby=\"gallery-1-3248\" srcset=\"https:\/\/viafabrilis.zw.pl\/wp-content\/uploads\/2023\/07\/3-Narozi-u-Konika-s-Grosselovou-kapli-640x640.jpg 640w, https:\/\/viafabrilis.zw.pl\/wp-content\/uploads\/2023\/07\/3-Narozi-u-Konika-s-Grosselovou-kapli-150x150.jpg 150w, https:\/\/viafabrilis.zw.pl\/wp-content\/uploads\/2023\/07\/3-Narozi-u-Konika-s-Grosselovou-kapli-230x230.jpg 230w, https:\/\/viafabrilis.zw.pl\/wp-content\/uploads\/2023\/07\/3-Narozi-u-Konika-s-Grosselovou-kapli-400x400.jpg 400w\" sizes=\"(max-width: 640px) 100vw, 640px\" \/><\/a>\n\t\t\t<\/div>\n\t\t\t\t<figcaption class='wp-caption-text gallery-caption' id='gallery-1-3248'>\n\t\t\t\tN\u00e1ro\u017e\u00ed u Kon\u00edka s Gr\u00f6sselovou kapl\u00ed\n\t\t\t\t<\/figcaption><\/figure><figure class='gallery-item'>\n\t\t\t<div class='gallery-icon landscape'>\n\t\t\t\t<a data-elementor-open-lightbox=\"yes\" data-elementor-lightbox-slideshow=\"1d44494\" data-elementor-lightbox-title=\"V\u00fdtvarn\u00e1 d\u00edlna Jen len\" data-e-action-hash=\"#elementor-action%3Aaction%3Dlightbox%26settings%3DeyJpZCI6MzI1MiwidXJsIjoiaHR0cHM6XC9cL3ZpYWZhYnJpbGlzLnp3LnBsXC93cC1jb250ZW50XC91cGxvYWRzXC8yMDIzXC8wN1wvNC1WeXR2YXJuYS1kaWxuYS1KZW4tbGVuLmpwZyIsInNsaWRlc2hvdyI6IjFkNDQ0OTQifQ%3D%3D\" href='https:\/\/viafabrilis.zw.pl\/wp-content\/uploads\/2023\/07\/4-Vytvarna-dilna-Jen-len.jpg'><img loading=\"lazy\" decoding=\"async\" width=\"640\" height=\"640\" src=\"https:\/\/viafabrilis.zw.pl\/wp-content\/uploads\/2023\/07\/4-Vytvarna-dilna-Jen-len-640x640.jpg\" class=\"attachment-monstroid2-thumb-justify size-monstroid2-thumb-justify\" alt=\"\" aria-describedby=\"gallery-1-3252\" srcset=\"https:\/\/viafabrilis.zw.pl\/wp-content\/uploads\/2023\/07\/4-Vytvarna-dilna-Jen-len-640x640.jpg 640w, https:\/\/viafabrilis.zw.pl\/wp-content\/uploads\/2023\/07\/4-Vytvarna-dilna-Jen-len-150x150.jpg 150w, https:\/\/viafabrilis.zw.pl\/wp-content\/uploads\/2023\/07\/4-Vytvarna-dilna-Jen-len-230x230.jpg 230w, https:\/\/viafabrilis.zw.pl\/wp-content\/uploads\/2023\/07\/4-Vytvarna-dilna-Jen-len-400x400.jpg 400w\" sizes=\"(max-width: 640px) 100vw, 640px\" \/><\/a>\n\t\t\t<\/div>\n\t\t\t\t<figcaption class='wp-caption-text gallery-caption' id='gallery-1-3252'>\n\t\t\t\tV\u00fdtvarn\u00e1 d\u00edlna Jen len\n\t\t\t\t<\/figcaption><\/figure><figure class='gallery-item'>\n\t\t\t<div class='gallery-icon landscape'>\n\t\t\t\t<a data-elementor-open-lightbox=\"yes\" data-elementor-lightbox-slideshow=\"1d44494\" data-elementor-lightbox-title=\"V\u00fdtvarn\u00e1 d\u00edlna Jen len\" data-e-action-hash=\"#elementor-action%3Aaction%3Dlightbox%26settings%3DeyJpZCI6MzI1NiwidXJsIjoiaHR0cHM6XC9cL3ZpYWZhYnJpbGlzLnp3LnBsXC93cC1jb250ZW50XC91cGxvYWRzXC8yMDIzXC8wN1wvNS1WeXR2YXJuYS1kaWxuYS1KZW4tbGVuLmpwZyIsInNsaWRlc2hvdyI6IjFkNDQ0OTQifQ%3D%3D\" href='https:\/\/viafabrilis.zw.pl\/wp-content\/uploads\/2023\/07\/5-Vytvarna-dilna-Jen-len.jpg'><img loading=\"lazy\" decoding=\"async\" width=\"640\" height=\"640\" src=\"https:\/\/viafabrilis.zw.pl\/wp-content\/uploads\/2023\/07\/5-Vytvarna-dilna-Jen-len-640x640.jpg\" class=\"attachment-monstroid2-thumb-justify size-monstroid2-thumb-justify\" alt=\"\" aria-describedby=\"gallery-1-3256\" srcset=\"https:\/\/viafabrilis.zw.pl\/wp-content\/uploads\/2023\/07\/5-Vytvarna-dilna-Jen-len-640x640.jpg 640w, https:\/\/viafabrilis.zw.pl\/wp-content\/uploads\/2023\/07\/5-Vytvarna-dilna-Jen-len-150x150.jpg 150w, https:\/\/viafabrilis.zw.pl\/wp-content\/uploads\/2023\/07\/5-Vytvarna-dilna-Jen-len-230x230.jpg 230w, https:\/\/viafabrilis.zw.pl\/wp-content\/uploads\/2023\/07\/5-Vytvarna-dilna-Jen-len-400x400.jpg 400w\" sizes=\"(max-width: 640px) 100vw, 640px\" \/><\/a>\n\t\t\t<\/div>\n\t\t\t\t<figcaption class='wp-caption-text gallery-caption' id='gallery-1-3256'>\n\t\t\t\tV\u00fdtvarn\u00e1 d\u00edlna Jen len\n\t\t\t\t<\/figcaption><\/figure><figure class='gallery-item'>\n\t\t\t<div class='gallery-icon landscape'>\n\t\t\t\t<a data-elementor-open-lightbox=\"yes\" data-elementor-lightbox-slideshow=\"1d44494\" data-elementor-lightbox-title=\"D\u00edlni\u010dky v Kon\u00edkovi - v\u00e1no\u010dn\u00ed ozdoby a p\u0159\u00e1n\u00ed\" data-e-action-hash=\"#elementor-action%3Aaction%3Dlightbox%26settings%3DeyJpZCI6MzI2MCwidXJsIjoiaHR0cHM6XC9cL3ZpYWZhYnJpbGlzLnp3LnBsXC93cC1jb250ZW50XC91cGxvYWRzXC8yMDIzXC8wN1wvNi1EaWxuaWNreS12LUtvbmlrb3ZpLXZhbm9jbmktb3pkb2J5LWEtcHJhbmkuanBnIiwic2xpZGVzaG93IjoiMWQ0NDQ5NCJ9\" href='https:\/\/viafabrilis.zw.pl\/wp-content\/uploads\/2023\/07\/6-Dilnicky-v-Konikovi-vanocni-ozdoby-a-prani.jpg'><img loading=\"lazy\" decoding=\"async\" width=\"640\" height=\"640\" src=\"https:\/\/viafabrilis.zw.pl\/wp-content\/uploads\/2023\/07\/6-Dilnicky-v-Konikovi-vanocni-ozdoby-a-prani-640x640.jpg\" class=\"attachment-monstroid2-thumb-justify size-monstroid2-thumb-justify\" alt=\"\" aria-describedby=\"gallery-1-3260\" srcset=\"https:\/\/viafabrilis.zw.pl\/wp-content\/uploads\/2023\/07\/6-Dilnicky-v-Konikovi-vanocni-ozdoby-a-prani-640x640.jpg 640w, https:\/\/viafabrilis.zw.pl\/wp-content\/uploads\/2023\/07\/6-Dilnicky-v-Konikovi-vanocni-ozdoby-a-prani-150x150.jpg 150w, https:\/\/viafabrilis.zw.pl\/wp-content\/uploads\/2023\/07\/6-Dilnicky-v-Konikovi-vanocni-ozdoby-a-prani-230x230.jpg 230w, https:\/\/viafabrilis.zw.pl\/wp-content\/uploads\/2023\/07\/6-Dilnicky-v-Konikovi-vanocni-ozdoby-a-prani-400x400.jpg 400w\" sizes=\"(max-width: 640px) 100vw, 640px\" \/><\/a>\n\t\t\t<\/div>\n\t\t\t\t<figcaption class='wp-caption-text gallery-caption' id='gallery-1-3260'>\n\t\t\t\tD\u00edlni\u010dky v Kon\u00edkovi &#8211; v\u00e1no\u010dn\u00ed ozdoby a p\u0159\u00e1n\u00ed\n\t\t\t\t<\/figcaption><\/figure><figure class='gallery-item'>\n\t\t\t<div class='gallery-icon landscape'>\n\t\t\t\t<a data-elementor-open-lightbox=\"yes\" data-elementor-lightbox-slideshow=\"1d44494\" data-elementor-lightbox-title=\"D\u00edlni\u010dky v Kon\u00edkovi - v\u00e1no\u010dn\u00ed ozdoby a p\u0159\u00e1n\u00ed\" data-e-action-hash=\"#elementor-action%3Aaction%3Dlightbox%26settings%3DeyJpZCI6MzI2NCwidXJsIjoiaHR0cHM6XC9cL3ZpYWZhYnJpbGlzLnp3LnBsXC93cC1jb250ZW50XC91cGxvYWRzXC8yMDIzXC8wN1wvNy1EaWxuaWNreS12LUtvbmlrb3ZpLXZhbm9jbmktb3pkb2J5LWEtcHJhbmkuanBnIiwic2xpZGVzaG93IjoiMWQ0NDQ5NCJ9\" href='https:\/\/viafabrilis.zw.pl\/wp-content\/uploads\/2023\/07\/7-Dilnicky-v-Konikovi-vanocni-ozdoby-a-prani.jpg'><img loading=\"lazy\" decoding=\"async\" width=\"640\" height=\"640\" src=\"https:\/\/viafabrilis.zw.pl\/wp-content\/uploads\/2023\/07\/7-Dilnicky-v-Konikovi-vanocni-ozdoby-a-prani-640x640.jpg\" class=\"attachment-monstroid2-thumb-justify size-monstroid2-thumb-justify\" alt=\"\" aria-describedby=\"gallery-1-3264\" srcset=\"https:\/\/viafabrilis.zw.pl\/wp-content\/uploads\/2023\/07\/7-Dilnicky-v-Konikovi-vanocni-ozdoby-a-prani-640x640.jpg 640w, https:\/\/viafabrilis.zw.pl\/wp-content\/uploads\/2023\/07\/7-Dilnicky-v-Konikovi-vanocni-ozdoby-a-prani-150x150.jpg 150w, https:\/\/viafabrilis.zw.pl\/wp-content\/uploads\/2023\/07\/7-Dilnicky-v-Konikovi-vanocni-ozdoby-a-prani-230x230.jpg 230w, https:\/\/viafabrilis.zw.pl\/wp-content\/uploads\/2023\/07\/7-Dilnicky-v-Konikovi-vanocni-ozdoby-a-prani-400x400.jpg 400w\" sizes=\"(max-width: 640px) 100vw, 640px\" \/><\/a>\n\t\t\t<\/div>\n\t\t\t\t<figcaption class='wp-caption-text gallery-caption' id='gallery-1-3264'>\n\t\t\t\tD\u00edlni\u010dky v Kon\u00edkovi &#8211; v\u00e1no\u010dn\u00ed ozdoby a p\u0159\u00e1n\u00ed\n\t\t\t\t<\/figcaption><\/figure>\n\t\t<\/div>\n\t\t<\/div>\n\t\t\t\t\t\t<\/div>\n\t\t\t\t<\/div>\n\t\t\t\t\t<\/div>\n\t\t<\/div>\n\t\t\t\t\t<\/div>\n\t\t<\/section>\n\t\t\t\t<\/div>\n\t\t","protected":false},"excerpt":{"rendered":"<p>D\u016fm nen\u00ed b\u011b\u017en\u011b p\u0159\u00edstupn\u00fd &nbsp; Horn\u00ed n\u00e1m\u011bst\u00ed 73 463 34 Hr\u00e1dek nad Nisou, tel.: +420 482 411 400, email: podatelna@muhradek.cz www.hradek.eu D\u016fm nen\u00ed b\u011b\u017en\u011b p\u0159\u00edstupn\u00fd Podst\u00e1vkov\u00fd d\u016fm Kon\u00edk je uk\u00e1zkou lidov\u00e9 architektury, kter\u00e1 je charakteristick\u00e1 pro region Horn\u00ed Lu\u017eice a p\u0159ilehl\u00e9 \u010d\u00e1sti severn\u00edch \u010cech. Ze star\u00fdch pohlednic Hr\u00e1dku nad Nisou je patrn\u00e9, \u017ee i zde [&hellip;]<\/p>\n","protected":false},"author":1,"featured_media":3244,"parent":0,"menu_order":0,"comment_status":"closed","ping_status":"closed","template":"","meta":{"footnotes":""},"class_list":["post-3289","page","type-page","status-publish","has-post-thumbnail","hentry","entry","has-media"],"_links":{"self":[{"href":"https:\/\/viafabrilis.zw.pl\/cs\/wp-json\/wp\/v2\/pages\/3289","targetHints":{"allow":["GET"]}}],"collection":[{"href":"https:\/\/viafabrilis.zw.pl\/cs\/wp-json\/wp\/v2\/pages"}],"about":[{"href":"https:\/\/viafabrilis.zw.pl\/cs\/wp-json\/wp\/v2\/types\/page"}],"author":[{"embeddable":true,"href":"https:\/\/viafabrilis.zw.pl\/cs\/wp-json\/wp\/v2\/users\/1"}],"replies":[{"embeddable":true,"href":"https:\/\/viafabrilis.zw.pl\/cs\/wp-json\/wp\/v2\/comments?post=3289"}],"version-history":[{"count":5,"href":"https:\/\/viafabrilis.zw.pl\/cs\/wp-json\/wp\/v2\/pages\/3289\/revisions"}],"predecessor-version":[{"id":5859,"href":"https:\/\/viafabrilis.zw.pl\/cs\/wp-json\/wp\/v2\/pages\/3289\/revisions\/5859"}],"wp:featuredmedia":[{"embeddable":true,"href":"https:\/\/viafabrilis.zw.pl\/cs\/wp-json\/wp\/v2\/media\/3244"}],"wp:attachment":[{"href":"https:\/\/viafabrilis.zw.pl\/cs\/wp-json\/wp\/v2\/media?parent=3289"}],"curies":[{"name":"wp","href":"https:\/\/api.w.org\/{rel}","templated":true}]}}