{"id":3355,"date":"2023-07-13T16:09:36","date_gmt":"2023-07-13T14:09:36","guid":{"rendered":"https:\/\/viafabrilis.zw.pl\/?page_id=3355"},"modified":"2024-02-10T16:36:48","modified_gmt":"2024-02-10T15:36:48","slug":"ekocentrum-dotek","status":"publish","type":"page","link":"https:\/\/viafabrilis.zw.pl\/cs\/ekocentrum-dotek\/","title":{"rendered":"Ekocentrum DOTEK"},"content":{"rendered":"\t\t<div data-elementor-type=\"wp-page\" data-elementor-id=\"3355\" class=\"elementor elementor-3355\" data-elementor-post-type=\"page\">\n\t\t\t\t\t\t<section class=\"elementor-section elementor-top-section elementor-element elementor-element-55fd0aa elementor-section-boxed elementor-section-height-default elementor-section-height-default\" data-id=\"55fd0aa\" data-element_type=\"section\" data-settings=\"{&quot;jet_parallax_layout_list&quot;:[]}\">\n\t\t\t\t\t\t<div class=\"elementor-container elementor-column-gap-default\">\n\t\t\t\t\t<div class=\"elementor-column elementor-col-50 elementor-top-column elementor-element elementor-element-c7320b0\" data-id=\"c7320b0\" data-element_type=\"column\">\n\t\t\t<div class=\"elementor-widget-wrap elementor-element-populated\">\n\t\t\t\t\t\t<div class=\"elementor-element elementor-element-87e3ebb elementor-widget__width-initial elementor-widget elementor-widget-text-editor\" data-id=\"87e3ebb\" data-element_type=\"widget\" data-widget_type=\"text-editor.default\">\n\t\t\t\t<div class=\"elementor-widget-container\">\n\t\t\t\t\t\t\t\t\t<p dir=\"ltr\" style=\"line-height: 1.3800000000000001; text-align: center; margin-top: 0pt; margin-bottom: 0pt;\"><span style=\"font-size: 12pt; font-family: 'Times New Roman'; color: #000000; background-color: transparent; font-weight: bold; font-style: normal; font-variant: normal; text-decoration: none; vertical-align: baseline; white-space: pre-wrap;\">D\u016fm Obnovy Tradic, Ekologie a Kultury<\/span><\/p><p dir=\"ltr\" style=\"line-height: 1.3800000000000001; text-align: center; margin-top: 0pt; margin-bottom: 0pt;\"><span style=\"font-size: 12pt; font-family: 'Times New Roman'; color: #000000; background-color: transparent; font-weight: 400; font-style: normal; font-variant: normal; text-decoration: none; vertical-align: baseline; white-space: pre-wrap;\">Horsk\u00e1 175<\/span><\/p><p dir=\"ltr\" style=\"line-height: 1.3800000000000001; text-align: center; margin-top: 0pt; margin-bottom: 0pt;\"><span style=\"font-size: 12pt; font-family: 'Times New Roman'; color: #000000; background-color: transparent; font-weight: 400; font-style: normal; font-variant: normal; text-decoration: none; vertical-align: baseline; white-space: pre-wrap;\">542 26 Horn\u00ed Mar\u0161ov<\/span><\/p><p dir=\"ltr\" style=\"line-height: 1.3800000000000001; text-align: center; margin-top: 0pt; margin-bottom: 0pt;\"><span style=\"font-size: 12pt; font-family: 'Times New Roman'; color: #000000; background-color: transparent; font-weight: 400; font-style: normal; font-variant: normal; text-decoration: none; vertical-align: baseline; white-space: pre-wrap;\">tel.: +420 739 203 205<\/span><\/p><p dir=\"ltr\" style=\"line-height: 1.3800000000000001; text-align: center; margin-top: 0pt; margin-bottom: 0pt;\"><span style=\"font-size: 12pt; font-family: 'Times New Roman'; color: #000000; background-color: transparent; font-weight: 400; font-style: normal; font-variant: normal; text-decoration: none; vertical-align: baseline; white-space: pre-wrap;\">e-mail: <\/span><span style=\"font-size: 12pt; font-family: 'Times New Roman'; color: #986922; background-color: transparent; font-weight: 400; font-style: normal; font-variant: normal; text-decoration: none; vertical-align: baseline; white-space: pre-wrap;\">infokolonial@ekologickavychova.cz<\/span><\/p><p dir=\"ltr\" style=\"line-height: 1.3800000000000001; text-align: center; margin-top: 0pt; margin-bottom: 0pt;\"><a style=\"text-decoration: none;\" href=\"http:\/\/www.dotek.eu\/\"><span style=\"font-size: 12pt; font-family: 'Times New Roman'; color: #0000ff; background-color: transparent; font-weight: 400; font-style: normal; font-variant: normal; text-decoration: underline; -webkit-text-decoration-skip: none; text-decoration-skip-ink: none; vertical-align: baseline; white-space: pre-wrap;\">www.dotek.eu<\/span><\/a><\/p><p dir=\"ltr\" style=\"line-height: 1.3800000000000001; text-align: center; margin-top: 0pt; margin-bottom: 0pt;\"><span style=\"font-size: 12pt; font-family: 'Times New Roman'; color: #986922; background-color: transparent; font-weight: 400; font-style: normal; font-variant: normal; text-decoration: underline; -webkit-text-decoration-skip: none; text-decoration-skip-ink: none; vertical-align: baseline; white-space: pre-wrap;\">https:\/\/www.facebook.com\/ekocentrumdotek<\/span><\/p><p dir=\"ltr\" style=\"line-height: 1.3800000000000001; text-align: center; margin-top: 0pt; margin-bottom: 0pt;\"><b id=\"docs-internal-guid-6c2a1ecc-7fff-774f-cb7e-acfe720808c5\" style=\"font-weight: normal;\"><br \/><br \/><\/b><\/p><p dir=\"ltr\" style=\"line-height: 1.3800000000000001; text-align: center; margin-top: 0pt; margin-bottom: 0pt;\"><span style=\"font-size: 12pt; font-family: 'Times New Roman'; color: #000000; background-color: transparent; font-weight: bold; font-style: normal; font-variant: normal; text-decoration: none; vertical-align: baseline; white-space: pre-wrap;\">otev\u00edrac\u00ed doba:<\/span><\/p><p dir=\"ltr\" style=\"line-height: 1.3800000000000001; text-align: center; margin-top: 0pt; margin-bottom: 0pt;\"><span style=\"font-size: 12pt; font-family: 'Times New Roman'; color: #000000; background-color: transparent; font-weight: 400; font-style: normal; font-variant: normal; text-decoration: none; vertical-align: baseline; white-space: pre-wrap;\">pond\u011bl\u00ed &#8211; ned\u011ble: 9.00 &#8211; 17.00 (\u0159\u00edjen &#8211; kv\u011bten)<\/span><\/p><p dir=\"ltr\" style=\"line-height: 1.3800000000000001; text-align: center; margin-top: 0pt; margin-bottom: 0pt;\">\u00a0<\/p><p dir=\"ltr\" style=\"line-height: 1.3800000000000001; text-align: center; margin-top: 0pt; margin-bottom: 0pt;\"><span style=\"font-size: 12pt; font-family: 'Times New Roman'; color: #000000; background-color: transparent; font-weight: 400; font-style: normal; font-variant: normal; text-decoration: none; vertical-align: baseline; white-space: pre-wrap;\">pond\u011bl\u00ed &#8211; ned\u011ble: 9.00 &#8211; 18.00 (\u010derven \u2013 z\u00e1\u0159\u00ed)<\/span><\/p><div><span style=\"font-size: 12pt; font-family: 'Times New Roman'; color: #000000; background-color: transparent; font-weight: 400; font-style: normal; font-variant: normal; text-decoration: none; vertical-align: baseline; white-space: pre-wrap;\">\u00a0<\/span><\/div><div><span style=\"font-size: 12pt; font-family: 'Times New Roman'; color: #000000; background-color: transparent; font-weight: 400; font-style: normal; font-variant: normal; text-decoration: none; vertical-align: baseline; white-space: pre-wrap;\">\u00a0<\/span><\/div>\t\t\t\t\t\t\t\t<\/div>\n\t\t\t\t<\/div>\n\t\t\t\t\t<\/div>\n\t\t<\/div>\n\t\t\t\t<div class=\"elementor-column elementor-col-50 elementor-top-column elementor-element elementor-element-348f860\" data-id=\"348f860\" data-element_type=\"column\">\n\t\t\t<div class=\"elementor-widget-wrap elementor-element-populated\">\n\t\t\t\t\t\t<div class=\"elementor-element elementor-element-2f3ca8f elementor-widget elementor-widget-image\" data-id=\"2f3ca8f\" data-element_type=\"widget\" data-widget_type=\"image.default\">\n\t\t\t\t<div class=\"elementor-widget-container\">\n\t\t\t\t\t\t\t\t\t\t\t\t\t\t\t<img fetchpriority=\"high\" decoding=\"async\" width=\"1024\" height=\"768\" src=\"https:\/\/viafabrilis.zw.pl\/wp-content\/uploads\/2023\/07\/2-Biskupsky-sal-1024x768.jpg\" class=\"attachment-large size-large wp-image-3317\" alt=\"\" srcset=\"https:\/\/viafabrilis.zw.pl\/wp-content\/uploads\/2023\/07\/2-Biskupsky-sal-1024x768.jpg 1024w, https:\/\/viafabrilis.zw.pl\/wp-content\/uploads\/2023\/07\/2-Biskupsky-sal-300x225.jpg 300w, https:\/\/viafabrilis.zw.pl\/wp-content\/uploads\/2023\/07\/2-Biskupsky-sal-768x576.jpg 768w, https:\/\/viafabrilis.zw.pl\/wp-content\/uploads\/2023\/07\/2-Biskupsky-sal-1536x1152.jpg 1536w, https:\/\/viafabrilis.zw.pl\/wp-content\/uploads\/2023\/07\/2-Biskupsky-sal-600x450.jpg 600w, https:\/\/viafabrilis.zw.pl\/wp-content\/uploads\/2023\/07\/2-Biskupsky-sal.jpg 1672w\" sizes=\"(max-width: 1024px) 100vw, 1024px\" \/>\t\t\t\t\t\t\t\t\t\t\t\t\t\t\t<\/div>\n\t\t\t\t<\/div>\n\t\t\t\t\t<\/div>\n\t\t<\/div>\n\t\t\t\t\t<\/div>\n\t\t<\/section>\n\t\t\t\t<section class=\"elementor-section elementor-top-section elementor-element elementor-element-64bb251 elementor-section-boxed elementor-section-height-default elementor-section-height-default\" data-id=\"64bb251\" data-element_type=\"section\" data-settings=\"{&quot;jet_parallax_layout_list&quot;:[]}\">\n\t\t\t\t\t\t<div class=\"elementor-container elementor-column-gap-default\">\n\t\t\t\t\t<div class=\"elementor-column elementor-col-100 elementor-top-column elementor-element elementor-element-249953c\" data-id=\"249953c\" data-element_type=\"column\">\n\t\t\t<div class=\"elementor-widget-wrap elementor-element-populated\">\n\t\t\t\t\t\t<div class=\"elementor-element elementor-element-3c9f075 elementor-widget elementor-widget-text-editor\" data-id=\"3c9f075\" data-element_type=\"widget\" data-widget_type=\"text-editor.default\">\n\t\t\t\t<div class=\"elementor-widget-container\">\n\t\t\t\t\t\t\t\t\t<p dir=\"ltr\" style=\"line-height: 1.7999999999999998; margin-top: 5pt; margin-bottom: 0pt;\"><span style=\"font-size: 12pt; font-family: 'Times New Roman'; color: #000000; background-color: transparent; font-weight: 400; font-style: normal; font-variant: normal; text-decoration: none; vertical-align: baseline; white-space: pre-wrap;\">Ekocentrum DOTEK (D\u016fm Obnovy Tradic, Ekologie a Kultury) v Horn\u00edm Mar\u0161ov\u011b je nov\u00fdm kulturn\u00edm a vzd\u011bl\u00e1vac\u00edm centrem v\u00fdchodn\u00edch Krkono\u0161. Historie t\u00e9to b\u00fdval\u00e9 fary sah\u00e1 a\u017e do 16. stolet\u00ed, v sou\u010dasnosti budova sv\u00fdm n\u00e1v\u0161t\u011bvn\u00edk\u016fm tak nab\u00edz\u00ed pohled nejen do minulosti, ale i do budoucnosti.<\/span><\/p><p dir=\"ltr\" style=\"line-height: 1.7999999999999998; margin-top: 5pt; margin-bottom: 0pt;\"><span style=\"font-size: 12pt; font-family: 'Times New Roman'; color: #000000; background-color: transparent; font-weight: 400; font-style: normal; font-variant: normal; text-decoration: none; vertical-align: baseline; white-space: pre-wrap;\">Zachovan\u00e9 historick\u00e9 interi\u00e9ry tohoto ekocentra nab\u00edzej\u00ed unik\u00e1tn\u00ed mo\u017enost vyzkou\u0161et si n\u011bkter\u00e1 tradi\u010dn\u00ed \u0159emesla v autentick\u00fdch prostor\u00e1ch. Obl\u00edben\u00e9 je va\u0159en\u00ed v \u010dern\u00e9 kuchyni podle star\u00fdch krkono\u0161sk\u00fdch recept\u016f. Samotn\u00e1 farn\u00ed kuchyn\u011b prokazateln\u011b slou\u017eila a\u017e do 20. stolet\u00ed a dnes na jej\u00ed sl\u00e1vu odkazuj\u00ed i saze, kter\u00e9 byly p\u0159i rekonstrukci set\u0159eny z vnit\u0159ku kom\u00edna a p\u0159im\u00edch\u00e1ny do dne\u0161n\u00ed om\u00edtky. Dal\u0161\u00edm tradi\u010dn\u00edm \u0159emeslem v Krkono\u0161\u00edch bylo tkalcov\u00e1n\u00ed. N\u00e1v\u0161t\u011bvn\u00edci si mohou vyzkou\u0161et cel\u00fd proces zpracov\u00e1n\u00ed lnu \u2013 od pr\u00e1ce na lama\u010dce, vochlova\u010dce, pot\u011br\u00e1ku a\u017e po pr\u00e1ci s v\u0159et\u00e1nkem, kolovr\u00e1tkem \u010di tkalcovsk\u00fdm stavem. Pravideln\u00ed n\u00e1v\u0161t\u011bvn\u00edci ekocentra DOTEK maj\u00ed v pr\u016fb\u011bhu roku hned n\u011bkolik p\u0159\u00edle\u017eitost\u00ed prakticky se sezn\u00e1mit s ji\u017e polozapomenut\u00fdmi \u0159emesly, jako je dr\u00e1tkov\u00e1n\u00ed, filcov\u00e1n\u00ed aj. K dispozici je celoro\u010dn\u011b nov\u011b dokon\u010den\u00e1 expozice \u201eJak \u017e\u00edt a p\u0159e\u017e\u00edt v p\u0159\u00edrod\u011b a civilizaci\u201d.<\/span><\/p><p>\u00a0<\/p><p dir=\"ltr\" style=\"line-height: 1.7999999999999998; margin-top: 5pt; margin-bottom: 0pt;\"><span style=\"font-size: 12pt; font-family: 'Times New Roman'; color: #000000; background-color: transparent; font-weight: 400; font-style: normal; font-variant: normal; text-decoration: none; vertical-align: baseline; white-space: pre-wrap;\">Ekocentrum DOTEK pat\u0159\u00ed ob\u010dansk\u00e9mu sdru\u017een\u00ed St\u0159edisko ekologick\u00e9 v\u00fdchovy a etiky R\u00fdchory \u2013 SEVER, Brontosaurus Krkono\u0161e. Jeho c\u00edlem je obnoven\u00ed vztahu lid\u00ed ke krajin\u011b a p\u0159\u00edrod\u011b, zachov\u00e1n\u00ed kulturn\u00edho d\u011bdictv\u00ed a \u0161\u00ed\u0159en\u00ed dovednost\u00ed sm\u011b\u0159uj\u00edc\u00ed k trvale udr\u017eiteln\u00e9mu \u017eivotu.<\/span><\/p>\t\t\t\t\t\t\t\t<\/div>\n\t\t\t\t<\/div>\n\t\t\t\t\t<\/div>\n\t\t<\/div>\n\t\t\t\t\t<\/div>\n\t\t<\/section>\n\t\t\t\t<section class=\"elementor-section elementor-top-section elementor-element elementor-element-45173bd elementor-section-boxed elementor-section-height-default elementor-section-height-default\" data-id=\"45173bd\" data-element_type=\"section\" data-settings=\"{&quot;jet_parallax_layout_list&quot;:[]}\">\n\t\t\t\t\t\t<div class=\"elementor-container elementor-column-gap-default\">\n\t\t\t\t\t<div class=\"elementor-column elementor-col-100 elementor-top-column elementor-element elementor-element-24b356a\" data-id=\"24b356a\" data-element_type=\"column\">\n\t\t\t<div class=\"elementor-widget-wrap elementor-element-populated\">\n\t\t\t\t\t\t<div class=\"elementor-element elementor-element-70a6acc elementor-widget elementor-widget-image-gallery\" data-id=\"70a6acc\" data-element_type=\"widget\" data-widget_type=\"image-gallery.default\">\n\t\t\t\t<div class=\"elementor-widget-container\">\n\t\t\t\t\t\t\t<div class=\"elementor-image-gallery\">\n\t\t\t<div id='gallery-1' class='gallery galleryid-3355 gallery-columns-4 gallery-size-thumbnail'><figure class='gallery-item'>\n\t\t\t<div class='gallery-icon landscape'>\n\t\t\t\t<a data-elementor-open-lightbox=\"yes\" data-elementor-lightbox-slideshow=\"70a6acc\" data-elementor-lightbox-title=\"1 - Celni pohled\" data-e-action-hash=\"#elementor-action%3Aaction%3Dlightbox%26settings%3DeyJpZCI6MzMyMCwidXJsIjoiaHR0cHM6XC9cL3ZpYWZhYnJpbGlzLnp3LnBsXC93cC1jb250ZW50XC91cGxvYWRzXC8yMDIzXC8wN1wvMS1DZWxuaS1wb2hsZWQuanBnIiwic2xpZGVzaG93IjoiNzBhNmFjYyJ9\" href='https:\/\/viafabrilis.zw.pl\/wp-content\/uploads\/2023\/07\/1-Celni-pohled.jpg'><img decoding=\"async\" width=\"150\" height=\"150\" src=\"https:\/\/viafabrilis.zw.pl\/wp-content\/uploads\/2023\/07\/1-Celni-pohled-150x150.jpg\" class=\"attachment-thumbnail size-thumbnail\" alt=\"\" aria-describedby=\"gallery-1-3320\" srcset=\"https:\/\/viafabrilis.zw.pl\/wp-content\/uploads\/2023\/07\/1-Celni-pohled-150x150.jpg 150w, https:\/\/viafabrilis.zw.pl\/wp-content\/uploads\/2023\/07\/1-Celni-pohled-230x230.jpg 230w, https:\/\/viafabrilis.zw.pl\/wp-content\/uploads\/2023\/07\/1-Celni-pohled-400x400.jpg 400w, https:\/\/viafabrilis.zw.pl\/wp-content\/uploads\/2023\/07\/1-Celni-pohled-640x640.jpg 640w\" sizes=\"(max-width: 150px) 100vw, 150px\" \/><\/a>\n\t\t\t<\/div>\n\t\t\t\t<figcaption class='wp-caption-text gallery-caption' id='gallery-1-3320'>\n\t\t\t\t\u010celn\u00ed pohled\n\t\t\t\t<\/figcaption><\/figure><figure class='gallery-item'>\n\t\t\t<div class='gallery-icon landscape'>\n\t\t\t\t<a data-elementor-open-lightbox=\"yes\" data-elementor-lightbox-slideshow=\"70a6acc\" data-elementor-lightbox-title=\"2 - Biskupsky\u0301 sa\u0301l\" data-e-action-hash=\"#elementor-action%3Aaction%3Dlightbox%26settings%3DeyJpZCI6MzMyNCwidXJsIjoiaHR0cHM6XC9cL3ZpYWZhYnJpbGlzLnp3LnBsXC93cC1jb250ZW50XC91cGxvYWRzXC8yMDIzXC8wN1wvMi1CaXNrdXBza3ktc2FsLTEuanBnIiwic2xpZGVzaG93IjoiNzBhNmFjYyJ9\" href='https:\/\/viafabrilis.zw.pl\/wp-content\/uploads\/2023\/07\/2-Biskupsky-sal-1.jpg'><img decoding=\"async\" width=\"150\" height=\"150\" src=\"https:\/\/viafabrilis.zw.pl\/wp-content\/uploads\/2023\/07\/2-Biskupsky-sal-1-150x150.jpg\" class=\"attachment-thumbnail size-thumbnail\" alt=\"\" aria-describedby=\"gallery-1-3324\" srcset=\"https:\/\/viafabrilis.zw.pl\/wp-content\/uploads\/2023\/07\/2-Biskupsky-sal-1-150x150.jpg 150w, https:\/\/viafabrilis.zw.pl\/wp-content\/uploads\/2023\/07\/2-Biskupsky-sal-1-230x230.jpg 230w, https:\/\/viafabrilis.zw.pl\/wp-content\/uploads\/2023\/07\/2-Biskupsky-sal-1-400x400.jpg 400w, https:\/\/viafabrilis.zw.pl\/wp-content\/uploads\/2023\/07\/2-Biskupsky-sal-1-640x640.jpg 640w\" sizes=\"(max-width: 150px) 100vw, 150px\" \/><\/a>\n\t\t\t<\/div>\n\t\t\t\t<figcaption class='wp-caption-text gallery-caption' id='gallery-1-3324'>\n\t\t\t\tBiskupsk\u00fd s\u00e1l\n\t\t\t\t<\/figcaption><\/figure><figure class='gallery-item'>\n\t\t\t<div class='gallery-icon landscape'>\n\t\t\t\t<a data-elementor-open-lightbox=\"yes\" data-elementor-lightbox-slideshow=\"70a6acc\" data-elementor-lightbox-title=\"3 - Zdobeny\u0301 strop\" data-e-action-hash=\"#elementor-action%3Aaction%3Dlightbox%26settings%3DeyJpZCI6MzMyOCwidXJsIjoiaHR0cHM6XC9cL3ZpYWZhYnJpbGlzLnp3LnBsXC93cC1jb250ZW50XC91cGxvYWRzXC8yMDIzXC8wN1wvMy1aZG9iZW55LXN0cm9wLmpwZyIsInNsaWRlc2hvdyI6IjcwYTZhY2MifQ%3D%3D\" href='https:\/\/viafabrilis.zw.pl\/wp-content\/uploads\/2023\/07\/3-Zdobeny-strop.jpg'><img loading=\"lazy\" decoding=\"async\" width=\"150\" height=\"150\" src=\"https:\/\/viafabrilis.zw.pl\/wp-content\/uploads\/2023\/07\/3-Zdobeny-strop-150x150.jpg\" class=\"attachment-thumbnail size-thumbnail\" alt=\"\" aria-describedby=\"gallery-1-3328\" srcset=\"https:\/\/viafabrilis.zw.pl\/wp-content\/uploads\/2023\/07\/3-Zdobeny-strop-150x150.jpg 150w, https:\/\/viafabrilis.zw.pl\/wp-content\/uploads\/2023\/07\/3-Zdobeny-strop-230x230.jpg 230w, https:\/\/viafabrilis.zw.pl\/wp-content\/uploads\/2023\/07\/3-Zdobeny-strop-400x400.jpg 400w, https:\/\/viafabrilis.zw.pl\/wp-content\/uploads\/2023\/07\/3-Zdobeny-strop-640x640.jpg 640w\" sizes=\"(max-width: 150px) 100vw, 150px\" \/><\/a>\n\t\t\t<\/div>\n\t\t\t\t<figcaption class='wp-caption-text gallery-caption' id='gallery-1-3328'>\n\t\t\t\tZdoben\u00fd strop\n\t\t\t\t<\/figcaption><\/figure><figure class='gallery-item'>\n\t\t\t<div class='gallery-icon landscape'>\n\t\t\t\t<a data-elementor-open-lightbox=\"yes\" data-elementor-lightbox-slideshow=\"70a6acc\" data-elementor-lightbox-title=\"4 - C\u030cerna\u0301 kuchyne\u030c.jpg\" data-e-action-hash=\"#elementor-action%3Aaction%3Dlightbox%26settings%3DeyJpZCI6MzMzMiwidXJsIjoiaHR0cHM6XC9cL3ZpYWZhYnJpbGlzLnp3LnBsXC93cC1jb250ZW50XC91cGxvYWRzXC8yMDIzXC8wN1wvNC1DZXJuYS1rdWNoeW5lLmpwZy5qcGciLCJzbGlkZXNob3ciOiI3MGE2YWNjIn0%3D\" href='https:\/\/viafabrilis.zw.pl\/wp-content\/uploads\/2023\/07\/4-Cerna-kuchyne.jpg.jpg'><img loading=\"lazy\" decoding=\"async\" width=\"150\" height=\"150\" src=\"https:\/\/viafabrilis.zw.pl\/wp-content\/uploads\/2023\/07\/4-Cerna-kuchyne.jpg-150x150.jpg\" class=\"attachment-thumbnail size-thumbnail\" alt=\"\" aria-describedby=\"gallery-1-3332\" srcset=\"https:\/\/viafabrilis.zw.pl\/wp-content\/uploads\/2023\/07\/4-Cerna-kuchyne.jpg-150x150.jpg 150w, https:\/\/viafabrilis.zw.pl\/wp-content\/uploads\/2023\/07\/4-Cerna-kuchyne.jpg-230x230.jpg 230w, https:\/\/viafabrilis.zw.pl\/wp-content\/uploads\/2023\/07\/4-Cerna-kuchyne.jpg-400x400.jpg 400w, https:\/\/viafabrilis.zw.pl\/wp-content\/uploads\/2023\/07\/4-Cerna-kuchyne.jpg-640x640.jpg 640w\" sizes=\"(max-width: 150px) 100vw, 150px\" \/><\/a>\n\t\t\t<\/div>\n\t\t\t\t<figcaption class='wp-caption-text gallery-caption' id='gallery-1-3332'>\n\t\t\t\t\u010cern\u00e1 kuchyn\u011b\n\t\t\t\t<\/figcaption><\/figure><figure class='gallery-item'>\n\t\t\t<div class='gallery-icon landscape'>\n\t\t\t\t<a data-elementor-open-lightbox=\"yes\" data-elementor-lightbox-slideshow=\"70a6acc\" data-elementor-lightbox-title=\"5 - C\u030cerna\u0301 kuchyne\u030c\" data-e-action-hash=\"#elementor-action%3Aaction%3Dlightbox%26settings%3DeyJpZCI6MzMzNiwidXJsIjoiaHR0cHM6XC9cL3ZpYWZhYnJpbGlzLnp3LnBsXC93cC1jb250ZW50XC91cGxvYWRzXC8yMDIzXC8wN1wvNS1DZXJuYS1rdWNoeW5lLmpwZyIsInNsaWRlc2hvdyI6IjcwYTZhY2MifQ%3D%3D\" href='https:\/\/viafabrilis.zw.pl\/wp-content\/uploads\/2023\/07\/5-Cerna-kuchyne.jpg'><img loading=\"lazy\" decoding=\"async\" width=\"150\" height=\"150\" src=\"https:\/\/viafabrilis.zw.pl\/wp-content\/uploads\/2023\/07\/5-Cerna-kuchyne-150x150.jpg\" class=\"attachment-thumbnail size-thumbnail\" alt=\"\" aria-describedby=\"gallery-1-3336\" srcset=\"https:\/\/viafabrilis.zw.pl\/wp-content\/uploads\/2023\/07\/5-Cerna-kuchyne-150x150.jpg 150w, https:\/\/viafabrilis.zw.pl\/wp-content\/uploads\/2023\/07\/5-Cerna-kuchyne-230x230.jpg 230w, https:\/\/viafabrilis.zw.pl\/wp-content\/uploads\/2023\/07\/5-Cerna-kuchyne-400x400.jpg 400w, https:\/\/viafabrilis.zw.pl\/wp-content\/uploads\/2023\/07\/5-Cerna-kuchyne-640x640.jpg 640w\" sizes=\"(max-width: 150px) 100vw, 150px\" \/><\/a>\n\t\t\t<\/div>\n\t\t\t\t<figcaption class='wp-caption-text gallery-caption' id='gallery-1-3336'>\n\t\t\t\t\u010cern\u00e1 kuchyn\u011b\n\t\t\t\t<\/figcaption><\/figure><figure class='gallery-item'>\n\t\t\t<div class='gallery-icon landscape'>\n\t\t\t\t<a data-elementor-open-lightbox=\"yes\" data-elementor-lightbox-slideshow=\"70a6acc\" data-elementor-lightbox-title=\"OLYMPUS DIGITAL CAMERA\" data-e-action-hash=\"#elementor-action%3Aaction%3Dlightbox%26settings%3DeyJpZCI6MzM0MCwidXJsIjoiaHR0cHM6XC9cL3ZpYWZhYnJpbGlzLnp3LnBsXC93cC1jb250ZW50XC91cGxvYWRzXC8yMDIzXC8wN1wvNi1Ua2FsY292YW5pLmpwZy5qcGciLCJzbGlkZXNob3ciOiI3MGE2YWNjIn0%3D\" href='https:\/\/viafabrilis.zw.pl\/wp-content\/uploads\/2023\/07\/6-Tkalcovani.jpg.jpg'><img loading=\"lazy\" decoding=\"async\" width=\"150\" height=\"150\" src=\"https:\/\/viafabrilis.zw.pl\/wp-content\/uploads\/2023\/07\/6-Tkalcovani.jpg-150x150.jpg\" class=\"attachment-thumbnail size-thumbnail\" alt=\"\" aria-describedby=\"gallery-1-3340\" srcset=\"https:\/\/viafabrilis.zw.pl\/wp-content\/uploads\/2023\/07\/6-Tkalcovani.jpg-150x150.jpg 150w, https:\/\/viafabrilis.zw.pl\/wp-content\/uploads\/2023\/07\/6-Tkalcovani.jpg-230x230.jpg 230w, https:\/\/viafabrilis.zw.pl\/wp-content\/uploads\/2023\/07\/6-Tkalcovani.jpg-400x400.jpg 400w, https:\/\/viafabrilis.zw.pl\/wp-content\/uploads\/2023\/07\/6-Tkalcovani.jpg-640x640.jpg 640w\" sizes=\"(max-width: 150px) 100vw, 150px\" \/><\/a>\n\t\t\t<\/div>\n\t\t\t\t<figcaption class='wp-caption-text gallery-caption' id='gallery-1-3340'>\n\t\t\t\tTkalcov\u00e1n\u00ed\n\t\t\t\t<\/figcaption><\/figure>\n\t\t<\/div>\n\t\t<\/div>\n\t\t\t\t\t\t<\/div>\n\t\t\t\t<\/div>\n\t\t\t\t\t<\/div>\n\t\t<\/div>\n\t\t\t\t\t<\/div>\n\t\t<\/section>\n\t\t\t\t<\/div>\n\t\t","protected":false},"excerpt":{"rendered":"<p>D\u016fm Obnovy Tradic, Ekologie a Kultury Horsk\u00e1 175 542 26 Horn\u00ed Mar\u0161ov tel.: +420 739 203 205 e-mail: infokolonial@ekologickavychova.cz www.dotek.eu https:\/\/www.facebook.com\/ekocentrumdotek otev\u00edrac\u00ed doba: pond\u011bl\u00ed &#8211; ned\u011ble: 9.00 &#8211; 17.00 (\u0159\u00edjen &#8211; kv\u011bten) pond\u011bl\u00ed &#8211; ned\u011ble: 9.00 &#8211; 18.00 (\u010derven \u2013 z\u00e1\u0159\u00ed) Ekocentrum DOTEK (D\u016fm Obnovy Tradic, Ekologie a Kultury) v Horn\u00edm Mar\u0161ov\u011b je nov\u00fdm kulturn\u00edm [&hellip;]<\/p>\n","protected":false},"author":1,"featured_media":3324,"parent":0,"menu_order":0,"comment_status":"closed","ping_status":"closed","template":"","meta":{"footnotes":""},"class_list":["post-3355","page","type-page","status-publish","has-post-thumbnail","hentry","entry","has-media"],"_links":{"self":[{"href":"https:\/\/viafabrilis.zw.pl\/cs\/wp-json\/wp\/v2\/pages\/3355","targetHints":{"allow":["GET"]}}],"collection":[{"href":"https:\/\/viafabrilis.zw.pl\/cs\/wp-json\/wp\/v2\/pages"}],"about":[{"href":"https:\/\/viafabrilis.zw.pl\/cs\/wp-json\/wp\/v2\/types\/page"}],"author":[{"embeddable":true,"href":"https:\/\/viafabrilis.zw.pl\/cs\/wp-json\/wp\/v2\/users\/1"}],"replies":[{"embeddable":true,"href":"https:\/\/viafabrilis.zw.pl\/cs\/wp-json\/wp\/v2\/comments?post=3355"}],"version-history":[{"count":6,"href":"https:\/\/viafabrilis.zw.pl\/cs\/wp-json\/wp\/v2\/pages\/3355\/revisions"}],"predecessor-version":[{"id":8929,"href":"https:\/\/viafabrilis.zw.pl\/cs\/wp-json\/wp\/v2\/pages\/3355\/revisions\/8929"}],"wp:featuredmedia":[{"embeddable":true,"href":"https:\/\/viafabrilis.zw.pl\/cs\/wp-json\/wp\/v2\/media\/3324"}],"wp:attachment":[{"href":"https:\/\/viafabrilis.zw.pl\/cs\/wp-json\/wp\/v2\/media?parent=3355"}],"curies":[{"name":"wp","href":"https:\/\/api.w.org\/{rel}","templated":true}]}}