{"id":3411,"date":"2023-07-13T16:22:12","date_gmt":"2023-07-13T14:22:12","guid":{"rendered":"https:\/\/viafabrilis.zw.pl\/?page_id=3411"},"modified":"2024-02-10T16:37:35","modified_gmt":"2024-02-10T15:37:35","slug":"expozice-sindelka-v-harrachove","status":"publish","type":"page","link":"https:\/\/viafabrilis.zw.pl\/cs\/expozice-sindelka-v-harrachove\/","title":{"rendered":"Expozice \u0160indelka v Harrachov\u011b"},"content":{"rendered":"\t\t<div data-elementor-type=\"wp-page\" data-elementor-id=\"3411\" class=\"elementor elementor-3411\" data-elementor-post-type=\"page\">\n\t\t\t\t\t\t<section class=\"elementor-section elementor-top-section elementor-element elementor-element-a11e734 elementor-section-boxed elementor-section-height-default elementor-section-height-default\" data-id=\"a11e734\" data-element_type=\"section\" data-settings=\"{&quot;jet_parallax_layout_list&quot;:[]}\">\n\t\t\t\t\t\t<div class=\"elementor-container elementor-column-gap-default\">\n\t\t\t\t\t<div class=\"elementor-column elementor-col-50 elementor-top-column elementor-element elementor-element-3a836ec\" data-id=\"3a836ec\" data-element_type=\"column\">\n\t\t\t<div class=\"elementor-widget-wrap elementor-element-populated\">\n\t\t\t\t\t\t<div class=\"elementor-element elementor-element-ed16537 elementor-widget elementor-widget-text-editor\" data-id=\"ed16537\" data-element_type=\"widget\" data-widget_type=\"text-editor.default\">\n\t\t\t\t<div class=\"elementor-widget-container\">\n\t\t\t\t\t\t\t\t\t<p dir=\"ltr\" style=\"line-height: 1.3800000000000001; text-align: center; margin-top: 0pt; margin-bottom: 0pt;\"><span style=\"font-size: 12pt; font-family: 'Times New Roman'; color: #000000; background-color: transparent; font-weight: 400; font-style: normal; font-variant: normal; text-decoration: none; vertical-align: baseline; white-space: pre-wrap;\">Lesnick\u00e1 a mysliveck\u00e1 expozice Spr\u00e1vy KRNAP<\/span><\/p><p dir=\"ltr\" style=\"line-height: 1.3800000000000001; text-align: center; margin-top: 0pt; margin-bottom: 0pt;\"><span style=\"font-size: 12pt; font-family: 'Times New Roman'; color: #202124; background-color: transparent; font-weight: 400; font-style: normal; font-variant: normal; text-decoration: none; vertical-align: baseline; white-space: pre-wrap;\">Harrachov 269<\/span><\/p><p dir=\"ltr\" style=\"line-height: 1.3800000000000001; text-align: center; margin-top: 0pt; margin-bottom: 0pt;\"><span style=\"font-size: 12pt; font-family: 'Times New Roman'; color: #202124; background-color: transparent; font-weight: 400; font-style: normal; font-variant: normal; text-decoration: none; vertical-align: baseline; white-space: pre-wrap;\">512 46 Harrachov<\/span><\/p><p dir=\"ltr\" style=\"line-height: 1.3800000000000001; text-align: center; margin-top: 0pt; margin-bottom: 0pt;\"><span style=\"font-size: 12pt; font-family: 'Times New Roman'; color: #000000; background-color: transparent; font-weight: 400; font-style: normal; font-variant: normal; text-decoration: none; vertical-align: baseline; white-space: pre-wrap;\">tel.: +420 481 528 310<\/span><\/p><p dir=\"ltr\" style=\"line-height: 1.3800000000000001; text-align: center; margin-top: 0pt; margin-bottom: 0pt;\"><span style=\"font-size: 12pt; font-family: 'Times New Roman'; color: #000000; background-color: transparent; font-weight: 400; font-style: normal; font-variant: normal; text-decoration: none; vertical-align: baseline; white-space: pre-wrap;\">e-mail: sindelka@krnap.cz<\/span><\/p><p dir=\"ltr\" style=\"line-height: 1.3800000000000001; text-align: center; margin-top: 0pt; margin-bottom: 0pt;\"><a style=\"text-decoration: none;\" href=\"http:\/\/www.krnap.cz\/\"><span style=\"font-size: 12pt; font-family: 'Times New Roman'; color: #0000ff; background-color: transparent; font-weight: 400; font-style: normal; font-variant: normal; text-decoration: underline; -webkit-text-decoration-skip: none; text-decoration-skip-ink: none; vertical-align: baseline; white-space: pre-wrap;\">www.krnap.cz<\/span><\/a><\/p><p dir=\"ltr\" style=\"line-height: 1.7999999999999998; text-align: center; margin-top: 0pt; margin-bottom: 0pt;\"><b id=\"docs-internal-guid-05ad4962-7fff-42d0-ba2b-46a19a3a5fe8\" style=\"font-weight: normal;\"><br \/><br \/><\/b><\/p><p dir=\"ltr\" style=\"line-height: 1.3800000000000001; text-align: center; margin-top: 0pt; margin-bottom: 0pt;\"><span style=\"font-size: 12pt; font-family: 'Times New Roman'; color: #000000; background-color: transparent; font-weight: bold; font-style: normal; font-variant: normal; text-decoration: none; vertical-align: baseline; white-space: pre-wrap;\">otev\u00edrac\u00ed doba:<\/span><\/p><p dir=\"ltr\" style=\"line-height: 1.7999999999999998; text-align: center; margin-top: 0pt; margin-bottom: 0pt;\">\u00a0<\/p><p dir=\"ltr\" style=\"line-height: 1.3800000000000001; text-align: center; margin-top: 0pt; margin-bottom: 0pt;\"><span style=\"font-size: 12pt; font-family: 'Times New Roman'; color: #000000; background-color: transparent; font-weight: 400; font-style: normal; font-variant: normal; text-decoration: none; vertical-align: baseline; white-space: pre-wrap;\">\u00fater\u00fd \u2013 ned\u011ble: 9.00 &#8211; 12.00 a 13.00 &#8211; 17.00<\/span><\/p><div><span style=\"font-size: 12pt; font-family: 'Times New Roman'; color: #000000; background-color: transparent; font-weight: 400; font-style: normal; font-variant: normal; text-decoration: none; vertical-align: baseline; white-space: pre-wrap;\">\u00a0<\/span><\/div><div><span style=\"font-size: 12pt; font-family: 'Times New Roman'; color: #000000; background-color: transparent; font-weight: 400; font-style: normal; font-variant: normal; text-decoration: none; vertical-align: baseline; white-space: pre-wrap;\">\u00a0<\/span><\/div>\t\t\t\t\t\t\t\t<\/div>\n\t\t\t\t<\/div>\n\t\t\t\t\t<\/div>\n\t\t<\/div>\n\t\t\t\t<div class=\"elementor-column elementor-col-50 elementor-top-column elementor-element elementor-element-d82853b\" data-id=\"d82853b\" data-element_type=\"column\">\n\t\t\t<div class=\"elementor-widget-wrap elementor-element-populated\">\n\t\t\t\t\t\t<div class=\"elementor-element elementor-element-1adb6e9 elementor-widget elementor-widget-image\" data-id=\"1adb6e9\" data-element_type=\"widget\" data-widget_type=\"image.default\">\n\t\t\t\t<div class=\"elementor-widget-container\">\n\t\t\t\t\t\t\t\t\t\t\t\t\t\t\t<img fetchpriority=\"high\" decoding=\"async\" width=\"1024\" height=\"681\" src=\"https:\/\/viafabrilis.zw.pl\/wp-content\/uploads\/2023\/07\/2-Svazeni-dreva-na-sanich-s-oji-1024x681.jpg\" class=\"attachment-large size-large wp-image-3372\" alt=\"\" srcset=\"https:\/\/viafabrilis.zw.pl\/wp-content\/uploads\/2023\/07\/2-Svazeni-dreva-na-sanich-s-oji-1024x681.jpg 1024w, https:\/\/viafabrilis.zw.pl\/wp-content\/uploads\/2023\/07\/2-Svazeni-dreva-na-sanich-s-oji-300x200.jpg 300w, https:\/\/viafabrilis.zw.pl\/wp-content\/uploads\/2023\/07\/2-Svazeni-dreva-na-sanich-s-oji-768x511.jpg 768w, https:\/\/viafabrilis.zw.pl\/wp-content\/uploads\/2023\/07\/2-Svazeni-dreva-na-sanich-s-oji-600x399.jpg 600w, https:\/\/viafabrilis.zw.pl\/wp-content\/uploads\/2023\/07\/2-Svazeni-dreva-na-sanich-s-oji.jpg 1200w\" sizes=\"(max-width: 1024px) 100vw, 1024px\" \/>\t\t\t\t\t\t\t\t\t\t\t\t\t\t\t<\/div>\n\t\t\t\t<\/div>\n\t\t\t\t\t<\/div>\n\t\t<\/div>\n\t\t\t\t\t<\/div>\n\t\t<\/section>\n\t\t\t\t<section class=\"elementor-section elementor-top-section elementor-element elementor-element-1b8961f elementor-section-boxed elementor-section-height-default elementor-section-height-default\" data-id=\"1b8961f\" data-element_type=\"section\" data-settings=\"{&quot;jet_parallax_layout_list&quot;:[]}\">\n\t\t\t\t\t\t<div class=\"elementor-container elementor-column-gap-default\">\n\t\t\t\t\t<div class=\"elementor-column elementor-col-100 elementor-top-column elementor-element elementor-element-077e047\" data-id=\"077e047\" data-element_type=\"column\">\n\t\t\t<div class=\"elementor-widget-wrap elementor-element-populated\">\n\t\t\t\t\t\t<div class=\"elementor-element elementor-element-7a93bc4 elementor-widget elementor-widget-text-editor\" data-id=\"7a93bc4\" data-element_type=\"widget\" data-widget_type=\"text-editor.default\">\n\t\t\t\t<div class=\"elementor-widget-container\">\n\t\t\t\t\t\t\t\t\t<p dir=\"ltr\" style=\"line-height: 1.7999999999999998; margin-top: 5pt; margin-bottom: 0pt;\"><span style=\"font-size: 12pt; font-family: 'Times New Roman'; color: #000000; background-color: transparent; font-weight: 400; font-style: normal; font-variant: normal; text-decoration: none; vertical-align: baseline; white-space: pre-wrap;\">Expozice \u0160indelka v Harrachov\u011b je um\u00edst\u011bna v \u017eulov\u00e9 historick\u00e9 budov\u011b t\u00e9ho\u017e jm\u00e9na. \u0160indelov\u00e1 st\u0159e\u0161n\u00ed krytina se zde vyr\u00e1b\u011bla od po\u010d\u00e1tku 19. stol. a\u017e do roku 1934. Lesnick\u00e1 expozice je um\u00edst\u011bna v p\u0159\u00edzem\u00ed a seznamuje n\u00e1v\u0161t\u011bvn\u00edky s celou lesnickou problematikou, od vyt\u011b\u017een\u00ed lesn\u00edho porostu p\u0159es p\u0159ibl\u00ed\u017een\u00ed kmen\u016f k cest\u00e1m a jejich odvoz k dal\u0161\u00edmu zpracov\u00e1n\u00ed a\u017e po n\u00e1slednou obnovu lesa a p\u00e9\u010di o n\u011bj. Mysliveck\u00e1 expozice v pat\u0159e budovy se v\u011bnuje myslivosti od historie po sou\u010dasnost, p\u0159ipom\u00edn\u00e1 nap\u0159. mysliveck\u00e9 tradice, lovnou zv\u011b\u0159, loveck\u00e9 zbran\u011b a psy, myslivost v um\u011bn\u00ed a b\u011b\u017en\u00e9m \u017eivot\u011b.<\/span><\/p><p dir=\"ltr\" style=\"line-height: 1.7999999999999998; margin-top: 5pt; margin-bottom: 0pt;\"><span style=\"font-size: 12pt; font-family: 'Times New Roman'; color: #000000; background-color: transparent; font-weight: 400; font-style: normal; font-variant: normal; text-decoration: none; vertical-align: baseline; white-space: pre-wrap;\">Pr\u00e1ce v lese byla jedn\u00edm z ne\u010dast\u011bj\u0161\u00edch zdroj\u016f ob\u017eivy obyvatel vnit\u0159n\u00ed \u010d\u00e1sti hor. Zejm\u00e9na do kr\u00e1lovsk\u00fdch les\u016f ve st\u0159edn\u00edch a v\u00fdchodn\u00edch Krkono\u0161\u00edch proto byli zv\u00e1ni osobn\u011b svobodn\u00ed d\u0159eva\u0159\u0161t\u00ed odborn\u00edci z alpsk\u00fdch zem\u00ed, kte\u0159\u00ed s sebou p\u0159inesli nov\u00e9 v\u011bdomosti a n\u00e1stroje, jako san\u011b roha\u010dky ke sv\u00e1\u017een\u00ed d\u0159eva a sn\u011b\u017enice, stavba smyk\u016f pro dopravu kl\u00e1d ze svah\u016f hor k vodn\u00edm tok\u016fm a klausy, je\u017e zadr\u017eovala vodu nep\u0159\u00edli\u0161 vydatn\u00fdch tok\u016f k plavb\u011b d\u0159eva. K zachycov\u00e1n\u00ed plaven\u00e9ho d\u0159eva pak slou\u017eila soustava kan\u00e1l\u016f a speci\u00e1ln\u00edch \u010desel \u2013 hrabl\u00ed. V pr\u016fb\u011bhu 19. stolet\u00ed zcela zanikla plavba d\u0159eva, co\u017e souviselo se st\u00e1le lep\u0161\u00ed s\u00edt\u00ed lesn\u00edch cest. Lesn\u00ed pr\u00e1ce jsou jedn\u00edm z m\u00e1la tradi\u010dn\u00edch obor\u016f, kter\u00fd se v Krkono\u0161\u00edch kontinu\u00e1ln\u011b rozv\u00edj\u00ed dodnes.<\/span><\/p>\t\t\t\t\t\t\t\t<\/div>\n\t\t\t\t<\/div>\n\t\t\t\t\t<\/div>\n\t\t<\/div>\n\t\t\t\t\t<\/div>\n\t\t<\/section>\n\t\t\t\t<section class=\"elementor-section elementor-top-section elementor-element elementor-element-9b738c3 elementor-section-boxed elementor-section-height-default elementor-section-height-default\" data-id=\"9b738c3\" data-element_type=\"section\" data-settings=\"{&quot;jet_parallax_layout_list&quot;:[]}\">\n\t\t\t\t\t\t<div class=\"elementor-container elementor-column-gap-default\">\n\t\t\t\t\t<div class=\"elementor-column elementor-col-100 elementor-top-column elementor-element elementor-element-53d8ad6\" data-id=\"53d8ad6\" data-element_type=\"column\">\n\t\t\t<div class=\"elementor-widget-wrap elementor-element-populated\">\n\t\t\t\t\t\t<div class=\"elementor-element elementor-element-273e890 elementor-widget elementor-widget-image-gallery\" data-id=\"273e890\" data-element_type=\"widget\" data-widget_type=\"image-gallery.default\">\n\t\t\t\t<div class=\"elementor-widget-container\">\n\t\t\t\t\t\t\t<div class=\"elementor-image-gallery\">\n\t\t\t<div id='gallery-1' class='gallery galleryid-3411 gallery-columns-4 gallery-size-monstroid2-thumb-justify'><figure class='gallery-item'>\n\t\t\t<div class='gallery-icon landscape'>\n\t\t\t\t<a data-elementor-open-lightbox=\"yes\" data-elementor-lightbox-slideshow=\"273e890\" data-elementor-lightbox-title=\"1 - Expozice se nacha\u0301zi\u0301 v historicke\u0301 budove\u030c S\u030cindelky\" data-e-action-hash=\"#elementor-action%3Aaction%3Dlightbox%26settings%3DeyJpZCI6MzM4MSwidXJsIjoiaHR0cHM6XC9cL3ZpYWZhYnJpbGlzLnp3LnBsXC93cC1jb250ZW50XC91cGxvYWRzXC8yMDIzXC8wN1wvMS1FeHBvemljZS1zZS1uYWNoYXppLXYtaGlzdG9yaWNrZS1idWRvdmUtU2luZGVsa3kuanBnIiwic2xpZGVzaG93IjoiMjczZTg5MCJ9\" href='https:\/\/viafabrilis.zw.pl\/wp-content\/uploads\/2023\/07\/1-Expozice-se-nachazi-v-historicke-budove-Sindelky.jpg'><img decoding=\"async\" width=\"638\" height=\"427\" src=\"https:\/\/viafabrilis.zw.pl\/wp-content\/uploads\/2023\/07\/1-Expozice-se-nachazi-v-historicke-budove-Sindelky.jpg\" class=\"attachment-monstroid2-thumb-justify size-monstroid2-thumb-justify\" alt=\"\" aria-describedby=\"gallery-1-3381\" srcset=\"https:\/\/viafabrilis.zw.pl\/wp-content\/uploads\/2023\/07\/1-Expozice-se-nachazi-v-historicke-budove-Sindelky.jpg 638w, https:\/\/viafabrilis.zw.pl\/wp-content\/uploads\/2023\/07\/1-Expozice-se-nachazi-v-historicke-budove-Sindelky-300x201.jpg 300w, https:\/\/viafabrilis.zw.pl\/wp-content\/uploads\/2023\/07\/1-Expozice-se-nachazi-v-historicke-budove-Sindelky-600x402.jpg 600w\" sizes=\"(max-width: 638px) 100vw, 638px\" \/><\/a>\n\t\t\t<\/div>\n\t\t\t\t<figcaption class='wp-caption-text gallery-caption' id='gallery-1-3381'>\n\t\t\t\tExpozice se nach\u00e1z\u00ed v historick\u00e9 budov\u011b \u0160indelky\n\t\t\t\t<\/figcaption><\/figure><figure class='gallery-item'>\n\t\t\t<div class='gallery-icon landscape'>\n\t\t\t\t<a data-elementor-open-lightbox=\"yes\" data-elementor-lightbox-slideshow=\"273e890\" data-elementor-lightbox-title=\"2 - Sva\u0301z\u030ceni\u0301 dr\u030ceva na sani\u0301ch s oji\u0301\" data-e-action-hash=\"#elementor-action%3Aaction%3Dlightbox%26settings%3DeyJpZCI6MzM4NSwidXJsIjoiaHR0cHM6XC9cL3ZpYWZhYnJpbGlzLnp3LnBsXC93cC1jb250ZW50XC91cGxvYWRzXC8yMDIzXC8wN1wvMi1TdmF6ZW5pLWRyZXZhLW5hLXNhbmljaC1zLW9qaS0xLmpwZyIsInNsaWRlc2hvdyI6IjI3M2U4OTAifQ%3D%3D\" href='https:\/\/viafabrilis.zw.pl\/wp-content\/uploads\/2023\/07\/2-Svazeni-dreva-na-sanich-s-oji-1.jpg'><img decoding=\"async\" width=\"640\" height=\"640\" src=\"https:\/\/viafabrilis.zw.pl\/wp-content\/uploads\/2023\/07\/2-Svazeni-dreva-na-sanich-s-oji-1-640x640.jpg\" class=\"attachment-monstroid2-thumb-justify size-monstroid2-thumb-justify\" alt=\"\" aria-describedby=\"gallery-1-3385\" srcset=\"https:\/\/viafabrilis.zw.pl\/wp-content\/uploads\/2023\/07\/2-Svazeni-dreva-na-sanich-s-oji-1-640x640.jpg 640w, https:\/\/viafabrilis.zw.pl\/wp-content\/uploads\/2023\/07\/2-Svazeni-dreva-na-sanich-s-oji-1-150x150.jpg 150w, https:\/\/viafabrilis.zw.pl\/wp-content\/uploads\/2023\/07\/2-Svazeni-dreva-na-sanich-s-oji-1-230x230.jpg 230w, https:\/\/viafabrilis.zw.pl\/wp-content\/uploads\/2023\/07\/2-Svazeni-dreva-na-sanich-s-oji-1-400x400.jpg 400w\" sizes=\"(max-width: 640px) 100vw, 640px\" \/><\/a>\n\t\t\t<\/div>\n\t\t\t\t<figcaption class='wp-caption-text gallery-caption' id='gallery-1-3385'>\n\t\t\t\tSv\u00e1\u017een\u00ed d\u0159eva na san\u00edch s oj\u00ed\n\t\t\t\t<\/figcaption><\/figure><figure class='gallery-item'>\n\t\t\t<div class='gallery-icon portrait'>\n\t\t\t\t<a data-elementor-open-lightbox=\"yes\" data-elementor-lightbox-slideshow=\"273e890\" data-elementor-lightbox-title=\"3 - Di\u0301lna pro ruc\u030cni\u0301 vy\u0301robu s\u030cindele\" data-e-action-hash=\"#elementor-action%3Aaction%3Dlightbox%26settings%3DeyJpZCI6MzM4OSwidXJsIjoiaHR0cHM6XC9cL3ZpYWZhYnJpbGlzLnp3LnBsXC93cC1jb250ZW50XC91cGxvYWRzXC8yMDIzXC8wN1wvMy1EaWxuYS1wcm8tcnVjbmktdnlyb2J1LXNpbmRlbGUuanBnIiwic2xpZGVzaG93IjoiMjczZTg5MCJ9\" href='https:\/\/viafabrilis.zw.pl\/wp-content\/uploads\/2023\/07\/3-Dilna-pro-rucni-vyrobu-sindele.jpg'><img loading=\"lazy\" decoding=\"async\" width=\"576\" height=\"640\" src=\"https:\/\/viafabrilis.zw.pl\/wp-content\/uploads\/2023\/07\/3-Dilna-pro-rucni-vyrobu-sindele-576x640.jpg\" class=\"attachment-monstroid2-thumb-justify size-monstroid2-thumb-justify\" alt=\"\" aria-describedby=\"gallery-1-3389\" \/><\/a>\n\t\t\t<\/div>\n\t\t\t\t<figcaption class='wp-caption-text gallery-caption' id='gallery-1-3389'>\n\t\t\t\tD\u00edlna pro ru\u010dn\u00ed v\u00fdrobu \u0161indele\n\t\t\t\t<\/figcaption><\/figure><figure class='gallery-item'>\n\t\t\t<div class='gallery-icon portrait'>\n\t\t\t\t<a data-elementor-open-lightbox=\"yes\" data-elementor-lightbox-slideshow=\"273e890\" data-elementor-lightbox-title=\"4 - Kolekce lesnicke\u0301ho na\u0301r\u030cadi\u0301\" data-e-action-hash=\"#elementor-action%3Aaction%3Dlightbox%26settings%3DeyJpZCI6MzM5MywidXJsIjoiaHR0cHM6XC9cL3ZpYWZhYnJpbGlzLnp3LnBsXC93cC1jb250ZW50XC91cGxvYWRzXC8yMDIzXC8wN1wvNC1Lb2xla2NlLWxlc25pY2tlaG8tbmFyYWRpLmpwZyIsInNsaWRlc2hvdyI6IjI3M2U4OTAifQ%3D%3D\" href='https:\/\/viafabrilis.zw.pl\/wp-content\/uploads\/2023\/07\/4-Kolekce-lesnickeho-naradi.jpg'><img loading=\"lazy\" decoding=\"async\" width=\"628\" height=\"640\" src=\"https:\/\/viafabrilis.zw.pl\/wp-content\/uploads\/2023\/07\/4-Kolekce-lesnickeho-naradi-628x640.jpg\" class=\"attachment-monstroid2-thumb-justify size-monstroid2-thumb-justify\" alt=\"\" aria-describedby=\"gallery-1-3393\" \/><\/a>\n\t\t\t<\/div>\n\t\t\t\t<figcaption class='wp-caption-text gallery-caption' id='gallery-1-3393'>\n\t\t\t\tKolekce lesnick\u00e9ho n\u00e1\u0159ad\u00ed\n\t\t\t\t<\/figcaption><\/figure><figure class='gallery-item'>\n\t\t\t<div class='gallery-icon landscape'>\n\t\t\t\t<a data-elementor-open-lightbox=\"yes\" data-elementor-lightbox-slideshow=\"273e890\" data-elementor-lightbox-title=\"5 - Funkc\u030cni\u0301 model plaveni\u0301 dr\u030ceva\" data-e-action-hash=\"#elementor-action%3Aaction%3Dlightbox%26settings%3DeyJpZCI6MzM5NywidXJsIjoiaHR0cHM6XC9cL3ZpYWZhYnJpbGlzLnp3LnBsXC93cC1jb250ZW50XC91cGxvYWRzXC8yMDIzXC8wN1wvNS1GdW5rY25pLW1vZGVsLXBsYXZlbmktZHJldmEuanBnIiwic2xpZGVzaG93IjoiMjczZTg5MCJ9\" href='https:\/\/viafabrilis.zw.pl\/wp-content\/uploads\/2023\/07\/5-Funkcni-model-plaveni-dreva.jpg'><img loading=\"lazy\" decoding=\"async\" width=\"640\" height=\"640\" src=\"https:\/\/viafabrilis.zw.pl\/wp-content\/uploads\/2023\/07\/5-Funkcni-model-plaveni-dreva-640x640.jpg\" class=\"attachment-monstroid2-thumb-justify size-monstroid2-thumb-justify\" alt=\"\" aria-describedby=\"gallery-1-3397\" srcset=\"https:\/\/viafabrilis.zw.pl\/wp-content\/uploads\/2023\/07\/5-Funkcni-model-plaveni-dreva-640x640.jpg 640w, https:\/\/viafabrilis.zw.pl\/wp-content\/uploads\/2023\/07\/5-Funkcni-model-plaveni-dreva-150x150.jpg 150w, https:\/\/viafabrilis.zw.pl\/wp-content\/uploads\/2023\/07\/5-Funkcni-model-plaveni-dreva-230x230.jpg 230w, https:\/\/viafabrilis.zw.pl\/wp-content\/uploads\/2023\/07\/5-Funkcni-model-plaveni-dreva-400x400.jpg 400w\" sizes=\"(max-width: 640px) 100vw, 640px\" \/><\/a>\n\t\t\t<\/div>\n\t\t\t\t<figcaption class='wp-caption-text gallery-caption' id='gallery-1-3397'>\n\t\t\t\tFunk\u010dn\u00ed model plaven\u00ed d\u0159eva\n\t\t\t\t<\/figcaption><\/figure><figure class='gallery-item'>\n\t\t\t<div class='gallery-icon landscape'>\n\t\t\t\t<a data-elementor-open-lightbox=\"yes\" data-elementor-lightbox-slideshow=\"273e890\" data-elementor-lightbox-title=\"6 - Funkc\u030cni\u0301 model plaveni\u0301 dr\u030ceva\" data-e-action-hash=\"#elementor-action%3Aaction%3Dlightbox%26settings%3DeyJpZCI6MzQwMSwidXJsIjoiaHR0cHM6XC9cL3ZpYWZhYnJpbGlzLnp3LnBsXC93cC1jb250ZW50XC91cGxvYWRzXC8yMDIzXC8wN1wvNi1GdW5rY25pLW1vZGVsLXBsYXZlbmktZHJldmEuanBnIiwic2xpZGVzaG93IjoiMjczZTg5MCJ9\" href='https:\/\/viafabrilis.zw.pl\/wp-content\/uploads\/2023\/07\/6-Funkcni-model-plaveni-dreva.jpg'><img loading=\"lazy\" decoding=\"async\" width=\"640\" height=\"640\" src=\"https:\/\/viafabrilis.zw.pl\/wp-content\/uploads\/2023\/07\/6-Funkcni-model-plaveni-dreva-640x640.jpg\" class=\"attachment-monstroid2-thumb-justify size-monstroid2-thumb-justify\" alt=\"\" aria-describedby=\"gallery-1-3401\" srcset=\"https:\/\/viafabrilis.zw.pl\/wp-content\/uploads\/2023\/07\/6-Funkcni-model-plaveni-dreva-640x640.jpg 640w, https:\/\/viafabrilis.zw.pl\/wp-content\/uploads\/2023\/07\/6-Funkcni-model-plaveni-dreva-150x150.jpg 150w, https:\/\/viafabrilis.zw.pl\/wp-content\/uploads\/2023\/07\/6-Funkcni-model-plaveni-dreva-230x230.jpg 230w, https:\/\/viafabrilis.zw.pl\/wp-content\/uploads\/2023\/07\/6-Funkcni-model-plaveni-dreva-400x400.jpg 400w\" sizes=\"(max-width: 640px) 100vw, 640px\" \/><\/a>\n\t\t\t<\/div>\n\t\t\t\t<figcaption class='wp-caption-text gallery-caption' id='gallery-1-3401'>\n\t\t\t\tFunk\u010dn\u00ed model plaven\u00ed d\u0159eva\n\t\t\t\t<\/figcaption><\/figure><figure class='gallery-item'>\n\t\t\t<div class='gallery-icon landscape'>\n\t\t\t\t<a data-elementor-open-lightbox=\"yes\" data-elementor-lightbox-slideshow=\"273e890\" data-elementor-lightbox-title=\"7- Str\u030cecha se s\u030cindelovou krytinou\" data-e-action-hash=\"#elementor-action%3Aaction%3Dlightbox%26settings%3DeyJpZCI6MzQwNSwidXJsIjoiaHR0cHM6XC9cL3ZpYWZhYnJpbGlzLnp3LnBsXC93cC1jb250ZW50XC91cGxvYWRzXC8yMDIzXC8wN1wvNy1TdHJlY2hhLXNlLXNpbmRlbG92b3Uta3J5dGlub3UuanBnIiwic2xpZGVzaG93IjoiMjczZTg5MCJ9\" href='https:\/\/viafabrilis.zw.pl\/wp-content\/uploads\/2023\/07\/7-Strecha-se-sindelovou-krytinou.jpg'><img loading=\"lazy\" decoding=\"async\" width=\"640\" height=\"640\" src=\"https:\/\/viafabrilis.zw.pl\/wp-content\/uploads\/2023\/07\/7-Strecha-se-sindelovou-krytinou-640x640.jpg\" class=\"attachment-monstroid2-thumb-justify size-monstroid2-thumb-justify\" alt=\"\" aria-describedby=\"gallery-1-3405\" srcset=\"https:\/\/viafabrilis.zw.pl\/wp-content\/uploads\/2023\/07\/7-Strecha-se-sindelovou-krytinou-640x640.jpg 640w, https:\/\/viafabrilis.zw.pl\/wp-content\/uploads\/2023\/07\/7-Strecha-se-sindelovou-krytinou-150x150.jpg 150w, https:\/\/viafabrilis.zw.pl\/wp-content\/uploads\/2023\/07\/7-Strecha-se-sindelovou-krytinou-230x230.jpg 230w, https:\/\/viafabrilis.zw.pl\/wp-content\/uploads\/2023\/07\/7-Strecha-se-sindelovou-krytinou-400x400.jpg 400w\" sizes=\"(max-width: 640px) 100vw, 640px\" \/><\/a>\n\t\t\t<\/div>\n\t\t\t\t<figcaption class='wp-caption-text gallery-caption' id='gallery-1-3405'>\n\t\t\t\tSt\u0159echa se \u0161indelovou krytinou\n\t\t\t\t<\/figcaption><\/figure>\n\t\t<\/div>\n\t\t<\/div>\n\t\t\t\t\t\t<\/div>\n\t\t\t\t<\/div>\n\t\t\t\t\t<\/div>\n\t\t<\/div>\n\t\t\t\t\t<\/div>\n\t\t<\/section>\n\t\t\t\t<\/div>\n\t\t","protected":false},"excerpt":{"rendered":"<p>Lesnick\u00e1 a mysliveck\u00e1 expozice Spr\u00e1vy KRNAP Harrachov 269 512 46 Harrachov tel.: +420 481 528 310 e-mail: sindelka@krnap.cz www.krnap.cz otev\u00edrac\u00ed doba: \u00fater\u00fd \u2013 ned\u011ble: 9.00 &#8211; 12.00 a 13.00 &#8211; 17.00 Expozice \u0160indelka v Harrachov\u011b je um\u00edst\u011bna v \u017eulov\u00e9 historick\u00e9 budov\u011b t\u00e9ho\u017e jm\u00e9na. \u0160indelov\u00e1 st\u0159e\u0161n\u00ed krytina se zde vyr\u00e1b\u011bla od po\u010d\u00e1tku 19. stol. a\u017e do [&hellip;]<\/p>\n","protected":false},"author":1,"featured_media":3385,"parent":0,"menu_order":0,"comment_status":"closed","ping_status":"closed","template":"","meta":{"footnotes":""},"class_list":["post-3411","page","type-page","status-publish","has-post-thumbnail","hentry","entry","has-media"],"_links":{"self":[{"href":"https:\/\/viafabrilis.zw.pl\/cs\/wp-json\/wp\/v2\/pages\/3411","targetHints":{"allow":["GET"]}}],"collection":[{"href":"https:\/\/viafabrilis.zw.pl\/cs\/wp-json\/wp\/v2\/pages"}],"about":[{"href":"https:\/\/viafabrilis.zw.pl\/cs\/wp-json\/wp\/v2\/types\/page"}],"author":[{"embeddable":true,"href":"https:\/\/viafabrilis.zw.pl\/cs\/wp-json\/wp\/v2\/users\/1"}],"replies":[{"embeddable":true,"href":"https:\/\/viafabrilis.zw.pl\/cs\/wp-json\/wp\/v2\/comments?post=3411"}],"version-history":[{"count":6,"href":"https:\/\/viafabrilis.zw.pl\/cs\/wp-json\/wp\/v2\/pages\/3411\/revisions"}],"predecessor-version":[{"id":8930,"href":"https:\/\/viafabrilis.zw.pl\/cs\/wp-json\/wp\/v2\/pages\/3411\/revisions\/8930"}],"wp:featuredmedia":[{"embeddable":true,"href":"https:\/\/viafabrilis.zw.pl\/cs\/wp-json\/wp\/v2\/media\/3385"}],"wp:attachment":[{"href":"https:\/\/viafabrilis.zw.pl\/cs\/wp-json\/wp\/v2\/media?parent=3411"}],"curies":[{"name":"wp","href":"https:\/\/api.w.org\/{rel}","templated":true}]}}