{"id":3533,"date":"2023-07-13T16:58:20","date_gmt":"2023-07-13T14:58:20","guid":{"rendered":"https:\/\/viafabrilis.zw.pl\/?page_id=3533"},"modified":"2023-09-14T11:30:37","modified_gmt":"2023-09-14T09:30:37","slug":"sklarna-a-minipivovar-novosad-a-syn-harrachov-s-r-o","status":"publish","type":"page","link":"https:\/\/viafabrilis.zw.pl\/cs\/sklarna-a-minipivovar-novosad-a-syn-harrachov-s-r-o\/","title":{"rendered":"Skl\u00e1rna a minipivovar Novosad a syn Harrachov, s.r.o."},"content":{"rendered":"\t\t<div data-elementor-type=\"wp-page\" data-elementor-id=\"3533\" class=\"elementor elementor-3533\" data-elementor-post-type=\"page\">\n\t\t\t\t\t\t<section class=\"elementor-section elementor-top-section elementor-element elementor-element-11fe665 elementor-section-boxed elementor-section-height-default elementor-section-height-default\" data-id=\"11fe665\" data-element_type=\"section\" data-settings=\"{&quot;jet_parallax_layout_list&quot;:[]}\">\n\t\t\t\t\t\t<div class=\"elementor-container elementor-column-gap-default\">\n\t\t\t\t\t<div class=\"elementor-column elementor-col-50 elementor-top-column elementor-element elementor-element-c389522\" data-id=\"c389522\" data-element_type=\"column\">\n\t\t\t<div class=\"elementor-widget-wrap elementor-element-populated\">\n\t\t\t\t\t\t<div class=\"elementor-element elementor-element-46ed907 elementor-widget elementor-widget-text-editor\" data-id=\"46ed907\" data-element_type=\"widget\" data-widget_type=\"text-editor.default\">\n\t\t\t\t<div class=\"elementor-widget-container\">\n\t\t\t\t\t\t\t\t\t<p dir=\"ltr\" style=\"line-height: 1.3800000000000001; text-align: center; margin-top: 0pt; margin-bottom: 0pt;\"><span style=\"font-size: 12pt; font-family: 'Times New Roman'; color: #00000a; background-color: transparent; font-weight: 400; font-style: normal; font-variant: normal; text-decoration: none; vertical-align: baseline; white-space: pre-wrap;\">Harrachov 95<\/span><\/p><p dir=\"ltr\" style=\"line-height: 1.3800000000000001; text-align: center; margin-top: 0pt; margin-bottom: 0pt;\"><span style=\"font-size: 12pt; font-family: 'Times New Roman'; color: #00000a; background-color: transparent; font-weight: 400; font-style: normal; font-variant: normal; text-decoration: none; vertical-align: baseline; white-space: pre-wrap;\">512 46 Harrachov<\/span><\/p><p dir=\"ltr\" style=\"line-height: 1.3800000000000001; text-align: center; margin-top: 0pt; margin-bottom: 0pt;\"><span style=\"font-size: 12pt; font-family: 'Times New Roman'; color: #00000a; background-color: transparent; font-weight: 400; font-style: normal; font-variant: normal; text-decoration: none; vertical-align: baseline; white-space: pre-wrap;\">tel.: +420 481 528\u00a0141<\/span><\/p><p dir=\"ltr\" style=\"line-height: 1.3800000000000001; text-align: center; margin-top: 0pt; margin-bottom: 0pt;\"><span style=\"font-size: 12pt; font-family: 'Times New Roman'; color: #00000a; background-color: transparent; font-weight: 400; font-style: normal; font-variant: normal; text-decoration: none; vertical-align: baseline; white-space: pre-wrap;\">e-mail: turistik@sklarnaharrachov.cz<\/span><\/p><p dir=\"ltr\" style=\"line-height: 1.3800000000000001; text-align: center; margin-top: 0pt; margin-bottom: 0pt;\"><a style=\"text-decoration: none;\" href=\"http:\/\/www.sklarnaharrachov.cz\/\"><span style=\"font-size: 12pt; font-family: 'Times New Roman'; color: #986922; background-color: transparent; font-weight: 400; font-style: normal; font-variant: normal; text-decoration: underline; -webkit-text-decoration-skip: none; text-decoration-skip-ink: none; vertical-align: baseline; white-space: pre-wrap;\">www.sklarnaharrachov.cz<\/span><\/a><\/p><p dir=\"ltr\" style=\"line-height: 1.3800000000000001; text-align: center; margin-top: 0pt; margin-bottom: 0pt;\"><b id=\"docs-internal-guid-8a3d411f-7fff-9e0a-c34d-a2a300fcf623\" style=\"font-weight: normal;\"><br \/><br \/><br \/><\/b><\/p><p dir=\"ltr\" style=\"line-height: 1.3800000000000001; text-align: center; margin-top: 0pt; margin-bottom: 0pt;\"><span style=\"font-size: 12pt; font-family: 'Times New Roman'; color: #000000; background-color: transparent; font-weight: bold; font-style: normal; font-variant: normal; text-decoration: none; vertical-align: baseline; white-space: pre-wrap;\">otev\u00edrac\u00ed doba:<\/span><\/p><p dir=\"ltr\" style=\"line-height: 1.3800000000000001; text-align: center; margin-top: 0pt; margin-bottom: 0pt;\">\u00a0<\/p><p dir=\"ltr\" style=\"line-height: 1.3800000000000001; text-align: center; margin-top: 0pt; margin-bottom: 0pt;\"><span style=\"font-size: 12pt; font-family: 'Times New Roman'; color: #00000a; background-color: transparent; font-weight: 400; font-style: normal; font-variant: normal; text-decoration: none; vertical-align: baseline; white-space: pre-wrap;\">pond\u011bl\u00ed \u2013 ned\u011ble: 9.00 \u2013 15.00<\/span><\/p><div><span style=\"font-size: 12pt; font-family: 'Times New Roman'; color: #00000a; background-color: transparent; font-weight: 400; font-style: normal; font-variant: normal; text-decoration: none; vertical-align: baseline; white-space: pre-wrap;\">\u00a0<\/span><\/div><div><span style=\"font-size: 12pt; font-family: 'Times New Roman'; color: #00000a; background-color: transparent; font-weight: 400; font-style: normal; font-variant: normal; text-decoration: none; vertical-align: baseline; white-space: pre-wrap;\">\u00a0<\/span><\/div>\t\t\t\t\t\t\t\t<\/div>\n\t\t\t\t<\/div>\n\t\t\t\t\t<\/div>\n\t\t<\/div>\n\t\t\t\t<div class=\"elementor-column elementor-col-50 elementor-top-column elementor-element elementor-element-a04542d\" data-id=\"a04542d\" data-element_type=\"column\">\n\t\t\t<div class=\"elementor-widget-wrap elementor-element-populated\">\n\t\t\t\t\t\t<div class=\"elementor-element elementor-element-bc03912 elementor-widget elementor-widget-image\" data-id=\"bc03912\" data-element_type=\"widget\" data-widget_type=\"image.default\">\n\t\t\t\t<div class=\"elementor-widget-container\">\n\t\t\t\t\t\t\t\t\t\t\t\t\t\t\t<img fetchpriority=\"high\" decoding=\"async\" width=\"1024\" height=\"683\" src=\"https:\/\/viafabrilis.zw.pl\/wp-content\/uploads\/2023\/07\/3-Historicka-brusirna-skla-1024x683.jpg\" class=\"attachment-large size-large wp-image-3505\" alt=\"\" srcset=\"https:\/\/viafabrilis.zw.pl\/wp-content\/uploads\/2023\/07\/3-Historicka-brusirna-skla-1024x683.jpg 1024w, https:\/\/viafabrilis.zw.pl\/wp-content\/uploads\/2023\/07\/3-Historicka-brusirna-skla-300x200.jpg 300w, https:\/\/viafabrilis.zw.pl\/wp-content\/uploads\/2023\/07\/3-Historicka-brusirna-skla-768x512.jpg 768w, https:\/\/viafabrilis.zw.pl\/wp-content\/uploads\/2023\/07\/3-Historicka-brusirna-skla-600x400.jpg 600w, https:\/\/viafabrilis.zw.pl\/wp-content\/uploads\/2023\/07\/3-Historicka-brusirna-skla.jpg 1200w\" sizes=\"(max-width: 1024px) 100vw, 1024px\" \/>\t\t\t\t\t\t\t\t\t\t\t\t\t\t\t<\/div>\n\t\t\t\t<\/div>\n\t\t\t\t\t<\/div>\n\t\t<\/div>\n\t\t\t\t\t<\/div>\n\t\t<\/section>\n\t\t\t\t<section class=\"elementor-section elementor-top-section elementor-element elementor-element-a9e6aa7 elementor-section-boxed elementor-section-height-default elementor-section-height-default\" data-id=\"a9e6aa7\" data-element_type=\"section\" data-settings=\"{&quot;jet_parallax_layout_list&quot;:[]}\">\n\t\t\t\t\t\t<div class=\"elementor-container elementor-column-gap-default\">\n\t\t\t\t\t<div class=\"elementor-column elementor-col-100 elementor-top-column elementor-element elementor-element-4ab0d58\" data-id=\"4ab0d58\" data-element_type=\"column\">\n\t\t\t<div class=\"elementor-widget-wrap elementor-element-populated\">\n\t\t\t\t\t\t<div class=\"elementor-element elementor-element-d4fd0dc elementor-widget elementor-widget-text-editor\" data-id=\"d4fd0dc\" data-element_type=\"widget\" data-widget_type=\"text-editor.default\">\n\t\t\t\t<div class=\"elementor-widget-container\">\n\t\t\t\t\t\t\t\t\t<p dir=\"ltr\" style=\"line-height: 1.7999999999999998; margin-top: 5pt; margin-bottom: 0pt;\"><span style=\"font-size: 12pt; font-family: 'Times New Roman'; color: #00000a; background-color: transparent; font-weight: 400; font-style: normal; font-variant: normal; text-decoration: none; vertical-align: baseline; white-space: pre-wrap;\">Firma Skl\u00e1rna a minipivovar Novosad &amp; syn Harrachov, Czech Republic, s.r.o. provozuje od r. 1993 novosv\u011btskou skl\u00e1rnu zalo\u017eenou r. 1712. N\u00e1v\u0161t\u011bvn\u00edk\u016fm je zp\u0159\u00edstupn\u011bn v\u00fdrobn\u00ed provoz skl\u00e1rny p\u0159edstavuj\u00edc\u00ed kompletn\u00ed postup fouk\u00e1n\u00ed a tvarov\u00e1n\u00ed skla, v\u010detn\u011b dosud funk\u010dn\u00ed brus\u00edrny skla z roku 1895 poh\u00e1n\u011bn\u00e9 transmisemi a vodn\u00ed turb\u00ednou, kter\u00e1 je technickou pam\u00e1tkou chr\u00e1n\u011bnou UNESCO. Historii a sou\u010dasnost skl\u00e1rny p\u0159edstavuje prost\u0159ednictv\u00edm dobov\u00fdch fotografi\u00ed, skl\u00e1\u0159sk\u00e9ho n\u00e1\u010din\u00ed a zejm\u00e9na sb\u00edrky stylov\u00e9ho a technologick\u00e9ho v\u00fdvoje harrachovsk\u00e9ho skla Muzeum skla um\u00edst\u011bn\u00e9 v Pansk\u00e9m dom\u011b z roku 1737. Sou\u010d\u00e1st\u00ed are\u00e1lu skl\u00e1rny je i firemn\u00ed prodejna skla, minipivovar s restaurac\u00ed, cukr\u00e1rna a pivn\u00ed l\u00e1zn\u011b.<\/span><\/p><p><b id=\"docs-internal-guid-00372305-7fff-ffaf-f4d5-02eeec9059fd\" style=\"font-weight: normal;\">\u00a0<\/b><\/p><p dir=\"ltr\" style=\"line-height: 1.7999999999999998; margin-top: 5pt; margin-bottom: 0pt;\"><span style=\"font-size: 12pt; font-family: 'Times New Roman'; color: #00000a; background-color: transparent; font-weight: 400; font-style: normal; font-variant: normal; text-decoration: none; vertical-align: baseline; white-space: pre-wrap;\">Skl\u00e1rna v Nov\u00e9m Sv\u011bt\u011b byla zalo\u017eena na jilemnick\u00e9m panstv\u00ed rodu Harrach\u016f jako n\u00e1stupkyn\u011b zanikl\u00e9 skl\u00e1rny v R\u00fd\u017eovi\u0161ti. Prvn\u00edm majitelem byl Elias M\u00fcller, kter\u00fd p\u0159izp\u016fsobil provoz skl\u00e1rny v\u00fdrob\u011b barokn\u00edho k\u0159i\u0161\u0165\u00e1lu \u2013 z\u0159\u00eddil tu brus\u00edrnu a zam\u011bstnal rytce, mal\u00ed\u0159e a pozlacova\u010de skla. Roku 1764 p\u0159evzala vrchnost skl\u00e1rnu do vlastn\u00ed re\u017eie. Skl\u00e1rna vyr\u00e1b\u011bla p\u0159ev\u00e1\u017en\u011b u\u017eitkov\u00e9 sklo a k\u0159i\u0161\u0165\u00e1lov\u00e9 lustry. Polotovary dod\u00e1vala do rafin\u00e9rsk\u00fdch d\u00edlen v severn\u00edch \u010cech\u00e1ch a ve Slezsku.<\/span><\/p><p>\u00a0<\/p><p dir=\"ltr\" style=\"line-height: 1.7999999999999998; margin-top: 5pt; margin-bottom: 0pt;\"><span style=\"font-size: 12pt; font-family: 'Times New Roman'; color: #00000a; background-color: transparent; font-weight: 400; font-style: normal; font-variant: normal; text-decoration: none; vertical-align: baseline; white-space: pre-wrap;\">V sou\u010dasn\u00e9 dob\u011b vyr\u00e1b\u00ed p\u0159edev\u0161\u00edm luxusn\u00ed n\u00e1pojov\u00e9 sklo a lustrov\u00e9 d\u00edly. Je to jedin\u00e1 funguj\u00edc\u00ed skl\u00e1rna v Krkono\u0161\u00edch a nejstar\u0161\u00ed dosud funguj\u00edc\u00ed skl\u00e1rna na sv\u011bt\u011b.<\/span><\/p><div><span style=\"font-size: 12pt; font-family: 'Times New Roman'; color: #00000a; background-color: transparent; font-weight: 400; font-style: normal; font-variant: normal; text-decoration: none; vertical-align: baseline; white-space: pre-wrap;\">\u00a0<\/span><\/div>\t\t\t\t\t\t\t\t<\/div>\n\t\t\t\t<\/div>\n\t\t\t\t\t<\/div>\n\t\t<\/div>\n\t\t\t\t\t<\/div>\n\t\t<\/section>\n\t\t\t\t<section class=\"elementor-section elementor-top-section elementor-element elementor-element-6e734a3 elementor-section-boxed elementor-section-height-default elementor-section-height-default\" data-id=\"6e734a3\" data-element_type=\"section\" data-settings=\"{&quot;jet_parallax_layout_list&quot;:[]}\">\n\t\t\t\t\t\t<div class=\"elementor-container elementor-column-gap-default\">\n\t\t\t\t\t<div class=\"elementor-column elementor-col-100 elementor-top-column elementor-element elementor-element-3cda490\" data-id=\"3cda490\" data-element_type=\"column\">\n\t\t\t<div class=\"elementor-widget-wrap elementor-element-populated\">\n\t\t\t\t\t\t<div class=\"elementor-element elementor-element-2d7781d elementor-widget elementor-widget-image-gallery\" data-id=\"2d7781d\" data-element_type=\"widget\" data-widget_type=\"image-gallery.default\">\n\t\t\t\t<div class=\"elementor-widget-container\">\n\t\t\t\t\t\t\t<div class=\"elementor-image-gallery\">\n\t\t\t<div id='gallery-1' class='gallery galleryid-3533 gallery-columns-2 gallery-size-monstroid2-thumb-justify'><figure class='gallery-item'>\n\t\t\t<div class='gallery-icon landscape'>\n\t\t\t\t<a data-elementor-open-lightbox=\"yes\" data-elementor-lightbox-slideshow=\"2d7781d\" data-elementor-lightbox-title=\"Skl\u00e1rna Novosad a Syn, Harrachov, \u010cesk\u00e1 Republika\" data-e-action-hash=\"#elementor-action%3Aaction%3Dlightbox%26settings%3DeyJpZCI6MzUxMCwidXJsIjoiaHR0cHM6XC9cL3ZpYWZhYnJpbGlzLnp3LnBsXC93cC1jb250ZW50XC91cGxvYWRzXC8yMDIzXC8wN1wvMS1BcmVhbC1oYXJyYWNob3Zza2Utc2tsYXJueS1hLWthcGxlLXN2Li1BbHpiZXR5LmpwZyIsInNsaWRlc2hvdyI6IjJkNzc4MWQifQ%3D%3D\" href='https:\/\/viafabrilis.zw.pl\/wp-content\/uploads\/2023\/07\/1-Areal-harrachovske-sklarny-a-kaple-sv.-Alzbety.jpg'><img decoding=\"async\" width=\"640\" height=\"640\" src=\"https:\/\/viafabrilis.zw.pl\/wp-content\/uploads\/2023\/07\/1-Areal-harrachovske-sklarny-a-kaple-sv.-Alzbety-640x640.jpg\" class=\"attachment-monstroid2-thumb-justify size-monstroid2-thumb-justify\" alt=\"\" aria-describedby=\"gallery-1-3510\" srcset=\"https:\/\/viafabrilis.zw.pl\/wp-content\/uploads\/2023\/07\/1-Areal-harrachovske-sklarny-a-kaple-sv.-Alzbety-640x640.jpg 640w, https:\/\/viafabrilis.zw.pl\/wp-content\/uploads\/2023\/07\/1-Areal-harrachovske-sklarny-a-kaple-sv.-Alzbety-150x150.jpg 150w, https:\/\/viafabrilis.zw.pl\/wp-content\/uploads\/2023\/07\/1-Areal-harrachovske-sklarny-a-kaple-sv.-Alzbety-230x230.jpg 230w, https:\/\/viafabrilis.zw.pl\/wp-content\/uploads\/2023\/07\/1-Areal-harrachovske-sklarny-a-kaple-sv.-Alzbety-400x400.jpg 400w\" sizes=\"(max-width: 640px) 100vw, 640px\" \/><\/a>\n\t\t\t<\/div>\n\t\t\t\t<figcaption class='wp-caption-text gallery-caption' id='gallery-1-3510'>\n\t\t\t\tAre\u00e1l harrachovsk\u00e9 skl\u00e1rny a kaple sv. Al\u017eb\u011bty\n\t\t\t\t<\/figcaption><\/figure><figure class='gallery-item'>\n\t\t\t<div class='gallery-icon landscape'>\n\t\t\t\t<a data-elementor-open-lightbox=\"yes\" data-elementor-lightbox-slideshow=\"2d7781d\" data-elementor-lightbox-title=\"2 - Hutni\u0301 hala s pecemi\" data-e-action-hash=\"#elementor-action%3Aaction%3Dlightbox%26settings%3DeyJpZCI6MzUxNCwidXJsIjoiaHR0cHM6XC9cL3ZpYWZhYnJpbGlzLnp3LnBsXC93cC1jb250ZW50XC91cGxvYWRzXC8yMDIzXC8wN1wvMi1IdXRuaS1oYWxhLXMtcGVjZW1pLmpwZyIsInNsaWRlc2hvdyI6IjJkNzc4MWQifQ%3D%3D\" href='https:\/\/viafabrilis.zw.pl\/wp-content\/uploads\/2023\/07\/2-Hutni-hala-s-pecemi.jpg'><img decoding=\"async\" width=\"640\" height=\"640\" src=\"https:\/\/viafabrilis.zw.pl\/wp-content\/uploads\/2023\/07\/2-Hutni-hala-s-pecemi-640x640.jpg\" class=\"attachment-monstroid2-thumb-justify size-monstroid2-thumb-justify\" alt=\"\" aria-describedby=\"gallery-1-3514\" srcset=\"https:\/\/viafabrilis.zw.pl\/wp-content\/uploads\/2023\/07\/2-Hutni-hala-s-pecemi-640x640.jpg 640w, https:\/\/viafabrilis.zw.pl\/wp-content\/uploads\/2023\/07\/2-Hutni-hala-s-pecemi-150x150.jpg 150w, https:\/\/viafabrilis.zw.pl\/wp-content\/uploads\/2023\/07\/2-Hutni-hala-s-pecemi-230x230.jpg 230w, https:\/\/viafabrilis.zw.pl\/wp-content\/uploads\/2023\/07\/2-Hutni-hala-s-pecemi-400x400.jpg 400w\" sizes=\"(max-width: 640px) 100vw, 640px\" \/><\/a>\n\t\t\t<\/div>\n\t\t\t\t<figcaption class='wp-caption-text gallery-caption' id='gallery-1-3514'>\n\t\t\t\tHutn\u00ed hala s pecemi\n\t\t\t\t<\/figcaption><\/figure><figure class='gallery-item'>\n\t\t\t<div class='gallery-icon landscape'>\n\t\t\t\t<a data-elementor-open-lightbox=\"yes\" data-elementor-lightbox-slideshow=\"2d7781d\" data-elementor-lightbox-title=\"3 - Historicka\u0301 brusi\u0301rna skla\" data-e-action-hash=\"#elementor-action%3Aaction%3Dlightbox%26settings%3DeyJpZCI6MzUxOSwidXJsIjoiaHR0cHM6XC9cL3ZpYWZhYnJpbGlzLnp3LnBsXC93cC1jb250ZW50XC91cGxvYWRzXC8yMDIzXC8wN1wvMy1IaXN0b3JpY2thLWJydXNpcm5hLXNrbGEtMS5qcGciLCJzbGlkZXNob3ciOiIyZDc3ODFkIn0%3D\" href='https:\/\/viafabrilis.zw.pl\/wp-content\/uploads\/2023\/07\/3-Historicka-brusirna-skla-1.jpg'><img loading=\"lazy\" decoding=\"async\" width=\"640\" height=\"640\" src=\"https:\/\/viafabrilis.zw.pl\/wp-content\/uploads\/2023\/07\/3-Historicka-brusirna-skla-1-640x640.jpg\" class=\"attachment-monstroid2-thumb-justify size-monstroid2-thumb-justify\" alt=\"\" aria-describedby=\"gallery-1-3519\" srcset=\"https:\/\/viafabrilis.zw.pl\/wp-content\/uploads\/2023\/07\/3-Historicka-brusirna-skla-1-640x640.jpg 640w, https:\/\/viafabrilis.zw.pl\/wp-content\/uploads\/2023\/07\/3-Historicka-brusirna-skla-1-150x150.jpg 150w, https:\/\/viafabrilis.zw.pl\/wp-content\/uploads\/2023\/07\/3-Historicka-brusirna-skla-1-230x230.jpg 230w, https:\/\/viafabrilis.zw.pl\/wp-content\/uploads\/2023\/07\/3-Historicka-brusirna-skla-1-400x400.jpg 400w\" sizes=\"(max-width: 640px) 100vw, 640px\" \/><\/a>\n\t\t\t<\/div>\n\t\t\t\t<figcaption class='wp-caption-text gallery-caption' id='gallery-1-3519'>\n\t\t\t\tHistorick\u00e1 brus\u00edrna skla\n\t\t\t\t<\/figcaption><\/figure><figure class='gallery-item'>\n\t\t\t<div class='gallery-icon landscape'>\n\t\t\t\t<a data-elementor-open-lightbox=\"yes\" data-elementor-lightbox-slideshow=\"2d7781d\" data-elementor-lightbox-title=\"Skl\u00e1rna Harrachov\" data-e-action-hash=\"#elementor-action%3Aaction%3Dlightbox%26settings%3DeyJpZCI6MzUyMywidXJsIjoiaHR0cHM6XC9cL3ZpYWZhYnJpbGlzLnp3LnBsXC93cC1jb250ZW50XC91cGxvYWRzXC8yMDIzXC8wN1wvNC1Va2F6a3ktc291Y2FzbmUtcHJvZHVrY2Utc2tsYXJueS5qcGciLCJzbGlkZXNob3ciOiIyZDc3ODFkIn0%3D\" href='https:\/\/viafabrilis.zw.pl\/wp-content\/uploads\/2023\/07\/4-Ukazky-soucasne-produkce-sklarny.jpg'><img loading=\"lazy\" decoding=\"async\" width=\"640\" height=\"640\" src=\"https:\/\/viafabrilis.zw.pl\/wp-content\/uploads\/2023\/07\/4-Ukazky-soucasne-produkce-sklarny-640x640.jpg\" class=\"attachment-monstroid2-thumb-justify size-monstroid2-thumb-justify\" alt=\"\" aria-describedby=\"gallery-1-3523\" srcset=\"https:\/\/viafabrilis.zw.pl\/wp-content\/uploads\/2023\/07\/4-Ukazky-soucasne-produkce-sklarny-640x640.jpg 640w, https:\/\/viafabrilis.zw.pl\/wp-content\/uploads\/2023\/07\/4-Ukazky-soucasne-produkce-sklarny-150x150.jpg 150w, https:\/\/viafabrilis.zw.pl\/wp-content\/uploads\/2023\/07\/4-Ukazky-soucasne-produkce-sklarny-230x230.jpg 230w, https:\/\/viafabrilis.zw.pl\/wp-content\/uploads\/2023\/07\/4-Ukazky-soucasne-produkce-sklarny-400x400.jpg 400w\" sizes=\"(max-width: 640px) 100vw, 640px\" \/><\/a>\n\t\t\t<\/div>\n\t\t\t\t<figcaption class='wp-caption-text gallery-caption' id='gallery-1-3523'>\n\t\t\t\tUk\u00e1zky sou\u010dasn\u00e9 produkce skl\u00e1rny\n\t\t\t\t<\/figcaption><\/figure>\n\t\t<\/div>\n\t\t<\/div>\n\t\t\t\t\t\t<\/div>\n\t\t\t\t<\/div>\n\t\t\t\t\t<\/div>\n\t\t<\/div>\n\t\t\t\t\t<\/div>\n\t\t<\/section>\n\t\t\t\t<section class=\"elementor-section elementor-top-section elementor-element elementor-element-2cc51ab elementor-section-boxed elementor-section-height-default elementor-section-height-default\" data-id=\"2cc51ab\" data-element_type=\"section\" data-settings=\"{&quot;jet_parallax_layout_list&quot;:[]}\">\n\t\t\t\t\t\t<div class=\"elementor-container elementor-column-gap-default\">\n\t\t\t\t\t<div class=\"elementor-column elementor-col-100 elementor-top-column elementor-element elementor-element-2395fb5\" data-id=\"2395fb5\" data-element_type=\"column\">\n\t\t\t<div class=\"elementor-widget-wrap elementor-element-populated\">\n\t\t\t\t\t\t<div class=\"elementor-element elementor-element-ae9a56d elementor-widget elementor-widget-spacer\" data-id=\"ae9a56d\" data-element_type=\"widget\" data-widget_type=\"spacer.default\">\n\t\t\t\t<div class=\"elementor-widget-container\">\n\t\t\t\t\t\t\t<div class=\"elementor-spacer\">\n\t\t\t<div class=\"elementor-spacer-inner\"><\/div>\n\t\t<\/div>\n\t\t\t\t\t\t<\/div>\n\t\t\t\t<\/div>\n\t\t\t\t\t<\/div>\n\t\t<\/div>\n\t\t\t\t\t<\/div>\n\t\t<\/section>\n\t\t\t\t<\/div>\n\t\t","protected":false},"excerpt":{"rendered":"<p>Harrachov 95 512 46 Harrachov tel.: +420 481 528&nbsp;141 e-mail: turistik@sklarnaharrachov.cz www.sklarnaharrachov.cz otev\u00edrac\u00ed doba: pond\u011bl\u00ed \u2013 ned\u011ble: 9.00 \u2013 15.00 Firma Skl\u00e1rna a minipivovar Novosad &amp; syn Harrachov, Czech Republic, s.r.o. provozuje od r. 1993 novosv\u011btskou skl\u00e1rnu zalo\u017eenou r. 1712. N\u00e1v\u0161t\u011bvn\u00edk\u016fm je zp\u0159\u00edstupn\u011bn v\u00fdrobn\u00ed provoz skl\u00e1rny p\u0159edstavuj\u00edc\u00ed kompletn\u00ed postup fouk\u00e1n\u00ed a tvarov\u00e1n\u00ed skla, v\u010detn\u011b dosud [&hellip;]<\/p>\n","protected":false},"author":1,"featured_media":3519,"parent":0,"menu_order":0,"comment_status":"closed","ping_status":"closed","template":"","meta":{"footnotes":""},"class_list":["post-3533","page","type-page","status-publish","has-post-thumbnail","hentry","entry","has-media"],"_links":{"self":[{"href":"https:\/\/viafabrilis.zw.pl\/cs\/wp-json\/wp\/v2\/pages\/3533","targetHints":{"allow":["GET"]}}],"collection":[{"href":"https:\/\/viafabrilis.zw.pl\/cs\/wp-json\/wp\/v2\/pages"}],"about":[{"href":"https:\/\/viafabrilis.zw.pl\/cs\/wp-json\/wp\/v2\/types\/page"}],"author":[{"embeddable":true,"href":"https:\/\/viafabrilis.zw.pl\/cs\/wp-json\/wp\/v2\/users\/1"}],"replies":[{"embeddable":true,"href":"https:\/\/viafabrilis.zw.pl\/cs\/wp-json\/wp\/v2\/comments?post=3533"}],"version-history":[{"count":6,"href":"https:\/\/viafabrilis.zw.pl\/cs\/wp-json\/wp\/v2\/pages\/3533\/revisions"}],"predecessor-version":[{"id":8954,"href":"https:\/\/viafabrilis.zw.pl\/cs\/wp-json\/wp\/v2\/pages\/3533\/revisions\/8954"}],"wp:featuredmedia":[{"embeddable":true,"href":"https:\/\/viafabrilis.zw.pl\/cs\/wp-json\/wp\/v2\/media\/3519"}],"wp:attachment":[{"href":"https:\/\/viafabrilis.zw.pl\/cs\/wp-json\/wp\/v2\/media?parent=3533"}],"curies":[{"name":"wp","href":"https:\/\/api.w.org\/{rel}","templated":true}]}}