{"id":3989,"date":"2023-07-15T10:25:19","date_gmt":"2023-07-15T08:25:19","guid":{"rendered":"https:\/\/viafabrilis.zw.pl\/?page_id=3989"},"modified":"2024-02-10T16:47:06","modified_gmt":"2024-02-10T15:47:06","slug":"vlastivedne-muzeum-pro-vysoke-nad-jizerou-a-okoli","status":"publish","type":"page","link":"https:\/\/viafabrilis.zw.pl\/cs\/vlastivedne-muzeum-pro-vysoke-nad-jizerou-a-okoli\/","title":{"rendered":"Vlastiv\u011bdn\u00e9 muzeum pro Vysok\u00e9 nad Jizerou a okoli"},"content":{"rendered":"\t\t<div data-elementor-type=\"wp-page\" data-elementor-id=\"3989\" class=\"elementor elementor-3989\" data-elementor-post-type=\"page\">\n\t\t\t\t\t\t<section class=\"elementor-section elementor-top-section elementor-element elementor-element-30722e6 elementor-section-boxed elementor-section-height-default elementor-section-height-default\" data-id=\"30722e6\" data-element_type=\"section\" data-settings=\"{&quot;jet_parallax_layout_list&quot;:[]}\">\n\t\t\t\t\t\t<div class=\"elementor-container elementor-column-gap-default\">\n\t\t\t\t\t<div class=\"elementor-column elementor-col-50 elementor-top-column elementor-element elementor-element-c3ccecf\" data-id=\"c3ccecf\" data-element_type=\"column\">\n\t\t\t<div class=\"elementor-widget-wrap elementor-element-populated\">\n\t\t\t\t\t\t<div class=\"elementor-element elementor-element-80ff185 elementor-widget elementor-widget-text-editor\" data-id=\"80ff185\" data-element_type=\"widget\" data-widget_type=\"text-editor.default\">\n\t\t\t\t<div class=\"elementor-widget-container\">\n\t\t\t\t\t\t\t\t\t<p dir=\"ltr\" style=\"line-height: 1.3800000000000001; text-align: center; margin-top: 0pt; margin-bottom: 8pt;\"><span style=\"font-size: 12pt; font-family: 'Times New Roman'; color: #000000; background-color: transparent; font-variant-numeric: normal; font-variant-east-asian: normal; font-variant-alternates: normal; vertical-align: baseline; white-space-collapse: preserve;\">ThDr.Karla Farsk\u00e9ho 130<\/span><\/p><p dir=\"ltr\" style=\"line-height: 1.3800000000000001; text-align: center; margin-top: 0pt; margin-bottom: 0pt;\"><span style=\"font-size: 12pt; font-family: 'Times New Roman'; color: #000000; background-color: transparent; font-variant-numeric: normal; font-variant-east-asian: normal; font-variant-alternates: normal; vertical-align: baseline; white-space-collapse: preserve;\">512 11 Vysok\u00e9 nad Jizeou<\/span><\/p><p dir=\"ltr\" style=\"line-height: 1.3800000000000001; text-align: center; margin-top: 0pt; margin-bottom: 0pt;\"><a href=\"tel:+420\"><span style=\"font-size: 12pt; font-family: 'Times New Roman'; color: #000000; background-color: transparent; font-variant-numeric: normal; font-variant-east-asian: normal; font-variant-alternates: normal; vertical-align: baseline; white-space-collapse: preserve;\">tel.: +420<\/span><\/a><span style=\"font-size: 12pt; font-family: 'Times New Roman'; color: #000000; background-color: transparent; font-variant-numeric: normal; font-variant-east-asian: normal; font-variant-alternates: normal; vertical-align: baseline; white-space-collapse: preserve;\"> 481 593 118<\/span><\/p><p dir=\"ltr\" style=\"line-height: 1.3800000000000001; text-align: center; margin-top: 0pt; margin-bottom: 0pt;\"><span style=\"font-size: 12pt; font-family: 'Times New Roman'; color: #000000; background-color: transparent; font-variant-numeric: normal; font-variant-east-asian: normal; font-variant-alternates: normal; vertical-align: baseline; white-space-collapse: preserve;\">e-mail: muzeu@vysokenadjizerou.cz<\/span><\/p><p dir=\"ltr\" style=\"line-height: 1.3800000000000001; text-align: center; margin-top: 0pt; margin-bottom: 0pt;\"><a href=\"http:\/\/www.vysokenadjizerou.cz\"><span style=\"font-size: 12pt; font-family: 'Times New Roman'; color: #0000ff; background-color: transparent; font-variant-numeric: normal; font-variant-east-asian: normal; font-variant-alternates: normal; text-decoration-line: underline; text-decoration-skip-ink: none; vertical-align: baseline; white-space-collapse: preserve;\">www.vysokenadjizerou.cz<\/span><\/a><\/p><p>\u00a0<\/p><p dir=\"ltr\" style=\"line-height: 1.3800000000000001; text-align: center; margin-top: 0pt; margin-bottom: 0pt;\"><span style=\"font-size: 12pt; font-family: 'Times New Roman'; color: #000000; background-color: transparent; font-weight: bold; font-variant-numeric: normal; font-variant-east-asian: normal; font-variant-alternates: normal; vertical-align: baseline; white-space-collapse: preserve;\">otev\u00edrac\u00ed doba<\/span><span style=\"font-size: 12pt; font-family: 'Times New Roman'; color: #000000; background-color: transparent; font-variant-numeric: normal; font-variant-east-asian: normal; font-variant-alternates: normal; vertical-align: baseline; white-space-collapse: preserve;\">:<\/span><\/p><p dir=\"ltr\" style=\"line-height: 1.3800000000000001; text-align: center; margin-top: 0pt; margin-bottom: 10pt;\"><span style=\"font-size: 12pt; font-family: 'Times New Roman'; color: #000000; background-color: transparent; font-variant-numeric: normal; font-variant-east-asian: normal; font-variant-alternates: normal; vertical-align: baseline; white-space-collapse: preserve;\">\u00fater\u00fd &#8211; ned\u011ble: 9.00 &#8211; 12.00 a 13.00 &#8211; 16.00<\/span><\/p><p dir=\"ltr\" style=\"line-height: 1.3800000000000001; text-align: center; margin-top: 0pt; margin-bottom: 8pt;\"><span style=\"background-color: transparent; color: #000000; font-family: 'Times New Roman'; font-size: 12pt; white-space-collapse: preserve; letter-spacing: 0px; text-align: left;\">\u00a0<\/span><\/p>\t\t\t\t\t\t\t\t<\/div>\n\t\t\t\t<\/div>\n\t\t\t\t\t<\/div>\n\t\t<\/div>\n\t\t\t\t<div class=\"elementor-column elementor-col-50 elementor-top-column elementor-element elementor-element-3d8a65e\" data-id=\"3d8a65e\" data-element_type=\"column\">\n\t\t\t<div class=\"elementor-widget-wrap elementor-element-populated\">\n\t\t\t\t\t\t<div class=\"elementor-element elementor-element-e817ddb elementor-widget elementor-widget-image\" data-id=\"e817ddb\" data-element_type=\"widget\" data-widget_type=\"image.default\">\n\t\t\t\t<div class=\"elementor-widget-container\">\n\t\t\t\t\t\t\t\t\t\t\t\t\t\t\t<img fetchpriority=\"high\" decoding=\"async\" width=\"1024\" height=\"576\" src=\"https:\/\/viafabrilis.zw.pl\/wp-content\/uploads\/2023\/07\/01-z-internetu--1024x576.jpg\" class=\"attachment-large size-large wp-image-3961\" alt=\"\" srcset=\"https:\/\/viafabrilis.zw.pl\/wp-content\/uploads\/2023\/07\/01-z-internetu--1024x576.jpg 1024w, https:\/\/viafabrilis.zw.pl\/wp-content\/uploads\/2023\/07\/01-z-internetu--300x169.jpg 300w, https:\/\/viafabrilis.zw.pl\/wp-content\/uploads\/2023\/07\/01-z-internetu--768x432.jpg 768w, https:\/\/viafabrilis.zw.pl\/wp-content\/uploads\/2023\/07\/01-z-internetu--150x85.jpg 150w, https:\/\/viafabrilis.zw.pl\/wp-content\/uploads\/2023\/07\/01-z-internetu--600x338.jpg 600w, https:\/\/viafabrilis.zw.pl\/wp-content\/uploads\/2023\/07\/01-z-internetu-.jpg 1200w\" sizes=\"(max-width: 1024px) 100vw, 1024px\" \/>\t\t\t\t\t\t\t\t\t\t\t\t\t\t\t<\/div>\n\t\t\t\t<\/div>\n\t\t\t\t\t<\/div>\n\t\t<\/div>\n\t\t\t\t\t<\/div>\n\t\t<\/section>\n\t\t\t\t<section class=\"elementor-section elementor-top-section elementor-element elementor-element-f31d55c elementor-section-boxed elementor-section-height-default elementor-section-height-default\" data-id=\"f31d55c\" data-element_type=\"section\" data-settings=\"{&quot;jet_parallax_layout_list&quot;:[]}\">\n\t\t\t\t\t\t<div class=\"elementor-container elementor-column-gap-default\">\n\t\t\t\t\t<div class=\"elementor-column elementor-col-100 elementor-top-column elementor-element elementor-element-bef2195\" data-id=\"bef2195\" data-element_type=\"column\">\n\t\t\t<div class=\"elementor-widget-wrap elementor-element-populated\">\n\t\t\t\t\t\t<div class=\"elementor-element elementor-element-73ff2d9 elementor-widget elementor-widget-text-editor\" data-id=\"73ff2d9\" data-element_type=\"widget\" data-widget_type=\"text-editor.default\">\n\t\t\t\t<div class=\"elementor-widget-container\">\n\t\t\t\t\t\t\t\t\t<p><span style=\"font-weight: 400;\">Z\u00e1kladem muzea, z\u0159\u00edzen\u00e9ho roku 1930, se staly expon\u00e1ty pro N\u00e1rodopisnou v\u00fdstavu z roku 1895 konanou v Praze. St\u00e1l\u00e9 muzejn\u00ed expozice\u00a0 p\u0159edstavuj\u00ed\u00a0 \u010d\u00e1st bohat\u00fdch sb\u00edrek z historie m\u011bsta Vysok\u00e9 nad Jizerou, proslul\u00e9ho zejm\u00e9na ly\u017eov\u00e1n\u00edm a \u00a0nejstar\u0161\u00ed , dodnes \u017eivou tradic\u00ed ochotnick\u00e9ho divadla v\u00a0\u010cech\u00e1ch. P\u0159ipomenou historii st\u0159edov\u011bk\u00e9ho skl\u00e1\u0159stv\u00ed, panstv\u00ed hradu N\u00edst\u011bjka\u00a0 a zem\u011bd\u011blskou a \u0159emeslnou v\u00fdrobu i s\u00a0uk\u00e1zkami v\u00fdrobk\u016f. P\u0159ipomenou od\u011bv a n\u00e1bytek m\u011b\u0161\u0165ansk\u00e9 t\u0159\u00eddy, stejn\u011b jako oby\u010dejnou sv\u011btni\u010dku, v\u00a0n\u00ed\u017e nikde nechyb\u011bl tkalcovsk\u00fd stav, kolovr\u00e1tek, ale tak\u00e9 klemprda &#8211; stroj \u00a0 na sek\u00e1n\u00ed kor\u00e1lek a ma\u0161inky na jejich n\u00e1vlek. Ty ostatn\u011b najdete v\u00a0leckter\u00e9 dom\u00e1cnosti dodnes.<\/span><\/p><p><span style=\"font-weight: 400;\">N\u011bkde st\u00e1l i velk\u00fd \u0161ic\u00ed stroj pro \u0159emeslnou v\u00fdrobu typick\u00fdch vysock\u00fdch ba\u010dkor, speci\u00e1ln\u00ed odno\u017e \u0161evcovsk\u00e9ho \u0159emesla. Byly po okol\u00ed proslul\u00e9 d\u00edky sv\u00e9 n\u00edzk\u00e9 cen\u011b a prakti\u010dnosti. Vyr\u00e1b\u011bly se ze star\u00fdch koberc\u016f, obno\u0161en\u00fdch zimn\u00edch kab\u00e1t\u016f a jin\u00e9ho flanelov\u00e9ho oble\u010den\u00ed. V\u0161e se lepilo a pro\u0161\u00edvalo z\u00a0n\u011bkolika vrstev, proto \u201eba\u010dky\u201c byly tepl\u00e9 i \u010d\u00e1ste\u010dn\u011b nepromokav\u00e9.<\/span><\/p><p><span style=\"font-weight: 400;\">Betl\u00e9m\u00e1\u0159stv\u00ed na Vysocku je zastoupeno Hanu\u0161ov\u00fdm betl\u00e9mem a pak nejv\u011bt\u0161\u00edm l\u00e1kadlem muzea &#8211; pohybliv\u00fdm\u00a0 betl\u00e9mem Jana Metelky z konce 19.stolet\u00ed. Cel\u00fdm muzeem v\u00e1s prov\u00e1zej\u00ed rozli\u010dn\u00e9 figury, zpodob\u0148uj\u00edc\u00ed Krakono\u0161e.\u00a0<\/span><\/p>\t\t\t\t\t\t\t\t<\/div>\n\t\t\t\t<\/div>\n\t\t\t\t\t<\/div>\n\t\t<\/div>\n\t\t\t\t\t<\/div>\n\t\t<\/section>\n\t\t\t\t<section class=\"elementor-section elementor-top-section elementor-element elementor-element-dc716b0 elementor-section-boxed elementor-section-height-default elementor-section-height-default\" data-id=\"dc716b0\" data-element_type=\"section\" data-settings=\"{&quot;jet_parallax_layout_list&quot;:[]}\">\n\t\t\t\t\t\t<div class=\"elementor-container elementor-column-gap-default\">\n\t\t\t\t\t<div class=\"elementor-column elementor-col-100 elementor-top-column elementor-element elementor-element-d5d040f\" data-id=\"d5d040f\" data-element_type=\"column\">\n\t\t\t<div class=\"elementor-widget-wrap elementor-element-populated\">\n\t\t\t\t\t\t<div class=\"elementor-element elementor-element-31298a4 elementor-widget elementor-widget-image-gallery\" data-id=\"31298a4\" data-element_type=\"widget\" data-widget_type=\"image-gallery.default\">\n\t\t\t\t<div class=\"elementor-widget-container\">\n\t\t\t\t\t\t\t<div class=\"elementor-image-gallery\">\n\t\t\t<div id='gallery-1' class='gallery galleryid-3989 gallery-columns-4 gallery-size-monstroid2-thumb-justify'><figure class='gallery-item'>\n\t\t\t<div class='gallery-icon landscape'>\n\t\t\t\t<a data-elementor-open-lightbox=\"yes\" data-elementor-lightbox-slideshow=\"31298a4\" data-elementor-lightbox-title=\"1 - Budova muzea, dr\u030ci\u0301ve si\u0301dlo okresni\u0301ho soudu\" data-e-action-hash=\"#elementor-action%3Aaction%3Dlightbox%26settings%3DeyJpZCI6Mzk3MCwidXJsIjoiaHR0cHM6XC9cL3ZpYWZhYnJpbGlzLnp3LnBsXC93cC1jb250ZW50XC91cGxvYWRzXC8yMDIzXC8wN1wvMS1CdWRvdmEtbXV6ZWEtZHJpdmUtc2lkbG8tb2tyZXNuaWhvLXNvdWR1LmpwZyIsInNsaWRlc2hvdyI6IjMxMjk4YTQifQ%3D%3D\" href='https:\/\/viafabrilis.zw.pl\/wp-content\/uploads\/2023\/07\/1-Budova-muzea-drive-sidlo-okresniho-soudu.jpg'><img decoding=\"async\" width=\"640\" height=\"640\" src=\"https:\/\/viafabrilis.zw.pl\/wp-content\/uploads\/2023\/07\/1-Budova-muzea-drive-sidlo-okresniho-soudu-640x640.jpg\" class=\"attachment-monstroid2-thumb-justify size-monstroid2-thumb-justify\" alt=\"\" aria-describedby=\"gallery-1-3970\" srcset=\"https:\/\/viafabrilis.zw.pl\/wp-content\/uploads\/2023\/07\/1-Budova-muzea-drive-sidlo-okresniho-soudu-640x640.jpg 640w, https:\/\/viafabrilis.zw.pl\/wp-content\/uploads\/2023\/07\/1-Budova-muzea-drive-sidlo-okresniho-soudu-150x150.jpg 150w, https:\/\/viafabrilis.zw.pl\/wp-content\/uploads\/2023\/07\/1-Budova-muzea-drive-sidlo-okresniho-soudu-230x230.jpg 230w, https:\/\/viafabrilis.zw.pl\/wp-content\/uploads\/2023\/07\/1-Budova-muzea-drive-sidlo-okresniho-soudu-400x400.jpg 400w\" sizes=\"(max-width: 640px) 100vw, 640px\" \/><\/a>\n\t\t\t<\/div>\n\t\t\t\t<figcaption class='wp-caption-text gallery-caption' id='gallery-1-3970'>\n\t\t\t\tBudova muzea, d\u0159\u00edve s\u00eddlo okresn\u00edho soudu\n\t\t\t\t<\/figcaption><\/figure><figure class='gallery-item'>\n\t\t\t<div class='gallery-icon landscape'>\n\t\t\t\t<a data-elementor-open-lightbox=\"yes\" data-elementor-lightbox-slideshow=\"31298a4\" data-elementor-lightbox-title=\"muzeum, interi\u0165ry - Vysok\u0165 nad Jizerou\" data-e-action-hash=\"#elementor-action%3Aaction%3Dlightbox%26settings%3DeyJpZCI6Mzk3NSwidXJsIjoiaHR0cHM6XC9cL3ZpYWZhYnJpbGlzLnp3LnBsXC93cC1jb250ZW50XC91cGxvYWRzXC8yMDIzXC8wN1wvMi1CYWNrb3JhcnNreS1zaWNpLXN0cm9qLW5hLXByb3NpdmFuaS1wb2Rlc3ZpLmpwZyIsInNsaWRlc2hvdyI6IjMxMjk4YTQifQ%3D%3D\" href='https:\/\/viafabrilis.zw.pl\/wp-content\/uploads\/2023\/07\/2-Backorarsky-sici-stroj-na-prosivani-podesvi.jpg'><img decoding=\"async\" width=\"640\" height=\"640\" src=\"https:\/\/viafabrilis.zw.pl\/wp-content\/uploads\/2023\/07\/2-Backorarsky-sici-stroj-na-prosivani-podesvi-640x640.jpg\" class=\"attachment-monstroid2-thumb-justify size-monstroid2-thumb-justify\" alt=\"\" aria-describedby=\"gallery-1-3975\" srcset=\"https:\/\/viafabrilis.zw.pl\/wp-content\/uploads\/2023\/07\/2-Backorarsky-sici-stroj-na-prosivani-podesvi-640x640.jpg 640w, https:\/\/viafabrilis.zw.pl\/wp-content\/uploads\/2023\/07\/2-Backorarsky-sici-stroj-na-prosivani-podesvi-150x150.jpg 150w, https:\/\/viafabrilis.zw.pl\/wp-content\/uploads\/2023\/07\/2-Backorarsky-sici-stroj-na-prosivani-podesvi-230x230.jpg 230w, https:\/\/viafabrilis.zw.pl\/wp-content\/uploads\/2023\/07\/2-Backorarsky-sici-stroj-na-prosivani-podesvi-400x400.jpg 400w\" sizes=\"(max-width: 640px) 100vw, 640px\" \/><\/a>\n\t\t\t<\/div>\n\t\t\t\t<figcaption class='wp-caption-text gallery-caption' id='gallery-1-3975'>\n\t\t\t\tBa\u010dkor\u00e1\u0159sk\u00fd \u0161ic\u00ed stroj na pro\u0161\u00edv\u00e1n\u00ed pode\u0161v\u00ed\n\t\t\t\t<\/figcaption><\/figure><figure class='gallery-item'>\n\t\t\t<div class='gallery-icon portrait'>\n\t\t\t\t<a data-elementor-open-lightbox=\"yes\" data-elementor-lightbox-slideshow=\"31298a4\" data-elementor-lightbox-title=\"3 - Lyz\u030ce a brusle vyra\u0301be\u030cne\u0301 a uz\u030ci\u0301vane\u0301 na Vysocku\" data-e-action-hash=\"#elementor-action%3Aaction%3Dlightbox%26settings%3DeyJpZCI6Mzk3OSwidXJsIjoiaHR0cHM6XC9cL3ZpYWZhYnJpbGlzLnp3LnBsXC93cC1jb250ZW50XC91cGxvYWRzXC8yMDIzXC8wN1wvMy1MeXplLWEtYnJ1c2xlLXZ5cmFiZW5lLWEtdXppdmFuZS1uYS1WeXNvY2t1LmpwZyIsInNsaWRlc2hvdyI6IjMxMjk4YTQifQ%3D%3D\" href='https:\/\/viafabrilis.zw.pl\/wp-content\/uploads\/2023\/07\/3-Lyze-a-brusle-vyrabene-a-uzivane-na-Vysocku.jpg'><img loading=\"lazy\" decoding=\"async\" width=\"640\" height=\"640\" src=\"https:\/\/viafabrilis.zw.pl\/wp-content\/uploads\/2023\/07\/3-Lyze-a-brusle-vyrabene-a-uzivane-na-Vysocku-640x640.jpg\" class=\"attachment-monstroid2-thumb-justify size-monstroid2-thumb-justify\" alt=\"\" aria-describedby=\"gallery-1-3979\" srcset=\"https:\/\/viafabrilis.zw.pl\/wp-content\/uploads\/2023\/07\/3-Lyze-a-brusle-vyrabene-a-uzivane-na-Vysocku-640x640.jpg 640w, https:\/\/viafabrilis.zw.pl\/wp-content\/uploads\/2023\/07\/3-Lyze-a-brusle-vyrabene-a-uzivane-na-Vysocku-150x150.jpg 150w, https:\/\/viafabrilis.zw.pl\/wp-content\/uploads\/2023\/07\/3-Lyze-a-brusle-vyrabene-a-uzivane-na-Vysocku-230x230.jpg 230w, https:\/\/viafabrilis.zw.pl\/wp-content\/uploads\/2023\/07\/3-Lyze-a-brusle-vyrabene-a-uzivane-na-Vysocku-400x400.jpg 400w\" sizes=\"(max-width: 640px) 100vw, 640px\" \/><\/a>\n\t\t\t<\/div>\n\t\t\t\t<figcaption class='wp-caption-text gallery-caption' id='gallery-1-3979'>\n\t\t\t\tLy\u017ee a brusle vyr\u00e1b\u011bn\u00e9 a u\u017e\u00edvan\u00e9 na Vysocku\n\t\t\t\t<\/figcaption><\/figure><figure class='gallery-item'>\n\t\t\t<div class='gallery-icon landscape'>\n\t\t\t\t<a data-elementor-open-lightbox=\"yes\" data-elementor-lightbox-slideshow=\"31298a4\" data-elementor-lightbox-title=\"4 - Me\u030cstsky\u0301 znak se symboly zame\u030cstna\u0301ni\u0301 mi\u0301stni\u0301ch obyvatel, kolorovana\u0301 dr\u030cevor\u030cezba Fr.Hanus\u030ce pro Na\u0301rodopisnou vy\u0301stavu c\u030ceskoslovanskou v r. 1895\" data-e-action-hash=\"#elementor-action%3Aaction%3Dlightbox%26settings%3DeyJpZCI6Mzk4MywidXJsIjoiaHR0cHM6XC9cL3ZpYWZhYnJpbGlzLnp3LnBsXC93cC1jb250ZW50XC91cGxvYWRzXC8yMDIzXC8wN1wvNC1NZXN0c2t5LXpuYWstc2Utc3ltYm9seS16YW1lc3RuYW5pLW1pc3RuaWNoLW9ieXZhdGVsLWtvbG9yb3ZhbmEtZHJldm9yZXpiYS1Gci5IYW51c2UtcHJvLU5hcm9kb3Bpc25vdS12eXN0YXZ1LWNlc2tvc2xvdmFuc2tvdS12LXIuLTE4OTUuanBnIiwic2xpZGVzaG93IjoiMzEyOThhNCJ9\" href='https:\/\/viafabrilis.zw.pl\/wp-content\/uploads\/2023\/07\/4-Mestsky-znak-se-symboly-zamestnani-mistnich-obyvatel-kolorovana-drevorezba-Fr.Hanuse-pro-Narodopisnou-vystavu-ceskoslovanskou-v-r.-1895.jpg'><img loading=\"lazy\" decoding=\"async\" width=\"640\" height=\"640\" src=\"https:\/\/viafabrilis.zw.pl\/wp-content\/uploads\/2023\/07\/4-Mestsky-znak-se-symboly-zamestnani-mistnich-obyvatel-kolorovana-drevorezba-Fr.Hanuse-pro-Narodopisnou-vystavu-ceskoslovanskou-v-r.-1895-640x640.jpg\" class=\"attachment-monstroid2-thumb-justify size-monstroid2-thumb-justify\" alt=\"\" aria-describedby=\"gallery-1-3983\" srcset=\"https:\/\/viafabrilis.zw.pl\/wp-content\/uploads\/2023\/07\/4-Mestsky-znak-se-symboly-zamestnani-mistnich-obyvatel-kolorovana-drevorezba-Fr.Hanuse-pro-Narodopisnou-vystavu-ceskoslovanskou-v-r.-1895-640x640.jpg 640w, https:\/\/viafabrilis.zw.pl\/wp-content\/uploads\/2023\/07\/4-Mestsky-znak-se-symboly-zamestnani-mistnich-obyvatel-kolorovana-drevorezba-Fr.Hanuse-pro-Narodopisnou-vystavu-ceskoslovanskou-v-r.-1895-150x150.jpg 150w, https:\/\/viafabrilis.zw.pl\/wp-content\/uploads\/2023\/07\/4-Mestsky-znak-se-symboly-zamestnani-mistnich-obyvatel-kolorovana-drevorezba-Fr.Hanuse-pro-Narodopisnou-vystavu-ceskoslovanskou-v-r.-1895-230x230.jpg 230w, https:\/\/viafabrilis.zw.pl\/wp-content\/uploads\/2023\/07\/4-Mestsky-znak-se-symboly-zamestnani-mistnich-obyvatel-kolorovana-drevorezba-Fr.Hanuse-pro-Narodopisnou-vystavu-ceskoslovanskou-v-r.-1895-400x400.jpg 400w\" sizes=\"(max-width: 640px) 100vw, 640px\" \/><\/a>\n\t\t\t<\/div>\n\t\t\t\t<figcaption class='wp-caption-text gallery-caption' id='gallery-1-3983'>\n\t\t\t\tM\u011bstsk\u00fd znak se symboly zam\u011bstn\u00e1n\u00ed m\u00edstn\u00edch obyvatel, kolorovan\u00e1 d\u0159evo\u0159ezba Fr.Hanu\u0161e pro N\u00e1rodopisnou v\u00fdstavu \u010deskoslovanskou v r. 1895\n\t\t\t\t<\/figcaption><\/figure>\n\t\t<\/div>\n\t\t<\/div>\n\t\t\t\t\t\t<\/div>\n\t\t\t\t<\/div>\n\t\t\t\t\t<\/div>\n\t\t<\/div>\n\t\t\t\t\t<\/div>\n\t\t<\/section>\n\t\t\t\t<\/div>\n\t\t","protected":false},"excerpt":{"rendered":"<p>ThDr.Karla Farsk\u00e9ho 130 512 11 Vysok\u00e9 nad Jizeou tel.: +420 481 593 118 e-mail: muzeu@vysokenadjizerou.cz www.vysokenadjizerou.cz otev\u00edrac\u00ed doba: \u00fater\u00fd &#8211; ned\u011ble: 9.00 &#8211; 12.00 a 13.00 &#8211; 16.00 Z\u00e1kladem muzea, z\u0159\u00edzen\u00e9ho roku 1930, se staly expon\u00e1ty pro N\u00e1rodopisnou v\u00fdstavu z roku 1895 konanou v Praze. St\u00e1l\u00e9 muzejn\u00ed expozice&nbsp; p\u0159edstavuj\u00ed&nbsp; \u010d\u00e1st bohat\u00fdch sb\u00edrek z historie m\u011bsta [&hellip;]<\/p>\n","protected":false},"author":1,"featured_media":3962,"parent":0,"menu_order":0,"comment_status":"closed","ping_status":"closed","template":"","meta":{"footnotes":""},"class_list":["post-3989","page","type-page","status-publish","has-post-thumbnail","hentry","entry","has-media"],"_links":{"self":[{"href":"https:\/\/viafabrilis.zw.pl\/cs\/wp-json\/wp\/v2\/pages\/3989","targetHints":{"allow":["GET"]}}],"collection":[{"href":"https:\/\/viafabrilis.zw.pl\/cs\/wp-json\/wp\/v2\/pages"}],"about":[{"href":"https:\/\/viafabrilis.zw.pl\/cs\/wp-json\/wp\/v2\/types\/page"}],"author":[{"embeddable":true,"href":"https:\/\/viafabrilis.zw.pl\/cs\/wp-json\/wp\/v2\/users\/1"}],"replies":[{"embeddable":true,"href":"https:\/\/viafabrilis.zw.pl\/cs\/wp-json\/wp\/v2\/comments?post=3989"}],"version-history":[{"count":5,"href":"https:\/\/viafabrilis.zw.pl\/cs\/wp-json\/wp\/v2\/pages\/3989\/revisions"}],"predecessor-version":[{"id":5866,"href":"https:\/\/viafabrilis.zw.pl\/cs\/wp-json\/wp\/v2\/pages\/3989\/revisions\/5866"}],"wp:featuredmedia":[{"embeddable":true,"href":"https:\/\/viafabrilis.zw.pl\/cs\/wp-json\/wp\/v2\/media\/3962"}],"wp:attachment":[{"href":"https:\/\/viafabrilis.zw.pl\/cs\/wp-json\/wp\/v2\/media?parent=3989"}],"curies":[{"name":"wp","href":"https:\/\/api.w.org\/{rel}","templated":true}]}}