{"id":4041,"date":"2023-07-15T10:39:27","date_gmt":"2023-07-15T08:39:27","guid":{"rendered":"https:\/\/viafabrilis.zw.pl\/?page_id=4041"},"modified":"2024-02-11T11:53:54","modified_gmt":"2024-02-11T10:53:54","slug":"pamatnik-zapadlych-vlastencu-v-pasekach-nad-jizerou","status":"publish","type":"page","link":"https:\/\/viafabrilis.zw.pl\/cs\/pamatnik-zapadlych-vlastencu-v-pasekach-nad-jizerou\/","title":{"rendered":"Pam\u00e1tn\u00edk zapadl\u00fdch vlastenc\u016f v Pasek\u00e1ch nad Jizerou"},"content":{"rendered":"\t\t<div data-elementor-type=\"wp-page\" data-elementor-id=\"4041\" class=\"elementor elementor-4041\" data-elementor-post-type=\"page\">\n\t\t\t\t\t\t<section class=\"elementor-section elementor-top-section elementor-element elementor-element-0a24269 elementor-section-boxed elementor-section-height-default elementor-section-height-default\" data-id=\"0a24269\" data-element_type=\"section\" data-settings=\"{&quot;jet_parallax_layout_list&quot;:[]}\">\n\t\t\t\t\t\t<div class=\"elementor-container elementor-column-gap-default\">\n\t\t\t\t\t<div class=\"elementor-column elementor-col-50 elementor-top-column elementor-element elementor-element-74488eb\" data-id=\"74488eb\" data-element_type=\"column\">\n\t\t\t<div class=\"elementor-widget-wrap elementor-element-populated\">\n\t\t\t\t\t\t<div class=\"elementor-element elementor-element-6e796a1 elementor-widget elementor-widget-text-editor\" data-id=\"6e796a1\" data-element_type=\"widget\" data-widget_type=\"text-editor.default\">\n\t\t\t\t<div class=\"elementor-widget-container\">\n\t\t\t\t\t\t\t\t\t<p dir=\"ltr\" style=\"line-height: 1.3800000000000001; text-align: center; margin-top: 0pt; margin-bottom: 0pt;\"><span style=\"font-size: 12pt; font-family: 'Times New Roman'; color: #000000; background-color: transparent; font-weight: 400; font-style: normal; font-variant: normal; text-decoration: none; vertical-align: baseline; white-space: pre-wrap;\">Paseky nad Jizerou 121<\/span><\/p><p dir=\"ltr\" style=\"line-height: 1.3800000000000001; text-align: center; margin-top: 0pt; margin-bottom: 0pt;\"><span style=\"font-size: 12pt; font-family: 'Times New Roman'; color: #000000; background-color: transparent; font-weight: 400; font-style: normal; font-variant: normal; text-decoration: none; vertical-align: baseline; white-space: pre-wrap;\">512 47 Paseky nad Jizerou<\/span><\/p><p dir=\"ltr\" style=\"line-height: 1.3800000000000001; text-align: center; margin-top: 0pt; margin-bottom: 0pt;\"><span style=\"font-size: 12pt; font-family: 'Times New Roman'; color: #000000; background-color: transparent; font-weight: 400; font-style: normal; font-variant: normal; text-decoration: none; vertical-align: baseline; white-space: pre-wrap;\">Tel.: 481 523 609<\/span><\/p><p dir=\"ltr\" style=\"line-height: 1.3800000000000001; text-align: center; margin-top: 0pt; margin-bottom: 0pt;\"><span style=\"font-size: 12pt; font-family: 'Times New Roman'; color: #000000; background-color: transparent; font-weight: 400; font-style: normal; font-variant: normal; text-decoration: none; vertical-align: baseline; white-space: pre-wrap;\">E-mail: <\/span><span style=\"font-size: 12pt; font-family: 'Times New Roman'; color: #986922; background-color: transparent; font-weight: 400; font-style: normal; font-variant: normal; text-decoration: none; vertical-align: baseline; white-space: pre-wrap;\">muzeumpaseky@krnap.cz<\/span><\/p><p dir=\"ltr\" style=\"line-height: 1.3800000000000001; text-align: center; margin-top: 0pt; margin-bottom: 0pt;\"><a style=\"text-decoration: none;\" href=\"http:\/\/www.krnap.cz\/\"><span style=\"font-size: 12pt; font-family: 'Times New Roman'; color: #986922; background-color: transparent; font-weight: 400; font-style: normal; font-variant: normal; text-decoration: underline; -webkit-text-decoration-skip: none; text-decoration-skip-ink: none; vertical-align: baseline; white-space: pre-wrap;\">www.krnap.cz<\/span><\/a><\/p><p dir=\"ltr\" style=\"line-height: 1.38; text-align: center; margin-top: 0pt; margin-bottom: 0pt;\"><b id=\"docs-internal-guid-4bde1639-7fff-fe0d-ad6b-d98a10ab2700\" style=\"font-weight: normal;\"><br \/><br \/><\/b><\/p><p dir=\"ltr\" style=\"line-height: 1.3800000000000001; text-align: center; margin-top: 0pt; margin-bottom: 0pt;\"><span style=\"font-size: 12pt; font-family: 'Times New Roman'; color: #000000; background-color: transparent; font-weight: bold; font-style: normal; font-variant: normal; text-decoration: none; vertical-align: baseline; white-space: pre-wrap;\">otev\u00edrac\u00ed doba:<\/span><\/p><p dir=\"ltr\" style=\"line-height: 1.3800000000000001; text-align: center; margin-top: 0pt; margin-bottom: 0pt;\"><span style=\"font-size: 12pt; font-family: 'Times New Roman'; color: #000000; background-color: transparent; font-weight: 400; font-style: normal; font-variant: normal; text-decoration: none; vertical-align: baseline; white-space: pre-wrap;\">\u00fater\u00fd \u2013 ned\u011ble: 9.00 &#8211; 12.00 a 13.00 &#8211; 16.00<\/span><\/p><p dir=\"ltr\" style=\"line-height: 1.38; text-align: center; margin-top: 0pt; margin-bottom: 0pt;\">\u00a0<\/p><p dir=\"ltr\" style=\"line-height: 1.3800000000000001; text-align: center; margin-top: 0pt; margin-bottom: 0pt;\"><span style=\"font-size: 12pt; font-family: 'Times New Roman'; color: #000000; background-color: transparent; font-weight: 400; font-style: normal; font-variant: normal; text-decoration: none; vertical-align: baseline; white-space: pre-wrap;\">listopad zav\u0159eno<\/span><\/p><div><span style=\"font-size: 12pt; font-family: 'Times New Roman'; color: #000000; background-color: transparent; font-weight: 400; font-style: normal; font-variant: normal; text-decoration: none; vertical-align: baseline; white-space: pre-wrap;\">\u00a0<\/span><\/div><div><span style=\"font-size: 12pt; font-family: 'Times New Roman'; color: #000000; background-color: transparent; font-weight: 400; font-style: normal; font-variant: normal; text-decoration: none; vertical-align: baseline; white-space: pre-wrap;\">\u00a0<\/span><\/div>\t\t\t\t\t\t\t\t<\/div>\n\t\t\t\t<\/div>\n\t\t\t\t\t<\/div>\n\t\t<\/div>\n\t\t\t\t<div class=\"elementor-column elementor-col-50 elementor-top-column elementor-element elementor-element-12f9817\" data-id=\"12f9817\" data-element_type=\"column\">\n\t\t\t<div class=\"elementor-widget-wrap elementor-element-populated\">\n\t\t\t\t\t\t<div class=\"elementor-element elementor-element-9335df4 elementor-widget elementor-widget-image\" data-id=\"9335df4\" data-element_type=\"widget\" data-widget_type=\"image.default\">\n\t\t\t\t<div class=\"elementor-widget-container\">\n\t\t\t\t\t\t\t\t\t\t\t\t\t\t\t<img fetchpriority=\"high\" decoding=\"async\" width=\"1024\" height=\"678\" src=\"https:\/\/viafabrilis.zw.pl\/wp-content\/uploads\/2023\/07\/3-Pohyblivy-betlem-bratri-Skrabalku-1024x678.jpg\" class=\"attachment-large size-large wp-image-4006\" alt=\"\" srcset=\"https:\/\/viafabrilis.zw.pl\/wp-content\/uploads\/2023\/07\/3-Pohyblivy-betlem-bratri-Skrabalku-1024x678.jpg 1024w, https:\/\/viafabrilis.zw.pl\/wp-content\/uploads\/2023\/07\/3-Pohyblivy-betlem-bratri-Skrabalku-300x199.jpg 300w, https:\/\/viafabrilis.zw.pl\/wp-content\/uploads\/2023\/07\/3-Pohyblivy-betlem-bratri-Skrabalku-768x508.jpg 768w, https:\/\/viafabrilis.zw.pl\/wp-content\/uploads\/2023\/07\/3-Pohyblivy-betlem-bratri-Skrabalku-600x397.jpg 600w, https:\/\/viafabrilis.zw.pl\/wp-content\/uploads\/2023\/07\/3-Pohyblivy-betlem-bratri-Skrabalku.jpg 1200w\" sizes=\"(max-width: 1024px) 100vw, 1024px\" \/>\t\t\t\t\t\t\t\t\t\t\t\t\t\t\t<\/div>\n\t\t\t\t<\/div>\n\t\t\t\t\t<\/div>\n\t\t<\/div>\n\t\t\t\t\t<\/div>\n\t\t<\/section>\n\t\t\t\t<section class=\"elementor-section elementor-top-section elementor-element elementor-element-67d21b9 elementor-section-boxed elementor-section-height-default elementor-section-height-default\" data-id=\"67d21b9\" data-element_type=\"section\" data-settings=\"{&quot;jet_parallax_layout_list&quot;:[]}\">\n\t\t\t\t\t\t<div class=\"elementor-container elementor-column-gap-default\">\n\t\t\t\t\t<div class=\"elementor-column elementor-col-100 elementor-top-column elementor-element elementor-element-c2770c7\" data-id=\"c2770c7\" data-element_type=\"column\">\n\t\t\t<div class=\"elementor-widget-wrap elementor-element-populated\">\n\t\t\t\t\t\t<div class=\"elementor-element elementor-element-88a4481 elementor-widget elementor-widget-text-editor\" data-id=\"88a4481\" data-element_type=\"widget\" data-widget_type=\"text-editor.default\">\n\t\t\t\t<div class=\"elementor-widget-container\">\n\t\t\t\t\t\t\t\t\t<p><span style=\"font-weight: 400;\">Pam\u00e1tn\u00edk zapadl\u00fdch vlastenc\u016f v Pasek\u00e1ch nad Jizerou s\u00eddl\u00ed v budov\u011b b\u00fdval\u00e9 fary. Krom\u011b vlastiv\u011bdn\u00e9 expozice zam\u011b\u0159en\u00e9 na obec Paseky n. J. a bl\u00edzk\u00e9 okol\u00ed nab\u00edz\u00ed pohled do soustru\u017enick\u00e9 d\u00edlny s kompletn\u00edm vybaven\u00edm z konce 19. stolet\u00ed, uk\u00e1zku tkan\u00ed na tkalcovsk\u00e9m stavu, navl\u00e9k\u00e1n\u00ed kor\u00e1lk\u016f a st\u00e1lou v\u00fdstavu v\u011bnovanou krkono\u0161sk\u00e9 housla\u0159sk\u00e9 \u0161kole.<\/span><\/p><p>\u00a0<\/p><p><span style=\"font-weight: 400;\">Kolem poloviny 19. stolet\u00ed v Pasek\u00e1ch n. J. ve v\u011bt\u0161\u00edm mno\u017estv\u00ed vznikaly soustru\u017enick\u00e9 d\u00edlny. Ze d\u0159eva se obr\u00e1b\u011bly nejr\u016fzn\u011bj\u0161\u00ed p\u0159edm\u011bty pro b\u011b\u017en\u00e9 u\u017eit\u00ed v dom\u00e1cnost\u00ed a hospod\u00e1\u0159stv\u00ed, pot\u0159eby pro rukod\u011blnou v\u00fdrobu i textiln\u00ed pr\u016fmysl. Dlouhou tradici m\u00e1 v Pasek\u00e1ch n. J. tkalcovstv\u00ed. Na p\u0159elomu 19. a 20. stolet\u00ed bylo v obci zalo\u017eeno n\u011bkolik mechanick\u00fdch tkalcoven, v\u011bt\u0161inou u\u017e se stavy \u017eak\u00e1rov\u00fdmi. Tradi\u010dn\u00ed v\u00fdrobu demonstruj\u00ed pr\u016fvodkyn\u011b na tkalcovsk\u00e9m kobercov\u00e9m stavu z 2. poloviny 19. stolet\u00ed.<\/span><\/p><p>\u00a0<\/p><p><span style=\"font-weight: 400;\">D\u00edky konjunktu\u0159e jabloneck\u00e9ho pr\u016fmyslu bi\u017euterie od 60. let 19. stolet\u00ed se z Jablonecka do z\u00e1padn\u00edch i st\u0159edn\u00edch Krkono\u0161 jako nov\u00fd druh dom\u00e1ck\u00e9 pr\u00e1ce roz\u0161\u00ed\u0159ilo sek\u00e1n\u00ed a navl\u00e9k\u00e1n\u00ed kor\u00e1lk\u016f, kter\u00fd v\u011bt\u0161inou \u0161ly na v\u00fdvoz do Asie, Afriky a Americky jako materi\u00e1l k vy\u0161\u00edv\u00e1n\u00ed, n\u00e1\u0161ivek a bi\u017euterii.<\/span><\/p><p>\u00a0<\/p><p><span style=\"font-weight: 400;\">St\u00e1l\u00e1 v\u00fdstava krkono\u0161sk\u00e9 housla\u0159sk\u00e9 \u0161koly p\u0159edstavuje Paseky jako kol\u00e9bku krkono\u0161sk\u00e9ho housla\u0159stv\u00ed, v \u010dele s jej\u00edm zakladatelem V\u011bnceslavem Metelkou, m\u00edstn\u00edm p\u00edsm\u00e1kem, housla\u0159em a u\u010ditelsk\u00fdm pomocn\u00edkem. Unik\u00e1tn\u00ed sb\u00edrka hudebn\u00edch n\u00e1stroj\u016f zahrnuje pr\u00e1ce prvn\u00edch paseck\u00fdch housla\u0159\u016f a jejich \u017e\u00e1k\u016f a\u017e po sou\u010dasn\u00e9 housla\u0159e ze slavn\u00fdch rod\u016f Pila\u0159\u016f a \u0160pidlen\u016f.<\/span><\/p>\t\t\t\t\t\t\t\t<\/div>\n\t\t\t\t<\/div>\n\t\t\t\t\t<\/div>\n\t\t<\/div>\n\t\t\t\t\t<\/div>\n\t\t<\/section>\n\t\t\t\t<section class=\"elementor-section elementor-top-section elementor-element elementor-element-3bbf511 elementor-section-boxed elementor-section-height-default elementor-section-height-default\" data-id=\"3bbf511\" data-element_type=\"section\" data-settings=\"{&quot;jet_parallax_layout_list&quot;:[]}\">\n\t\t\t\t\t\t<div class=\"elementor-container elementor-column-gap-default\">\n\t\t\t\t\t<div class=\"elementor-column elementor-col-100 elementor-top-column elementor-element elementor-element-2eb4793\" data-id=\"2eb4793\" data-element_type=\"column\">\n\t\t\t<div class=\"elementor-widget-wrap elementor-element-populated\">\n\t\t\t\t\t\t<div class=\"elementor-element elementor-element-2f7051b elementor-widget elementor-widget-image-gallery\" data-id=\"2f7051b\" data-element_type=\"widget\" data-widget_type=\"image-gallery.default\">\n\t\t\t\t<div class=\"elementor-widget-container\">\n\t\t\t\t\t\t\t<div class=\"elementor-image-gallery\">\n\t\t\t<div id='gallery-1' class='gallery galleryid-4041 gallery-columns-4 gallery-size-monstroid2-thumb-justify'><figure class='gallery-item'>\n\t\t\t<div class='gallery-icon landscape'>\n\t\t\t\t<a data-elementor-open-lightbox=\"yes\" data-elementor-lightbox-slideshow=\"2f7051b\" data-elementor-lightbox-title=\"1 - By\u0301vala\u0301 fara, dnes budova Krkonos\u030cske\u0301ho muzea \u2013 Pama\u0301tni\u0301ku zapadly\u0301ch vlastencu\u030a\" data-e-action-hash=\"#elementor-action%3Aaction%3Dlightbox%26settings%3DeyJpZCI6NDAxNCwidXJsIjoiaHR0cHM6XC9cL3ZpYWZhYnJpbGlzLnp3LnBsXC93cC1jb250ZW50XC91cGxvYWRzXC8yMDIzXC8wN1wvMS1CeXZhbGEtZmFyYS1kbmVzLWJ1ZG92YS1Lcmtvbm9zc2tlaG8tbXV6ZWEtXHUyMDEzLVBhbWF0bmlrdS16YXBhZGx5Y2gtdmxhc3RlbmN1LmpwZyIsInNsaWRlc2hvdyI6IjJmNzA1MWIifQ%3D%3D\" href='https:\/\/viafabrilis.zw.pl\/wp-content\/uploads\/2023\/07\/1-Byvala-fara-dnes-budova-Krkonosskeho-muzea-\u2013-Pamatniku-zapadlych-vlastencu.jpg'><img decoding=\"async\" width=\"640\" height=\"640\" src=\"https:\/\/viafabrilis.zw.pl\/wp-content\/uploads\/2023\/07\/1-Byvala-fara-dnes-budova-Krkonosskeho-muzea-\u2013-Pamatniku-zapadlych-vlastencu-640x640.jpg\" class=\"attachment-monstroid2-thumb-justify size-monstroid2-thumb-justify\" alt=\"\" aria-describedby=\"gallery-1-4014\" srcset=\"https:\/\/viafabrilis.zw.pl\/wp-content\/uploads\/2023\/07\/1-Byvala-fara-dnes-budova-Krkonosskeho-muzea-\u2013-Pamatniku-zapadlych-vlastencu-640x640.jpg 640w, https:\/\/viafabrilis.zw.pl\/wp-content\/uploads\/2023\/07\/1-Byvala-fara-dnes-budova-Krkonosskeho-muzea-\u2013-Pamatniku-zapadlych-vlastencu-150x150.jpg 150w, https:\/\/viafabrilis.zw.pl\/wp-content\/uploads\/2023\/07\/1-Byvala-fara-dnes-budova-Krkonosskeho-muzea-\u2013-Pamatniku-zapadlych-vlastencu-230x230.jpg 230w, https:\/\/viafabrilis.zw.pl\/wp-content\/uploads\/2023\/07\/1-Byvala-fara-dnes-budova-Krkonosskeho-muzea-\u2013-Pamatniku-zapadlych-vlastencu-400x400.jpg 400w\" sizes=\"(max-width: 640px) 100vw, 640px\" \/><\/a>\n\t\t\t<\/div>\n\t\t\t\t<figcaption class='wp-caption-text gallery-caption' id='gallery-1-4014'>\n\t\t\t\tB\u00fdval\u00e1 fara, dnes budova Krkono\u0161sk\u00e9ho muzea \u2013 Pam\u00e1tn\u00edku zapadl\u00fdch vlastenc\u016f\n\t\t\t\t<\/figcaption><\/figure><figure class='gallery-item'>\n\t\t\t<div class='gallery-icon landscape'>\n\t\t\t\t<a data-elementor-open-lightbox=\"yes\" data-elementor-lightbox-slideshow=\"2f7051b\" data-elementor-lightbox-title=\"2 - Expozice krkonos\u030cske\u0301 houslar\u030cske\u0301 s\u030ckoly\" data-e-action-hash=\"#elementor-action%3Aaction%3Dlightbox%26settings%3DeyJpZCI6NDAxOCwidXJsIjoiaHR0cHM6XC9cL3ZpYWZhYnJpbGlzLnp3LnBsXC93cC1jb250ZW50XC91cGxvYWRzXC8yMDIzXC8wN1wvMi1FeHBvemljZS1rcmtvbm9zc2tlLWhvdXNsYXJza2Utc2tvbHkuanBnIiwic2xpZGVzaG93IjoiMmY3MDUxYiJ9\" href='https:\/\/viafabrilis.zw.pl\/wp-content\/uploads\/2023\/07\/2-Expozice-krkonosske-houslarske-skoly.jpg'><img decoding=\"async\" width=\"640\" height=\"640\" src=\"https:\/\/viafabrilis.zw.pl\/wp-content\/uploads\/2023\/07\/2-Expozice-krkonosske-houslarske-skoly-640x640.jpg\" class=\"attachment-monstroid2-thumb-justify size-monstroid2-thumb-justify\" alt=\"\" aria-describedby=\"gallery-1-4018\" srcset=\"https:\/\/viafabrilis.zw.pl\/wp-content\/uploads\/2023\/07\/2-Expozice-krkonosske-houslarske-skoly-640x640.jpg 640w, https:\/\/viafabrilis.zw.pl\/wp-content\/uploads\/2023\/07\/2-Expozice-krkonosske-houslarske-skoly-150x150.jpg 150w, https:\/\/viafabrilis.zw.pl\/wp-content\/uploads\/2023\/07\/2-Expozice-krkonosske-houslarske-skoly-230x230.jpg 230w, https:\/\/viafabrilis.zw.pl\/wp-content\/uploads\/2023\/07\/2-Expozice-krkonosske-houslarske-skoly-400x400.jpg 400w\" sizes=\"(max-width: 640px) 100vw, 640px\" \/><\/a>\n\t\t\t<\/div>\n\t\t\t\t<figcaption class='wp-caption-text gallery-caption' id='gallery-1-4018'>\n\t\t\t\tExpozice krkono\u0161sk\u00e9 housla\u0159sk\u00e9 \u0161koly\n\t\t\t\t<\/figcaption><\/figure><figure class='gallery-item'>\n\t\t\t<div class='gallery-icon landscape'>\n\t\t\t\t<a data-elementor-open-lightbox=\"yes\" data-elementor-lightbox-slideshow=\"2f7051b\" data-elementor-lightbox-title=\"3 - Pohyblivy\u0301 betle\u0301m bratr\u030ci\u0301 S\u030ckraba\u0301lku\u030a\" data-e-action-hash=\"#elementor-action%3Aaction%3Dlightbox%26settings%3DeyJpZCI6NDAyMiwidXJsIjoiaHR0cHM6XC9cL3ZpYWZhYnJpbGlzLnp3LnBsXC93cC1jb250ZW50XC91cGxvYWRzXC8yMDIzXC8wN1wvMy1Qb2h5YmxpdnktYmV0bGVtLWJyYXRyaS1Ta3JhYmFsa3UtMS5qcGciLCJzbGlkZXNob3ciOiIyZjcwNTFiIn0%3D\" href='https:\/\/viafabrilis.zw.pl\/wp-content\/uploads\/2023\/07\/3-Pohyblivy-betlem-bratri-Skrabalku-1.jpg'><img loading=\"lazy\" decoding=\"async\" width=\"640\" height=\"640\" src=\"https:\/\/viafabrilis.zw.pl\/wp-content\/uploads\/2023\/07\/3-Pohyblivy-betlem-bratri-Skrabalku-1-640x640.jpg\" class=\"attachment-monstroid2-thumb-justify size-monstroid2-thumb-justify\" alt=\"\" aria-describedby=\"gallery-1-4022\" srcset=\"https:\/\/viafabrilis.zw.pl\/wp-content\/uploads\/2023\/07\/3-Pohyblivy-betlem-bratri-Skrabalku-1-640x640.jpg 640w, https:\/\/viafabrilis.zw.pl\/wp-content\/uploads\/2023\/07\/3-Pohyblivy-betlem-bratri-Skrabalku-1-150x150.jpg 150w, https:\/\/viafabrilis.zw.pl\/wp-content\/uploads\/2023\/07\/3-Pohyblivy-betlem-bratri-Skrabalku-1-230x230.jpg 230w, https:\/\/viafabrilis.zw.pl\/wp-content\/uploads\/2023\/07\/3-Pohyblivy-betlem-bratri-Skrabalku-1-400x400.jpg 400w\" sizes=\"(max-width: 640px) 100vw, 640px\" \/><\/a>\n\t\t\t<\/div>\n\t\t\t\t<figcaption class='wp-caption-text gallery-caption' id='gallery-1-4022'>\n\t\t\t\tPohybliv\u00fd betl\u00e9m brat\u0159\u00ed \u0160krab\u00e1lk\u016f\n\t\t\t\t<\/figcaption><\/figure><figure class='gallery-item'>\n\t\t\t<div class='gallery-icon landscape'>\n\t\t\t\t<a data-elementor-open-lightbox=\"yes\" data-elementor-lightbox-slideshow=\"2f7051b\" data-elementor-lightbox-title=\"4 - Pohled do soustruz\u030cnicke\u0301 di\u0301lny v expozici muzea \u2013 s\u030clapaci\u0301 soustruh a soustruz\u030cnicke\u0301 na\u0301stroje z konce 19. stol.\" data-e-action-hash=\"#elementor-action%3Aaction%3Dlightbox%26settings%3DeyJpZCI6NDAyNywidXJsIjoiaHR0cHM6XC9cL3ZpYWZhYnJpbGlzLnp3LnBsXC93cC1jb250ZW50XC91cGxvYWRzXC8yMDIzXC8wN1wvNC1Qb2hsZWQtZG8tc291c3RydXpuaWNrZS1kaWxueS12LWV4cG96aWNpLW11emVhLVx1MjAxMy1zbGFwYWNpLXNvdXN0cnVoLWEtc291c3RydXpuaWNrZS1uYXN0cm9qZS16LWtvbmNlLTE5Li1zdG9sLmpwZyIsInNsaWRlc2hvdyI6IjJmNzA1MWIifQ%3D%3D\" href='https:\/\/viafabrilis.zw.pl\/wp-content\/uploads\/2023\/07\/4-Pohled-do-soustruznicke-dilny-v-expozici-muzea-\u2013-slapaci-soustruh-a-soustruznicke-nastroje-z-konce-19.-stol.jpg'><img loading=\"lazy\" decoding=\"async\" width=\"640\" height=\"640\" src=\"https:\/\/viafabrilis.zw.pl\/wp-content\/uploads\/2023\/07\/4-Pohled-do-soustruznicke-dilny-v-expozici-muzea-\u2013-slapaci-soustruh-a-soustruznicke-nastroje-z-konce-19.-stol-640x640.jpg\" class=\"attachment-monstroid2-thumb-justify size-monstroid2-thumb-justify\" alt=\"\" aria-describedby=\"gallery-1-4027\" srcset=\"https:\/\/viafabrilis.zw.pl\/wp-content\/uploads\/2023\/07\/4-Pohled-do-soustruznicke-dilny-v-expozici-muzea-\u2013-slapaci-soustruh-a-soustruznicke-nastroje-z-konce-19.-stol-640x640.jpg 640w, https:\/\/viafabrilis.zw.pl\/wp-content\/uploads\/2023\/07\/4-Pohled-do-soustruznicke-dilny-v-expozici-muzea-\u2013-slapaci-soustruh-a-soustruznicke-nastroje-z-konce-19.-stol-150x150.jpg 150w, https:\/\/viafabrilis.zw.pl\/wp-content\/uploads\/2023\/07\/4-Pohled-do-soustruznicke-dilny-v-expozici-muzea-\u2013-slapaci-soustruh-a-soustruznicke-nastroje-z-konce-19.-stol-230x230.jpg 230w, https:\/\/viafabrilis.zw.pl\/wp-content\/uploads\/2023\/07\/4-Pohled-do-soustruznicke-dilny-v-expozici-muzea-\u2013-slapaci-soustruh-a-soustruznicke-nastroje-z-konce-19.-stol-400x400.jpg 400w\" sizes=\"(max-width: 640px) 100vw, 640px\" \/><\/a>\n\t\t\t<\/div>\n\t\t\t\t<figcaption class='wp-caption-text gallery-caption' id='gallery-1-4027'>\n\t\t\t\tPohled do soustru\u017enick\u00e9 d\u00edlny v expozici muzea \u2013 \u0161lapac\u00ed soustruh a soustru\u017enick\u00e9 n\u00e1stroje z konce 19. stol.\n\t\t\t\t<\/figcaption><\/figure><figure class='gallery-item'>\n\t\t\t<div class='gallery-icon landscape'>\n\t\t\t\t<a data-elementor-open-lightbox=\"yes\" data-elementor-lightbox-slideshow=\"2f7051b\" data-elementor-lightbox-title=\"5 - Ruc\u030cni\u0301 tkalcovske\u0301 stavy z 2.pol.19.stol. \u2013 c\u030clunkovy\u0301 a kobercovy\u0301\" data-e-action-hash=\"#elementor-action%3Aaction%3Dlightbox%26settings%3DeyJpZCI6NDAzMSwidXJsIjoiaHR0cHM6XC9cL3ZpYWZhYnJpbGlzLnp3LnBsXC93cC1jb250ZW50XC91cGxvYWRzXC8yMDIzXC8wN1wvNS1SdWNuaS10a2FsY292c2tlLXN0YXZ5LXotMi5wb2xfLjE5LnN0b2xfLi1cdTIwMTMtY2x1bmtvdnktYS1rb2JlcmNvdnkuanBnIiwic2xpZGVzaG93IjoiMmY3MDUxYiJ9\" href='https:\/\/viafabrilis.zw.pl\/wp-content\/uploads\/2023\/07\/5-Rucni-tkalcovske-stavy-z-2.pol_.19.stol_.-\u2013-clunkovy-a-kobercovy.jpg'><img loading=\"lazy\" decoding=\"async\" width=\"640\" height=\"640\" src=\"https:\/\/viafabrilis.zw.pl\/wp-content\/uploads\/2023\/07\/5-Rucni-tkalcovske-stavy-z-2.pol_.19.stol_.-\u2013-clunkovy-a-kobercovy-640x640.jpg\" class=\"attachment-monstroid2-thumb-justify size-monstroid2-thumb-justify\" alt=\"\" aria-describedby=\"gallery-1-4031\" srcset=\"https:\/\/viafabrilis.zw.pl\/wp-content\/uploads\/2023\/07\/5-Rucni-tkalcovske-stavy-z-2.pol_.19.stol_.-\u2013-clunkovy-a-kobercovy-640x640.jpg 640w, https:\/\/viafabrilis.zw.pl\/wp-content\/uploads\/2023\/07\/5-Rucni-tkalcovske-stavy-z-2.pol_.19.stol_.-\u2013-clunkovy-a-kobercovy-150x150.jpg 150w, https:\/\/viafabrilis.zw.pl\/wp-content\/uploads\/2023\/07\/5-Rucni-tkalcovske-stavy-z-2.pol_.19.stol_.-\u2013-clunkovy-a-kobercovy-230x230.jpg 230w, https:\/\/viafabrilis.zw.pl\/wp-content\/uploads\/2023\/07\/5-Rucni-tkalcovske-stavy-z-2.pol_.19.stol_.-\u2013-clunkovy-a-kobercovy-400x400.jpg 400w\" sizes=\"(max-width: 640px) 100vw, 640px\" \/><\/a>\n\t\t\t<\/div>\n\t\t\t\t<figcaption class='wp-caption-text gallery-caption' id='gallery-1-4031'>\n\t\t\t\tRu\u010dn\u00ed tkalcovsk\u00e9 stavy z 2. pol.19. stol. \u2013 \u010dlunkov\u00fd a kobercov\u00fd\n\t\t\t\t<\/figcaption><\/figure><figure class='gallery-item'>\n\t\t\t<div class='gallery-icon portrait'>\n\t\t\t\t<a data-elementor-open-lightbox=\"yes\" data-elementor-lightbox-slideshow=\"2f7051b\" data-elementor-lightbox-title=\"6 - Kory\u0301tka uz\u030ci\u0301vana\u0301 pr\u030ci navle\u0301ka\u0301ni\u0301 kora\u0301lku\u030a\" data-e-action-hash=\"#elementor-action%3Aaction%3Dlightbox%26settings%3DeyJpZCI6NDAzNSwidXJsIjoiaHR0cHM6XC9cL3ZpYWZhYnJpbGlzLnp3LnBsXC93cC1jb250ZW50XC91cGxvYWRzXC8yMDIzXC8wN1wvNi1Lb3J5dGthLXV6aXZhbmEtcHJpLW5hdmxla2FuaS1rb3JhbGt1LmpwZyIsInNsaWRlc2hvdyI6IjJmNzA1MWIifQ%3D%3D\" href='https:\/\/viafabrilis.zw.pl\/wp-content\/uploads\/2023\/07\/6-Korytka-uzivana-pri-navlekani-koralku.jpg'><img loading=\"lazy\" decoding=\"async\" width=\"640\" height=\"640\" src=\"https:\/\/viafabrilis.zw.pl\/wp-content\/uploads\/2023\/07\/6-Korytka-uzivana-pri-navlekani-koralku-640x640.jpg\" class=\"attachment-monstroid2-thumb-justify size-monstroid2-thumb-justify\" alt=\"\" aria-describedby=\"gallery-1-4035\" srcset=\"https:\/\/viafabrilis.zw.pl\/wp-content\/uploads\/2023\/07\/6-Korytka-uzivana-pri-navlekani-koralku-640x640.jpg 640w, https:\/\/viafabrilis.zw.pl\/wp-content\/uploads\/2023\/07\/6-Korytka-uzivana-pri-navlekani-koralku-150x150.jpg 150w, https:\/\/viafabrilis.zw.pl\/wp-content\/uploads\/2023\/07\/6-Korytka-uzivana-pri-navlekani-koralku-230x230.jpg 230w, https:\/\/viafabrilis.zw.pl\/wp-content\/uploads\/2023\/07\/6-Korytka-uzivana-pri-navlekani-koralku-400x400.jpg 400w\" sizes=\"(max-width: 640px) 100vw, 640px\" \/><\/a>\n\t\t\t<\/div>\n\t\t\t\t<figcaption class='wp-caption-text gallery-caption' id='gallery-1-4035'>\n\t\t\t\tKor\u00fdtka u\u017e\u00edvan\u00e1 p\u0159i navl\u00e9k\u00e1n\u00ed kor\u00e1lk\u016f\n\t\t\t\t<\/figcaption><\/figure>\n\t\t<\/div>\n\t\t<\/div>\n\t\t\t\t\t\t<\/div>\n\t\t\t\t<\/div>\n\t\t\t\t\t<\/div>\n\t\t<\/div>\n\t\t\t\t\t<\/div>\n\t\t<\/section>\n\t\t\t\t<\/div>\n\t\t","protected":false},"excerpt":{"rendered":"<p>Paseky nad Jizerou 121 512 47 Paseky nad Jizerou Tel.: 481 523 609 E-mail: muzeumpaseky@krnap.cz www.krnap.cz otev\u00edrac\u00ed doba: \u00fater\u00fd \u2013 ned\u011ble: 9.00 &#8211; 12.00 a 13.00 &#8211; 16.00 listopad zav\u0159eno Pam\u00e1tn\u00edk zapadl\u00fdch vlastenc\u016f v Pasek\u00e1ch nad Jizerou s\u00eddl\u00ed v budov\u011b b\u00fdval\u00e9 fary. Krom\u011b vlastiv\u011bdn\u00e9 expozice zam\u011b\u0159en\u00e9 na obec Paseky n. J. a bl\u00edzk\u00e9 okol\u00ed nab\u00edz\u00ed [&hellip;]<\/p>\n","protected":false},"author":1,"featured_media":4022,"parent":0,"menu_order":0,"comment_status":"closed","ping_status":"closed","template":"","meta":{"footnotes":""},"class_list":["post-4041","page","type-page","status-publish","has-post-thumbnail","hentry","entry","has-media"],"_links":{"self":[{"href":"https:\/\/viafabrilis.zw.pl\/cs\/wp-json\/wp\/v2\/pages\/4041","targetHints":{"allow":["GET"]}}],"collection":[{"href":"https:\/\/viafabrilis.zw.pl\/cs\/wp-json\/wp\/v2\/pages"}],"about":[{"href":"https:\/\/viafabrilis.zw.pl\/cs\/wp-json\/wp\/v2\/types\/page"}],"author":[{"embeddable":true,"href":"https:\/\/viafabrilis.zw.pl\/cs\/wp-json\/wp\/v2\/users\/1"}],"replies":[{"embeddable":true,"href":"https:\/\/viafabrilis.zw.pl\/cs\/wp-json\/wp\/v2\/comments?post=4041"}],"version-history":[{"count":6,"href":"https:\/\/viafabrilis.zw.pl\/cs\/wp-json\/wp\/v2\/pages\/4041\/revisions"}],"predecessor-version":[{"id":8950,"href":"https:\/\/viafabrilis.zw.pl\/cs\/wp-json\/wp\/v2\/pages\/4041\/revisions\/8950"}],"wp:featuredmedia":[{"embeddable":true,"href":"https:\/\/viafabrilis.zw.pl\/cs\/wp-json\/wp\/v2\/media\/4022"}],"wp:attachment":[{"href":"https:\/\/viafabrilis.zw.pl\/cs\/wp-json\/wp\/v2\/media?parent=4041"}],"curies":[{"name":"wp","href":"https:\/\/api.w.org\/{rel}","templated":true}]}}