{"id":4090,"date":"2023-07-15T10:57:34","date_gmt":"2023-07-15T08:57:34","guid":{"rendered":"https:\/\/viafabrilis.zw.pl\/?page_id=4090"},"modified":"2024-02-11T11:57:49","modified_gmt":"2024-02-11T10:57:49","slug":"muzeum-krkonosskych-remesel-v-ponikle","status":"publish","type":"page","link":"https:\/\/viafabrilis.zw.pl\/cs\/muzeum-krkonosskych-remesel-v-ponikle\/","title":{"rendered":"Muzeum krkono\u0161sk\u00fdch \u0159emesel v Ponikl\u00e9"},"content":{"rendered":"\t\t<div data-elementor-type=\"wp-page\" data-elementor-id=\"4090\" class=\"elementor elementor-4090\" data-elementor-post-type=\"page\">\n\t\t\t\t\t\t<section class=\"elementor-section elementor-top-section elementor-element elementor-element-c5b79c4 elementor-section-boxed elementor-section-height-default elementor-section-height-default\" data-id=\"c5b79c4\" data-element_type=\"section\" data-settings=\"{&quot;jet_parallax_layout_list&quot;:[]}\">\n\t\t\t\t\t\t<div class=\"elementor-container elementor-column-gap-default\">\n\t\t\t\t\t<div class=\"elementor-column elementor-col-50 elementor-top-column elementor-element elementor-element-180bd6c\" data-id=\"180bd6c\" data-element_type=\"column\">\n\t\t\t<div class=\"elementor-widget-wrap elementor-element-populated\">\n\t\t\t\t\t\t<div class=\"elementor-element elementor-element-65d9035 elementor-widget elementor-widget-text-editor\" data-id=\"65d9035\" data-element_type=\"widget\" data-widget_type=\"text-editor.default\">\n\t\t\t\t<div class=\"elementor-widget-container\">\n\t\t\t\t\t\t\t\t\t<p dir=\"ltr\" style=\"line-height: 1.3800000000000001; text-align: center; margin-top: 0pt; margin-bottom: 0pt;\"><span style=\"font-size: 12pt; font-family: 'Times New Roman'; color: #00000a; background-color: transparent; font-weight: 400; font-style: normal; font-variant: normal; text-decoration: none; vertical-align: baseline; white-space: pre-wrap;\">Jana Pi\u010dmanov\u00e1<\/span><\/p><p dir=\"ltr\" style=\"line-height: 1.3800000000000001; text-align: center; margin-top: 0pt; margin-bottom: 0pt;\"><span style=\"font-size: 12pt; font-family: 'Times New Roman'; color: #00000a; background-color: transparent; font-weight: 400; font-style: normal; font-variant: normal; text-decoration: none; vertical-align: baseline; white-space: pre-wrap;\">Ponikl\u00e1 156<\/span><\/p><p dir=\"ltr\" style=\"line-height: 1.3800000000000001; text-align: center; margin-top: 0pt; margin-bottom: 0pt;\"><span style=\"font-size: 12pt; font-family: 'Times New Roman'; color: #00000a; background-color: transparent; font-weight: 400; font-style: normal; font-variant: normal; text-decoration: none; vertical-align: baseline; white-space: pre-wrap;\">512 42 Ponikl\u00e1<\/span><\/p><p dir=\"ltr\" style=\"line-height: 1.3800000000000001; text-align: center; margin-top: 0pt; margin-bottom: 0pt;\"><span style=\"font-size: 12pt; font-family: 'Times New Roman'; color: #00000a; background-color: transparent; font-weight: 400; font-style: normal; font-variant: normal; text-decoration: none; vertical-align: baseline; white-space: pre-wrap;\">tel.: +420 732 326 198<\/span><\/p><p dir=\"ltr\" style=\"line-height: 1.3800000000000001; text-align: center; margin-top: 0pt; margin-bottom: 0pt;\"><span style=\"font-size: 12pt; font-family: 'Times New Roman'; color: #00000a; background-color: transparent; font-weight: 400; font-style: normal; font-variant: normal; text-decoration: none; vertical-align: baseline; white-space: pre-wrap;\">e-mail:<\/span> <span style=\"font-size: 12pt; font-family: 'Times New Roman'; color: #986922; background-color: transparent; font-weight: 400; font-style: normal; font-variant: normal; text-decoration: none; vertical-align: baseline; white-space: pre-wrap;\">muzeum@krkonose-muzeum.cz<\/span><\/p><p dir=\"ltr\" style=\"line-height: 1.3800000000000001; text-align: center; margin-top: 0pt; margin-bottom: 0pt;\"><a style=\"text-decoration: none;\" href=\"http:\/\/www.krkonose-muzeum.cz\/\"><span style=\"font-size: 12pt; font-family: 'Times New Roman'; color: #986922; background-color: transparent; font-weight: 400; font-style: normal; font-variant: normal; text-decoration: underline; -webkit-text-decoration-skip: none; text-decoration-skip-ink: none; vertical-align: baseline; white-space: pre-wrap;\">www.krkonose-muzeum.cz<\/span><\/a><\/p><p dir=\"ltr\" style=\"line-height: 1.38; text-align: center; margin-top: 0pt; margin-bottom: 0pt;\"><b id=\"docs-internal-guid-d86e5452-7fff-b4cc-73cf-a76faa516ea1\" style=\"font-weight: normal;\"><br \/><br \/><\/b><\/p><p dir=\"ltr\" style=\"line-height: 1.3800000000000001; text-align: center; margin-top: 0pt; margin-bottom: 0pt;\"><span style=\"font-size: 12pt; font-family: 'Times New Roman'; color: #000000; background-color: transparent; font-weight: bold; font-style: normal; font-variant: normal; text-decoration: none; vertical-align: baseline; white-space: pre-wrap;\">otev\u00edrac\u00ed doba:<\/span><\/p><p dir=\"ltr\" style=\"line-height: 1.3800000000000001; text-align: center; margin-top: 0pt; margin-bottom: 0pt;\"><span style=\"font-size: 12pt; font-family: 'Times New Roman'; color: #00000a; background-color: transparent; font-weight: 400; font-style: normal; font-variant: normal; text-decoration: none; vertical-align: baseline; white-space: pre-wrap;\">Muzeum je otev\u0159eno celoro\u010dn\u011b.\u00a0<\/span><\/p><p dir=\"ltr\" style=\"line-height: 1.3800000000000001; text-align: center; margin-top: 0pt; margin-bottom: 0pt;\"><span style=\"font-size: 12pt; font-family: 'Times New Roman'; color: #00000a; background-color: transparent; font-weight: 400; font-style: normal; font-variant: normal; text-decoration: none; vertical-align: baseline; white-space: pre-wrap;\">Otev\u00edrac\u00ed doba nen\u00ed stanovena, <\/span><span style=\"font-size: 12pt; font-family: 'Times New Roman'; color: #00000a; background-color: transparent; font-weight: bold; font-style: normal; font-variant: normal; text-decoration: none; vertical-align: baseline; white-space: pre-wrap;\">prohl\u00eddku je nutn\u00e9 p\u0159edem dohodnout<\/span><span style=\"font-size: 12pt; font-family: 'Times New Roman'; color: #00000a; background-color: transparent; font-weight: 400; font-style: normal; font-variant: normal; text-decoration: none; vertical-align: baseline; white-space: pre-wrap;\">.\u00a0<\/span><\/p><p dir=\"ltr\" style=\"line-height: 1.38; text-align: center; margin-top: 0pt; margin-bottom: 0pt;\">\u00a0<\/p><p dir=\"ltr\" style=\"line-height: 1.3800000000000001; text-align: center; margin-top: 0pt; margin-bottom: 0pt;\"><span style=\"font-size: 12pt; font-family: 'Times New Roman'; color: #00000a; background-color: transparent; font-weight: 400; font-style: normal; font-variant: normal; text-decoration: none; vertical-align: baseline; white-space: pre-wrap;\">Nejvhodn\u011bj\u0161\u00ed doba k n\u00e1v\u0161t\u011bv\u011b muzea v 10.00 a 14.00 hodin.<\/span><\/p><div><span style=\"font-size: 12pt; font-family: 'Times New Roman'; color: #00000a; background-color: transparent; font-weight: 400; font-style: normal; font-variant: normal; text-decoration: none; vertical-align: baseline; white-space: pre-wrap;\">\u00a0<\/span><\/div>\t\t\t\t\t\t\t\t<\/div>\n\t\t\t\t<\/div>\n\t\t\t\t\t<\/div>\n\t\t<\/div>\n\t\t\t\t<div class=\"elementor-column elementor-col-50 elementor-top-column elementor-element elementor-element-fbe3d8b\" data-id=\"fbe3d8b\" data-element_type=\"column\">\n\t\t\t<div class=\"elementor-widget-wrap elementor-element-populated\">\n\t\t\t\t\t\t<div class=\"elementor-element elementor-element-4548162 elementor-widget elementor-widget-image\" data-id=\"4548162\" data-element_type=\"widget\" data-widget_type=\"image.default\">\n\t\t\t\t<div class=\"elementor-widget-container\">\n\t\t\t\t\t\t\t\t\t\t\t\t\t\t\t<img fetchpriority=\"high\" decoding=\"async\" width=\"774\" height=\"518\" src=\"https:\/\/viafabrilis.zw.pl\/wp-content\/uploads\/2023\/07\/4-Ukazky-dratovani.jpeg\" class=\"attachment-large size-large wp-image-4062\" alt=\"\" srcset=\"https:\/\/viafabrilis.zw.pl\/wp-content\/uploads\/2023\/07\/4-Ukazky-dratovani.jpeg 774w, https:\/\/viafabrilis.zw.pl\/wp-content\/uploads\/2023\/07\/4-Ukazky-dratovani-300x201.jpeg 300w, https:\/\/viafabrilis.zw.pl\/wp-content\/uploads\/2023\/07\/4-Ukazky-dratovani-768x514.jpeg 768w, https:\/\/viafabrilis.zw.pl\/wp-content\/uploads\/2023\/07\/4-Ukazky-dratovani-600x402.jpeg 600w\" sizes=\"(max-width: 774px) 100vw, 774px\" \/>\t\t\t\t\t\t\t\t\t\t\t\t\t\t\t<\/div>\n\t\t\t\t<\/div>\n\t\t\t\t\t<\/div>\n\t\t<\/div>\n\t\t\t\t\t<\/div>\n\t\t<\/section>\n\t\t\t\t<section class=\"elementor-section elementor-top-section elementor-element elementor-element-fce06e8 elementor-section-boxed elementor-section-height-default elementor-section-height-default\" data-id=\"fce06e8\" data-element_type=\"section\" data-settings=\"{&quot;jet_parallax_layout_list&quot;:[]}\">\n\t\t\t\t\t\t<div class=\"elementor-container elementor-column-gap-default\">\n\t\t\t\t\t<div class=\"elementor-column elementor-col-100 elementor-top-column elementor-element elementor-element-aaff887\" data-id=\"aaff887\" data-element_type=\"column\">\n\t\t\t<div class=\"elementor-widget-wrap elementor-element-populated\">\n\t\t\t\t\t\t<div class=\"elementor-element elementor-element-d6c6003 elementor-widget elementor-widget-text-editor\" data-id=\"d6c6003\" data-element_type=\"widget\" data-widget_type=\"text-editor.default\">\n\t\t\t\t<div class=\"elementor-widget-container\">\n\t\t\t\t\t\t\t\t\t<p><span style=\"font-weight: 400;\">Soukrom\u00e9 muzeum man\u017eel\u016f Pi\u010dmanov\u00fdch se nach\u00e1z\u00ed v horn\u00ed \u010d\u00e1sti obce. Prvn\u00ed expozice byla otev\u0159ena w roce 1999 v p\u016fvodn\u00ed rouben\u00e9 stodole, nov\u00e1 \u010d\u00e1st v p\u0159\u00edstavb\u011b zah\u00e1jila provoz w roce 2004.<\/span><\/p><p>\u00a0<\/p><p><span style=\"font-weight: 400;\">Krom\u011b doklad\u016f tradi\u010dn\u00ed zem\u011bd\u011blsk\u00e9, \u0159emesln\u00e9 a dom\u00e1ck\u00e9 v\u00fdroby nab\u00edz\u00ed uk\u00e1zky star\u00fdch textili\u00ed od\u011bvn\u00edch i dekora\u010dn\u00edch a r\u016fzn\u00fdch technik jejich tvo\u0159en\u00ed a zdoben\u00ed, pohled do d\u011btsk\u00e9ho koutku se star\u00fdmi hra\u010dkami, do m\u00edstn\u00ed hosp\u016fdky, dobov\u00e9ho m\u00f3dn\u00edho sal\u00f3nu a dal\u0161\u00ed zaj\u00edmavosti. Odpo\u010dinout si lze v p\u0159\u00edjemn\u00e9 sv\u011btni\u010dce u \u201edobr\u00fdho kafe\u201d.<\/span><\/p><p>\u00a0<\/p><p><span style=\"font-weight: 400;\">Zem\u011bd\u011blskou v\u00fdrobu prezentuj\u00ed hospod\u00e1\u0159sk\u00e9 stroje a n\u00e1stroje na sklize\u0148 obil\u00ed a zpracov\u00e1n\u00ed sl\u00e1my. Z dal\u0161\u00edch typ\u016f zam\u011bstn\u00e1n\u00ed zdej\u0161\u00edch obyvatel je zvl\u00e1\u0161tn\u00ed pozornost v\u011bnov\u00e1na typick\u00e9 ponikelsk\u00e9 v\u00fdrob\u011b v\u00e1no\u010dn\u00edch ozdob z foukan\u00fdch perli\u010dek, navl\u00e9k\u00e1n\u00ed kor\u00e1lk\u016f, zpracov\u00e1n\u00ed lnu, \u0161evcovsk\u00e9mu \u0159emeslu, dr\u00e1tov\u00e1n\u00ed, truhl\u00e1\u0159sk\u00e9mu a tesa\u0159sk\u00e9mu \u0159emeslu.<\/span><\/p><p>\u00a0<\/p><p><span style=\"font-weight: 400;\">Muzeum \u00fazce spolupracuje se Vzd\u011bl\u00e1vac\u00edm spolkem um\u011bleck\u00fdch \u0159emesel se s\u00eddlem v Praze, kter\u00fd po\u0159\u00e1d\u00e1 v obci ka\u017ed\u00e9 l\u00e9to kurzy \u201eDesatera \u0159emesel\u201c, toti\u017e vede za pomoci sboru lektor\u016f praktickou v\u00fduku vybran\u00fdch \u0159emesel a v\u00fdrob \u2013 nap\u0159. krajk\u00e1\u0159stv\u00ed, batiku, tkan\u00ed, ko\u0161\u00edk\u00e1\u0159stv\u00ed a pleten\u00ed o\u0161atek, d\u0159evo\u0159ezbu, kov\u00e1\u0159stv\u00ed, tvorbu p\u00edskovcov\u00fdch plastik aj.<\/span><\/p><p><br \/><br \/><\/p>\t\t\t\t\t\t\t\t<\/div>\n\t\t\t\t<\/div>\n\t\t\t\t\t<\/div>\n\t\t<\/div>\n\t\t\t\t\t<\/div>\n\t\t<\/section>\n\t\t\t\t<section class=\"elementor-section elementor-top-section elementor-element elementor-element-dfd9001 elementor-section-boxed elementor-section-height-default elementor-section-height-default\" data-id=\"dfd9001\" data-element_type=\"section\" data-settings=\"{&quot;jet_parallax_layout_list&quot;:[]}\">\n\t\t\t\t\t\t<div class=\"elementor-container elementor-column-gap-default\">\n\t\t\t\t\t<div class=\"elementor-column elementor-col-100 elementor-top-column elementor-element elementor-element-0d2ea00\" data-id=\"0d2ea00\" data-element_type=\"column\">\n\t\t\t<div class=\"elementor-widget-wrap elementor-element-populated\">\n\t\t\t\t\t\t<div class=\"elementor-element elementor-element-be16b36 elementor-widget elementor-widget-image-gallery\" data-id=\"be16b36\" data-element_type=\"widget\" data-widget_type=\"image-gallery.default\">\n\t\t\t\t<div class=\"elementor-widget-container\">\n\t\t\t\t\t\t\t<div class=\"elementor-image-gallery\">\n\t\t\t<div id='gallery-1' class='gallery galleryid-4090 gallery-columns-4 gallery-size-monstroid2-thumb-justify'><figure class='gallery-item'>\n\t\t\t<div class='gallery-icon landscape'>\n\t\t\t\t<a data-elementor-open-lightbox=\"yes\" data-elementor-lightbox-slideshow=\"be16b36\" data-elementor-lightbox-title=\"1 - Budova muzea - pu\u030avodni\u0301 roubena\u0301 stodola s pr\u030ci\u0301stavbou\" data-e-action-hash=\"#elementor-action%3Aaction%3Dlightbox%26settings%3DeyJpZCI6NDA2NywidXJsIjoiaHR0cHM6XC9cL3ZpYWZhYnJpbGlzLnp3LnBsXC93cC1jb250ZW50XC91cGxvYWRzXC8yMDIzXC8wN1wvMS1CdWRvdmEtbXV6ZWEtcHV2b2RuaS1yb3ViZW5hLXN0b2RvbGEtcy1wcmlzdGF2Ym91LmpwZyIsInNsaWRlc2hvdyI6ImJlMTZiMzYifQ%3D%3D\" href='https:\/\/viafabrilis.zw.pl\/wp-content\/uploads\/2023\/07\/1-Budova-muzea-puvodni-roubena-stodola-s-pristavbou.jpg'><img decoding=\"async\" width=\"640\" height=\"640\" src=\"https:\/\/viafabrilis.zw.pl\/wp-content\/uploads\/2023\/07\/1-Budova-muzea-puvodni-roubena-stodola-s-pristavbou-640x640.jpg\" class=\"attachment-monstroid2-thumb-justify size-monstroid2-thumb-justify\" alt=\"\" aria-describedby=\"gallery-1-4067\" srcset=\"https:\/\/viafabrilis.zw.pl\/wp-content\/uploads\/2023\/07\/1-Budova-muzea-puvodni-roubena-stodola-s-pristavbou-640x640.jpg 640w, https:\/\/viafabrilis.zw.pl\/wp-content\/uploads\/2023\/07\/1-Budova-muzea-puvodni-roubena-stodola-s-pristavbou-150x150.jpg 150w, https:\/\/viafabrilis.zw.pl\/wp-content\/uploads\/2023\/07\/1-Budova-muzea-puvodni-roubena-stodola-s-pristavbou-230x230.jpg 230w, https:\/\/viafabrilis.zw.pl\/wp-content\/uploads\/2023\/07\/1-Budova-muzea-puvodni-roubena-stodola-s-pristavbou-400x400.jpg 400w\" sizes=\"(max-width: 640px) 100vw, 640px\" \/><\/a>\n\t\t\t<\/div>\n\t\t\t\t<figcaption class='wp-caption-text gallery-caption' id='gallery-1-4067'>\n\t\t\t\tBudova muzea &#8211; p\u016fvodn\u00ed rouben\u00e1 stodola s p\u0159\u00edstavbou\n\t\t\t\t<\/figcaption><\/figure><figure class='gallery-item'>\n\t\t\t<div class='gallery-icon landscape'>\n\t\t\t\t<a data-elementor-open-lightbox=\"yes\" data-elementor-lightbox-slideshow=\"be16b36\" data-elementor-lightbox-title=\"2 - C\u030ca\u0301st expozice ve\u030cnovana\u0301 zpracova\u0301ni\u0301 lnu, tkani\u0301 a tkanina\u0301m\" data-e-action-hash=\"#elementor-action%3Aaction%3Dlightbox%26settings%3DeyJpZCI6NDA3MSwidXJsIjoiaHR0cHM6XC9cL3ZpYWZhYnJpbGlzLnp3LnBsXC93cC1jb250ZW50XC91cGxvYWRzXC8yMDIzXC8wN1wvMi1DYXN0LWV4cG96aWNlLXZlbm92YW5hLXpwcmFjb3ZhbmktbG51LXRrYW5pLWEtdGthbmluYW0uanBnIiwic2xpZGVzaG93IjoiYmUxNmIzNiJ9\" href='https:\/\/viafabrilis.zw.pl\/wp-content\/uploads\/2023\/07\/2-Cast-expozice-venovana-zpracovani-lnu-tkani-a-tkaninam.jpg'><img decoding=\"async\" width=\"640\" height=\"640\" src=\"https:\/\/viafabrilis.zw.pl\/wp-content\/uploads\/2023\/07\/2-Cast-expozice-venovana-zpracovani-lnu-tkani-a-tkaninam-640x640.jpg\" class=\"attachment-monstroid2-thumb-justify size-monstroid2-thumb-justify\" alt=\"\" aria-describedby=\"gallery-1-4071\" srcset=\"https:\/\/viafabrilis.zw.pl\/wp-content\/uploads\/2023\/07\/2-Cast-expozice-venovana-zpracovani-lnu-tkani-a-tkaninam-640x640.jpg 640w, https:\/\/viafabrilis.zw.pl\/wp-content\/uploads\/2023\/07\/2-Cast-expozice-venovana-zpracovani-lnu-tkani-a-tkaninam-150x150.jpg 150w, https:\/\/viafabrilis.zw.pl\/wp-content\/uploads\/2023\/07\/2-Cast-expozice-venovana-zpracovani-lnu-tkani-a-tkaninam-230x230.jpg 230w, https:\/\/viafabrilis.zw.pl\/wp-content\/uploads\/2023\/07\/2-Cast-expozice-venovana-zpracovani-lnu-tkani-a-tkaninam-400x400.jpg 400w\" sizes=\"(max-width: 640px) 100vw, 640px\" \/><\/a>\n\t\t\t<\/div>\n\t\t\t\t<figcaption class='wp-caption-text gallery-caption' id='gallery-1-4071'>\n\t\t\t\t\u010c\u00e1st expozice v\u011bnovan\u00e1 zpracov\u00e1n\u00ed lnu, tkan\u00ed a tkanin\u00e1m\n\t\t\t\t<\/figcaption><\/figure><figure class='gallery-item'>\n\t\t\t<div class='gallery-icon landscape'>\n\t\t\t\t<a data-elementor-open-lightbox=\"yes\" data-elementor-lightbox-slideshow=\"be16b36\" data-elementor-lightbox-title=\"3 - S\u030cevcovsky\u0301 koutek\" data-e-action-hash=\"#elementor-action%3Aaction%3Dlightbox%26settings%3DeyJpZCI6NDA3NSwidXJsIjoiaHR0cHM6XC9cL3ZpYWZhYnJpbGlzLnp3LnBsXC93cC1jb250ZW50XC91cGxvYWRzXC8yMDIzXC8wN1wvMy1TZXZjb3Zza3kta291dGVrLmpwZyIsInNsaWRlc2hvdyI6ImJlMTZiMzYifQ%3D%3D\" href='https:\/\/viafabrilis.zw.pl\/wp-content\/uploads\/2023\/07\/3-Sevcovsky-koutek.jpg'><img loading=\"lazy\" decoding=\"async\" width=\"640\" height=\"640\" src=\"https:\/\/viafabrilis.zw.pl\/wp-content\/uploads\/2023\/07\/3-Sevcovsky-koutek-640x640.jpg\" class=\"attachment-monstroid2-thumb-justify size-monstroid2-thumb-justify\" alt=\"\" aria-describedby=\"gallery-1-4075\" srcset=\"https:\/\/viafabrilis.zw.pl\/wp-content\/uploads\/2023\/07\/3-Sevcovsky-koutek-640x640.jpg 640w, https:\/\/viafabrilis.zw.pl\/wp-content\/uploads\/2023\/07\/3-Sevcovsky-koutek-150x150.jpg 150w, https:\/\/viafabrilis.zw.pl\/wp-content\/uploads\/2023\/07\/3-Sevcovsky-koutek-230x230.jpg 230w, https:\/\/viafabrilis.zw.pl\/wp-content\/uploads\/2023\/07\/3-Sevcovsky-koutek-400x400.jpg 400w\" sizes=\"(max-width: 640px) 100vw, 640px\" \/><\/a>\n\t\t\t<\/div>\n\t\t\t\t<figcaption class='wp-caption-text gallery-caption' id='gallery-1-4075'>\n\t\t\t\t\u0160evcovsk\u00fd koutek\n\t\t\t\t<\/figcaption><\/figure><figure class='gallery-item'>\n\t\t\t<div class='gallery-icon landscape'>\n\t\t\t\t<a data-elementor-open-lightbox=\"yes\" data-elementor-lightbox-slideshow=\"be16b36\" data-elementor-lightbox-title=\"4 - Uka\u0301zky dra\u0301tova\u0301ni\u0301\" data-e-action-hash=\"#elementor-action%3Aaction%3Dlightbox%26settings%3DeyJpZCI6NDA3OSwidXJsIjoiaHR0cHM6XC9cL3ZpYWZhYnJpbGlzLnp3LnBsXC93cC1jb250ZW50XC91cGxvYWRzXC8yMDIzXC8wN1wvNC1Va2F6a3ktZHJhdG92YW5pLTEuanBlZyIsInNsaWRlc2hvdyI6ImJlMTZiMzYifQ%3D%3D\" href='https:\/\/viafabrilis.zw.pl\/wp-content\/uploads\/2023\/07\/4-Ukazky-dratovani-1.jpeg'><img loading=\"lazy\" decoding=\"async\" width=\"640\" height=\"640\" src=\"https:\/\/viafabrilis.zw.pl\/wp-content\/uploads\/2023\/07\/4-Ukazky-dratovani-1-640x640.jpeg\" class=\"attachment-monstroid2-thumb-justify size-monstroid2-thumb-justify\" alt=\"\" aria-describedby=\"gallery-1-4079\" srcset=\"https:\/\/viafabrilis.zw.pl\/wp-content\/uploads\/2023\/07\/4-Ukazky-dratovani-1-640x640.jpeg 640w, https:\/\/viafabrilis.zw.pl\/wp-content\/uploads\/2023\/07\/4-Ukazky-dratovani-1-150x150.jpeg 150w, https:\/\/viafabrilis.zw.pl\/wp-content\/uploads\/2023\/07\/4-Ukazky-dratovani-1-230x230.jpeg 230w, https:\/\/viafabrilis.zw.pl\/wp-content\/uploads\/2023\/07\/4-Ukazky-dratovani-1-400x400.jpeg 400w\" sizes=\"(max-width: 640px) 100vw, 640px\" \/><\/a>\n\t\t\t<\/div>\n\t\t\t\t<figcaption class='wp-caption-text gallery-caption' id='gallery-1-4079'>\n\t\t\t\tUk\u00e1zky dr\u00e1tov\u00e1n\u00ed\n\t\t\t\t<\/figcaption><\/figure><figure class='gallery-item'>\n\t\t\t<div class='gallery-icon landscape'>\n\t\t\t\t<a data-elementor-open-lightbox=\"yes\" data-elementor-lightbox-slideshow=\"be16b36\" data-elementor-lightbox-title=\"5 - Sbi\u0301rka truhla\u0301r\u030csky\u0301ch a tesar\u030csky\u0301ch na\u0301stroju\u030a\" data-e-action-hash=\"#elementor-action%3Aaction%3Dlightbox%26settings%3DeyJpZCI6NDA4NCwidXJsIjoiaHR0cHM6XC9cL3ZpYWZhYnJpbGlzLnp3LnBsXC93cC1jb250ZW50XC91cGxvYWRzXC8yMDIzXC8wN1wvNS1TYmlya2EtdHJ1aGxhcnNreWNoLWEtdGVzYXJza3ljaC1uYXN0cm9qdS5qcGciLCJzbGlkZXNob3ciOiJiZTE2YjM2In0%3D\" href='https:\/\/viafabrilis.zw.pl\/wp-content\/uploads\/2023\/07\/5-Sbirka-truhlarskych-a-tesarskych-nastroju.jpg'><img loading=\"lazy\" decoding=\"async\" width=\"640\" height=\"640\" src=\"https:\/\/viafabrilis.zw.pl\/wp-content\/uploads\/2023\/07\/5-Sbirka-truhlarskych-a-tesarskych-nastroju-640x640.jpg\" class=\"attachment-monstroid2-thumb-justify size-monstroid2-thumb-justify\" alt=\"\" aria-describedby=\"gallery-1-4084\" srcset=\"https:\/\/viafabrilis.zw.pl\/wp-content\/uploads\/2023\/07\/5-Sbirka-truhlarskych-a-tesarskych-nastroju-640x640.jpg 640w, https:\/\/viafabrilis.zw.pl\/wp-content\/uploads\/2023\/07\/5-Sbirka-truhlarskych-a-tesarskych-nastroju-150x150.jpg 150w, https:\/\/viafabrilis.zw.pl\/wp-content\/uploads\/2023\/07\/5-Sbirka-truhlarskych-a-tesarskych-nastroju-230x230.jpg 230w, https:\/\/viafabrilis.zw.pl\/wp-content\/uploads\/2023\/07\/5-Sbirka-truhlarskych-a-tesarskych-nastroju-400x400.jpg 400w\" sizes=\"(max-width: 640px) 100vw, 640px\" \/><\/a>\n\t\t\t<\/div>\n\t\t\t\t<figcaption class='wp-caption-text gallery-caption' id='gallery-1-4084'>\n\t\t\t\tSb\u00edrka truhl\u00e1\u0159sk\u00fdch a tesa\u0159sk\u00fdch n\u00e1stroj\u016f\n\t\t\t\t<\/figcaption><\/figure>\n\t\t<\/div>\n\t\t<\/div>\n\t\t\t\t\t\t<\/div>\n\t\t\t\t<\/div>\n\t\t\t\t\t<\/div>\n\t\t<\/div>\n\t\t\t\t\t<\/div>\n\t\t<\/section>\n\t\t\t\t<\/div>\n\t\t","protected":false},"excerpt":{"rendered":"<p>Jana Pi\u010dmanov\u00e1 Ponikl\u00e1 156 512 42 Ponikl\u00e1 tel.: +420 732 326 198 e-mail: muzeum@krkonose-muzeum.cz www.krkonose-muzeum.cz otev\u00edrac\u00ed doba: Muzeum je otev\u0159eno celoro\u010dn\u011b.&nbsp; Otev\u00edrac\u00ed doba nen\u00ed stanovena, prohl\u00eddku je nutn\u00e9 p\u0159edem dohodnout.&nbsp; Nejvhodn\u011bj\u0161\u00ed doba k n\u00e1v\u0161t\u011bv\u011b muzea v 10.00 a 14.00 hodin. Soukrom\u00e9 muzeum man\u017eel\u016f Pi\u010dmanov\u00fdch se nach\u00e1z\u00ed v horn\u00ed \u010d\u00e1sti obce. Prvn\u00ed expozice byla otev\u0159ena w [&hellip;]<\/p>\n","protected":false},"author":1,"featured_media":4079,"parent":0,"menu_order":0,"comment_status":"closed","ping_status":"closed","template":"","meta":{"footnotes":""},"class_list":["post-4090","page","type-page","status-publish","has-post-thumbnail","hentry","entry","has-media"],"_links":{"self":[{"href":"https:\/\/viafabrilis.zw.pl\/cs\/wp-json\/wp\/v2\/pages\/4090","targetHints":{"allow":["GET"]}}],"collection":[{"href":"https:\/\/viafabrilis.zw.pl\/cs\/wp-json\/wp\/v2\/pages"}],"about":[{"href":"https:\/\/viafabrilis.zw.pl\/cs\/wp-json\/wp\/v2\/types\/page"}],"author":[{"embeddable":true,"href":"https:\/\/viafabrilis.zw.pl\/cs\/wp-json\/wp\/v2\/users\/1"}],"replies":[{"embeddable":true,"href":"https:\/\/viafabrilis.zw.pl\/cs\/wp-json\/wp\/v2\/comments?post=4090"}],"version-history":[{"count":6,"href":"https:\/\/viafabrilis.zw.pl\/cs\/wp-json\/wp\/v2\/pages\/4090\/revisions"}],"predecessor-version":[{"id":8946,"href":"https:\/\/viafabrilis.zw.pl\/cs\/wp-json\/wp\/v2\/pages\/4090\/revisions\/8946"}],"wp:featuredmedia":[{"embeddable":true,"href":"https:\/\/viafabrilis.zw.pl\/cs\/wp-json\/wp\/v2\/media\/4079"}],"wp:attachment":[{"href":"https:\/\/viafabrilis.zw.pl\/cs\/wp-json\/wp\/v2\/media?parent=4090"}],"curies":[{"name":"wp","href":"https:\/\/api.w.org\/{rel}","templated":true}]}}