{"id":4139,"date":"2023-07-15T11:07:55","date_gmt":"2023-07-15T09:07:55","guid":{"rendered":"https:\/\/viafabrilis.zw.pl\/?page_id=4139"},"modified":"2024-02-11T12:12:16","modified_gmt":"2024-02-11T11:12:16","slug":"soukrome-muzeum-manzelu-brozovych-ve-frantiskove","status":"publish","type":"page","link":"https:\/\/viafabrilis.zw.pl\/cs\/soukrome-muzeum-manzelu-brozovych-ve-frantiskove\/","title":{"rendered":"Soukrom\u00e9 muzeum man\u017eel\u016f Bro\u017eov\u00fdch ve Franti\u0161kov\u011b"},"content":{"rendered":"\t\t<div data-elementor-type=\"wp-page\" data-elementor-id=\"4139\" class=\"elementor elementor-4139\" data-elementor-post-type=\"page\">\n\t\t\t\t\t\t<section class=\"elementor-section elementor-top-section elementor-element elementor-element-323b59a elementor-section-boxed elementor-section-height-default elementor-section-height-default\" data-id=\"323b59a\" data-element_type=\"section\" data-settings=\"{&quot;jet_parallax_layout_list&quot;:[]}\">\n\t\t\t\t\t\t<div class=\"elementor-container elementor-column-gap-default\">\n\t\t\t\t\t<div class=\"elementor-column elementor-col-50 elementor-top-column elementor-element elementor-element-fbe38c0\" data-id=\"fbe38c0\" data-element_type=\"column\">\n\t\t\t<div class=\"elementor-widget-wrap elementor-element-populated\">\n\t\t\t\t\t\t<div class=\"elementor-element elementor-element-0dddc3a elementor-widget elementor-widget-text-editor\" data-id=\"0dddc3a\" data-element_type=\"widget\" data-widget_type=\"text-editor.default\">\n\t\t\t\t<div class=\"elementor-widget-container\">\n\t\t\t\t\t\t\t\t\t<p dir=\"ltr\" style=\"line-height: 1.3800000000000001; text-align: center; margin-top: 0pt; margin-bottom: 0pt;\"><span style=\"font-size: 12pt; font-family: 'Times New Roman'; color: #000000; background-color: transparent; font-weight: 400; font-style: normal; font-variant: normal; text-decoration: none; vertical-align: baseline; white-space: pre-wrap;\">Star\u00fd krav\u00edn o.s<\/span><\/p><p dir=\"ltr\" style=\"line-height: 1.3800000000000001; text-align: center; margin-top: 0pt; margin-bottom: 0pt;\"><span style=\"font-size: 12pt; font-family: 'Times New Roman'; color: #000000; background-color: transparent; font-weight: 400; font-style: normal; font-variant: normal; text-decoration: none; vertical-align: baseline; white-space: pre-wrap;\">Franti\u0161kov 63<\/span><\/p><p dir=\"ltr\" style=\"line-height: 1.3800000000000001; text-align: center; margin-top: 0pt; margin-bottom: 0pt;\"><span style=\"font-size: 12pt; font-family: 'Times New Roman'; color: #000000; background-color: transparent; font-weight: 400; font-style: normal; font-variant: normal; text-decoration: none; vertical-align: baseline; white-space: pre-wrap;\">512 45 Rokytnice nad Jizerou<\/span><\/p><p dir=\"ltr\" style=\"line-height: 1.3800000000000001; text-align: center; margin-top: 0pt; margin-bottom: 0pt;\"><span style=\"font-size: 12pt; font-family: 'Times New Roman'; color: #000000; background-color: transparent; font-weight: 400; font-style: normal; font-variant: normal; text-decoration: none; vertical-align: baseline; white-space: pre-wrap;\">tel.: +420 775 970 180<\/span><\/p><p dir=\"ltr\" style=\"line-height: 1.3800000000000001; text-align: center; margin-top: 0pt; margin-bottom: 0pt;\"><span style=\"font-size: 12pt; font-family: 'Times New Roman'; color: #986922; background-color: transparent; font-weight: 400; font-style: normal; font-variant: normal; text-decoration: none; vertical-align: baseline; white-space: pre-wrap;\">email.: broza.jana@seznam.cz<\/span><\/p><p dir=\"ltr\" style=\"line-height: 1.3800000000000001; text-align: center; margin-top: 0pt; margin-bottom: 0pt;\"><a style=\"text-decoration: none;\" href=\"http:\/\/www.starykravin.cz\/\"><span style=\"font-size: 12pt; font-family: 'Times New Roman'; color: #986922; background-color: transparent; font-weight: 400; font-style: normal; font-variant: normal; text-decoration: underline; -webkit-text-decoration-skip: none; text-decoration-skip-ink: none; vertical-align: baseline; white-space: pre-wrap;\">www.starykravin.cz<\/span><\/a><\/p><p dir=\"ltr\" style=\"line-height: 1.3800000000000001; text-align: center; margin-top: 0pt; margin-bottom: 0pt;\"><b id=\"docs-internal-guid-65dcbe49-7fff-5a73-43d2-bf71c1c0ab26\" style=\"font-weight: normal;\">\u00a0<\/b><\/p><p dir=\"ltr\" style=\"line-height: 1.3800000000000001; text-align: center; margin-top: 0pt; margin-bottom: 0pt;\"><span style=\"font-size: 12pt; font-family: 'Times New Roman'; color: #000000; background-color: transparent; font-weight: bold; font-style: normal; font-variant: normal; text-decoration: none; vertical-align: baseline; white-space: pre-wrap;\">otev\u00edrac\u00ed doba<\/span><span style=\"font-size: 12pt; font-family: 'Times New Roman'; color: #000000; background-color: transparent; font-weight: 400; font-style: normal; font-variant: normal; text-decoration: none; vertical-align: baseline; white-space: pre-wrap;\">:<\/span><\/p><p dir=\"ltr\" style=\"line-height: 1.3800000000000001; text-align: center; margin-top: 0pt; margin-bottom: 0pt;\"><span style=\"font-size: 12pt; font-family: 'Times New Roman'; color: #000000; background-color: transparent; font-weight: 400; font-style: normal; font-variant: normal; text-decoration: none; vertical-align: baseline; white-space: pre-wrap;\">p\u00e1tek, sobota a ned\u011ble: 10.00 &#8211; 17.00 (prosinec \u2013 b\u0159ezen)<\/span><\/p><p dir=\"ltr\" style=\"line-height: 1.3800000000000001; text-align: center; margin-top: 0pt; margin-bottom: 0pt;\"><span style=\"font-size: 12pt; font-family: 'Times New Roman'; color: #000000; background-color: transparent; font-weight: 400; font-style: normal; font-variant: normal; text-decoration: none; vertical-align: baseline; white-space: pre-wrap;\">\u00fater\u00fd \u2013 ned\u011ble: 10.00 &#8211; 17.00 (kv\u011bten \u2013 \u0159\u00edjen)<\/span><\/p><p dir=\"ltr\" style=\"line-height: 1.3800000000000001; text-align: center; margin-top: 0pt; margin-bottom: 0pt;\">\u00a0<\/p><p dir=\"ltr\" style=\"line-height: 1.3800000000000001; text-align: center; margin-top: 0pt; margin-bottom: 0pt;\"><span style=\"font-size: 12pt; font-family: 'Times New Roman'; color: #000000; background-color: transparent; font-weight: 400; font-style: normal; font-variant: normal; text-decoration: none; vertical-align: baseline; white-space: pre-wrap;\">duben a listopad zav\u0159eno<\/span><\/p><div><span style=\"font-size: 12pt; font-family: 'Times New Roman'; color: #000000; background-color: transparent; font-weight: 400; font-style: normal; font-variant: normal; text-decoration: none; vertical-align: baseline; white-space: pre-wrap;\">\u00a0<\/span><\/div><div><span style=\"font-size: 12pt; font-family: 'Times New Roman'; color: #000000; background-color: transparent; font-weight: 400; font-style: normal; font-variant: normal; text-decoration: none; vertical-align: baseline; white-space: pre-wrap;\">\u00a0<\/span><\/div>\t\t\t\t\t\t\t\t<\/div>\n\t\t\t\t<\/div>\n\t\t\t\t\t<\/div>\n\t\t<\/div>\n\t\t\t\t<div class=\"elementor-column elementor-col-50 elementor-top-column elementor-element elementor-element-9e9a240\" data-id=\"9e9a240\" data-element_type=\"column\">\n\t\t\t<div class=\"elementor-widget-wrap elementor-element-populated\">\n\t\t\t\t\t\t<div class=\"elementor-element elementor-element-7c0603b elementor-widget elementor-widget-image\" data-id=\"7c0603b\" data-element_type=\"widget\" data-widget_type=\"image.default\">\n\t\t\t\t<div class=\"elementor-widget-container\">\n\t\t\t\t\t\t\t\t\t\t\t\t\t\t\t<img fetchpriority=\"high\" decoding=\"async\" width=\"1024\" height=\"683\" src=\"https:\/\/viafabrilis.zw.pl\/wp-content\/uploads\/2023\/07\/6-Hasicske-strikacky-ve-vstupni-casti-expozic-1024x683.jpg\" class=\"attachment-large size-large wp-image-4107\" alt=\"\" srcset=\"https:\/\/viafabrilis.zw.pl\/wp-content\/uploads\/2023\/07\/6-Hasicske-strikacky-ve-vstupni-casti-expozic-1024x683.jpg 1024w, https:\/\/viafabrilis.zw.pl\/wp-content\/uploads\/2023\/07\/6-Hasicske-strikacky-ve-vstupni-casti-expozic-300x200.jpg 300w, https:\/\/viafabrilis.zw.pl\/wp-content\/uploads\/2023\/07\/6-Hasicske-strikacky-ve-vstupni-casti-expozic-768x512.jpg 768w, https:\/\/viafabrilis.zw.pl\/wp-content\/uploads\/2023\/07\/6-Hasicske-strikacky-ve-vstupni-casti-expozic-600x400.jpg 600w, https:\/\/viafabrilis.zw.pl\/wp-content\/uploads\/2023\/07\/6-Hasicske-strikacky-ve-vstupni-casti-expozic.jpg 1200w\" sizes=\"(max-width: 1024px) 100vw, 1024px\" \/>\t\t\t\t\t\t\t\t\t\t\t\t\t\t\t<\/div>\n\t\t\t\t<\/div>\n\t\t\t\t\t<\/div>\n\t\t<\/div>\n\t\t\t\t\t<\/div>\n\t\t<\/section>\n\t\t\t\t<section class=\"elementor-section elementor-top-section elementor-element elementor-element-20a870e elementor-section-boxed elementor-section-height-default elementor-section-height-default\" data-id=\"20a870e\" data-element_type=\"section\" data-settings=\"{&quot;jet_parallax_layout_list&quot;:[]}\">\n\t\t\t\t\t\t<div class=\"elementor-container elementor-column-gap-default\">\n\t\t\t\t\t<div class=\"elementor-column elementor-col-100 elementor-top-column elementor-element elementor-element-daa6dff\" data-id=\"daa6dff\" data-element_type=\"column\">\n\t\t\t<div class=\"elementor-widget-wrap elementor-element-populated\">\n\t\t\t\t\t\t<div class=\"elementor-element elementor-element-d3b97e8 elementor-widget elementor-widget-text-editor\" data-id=\"d3b97e8\" data-element_type=\"widget\" data-widget_type=\"text-editor.default\">\n\t\t\t\t<div class=\"elementor-widget-container\">\n\t\t\t\t\t\t\t\t\t<p><span style=\"font-weight: 400;\">Soukrom\u00e9 muzeum man\u017eel\u016f Bro\u017eov\u00fdch ve Franti\u0161kov\u011b otev\u0159elo sv\u00e9 prvn\u00ed sb\u00edrky v \u010dervenci 2004. V\u0161e za\u010dalo malou expozic\u00ed hasi\u010dsk\u00fdch historick\u00fdch st\u0159\u00edka\u010dek, kter\u00e9 zap\u016fj\u010dily dobrovoln\u00e9 hasi\u010dsk\u00e9 spolky z okoln\u00edch vesnic. O rok pozd\u011bji bylo muzeum roz\u0161\u00ed\u0159eno o dal\u0161\u00ed m\u00edstnost, proto\u017ee iniciativa ve shroma\u017e\u010fov\u00e1n\u00ed historick\u00fdch st\u0159\u00edka\u010dek neustala, ba naopak se zvy\u0161ovala. V roce 2006 byla otev\u0159ena nad muzeem galerie pro prezentaci d\u011bl m\u00edstn\u00edch um\u011blc\u016f r\u016fzn\u00fdch obor\u016f. Dnes je zde k vid\u011bn\u00ed i uk\u00e1zka star\u00e9 horsk\u00e9 sv\u011btnice a sv\u00e1te\u010dn\u00edho pokoje z prvn\u00ed poloviny minul\u00e9ho stolet\u00ed.<\/span><\/p><p><span style=\"font-weight: 400;\">V muzeu vystavuj\u00ed krom\u011b u\u017e zm\u00edn\u011bn\u00fdch historick\u00fdch hasi\u010dsk\u00fdch st\u0159\u00edka\u010dek a zem\u011bd\u011blsk\u00fdch a dom\u00e1c\u00edch stroj\u016f na v\u00fdrobu \u010dehokoliv, tak\u00e9 n\u00e1stroje, n\u00e1\u0159ad\u00ed a n\u00e1\u010din\u00ed, kter\u00e9 slou\u017eilo v d\u0159\u00edv\u011bj\u0161\u00edch dob\u00e1ch krkono\u0161sk\u00fdm lidem k ob\u017eiv\u011b. Ned\u00edlnou sou\u010d\u00e1st\u00ed v\u00fdstavy jsou i kroje z dob d\u00e1vn\u00fdch. Mezi nejstar\u0161\u00ed vystavovan\u00e9 kousky pat\u0159\u00ed st\u0159\u00edka\u010dka z roku 1903 a decim\u00e1lka z roku 1825. Cel\u00e1 expozice se zam\u011b\u0159uje a popisuje d\u0159\u00edv\u011bj\u0161\u00ed nelehk\u00fd \u017eivot v Krkono\u0161\u00edch<\/span><\/p>\t\t\t\t\t\t\t\t<\/div>\n\t\t\t\t<\/div>\n\t\t\t\t\t<\/div>\n\t\t<\/div>\n\t\t\t\t\t<\/div>\n\t\t<\/section>\n\t\t\t\t<section class=\"elementor-section elementor-top-section elementor-element elementor-element-b390a86 elementor-section-boxed elementor-section-height-default elementor-section-height-default\" data-id=\"b390a86\" data-element_type=\"section\" data-settings=\"{&quot;jet_parallax_layout_list&quot;:[]}\">\n\t\t\t\t\t\t<div class=\"elementor-container elementor-column-gap-default\">\n\t\t\t\t\t<div class=\"elementor-column elementor-col-100 elementor-top-column elementor-element elementor-element-0e468ed\" data-id=\"0e468ed\" data-element_type=\"column\">\n\t\t\t<div class=\"elementor-widget-wrap elementor-element-populated\">\n\t\t\t\t\t\t<div class=\"elementor-element elementor-element-d00e860 elementor-widget elementor-widget-image-gallery\" data-id=\"d00e860\" data-element_type=\"widget\" data-widget_type=\"image-gallery.default\">\n\t\t\t\t<div class=\"elementor-widget-container\">\n\t\t\t\t\t\t\t<div class=\"elementor-image-gallery\">\n\t\t\t<div id='gallery-1' class='gallery galleryid-4139 gallery-columns-4 gallery-size-monstroid2-thumb-justify'><figure class='gallery-item'>\n\t\t\t<div class='gallery-icon landscape'>\n\t\t\t\t<a data-elementor-open-lightbox=\"yes\" data-elementor-lightbox-slideshow=\"d00e860\" data-elementor-lightbox-title=\"1 - Ume\u030clecke\u0301 a r\u030cemeslne\u0301 vy\u0301robky prezentovane\u0301 na expozice\" data-e-action-hash=\"#elementor-action%3Aaction%3Dlightbox%26settings%3DeyJpZCI6NDExMiwidXJsIjoiaHR0cHM6XC9cL3ZpYWZhYnJpbGlzLnp3LnBsXC93cC1jb250ZW50XC91cGxvYWRzXC8yMDIzXC8wN1wvMS1VbWVsZWNrZS1hLXJlbWVzbG5lLXZ5cm9ia3ktcHJlemVudG92YW5lLW5hLWV4cG96aWNlLmpwZyIsInNsaWRlc2hvdyI6ImQwMGU4NjAifQ%3D%3D\" href='https:\/\/viafabrilis.zw.pl\/wp-content\/uploads\/2023\/07\/1-Umelecke-a-remeslne-vyrobky-prezentovane-na-expozice.jpg'><img decoding=\"async\" width=\"640\" height=\"640\" src=\"https:\/\/viafabrilis.zw.pl\/wp-content\/uploads\/2023\/07\/1-Umelecke-a-remeslne-vyrobky-prezentovane-na-expozice-640x640.jpg\" class=\"attachment-monstroid2-thumb-justify size-monstroid2-thumb-justify\" alt=\"\" aria-describedby=\"gallery-1-4112\" srcset=\"https:\/\/viafabrilis.zw.pl\/wp-content\/uploads\/2023\/07\/1-Umelecke-a-remeslne-vyrobky-prezentovane-na-expozice-640x640.jpg 640w, https:\/\/viafabrilis.zw.pl\/wp-content\/uploads\/2023\/07\/1-Umelecke-a-remeslne-vyrobky-prezentovane-na-expozice-150x150.jpg 150w, https:\/\/viafabrilis.zw.pl\/wp-content\/uploads\/2023\/07\/1-Umelecke-a-remeslne-vyrobky-prezentovane-na-expozice-230x230.jpg 230w, https:\/\/viafabrilis.zw.pl\/wp-content\/uploads\/2023\/07\/1-Umelecke-a-remeslne-vyrobky-prezentovane-na-expozice-400x400.jpg 400w\" sizes=\"(max-width: 640px) 100vw, 640px\" \/><\/a>\n\t\t\t<\/div>\n\t\t\t\t<figcaption class='wp-caption-text gallery-caption' id='gallery-1-4112'>\n\t\t\t\tUm\u011bleck\u00e9 a \u0159emesln\u00e9 v\u00fdrobky prezentovan\u00e9 na expozice\n\t\t\t\t<\/figcaption><\/figure><figure class='gallery-item'>\n\t\t\t<div class='gallery-icon landscape'>\n\t\t\t\t<a data-elementor-open-lightbox=\"yes\" data-elementor-lightbox-slideshow=\"d00e860\" data-elementor-lightbox-title=\"2 - Ume\u030clecke\u0301 a r\u030cemeslne\u0301 vy\u0301robky prezentovane\u0301 na expozice\" data-e-action-hash=\"#elementor-action%3Aaction%3Dlightbox%26settings%3DeyJpZCI6NDExNiwidXJsIjoiaHR0cHM6XC9cL3ZpYWZhYnJpbGlzLnp3LnBsXC93cC1jb250ZW50XC91cGxvYWRzXC8yMDIzXC8wN1wvMi1VbWVsZWNrZS1hLXJlbWVzbG5lLXZ5cm9ia3ktcHJlemVudG92YW5lLW5hLWV4cG96aWNlLmpwZyIsInNsaWRlc2hvdyI6ImQwMGU4NjAifQ%3D%3D\" href='https:\/\/viafabrilis.zw.pl\/wp-content\/uploads\/2023\/07\/2-Umelecke-a-remeslne-vyrobky-prezentovane-na-expozice.jpg'><img decoding=\"async\" width=\"640\" height=\"640\" src=\"https:\/\/viafabrilis.zw.pl\/wp-content\/uploads\/2023\/07\/2-Umelecke-a-remeslne-vyrobky-prezentovane-na-expozice-640x640.jpg\" class=\"attachment-monstroid2-thumb-justify size-monstroid2-thumb-justify\" alt=\"\" aria-describedby=\"gallery-1-4116\" srcset=\"https:\/\/viafabrilis.zw.pl\/wp-content\/uploads\/2023\/07\/2-Umelecke-a-remeslne-vyrobky-prezentovane-na-expozice-640x640.jpg 640w, https:\/\/viafabrilis.zw.pl\/wp-content\/uploads\/2023\/07\/2-Umelecke-a-remeslne-vyrobky-prezentovane-na-expozice-150x150.jpg 150w, https:\/\/viafabrilis.zw.pl\/wp-content\/uploads\/2023\/07\/2-Umelecke-a-remeslne-vyrobky-prezentovane-na-expozice-230x230.jpg 230w, https:\/\/viafabrilis.zw.pl\/wp-content\/uploads\/2023\/07\/2-Umelecke-a-remeslne-vyrobky-prezentovane-na-expozice-400x400.jpg 400w\" sizes=\"(max-width: 640px) 100vw, 640px\" \/><\/a>\n\t\t\t<\/div>\n\t\t\t\t<figcaption class='wp-caption-text gallery-caption' id='gallery-1-4116'>\n\t\t\t\tUm\u011bleck\u00e9 a \u0159emesln\u00e9 v\u00fdrobky prezentovan\u00e9 na expozice\n\t\t\t\t<\/figcaption><\/figure><figure class='gallery-item'>\n\t\t\t<div class='gallery-icon landscape'>\n\t\t\t\t<a data-elementor-open-lightbox=\"yes\" data-elementor-lightbox-slideshow=\"d00e860\" data-elementor-lightbox-title=\"3 - Ume\u030clecke\u0301 a r\u030cemeslne\u0301 vy\u0301robky prezentovane\u0301 na expozice\" data-e-action-hash=\"#elementor-action%3Aaction%3Dlightbox%26settings%3DeyJpZCI6NDEyMSwidXJsIjoiaHR0cHM6XC9cL3ZpYWZhYnJpbGlzLnp3LnBsXC93cC1jb250ZW50XC91cGxvYWRzXC8yMDIzXC8wN1wvMy1VbWVsZWNrZS1hLXJlbWVzbG5lLXZ5cm9ia3ktcHJlemVudG92YW5lLW5hLWV4cG96aWNlLmpwZyIsInNsaWRlc2hvdyI6ImQwMGU4NjAifQ%3D%3D\" href='https:\/\/viafabrilis.zw.pl\/wp-content\/uploads\/2023\/07\/3-Umelecke-a-remeslne-vyrobky-prezentovane-na-expozice.jpg'><img loading=\"lazy\" decoding=\"async\" width=\"640\" height=\"640\" src=\"https:\/\/viafabrilis.zw.pl\/wp-content\/uploads\/2023\/07\/3-Umelecke-a-remeslne-vyrobky-prezentovane-na-expozice-640x640.jpg\" class=\"attachment-monstroid2-thumb-justify size-monstroid2-thumb-justify\" alt=\"\" aria-describedby=\"gallery-1-4121\" srcset=\"https:\/\/viafabrilis.zw.pl\/wp-content\/uploads\/2023\/07\/3-Umelecke-a-remeslne-vyrobky-prezentovane-na-expozice-640x640.jpg 640w, https:\/\/viafabrilis.zw.pl\/wp-content\/uploads\/2023\/07\/3-Umelecke-a-remeslne-vyrobky-prezentovane-na-expozice-150x150.jpg 150w, https:\/\/viafabrilis.zw.pl\/wp-content\/uploads\/2023\/07\/3-Umelecke-a-remeslne-vyrobky-prezentovane-na-expozice-230x230.jpg 230w, https:\/\/viafabrilis.zw.pl\/wp-content\/uploads\/2023\/07\/3-Umelecke-a-remeslne-vyrobky-prezentovane-na-expozice-400x400.jpg 400w\" sizes=\"(max-width: 640px) 100vw, 640px\" \/><\/a>\n\t\t\t<\/div>\n\t\t\t\t<figcaption class='wp-caption-text gallery-caption' id='gallery-1-4121'>\n\t\t\t\tUm\u011bleck\u00e9 a \u0159emesln\u00e9 v\u00fdrobky prezentovan\u00e9 na expozice\n\t\t\t\t<\/figcaption><\/figure><figure class='gallery-item'>\n\t\t\t<div class='gallery-icon landscape'>\n\t\t\t\t<a data-elementor-open-lightbox=\"yes\" data-elementor-lightbox-slideshow=\"d00e860\" data-elementor-lightbox-title=\"4 - Ume\u030clecke\u0301 a r\u030cemeslne\u0301 vy\u0301robky prezentovane\u0301 na expozice\" data-e-action-hash=\"#elementor-action%3Aaction%3Dlightbox%26settings%3DeyJpZCI6NDEyNSwidXJsIjoiaHR0cHM6XC9cL3ZpYWZhYnJpbGlzLnp3LnBsXC93cC1jb250ZW50XC91cGxvYWRzXC8yMDIzXC8wN1wvNC1VbWVsZWNrZS1hLXJlbWVzbG5lLXZ5cm9ia3ktcHJlemVudG92YW5lLW5hLWV4cG96aWNlLmpwZyIsInNsaWRlc2hvdyI6ImQwMGU4NjAifQ%3D%3D\" href='https:\/\/viafabrilis.zw.pl\/wp-content\/uploads\/2023\/07\/4-Umelecke-a-remeslne-vyrobky-prezentovane-na-expozice.jpg'><img loading=\"lazy\" decoding=\"async\" width=\"640\" height=\"640\" src=\"https:\/\/viafabrilis.zw.pl\/wp-content\/uploads\/2023\/07\/4-Umelecke-a-remeslne-vyrobky-prezentovane-na-expozice-640x640.jpg\" class=\"attachment-monstroid2-thumb-justify size-monstroid2-thumb-justify\" alt=\"\" aria-describedby=\"gallery-1-4125\" srcset=\"https:\/\/viafabrilis.zw.pl\/wp-content\/uploads\/2023\/07\/4-Umelecke-a-remeslne-vyrobky-prezentovane-na-expozice-640x640.jpg 640w, https:\/\/viafabrilis.zw.pl\/wp-content\/uploads\/2023\/07\/4-Umelecke-a-remeslne-vyrobky-prezentovane-na-expozice-150x150.jpg 150w, https:\/\/viafabrilis.zw.pl\/wp-content\/uploads\/2023\/07\/4-Umelecke-a-remeslne-vyrobky-prezentovane-na-expozice-230x230.jpg 230w, https:\/\/viafabrilis.zw.pl\/wp-content\/uploads\/2023\/07\/4-Umelecke-a-remeslne-vyrobky-prezentovane-na-expozice-400x400.jpg 400w\" sizes=\"(max-width: 640px) 100vw, 640px\" \/><\/a>\n\t\t\t<\/div>\n\t\t\t\t<figcaption class='wp-caption-text gallery-caption' id='gallery-1-4125'>\n\t\t\t\tUm\u011bleck\u00e9 a \u0159emesln\u00e9 v\u00fdrobky prezentovan\u00e9 na expozice\n\t\t\t\t<\/figcaption><\/figure><figure class='gallery-item'>\n\t\t\t<div class='gallery-icon landscape'>\n\t\t\t\t<a data-elementor-open-lightbox=\"yes\" data-elementor-lightbox-slideshow=\"d00e860\" data-elementor-lightbox-title=\"5 - Ume\u030clecke\u0301 a r\u030cemeslne\u0301 vy\u0301robky prezentovane\u0301 na expozice\" data-e-action-hash=\"#elementor-action%3Aaction%3Dlightbox%26settings%3DeyJpZCI6NDEyOSwidXJsIjoiaHR0cHM6XC9cL3ZpYWZhYnJpbGlzLnp3LnBsXC93cC1jb250ZW50XC91cGxvYWRzXC8yMDIzXC8wN1wvNS1VbWVsZWNrZS1hLXJlbWVzbG5lLXZ5cm9ia3ktcHJlemVudG92YW5lLW5hLWV4cG96aWNlLmpwZyIsInNsaWRlc2hvdyI6ImQwMGU4NjAifQ%3D%3D\" href='https:\/\/viafabrilis.zw.pl\/wp-content\/uploads\/2023\/07\/5-Umelecke-a-remeslne-vyrobky-prezentovane-na-expozice.jpg'><img loading=\"lazy\" decoding=\"async\" width=\"640\" height=\"640\" src=\"https:\/\/viafabrilis.zw.pl\/wp-content\/uploads\/2023\/07\/5-Umelecke-a-remeslne-vyrobky-prezentovane-na-expozice-640x640.jpg\" class=\"attachment-monstroid2-thumb-justify size-monstroid2-thumb-justify\" alt=\"\" aria-describedby=\"gallery-1-4129\" srcset=\"https:\/\/viafabrilis.zw.pl\/wp-content\/uploads\/2023\/07\/5-Umelecke-a-remeslne-vyrobky-prezentovane-na-expozice-640x640.jpg 640w, https:\/\/viafabrilis.zw.pl\/wp-content\/uploads\/2023\/07\/5-Umelecke-a-remeslne-vyrobky-prezentovane-na-expozice-150x150.jpg 150w, https:\/\/viafabrilis.zw.pl\/wp-content\/uploads\/2023\/07\/5-Umelecke-a-remeslne-vyrobky-prezentovane-na-expozice-230x230.jpg 230w, https:\/\/viafabrilis.zw.pl\/wp-content\/uploads\/2023\/07\/5-Umelecke-a-remeslne-vyrobky-prezentovane-na-expozice-400x400.jpg 400w\" sizes=\"(max-width: 640px) 100vw, 640px\" \/><\/a>\n\t\t\t<\/div>\n\t\t\t\t<figcaption class='wp-caption-text gallery-caption' id='gallery-1-4129'>\n\t\t\t\tUm\u011bleck\u00e9 a \u0159emesln\u00e9 v\u00fdrobky prezentovan\u00e9 na expozice\n\t\t\t\t<\/figcaption><\/figure><figure class='gallery-item'>\n\t\t\t<div class='gallery-icon landscape'>\n\t\t\t\t<a data-elementor-open-lightbox=\"yes\" data-elementor-lightbox-slideshow=\"d00e860\" data-elementor-lightbox-title=\"6 - Hasic\u030cske\u0301 str\u030ci\u0301kac\u030cky ve vstupni\u0301 c\u030ca\u0301sti expozic\" data-e-action-hash=\"#elementor-action%3Aaction%3Dlightbox%26settings%3DeyJpZCI6NDEzMywidXJsIjoiaHR0cHM6XC9cL3ZpYWZhYnJpbGlzLnp3LnBsXC93cC1jb250ZW50XC91cGxvYWRzXC8yMDIzXC8wN1wvNi1IYXNpY3NrZS1zdHJpa2Fja3ktdmUtdnN0dXBuaS1jYXN0aS1leHBvemljLTEuanBnIiwic2xpZGVzaG93IjoiZDAwZTg2MCJ9\" href='https:\/\/viafabrilis.zw.pl\/wp-content\/uploads\/2023\/07\/6-Hasicske-strikacky-ve-vstupni-casti-expozic-1.jpg'><img loading=\"lazy\" decoding=\"async\" width=\"640\" height=\"640\" src=\"https:\/\/viafabrilis.zw.pl\/wp-content\/uploads\/2023\/07\/6-Hasicske-strikacky-ve-vstupni-casti-expozic-1-640x640.jpg\" class=\"attachment-monstroid2-thumb-justify size-monstroid2-thumb-justify\" alt=\"\" aria-describedby=\"gallery-1-4133\" srcset=\"https:\/\/viafabrilis.zw.pl\/wp-content\/uploads\/2023\/07\/6-Hasicske-strikacky-ve-vstupni-casti-expozic-1-640x640.jpg 640w, https:\/\/viafabrilis.zw.pl\/wp-content\/uploads\/2023\/07\/6-Hasicske-strikacky-ve-vstupni-casti-expozic-1-150x150.jpg 150w, https:\/\/viafabrilis.zw.pl\/wp-content\/uploads\/2023\/07\/6-Hasicske-strikacky-ve-vstupni-casti-expozic-1-230x230.jpg 230w, https:\/\/viafabrilis.zw.pl\/wp-content\/uploads\/2023\/07\/6-Hasicske-strikacky-ve-vstupni-casti-expozic-1-400x400.jpg 400w\" sizes=\"(max-width: 640px) 100vw, 640px\" \/><\/a>\n\t\t\t<\/div>\n\t\t\t\t<figcaption class='wp-caption-text gallery-caption' id='gallery-1-4133'>\n\t\t\t\tHasi\u010dsk\u00e9 st\u0159\u00edka\u010dky ve vstupn\u00ed \u010d\u00e1sti expozice\n\t\t\t\t<\/figcaption><\/figure>\n\t\t<\/div>\n\t\t<\/div>\n\t\t\t\t\t\t<\/div>\n\t\t\t\t<\/div>\n\t\t\t\t\t<\/div>\n\t\t<\/div>\n\t\t\t\t\t<\/div>\n\t\t<\/section>\n\t\t\t\t<\/div>\n\t\t","protected":false},"excerpt":{"rendered":"<p>Star\u00fd krav\u00edn o.s Franti\u0161kov 63 512 45 Rokytnice nad Jizerou tel.: +420 775 970 180 email.: broza.jana@seznam.cz www.starykravin.cz &nbsp; otev\u00edrac\u00ed doba: p\u00e1tek, sobota a ned\u011ble: 10.00 &#8211; 17.00 (prosinec \u2013 b\u0159ezen) \u00fater\u00fd \u2013 ned\u011ble: 10.00 &#8211; 17.00 (kv\u011bten \u2013 \u0159\u00edjen) duben a listopad zav\u0159eno Soukrom\u00e9 muzeum man\u017eel\u016f Bro\u017eov\u00fdch ve Franti\u0161kov\u011b otev\u0159elo sv\u00e9 prvn\u00ed sb\u00edrky v [&hellip;]<\/p>\n","protected":false},"author":1,"featured_media":4133,"parent":0,"menu_order":0,"comment_status":"closed","ping_status":"closed","template":"","meta":{"footnotes":""},"class_list":["post-4139","page","type-page","status-publish","has-post-thumbnail","hentry","entry","has-media"],"_links":{"self":[{"href":"https:\/\/viafabrilis.zw.pl\/cs\/wp-json\/wp\/v2\/pages\/4139","targetHints":{"allow":["GET"]}}],"collection":[{"href":"https:\/\/viafabrilis.zw.pl\/cs\/wp-json\/wp\/v2\/pages"}],"about":[{"href":"https:\/\/viafabrilis.zw.pl\/cs\/wp-json\/wp\/v2\/types\/page"}],"author":[{"embeddable":true,"href":"https:\/\/viafabrilis.zw.pl\/cs\/wp-json\/wp\/v2\/users\/1"}],"replies":[{"embeddable":true,"href":"https:\/\/viafabrilis.zw.pl\/cs\/wp-json\/wp\/v2\/comments?post=4139"}],"version-history":[{"count":6,"href":"https:\/\/viafabrilis.zw.pl\/cs\/wp-json\/wp\/v2\/pages\/4139\/revisions"}],"predecessor-version":[{"id":8955,"href":"https:\/\/viafabrilis.zw.pl\/cs\/wp-json\/wp\/v2\/pages\/4139\/revisions\/8955"}],"wp:featuredmedia":[{"embeddable":true,"href":"https:\/\/viafabrilis.zw.pl\/cs\/wp-json\/wp\/v2\/media\/4133"}],"wp:attachment":[{"href":"https:\/\/viafabrilis.zw.pl\/cs\/wp-json\/wp\/v2\/media?parent=4139"}],"curies":[{"name":"wp","href":"https:\/\/api.w.org\/{rel}","templated":true}]}}