{"id":4229,"date":"2023-07-15T11:42:26","date_gmt":"2023-07-15T09:42:26","guid":{"rendered":"https:\/\/viafabrilis.zw.pl\/?page_id=4229"},"modified":"2024-02-11T12:00:02","modified_gmt":"2024-02-11T11:00:02","slug":"tkalcovske-muzeum-v-dome-pod-jasanem-v-trutnove-voletinach","status":"publish","type":"page","link":"https:\/\/viafabrilis.zw.pl\/cs\/tkalcovske-muzeum-v-dome-pod-jasanem-v-trutnove-voletinach\/","title":{"rendered":"Tkalcovsk\u00e9 muzeum v Dom\u011b pod jasanem v Trutnov\u011b &#8211; Voletin\u00e1ch"},"content":{"rendered":"\t\t<div data-elementor-type=\"wp-page\" data-elementor-id=\"4229\" class=\"elementor elementor-4229\" data-elementor-post-type=\"page\">\n\t\t\t\t\t\t<section class=\"elementor-section elementor-top-section elementor-element elementor-element-8679802 elementor-section-boxed elementor-section-height-default elementor-section-height-default\" data-id=\"8679802\" data-element_type=\"section\" data-settings=\"{&quot;jet_parallax_layout_list&quot;:[]}\">\n\t\t\t\t\t\t<div class=\"elementor-container elementor-column-gap-default\">\n\t\t\t\t\t<div class=\"elementor-column elementor-col-50 elementor-top-column elementor-element elementor-element-1ea9244\" data-id=\"1ea9244\" data-element_type=\"column\">\n\t\t\t<div class=\"elementor-widget-wrap elementor-element-populated\">\n\t\t\t\t\t\t<div class=\"elementor-element elementor-element-4c23e9e elementor-widget elementor-widget-text-editor\" data-id=\"4c23e9e\" data-element_type=\"widget\" data-widget_type=\"text-editor.default\">\n\t\t\t\t<div class=\"elementor-widget-container\">\n\t\t\t\t\t\t\t\t\t<p dir=\"ltr\" style=\"line-height: 1.3800000000000001; text-align: center; margin-top: 0pt; margin-bottom: 0pt;\"><span style=\"font-size: 12pt; font-family: 'Times New Roman'; color: #000000; background-color: transparent; font-weight: 400; font-style: normal; font-variant: normal; text-decoration: none; vertical-align: baseline; white-space: pre-wrap;\">U Bo\u017e\u00edch muk 22<\/span><\/p><p dir=\"ltr\" style=\"line-height: 1.3800000000000001; text-align: center; margin-top: 0pt; margin-bottom: 0pt;\"><span id=\"docs-internal-guid-7ae93c5e-7fff-3d90-200c-03093a3def60\"><span style=\"font-size: 12pt; font-family: 'Times New Roman'; color: #000000; background-color: transparent; font-variant-numeric: normal; font-variant-east-asian: normal; font-variant-alternates: normal; vertical-align: baseline; white-space-collapse: preserve;\">541 01 Trutnov &#8211; Voletiny <\/span><span style=\"font-size: 12pt; font-family: 'Times New Roman'; color: #000000; background-color: transparent; font-variant-numeric: normal; font-variant-east-asian: normal; font-variant-alternates: normal; vertical-align: baseline; white-space-collapse: preserve;\"><br \/><\/span><span style=\"font-size: 12pt; font-family: 'Times New Roman'; color: #000000; background-color: transparent; font-variant-numeric: normal; font-variant-east-asian: normal; font-variant-alternates: normal; vertical-align: baseline; white-space-collapse: preserve;\">tel.: +420\u00a0736\u00a0275 025<\/span><span style=\"font-size: 12pt; font-family: 'Times New Roman'; color: #000000; background-color: transparent; font-variant-numeric: normal; font-variant-east-asian: normal; font-variant-alternates: normal; vertical-align: baseline; white-space-collapse: preserve;\"><br \/><\/span><span style=\"font-size: 12pt; font-family: 'Times New Roman'; color: #000000; background-color: transparent; font-variant-numeric: normal; font-variant-east-asian: normal; font-variant-alternates: normal; vertical-align: baseline; white-space-collapse: preserve;\">e-mail:\u00a0<\/span><a href=\"mailto:dumpodjasanem@seznam.cz\"><span style=\"font-size: 12pt; font-family: 'Times New Roman'; color: #0000ff; background-color: transparent; font-variant-numeric: normal; font-variant-east-asian: normal; font-variant-alternates: normal; text-decoration-line: underline; text-decoration-skip-ink: none; vertical-align: baseline; white-space-collapse: preserve;\">dumpodjasanem@seznam.cz<\/span><span style=\"font-size: 12pt; font-family: 'Times New Roman'; color: #000000; background-color: transparent; font-variant-numeric: normal; font-variant-east-asian: normal; font-variant-alternates: normal; vertical-align: baseline; white-space-collapse: preserve;\"><br \/><\/span><\/a><a href=\"http:\/\/www.dumpodjasanem.cz\/\"><span style=\"font-size: 12pt; font-family: 'Times New Roman'; color: #0000ff; background-color: transparent; font-variant-numeric: normal; font-variant-east-asian: normal; font-variant-alternates: normal; text-decoration-line: underline; text-decoration-skip-ink: none; vertical-align: baseline; white-space-collapse: preserve;\">www.dumpodjasanem.cz<\/span><\/a><\/span><\/p>\t\t\t\t\t\t\t\t<\/div>\n\t\t\t\t<\/div>\n\t\t\t\t\t<\/div>\n\t\t<\/div>\n\t\t\t\t<div class=\"elementor-column elementor-col-50 elementor-top-column elementor-element elementor-element-e2a02d3\" data-id=\"e2a02d3\" data-element_type=\"column\">\n\t\t\t<div class=\"elementor-widget-wrap elementor-element-populated\">\n\t\t\t\t\t\t<div class=\"elementor-element elementor-element-eefb799 elementor-widget elementor-widget-image\" data-id=\"eefb799\" data-element_type=\"widget\" data-widget_type=\"image.default\">\n\t\t\t\t<div class=\"elementor-widget-container\">\n\t\t\t\t\t\t\t\t\t\t\t\t\t\t\t<img fetchpriority=\"high\" decoding=\"async\" width=\"1024\" height=\"683\" src=\"https:\/\/viafabrilis.zw.pl\/wp-content\/uploads\/2023\/07\/2-Pohled-do-muzejni-expozice-1024x683.jpg\" class=\"attachment-large size-large wp-image-4198\" alt=\"\" srcset=\"https:\/\/viafabrilis.zw.pl\/wp-content\/uploads\/2023\/07\/2-Pohled-do-muzejni-expozice-1024x683.jpg 1024w, https:\/\/viafabrilis.zw.pl\/wp-content\/uploads\/2023\/07\/2-Pohled-do-muzejni-expozice-300x200.jpg 300w, https:\/\/viafabrilis.zw.pl\/wp-content\/uploads\/2023\/07\/2-Pohled-do-muzejni-expozice-768x512.jpg 768w, https:\/\/viafabrilis.zw.pl\/wp-content\/uploads\/2023\/07\/2-Pohled-do-muzejni-expozice-600x400.jpg 600w, https:\/\/viafabrilis.zw.pl\/wp-content\/uploads\/2023\/07\/2-Pohled-do-muzejni-expozice.jpg 1200w\" sizes=\"(max-width: 1024px) 100vw, 1024px\" \/>\t\t\t\t\t\t\t\t\t\t\t\t\t\t\t<\/div>\n\t\t\t\t<\/div>\n\t\t\t\t\t<\/div>\n\t\t<\/div>\n\t\t\t\t\t<\/div>\n\t\t<\/section>\n\t\t\t\t<section class=\"elementor-section elementor-top-section elementor-element elementor-element-31f0865 elementor-section-boxed elementor-section-height-default elementor-section-height-default\" data-id=\"31f0865\" data-element_type=\"section\" data-settings=\"{&quot;jet_parallax_layout_list&quot;:[]}\">\n\t\t\t\t\t\t<div class=\"elementor-container elementor-column-gap-default\">\n\t\t\t\t\t<div class=\"elementor-column elementor-col-100 elementor-top-column elementor-element elementor-element-f135510\" data-id=\"f135510\" data-element_type=\"column\">\n\t\t\t<div class=\"elementor-widget-wrap elementor-element-populated\">\n\t\t\t\t\t\t<div class=\"elementor-element elementor-element-ba6a637 elementor-widget elementor-widget-text-editor\" data-id=\"ba6a637\" data-element_type=\"widget\" data-widget_type=\"text-editor.default\">\n\t\t\t\t<div class=\"elementor-widget-container\">\n\t\t\t\t\t\t\t\t\t<p><span style=\"font-weight: 400;\">Tkalcovsk\u00e9 muzeum v Dom\u011b pod jasanem v Trutnov\u011b \u2013 Voletin\u00e1ch se nach\u00e1z\u00ed ve zrekonstruovan\u00e9m venkovsk\u00e9m statku.<\/span><\/p><p><span style=\"font-weight: 400;\">V\u00a0expozici tkalcovsk\u00e9ho muzea, kter\u00e1 je interaktivn\u00ed a ka\u017ed\u00fd n\u00e1v\u0161t\u011bvn\u00edk si m\u016f\u017ee vyrobit na dobov\u00fdch n\u00e1stroj\u00edch prov\u00e1zek ze lnu, tk\u00e1t na historick\u00e9m tkalcovsk\u00e9m stavu nebo \u010desat \u010di p\u0159\u00edst ov\u010d\u00ed vlnu, prob\u00edhaj\u00ed v\u00fdstavy zam\u011b\u0159en\u00e9 na historick\u00fd textil.\u00a0<\/span><\/p><p><span style=\"font-weight: 400;\">V\u00a0objektu se nach\u00e1z\u00ed Krkono\u0161sk\u00e1 tkalcovna, kter\u00e1 je pln\u011b vybaven\u00e1 pro v\u00fduku lidov\u00fdch \u0159emesel, p\u0159eden\u00ed, tkan\u00ed a zpracov\u00e1n\u00ed vlny a lnu. V dal\u0161\u00ed \u010d\u00e1sti objektu je \u0159emesln\u00e1 d\u00edlna, ve kter\u00e9 prob\u00edhaj\u00ed kurzy lidov\u00fdch \u0159emesel a v\u00fdtvarn\u00fdch technik a n\u00e1v\u0161t\u011bvn\u00edci si mohou vyrobit vlastnoru\u010dn\u00ed suven\u00fdr.<\/span><\/p><p><span style=\"font-weight: 400;\">Zahrada u domu je p\u0159izp\u016fsobena odpo\u010dinku pro dosp\u011bl\u00e9 s hrac\u00ed z\u00f3nou pro d\u011bti.<\/span><\/p><p><span style=\"font-weight: 400;\">V muzeum se po\u0159\u00e1daj\u00ed vzd\u011bl\u00e1vac\u00ed programy pro dosp\u011bl\u00e9 zam\u011b\u0159en\u00e9 na lidov\u00e1 \u0159emesla: tkalcovstv\u00ed, ko\u0161\u00edk\u00e1\u0159stv\u00ed, hrn\u010d\u00ed\u0159stv\u00ed, v\u00fdtvarn\u00e9 kurzy vitr\u00e1\u017e\u00ed, kresby, v\u00fdroby nejr\u016fzn\u011bj\u0161\u00edch \u0161perk\u016f, slam\u011bn\u00fdch o\u0161atek atd.<\/span><\/p><p><span style=\"font-weight: 400;\">Prob\u00edhaj\u00ed zde rekvalifika\u010dn\u00ed kurzy Ru\u010dn\u00ed tkadlec a Ko\u0161\u00edk\u00e1\u0159 a \u0159ada akreditovan\u00fdch kurz\u016f. N\u011bkter\u00e9 vzd\u011bl\u00e1vac\u00ed programy byly vytvo\u0159eny a realizov\u00e1ny s podporou z\u00a0ESF\u00a0a ministerstva \u0161kolstv\u00ed.<\/span><\/p><p><span style=\"font-weight: 400;\">Vzd\u011bl\u00e1vac\u00ed programy pro d\u011bti nab\u00edzej\u00ed z\u00e1bavnou formou pozn\u00e1vat tradi\u010dn\u00ed krkono\u0161sk\u00e9 \u0159emesla. Po\u0159\u00e1daj\u00ed se celodenn\u00ed letn\u00ed programy pro d\u011bti se zam\u011b\u0159en\u00edm na lidov\u00e1 \u0159emesla a v\u00fdtvarnou tvorbu.<\/span><\/p><p><span style=\"font-weight: 400;\">Muzeum po\u0159\u00e1d\u00e1 tradi\u010dn\u00ed akce Staro\u010desk\u00e9 v\u00e1noce v muzeu a Velikonoce v muzeu a v l\u00e9t\u011b Den Krkono\u0161sk\u00fdch \u0159emesel.<\/span><\/p>\t\t\t\t\t\t\t\t<\/div>\n\t\t\t\t<\/div>\n\t\t\t\t\t<\/div>\n\t\t<\/div>\n\t\t\t\t\t<\/div>\n\t\t<\/section>\n\t\t\t\t<section class=\"elementor-section elementor-top-section elementor-element elementor-element-196a1aa elementor-section-boxed elementor-section-height-default elementor-section-height-default\" data-id=\"196a1aa\" data-element_type=\"section\" data-settings=\"{&quot;jet_parallax_layout_list&quot;:[]}\">\n\t\t\t\t\t\t<div class=\"elementor-container elementor-column-gap-default\">\n\t\t\t\t\t<div class=\"elementor-column elementor-col-100 elementor-top-column elementor-element elementor-element-f7be90a\" data-id=\"f7be90a\" data-element_type=\"column\">\n\t\t\t<div class=\"elementor-widget-wrap elementor-element-populated\">\n\t\t\t\t\t\t<div class=\"elementor-element elementor-element-6ca09bc elementor-widget elementor-widget-image-gallery\" data-id=\"6ca09bc\" data-element_type=\"widget\" data-widget_type=\"image-gallery.default\">\n\t\t\t\t<div class=\"elementor-widget-container\">\n\t\t\t\t\t\t\t<div class=\"elementor-image-gallery\">\n\t\t\t<div id='gallery-1' class='gallery galleryid-4229 gallery-columns-4 gallery-size-monstroid2-thumb-justify'><figure class='gallery-item'>\n\t\t\t<div class='gallery-icon landscape'>\n\t\t\t\t<a data-elementor-open-lightbox=\"yes\" data-elementor-lightbox-slideshow=\"6ca09bc\" data-elementor-lightbox-title=\"1 - C\u030ca\u0301st muzejni\u0301 expozice ve\u030cnovane\u0301 tkalcovstvi\u0301\" data-e-action-hash=\"#elementor-action%3Aaction%3Dlightbox%26settings%3DeyJpZCI6NDIwMywidXJsIjoiaHR0cHM6XC9cL3ZpYWZhYnJpbGlzLnp3LnBsXC93cC1jb250ZW50XC91cGxvYWRzXC8yMDIzXC8wN1wvMS1DYXN0LW11emVqbmktZXhwb3ppY2UtdmVub3ZhbmUtdGthbGNvdnN0dmkuanBnIiwic2xpZGVzaG93IjoiNmNhMDliYyJ9\" href='https:\/\/viafabrilis.zw.pl\/wp-content\/uploads\/2023\/07\/1-Cast-muzejni-expozice-venovane-tkalcovstvi.jpg'><img decoding=\"async\" width=\"640\" height=\"640\" src=\"https:\/\/viafabrilis.zw.pl\/wp-content\/uploads\/2023\/07\/1-Cast-muzejni-expozice-venovane-tkalcovstvi-640x640.jpg\" class=\"attachment-monstroid2-thumb-justify size-monstroid2-thumb-justify\" alt=\"\" aria-describedby=\"gallery-1-4203\" srcset=\"https:\/\/viafabrilis.zw.pl\/wp-content\/uploads\/2023\/07\/1-Cast-muzejni-expozice-venovane-tkalcovstvi-640x640.jpg 640w, https:\/\/viafabrilis.zw.pl\/wp-content\/uploads\/2023\/07\/1-Cast-muzejni-expozice-venovane-tkalcovstvi-150x150.jpg 150w, https:\/\/viafabrilis.zw.pl\/wp-content\/uploads\/2023\/07\/1-Cast-muzejni-expozice-venovane-tkalcovstvi-230x230.jpg 230w, https:\/\/viafabrilis.zw.pl\/wp-content\/uploads\/2023\/07\/1-Cast-muzejni-expozice-venovane-tkalcovstvi-400x400.jpg 400w\" sizes=\"(max-width: 640px) 100vw, 640px\" \/><\/a>\n\t\t\t<\/div>\n\t\t\t\t<figcaption class='wp-caption-text gallery-caption' id='gallery-1-4203'>\n\t\t\t\t\u010c\u00e1st muzejn\u00ed expozice v\u011bnovan\u00e9 tkalcovstv\u00ed\n\t\t\t\t<\/figcaption><\/figure><figure class='gallery-item'>\n\t\t\t<div class='gallery-icon landscape'>\n\t\t\t\t<a data-elementor-open-lightbox=\"yes\" data-elementor-lightbox-slideshow=\"6ca09bc\" data-elementor-lightbox-title=\"2 - Pohled do muzejni\u0301 expozice\" data-e-action-hash=\"#elementor-action%3Aaction%3Dlightbox%26settings%3DeyJpZCI6NDIwNywidXJsIjoiaHR0cHM6XC9cL3ZpYWZhYnJpbGlzLnp3LnBsXC93cC1jb250ZW50XC91cGxvYWRzXC8yMDIzXC8wN1wvMi1Qb2hsZWQtZG8tbXV6ZWpuaS1leHBvemljZS0xLmpwZyIsInNsaWRlc2hvdyI6IjZjYTA5YmMifQ%3D%3D\" href='https:\/\/viafabrilis.zw.pl\/wp-content\/uploads\/2023\/07\/2-Pohled-do-muzejni-expozice-1.jpg'><img decoding=\"async\" width=\"640\" height=\"640\" src=\"https:\/\/viafabrilis.zw.pl\/wp-content\/uploads\/2023\/07\/2-Pohled-do-muzejni-expozice-1-640x640.jpg\" class=\"attachment-monstroid2-thumb-justify size-monstroid2-thumb-justify\" alt=\"\" aria-describedby=\"gallery-1-4207\" srcset=\"https:\/\/viafabrilis.zw.pl\/wp-content\/uploads\/2023\/07\/2-Pohled-do-muzejni-expozice-1-640x640.jpg 640w, https:\/\/viafabrilis.zw.pl\/wp-content\/uploads\/2023\/07\/2-Pohled-do-muzejni-expozice-1-150x150.jpg 150w, https:\/\/viafabrilis.zw.pl\/wp-content\/uploads\/2023\/07\/2-Pohled-do-muzejni-expozice-1-230x230.jpg 230w, https:\/\/viafabrilis.zw.pl\/wp-content\/uploads\/2023\/07\/2-Pohled-do-muzejni-expozice-1-400x400.jpg 400w\" sizes=\"(max-width: 640px) 100vw, 640px\" \/><\/a>\n\t\t\t<\/div>\n\t\t\t\t<figcaption class='wp-caption-text gallery-caption' id='gallery-1-4207'>\n\t\t\t\tPohled do muzejn\u00ed expozice\n\t\t\t\t<\/figcaption><\/figure><figure class='gallery-item'>\n\t\t\t<div class='gallery-icon landscape'>\n\t\t\t\t<a data-elementor-open-lightbox=\"yes\" data-elementor-lightbox-slideshow=\"6ca09bc\" data-elementor-lightbox-title=\"3 - C\u030ca\u0301st muzejni\u0301 expozice ve\u030cnovane\u0301 tkalcovstvi\u0301\" data-e-action-hash=\"#elementor-action%3Aaction%3Dlightbox%26settings%3DeyJpZCI6NDIxMSwidXJsIjoiaHR0cHM6XC9cL3ZpYWZhYnJpbGlzLnp3LnBsXC93cC1jb250ZW50XC91cGxvYWRzXC8yMDIzXC8wN1wvMy1DYXN0LW11emVqbmktZXhwb3ppY2UtdmVub3ZhbmUtdGthbGNvdnN0dmkuanBnIiwic2xpZGVzaG93IjoiNmNhMDliYyJ9\" href='https:\/\/viafabrilis.zw.pl\/wp-content\/uploads\/2023\/07\/3-Cast-muzejni-expozice-venovane-tkalcovstvi.jpg'><img loading=\"lazy\" decoding=\"async\" width=\"640\" height=\"640\" src=\"https:\/\/viafabrilis.zw.pl\/wp-content\/uploads\/2023\/07\/3-Cast-muzejni-expozice-venovane-tkalcovstvi-640x640.jpg\" class=\"attachment-monstroid2-thumb-justify size-monstroid2-thumb-justify\" alt=\"\" aria-describedby=\"gallery-1-4211\" srcset=\"https:\/\/viafabrilis.zw.pl\/wp-content\/uploads\/2023\/07\/3-Cast-muzejni-expozice-venovane-tkalcovstvi-640x640.jpg 640w, https:\/\/viafabrilis.zw.pl\/wp-content\/uploads\/2023\/07\/3-Cast-muzejni-expozice-venovane-tkalcovstvi-150x150.jpg 150w, https:\/\/viafabrilis.zw.pl\/wp-content\/uploads\/2023\/07\/3-Cast-muzejni-expozice-venovane-tkalcovstvi-230x230.jpg 230w, https:\/\/viafabrilis.zw.pl\/wp-content\/uploads\/2023\/07\/3-Cast-muzejni-expozice-venovane-tkalcovstvi-400x400.jpg 400w\" sizes=\"(max-width: 640px) 100vw, 640px\" \/><\/a>\n\t\t\t<\/div>\n\t\t\t\t<figcaption class='wp-caption-text gallery-caption' id='gallery-1-4211'>\n\t\t\t\t\u010c\u00e1st muzejn\u00ed expozice v\u011bnovan\u00e9 tkalcovstv\u00ed\n\t\t\t\t<\/figcaption><\/figure><figure class='gallery-item'>\n\t\t\t<div class='gallery-icon landscape'>\n\t\t\t\t<a data-elementor-open-lightbox=\"yes\" data-elementor-lightbox-slideshow=\"6ca09bc\" data-elementor-lightbox-title=\"4 - C\u030ca\u0301st muzejni\u0301 expozice ve\u030cnovane\u0301 tkalcovstvi\u0301\" data-e-action-hash=\"#elementor-action%3Aaction%3Dlightbox%26settings%3DeyJpZCI6NDIxNSwidXJsIjoiaHR0cHM6XC9cL3ZpYWZhYnJpbGlzLnp3LnBsXC93cC1jb250ZW50XC91cGxvYWRzXC8yMDIzXC8wN1wvNC1DYXN0LW11emVqbmktZXhwb3ppY2UtdmVub3ZhbmUtdGthbGNvdnN0dmkuanBnIiwic2xpZGVzaG93IjoiNmNhMDliYyJ9\" href='https:\/\/viafabrilis.zw.pl\/wp-content\/uploads\/2023\/07\/4-Cast-muzejni-expozice-venovane-tkalcovstvi.jpg'><img loading=\"lazy\" decoding=\"async\" width=\"640\" height=\"640\" src=\"https:\/\/viafabrilis.zw.pl\/wp-content\/uploads\/2023\/07\/4-Cast-muzejni-expozice-venovane-tkalcovstvi-640x640.jpg\" class=\"attachment-monstroid2-thumb-justify size-monstroid2-thumb-justify\" alt=\"\" aria-describedby=\"gallery-1-4215\" srcset=\"https:\/\/viafabrilis.zw.pl\/wp-content\/uploads\/2023\/07\/4-Cast-muzejni-expozice-venovane-tkalcovstvi-640x640.jpg 640w, https:\/\/viafabrilis.zw.pl\/wp-content\/uploads\/2023\/07\/4-Cast-muzejni-expozice-venovane-tkalcovstvi-150x150.jpg 150w, https:\/\/viafabrilis.zw.pl\/wp-content\/uploads\/2023\/07\/4-Cast-muzejni-expozice-venovane-tkalcovstvi-230x230.jpg 230w, https:\/\/viafabrilis.zw.pl\/wp-content\/uploads\/2023\/07\/4-Cast-muzejni-expozice-venovane-tkalcovstvi-400x400.jpg 400w\" sizes=\"(max-width: 640px) 100vw, 640px\" \/><\/a>\n\t\t\t<\/div>\n\t\t\t\t<figcaption class='wp-caption-text gallery-caption' id='gallery-1-4215'>\n\t\t\t\t\u010c\u00e1st muzejn\u00ed expozice v\u011bnovan\u00e9 tkalcovstv\u00ed\n\t\t\t\t<\/figcaption><\/figure><figure class='gallery-item'>\n\t\t\t<div class='gallery-icon landscape'>\n\t\t\t\t<a data-elementor-open-lightbox=\"yes\" data-elementor-lightbox-slideshow=\"6ca09bc\" data-elementor-lightbox-title=\"5 - C\u030ca\u0301st muzejni\u0301 expozice ve\u030cnovane\u0301 tkalcovstvi\u0301\" data-e-action-hash=\"#elementor-action%3Aaction%3Dlightbox%26settings%3DeyJpZCI6NDIxOSwidXJsIjoiaHR0cHM6XC9cL3ZpYWZhYnJpbGlzLnp3LnBsXC93cC1jb250ZW50XC91cGxvYWRzXC8yMDIzXC8wN1wvNS1DYXN0LW11emVqbmktZXhwb3ppY2UtdmVub3ZhbmUtdGthbGNvdnN0dmkuanBnIiwic2xpZGVzaG93IjoiNmNhMDliYyJ9\" href='https:\/\/viafabrilis.zw.pl\/wp-content\/uploads\/2023\/07\/5-Cast-muzejni-expozice-venovane-tkalcovstvi.jpg'><img loading=\"lazy\" decoding=\"async\" width=\"640\" height=\"640\" src=\"https:\/\/viafabrilis.zw.pl\/wp-content\/uploads\/2023\/07\/5-Cast-muzejni-expozice-venovane-tkalcovstvi-640x640.jpg\" class=\"attachment-monstroid2-thumb-justify size-monstroid2-thumb-justify\" alt=\"\" aria-describedby=\"gallery-1-4219\" srcset=\"https:\/\/viafabrilis.zw.pl\/wp-content\/uploads\/2023\/07\/5-Cast-muzejni-expozice-venovane-tkalcovstvi-640x640.jpg 640w, https:\/\/viafabrilis.zw.pl\/wp-content\/uploads\/2023\/07\/5-Cast-muzejni-expozice-venovane-tkalcovstvi-150x150.jpg 150w, https:\/\/viafabrilis.zw.pl\/wp-content\/uploads\/2023\/07\/5-Cast-muzejni-expozice-venovane-tkalcovstvi-230x230.jpg 230w, https:\/\/viafabrilis.zw.pl\/wp-content\/uploads\/2023\/07\/5-Cast-muzejni-expozice-venovane-tkalcovstvi-400x400.jpg 400w\" sizes=\"(max-width: 640px) 100vw, 640px\" \/><\/a>\n\t\t\t<\/div>\n\t\t\t\t<figcaption class='wp-caption-text gallery-caption' id='gallery-1-4219'>\n\t\t\t\t\u010c\u00e1st muzejn\u00ed expozice v\u011bnovan\u00e9 tkalcovstv\u00ed\n\t\t\t\t<\/figcaption><\/figure><figure class='gallery-item'>\n\t\t\t<div class='gallery-icon landscape'>\n\t\t\t\t<a data-elementor-open-lightbox=\"yes\" data-elementor-lightbox-slideshow=\"6ca09bc\" data-elementor-lightbox-title=\"6 - C\u030ca\u0301st muzejni\u0301 expozice ve\u030cnovane\u0301 tkalcovstvi\u0301\" data-e-action-hash=\"#elementor-action%3Aaction%3Dlightbox%26settings%3DeyJpZCI6NDIyMywidXJsIjoiaHR0cHM6XC9cL3ZpYWZhYnJpbGlzLnp3LnBsXC93cC1jb250ZW50XC91cGxvYWRzXC8yMDIzXC8wN1wvNi1DYXN0LW11emVqbmktZXhwb3ppY2UtdmVub3ZhbmUtdGthbGNvdnN0dmkuanBnIiwic2xpZGVzaG93IjoiNmNhMDliYyJ9\" href='https:\/\/viafabrilis.zw.pl\/wp-content\/uploads\/2023\/07\/6-Cast-muzejni-expozice-venovane-tkalcovstvi.jpg'><img loading=\"lazy\" decoding=\"async\" width=\"640\" height=\"640\" src=\"https:\/\/viafabrilis.zw.pl\/wp-content\/uploads\/2023\/07\/6-Cast-muzejni-expozice-venovane-tkalcovstvi-640x640.jpg\" class=\"attachment-monstroid2-thumb-justify size-monstroid2-thumb-justify\" alt=\"\" aria-describedby=\"gallery-1-4223\" srcset=\"https:\/\/viafabrilis.zw.pl\/wp-content\/uploads\/2023\/07\/6-Cast-muzejni-expozice-venovane-tkalcovstvi-640x640.jpg 640w, https:\/\/viafabrilis.zw.pl\/wp-content\/uploads\/2023\/07\/6-Cast-muzejni-expozice-venovane-tkalcovstvi-150x150.jpg 150w, https:\/\/viafabrilis.zw.pl\/wp-content\/uploads\/2023\/07\/6-Cast-muzejni-expozice-venovane-tkalcovstvi-230x230.jpg 230w, https:\/\/viafabrilis.zw.pl\/wp-content\/uploads\/2023\/07\/6-Cast-muzejni-expozice-venovane-tkalcovstvi-400x400.jpg 400w\" sizes=\"(max-width: 640px) 100vw, 640px\" \/><\/a>\n\t\t\t<\/div>\n\t\t\t\t<figcaption class='wp-caption-text gallery-caption' id='gallery-1-4223'>\n\t\t\t\t\u010c\u00e1st muzejn\u00ed expozice v\u011bnovan\u00e9 tkalcovstv\u00ed\n\t\t\t\t<\/figcaption><\/figure>\n\t\t<\/div>\n\t\t<\/div>\n\t\t\t\t\t\t<\/div>\n\t\t\t\t<\/div>\n\t\t\t\t\t<\/div>\n\t\t<\/div>\n\t\t\t\t\t<\/div>\n\t\t<\/section>\n\t\t\t\t<\/div>\n\t\t","protected":false},"excerpt":{"rendered":"<p>U Bo\u017e\u00edch muk 22 541 01 Trutnov &#8211; Voletiny tel.: +420&nbsp;736&nbsp;275 025 e-mail:&nbsp;dumpodjasanem@seznam.cz www.dumpodjasanem.cz Tkalcovsk\u00e9 muzeum v Dom\u011b pod jasanem v Trutnov\u011b \u2013 Voletin\u00e1ch se nach\u00e1z\u00ed ve zrekonstruovan\u00e9m venkovsk\u00e9m statku. V&nbsp;expozici tkalcovsk\u00e9ho muzea, kter\u00e1 je interaktivn\u00ed a ka\u017ed\u00fd n\u00e1v\u0161t\u011bvn\u00edk si m\u016f\u017ee vyrobit na dobov\u00fdch n\u00e1stroj\u00edch prov\u00e1zek ze lnu, tk\u00e1t na historick\u00e9m tkalcovsk\u00e9m stavu nebo \u010desat [&hellip;]<\/p>\n","protected":false},"author":1,"featured_media":4207,"parent":0,"menu_order":0,"comment_status":"closed","ping_status":"closed","template":"","meta":{"footnotes":""},"class_list":["post-4229","page","type-page","status-publish","has-post-thumbnail","hentry","entry","has-media"],"_links":{"self":[{"href":"https:\/\/viafabrilis.zw.pl\/cs\/wp-json\/wp\/v2\/pages\/4229","targetHints":{"allow":["GET"]}}],"collection":[{"href":"https:\/\/viafabrilis.zw.pl\/cs\/wp-json\/wp\/v2\/pages"}],"about":[{"href":"https:\/\/viafabrilis.zw.pl\/cs\/wp-json\/wp\/v2\/types\/page"}],"author":[{"embeddable":true,"href":"https:\/\/viafabrilis.zw.pl\/cs\/wp-json\/wp\/v2\/users\/1"}],"replies":[{"embeddable":true,"href":"https:\/\/viafabrilis.zw.pl\/cs\/wp-json\/wp\/v2\/comments?post=4229"}],"version-history":[{"count":5,"href":"https:\/\/viafabrilis.zw.pl\/cs\/wp-json\/wp\/v2\/pages\/4229\/revisions"}],"predecessor-version":[{"id":5865,"href":"https:\/\/viafabrilis.zw.pl\/cs\/wp-json\/wp\/v2\/pages\/4229\/revisions\/5865"}],"wp:featuredmedia":[{"embeddable":true,"href":"https:\/\/viafabrilis.zw.pl\/cs\/wp-json\/wp\/v2\/media\/4207"}],"wp:attachment":[{"href":"https:\/\/viafabrilis.zw.pl\/cs\/wp-json\/wp\/v2\/media?parent=4229"}],"curies":[{"name":"wp","href":"https:\/\/api.w.org\/{rel}","templated":true}]}}