{"id":4450,"date":"2023-07-15T14:25:24","date_gmt":"2023-07-15T12:25:24","guid":{"rendered":"https:\/\/viafabrilis.zw.pl\/?page_id=4450"},"modified":"2024-02-10T16:39:25","modified_gmt":"2024-02-10T15:39:25","slug":"sklarna-julia-v-piechowicich-u-szklarske-poreby","status":"publish","type":"page","link":"https:\/\/viafabrilis.zw.pl\/cs\/sklarna-julia-v-piechowicich-u-szklarske-poreby\/","title":{"rendered":"Skl\u00e1rna Julia v Piechowic\u00edch u Szklarsk\u00e9 Por\u0119by"},"content":{"rendered":"\t\t<div data-elementor-type=\"wp-page\" data-elementor-id=\"4450\" class=\"elementor elementor-4450\" data-elementor-post-type=\"page\">\n\t\t\t\t\t\t<section class=\"elementor-section elementor-top-section elementor-element elementor-element-5d246a8 elementor-section-boxed elementor-section-height-default elementor-section-height-default\" data-id=\"5d246a8\" data-element_type=\"section\" data-settings=\"{&quot;jet_parallax_layout_list&quot;:[]}\">\n\t\t\t\t\t\t<div class=\"elementor-container elementor-column-gap-default\">\n\t\t\t\t\t<div class=\"elementor-column elementor-col-50 elementor-top-column elementor-element elementor-element-3e98c31\" data-id=\"3e98c31\" data-element_type=\"column\">\n\t\t\t<div class=\"elementor-widget-wrap elementor-element-populated\">\n\t\t\t\t\t\t<div class=\"elementor-element elementor-element-c54f0e7 elementor-widget elementor-widget-text-editor\" data-id=\"c54f0e7\" data-element_type=\"widget\" data-widget_type=\"text-editor.default\">\n\t\t\t\t<div class=\"elementor-widget-container\">\n\t\t\t\t\t\t\t\t\t<p class=\"MsoNormal\" align=\"center\" style=\"margin: 12pt 0cm 0.0001pt; line-height: 16.8667px; font-size: 11pt; font-family: Arial, sans-serif; color: rgb(0, 0, 0); text-align: center;\"><span lang=\"pl\" style=\"font-size: 12pt; line-height: 18.4px; font-family: &quot;Times New Roman&quot;, serif;\">ul. Kryszta\u0142owa 73<o:p><\/o:p><\/span><\/p><p class=\"MsoNormal\" align=\"center\" style=\"margin: 12pt 0cm 0.0001pt; line-height: 16.8667px; font-size: 11pt; font-family: Arial, sans-serif; color: rgb(0, 0, 0); text-align: center;\"><span lang=\"pl\" style=\"font-size: 12pt; line-height: 18.4px; font-family: &quot;Times New Roman&quot;, serif;\">58-573 Piechowice<o:p><\/o:p><\/span><\/p><p class=\"MsoNormal\" align=\"center\" style=\"margin: 12pt 0cm 0.0001pt; line-height: 16.8667px; font-size: 11pt; font-family: Arial, sans-serif; color: rgb(0, 0, 0); text-align: center;\"><span lang=\"pl\" style=\"font-size: 12pt; line-height: 18.4px; font-family: &quot;Times New Roman&quot;, serif;\">tel.: +48 75 761 24 13<o:p><\/o:p><\/span><\/p><p class=\"MsoNormal\" align=\"center\" style=\"margin: 12pt 0cm 0.0001pt; line-height: 16.8667px; font-size: 11pt; font-family: Arial, sans-serif; color: rgb(0, 0, 0); text-align: center;\"><span lang=\"pl\" style=\"font-size: 12pt; line-height: 18.4px; font-family: &quot;Times New Roman&quot;, serif;\">e-mail: turystyka@hutajulia.com<o:p><\/o:p><\/span><\/p><p class=\"MsoNormal\" align=\"center\" style=\"margin: 12pt 0cm 0.0001pt; line-height: 16.8667px; font-size: 11pt; font-family: Arial, sans-serif; color: rgb(0, 0, 0); text-align: center;\"><span lang=\"pl\"><a href=\"http:\/\/www.hutajulia.com\/\"><span style=\"font-size: 12pt; line-height: 18.4px; font-family: &quot;Times New Roman&quot;, serif; color: windowtext;\">www.hutajulia.com<\/span><\/a><\/span><span lang=\"pl\" style=\"font-size: 12pt; line-height: 18.4px; font-family: &quot;Times New Roman&quot;, serif;\"><o:p><\/o:p><\/span><\/p><p class=\"MsoNormal\" style=\"margin: 12pt 0cm 0.0001pt; line-height: 16.8667px; font-size: 11pt; font-family: Arial, sans-serif; color: rgb(0, 0, 0);\"><span lang=\"pl\" style=\"font-size: 12pt; line-height: 18.4px; font-family: &quot;Times New Roman&quot;, serif;\">&nbsp;<o:p><\/o:p><\/span><\/p><p class=\"MsoNormal\" align=\"center\" style=\"margin: 12pt 0cm 0.0001pt; line-height: 16.8667px; font-size: 11pt; font-family: Arial, sans-serif; color: rgb(0, 0, 0); text-align: center;\"><b><span lang=\"pl\" style=\"font-size: 12pt; line-height: 18.4px; font-family: &quot;Times New Roman&quot;, serif;\">otev\u00edrac\u00ed doba:<o:p><\/o:p><\/span><\/b><\/p><p class=\"MsoNormal\" align=\"center\" style=\"margin: 12pt 0cm 0.0001pt; line-height: 16.8667px; font-size: 11pt; font-family: Arial, sans-serif; color: rgb(0, 0, 0); text-align: center;\"><span lang=\"pl\" style=\"font-size: 12pt; line-height: 18.4px; font-family: &quot;Times New Roman&quot;, serif;\">firemn\u00ed prodejny:<o:p><\/o:p><\/span><\/p><p class=\"MsoNormal\" align=\"center\" style=\"margin: 12pt 0cm 0.0001pt; line-height: 16.8667px; font-size: 11pt; font-family: Arial, sans-serif; color: rgb(0, 0, 0); text-align: center;\"><span lang=\"pl\" style=\"font-size: 12pt; line-height: 18.4px; font-family: &quot;Times New Roman&quot;, serif;\">pond\u011bl\u00ed \u2013 ned\u011ble: 9.00\u201317.00<o:p><\/o:p><\/span><\/p><p class=\"MsoNormal\" align=\"center\" style=\"margin: 12pt 0cm 0.0001pt; line-height: 16.8667px; font-size: 11pt; font-family: Arial, sans-serif; color: rgb(0, 0, 0); text-align: center;\"><span lang=\"pl\" style=\"font-size: 12pt; line-height: 18.4px; font-family: &quot;Times New Roman&quot;, serif;\">prohl\u00eddky:<o:p><\/o:p><\/span><\/p><p class=\"MsoNormal\" align=\"center\" style=\"margin: 12pt 0cm 0.0001pt; line-height: 16.8667px; font-size: 11pt; font-family: Arial, sans-serif; color: rgb(0, 0, 0); text-align: center;\"><span lang=\"pl\" style=\"font-size: 12pt; line-height: 18.4px; font-family: &quot;Times New Roman&quot;, serif;\">pond\u011bl\u00ed \u2013 ned\u011ble: 9.30\u201316.00 (posledn\u00ed vstup)<o:p><\/o:p><\/span><\/p><p class=\"MsoNormal\" align=\"center\" style=\"margin: 12pt 0cm 0.0001pt; line-height: 16.8667px; font-size: 11pt; font-family: Arial, sans-serif; color: rgb(0, 0, 0); text-align: center;\"><span lang=\"pl\" style=\"font-size: 12pt; line-height: 18.4px; font-family: &quot;Times New Roman&quot;, serif;\">d\u00edlny:<o:p><\/o:p><\/span><\/p><p class=\"MsoNormal\" align=\"center\" style=\"margin: 12pt 0cm 0.0001pt; line-height: 16.8667px; font-size: 11pt; font-family: Arial, sans-serif; color: rgb(0, 0, 0); text-align: center;\"><span lang=\"pl\" style=\"font-size: 12pt; line-height: 18.4px; font-family: &quot;Times New Roman&quot;, serif;\">pond\u011bl\u00ed \u2013 ned\u011ble: 9.30, 11.00, 12.30, 14.00, 15.30<o:p><\/o:p><\/span><\/p>\n<div><span style=\"font-size: 12pt; font-family: 'Times New Roman'; color: #000000; background-color: transparent; font-weight: 400; font-style: normal; font-variant: normal; text-decoration: none; vertical-align: baseline; white-space: pre-wrap;\">&nbsp;<\/span><\/div>\t\t\t\t\t\t\t\t<\/div>\n\t\t\t\t<\/div>\n\t\t\t\t\t<\/div>\n\t\t<\/div>\n\t\t\t\t<div class=\"elementor-column elementor-col-50 elementor-top-column elementor-element elementor-element-7ebb1fc\" data-id=\"7ebb1fc\" data-element_type=\"column\">\n\t\t\t<div class=\"elementor-widget-wrap elementor-element-populated\">\n\t\t\t\t\t\t<div class=\"elementor-element elementor-element-318f49d elementor-widget elementor-widget-image\" data-id=\"318f49d\" data-element_type=\"widget\" data-widget_type=\"image.default\">\n\t\t\t\t<div class=\"elementor-widget-container\">\n\t\t\t\t\t\t\t\t\t\t\t\t\t\t\t<img fetchpriority=\"high\" decoding=\"async\" width=\"1024\" height=\"682\" src=\"https:\/\/viafabrilis.zw.pl\/wp-content\/uploads\/2023\/07\/Kopia-3-Wyroby-szklarskie-Huta-Julia-1024x682.jpg\" class=\"attachment-large size-large wp-image-4430\" alt=\"\" srcset=\"https:\/\/viafabrilis.zw.pl\/wp-content\/uploads\/2023\/07\/Kopia-3-Wyroby-szklarskie-Huta-Julia-1024x682.jpg 1024w, https:\/\/viafabrilis.zw.pl\/wp-content\/uploads\/2023\/07\/Kopia-3-Wyroby-szklarskie-Huta-Julia-300x200.jpg 300w, https:\/\/viafabrilis.zw.pl\/wp-content\/uploads\/2023\/07\/Kopia-3-Wyroby-szklarskie-Huta-Julia-768x511.jpg 768w, https:\/\/viafabrilis.zw.pl\/wp-content\/uploads\/2023\/07\/Kopia-3-Wyroby-szklarskie-Huta-Julia-600x400.jpg 600w, https:\/\/viafabrilis.zw.pl\/wp-content\/uploads\/2023\/07\/Kopia-3-Wyroby-szklarskie-Huta-Julia.jpg 1200w\" sizes=\"(max-width: 1024px) 100vw, 1024px\" \/>\t\t\t\t\t\t\t\t\t\t\t\t\t\t\t<\/div>\n\t\t\t\t<\/div>\n\t\t\t\t\t<\/div>\n\t\t<\/div>\n\t\t\t\t\t<\/div>\n\t\t<\/section>\n\t\t\t\t<section class=\"elementor-section elementor-top-section elementor-element elementor-element-81b0937 elementor-section-boxed elementor-section-height-default elementor-section-height-default\" data-id=\"81b0937\" data-element_type=\"section\" data-settings=\"{&quot;jet_parallax_layout_list&quot;:[]}\">\n\t\t\t\t\t\t<div class=\"elementor-container elementor-column-gap-default\">\n\t\t\t\t\t<div class=\"elementor-column elementor-col-100 elementor-top-column elementor-element elementor-element-c7093fe\" data-id=\"c7093fe\" data-element_type=\"column\">\n\t\t\t<div class=\"elementor-widget-wrap elementor-element-populated\">\n\t\t\t\t\t\t<div class=\"elementor-element elementor-element-f649a4a elementor-widget elementor-widget-text-editor\" data-id=\"f649a4a\" data-element_type=\"widget\" data-widget_type=\"text-editor.default\">\n\t\t\t\t<div class=\"elementor-widget-container\">\n\t\t\t\t\t\t\t\t\t<p>Oblast Krkono\u0161 je zn\u00e1m\u00e1 svou skl\u00e1\u0159skou v\u00fdrobou ji\u017e od st\u0159edov\u011bku. D\u016fvodem je dostupnost k\u0159emenn\u00e9ho p\u00edsku pro v\u00fdrobu skla a tak\u00e9 palivov\u00e9ho d\u0159eva a vody. Na skl\u00e1\u0159sk\u00e9 tradice regionu dnes navazuje skl\u00e1rna Huta Julia v Piechowic\u00edch u Szklarsk\u00e9 Por\u0119by, kter\u00e1 p\u016fsob\u00ed od roku 1866. Tehdy zde byla zalo\u017eena prvn\u00ed skl\u00e1rna specializuj\u00edc\u00ed se na zpracov\u00e1n\u00ed d\u00edl\u016f pro lustry a v\u00fdrobu k\u0159i\u0161\u0165\u00e1lov\u00fdch zrcadel. V roce 1889 byla dokon\u010dena v\u00fdstavba skl\u00e1rny Fritze Heckerta, kter\u00e1 se v roce 1923 spojila se zn\u00e1mou skl\u00e1rnou Josephine ve Szklarsk\u00e9 Poreb\u011b a dal\u0161\u00edm podnikem v Sobiesz\u00f3w\u011b pod akciovou spole\u010dnost\u00ed s obchodn\u00edm n\u00e1zvem Josephine. Sv\u016fj sou\u010dasn\u00fd n\u00e1zev Julia z\u00edskala firma v roce 1958.<\/p><p>V piechowick\u00e9 skl\u00e1rn\u011b se k\u0159i\u0161\u0165\u00e1lov\u00e9 sklo vyr\u00e1b\u00ed ji\u017e t\u00e9m\u011b\u0159 150 let a z\u00edskalo si sv\u011btov\u00e9 uzn\u00e1n\u00ed. V\u00fdrobky zde vyr\u00e1b\u011bn\u00e9 dnes oce\u0148uj\u00ed jak p\u0159\u00edznivci tradice a jednoduch\u00e9 elegance, tak modern\u00edho designu.<\/p><p>B\u011bhem n\u00e1v\u0161t\u011bvy t\u00e9to jedn\u00e9 z posledn\u00edch funguj\u00edc\u00edch skl\u00e1ren na polsk\u00e9 stran\u011b Krkono\u0161 se m\u016f\u017eete sezn\u00e1mit s procesem v\u00fdroby k\u0159i\u0161\u0165\u00e1lov\u00e9ho skla a zbl\u00edzka si prohl\u00e9dnout fouk\u00e1n\u00ed a zdoben\u00ed n\u00e1dob. Na procesu vzniku ka\u017ed\u00e9ho kusu k\u0159i\u0161\u0165\u00e1lov\u00e9ho skla se pod\u00edl\u00ed a\u017e 70 odborn\u00edk\u016f.<\/p><p>Skl\u00e1rna nab\u00edz\u00ed d\u00edlny pro ml\u00e1de\u017e i dosp\u011bl\u00e9 a tak\u00e9 speci\u00e1ln\u00ed vzd\u011bl\u00e1vac\u00ed program pro d\u011bti nazvan\u00fd Mini Huta, tedy Mini skl\u00e1rna. B\u011bhem program\u016f se m\u016f\u017eete postavit p\u0159\u00edmo na jednotliv\u00e1 pracovi\u0161t\u011b a poc\u00edtit vysokou teplotu, kterou vytv\u00e1\u0159\u00ed skl\u00e1\u0159sk\u00e1 pec. Na nau\u010dn\u00e9 stezce jsou um\u00edst\u011bna stanovi\u0161t\u011b, kde jsou p\u0159edvedeny jednotliv\u00e9 f\u00e1ze v\u00fdroby k\u0159i\u0161\u0165\u00e1lov\u00e9ho skla: od tvarov\u00e1n\u00ed p\u0159es zna\u010den\u00ed, zdoben\u00ed a brou\u0161en\u00ed a\u017e po z\u00e1v\u011bre\u010dnou kontrolu jakosti prov\u00e1d\u011bnou zku\u0161en\u00fdmi pracovn\u00edky. Vedle skl\u00e1rny se nach\u00e1zej\u00ed dv\u011b podnikov\u00e9 prodejny a jedine\u010dn\u00e1 K\u0159i\u0161\u0165\u00e1lov\u00e1 kav\u00e1rna.<\/p>\t\t\t\t\t\t\t\t<\/div>\n\t\t\t\t<\/div>\n\t\t\t\t\t<\/div>\n\t\t<\/div>\n\t\t\t\t\t<\/div>\n\t\t<\/section>\n\t\t\t\t<section class=\"elementor-section elementor-top-section elementor-element elementor-element-359416e elementor-section-boxed elementor-section-height-default elementor-section-height-default\" data-id=\"359416e\" data-element_type=\"section\" data-settings=\"{&quot;jet_parallax_layout_list&quot;:[]}\">\n\t\t\t\t\t\t<div class=\"elementor-container elementor-column-gap-default\">\n\t\t\t\t\t<div class=\"elementor-column elementor-col-100 elementor-top-column elementor-element elementor-element-1072cfa\" data-id=\"1072cfa\" data-element_type=\"column\">\n\t\t\t<div class=\"elementor-widget-wrap elementor-element-populated\">\n\t\t\t\t\t\t<div class=\"elementor-element elementor-element-9e40a17 elementor-widget elementor-widget-image-gallery\" data-id=\"9e40a17\" data-element_type=\"widget\" data-widget_type=\"image-gallery.default\">\n\t\t\t\t<div class=\"elementor-widget-container\">\n\t\t\t\t\t\t\t<div class=\"elementor-image-gallery\">\n\t\t\t<div id='gallery-1' class='gallery galleryid-4450 gallery-columns-4 gallery-size-monstroid2-thumb-justify'><figure class='gallery-item'>\n\t\t\t<div class='gallery-icon landscape'>\n\t\t\t\t<a data-elementor-open-lightbox=\"yes\" data-elementor-lightbox-slideshow=\"9e40a17\" data-elementor-lightbox-title=\"1 - Formowanie na gora\u0328co\" data-e-action-hash=\"#elementor-action%3Aaction%3Dlightbox%26settings%3DeyJpZCI6NDQzNSwidXJsIjoiaHR0cHM6XC9cL3ZpYWZhYnJpbGlzLnp3LnBsXC93cC1jb250ZW50XC91cGxvYWRzXC8yMDIzXC8wN1wvMS1Gb3Jtb3dhbmllLW5hLWdvcmFjby5qcGciLCJzbGlkZXNob3ciOiI5ZTQwYTE3In0%3D\" href='https:\/\/viafabrilis.zw.pl\/wp-content\/uploads\/2023\/07\/1-Formowanie-na-goraco.jpg'><img decoding=\"async\" width=\"640\" height=\"640\" src=\"https:\/\/viafabrilis.zw.pl\/wp-content\/uploads\/2023\/07\/1-Formowanie-na-goraco-640x640.jpg\" class=\"attachment-monstroid2-thumb-justify size-monstroid2-thumb-justify\" alt=\"\" aria-describedby=\"gallery-1-4435\" srcset=\"https:\/\/viafabrilis.zw.pl\/wp-content\/uploads\/2023\/07\/1-Formowanie-na-goraco-640x640.jpg 640w, https:\/\/viafabrilis.zw.pl\/wp-content\/uploads\/2023\/07\/1-Formowanie-na-goraco-150x150.jpg 150w, https:\/\/viafabrilis.zw.pl\/wp-content\/uploads\/2023\/07\/1-Formowanie-na-goraco-230x230.jpg 230w, https:\/\/viafabrilis.zw.pl\/wp-content\/uploads\/2023\/07\/1-Formowanie-na-goraco-400x400.jpg 400w\" sizes=\"(max-width: 640px) 100vw, 640px\" \/><\/a>\n\t\t\t<\/div>\n\t\t\t\t<figcaption class='wp-caption-text gallery-caption' id='gallery-1-4435'>\n\t\t\t\tHutn\u00ed tvarov\u00e1n\u00ed\n\t\t\t\t<\/figcaption><\/figure><figure class='gallery-item'>\n\t\t\t<div class='gallery-icon landscape'>\n\t\t\t\t<a data-elementor-open-lightbox=\"yes\" data-elementor-lightbox-slideshow=\"9e40a17\" data-elementor-lightbox-title=\"2 - Warsztaty malowania na szkle\" data-e-action-hash=\"#elementor-action%3Aaction%3Dlightbox%26settings%3DeyJpZCI6NDQzOSwidXJsIjoiaHR0cHM6XC9cL3ZpYWZhYnJpbGlzLnp3LnBsXC93cC1jb250ZW50XC91cGxvYWRzXC8yMDIzXC8wN1wvMi1XYXJzenRhdHktbWFsb3dhbmlhLW5hLXN6a2xlLmpwZyIsInNsaWRlc2hvdyI6IjllNDBhMTcifQ%3D%3D\" href='https:\/\/viafabrilis.zw.pl\/wp-content\/uploads\/2023\/07\/2-Warsztaty-malowania-na-szkle.jpg'><img decoding=\"async\" width=\"640\" height=\"640\" src=\"https:\/\/viafabrilis.zw.pl\/wp-content\/uploads\/2023\/07\/2-Warsztaty-malowania-na-szkle-640x640.jpg\" class=\"attachment-monstroid2-thumb-justify size-monstroid2-thumb-justify\" alt=\"\" aria-describedby=\"gallery-1-4439\" srcset=\"https:\/\/viafabrilis.zw.pl\/wp-content\/uploads\/2023\/07\/2-Warsztaty-malowania-na-szkle-640x640.jpg 640w, https:\/\/viafabrilis.zw.pl\/wp-content\/uploads\/2023\/07\/2-Warsztaty-malowania-na-szkle-150x150.jpg 150w, https:\/\/viafabrilis.zw.pl\/wp-content\/uploads\/2023\/07\/2-Warsztaty-malowania-na-szkle-230x230.jpg 230w, https:\/\/viafabrilis.zw.pl\/wp-content\/uploads\/2023\/07\/2-Warsztaty-malowania-na-szkle-400x400.jpg 400w\" sizes=\"(max-width: 640px) 100vw, 640px\" \/><\/a>\n\t\t\t<\/div>\n\t\t\t\t<figcaption class='wp-caption-text gallery-caption' id='gallery-1-4439'>\n\t\t\t\tD\u00edlny malov\u00e1n\u00ed na sklo\n\t\t\t\t<\/figcaption><\/figure><figure class='gallery-item'>\n\t\t\t<div class='gallery-icon landscape'>\n\t\t\t\t<a data-elementor-open-lightbox=\"yes\" data-elementor-lightbox-slideshow=\"9e40a17\" data-elementor-lightbox-title=\"3 - Wyroby szklarskie - Huta Julia\" data-e-action-hash=\"#elementor-action%3Aaction%3Dlightbox%26settings%3DeyJpZCI6NDQ0NCwidXJsIjoiaHR0cHM6XC9cL3ZpYWZhYnJpbGlzLnp3LnBsXC93cC1jb250ZW50XC91cGxvYWRzXC8yMDIzXC8wN1wvMy1XeXJvYnktc3prbGFyc2tpZS1IdXRhLUp1bGlhLmpwZyIsInNsaWRlc2hvdyI6IjllNDBhMTcifQ%3D%3D\" href='https:\/\/viafabrilis.zw.pl\/wp-content\/uploads\/2023\/07\/3-Wyroby-szklarskie-Huta-Julia.jpg'><img loading=\"lazy\" decoding=\"async\" width=\"640\" height=\"640\" src=\"https:\/\/viafabrilis.zw.pl\/wp-content\/uploads\/2023\/07\/3-Wyroby-szklarskie-Huta-Julia-640x640.jpg\" class=\"attachment-monstroid2-thumb-justify size-monstroid2-thumb-justify\" alt=\"\" aria-describedby=\"gallery-1-4444\" srcset=\"https:\/\/viafabrilis.zw.pl\/wp-content\/uploads\/2023\/07\/3-Wyroby-szklarskie-Huta-Julia-640x640.jpg 640w, https:\/\/viafabrilis.zw.pl\/wp-content\/uploads\/2023\/07\/3-Wyroby-szklarskie-Huta-Julia-150x150.jpg 150w, https:\/\/viafabrilis.zw.pl\/wp-content\/uploads\/2023\/07\/3-Wyroby-szklarskie-Huta-Julia-230x230.jpg 230w, https:\/\/viafabrilis.zw.pl\/wp-content\/uploads\/2023\/07\/3-Wyroby-szklarskie-Huta-Julia-400x400.jpg 400w\" sizes=\"(max-width: 640px) 100vw, 640px\" \/><\/a>\n\t\t\t<\/div>\n\t\t\t\t<figcaption class='wp-caption-text gallery-caption' id='gallery-1-4444'>\n\t\t\t\tSkl\u00e1\u0159sk\u00e9 v\u00fdrobky \u2013 skl\u00e1rna Julia\n\t\t\t\t<\/figcaption><\/figure>\n\t\t<\/div>\n\t\t<\/div>\n\t\t\t\t\t\t<\/div>\n\t\t\t\t<\/div>\n\t\t\t\t\t<\/div>\n\t\t<\/div>\n\t\t\t\t\t<\/div>\n\t\t<\/section>\n\t\t\t\t<\/div>\n\t\t","protected":false},"excerpt":{"rendered":"<p>ul. Kryszta\u0142owa 73 58-573 Piechowice tel.: +48 75 761 24 13 e-mail: turystyka@hutajulia.com www.hutajulia.com &nbsp; otev\u00edrac\u00ed doba: firemn\u00ed prodejny: pond\u011bl\u00ed \u2013 ned\u011ble: 9.00\u201317.00 prohl\u00eddky: pond\u011bl\u00ed \u2013 ned\u011ble: 9.30\u201316.00 (posledn\u00ed vstup) d\u00edlny: pond\u011bl\u00ed \u2013 ned\u011ble: 9.30, 11.00, 12.30, 14.00, 15.30 &nbsp; Oblast Krkono\u0161 je zn\u00e1m\u00e1 svou skl\u00e1\u0159skou v\u00fdrobou ji\u017e od st\u0159edov\u011bku. D\u016fvodem je dostupnost k\u0159emenn\u00e9ho p\u00edsku [&hellip;]<\/p>\n","protected":false},"author":1,"featured_media":4444,"parent":0,"menu_order":0,"comment_status":"closed","ping_status":"closed","template":"","meta":{"footnotes":""},"class_list":["post-4450","page","type-page","status-publish","has-post-thumbnail","hentry","entry","has-media"],"_links":{"self":[{"href":"https:\/\/viafabrilis.zw.pl\/cs\/wp-json\/wp\/v2\/pages\/4450","targetHints":{"allow":["GET"]}}],"collection":[{"href":"https:\/\/viafabrilis.zw.pl\/cs\/wp-json\/wp\/v2\/pages"}],"about":[{"href":"https:\/\/viafabrilis.zw.pl\/cs\/wp-json\/wp\/v2\/types\/page"}],"author":[{"embeddable":true,"href":"https:\/\/viafabrilis.zw.pl\/cs\/wp-json\/wp\/v2\/users\/1"}],"replies":[{"embeddable":true,"href":"https:\/\/viafabrilis.zw.pl\/cs\/wp-json\/wp\/v2\/comments?post=4450"}],"version-history":[{"count":5,"href":"https:\/\/viafabrilis.zw.pl\/cs\/wp-json\/wp\/v2\/pages\/4450\/revisions"}],"predecessor-version":[{"id":5857,"href":"https:\/\/viafabrilis.zw.pl\/cs\/wp-json\/wp\/v2\/pages\/4450\/revisions\/5857"}],"wp:featuredmedia":[{"embeddable":true,"href":"https:\/\/viafabrilis.zw.pl\/cs\/wp-json\/wp\/v2\/media\/4444"}],"wp:attachment":[{"href":"https:\/\/viafabrilis.zw.pl\/cs\/wp-json\/wp\/v2\/media?parent=4450"}],"curies":[{"name":"wp","href":"https:\/\/api.w.org\/{rel}","templated":true}]}}