{"id":4573,"date":"2023-07-15T14:53:45","date_gmt":"2023-07-15T12:53:45","guid":{"rendered":"https:\/\/viafabrilis.zw.pl\/?page_id=4573"},"modified":"2023-09-14T11:13:17","modified_gmt":"2023-09-14T09:13:17","slug":"lesna-huta-szklarska-poreba","status":"publish","type":"page","link":"https:\/\/viafabrilis.zw.pl\/cs\/lesna-huta-szklarska-poreba\/","title":{"rendered":"Le\u015bna Huta Szklarska Por\u0119ba"},"content":{"rendered":"\t\t<div data-elementor-type=\"wp-page\" data-elementor-id=\"4573\" class=\"elementor elementor-4573\" data-elementor-post-type=\"page\">\n\t\t\t\t\t\t<section class=\"elementor-section elementor-top-section elementor-element elementor-element-b6250ea elementor-section-boxed elementor-section-height-default elementor-section-height-default\" data-id=\"b6250ea\" data-element_type=\"section\" data-settings=\"{&quot;jet_parallax_layout_list&quot;:[]}\">\n\t\t\t\t\t\t<div class=\"elementor-container elementor-column-gap-default\">\n\t\t\t\t\t<div class=\"elementor-column elementor-col-33 elementor-top-column elementor-element elementor-element-3b86a97\" data-id=\"3b86a97\" data-element_type=\"column\">\n\t\t\t<div class=\"elementor-widget-wrap elementor-element-populated\">\n\t\t\t\t\t\t<div class=\"elementor-element elementor-element-1ff8bfc elementor-widget elementor-widget-text-editor\" data-id=\"1ff8bfc\" data-element_type=\"widget\" data-widget_type=\"text-editor.default\">\n\t\t\t\t<div class=\"elementor-widget-container\">\n\t\t\t\t\t\t\t\t\t<p dir=\"ltr\" style=\"line-height: 1.3800000000000001; text-align: center; margin-top: 0pt; margin-bottom: 0pt;\"><span style=\"font-size: 12pt; font-family: 'Times New Roman'; color: #000000; background-color: transparent; font-weight: 400; font-style: normal; font-variant: normal; text-decoration: none; vertical-align: baseline; white-space: pre-wrap;\">ul. Ko\u0142\u0142\u0105taja 2<\/span><\/p><p dir=\"ltr\" style=\"line-height: 1.3800000000000001; text-align: center; margin-top: 0pt; margin-bottom: 0pt;\"><span style=\"font-size: 12pt; font-family: 'Times New Roman'; color: #000000; background-color: transparent; font-weight: 400; font-style: normal; font-variant: normal; text-decoration: none; vertical-align: baseline; white-space: pre-wrap;\">58-580 Szklarska Por\u0119ba<\/span><\/p><p dir=\"ltr\" style=\"line-height: 1.3800000000000001; text-align: center; margin-top: 0pt; margin-bottom: 0pt;\"><span style=\"font-size: 12pt; font-family: 'Times New Roman'; color: #000000; background-color: transparent; font-weight: 400; font-style: normal; font-variant: normal; text-decoration: none; vertical-align: baseline; white-space: pre-wrap;\">tel.: +48 75 717 23 03<\/span><\/p><p dir=\"ltr\" style=\"line-height: 1.3800000000000001; text-align: center; margin-top: 0pt; margin-bottom: 0pt;\"><span style=\"font-size: 12pt; font-family: 'Times New Roman'; color: #000000; background-color: transparent; font-weight: 400; font-style: normal; font-variant: normal; text-decoration: none; vertical-align: baseline; white-space: pre-wrap;\">e-mail: lesnahuta1@wp.pl<\/span><\/p><p dir=\"ltr\" style=\"line-height: 1.3800000000000001; text-align: center; margin-top: 0pt; margin-bottom: 0pt;\"><a style=\"text-decoration: none;\" href=\"http:\/\/www.lesnahuta.pl\/\"><span style=\"font-size: 12pt; font-family: 'Times New Roman'; color: #000000; background-color: transparent; font-weight: 400; font-style: normal; font-variant: normal; text-decoration: none; vertical-align: baseline; white-space: pre-wrap;\">www.lesnahuta.pl<\/span><\/a><\/p><p dir=\"ltr\" style=\"line-height: 1.3800000000000001; text-align: center; margin-top: 0pt; margin-bottom: 0pt;\"><b id=\"docs-internal-guid-71847d7f-7fff-43ba-40ab-5abd2529e746\" style=\"font-weight: normal;\">\u00a0<\/b><\/p><h4 dir=\"ltr\" style=\"line-height: 1.3800000000000001; text-align: center; margin-top: 0pt; margin-bottom: 0pt;\"><span style=\"font-size: 12pt; font-family: 'Times New Roman'; color: #000000; background-color: transparent; font-weight: bold; font-style: normal; font-variant: normal; text-decoration: none; vertical-align: baseline; white-space: pre-wrap;\">otev\u00edrac\u00ed doba:<\/span><\/h4><p dir=\"ltr\" style=\"line-height: 1.3800000000000001; text-align: center; margin-top: 0pt; margin-bottom: 0pt;\">\u00a0<\/p><p dir=\"ltr\" style=\"line-height: 1.3800000000000001; text-align: center; margin-top: 0pt; margin-bottom: 0pt;\"><span style=\"font-size: 12pt; font-family: 'Times New Roman'; color: #000000; background-color: transparent; font-weight: 400; font-style: normal; font-variant: normal; text-decoration: none; vertical-align: baseline; white-space: pre-wrap;\">\u00fater\u00fd \u2013 sobota: 10:00\u201314:00, 14:30\u201318:00<\/span><\/p><div><span style=\"font-size: 12pt; font-family: 'Times New Roman'; color: #000000; background-color: transparent; font-weight: 400; font-style: normal; font-variant: normal; text-decoration: none; vertical-align: baseline; white-space: pre-wrap;\">\u00a0<\/span><\/div><div><span style=\"font-size: 12pt; font-family: 'Times New Roman'; color: #000000; background-color: transparent; font-weight: 400; font-style: normal; font-variant: normal; text-decoration: none; vertical-align: baseline; white-space: pre-wrap;\">\u00a0<\/span><\/div>\t\t\t\t\t\t\t\t<\/div>\n\t\t\t\t<\/div>\n\t\t\t\t\t<\/div>\n\t\t<\/div>\n\t\t\t\t<div class=\"elementor-column elementor-col-33 elementor-top-column elementor-element elementor-element-cd6ca79\" data-id=\"cd6ca79\" data-element_type=\"column\">\n\t\t\t<div class=\"elementor-widget-wrap elementor-element-populated\">\n\t\t\t\t\t\t<div class=\"elementor-element elementor-element-45c70a5 elementor-widget elementor-widget-image\" data-id=\"45c70a5\" data-element_type=\"widget\" data-widget_type=\"image.default\">\n\t\t\t\t<div class=\"elementor-widget-container\">\n\t\t\t\t\t\t\t\t\t\t\t\t\t\t\t<img fetchpriority=\"high\" decoding=\"async\" width=\"1024\" height=\"682\" src=\"https:\/\/viafabrilis.zw.pl\/wp-content\/uploads\/2023\/07\/Kopia-5-Przyklad-wspolczesnej-produkcji-huty-1024x682.jpg\" class=\"attachment-large size-large wp-image-4537\" alt=\"\" srcset=\"https:\/\/viafabrilis.zw.pl\/wp-content\/uploads\/2023\/07\/Kopia-5-Przyklad-wspolczesnej-produkcji-huty-1024x682.jpg 1024w, https:\/\/viafabrilis.zw.pl\/wp-content\/uploads\/2023\/07\/Kopia-5-Przyklad-wspolczesnej-produkcji-huty-300x200.jpg 300w, https:\/\/viafabrilis.zw.pl\/wp-content\/uploads\/2023\/07\/Kopia-5-Przyklad-wspolczesnej-produkcji-huty-768x511.jpg 768w, https:\/\/viafabrilis.zw.pl\/wp-content\/uploads\/2023\/07\/Kopia-5-Przyklad-wspolczesnej-produkcji-huty-1536x1023.jpg 1536w, https:\/\/viafabrilis.zw.pl\/wp-content\/uploads\/2023\/07\/Kopia-5-Przyklad-wspolczesnej-produkcji-huty-600x400.jpg 600w, https:\/\/viafabrilis.zw.pl\/wp-content\/uploads\/2023\/07\/Kopia-5-Przyklad-wspolczesnej-produkcji-huty.jpg 1622w\" sizes=\"(max-width: 1024px) 100vw, 1024px\" \/>\t\t\t\t\t\t\t\t\t\t\t\t\t\t\t<\/div>\n\t\t\t\t<\/div>\n\t\t\t\t\t<\/div>\n\t\t<\/div>\n\t\t\t\t<div class=\"elementor-column elementor-col-33 elementor-top-column elementor-element elementor-element-6d602b2\" data-id=\"6d602b2\" data-element_type=\"column\">\n\t\t\t<div class=\"elementor-widget-wrap elementor-element-populated\">\n\t\t\t\t\t\t<div class=\"elementor-element elementor-element-0af7556 elementor-widget elementor-widget-image\" data-id=\"0af7556\" data-element_type=\"widget\" data-widget_type=\"image.default\">\n\t\t\t\t<div class=\"elementor-widget-container\">\n\t\t\t\t\t\t\t\t\t\t\t\t\t\t\t<img decoding=\"async\" width=\"1000\" height=\"665\" src=\"https:\/\/viafabrilis.zw.pl\/wp-content\/uploads\/2023\/07\/Kopia-1-Sklep-ze-szklanymi-wyrobami-przy-Lesnej-Hucie-1.jpg\" class=\"attachment-large size-large wp-image-4541\" alt=\"\" srcset=\"https:\/\/viafabrilis.zw.pl\/wp-content\/uploads\/2023\/07\/Kopia-1-Sklep-ze-szklanymi-wyrobami-przy-Lesnej-Hucie-1.jpg 1000w, https:\/\/viafabrilis.zw.pl\/wp-content\/uploads\/2023\/07\/Kopia-1-Sklep-ze-szklanymi-wyrobami-przy-Lesnej-Hucie-1-300x200.jpg 300w, https:\/\/viafabrilis.zw.pl\/wp-content\/uploads\/2023\/07\/Kopia-1-Sklep-ze-szklanymi-wyrobami-przy-Lesnej-Hucie-1-768x511.jpg 768w, https:\/\/viafabrilis.zw.pl\/wp-content\/uploads\/2023\/07\/Kopia-1-Sklep-ze-szklanymi-wyrobami-przy-Lesnej-Hucie-1-600x399.jpg 600w\" sizes=\"(max-width: 1000px) 100vw, 1000px\" \/>\t\t\t\t\t\t\t\t\t\t\t\t\t\t\t<\/div>\n\t\t\t\t<\/div>\n\t\t\t\t\t<\/div>\n\t\t<\/div>\n\t\t\t\t\t<\/div>\n\t\t<\/section>\n\t\t\t\t<section class=\"elementor-section elementor-top-section elementor-element elementor-element-b02944f elementor-section-boxed elementor-section-height-default elementor-section-height-default\" data-id=\"b02944f\" data-element_type=\"section\" data-settings=\"{&quot;jet_parallax_layout_list&quot;:[]}\">\n\t\t\t\t\t\t<div class=\"elementor-container elementor-column-gap-default\">\n\t\t\t\t\t<div class=\"elementor-column elementor-col-100 elementor-top-column elementor-element elementor-element-fd66769\" data-id=\"fd66769\" data-element_type=\"column\">\n\t\t\t<div class=\"elementor-widget-wrap elementor-element-populated\">\n\t\t\t\t\t\t<div class=\"elementor-element elementor-element-5a5e18e elementor-widget elementor-widget-text-editor\" data-id=\"5a5e18e\" data-element_type=\"widget\" data-widget_type=\"text-editor.default\">\n\t\t\t\t<div class=\"elementor-widget-container\">\n\t\t\t\t\t\t\t\t\t<p dir=\"ltr\" style=\"line-height: 1.3800000000000001; text-indent: 36pt; text-align: justify; margin-top: 0pt; margin-bottom: 0pt;\"><span style=\"font-size: 12pt; font-family: 'Times New Roman'; color: #000000; background-color: transparent; font-weight: 400; font-style: normal; font-variant: normal; text-decoration: none; vertical-align: baseline; white-space: pre-wrap;\">Le\u015bna Huta (Lesn\u00ed skl\u00e1rna) ve Szklarsk\u00e9 Por\u0119b\u011b byla zalo\u017eena v roce 1989 a zpo\u010d\u00e1tku se zab\u00fdvala v\u00fdrobou a brou\u0161en\u00edm u\u017eitkov\u00e9ho skla. Jej\u00ed zakladatel Henryk \u0141ubkowski se rozhodl vyu\u017e\u00edt dlouholet\u00fdch zku\u0161enost\u00ed z\u00edskan\u00fdch ve skl\u00e1rn\u011b Julia, zam\u011b\u0159en\u00e9 na k\u0159i\u0161\u0165\u00e1lov\u00e9 sklo, a zalo\u017eit soukromou spole\u010dnost navazuj\u00edc\u00ed na stalet\u00e9 skl\u00e1\u0159sk\u00e9 tradice regionu, kter\u00e9 sahaj\u00ed a\u017e do 14. stolet\u00ed. Skl\u00e1rna vyr\u00e1b\u00ed unik\u00e1tn\u00ed vzory a n\u00e1doby s charakteristick\u00fdm designem. Prvn\u00edmi v\u00fdrobky byly pivn\u00ed korbele, postupem \u010dasu se sortiment roz\u0161\u00ed\u0159il o v\u00e1zy, sv\u00edcny, m\u00edsy a drobn\u00e9 sklen\u011bn\u00e9 v\u00fdrobky. D\u00edky tomu, \u017ee se barevn\u00e9 sklo tvo\u0159\u00ed ru\u010dn\u011b, maj\u00ed v\u00fdrobky neopakovateln\u00fd charakter.<\/span><\/p><p dir=\"ltr\" style=\"line-height: 1.3800000000000001; text-indent: 36pt; text-align: justify; margin-top: 0pt; margin-bottom: 0pt;\"><span style=\"font-size: 12pt; font-family: 'Times New Roman'; color: #000000; background-color: transparent; font-weight: 400; font-style: normal; font-variant: normal; text-decoration: none; vertical-align: baseline; white-space: pre-wrap;\">Are\u00e1l se nach\u00e1z\u00ed na \u00fapat\u00ed Krkono\u0161 a je p\u0159\u00edstupn\u00fd i ve\u0159ejnosti. Na m\u00edst\u011b mohou n\u00e1v\u0161t\u011bvn\u00edci sledovat uk\u00e1zky tradi\u010dn\u00edho fouk\u00e1n\u00ed a ru\u010dn\u00edho tvarov\u00e1n\u00ed skla, kter\u00e9 p\u0159edv\u00e1d\u011bj\u00ed zku\u0161en\u00ed skl\u00e1\u0159\u0161t\u00ed mist\u0159i. Jedn\u00e1 se o jedine\u010dnou pod\u00edvanou zahrnuj\u00edc\u00ed sv\u011btlo, barvy a sklen\u011bnou hmotu. Skl\u00e1rna pou\u017e\u00edv\u00e1 starobyl\u00e9 n\u00e1stroje a formy, tak\u017ee p\u0159edm\u011bty zde vyr\u00e1b\u011bn\u00e9 maj\u00ed p\u0159idanou hodnotu spo\u010d\u00edvaj\u00edc\u00ed v tradi\u010dn\u00ed \u0159emesln\u00e9 zru\u010dnosti.<\/span><\/p><p>\u00a0<\/p><p dir=\"ltr\" style=\"line-height: 1.3800000000000001; text-indent: 36pt; text-align: justify; margin-top: 0pt; margin-bottom: 0pt;\"><span style=\"font-size: 12pt; font-family: 'Times New Roman'; color: #000000; background-color: transparent; font-weight: 400; font-style: normal; font-variant: normal; text-decoration: none; vertical-align: baseline; white-space: pre-wrap;\">Vedle skl\u00e1rny se nach\u00e1z\u00ed firemn\u00ed prodejna, kde je k dispozici ve\u0161ker\u00fd vyr\u00e1b\u011bn\u00fd sortiment. Hned vedle se nach\u00e1z\u00ed hostinec Karczma Hutnika.<\/span><\/p>\t\t\t\t\t\t\t\t<\/div>\n\t\t\t\t<\/div>\n\t\t\t\t\t<\/div>\n\t\t<\/div>\n\t\t\t\t\t<\/div>\n\t\t<\/section>\n\t\t\t\t<section class=\"elementor-section elementor-top-section elementor-element elementor-element-a2e0417 elementor-section-boxed elementor-section-height-default elementor-section-height-default\" data-id=\"a2e0417\" data-element_type=\"section\" data-settings=\"{&quot;jet_parallax_layout_list&quot;:[]}\">\n\t\t\t\t\t\t<div class=\"elementor-container elementor-column-gap-default\">\n\t\t\t\t\t<div class=\"elementor-column elementor-col-100 elementor-top-column elementor-element elementor-element-c896a46\" data-id=\"c896a46\" data-element_type=\"column\">\n\t\t\t<div class=\"elementor-widget-wrap elementor-element-populated\">\n\t\t\t\t\t\t<div class=\"elementor-element elementor-element-eb3fb6d elementor-widget elementor-widget-image-gallery\" data-id=\"eb3fb6d\" data-element_type=\"widget\" data-widget_type=\"image-gallery.default\">\n\t\t\t\t<div class=\"elementor-widget-container\">\n\t\t\t\t\t\t\t<div class=\"elementor-image-gallery\">\n\t\t\t<div id='gallery-1' class='gallery galleryid-4573 gallery-columns-4 gallery-size-monstroid2-thumb-justify'><figure class='gallery-item'>\n\t\t\t<div class='gallery-icon landscape'>\n\t\t\t\t<a data-elementor-open-lightbox=\"yes\" data-elementor-lightbox-slideshow=\"eb3fb6d\" data-elementor-lightbox-title=\"1 - Sklep ze szklanymi wyrobami przy Les\u0301nej Hucie\" data-e-action-hash=\"#elementor-action%3Aaction%3Dlightbox%26settings%3DeyJpZCI6NDU0NiwidXJsIjoiaHR0cHM6XC9cL3ZpYWZhYnJpbGlzLnp3LnBsXC93cC1jb250ZW50XC91cGxvYWRzXC8yMDIzXC8wN1wvMS1Ta2xlcC16ZS1zemtsYW55bWktd3lyb2JhbWktcHJ6eS1MZXNuZWotSHVjaWUuanBnIiwic2xpZGVzaG93IjoiZWIzZmI2ZCJ9\" href='https:\/\/viafabrilis.zw.pl\/wp-content\/uploads\/2023\/07\/1-Sklep-ze-szklanymi-wyrobami-przy-Lesnej-Hucie.jpg'><img decoding=\"async\" width=\"640\" height=\"640\" src=\"https:\/\/viafabrilis.zw.pl\/wp-content\/uploads\/2023\/07\/1-Sklep-ze-szklanymi-wyrobami-przy-Lesnej-Hucie-640x640.jpg\" class=\"attachment-monstroid2-thumb-justify size-monstroid2-thumb-justify\" alt=\"\" aria-describedby=\"gallery-1-4546\" srcset=\"https:\/\/viafabrilis.zw.pl\/wp-content\/uploads\/2023\/07\/1-Sklep-ze-szklanymi-wyrobami-przy-Lesnej-Hucie-640x640.jpg 640w, https:\/\/viafabrilis.zw.pl\/wp-content\/uploads\/2023\/07\/1-Sklep-ze-szklanymi-wyrobami-przy-Lesnej-Hucie-150x150.jpg 150w, https:\/\/viafabrilis.zw.pl\/wp-content\/uploads\/2023\/07\/1-Sklep-ze-szklanymi-wyrobami-przy-Lesnej-Hucie-230x230.jpg 230w, https:\/\/viafabrilis.zw.pl\/wp-content\/uploads\/2023\/07\/1-Sklep-ze-szklanymi-wyrobami-przy-Lesnej-Hucie-400x400.jpg 400w\" sizes=\"(max-width: 640px) 100vw, 640px\" \/><\/a>\n\t\t\t<\/div>\n\t\t\t\t<figcaption class='wp-caption-text gallery-caption' id='gallery-1-4546'>\n\t\t\t\tFiremn\u00ed prodejna ve skl\u00e1rn\u011b\n\t\t\t\t<\/figcaption><\/figure><figure class='gallery-item'>\n\t\t\t<div class='gallery-icon portrait'>\n\t\t\t\t<a data-elementor-open-lightbox=\"yes\" data-elementor-lightbox-slideshow=\"eb3fb6d\" data-elementor-lightbox-title=\"2 - Re\u0328czne formowanie szk\u0142a\" data-e-action-hash=\"#elementor-action%3Aaction%3Dlightbox%26settings%3DeyJpZCI6NDU1MCwidXJsIjoiaHR0cHM6XC9cL3ZpYWZhYnJpbGlzLnp3LnBsXC93cC1jb250ZW50XC91cGxvYWRzXC8yMDIzXC8wN1wvMi1SZWN6bmUtZm9ybW93YW5pZS1zemtsYS5qcGciLCJzbGlkZXNob3ciOiJlYjNmYjZkIn0%3D\" href='https:\/\/viafabrilis.zw.pl\/wp-content\/uploads\/2023\/07\/2-Reczne-formowanie-szkla.jpg'><img loading=\"lazy\" decoding=\"async\" width=\"640\" height=\"640\" src=\"https:\/\/viafabrilis.zw.pl\/wp-content\/uploads\/2023\/07\/2-Reczne-formowanie-szkla-640x640.jpg\" class=\"attachment-monstroid2-thumb-justify size-monstroid2-thumb-justify\" alt=\"\" aria-describedby=\"gallery-1-4550\" srcset=\"https:\/\/viafabrilis.zw.pl\/wp-content\/uploads\/2023\/07\/2-Reczne-formowanie-szkla-640x640.jpg 640w, https:\/\/viafabrilis.zw.pl\/wp-content\/uploads\/2023\/07\/2-Reczne-formowanie-szkla-150x150.jpg 150w, https:\/\/viafabrilis.zw.pl\/wp-content\/uploads\/2023\/07\/2-Reczne-formowanie-szkla-230x230.jpg 230w, https:\/\/viafabrilis.zw.pl\/wp-content\/uploads\/2023\/07\/2-Reczne-formowanie-szkla-400x400.jpg 400w\" sizes=\"(max-width: 640px) 100vw, 640px\" \/><\/a>\n\t\t\t<\/div>\n\t\t\t\t<figcaption class='wp-caption-text gallery-caption' id='gallery-1-4550'>\n\t\t\t\tRu\u010dn\u00ed tvarov\u00e1n\u00ed skla\n\t\t\t\t<\/figcaption><\/figure><figure class='gallery-item'>\n\t\t\t<div class='gallery-icon portrait'>\n\t\t\t\t<a data-elementor-open-lightbox=\"yes\" data-elementor-lightbox-slideshow=\"eb3fb6d\" data-elementor-lightbox-title=\"3 - Przyk\u0142ad wspo\u0301\u0142czesnej produkcji huty\" data-e-action-hash=\"#elementor-action%3Aaction%3Dlightbox%26settings%3DeyJpZCI6NDU1NCwidXJsIjoiaHR0cHM6XC9cL3ZpYWZhYnJpbGlzLnp3LnBsXC93cC1jb250ZW50XC91cGxvYWRzXC8yMDIzXC8wN1wvMy1Qcnp5a2xhZC13c3BvbGN6ZXNuZWotcHJvZHVrY2ppLWh1dHkuanBnIiwic2xpZGVzaG93IjoiZWIzZmI2ZCJ9\" href='https:\/\/viafabrilis.zw.pl\/wp-content\/uploads\/2023\/07\/3-Przyklad-wspolczesnej-produkcji-huty.jpg'><img loading=\"lazy\" decoding=\"async\" width=\"640\" height=\"640\" src=\"https:\/\/viafabrilis.zw.pl\/wp-content\/uploads\/2023\/07\/3-Przyklad-wspolczesnej-produkcji-huty-640x640.jpg\" class=\"attachment-monstroid2-thumb-justify size-monstroid2-thumb-justify\" alt=\"\" aria-describedby=\"gallery-1-4554\" srcset=\"https:\/\/viafabrilis.zw.pl\/wp-content\/uploads\/2023\/07\/3-Przyklad-wspolczesnej-produkcji-huty-640x640.jpg 640w, https:\/\/viafabrilis.zw.pl\/wp-content\/uploads\/2023\/07\/3-Przyklad-wspolczesnej-produkcji-huty-150x150.jpg 150w, https:\/\/viafabrilis.zw.pl\/wp-content\/uploads\/2023\/07\/3-Przyklad-wspolczesnej-produkcji-huty-230x230.jpg 230w, https:\/\/viafabrilis.zw.pl\/wp-content\/uploads\/2023\/07\/3-Przyklad-wspolczesnej-produkcji-huty-400x400.jpg 400w\" sizes=\"(max-width: 640px) 100vw, 640px\" \/><\/a>\n\t\t\t<\/div>\n\t\t\t\t<figcaption class='wp-caption-text gallery-caption' id='gallery-1-4554'>\n\t\t\t\tUk\u00e1zka sou\u010dasn\u00e9 produkce skl\u00e1rny\n\t\t\t\t<\/figcaption><\/figure><figure class='gallery-item'>\n\t\t\t<div class='gallery-icon landscape'>\n\t\t\t\t<a data-elementor-open-lightbox=\"yes\" data-elementor-lightbox-slideshow=\"eb3fb6d\" data-elementor-lightbox-title=\"4 - Przyk\u0142ad wspo\u0301\u0142czesnej produkcji huty\" data-e-action-hash=\"#elementor-action%3Aaction%3Dlightbox%26settings%3DeyJpZCI6NDU1OCwidXJsIjoiaHR0cHM6XC9cL3ZpYWZhYnJpbGlzLnp3LnBsXC93cC1jb250ZW50XC91cGxvYWRzXC8yMDIzXC8wN1wvNC1Qcnp5a2xhZC13c3BvbGN6ZXNuZWotcHJvZHVrY2ppLWh1dHkuanBnIiwic2xpZGVzaG93IjoiZWIzZmI2ZCJ9\" href='https:\/\/viafabrilis.zw.pl\/wp-content\/uploads\/2023\/07\/4-Przyklad-wspolczesnej-produkcji-huty.jpg'><img loading=\"lazy\" decoding=\"async\" width=\"640\" height=\"640\" src=\"https:\/\/viafabrilis.zw.pl\/wp-content\/uploads\/2023\/07\/4-Przyklad-wspolczesnej-produkcji-huty-640x640.jpg\" class=\"attachment-monstroid2-thumb-justify size-monstroid2-thumb-justify\" alt=\"\" aria-describedby=\"gallery-1-4558\" srcset=\"https:\/\/viafabrilis.zw.pl\/wp-content\/uploads\/2023\/07\/4-Przyklad-wspolczesnej-produkcji-huty-640x640.jpg 640w, https:\/\/viafabrilis.zw.pl\/wp-content\/uploads\/2023\/07\/4-Przyklad-wspolczesnej-produkcji-huty-150x150.jpg 150w, https:\/\/viafabrilis.zw.pl\/wp-content\/uploads\/2023\/07\/4-Przyklad-wspolczesnej-produkcji-huty-230x230.jpg 230w, https:\/\/viafabrilis.zw.pl\/wp-content\/uploads\/2023\/07\/4-Przyklad-wspolczesnej-produkcji-huty-400x400.jpg 400w\" sizes=\"(max-width: 640px) 100vw, 640px\" \/><\/a>\n\t\t\t<\/div>\n\t\t\t\t<figcaption class='wp-caption-text gallery-caption' id='gallery-1-4558'>\n\t\t\t\tUk\u00e1zka sou\u010dasn\u00e9 produkce skl\u00e1rny\n\t\t\t\t<\/figcaption><\/figure><figure class='gallery-item'>\n\t\t\t<div class='gallery-icon landscape'>\n\t\t\t\t<a data-elementor-open-lightbox=\"yes\" data-elementor-lightbox-slideshow=\"eb3fb6d\" data-elementor-lightbox-title=\"5 - Przyk\u0142ad wspo\u0301\u0142czesnej produkcji huty\" data-e-action-hash=\"#elementor-action%3Aaction%3Dlightbox%26settings%3DeyJpZCI6NDU2MywidXJsIjoiaHR0cHM6XC9cL3ZpYWZhYnJpbGlzLnp3LnBsXC93cC1jb250ZW50XC91cGxvYWRzXC8yMDIzXC8wN1wvNS1Qcnp5a2xhZC13c3BvbGN6ZXNuZWotcHJvZHVrY2ppLWh1dHkuanBnIiwic2xpZGVzaG93IjoiZWIzZmI2ZCJ9\" href='https:\/\/viafabrilis.zw.pl\/wp-content\/uploads\/2023\/07\/5-Przyklad-wspolczesnej-produkcji-huty.jpg'><img loading=\"lazy\" decoding=\"async\" width=\"640\" height=\"640\" src=\"https:\/\/viafabrilis.zw.pl\/wp-content\/uploads\/2023\/07\/5-Przyklad-wspolczesnej-produkcji-huty-640x640.jpg\" class=\"attachment-monstroid2-thumb-justify size-monstroid2-thumb-justify\" alt=\"\" aria-describedby=\"gallery-1-4563\" srcset=\"https:\/\/viafabrilis.zw.pl\/wp-content\/uploads\/2023\/07\/5-Przyklad-wspolczesnej-produkcji-huty-640x640.jpg 640w, https:\/\/viafabrilis.zw.pl\/wp-content\/uploads\/2023\/07\/5-Przyklad-wspolczesnej-produkcji-huty-150x150.jpg 150w, https:\/\/viafabrilis.zw.pl\/wp-content\/uploads\/2023\/07\/5-Przyklad-wspolczesnej-produkcji-huty-230x230.jpg 230w, https:\/\/viafabrilis.zw.pl\/wp-content\/uploads\/2023\/07\/5-Przyklad-wspolczesnej-produkcji-huty-400x400.jpg 400w\" sizes=\"(max-width: 640px) 100vw, 640px\" \/><\/a>\n\t\t\t<\/div>\n\t\t\t\t<figcaption class='wp-caption-text gallery-caption' id='gallery-1-4563'>\n\t\t\t\tUk\u00e1zka sou\u010dasn\u00e9 produkce skl\u00e1rny\n\t\t\t\t<\/figcaption><\/figure><figure class='gallery-item'>\n\t\t\t<div class='gallery-icon portrait'>\n\t\t\t\t<a data-elementor-open-lightbox=\"yes\" data-elementor-lightbox-slideshow=\"eb3fb6d\" data-elementor-lightbox-title=\"6 - Przyk\u0142ad wspo\u0301\u0142czesnej produkcji huty\" data-e-action-hash=\"#elementor-action%3Aaction%3Dlightbox%26settings%3DeyJpZCI6NDU2NywidXJsIjoiaHR0cHM6XC9cL3ZpYWZhYnJpbGlzLnp3LnBsXC93cC1jb250ZW50XC91cGxvYWRzXC8yMDIzXC8wN1wvNi1Qcnp5a2xhZC13c3BvbGN6ZXNuZWotcHJvZHVrY2ppLWh1dHkuanBnIiwic2xpZGVzaG93IjoiZWIzZmI2ZCJ9\" href='https:\/\/viafabrilis.zw.pl\/wp-content\/uploads\/2023\/07\/6-Przyklad-wspolczesnej-produkcji-huty.jpg'><img loading=\"lazy\" decoding=\"async\" width=\"640\" height=\"640\" src=\"https:\/\/viafabrilis.zw.pl\/wp-content\/uploads\/2023\/07\/6-Przyklad-wspolczesnej-produkcji-huty-640x640.jpg\" class=\"attachment-monstroid2-thumb-justify size-monstroid2-thumb-justify\" alt=\"\" aria-describedby=\"gallery-1-4567\" srcset=\"https:\/\/viafabrilis.zw.pl\/wp-content\/uploads\/2023\/07\/6-Przyklad-wspolczesnej-produkcji-huty-640x640.jpg 640w, https:\/\/viafabrilis.zw.pl\/wp-content\/uploads\/2023\/07\/6-Przyklad-wspolczesnej-produkcji-huty-150x150.jpg 150w, https:\/\/viafabrilis.zw.pl\/wp-content\/uploads\/2023\/07\/6-Przyklad-wspolczesnej-produkcji-huty-230x230.jpg 230w, https:\/\/viafabrilis.zw.pl\/wp-content\/uploads\/2023\/07\/6-Przyklad-wspolczesnej-produkcji-huty-400x400.jpg 400w\" sizes=\"(max-width: 640px) 100vw, 640px\" \/><\/a>\n\t\t\t<\/div>\n\t\t\t\t<figcaption class='wp-caption-text gallery-caption' id='gallery-1-4567'>\n\t\t\t\tUk\u00e1zka sou\u010dasn\u00e9 produkce skl\u00e1rny\n\t\t\t\t<\/figcaption><\/figure>\n\t\t<\/div>\n\t\t<\/div>\n\t\t\t\t\t\t<\/div>\n\t\t\t\t<\/div>\n\t\t\t\t\t<\/div>\n\t\t<\/div>\n\t\t\t\t\t<\/div>\n\t\t<\/section>\n\t\t\t\t<\/div>\n\t\t","protected":false},"excerpt":{"rendered":"<p>ul. Ko\u0142\u0142\u0105taja 2 58-580 Szklarska Por\u0119ba tel.: +48 75 717 23 03 e-mail: lesnahuta1@wp.pl www.lesnahuta.pl &nbsp; otev\u00edrac\u00ed doba: \u00fater\u00fd \u2013 sobota: 10:00\u201314:00, 14:30\u201318:00 Le\u015bna Huta (Lesn\u00ed skl\u00e1rna) ve Szklarsk\u00e9 Por\u0119b\u011b byla zalo\u017eena v roce 1989 a zpo\u010d\u00e1tku se zab\u00fdvala v\u00fdrobou a brou\u0161en\u00edm u\u017eitkov\u00e9ho skla. Jej\u00ed zakladatel Henryk \u0141ubkowski se rozhodl vyu\u017e\u00edt dlouholet\u00fdch zku\u0161enost\u00ed z\u00edskan\u00fdch ve [&hellip;]<\/p>\n","protected":false},"author":1,"featured_media":4546,"parent":0,"menu_order":0,"comment_status":"closed","ping_status":"closed","template":"","meta":{"footnotes":""},"class_list":["post-4573","page","type-page","status-publish","has-post-thumbnail","hentry","entry","has-media"],"_links":{"self":[{"href":"https:\/\/viafabrilis.zw.pl\/cs\/wp-json\/wp\/v2\/pages\/4573","targetHints":{"allow":["GET"]}}],"collection":[{"href":"https:\/\/viafabrilis.zw.pl\/cs\/wp-json\/wp\/v2\/pages"}],"about":[{"href":"https:\/\/viafabrilis.zw.pl\/cs\/wp-json\/wp\/v2\/types\/page"}],"author":[{"embeddable":true,"href":"https:\/\/viafabrilis.zw.pl\/cs\/wp-json\/wp\/v2\/users\/1"}],"replies":[{"embeddable":true,"href":"https:\/\/viafabrilis.zw.pl\/cs\/wp-json\/wp\/v2\/comments?post=4573"}],"version-history":[{"count":6,"href":"https:\/\/viafabrilis.zw.pl\/cs\/wp-json\/wp\/v2\/pages\/4573\/revisions"}],"predecessor-version":[{"id":8938,"href":"https:\/\/viafabrilis.zw.pl\/cs\/wp-json\/wp\/v2\/pages\/4573\/revisions\/8938"}],"wp:featuredmedia":[{"embeddable":true,"href":"https:\/\/viafabrilis.zw.pl\/cs\/wp-json\/wp\/v2\/media\/4546"}],"wp:attachment":[{"href":"https:\/\/viafabrilis.zw.pl\/cs\/wp-json\/wp\/v2\/media?parent=4573"}],"curies":[{"name":"wp","href":"https:\/\/api.w.org\/{rel}","templated":true}]}}