{"id":5005,"date":"2023-07-17T09:53:35","date_gmt":"2023-07-17T07:53:35","guid":{"rendered":"https:\/\/viafabrilis.zw.pl\/?page_id=5005"},"modified":"2024-02-10T16:48:04","modified_gmt":"2024-02-10T15:48:04","slug":"luzicke-muzeum-ve-zgorzelci","status":"publish","type":"page","link":"https:\/\/viafabrilis.zw.pl\/cs\/luzicke-muzeum-ve-zgorzelci\/","title":{"rendered":"Lu\u017eick\u00e9 muzeum ve Zgorzelci"},"content":{"rendered":"\t\t<div data-elementor-type=\"wp-page\" data-elementor-id=\"5005\" class=\"elementor elementor-5005\" data-elementor-post-type=\"page\">\n\t\t\t\t\t\t<section class=\"elementor-section elementor-top-section elementor-element elementor-element-327a3a9 elementor-section-boxed elementor-section-height-default elementor-section-height-default\" data-id=\"327a3a9\" data-element_type=\"section\" data-settings=\"{&quot;jet_parallax_layout_list&quot;:[]}\">\n\t\t\t\t\t\t<div class=\"elementor-container elementor-column-gap-default\">\n\t\t\t\t\t<div class=\"elementor-column elementor-col-50 elementor-top-column elementor-element elementor-element-341ec49\" data-id=\"341ec49\" data-element_type=\"column\">\n\t\t\t<div class=\"elementor-widget-wrap elementor-element-populated\">\n\t\t\t\t\t\t<div class=\"elementor-element elementor-element-1763491 elementor-widget elementor-widget-text-editor\" data-id=\"1763491\" data-element_type=\"widget\" data-widget_type=\"text-editor.default\">\n\t\t\t\t<div class=\"elementor-widget-container\">\n\t\t\t\t\t\t\t\t\t<p dir=\"ltr\" style=\"line-height: 1.3800000000000001; text-align: center; margin-top: 0pt; margin-bottom: 0pt;\"><span style=\"font-size: 12pt; font-family: 'Times New Roman'; color: #000000; background-color: transparent; font-weight: 400; font-style: normal; font-variant: normal; text-decoration: none; vertical-align: baseline; white-space: pre-wrap;\">ul. I. Daszy\u0144skiego 15<\/span><\/p><p dir=\"ltr\" style=\"line-height: 1.3800000000000001; text-align: center; margin-top: 0pt; margin-bottom: 0pt;\"><span style=\"font-size: 12pt; font-family: 'Times New Roman'; color: #000000; background-color: transparent; font-weight: 400; font-style: normal; font-variant: normal; text-decoration: none; vertical-align: baseline; white-space: pre-wrap;\">59-900 Zgorzelec<\/span><\/p><p dir=\"ltr\" style=\"line-height: 1.3800000000000001; text-align: center; margin-top: 0pt; margin-bottom: 0pt;\"><span style=\"font-size: 12pt; font-family: 'Times New Roman'; color: #000000; background-color: transparent; font-weight: 400; font-style: normal; font-variant: normal; text-decoration: none; vertical-align: baseline; white-space: pre-wrap;\">tel.: +48 75 648 24 24<\/span><\/p><p dir=\"ltr\" style=\"line-height: 1.3800000000000001; text-align: center; margin-top: 0pt; margin-bottom: 0pt;\"><span style=\"font-size: 12pt; font-family: 'Times New Roman'; color: #000000; background-color: transparent; font-weight: 400; font-style: normal; font-variant: normal; text-decoration: none; vertical-align: baseline; white-space: pre-wrap;\">e-mail: muzeumluzyckie@zgorzelec.eu<\/span><\/p><p dir=\"ltr\" style=\"line-height: 1.3800000000000001; text-align: center; margin-top: 0pt; margin-bottom: 0pt;\"><a style=\"text-decoration: none;\" href=\"http:\/\/muzeumluzyckie.pl\/\"><span style=\"font-size: 12pt; font-family: 'Times New Roman'; color: #000000; background-color: transparent; font-weight: 400; font-style: normal; font-variant: normal; text-decoration: none; vertical-align: baseline; white-space: pre-wrap;\">muzeumluzyckie.pl<\/span><\/a><\/p><p dir=\"ltr\" style=\"line-height: 1.3800000000000001; text-align: center; margin-top: 0pt; margin-bottom: 0pt;\"><b id=\"docs-internal-guid-c7ae2ad6-7fff-a8de-8b94-bda90824c90e\" style=\"font-weight: normal;\">\u00a0<\/b><\/p><h4 dir=\"ltr\" style=\"line-height: 1.3800000000000001; text-align: center; margin-top: 0pt; margin-bottom: 0pt;\"><span style=\"font-size: 12pt; font-family: 'Times New Roman'; color: #000000; background-color: transparent; font-weight: bold; font-style: normal; font-variant: normal; text-decoration: none; vertical-align: baseline; white-space: pre-wrap;\">otev\u00edrac\u00ed doba<\/span><span style=\"font-size: 12pt; font-family: 'Times New Roman'; color: #000000; background-color: #ffffff; font-weight: bold; font-style: normal; font-variant: normal; text-decoration: none; vertical-align: baseline; white-space: pre-wrap;\">:<\/span><\/h4><p dir=\"ltr\" style=\"line-height: 1.3800000000000001; text-align: center; margin-top: 0pt; margin-bottom: 0pt;\"><span style=\"font-size: 12pt; font-family: 'Times New Roman'; color: #000000; background-color: transparent; font-weight: 400; font-style: normal; font-variant: normal; text-decoration: none; vertical-align: baseline; white-space: pre-wrap;\">pond\u011bl\u00ed \u2013 \u00fater\u00fd, \u010dtvrtek \u2013 p\u00e1tek: 9:00\u201316:00 hod.<\/span><\/p><p dir=\"ltr\" style=\"line-height: 1.3800000000000001; text-align: center; margin-top: 0pt; margin-bottom: 0pt;\"><span style=\"font-size: 12pt; font-family: 'Times New Roman'; color: #000000; background-color: transparent; font-weight: 400; font-style: normal; font-variant: normal; text-decoration: none; vertical-align: baseline; white-space: pre-wrap;\">st\u0159eda: 10:00 \u2013 18:00 (vstup zdarma)<\/span><\/p><p dir=\"ltr\" style=\"line-height: 1.3800000000000001; text-align: center; margin-top: 0pt; margin-bottom: 0pt;\"><span style=\"font-size: 12pt; font-family: 'Times New Roman'; color: #000000; background-color: transparent; font-weight: 400; font-style: normal; font-variant: normal; text-decoration: none; vertical-align: baseline; white-space: pre-wrap;\">sobota \u2013 ned\u011ble: zav\u0159eno<\/span><\/p><p dir=\"ltr\" style=\"line-height: 1.3800000000000001; text-align: center; margin-top: 0pt; margin-bottom: 0pt;\">\u00a0<\/p><p dir=\"ltr\" style=\"line-height: 1.3800000000000001; text-align: center; margin-top: 0pt; margin-bottom: 0pt;\"><span style=\"font-size: 12pt; font-family: 'Times New Roman'; color: #000000; background-color: transparent; font-weight: 400; font-style: normal; font-variant: normal; text-decoration: none; vertical-align: baseline; white-space: pre-wrap;\">v letn\u00ed sez\u00f3n\u011b ka\u017edou druhou sobotu a ned\u011bli v m\u011bs\u00edci: 11:00\u201316:00 (vstup zdarma)<\/span><\/p><div><span style=\"font-size: 12pt; font-family: 'Times New Roman'; color: #000000; background-color: transparent; font-weight: 400; font-style: normal; font-variant: normal; text-decoration: none; vertical-align: baseline; white-space: pre-wrap;\">\u00a0<\/span><\/div>\t\t\t\t\t\t\t\t<\/div>\n\t\t\t\t<\/div>\n\t\t\t\t\t<\/div>\n\t\t<\/div>\n\t\t\t\t<div class=\"elementor-column elementor-col-50 elementor-top-column elementor-element elementor-element-666f6e7\" data-id=\"666f6e7\" data-element_type=\"column\">\n\t\t\t<div class=\"elementor-widget-wrap elementor-element-populated\">\n\t\t\t\t\t\t<div class=\"elementor-element elementor-element-adfb973 elementor-widget elementor-widget-image\" data-id=\"adfb973\" data-element_type=\"widget\" data-widget_type=\"image.default\">\n\t\t\t\t<div class=\"elementor-widget-container\">\n\t\t\t\t\t\t\t\t\t\t\t\t\t\t\t<img fetchpriority=\"high\" decoding=\"async\" width=\"1024\" height=\"683\" src=\"https:\/\/viafabrilis.zw.pl\/wp-content\/uploads\/2023\/07\/2-Wystawa-stala-Krajobrazy-codziennosci-1024x683.jpg\" class=\"attachment-large size-large wp-image-4977\" alt=\"\" srcset=\"https:\/\/viafabrilis.zw.pl\/wp-content\/uploads\/2023\/07\/2-Wystawa-stala-Krajobrazy-codziennosci-1024x683.jpg 1024w, https:\/\/viafabrilis.zw.pl\/wp-content\/uploads\/2023\/07\/2-Wystawa-stala-Krajobrazy-codziennosci-300x200.jpg 300w, https:\/\/viafabrilis.zw.pl\/wp-content\/uploads\/2023\/07\/2-Wystawa-stala-Krajobrazy-codziennosci-768x512.jpg 768w, https:\/\/viafabrilis.zw.pl\/wp-content\/uploads\/2023\/07\/2-Wystawa-stala-Krajobrazy-codziennosci-600x400.jpg 600w, https:\/\/viafabrilis.zw.pl\/wp-content\/uploads\/2023\/07\/2-Wystawa-stala-Krajobrazy-codziennosci.jpg 1200w\" sizes=\"(max-width: 1024px) 100vw, 1024px\" \/>\t\t\t\t\t\t\t\t\t\t\t\t\t\t\t<\/div>\n\t\t\t\t<\/div>\n\t\t\t\t\t<\/div>\n\t\t<\/div>\n\t\t\t\t\t<\/div>\n\t\t<\/section>\n\t\t\t\t<section class=\"elementor-section elementor-top-section elementor-element elementor-element-ca3cb21 elementor-section-boxed elementor-section-height-default elementor-section-height-default\" data-id=\"ca3cb21\" data-element_type=\"section\" data-settings=\"{&quot;jet_parallax_layout_list&quot;:[]}\">\n\t\t\t\t\t\t<div class=\"elementor-container elementor-column-gap-default\">\n\t\t\t\t\t<div class=\"elementor-column elementor-col-100 elementor-top-column elementor-element elementor-element-7432964\" data-id=\"7432964\" data-element_type=\"column\">\n\t\t\t<div class=\"elementor-widget-wrap elementor-element-populated\">\n\t\t\t\t\t\t<div class=\"elementor-element elementor-element-7b48e8b elementor-widget elementor-widget-text-editor\" data-id=\"7b48e8b\" data-element_type=\"widget\" data-widget_type=\"text-editor.default\">\n\t\t\t\t<div class=\"elementor-widget-container\">\n\t\t\t\t\t\t\t\t\t<p><span style=\"font-weight: 400;\">Lu\u017eick\u00e9 muzeum ve Zgorzelci bylo zalo\u017eeno v \u010dervnu 2007 jako instituce, kter\u00e1 se zab\u00fdv\u00e1 dokumentac\u00ed historie Horn\u00ed Lu\u017eice, shroma\u017e\u010fov\u00e1n\u00edm sb\u00edrek t\u00fdkaj\u00edc\u00edch se tohoto regionu a uchov\u00e1v\u00e1n\u00edm kulturn\u00edho d\u011bdictv\u00ed.<\/span><\/p><p><span style=\"font-weight: 400;\">V 50. letech 13. stolet\u00ed se ve Zgorzelci (\u010desky Zho\u0159elec, n\u011bmecky G\u00f6rlitz) usadilo velk\u00e9 mno\u017estv\u00ed vl\u00e1msk\u00fdch souken\u00edk\u016f. V\u00fdroba sukna m\u011bsto na \u0159ece Nise brzy proslavila. Ve 30. a 40. letech 19. stolet\u00ed se vyv\u00e1\u017eelo do ji\u017en\u00edho N\u011bmecka a ji\u017en\u00ed It\u00e1lie, do \u0158ecka, Turecka, Persie, Indie a \u010c\u00edny. Krom\u011b toho byl Zgorzelec od konce 16. stolet\u00ed do poloviny 17. stolet\u00ed v\u00fdznamn\u00fdm st\u0159ediskem v\u00fdroby kameniny. Nejv\u011bt\u0161\u00ed komplex poz\u016fstatk\u016f hrn\u010d\u00ed\u0159sk\u00e9 v\u00fdroby, v\u010detn\u011b vypalovac\u00edch pec\u00ed a v\u00fdrobn\u00edho odpadu ze 14. a\u017e 18. stolet\u00ed, byl objeven na z\u00e1padn\u00edm b\u0159ehu Nisy v oblasti dne\u0161n\u00edho m\u011bsta G\u00f6rlitz.<\/span><\/p><p><span style=\"font-weight: 400;\">Sb\u00edrky Lu\u017eick\u00e9ho muzea zahrnuj\u00ed archeologick\u00e9 artefakty, lidov\u00fd n\u00e1bytek a dom\u00e1c\u00ed pot\u0159eby z 18. a\u017e 19. stolet\u00ed, kartografickou sb\u00edrku map, pl\u00e1n\u016f a panoramat a tak\u00e9 historick\u00e9 a ikonografick\u00e9 sb\u00edrky ilustruj\u00edc\u00ed bohatou historii m\u011bsta a regionu. St\u00e1lou expozici tvo\u0159\u00ed rekonstrukce interi\u00e9ru typick\u00e9ho lu\u017eick\u00e9ho podst\u00e1vkov\u00e9ho domu, v\u010detn\u011b m\u00edstn\u00edch \u0159emesln\u00fdch v\u00fdrobk\u016f, jako je n\u00e1bytek, r\u016fzn\u00e9 druhy vybaven\u00ed dom\u00e1cnosti a keramick\u00e9 n\u00e1doby pokryt\u00e9 pro tento region charakteristickou hn\u011bdou glazurou. Dal\u0161\u00ed m\u00edstnosti slou\u017e\u00ed k do\u010dasn\u00fdm v\u00fdstav\u00e1m.<\/span><\/p><p><span style=\"font-weight: 400;\">D\u016fle\u017eitou sou\u010d\u00e1st\u00ed \u010dinnosti Lu\u017eick\u00e9ho muzea jsou vzd\u011bl\u00e1vac\u00ed a populariza\u010dn\u00ed aktivity zam\u011b\u0159en\u00e9 p\u0159edev\u0161\u00edm na d\u011bti a ml\u00e1de\u017e, kter\u00e9 umo\u017e\u0148uj\u00ed p\u0159\u00edstupnou formou p\u0159ed\u00e1vat znalosti z oblasti historie, archeologie nebo etnografie.<\/span><\/p>\t\t\t\t\t\t\t\t<\/div>\n\t\t\t\t<\/div>\n\t\t\t\t\t<\/div>\n\t\t<\/div>\n\t\t\t\t\t<\/div>\n\t\t<\/section>\n\t\t\t\t<section class=\"elementor-section elementor-top-section elementor-element elementor-element-3c06db6 elementor-section-boxed elementor-section-height-default elementor-section-height-default\" data-id=\"3c06db6\" data-element_type=\"section\" data-settings=\"{&quot;jet_parallax_layout_list&quot;:[]}\">\n\t\t\t\t\t\t<div class=\"elementor-container elementor-column-gap-default\">\n\t\t\t\t\t<div class=\"elementor-column elementor-col-100 elementor-top-column elementor-element elementor-element-5905303\" data-id=\"5905303\" data-element_type=\"column\">\n\t\t\t<div class=\"elementor-widget-wrap elementor-element-populated\">\n\t\t\t\t\t\t<div class=\"elementor-element elementor-element-ff19766 elementor-widget elementor-widget-image-gallery\" data-id=\"ff19766\" data-element_type=\"widget\" data-widget_type=\"image-gallery.default\">\n\t\t\t\t<div class=\"elementor-widget-container\">\n\t\t\t\t\t\t\t<div class=\"elementor-image-gallery\">\n\t\t\t<div id='gallery-1' class='gallery galleryid-5005 gallery-columns-4 gallery-size-monstroid2-thumb-justify'><figure class='gallery-item'>\n\t\t\t<div class='gallery-icon landscape'>\n\t\t\t\t<a data-elementor-open-lightbox=\"yes\" data-elementor-lightbox-slideshow=\"ff19766\" data-elementor-lightbox-title=\"1 - Muzeum \u0141uz\u0307yckie w Zgorzelcu\" data-e-action-hash=\"#elementor-action%3Aaction%3Dlightbox%26settings%3DeyJpZCI6NDk4MiwidXJsIjoiaHR0cHM6XC9cL3ZpYWZhYnJpbGlzLnp3LnBsXC93cC1jb250ZW50XC91cGxvYWRzXC8yMDIzXC8wN1wvMS1NdXpldW0tTHV6eWNraWUtdy1aZ29yemVsY3UuanBnIiwic2xpZGVzaG93IjoiZmYxOTc2NiJ9\" href='https:\/\/viafabrilis.zw.pl\/wp-content\/uploads\/2023\/07\/1-Muzeum-Luzyckie-w-Zgorzelcu.jpg'><img decoding=\"async\" width=\"640\" height=\"640\" src=\"https:\/\/viafabrilis.zw.pl\/wp-content\/uploads\/2023\/07\/1-Muzeum-Luzyckie-w-Zgorzelcu-640x640.jpg\" class=\"attachment-monstroid2-thumb-justify size-monstroid2-thumb-justify\" alt=\"\" aria-describedby=\"gallery-1-4982\" srcset=\"https:\/\/viafabrilis.zw.pl\/wp-content\/uploads\/2023\/07\/1-Muzeum-Luzyckie-w-Zgorzelcu-640x640.jpg 640w, https:\/\/viafabrilis.zw.pl\/wp-content\/uploads\/2023\/07\/1-Muzeum-Luzyckie-w-Zgorzelcu-150x150.jpg 150w, https:\/\/viafabrilis.zw.pl\/wp-content\/uploads\/2023\/07\/1-Muzeum-Luzyckie-w-Zgorzelcu-230x230.jpg 230w, https:\/\/viafabrilis.zw.pl\/wp-content\/uploads\/2023\/07\/1-Muzeum-Luzyckie-w-Zgorzelcu-400x400.jpg 400w\" sizes=\"(max-width: 640px) 100vw, 640px\" \/><\/a>\n\t\t\t<\/div>\n\t\t\t\t<figcaption class='wp-caption-text gallery-caption' id='gallery-1-4982'>\n\t\t\t\tLu\u017eick\u00e9 muzeum ve Zgorzelci\n\t\t\t\t<\/figcaption><\/figure><figure class='gallery-item'>\n\t\t\t<div class='gallery-icon landscape'>\n\t\t\t\t<a data-elementor-open-lightbox=\"yes\" data-elementor-lightbox-slideshow=\"ff19766\" data-elementor-lightbox-title=\"2 - Wystawa sta\u0142a - Krajobrazy codziennos\u0301ci\" data-e-action-hash=\"#elementor-action%3Aaction%3Dlightbox%26settings%3DeyJpZCI6NDk4NiwidXJsIjoiaHR0cHM6XC9cL3ZpYWZhYnJpbGlzLnp3LnBsXC93cC1jb250ZW50XC91cGxvYWRzXC8yMDIzXC8wN1wvMi1XeXN0YXdhLXN0YWxhLUtyYWpvYnJhenktY29kemllbm5vc2NpLTEuanBnIiwic2xpZGVzaG93IjoiZmYxOTc2NiJ9\" href='https:\/\/viafabrilis.zw.pl\/wp-content\/uploads\/2023\/07\/2-Wystawa-stala-Krajobrazy-codziennosci-1.jpg'><img decoding=\"async\" width=\"640\" height=\"640\" src=\"https:\/\/viafabrilis.zw.pl\/wp-content\/uploads\/2023\/07\/2-Wystawa-stala-Krajobrazy-codziennosci-1-640x640.jpg\" class=\"attachment-monstroid2-thumb-justify size-monstroid2-thumb-justify\" alt=\"\" aria-describedby=\"gallery-1-4986\" srcset=\"https:\/\/viafabrilis.zw.pl\/wp-content\/uploads\/2023\/07\/2-Wystawa-stala-Krajobrazy-codziennosci-1-640x640.jpg 640w, https:\/\/viafabrilis.zw.pl\/wp-content\/uploads\/2023\/07\/2-Wystawa-stala-Krajobrazy-codziennosci-1-150x150.jpg 150w, https:\/\/viafabrilis.zw.pl\/wp-content\/uploads\/2023\/07\/2-Wystawa-stala-Krajobrazy-codziennosci-1-230x230.jpg 230w, https:\/\/viafabrilis.zw.pl\/wp-content\/uploads\/2023\/07\/2-Wystawa-stala-Krajobrazy-codziennosci-1-400x400.jpg 400w\" sizes=\"(max-width: 640px) 100vw, 640px\" \/><\/a>\n\t\t\t<\/div>\n\t\t\t\t<figcaption class='wp-caption-text gallery-caption' id='gallery-1-4986'>\n\t\t\t\tSt\u00e1l\u00e1 expozice \u2013 Krajiny ka\u017edodenn\u00edho \u017eivota\n\t\t\t\t<\/figcaption><\/figure><figure class='gallery-item'>\n\t\t\t<div class='gallery-icon landscape'>\n\t\t\t\t<a data-elementor-open-lightbox=\"yes\" data-elementor-lightbox-slideshow=\"ff19766\" data-elementor-lightbox-title=\"3 - Wystawa sta\u0142a - Krajobrazy codziennos\u0301ci\" data-e-action-hash=\"#elementor-action%3Aaction%3Dlightbox%26settings%3DeyJpZCI6NDk5MCwidXJsIjoiaHR0cHM6XC9cL3ZpYWZhYnJpbGlzLnp3LnBsXC93cC1jb250ZW50XC91cGxvYWRzXC8yMDIzXC8wN1wvMy1XeXN0YXdhLXN0YWxhLUtyYWpvYnJhenktY29kemllbm5vc2NpLmpwZyIsInNsaWRlc2hvdyI6ImZmMTk3NjYifQ%3D%3D\" href='https:\/\/viafabrilis.zw.pl\/wp-content\/uploads\/2023\/07\/3-Wystawa-stala-Krajobrazy-codziennosci.jpg'><img loading=\"lazy\" decoding=\"async\" width=\"640\" height=\"640\" src=\"https:\/\/viafabrilis.zw.pl\/wp-content\/uploads\/2023\/07\/3-Wystawa-stala-Krajobrazy-codziennosci-640x640.jpg\" class=\"attachment-monstroid2-thumb-justify size-monstroid2-thumb-justify\" alt=\"\" aria-describedby=\"gallery-1-4990\" srcset=\"https:\/\/viafabrilis.zw.pl\/wp-content\/uploads\/2023\/07\/3-Wystawa-stala-Krajobrazy-codziennosci-640x640.jpg 640w, https:\/\/viafabrilis.zw.pl\/wp-content\/uploads\/2023\/07\/3-Wystawa-stala-Krajobrazy-codziennosci-150x150.jpg 150w, https:\/\/viafabrilis.zw.pl\/wp-content\/uploads\/2023\/07\/3-Wystawa-stala-Krajobrazy-codziennosci-230x230.jpg 230w, https:\/\/viafabrilis.zw.pl\/wp-content\/uploads\/2023\/07\/3-Wystawa-stala-Krajobrazy-codziennosci-400x400.jpg 400w\" sizes=\"(max-width: 640px) 100vw, 640px\" \/><\/a>\n\t\t\t<\/div>\n\t\t\t\t<figcaption class='wp-caption-text gallery-caption' id='gallery-1-4990'>\n\t\t\t\tSt\u00e1l\u00e1 expozice \u2013 Krajiny ka\u017edodenn\u00edho \u017eivota\n\t\t\t\t<\/figcaption><\/figure><figure class='gallery-item'>\n\t\t\t<div class='gallery-icon landscape'>\n\t\t\t\t<a data-elementor-open-lightbox=\"yes\" data-elementor-lightbox-slideshow=\"ff19766\" data-elementor-lightbox-title=\"4 - Oprowadzanie po wystawie sta\u0142ej\" data-e-action-hash=\"#elementor-action%3Aaction%3Dlightbox%26settings%3DeyJpZCI6NDk5NSwidXJsIjoiaHR0cHM6XC9cL3ZpYWZhYnJpbGlzLnp3LnBsXC93cC1jb250ZW50XC91cGxvYWRzXC8yMDIzXC8wN1wvNC1PcHJvd2FkemFuaWUtcG8td3lzdGF3aWUtc3RhbGVqLmpwZyIsInNsaWRlc2hvdyI6ImZmMTk3NjYifQ%3D%3D\" href='https:\/\/viafabrilis.zw.pl\/wp-content\/uploads\/2023\/07\/4-Oprowadzanie-po-wystawie-stalej.jpg'><img loading=\"lazy\" decoding=\"async\" width=\"640\" height=\"540\" src=\"https:\/\/viafabrilis.zw.pl\/wp-content\/uploads\/2023\/07\/4-Oprowadzanie-po-wystawie-stalej-640x540.jpg\" class=\"attachment-monstroid2-thumb-justify size-monstroid2-thumb-justify\" alt=\"\" aria-describedby=\"gallery-1-4995\" \/><\/a>\n\t\t\t<\/div>\n\t\t\t\t<figcaption class='wp-caption-text gallery-caption' id='gallery-1-4995'>\n\t\t\t\tKomentovan\u00e9 prohl\u00eddky st\u00e1l\u00e9 expozice\n\t\t\t\t<\/figcaption><\/figure><figure class='gallery-item'>\n\t\t\t<div class='gallery-icon landscape'>\n\t\t\t\t<a data-elementor-open-lightbox=\"yes\" data-elementor-lightbox-slideshow=\"ff19766\" data-elementor-lightbox-title=\"5 - Warsztaty - Nauka jako przygoda\" data-e-action-hash=\"#elementor-action%3Aaction%3Dlightbox%26settings%3DeyJpZCI6NDk5OSwidXJsIjoiaHR0cHM6XC9cL3ZpYWZhYnJpbGlzLnp3LnBsXC93cC1jb250ZW50XC91cGxvYWRzXC8yMDIzXC8wN1wvNS1XYXJzenRhdHktTmF1a2EtamFrby1wcnp5Z29kYS5qcGciLCJzbGlkZXNob3ciOiJmZjE5NzY2In0%3D\" href='https:\/\/viafabrilis.zw.pl\/wp-content\/uploads\/2023\/07\/5-Warsztaty-Nauka-jako-przygoda.jpg'><img loading=\"lazy\" decoding=\"async\" width=\"640\" height=\"640\" src=\"https:\/\/viafabrilis.zw.pl\/wp-content\/uploads\/2023\/07\/5-Warsztaty-Nauka-jako-przygoda-640x640.jpg\" class=\"attachment-monstroid2-thumb-justify size-monstroid2-thumb-justify\" alt=\"\" aria-describedby=\"gallery-1-4999\" srcset=\"https:\/\/viafabrilis.zw.pl\/wp-content\/uploads\/2023\/07\/5-Warsztaty-Nauka-jako-przygoda-640x640.jpg 640w, https:\/\/viafabrilis.zw.pl\/wp-content\/uploads\/2023\/07\/5-Warsztaty-Nauka-jako-przygoda-150x150.jpg 150w, https:\/\/viafabrilis.zw.pl\/wp-content\/uploads\/2023\/07\/5-Warsztaty-Nauka-jako-przygoda-230x230.jpg 230w, https:\/\/viafabrilis.zw.pl\/wp-content\/uploads\/2023\/07\/5-Warsztaty-Nauka-jako-przygoda-400x400.jpg 400w\" sizes=\"(max-width: 640px) 100vw, 640px\" \/><\/a>\n\t\t\t<\/div>\n\t\t\t\t<figcaption class='wp-caption-text gallery-caption' id='gallery-1-4999'>\n\t\t\t\tWorkshopy \u2013 V\u011bda jako dobrodru\u017estv\u00ed\n\t\t\t\t<\/figcaption><\/figure>\n\t\t<\/div>\n\t\t<\/div>\n\t\t\t\t\t\t<\/div>\n\t\t\t\t<\/div>\n\t\t\t\t\t<\/div>\n\t\t<\/div>\n\t\t\t\t\t<\/div>\n\t\t<\/section>\n\t\t\t\t<\/div>\n\t\t","protected":false},"excerpt":{"rendered":"<p>ul. I. Daszy\u0144skiego 15 59-900 Zgorzelec tel.: +48 75 648 24 24 e-mail: muzeumluzyckie@zgorzelec.eu muzeumluzyckie.pl &nbsp; otev\u00edrac\u00ed doba: pond\u011bl\u00ed \u2013 \u00fater\u00fd, \u010dtvrtek \u2013 p\u00e1tek: 9:00\u201316:00 hod. st\u0159eda: 10:00 \u2013 18:00 (vstup zdarma) sobota \u2013 ned\u011ble: zav\u0159eno v letn\u00ed sez\u00f3n\u011b ka\u017edou druhou sobotu a ned\u011bli v m\u011bs\u00edci: 11:00\u201316:00 (vstup zdarma) Lu\u017eick\u00e9 muzeum ve Zgorzelci bylo zalo\u017eeno [&hellip;]<\/p>\n","protected":false},"author":1,"featured_media":4986,"parent":0,"menu_order":0,"comment_status":"closed","ping_status":"closed","template":"","meta":{"footnotes":""},"class_list":["post-5005","page","type-page","status-publish","has-post-thumbnail","hentry","entry","has-media"],"_links":{"self":[{"href":"https:\/\/viafabrilis.zw.pl\/cs\/wp-json\/wp\/v2\/pages\/5005","targetHints":{"allow":["GET"]}}],"collection":[{"href":"https:\/\/viafabrilis.zw.pl\/cs\/wp-json\/wp\/v2\/pages"}],"about":[{"href":"https:\/\/viafabrilis.zw.pl\/cs\/wp-json\/wp\/v2\/types\/page"}],"author":[{"embeddable":true,"href":"https:\/\/viafabrilis.zw.pl\/cs\/wp-json\/wp\/v2\/users\/1"}],"replies":[{"embeddable":true,"href":"https:\/\/viafabrilis.zw.pl\/cs\/wp-json\/wp\/v2\/comments?post=5005"}],"version-history":[{"count":6,"href":"https:\/\/viafabrilis.zw.pl\/cs\/wp-json\/wp\/v2\/pages\/5005\/revisions"}],"predecessor-version":[{"id":8939,"href":"https:\/\/viafabrilis.zw.pl\/cs\/wp-json\/wp\/v2\/pages\/5005\/revisions\/8939"}],"wp:featuredmedia":[{"embeddable":true,"href":"https:\/\/viafabrilis.zw.pl\/cs\/wp-json\/wp\/v2\/media\/4986"}],"wp:attachment":[{"href":"https:\/\/viafabrilis.zw.pl\/cs\/wp-json\/wp\/v2\/media?parent=5005"}],"curies":[{"name":"wp","href":"https:\/\/api.w.org\/{rel}","templated":true}]}}