{"id":5508,"date":"2023-07-17T19:45:54","date_gmt":"2023-07-17T17:45:54","guid":{"rendered":"https:\/\/viafabrilis.zw.pl\/?page_id=5508"},"modified":"2024-02-11T12:09:49","modified_gmt":"2024-02-11T11:09:49","slug":"historicko-muzejni-centrumve-lwowku-slaskem","status":"publish","type":"page","link":"https:\/\/viafabrilis.zw.pl\/cs\/historicko-muzejni-centrumve-lwowku-slaskem\/","title":{"rendered":"Historicko-muzejn\u00ed centrumve Lw\u00f3wku \u015al\u0105sk\u00e9m"},"content":{"rendered":"\t\t<div data-elementor-type=\"wp-page\" data-elementor-id=\"5508\" class=\"elementor elementor-5508\" data-elementor-post-type=\"page\">\n\t\t\t\t\t\t<section class=\"elementor-section elementor-top-section elementor-element elementor-element-54e597c elementor-section-boxed elementor-section-height-default elementor-section-height-default\" data-id=\"54e597c\" data-element_type=\"section\" data-settings=\"{&quot;jet_parallax_layout_list&quot;:[]}\">\n\t\t\t\t\t\t<div class=\"elementor-container elementor-column-gap-default\">\n\t\t\t\t\t<div class=\"elementor-column elementor-col-33 elementor-top-column elementor-element elementor-element-9cc7040\" data-id=\"9cc7040\" data-element_type=\"column\">\n\t\t\t<div class=\"elementor-widget-wrap elementor-element-populated\">\n\t\t\t\t\t\t<div class=\"elementor-element elementor-element-0f1a0b7 elementor-widget elementor-widget-text-editor\" data-id=\"0f1a0b7\" data-element_type=\"widget\" data-widget_type=\"text-editor.default\">\n\t\t\t\t<div class=\"elementor-widget-container\">\n\t\t\t\t\t\t\t\t\t<p dir=\"ltr\" style=\"line-height: 1.3800000000000001; text-align: center; margin-top: 0pt; margin-bottom: 0pt;\"><span style=\"font-size: 12pt; font-family: 'Times New Roman'; color: #000000; background-color: transparent; font-weight: 400; font-style: normal; font-variant: normal; text-decoration: none; vertical-align: baseline; white-space: pre-wrap;\">plac Wolno\u015bci 1 (radnice)<\/span><\/p><p dir=\"ltr\" style=\"line-height: 1.3800000000000001; text-align: center; margin-top: 0pt; margin-bottom: 0pt;\"><span style=\"font-size: 12pt; font-family: 'Times New Roman'; color: #000000; background-color: transparent; font-weight: 400; font-style: normal; font-variant: normal; text-decoration: none; vertical-align: baseline; white-space: pre-wrap;\">59-600 Lw\u00f3wek \u015al\u0105ski<\/span><\/p><p dir=\"ltr\" style=\"line-height: 1.3800000000000001; text-align: center; margin-top: 0pt; margin-bottom: 0pt;\"><span style=\"font-size: 12pt; font-family: 'Times New Roman'; color: #000000; background-color: transparent; font-weight: 400; font-style: normal; font-variant: normal; text-decoration: none; vertical-align: baseline; white-space: pre-wrap;\">tel.: +48 75\u00a0782 45 44 w. 25<\/span><\/p><p dir=\"ltr\" style=\"line-height: 1.3800000000000001; text-align: center; margin-top: 0pt; margin-bottom: 0pt;\"><span style=\"font-size: 12pt; font-family: 'Times New Roman'; color: #000000; background-color: transparent; font-weight: 400; font-style: normal; font-variant: normal; text-decoration: none; vertical-align: baseline; white-space: pre-wrap;\">e-mail: phm@bibliotekalwowecka.pl<\/span><\/p><p dir=\"ltr\" style=\"line-height: 1.3800000000000001; text-align: center; margin-top: 0pt; margin-bottom: 0pt;\"><span style=\"font-size: 12pt; font-family: 'Times New Roman'; color: #000000; background-color: transparent; font-weight: 400; font-style: normal; font-variant: normal; text-decoration: none; vertical-align: baseline; white-space: pre-wrap;\">www.bibliotekalwowecka.pl\/<\/span><\/p><p dir=\"ltr\" style=\"line-height: 1.3800000000000001; text-align: center; margin-top: 0pt; margin-bottom: 0pt;\"><b id=\"docs-internal-guid-30cb8b2a-7fff-3ed8-71e1-563b90063600\" style=\"font-weight: normal;\">\u00a0<\/b><\/p><h4 dir=\"ltr\" style=\"line-height: 1.3800000000000001; text-align: center; margin-top: 0pt; margin-bottom: 0pt;\"><span style=\"font-size: 12pt; font-family: 'Times New Roman'; color: #000000; background-color: transparent; font-weight: bold; font-style: normal; font-variant: normal; text-decoration: none; vertical-align: baseline; white-space: pre-wrap;\">otev\u00edrac\u00ed doba:<\/span><\/h4><p dir=\"ltr\" style=\"line-height: 1.3800000000000001; text-align: center; margin-top: 0pt; margin-bottom: 0pt;\"><span style=\"font-size: 12pt; font-family: 'Times New Roman'; color: #000000; background-color: transparent; font-weight: 400; font-style: normal; font-variant: normal; text-decoration: none; vertical-align: baseline; white-space: pre-wrap;\">\u00fater\u00fd \u2013 p\u00e1tek: 9:00\u201317:00 (za\u010d\u00e1tky prohl\u00eddek: 9:30, 11:00, 12:30, 14:00, 15:30, 15. kv\u011btna \u2013 30. z\u00e1\u0159\u00ed)<\/span><\/p><p dir=\"ltr\" style=\"line-height: 1.3800000000000001; text-align: center; margin-top: 0pt; margin-bottom: 0pt;\"><span style=\"font-size: 12pt; font-family: 'Times New Roman'; color: #000000; background-color: transparent; font-weight: 400; font-style: normal; font-variant: normal; text-decoration: none; vertical-align: baseline; white-space: pre-wrap;\">\u00fater\u00fd \u2013 p\u00e1tek: 9:00\u201316:00 (za\u010d\u00e1tky prohl\u00eddek: 9:00, 10:30, 12:00, 13:30, 15:00, 1. \u0159\u00edjna \u2013 14. kv\u011btna)<\/span><\/p><p dir=\"ltr\" style=\"line-height: 1.3800000000000001; text-align: center; margin-top: 0pt; margin-bottom: 0pt;\"><span style=\"font-size: 12pt; font-family: 'Times New Roman'; color: #000000; background-color: transparent; font-weight: 400; font-style: normal; font-variant: normal; text-decoration: none; vertical-align: baseline; white-space: pre-wrap;\">sobota: 9:00\u201314:00 (za\u010d\u00e1tky prohl\u00eddek: 9:30, 11:00, 12:30)<\/span><\/p><p dir=\"ltr\" style=\"line-height: 1.3800000000000001; text-align: center; margin-top: 0pt; margin-bottom: 0pt;\">\u00a0<\/p><p dir=\"ltr\" style=\"line-height: 1.3800000000000001; text-align: center; margin-top: 0pt; margin-bottom: 0pt;\"><span style=\"font-size: 12pt; font-family: 'Times New Roman'; color: #000000; background-color: transparent; font-weight: 400; font-style: normal; font-variant: normal; text-decoration: none; vertical-align: baseline; white-space: pre-wrap;\">po telefonick\u00e9 rezervaci p\u0159ednostn\u00ed prohl\u00eddka<\/span><\/p><div><span style=\"font-size: 12pt; font-family: 'Times New Roman'; color: #000000; background-color: transparent; font-weight: 400; font-style: normal; font-variant: normal; text-decoration: none; vertical-align: baseline; white-space: pre-wrap;\">\u00a0<\/span><\/div>\t\t\t\t\t\t\t\t<\/div>\n\t\t\t\t<\/div>\n\t\t\t\t\t<\/div>\n\t\t<\/div>\n\t\t\t\t<div class=\"elementor-column elementor-col-33 elementor-top-column elementor-element elementor-element-1ccddeb\" data-id=\"1ccddeb\" data-element_type=\"column\">\n\t\t\t<div class=\"elementor-widget-wrap elementor-element-populated\">\n\t\t\t\t\t\t<div class=\"elementor-element elementor-element-a624232 elementor-widget elementor-widget-image\" data-id=\"a624232\" data-element_type=\"widget\" data-widget_type=\"image.default\">\n\t\t\t\t<div class=\"elementor-widget-container\">\n\t\t\t\t\t\t\t\t\t\t\t\t\t\t\t<img fetchpriority=\"high\" decoding=\"async\" width=\"1024\" height=\"693\" src=\"https:\/\/viafabrilis.zw.pl\/wp-content\/uploads\/2023\/07\/1-Ratusz-we-Lwowku-Slaskim-1024x693.jpg\" class=\"attachment-large size-large wp-image-5480\" alt=\"\" srcset=\"https:\/\/viafabrilis.zw.pl\/wp-content\/uploads\/2023\/07\/1-Ratusz-we-Lwowku-Slaskim-1024x693.jpg 1024w, https:\/\/viafabrilis.zw.pl\/wp-content\/uploads\/2023\/07\/1-Ratusz-we-Lwowku-Slaskim-300x203.jpg 300w, https:\/\/viafabrilis.zw.pl\/wp-content\/uploads\/2023\/07\/1-Ratusz-we-Lwowku-Slaskim-768x520.jpg 768w, https:\/\/viafabrilis.zw.pl\/wp-content\/uploads\/2023\/07\/1-Ratusz-we-Lwowku-Slaskim-600x406.jpg 600w, https:\/\/viafabrilis.zw.pl\/wp-content\/uploads\/2023\/07\/1-Ratusz-we-Lwowku-Slaskim.jpg 1200w\" sizes=\"(max-width: 1024px) 100vw, 1024px\" \/>\t\t\t\t\t\t\t\t\t\t\t\t\t\t\t<\/div>\n\t\t\t\t<\/div>\n\t\t\t\t\t<\/div>\n\t\t<\/div>\n\t\t\t\t<div class=\"elementor-column elementor-col-33 elementor-top-column elementor-element elementor-element-cf682e0\" data-id=\"cf682e0\" data-element_type=\"column\">\n\t\t\t<div class=\"elementor-widget-wrap elementor-element-populated\">\n\t\t\t\t\t\t<div class=\"elementor-element elementor-element-62d6eb7 elementor-widget elementor-widget-image\" data-id=\"62d6eb7\" data-element_type=\"widget\" data-widget_type=\"image.default\">\n\t\t\t\t<div class=\"elementor-widget-container\">\n\t\t\t\t\t\t\t\t\t\t\t\t\t\t\t<img decoding=\"async\" width=\"1024\" height=\"768\" src=\"https:\/\/viafabrilis.zw.pl\/wp-content\/uploads\/2023\/07\/6-Fragment-ekspozycji-zwiazanej-z-browarnictwem-1024x768.jpg\" class=\"attachment-large size-large wp-image-5501\" alt=\"\" srcset=\"https:\/\/viafabrilis.zw.pl\/wp-content\/uploads\/2023\/07\/6-Fragment-ekspozycji-zwiazanej-z-browarnictwem-1024x768.jpg 1024w, https:\/\/viafabrilis.zw.pl\/wp-content\/uploads\/2023\/07\/6-Fragment-ekspozycji-zwiazanej-z-browarnictwem-300x225.jpg 300w, https:\/\/viafabrilis.zw.pl\/wp-content\/uploads\/2023\/07\/6-Fragment-ekspozycji-zwiazanej-z-browarnictwem-768x576.jpg 768w, https:\/\/viafabrilis.zw.pl\/wp-content\/uploads\/2023\/07\/6-Fragment-ekspozycji-zwiazanej-z-browarnictwem-600x450.jpg 600w, https:\/\/viafabrilis.zw.pl\/wp-content\/uploads\/2023\/07\/6-Fragment-ekspozycji-zwiazanej-z-browarnictwem.jpg 1200w\" sizes=\"(max-width: 1024px) 100vw, 1024px\" \/>\t\t\t\t\t\t\t\t\t\t\t\t\t\t\t<\/div>\n\t\t\t\t<\/div>\n\t\t\t\t\t<\/div>\n\t\t<\/div>\n\t\t\t\t\t<\/div>\n\t\t<\/section>\n\t\t\t\t<section class=\"elementor-section elementor-top-section elementor-element elementor-element-266570d elementor-section-boxed elementor-section-height-default elementor-section-height-default\" data-id=\"266570d\" data-element_type=\"section\" data-settings=\"{&quot;jet_parallax_layout_list&quot;:[]}\">\n\t\t\t\t\t\t<div class=\"elementor-container elementor-column-gap-default\">\n\t\t\t\t\t<div class=\"elementor-column elementor-col-100 elementor-top-column elementor-element elementor-element-bfbb152\" data-id=\"bfbb152\" data-element_type=\"column\">\n\t\t\t<div class=\"elementor-widget-wrap elementor-element-populated\">\n\t\t\t\t\t\t<div class=\"elementor-element elementor-element-89f1900 elementor-widget elementor-widget-text-editor\" data-id=\"89f1900\" data-element_type=\"widget\" data-widget_type=\"text-editor.default\">\n\t\t\t\t<div class=\"elementor-widget-container\">\n\t\t\t\t\t\t\t\t\t<p><span style=\"font-weight: 400;\">Historicko-muzejn\u00ed centrum funguje v r\u00e1mci struktury ve\u0159ejn\u00e9 knihovny. St\u00e1l\u00e9 expozice a do\u010dasn\u00e9 v\u00fdstavy jsou prezentov\u00e1ny v interi\u00e9rech velkolep\u00e9 radnice, jej\u00ed\u017e stavbu \u0159\u00eddil Wendel Rosskopf, jeden z nejv\u00fdznamn\u011bj\u0161\u00edch renesan\u010dn\u00edch architekt\u016f v t\u00e9to \u010d\u00e1sti Evropy. V hlavn\u00edm v\u00fdstavn\u00edm s\u00e1le je um\u00edst\u011bna sb\u00edrka o kulturn\u00edch d\u011bjin\u00e1ch a bohat\u00e9 historii m\u011bsta. Lw\u00f3wek \u015al\u0105ski (n\u011bm. L\u00f6wenberg in Schlesien, \u010desky Lemberk) z\u00edskal m\u011bstsk\u00e1 pr\u00e1va ji\u017e v roce 1217 a prosperoval mimo jin\u00e9 d\u00edky existenci zlat\u00e9ho dolu. Brzy z\u00edskalo m\u011bsto i dal\u0161\u00ed v\u00fdsady, v\u010detn\u011b pr\u00e1va va\u0159it pivo, kter\u00e9 se proslavilo i mimo Doln\u00ed Slezsko a bylo po dal\u0161\u00ed stalet\u00ed velmi cen\u011bn\u00e9.<\/span><\/p><p><span style=\"font-weight: 400;\">Na z\u00e1klad\u011b t\u00e9to stalet\u00e9 tradice byl ve druh\u00e9 polovin\u011b 18. stolet\u00ed na m\u00edst\u011b b\u00fdval\u00e9ho kn\u00ed\u017eec\u00edho hradu zalo\u017een m\u011bstsk\u00fd pivovar. Koncem 18. stolet\u00ed byl nejv\u011bt\u0161\u00edm v\u00fdrobn\u00edm za\u0159\u00edzen\u00edm ve m\u011bst\u011b a o 20 let pozd\u011bji jeho kapacita p\u0159esahovala 2 000 achtel\u016f (t\u00e9m\u011b\u0159 7 500 litr\u016f) piva ro\u010dn\u011b. Z\u00e1vod zpo\u010d\u00e1tku \u0159\u00eddilo bratrstvo slo\u017een\u00e9 z nejvlivn\u011bj\u0161\u00edch m\u011b\u0161\u0165an\u016f. V roce 1871 jej p\u0159evzal Julius von Hohberg, jeho\u017e rodin\u011b pat\u0159il a\u017e do druh\u00e9 sv\u011btov\u00e9 v\u00e1lky a stal se jedn\u00edm z nejuzn\u00e1van\u011bj\u0161\u00edch pivovar\u016f ve Slezsku. Pivovarnictv\u00ed je v\u011bnov\u00e1na \u010d\u00e1st v\u00fdstavy prezentovan\u00e9 na m\u00edstn\u00ed radnici. P\u0159edstavuje mimo jin\u00e9 l\u00e1hve, bedny a sudy z m\u00edstn\u00edho pivovaru a pivn\u00ed korbele.<\/span><\/p><p><span style=\"font-weight: 400;\">Ve Lw\u00f3wku \u015al\u0105sk\u00e9m se rozv\u00edjelo tak\u00e9 soukenictv\u00ed a tkalcovstv\u00ed. Jak zaznamenali kronik\u00e1\u0159i, v 16. stolet\u00ed se v\u011bt\u0161ina z 8 000 obyvatel \u017eivila v\u00fdrobou sukna a ve m\u011bst\u011b bylo a\u017e 450 soukenick\u00fdch, tkalcovsk\u00fdch a barv\u00ed\u0159sk\u00fdch d\u00edlen. Ve Lw\u00f3wku existovaly tak\u00e9 podniky na t\u011b\u017ebu a zpracov\u00e1n\u00ed kamene. V souladu s d\u0159\u00edv\u011bj\u0161\u00edmi tradicemi se b\u011bhem ka\u017edoro\u010dn\u00edho Lwoweck\u00e9ho ach\u00e1tov\u00e9ho l\u00e9ta konaj\u00ed na radnici v\u00fdstavy nerost\u016f z regionu i cel\u00e9ho sv\u011bta.<\/span><\/p>\t\t\t\t\t\t\t\t<\/div>\n\t\t\t\t<\/div>\n\t\t\t\t\t<\/div>\n\t\t<\/div>\n\t\t\t\t\t<\/div>\n\t\t<\/section>\n\t\t\t\t<section class=\"elementor-section elementor-top-section elementor-element elementor-element-5fc02a1 elementor-section-boxed elementor-section-height-default elementor-section-height-default\" data-id=\"5fc02a1\" data-element_type=\"section\" data-settings=\"{&quot;jet_parallax_layout_list&quot;:[]}\">\n\t\t\t\t\t\t<div class=\"elementor-container elementor-column-gap-default\">\n\t\t\t\t\t<div class=\"elementor-column elementor-col-100 elementor-top-column elementor-element elementor-element-7a48c15\" data-id=\"7a48c15\" data-element_type=\"column\">\n\t\t\t<div class=\"elementor-widget-wrap elementor-element-populated\">\n\t\t\t\t\t\t<div class=\"elementor-element elementor-element-f99ff72 elementor-widget elementor-widget-image-gallery\" data-id=\"f99ff72\" data-element_type=\"widget\" data-widget_type=\"image-gallery.default\">\n\t\t\t\t<div class=\"elementor-widget-container\">\n\t\t\t\t\t\t\t<div class=\"elementor-image-gallery\">\n\t\t\t<div id='gallery-1' class='gallery galleryid-5508 gallery-columns-4 gallery-size-monstroid2-thumb-justify'><figure class='gallery-item'>\n\t\t\t<div class='gallery-icon landscape'>\n\t\t\t\t<a data-elementor-open-lightbox=\"yes\" data-elementor-lightbox-slideshow=\"f99ff72\" data-elementor-lightbox-title=\"1 - Ratusz we Lwo\u0301wku S\u0301la\u0328skim\" data-e-action-hash=\"#elementor-action%3Aaction%3Dlightbox%26settings%3DeyJpZCI6NTQ4MSwidXJsIjoiaHR0cHM6XC9cL3ZpYWZhYnJpbGlzLnp3LnBsXC93cC1jb250ZW50XC91cGxvYWRzXC8yMDIzXC8wN1wvMS1SYXR1c3otd2UtTHdvd2t1LVNsYXNraW0uanBnIiwic2xpZGVzaG93IjoiZjk5ZmY3MiJ9\" href='https:\/\/viafabrilis.zw.pl\/wp-content\/uploads\/2023\/07\/1-Ratusz-we-Lwowku-Slaskim.jpg'><img decoding=\"async\" width=\"640\" height=\"640\" src=\"https:\/\/viafabrilis.zw.pl\/wp-content\/uploads\/2023\/07\/1-Ratusz-we-Lwowku-Slaskim-640x640.jpg\" class=\"attachment-monstroid2-thumb-justify size-monstroid2-thumb-justify\" alt=\"\" aria-describedby=\"gallery-1-5481\" srcset=\"https:\/\/viafabrilis.zw.pl\/wp-content\/uploads\/2023\/07\/1-Ratusz-we-Lwowku-Slaskim-640x640.jpg 640w, https:\/\/viafabrilis.zw.pl\/wp-content\/uploads\/2023\/07\/1-Ratusz-we-Lwowku-Slaskim-150x150.jpg 150w, https:\/\/viafabrilis.zw.pl\/wp-content\/uploads\/2023\/07\/1-Ratusz-we-Lwowku-Slaskim-230x230.jpg 230w, https:\/\/viafabrilis.zw.pl\/wp-content\/uploads\/2023\/07\/1-Ratusz-we-Lwowku-Slaskim-400x400.jpg 400w\" sizes=\"(max-width: 640px) 100vw, 640px\" \/><\/a>\n\t\t\t<\/div>\n\t\t\t\t<figcaption class='wp-caption-text gallery-caption' id='gallery-1-5481'>\n\t\t\t\tRadnice ve Lw\u00f3wku \u015al\u0105sk\u00e9m\n\t\t\t\t<\/figcaption><\/figure><figure class='gallery-item'>\n\t\t\t<div class='gallery-icon landscape'>\n\t\t\t\t<a data-elementor-open-lightbox=\"yes\" data-elementor-lightbox-slideshow=\"f99ff72\" data-elementor-lightbox-title=\"2 - Wne\u0328trze lwo\u0301weckiego ratusza\" data-e-action-hash=\"#elementor-action%3Aaction%3Dlightbox%26settings%3DeyJpZCI6NTQ4NSwidXJsIjoiaHR0cHM6XC9cL3ZpYWZhYnJpbGlzLnp3LnBsXC93cC1jb250ZW50XC91cGxvYWRzXC8yMDIzXC8wN1wvMi1XbmV0cnplLWx3b3dlY2tpZWdvLXJhdHVzemEuanBnIiwic2xpZGVzaG93IjoiZjk5ZmY3MiJ9\" href='https:\/\/viafabrilis.zw.pl\/wp-content\/uploads\/2023\/07\/2-Wnetrze-lwoweckiego-ratusza.jpg'><img loading=\"lazy\" decoding=\"async\" width=\"640\" height=\"581\" src=\"https:\/\/viafabrilis.zw.pl\/wp-content\/uploads\/2023\/07\/2-Wnetrze-lwoweckiego-ratusza-640x581.jpg\" class=\"attachment-monstroid2-thumb-justify size-monstroid2-thumb-justify\" alt=\"\" aria-describedby=\"gallery-1-5485\" \/><\/a>\n\t\t\t<\/div>\n\t\t\t\t<figcaption class='wp-caption-text gallery-caption' id='gallery-1-5485'>\n\t\t\t\tInteri\u00e9r radnice ve Lw\u00f3wku \u015al\u0105sk\u00e9m\n\t\t\t\t<\/figcaption><\/figure><figure class='gallery-item'>\n\t\t\t<div class='gallery-icon landscape'>\n\t\t\t\t<a data-elementor-open-lightbox=\"yes\" data-elementor-lightbox-slideshow=\"f99ff72\" data-elementor-lightbox-title=\"3 - Wne\u0328trze lwo\u0301weckiego ratusza\" data-e-action-hash=\"#elementor-action%3Aaction%3Dlightbox%26settings%3DeyJpZCI6NTQ4OSwidXJsIjoiaHR0cHM6XC9cL3ZpYWZhYnJpbGlzLnp3LnBsXC93cC1jb250ZW50XC91cGxvYWRzXC8yMDIzXC8wN1wvMy1XbmV0cnplLWx3b3dlY2tpZWdvLXJhdHVzemEuanBnIiwic2xpZGVzaG93IjoiZjk5ZmY3MiJ9\" href='https:\/\/viafabrilis.zw.pl\/wp-content\/uploads\/2023\/07\/3-Wnetrze-lwoweckiego-ratusza.jpg'><img loading=\"lazy\" decoding=\"async\" width=\"640\" height=\"640\" src=\"https:\/\/viafabrilis.zw.pl\/wp-content\/uploads\/2023\/07\/3-Wnetrze-lwoweckiego-ratusza-640x640.jpg\" class=\"attachment-monstroid2-thumb-justify size-monstroid2-thumb-justify\" alt=\"\" aria-describedby=\"gallery-1-5489\" srcset=\"https:\/\/viafabrilis.zw.pl\/wp-content\/uploads\/2023\/07\/3-Wnetrze-lwoweckiego-ratusza-640x640.jpg 640w, https:\/\/viafabrilis.zw.pl\/wp-content\/uploads\/2023\/07\/3-Wnetrze-lwoweckiego-ratusza-150x150.jpg 150w, https:\/\/viafabrilis.zw.pl\/wp-content\/uploads\/2023\/07\/3-Wnetrze-lwoweckiego-ratusza-230x230.jpg 230w, https:\/\/viafabrilis.zw.pl\/wp-content\/uploads\/2023\/07\/3-Wnetrze-lwoweckiego-ratusza-400x400.jpg 400w\" sizes=\"(max-width: 640px) 100vw, 640px\" \/><\/a>\n\t\t\t<\/div>\n\t\t\t\t<figcaption class='wp-caption-text gallery-caption' id='gallery-1-5489'>\n\t\t\t\tInteri\u00e9r radnice ve Lw\u00f3wku \u015al\u0105sk\u00e9m\n\t\t\t\t<\/figcaption><\/figure><figure class='gallery-item'>\n\t\t\t<div class='gallery-icon landscape'>\n\t\t\t\t<a data-elementor-open-lightbox=\"yes\" data-elementor-lightbox-slideshow=\"f99ff72\" data-elementor-lightbox-title=\"4 - Fragment ekspozycji zwia\u0328zanej z browarnictwem\" data-e-action-hash=\"#elementor-action%3Aaction%3Dlightbox%26settings%3DeyJpZCI6NTQ5MywidXJsIjoiaHR0cHM6XC9cL3ZpYWZhYnJpbGlzLnp3LnBsXC93cC1jb250ZW50XC91cGxvYWRzXC8yMDIzXC8wN1wvNC1GcmFnbWVudC1la3Nwb3p5Y2ppLXp3aWF6YW5lai16LWJyb3dhcm5pY3R3ZW0uanBnIiwic2xpZGVzaG93IjoiZjk5ZmY3MiJ9\" href='https:\/\/viafabrilis.zw.pl\/wp-content\/uploads\/2023\/07\/4-Fragment-ekspozycji-zwiazanej-z-browarnictwem.jpg'><img loading=\"lazy\" decoding=\"async\" width=\"640\" height=\"640\" src=\"https:\/\/viafabrilis.zw.pl\/wp-content\/uploads\/2023\/07\/4-Fragment-ekspozycji-zwiazanej-z-browarnictwem-640x640.jpg\" class=\"attachment-monstroid2-thumb-justify size-monstroid2-thumb-justify\" alt=\"\" aria-describedby=\"gallery-1-5493\" srcset=\"https:\/\/viafabrilis.zw.pl\/wp-content\/uploads\/2023\/07\/4-Fragment-ekspozycji-zwiazanej-z-browarnictwem-640x640.jpg 640w, https:\/\/viafabrilis.zw.pl\/wp-content\/uploads\/2023\/07\/4-Fragment-ekspozycji-zwiazanej-z-browarnictwem-150x150.jpg 150w, https:\/\/viafabrilis.zw.pl\/wp-content\/uploads\/2023\/07\/4-Fragment-ekspozycji-zwiazanej-z-browarnictwem-230x230.jpg 230w, https:\/\/viafabrilis.zw.pl\/wp-content\/uploads\/2023\/07\/4-Fragment-ekspozycji-zwiazanej-z-browarnictwem-400x400.jpg 400w\" sizes=\"(max-width: 640px) 100vw, 640px\" \/><\/a>\n\t\t\t<\/div>\n\t\t\t\t<figcaption class='wp-caption-text gallery-caption' id='gallery-1-5493'>\n\t\t\t\t\u010c\u00e1st expozice v\u011bnovan\u00e9 historii pivovarnictv\u00ed\n\t\t\t\t<\/figcaption><\/figure><figure class='gallery-item'>\n\t\t\t<div class='gallery-icon landscape'>\n\t\t\t\t<a data-elementor-open-lightbox=\"yes\" data-elementor-lightbox-slideshow=\"f99ff72\" data-elementor-lightbox-title=\"5 - Fragment ekspozycji zwia\u0328zanej z browarnictwem\" data-e-action-hash=\"#elementor-action%3Aaction%3Dlightbox%26settings%3DeyJpZCI6NTQ5OCwidXJsIjoiaHR0cHM6XC9cL3ZpYWZhYnJpbGlzLnp3LnBsXC93cC1jb250ZW50XC91cGxvYWRzXC8yMDIzXC8wN1wvNS1GcmFnbWVudC1la3Nwb3p5Y2ppLXp3aWF6YW5lai16LWJyb3dhcm5pY3R3ZW0uanBnIiwic2xpZGVzaG93IjoiZjk5ZmY3MiJ9\" href='https:\/\/viafabrilis.zw.pl\/wp-content\/uploads\/2023\/07\/5-Fragment-ekspozycji-zwiazanej-z-browarnictwem.jpg'><img loading=\"lazy\" decoding=\"async\" width=\"640\" height=\"640\" src=\"https:\/\/viafabrilis.zw.pl\/wp-content\/uploads\/2023\/07\/5-Fragment-ekspozycji-zwiazanej-z-browarnictwem-640x640.jpg\" class=\"attachment-monstroid2-thumb-justify size-monstroid2-thumb-justify\" alt=\"\" aria-describedby=\"gallery-1-5498\" srcset=\"https:\/\/viafabrilis.zw.pl\/wp-content\/uploads\/2023\/07\/5-Fragment-ekspozycji-zwiazanej-z-browarnictwem-640x640.jpg 640w, https:\/\/viafabrilis.zw.pl\/wp-content\/uploads\/2023\/07\/5-Fragment-ekspozycji-zwiazanej-z-browarnictwem-150x150.jpg 150w, https:\/\/viafabrilis.zw.pl\/wp-content\/uploads\/2023\/07\/5-Fragment-ekspozycji-zwiazanej-z-browarnictwem-230x230.jpg 230w, https:\/\/viafabrilis.zw.pl\/wp-content\/uploads\/2023\/07\/5-Fragment-ekspozycji-zwiazanej-z-browarnictwem-400x400.jpg 400w\" sizes=\"(max-width: 640px) 100vw, 640px\" \/><\/a>\n\t\t\t<\/div>\n\t\t\t\t<figcaption class='wp-caption-text gallery-caption' id='gallery-1-5498'>\n\t\t\t\t\u010c\u00e1st expozice v\u011bnovan\u00e9 historii pivovarnictv\u00ed\n\t\t\t\t<\/figcaption><\/figure><figure class='gallery-item'>\n\t\t\t<div class='gallery-icon landscape'>\n\t\t\t\t<a data-elementor-open-lightbox=\"yes\" data-elementor-lightbox-slideshow=\"f99ff72\" data-elementor-lightbox-title=\"6 - Fragment ekspozycji zwia\u0328zanej z browarnictwem\" data-e-action-hash=\"#elementor-action%3Aaction%3Dlightbox%26settings%3DeyJpZCI6NTUwMiwidXJsIjoiaHR0cHM6XC9cL3ZpYWZhYnJpbGlzLnp3LnBsXC93cC1jb250ZW50XC91cGxvYWRzXC8yMDIzXC8wN1wvNi1GcmFnbWVudC1la3Nwb3p5Y2ppLXp3aWF6YW5lai16LWJyb3dhcm5pY3R3ZW0uanBnIiwic2xpZGVzaG93IjoiZjk5ZmY3MiJ9\" href='https:\/\/viafabrilis.zw.pl\/wp-content\/uploads\/2023\/07\/6-Fragment-ekspozycji-zwiazanej-z-browarnictwem.jpg'><img loading=\"lazy\" decoding=\"async\" width=\"640\" height=\"640\" src=\"https:\/\/viafabrilis.zw.pl\/wp-content\/uploads\/2023\/07\/6-Fragment-ekspozycji-zwiazanej-z-browarnictwem-640x640.jpg\" class=\"attachment-monstroid2-thumb-justify size-monstroid2-thumb-justify\" alt=\"\" aria-describedby=\"gallery-1-5502\" srcset=\"https:\/\/viafabrilis.zw.pl\/wp-content\/uploads\/2023\/07\/6-Fragment-ekspozycji-zwiazanej-z-browarnictwem-640x640.jpg 640w, https:\/\/viafabrilis.zw.pl\/wp-content\/uploads\/2023\/07\/6-Fragment-ekspozycji-zwiazanej-z-browarnictwem-150x150.jpg 150w, https:\/\/viafabrilis.zw.pl\/wp-content\/uploads\/2023\/07\/6-Fragment-ekspozycji-zwiazanej-z-browarnictwem-230x230.jpg 230w, https:\/\/viafabrilis.zw.pl\/wp-content\/uploads\/2023\/07\/6-Fragment-ekspozycji-zwiazanej-z-browarnictwem-400x400.jpg 400w\" sizes=\"(max-width: 640px) 100vw, 640px\" \/><\/a>\n\t\t\t<\/div>\n\t\t\t\t<figcaption class='wp-caption-text gallery-caption' id='gallery-1-5502'>\n\t\t\t\t\u010c\u00e1st expozice v\u011bnovan\u00e9 historii pivovarnictv\u00ed\n\t\t\t\t<\/figcaption><\/figure>\n\t\t<\/div>\n\t\t<\/div>\n\t\t\t\t\t\t<\/div>\n\t\t\t\t<\/div>\n\t\t\t\t\t<\/div>\n\t\t<\/div>\n\t\t\t\t\t<\/div>\n\t\t<\/section>\n\t\t\t\t<\/div>\n\t\t","protected":false},"excerpt":{"rendered":"<p>plac Wolno\u015bci 1 (radnice) 59-600 Lw\u00f3wek \u015al\u0105ski tel.: +48 75&nbsp;782 45 44 w. 25 e-mail: phm@bibliotekalwowecka.pl www.bibliotekalwowecka.pl\/ &nbsp; otev\u00edrac\u00ed doba: \u00fater\u00fd \u2013 p\u00e1tek: 9:00\u201317:00 (za\u010d\u00e1tky prohl\u00eddek: 9:30, 11:00, 12:30, 14:00, 15:30, 15. kv\u011btna \u2013 30. z\u00e1\u0159\u00ed) \u00fater\u00fd \u2013 p\u00e1tek: 9:00\u201316:00 (za\u010d\u00e1tky prohl\u00eddek: 9:00, 10:30, 12:00, 13:30, 15:00, 1. \u0159\u00edjna \u2013 14. kv\u011btna) sobota: 9:00\u201314:00 (za\u010d\u00e1tky [&hellip;]<\/p>\n","protected":false},"author":1,"featured_media":5481,"parent":0,"menu_order":0,"comment_status":"closed","ping_status":"closed","template":"","meta":{"footnotes":""},"class_list":["post-5508","page","type-page","status-publish","has-post-thumbnail","hentry","entry","has-media"],"_links":{"self":[{"href":"https:\/\/viafabrilis.zw.pl\/cs\/wp-json\/wp\/v2\/pages\/5508","targetHints":{"allow":["GET"]}}],"collection":[{"href":"https:\/\/viafabrilis.zw.pl\/cs\/wp-json\/wp\/v2\/pages"}],"about":[{"href":"https:\/\/viafabrilis.zw.pl\/cs\/wp-json\/wp\/v2\/types\/page"}],"author":[{"embeddable":true,"href":"https:\/\/viafabrilis.zw.pl\/cs\/wp-json\/wp\/v2\/users\/1"}],"replies":[{"embeddable":true,"href":"https:\/\/viafabrilis.zw.pl\/cs\/wp-json\/wp\/v2\/comments?post=5508"}],"version-history":[{"count":6,"href":"https:\/\/viafabrilis.zw.pl\/cs\/wp-json\/wp\/v2\/pages\/5508\/revisions"}],"predecessor-version":[{"id":8933,"href":"https:\/\/viafabrilis.zw.pl\/cs\/wp-json\/wp\/v2\/pages\/5508\/revisions\/8933"}],"wp:featuredmedia":[{"embeddable":true,"href":"https:\/\/viafabrilis.zw.pl\/cs\/wp-json\/wp\/v2\/media\/5481"}],"wp:attachment":[{"href":"https:\/\/viafabrilis.zw.pl\/cs\/wp-json\/wp\/v2\/media?parent=5508"}],"curies":[{"name":"wp","href":"https:\/\/api.w.org\/{rel}","templated":true}]}}