{"id":8825,"date":"2023-09-14T09:00:43","date_gmt":"2023-09-14T07:00:43","guid":{"rendered":"https:\/\/viafabrilis.zw.pl\/?page_id=8825"},"modified":"2023-09-14T09:01:45","modified_gmt":"2023-09-14T07:01:45","slug":"mesto-klodzko","status":"publish","type":"page","link":"https:\/\/viafabrilis.zw.pl\/cs\/mesto-klodzko\/","title":{"rendered":"M\u011bsto K\u0142odzko"},"content":{"rendered":"\n<p>M\u011bsto K\u0142odzko (Kladsko) se nach\u00e1z\u00ed na jihu Dolnoslezsk\u00e9ho vojvodstv\u00ed, v severov\u00fdchodn\u00ed \u010d\u00e1sti Kladsk\u00e9 kotliny (Kotlina K\u0142odzka), p\u0159ibli\u017en\u011b 100 km od Wroc\u0142awi a 50 km od polsko-\u010desk\u00fdch hranic. Toto m\u011bsto s 27 000 obyvateli, le\u017e\u00edc\u00ed na \u00fapat\u00ed Bardsk\u00fdch hor (G\u00f3ry Bardzkie) na \u0159ece Kladsk\u00e1 Nisa\u00a0 (Nysa K\u0142odzka), je s\u00eddlem jednoho z nejv\u011bt\u0161\u00edch polsk\u00fdch okres\u016f. Proch\u00e1z\u00ed j\u00edm st\u00e1tn\u00ed silnice a \u017eeleznice z Wroc\u0142awi ve sm\u011brech na Mi\u0119dzylesie (Meziles\u00ed), Kudowu, Stronie a Wa\u0142brzych, co\u017e z m\u011bsta \u010din\u00ed v\u00fdbornou z\u00e1kladnu pro turisty nav\u0161t\u011bvuj\u00edc\u00ed tuto oblast Polska. Strategick\u00e1 poloha na hranici mezi Slezskem a \u010cechami, na trase jedn\u00e9 z nejd\u016fle\u017eit\u011bj\u0161\u00edch obchodn\u00edch stezek v Evrop\u011b vedouc\u00ed z jihu na sever evropsk\u00e9ho kontinentu, kter\u00e1 byla odno\u017e\u00ed jantarov\u00e9 stezky z dob \u0158\u00edmsk\u00e9 \u0159\u00ed\u0161e, dala m\u011bstu dlouhou, ale bou\u0159livou historii. Kladsko z\u00edskalo m\u011bstsk\u00e1 pr\u00e1va ve t\u0159et\u00ed \u010dtvrtin\u011b 13. stolet\u00ed, ale opevn\u011bn\u00e9 s\u00eddlo zde existovalo ji\u017e mnohem d\u0159\u00edve. Prvn\u00ed kronik\u00e1\u0159sk\u00e1 zm\u00ednka o n\u011bm poch\u00e1z\u00ed z roku 981, ale archeologick\u00e9 n\u00e1lezy nazna\u010duj\u00ed, \u017ee osada zde existovala ji\u017e v dob\u011b \u0159\u00edmsk\u00e9ho vlivu. V 11. stol. byla Kladsk\u00e1 kotlina p\u0159edm\u011btem mnoha polsko-\u010desk\u00fdch spor\u016f a ozbrojen\u00fdch konflikt\u016f, ale od roku 1137 se na z\u00e1klad\u011b m\u00edrov\u00e9 smlouvy stala majetkem \u010cech. Obdob\u00ed prosperity a rozkv\u011btu obchodu a \u0159emesel u\u010dinilo z Klodzka jedno z nejv\u00fdznamn\u011bj\u0161\u00edch a nejbohat\u0161\u00edch m\u011bst v regionu. Jeho slavn\u00e9 \u010dasy p\u0159ipom\u00ednaj\u00ed \u010detn\u00e9 zachoval\u00e9 pam\u00e1tky vysok\u00e9 um\u011bleck\u00e9 kvality. Jsou jimi most p\u0159es \u0159eku M\u0142yn\u00f3wku a farn\u00ed kostel Nanebevzet\u00ed Panny Marie z obdob\u00ed gotiky, d\u00e1le barokn\u00ed soubory jezuitsk\u00e9ho konviktu, koleje, kl\u00e1\u0161tery a chr\u00e1my franti\u0161k\u00e1n\u016f a bernardin\u016f (nyn\u00ed klarisek). Stalet\u00ed prosperity byla p\u0159eru\u0161ov\u00e1na bou\u0159liv\u00fdmi epizodami n\u00e1bo\u017eensk\u00fdch konflikt\u016f. Husitsk\u00e9 v\u00e1lky (15. stolet\u00ed) a t\u0159icetilet\u00e1 v\u00e1lka (17. stolet\u00ed) p\u0159inesly m\u011bstu velk\u00e9 \u0161kody a zk\u00e1zu, ze kter\u00fdch se muselo v n\u00e1sleduj\u00edc\u00edch desetilet\u00edch vzpamatov\u00e1vat. V 18. a 19. stolet\u00ed prob\u00edhala p\u0159em\u011bna m\u011bsta Kladska v opevn\u011bnou pevnost, kterou zah\u00e1jil habsbursk\u00fd c\u00edsa\u0159 a v n\u00ed\u017e pokra\u010dovaly prusk\u00e9 \u00fa\u0159ady. Ud\u011blen\u00ed vojensk\u00fdch funkc\u00ed m\u011bstu blokovalo rozvoj p\u0159edm\u011bst\u00ed a\u017e do poloviny 19. stolet\u00ed a z\u00e1rove\u0148 zat\u011b\u017eovalo m\u011bstskou samospr\u00e1vu i obyvatele dodate\u010dn\u00fdmi dan\u011bmi a povinnostmi. Urbanistick\u00fd rozvoj centra za\u010dal a\u017e po zru\u0161en\u00ed vojensk\u00e9 pos\u00e1dky v roce 1867, ale m\u011bsto ji\u017e nikdy nenabylo svou n\u011bkdej\u0161\u00ed sl\u00e1vu. Co v\u0161ak z\u00edskalo, byla v evropsk\u00e9m m\u011b\u0159\u00edtku ojedin\u011bl\u00e1 pam\u00e1tka vojensk\u00e9 architektury, kter\u00e1 dnes do Kladska l\u00e1k\u00e1 davy turist\u016f.<\/p>\n","protected":false},"excerpt":{"rendered":"<p>M\u011bsto K\u0142odzko (Kladsko) se nach\u00e1z\u00ed na jihu Dolnoslezsk\u00e9ho vojvodstv\u00ed, v severov\u00fdchodn\u00ed \u010d\u00e1sti Kladsk\u00e9 kotliny (Kotlina K\u0142odzka), p\u0159ibli\u017en\u011b 100 km od Wroc\u0142awi a 50 km od polsko-\u010desk\u00fdch hranic. Toto m\u011bsto s 27 000 obyvateli, le\u017e\u00edc\u00ed na \u00fapat\u00ed Bardsk\u00fdch hor (G\u00f3ry Bardzkie) na \u0159ece Kladsk\u00e1 Nisa\u00a0 (Nysa K\u0142odzka), je s\u00eddlem jednoho z nejv\u011bt\u0161\u00edch polsk\u00fdch okres\u016f. Proch\u00e1z\u00ed j\u00edm [&hellip;]<\/p>\n","protected":false},"author":1,"featured_media":0,"parent":0,"menu_order":0,"comment_status":"closed","ping_status":"closed","template":"","meta":{"footnotes":""},"class_list":["post-8825","page","type-page","status-publish","hentry","entry"],"_links":{"self":[{"href":"https:\/\/viafabrilis.zw.pl\/cs\/wp-json\/wp\/v2\/pages\/8825","targetHints":{"allow":["GET"]}}],"collection":[{"href":"https:\/\/viafabrilis.zw.pl\/cs\/wp-json\/wp\/v2\/pages"}],"about":[{"href":"https:\/\/viafabrilis.zw.pl\/cs\/wp-json\/wp\/v2\/types\/page"}],"author":[{"embeddable":true,"href":"https:\/\/viafabrilis.zw.pl\/cs\/wp-json\/wp\/v2\/users\/1"}],"replies":[{"embeddable":true,"href":"https:\/\/viafabrilis.zw.pl\/cs\/wp-json\/wp\/v2\/comments?post=8825"}],"version-history":[{"count":1,"href":"https:\/\/viafabrilis.zw.pl\/cs\/wp-json\/wp\/v2\/pages\/8825\/revisions"}],"predecessor-version":[{"id":8826,"href":"https:\/\/viafabrilis.zw.pl\/cs\/wp-json\/wp\/v2\/pages\/8825\/revisions\/8826"}],"wp:attachment":[{"href":"https:\/\/viafabrilis.zw.pl\/cs\/wp-json\/wp\/v2\/media?parent=8825"}],"curies":[{"name":"wp","href":"https:\/\/api.w.org\/{rel}","templated":true}]}}