{"id":8833,"date":"2023-09-14T09:06:28","date_gmt":"2023-09-14T07:06:28","guid":{"rendered":"https:\/\/viafabrilis.zw.pl\/?page_id=8833"},"modified":"2023-09-14T09:08:54","modified_gmt":"2023-09-14T07:08:54","slug":"muzeum-keramiky-v-boleslawici","status":"publish","type":"page","link":"https:\/\/viafabrilis.zw.pl\/cs\/muzeum-keramiky-v-boleslawici\/","title":{"rendered":"Muzeum Keramiky v Boles\u0142awici"},"content":{"rendered":"\n<p>Na po\u010d\u00e1tek roku 2024 je pl\u00e1nov\u00e1no otev\u0159en\u00ed nov\u00fdch prostor Muzea keramiky v historick\u00e9m novogotick\u00e9m Pucklerov\u011b pal\u00e1ci v ulici Zgorzelecka 28\/29, kde se pr\u00e1v\u011b dokon\u010duj\u00ed stavebn\u00ed a adapta\u010dn\u00ed pr\u00e1ce. Do konce roku 2022 s\u00eddlilo Muzeum keramiky v Boles\u0142awci ve dvou budov\u00e1ch na r\u016fzn\u00fdch m\u00edstech v centru m\u011bsta. Odd\u011blen\u00ed keramiky se nach\u00e1zelo v ulici A. Mickiewicza 13 a odd\u011blen\u00ed historie m\u011bsta v ulici M. Kutuzowa 14.<\/p>\n\n\n\n<p>Budova odd\u011blen\u00ed keramiky byla p\u016fvodn\u011b s\u00eddlem M\u011bstsk\u00e9ho muzea v Boles\u0142awci (tehdy Bunzlau), zalo\u017een\u00e9ho v roce 1908. Po druh\u00e9 sv\u011btov\u00e9 v\u00e1lce (a p\u0159evzet\u00ed tohoto \u00fazem\u00ed Polskem) bylo muzeum znovu otev\u0159eno v roce 1950. Ve spolupr\u00e1ci se Slezsk\u00fdm muzeem ve Vratislavi byly p\u0159ipraveny t\u0159i st\u00e1l\u00e9 expozice: archeologick\u00e1, ilustruj\u00edc\u00ed nejstar\u0161\u00ed d\u011bjiny Slezska, expozice lidov\u00e9ho um\u011bn\u00ed oblasti kolem Boles\u0142awce a t\u0159et\u00ed v\u011bnovan\u00e1 keramice v\u010detn\u011b v\u00fdrobn\u00edch technik. V roce 1968 byla instituce p\u0159ejmenov\u00e1na na Muzeum keramiky a z\u00e1rove\u0148 byl p\u0159esn\u011b vymezen profil sb\u00edrek. Ty zahrnovaly materi\u00e1ly vztahuj\u00edc\u00ed se k d\u011bjin\u00e1m Boles\u0142awce a boles\u0142awieck\u00e9ho regionu a k d\u011bjin\u00e1m v\u00fdvoje boles\u0142awieck\u00e9 keramiky. Prezentov\u00e1na byla rovn\u011b\u017e sou\u010dasn\u00e1 keramick\u00e1 plastika od um\u011blc\u016f \u00fa\u010dastn\u00edc\u00edch se boles\u0142awieck\u00fdch keramicko-socha\u0159sk\u00fdch v\u00fdtvarn\u00fdch symp\u00f3zi\u00ed.<\/p>\n\n\n\n<p>V budov\u011b, kde s\u00eddlilo odd\u011blen\u00ed d\u011bjin m\u011bsta, se nach\u00e1zelo Kutuzovovo muzeum, kter\u00e9 v letech 1945 a\u017e 1991 spravovali Rusov\u00e9. V roce 1995 zde byla otev\u0159ena nov\u00e1 \u010d\u00e1st Muzea keramiky.&nbsp; Zpo\u010d\u00e1tku zde byly prezentov\u00e1ny do\u010dasn\u00e9 v\u00fdstavy p\u0159edstavuj\u00edc\u00ed vybran\u00e1 t\u00e9mata z historie m\u011bsta. V srpnu 2009 byla otev\u0159ena st\u00e1l\u00e1 expozice v\u011bnovan\u00e1 historii Boles\u0142awce a regionu. V sou\u010dasn\u00e9 dob\u011b je budova p\u0159estavov\u00e1na na keramickou a hrn\u010d\u00ed\u0159skou d\u00edlnu \u010di ateli\u00e9r, kde budou prob\u00edhat workshopy a praktick\u00e9 kurzy v\u00fdroby a zdoben\u00ed keramiky pro \u00fa\u010dastn\u00edky r\u016fzn\u00fdch \u00farovn\u00ed odbornosti.<\/p>\n\n\n\n<p>Muzeum keramiky v Boles\u0142awci je samospr\u00e1vn\u00e1 kulturn\u00ed instituce s pr\u00e1vn\u00ed subjektivitou, jej\u00edm\u017e z\u0159izovatelem je m\u011bsto Boles\u0142awiec. Obecn\u00fd dohled nad muzeem vykon\u00e1v\u00e1 ministr zodpov\u011bdn\u00fd za kulturu a ochranu n\u00e1rodn\u00edho d\u011bdictv\u00ed a p\u0159\u00edm\u00fd dohled prim\u00e1tor m\u011bsta Boles\u0142awiec.<\/p>\n","protected":false},"excerpt":{"rendered":"<p>Na po\u010d\u00e1tek roku 2024 je pl\u00e1nov\u00e1no otev\u0159en\u00ed nov\u00fdch prostor Muzea keramiky v historick\u00e9m novogotick\u00e9m Pucklerov\u011b pal\u00e1ci v ulici Zgorzelecka 28\/29, kde se pr\u00e1v\u011b dokon\u010duj\u00ed stavebn\u00ed a adapta\u010dn\u00ed pr\u00e1ce. Do konce roku 2022 s\u00eddlilo Muzeum keramiky v Boles\u0142awci ve dvou budov\u00e1ch na r\u016fzn\u00fdch m\u00edstech v centru m\u011bsta. Odd\u011blen\u00ed keramiky se nach\u00e1zelo v ulici A. Mickiewicza 13 [&hellip;]<\/p>\n","protected":false},"author":1,"featured_media":0,"parent":0,"menu_order":0,"comment_status":"closed","ping_status":"closed","template":"","meta":{"footnotes":""},"class_list":["post-8833","page","type-page","status-publish","hentry","entry"],"_links":{"self":[{"href":"https:\/\/viafabrilis.zw.pl\/cs\/wp-json\/wp\/v2\/pages\/8833","targetHints":{"allow":["GET"]}}],"collection":[{"href":"https:\/\/viafabrilis.zw.pl\/cs\/wp-json\/wp\/v2\/pages"}],"about":[{"href":"https:\/\/viafabrilis.zw.pl\/cs\/wp-json\/wp\/v2\/types\/page"}],"author":[{"embeddable":true,"href":"https:\/\/viafabrilis.zw.pl\/cs\/wp-json\/wp\/v2\/users\/1"}],"replies":[{"embeddable":true,"href":"https:\/\/viafabrilis.zw.pl\/cs\/wp-json\/wp\/v2\/comments?post=8833"}],"version-history":[{"count":1,"href":"https:\/\/viafabrilis.zw.pl\/cs\/wp-json\/wp\/v2\/pages\/8833\/revisions"}],"predecessor-version":[{"id":8834,"href":"https:\/\/viafabrilis.zw.pl\/cs\/wp-json\/wp\/v2\/pages\/8833\/revisions\/8834"}],"wp:attachment":[{"href":"https:\/\/viafabrilis.zw.pl\/cs\/wp-json\/wp\/v2\/media?parent=8833"}],"curies":[{"name":"wp","href":"https:\/\/api.w.org\/{rel}","templated":true}]}}