{"id":9173,"date":"2023-09-14T09:12:49","date_gmt":"2023-09-14T07:12:49","guid":{"rendered":"https:\/\/viafabrilis.zw.pl\/?page_id=9173"},"modified":"2024-02-11T11:49:59","modified_gmt":"2024-02-11T10:49:59","slug":"wenkeuv-dum-sidlo-mestskeho-muzea-v-jaromeri-2","status":"publish","type":"page","link":"https:\/\/viafabrilis.zw.pl\/cs\/wenkeuv-dum-sidlo-mestskeho-muzea-v-jaromeri-2\/","title":{"rendered":"Wenke\u016fv d\u016fm, s\u00eddlo M\u011bstsk\u00e9ho muzea v Jarom\u011b\u0159i"},"content":{"rendered":"\t\t<div data-elementor-type=\"wp-page\" data-elementor-id=\"9173\" class=\"elementor elementor-9173\" data-elementor-post-type=\"page\">\n\t\t\t\t\t\t<section class=\"elementor-section elementor-top-section elementor-element elementor-element-44bd1cd4 elementor-section-boxed elementor-section-height-default elementor-section-height-default\" data-id=\"44bd1cd4\" data-element_type=\"section\" data-settings=\"{&quot;jet_parallax_layout_list&quot;:[]}\">\n\t\t\t\t\t\t<div class=\"elementor-container elementor-column-gap-default\">\n\t\t\t\t\t<div class=\"elementor-column elementor-col-100 elementor-top-column elementor-element elementor-element-1aed9e1e\" data-id=\"1aed9e1e\" data-element_type=\"column\">\n\t\t\t<div class=\"elementor-widget-wrap elementor-element-populated\">\n\t\t\t\t\t\t<div class=\"elementor-element elementor-element-128dc428 elementor-widget elementor-widget-text-editor\" data-id=\"128dc428\" data-element_type=\"widget\" data-widget_type=\"text-editor.default\">\n\t\t\t\t<div class=\"elementor-widget-container\">\n\t\t\t\t\t\t\t\t\t<p class=\"p1\">V\u00a0letech 1910 \u2013 1911 byl v\u00a0Jarom\u011b\u0159i postaven na tehdej\u0161\u00ed dobu unik\u00e1tn\u00ed obchodn\u00ed d\u016fm firmy A. Wenke a syn, tzv. Wenke\u016fv d\u016fm, dnes s\u00eddlo M\u011bstsk\u00e9ho muzea v\u00a0Jarom\u011b\u0159i.<\/p>\n<p class=\"p1\">Firma Alberta Wenkeho vznikla v\u00a0roce 1882, kdy A. Wenke obdr\u017eel povolen\u00ed k\u00a0provozov\u00e1n\u00ed mozaick\u00e9 \u017eivnosti v\u00a0Jarom\u011b\u0159i. K\u00a0v\u00fdrob\u011b velmi specifick\u00e9ho a origin\u00e1ln\u00edho mu\u0161lov\u00e9ho zbo\u017e\u00ed a ozdobn\u00e9 karton\u00e1\u017ee se postupn\u011b p\u0159idal i prodej galanterie.<\/p>\n<p class=\"p1\">V\u00a0roce 1905 um\u00edr\u00e1 zakladatel firmy pan Albert Wenke a obchod po n\u011bm p\u0159eb\u00edr\u00e1 jeho syn Josef. Ten i nad\u00e1le pokra\u010duje ve v\u00fdrob\u011b mu\u0161lov\u00e9ho zbo\u017e\u00ed a karton\u00e1\u017ee a nad\u00e1le roz\u0161i\u0159uje i prodej galantern\u00edho zbo\u017e\u00ed. Sou\u010dasn\u011b si v\u0161ak uv\u011bdomuje, \u017ee st\u00e1vaj\u00edc\u00ed obchod by bylo pot\u0159eba roz\u0161\u00ed\u0159it a tak\u00e9 zv\u00fd\u0161it komfort\u00a0z\u00e1kazn\u00edk\u016fm. Proto obj\u00ed\u017ed\u00ed obchodn\u00ed centra ve velk\u00fdch \u010desk\u00fdch m\u011bstech, ale tak\u00e9 ve V\u00eddni nebo v\u00a0Dr\u00e1\u017e\u010fanech. Josef sv\u00e9 vize od roku 1908 konzultoval se zku\u0161en\u00fdmi provozovateli obchodn\u00edch dom\u016f.<\/p>\n<p class=\"p1\">V\u00a0roce 1909 zakoupil volnou parcelu mezi domy \u010dp. 81 a \u010dp. 91 s\u00a0pl\u00e1nem vybudovat zde modern\u00ed obchodn\u00ed d\u016fm, kter\u00fd nab\u00eddne komfort jak kupuj\u00edc\u00edm, tak i zam\u011bstnanc\u016fm. Po\u010d\u00e1tkem roku 1910 z\u00edskal dva stavebn\u00ed n\u00e1vrhy od m\u00edstn\u00edho stavitele a z\u00e1rove\u0148 sv\u00e9ho \u0161vagra Josefa M\u00e1\u0161i. V\u00a0dubnu pak byl osloven tak\u00e9 p\u0159izv\u00e1n ke spolupr\u00e1ci tehdy t\u0159icetilet\u00fd Josef Go\u010d\u00e1r (1880\u20131945), jen\u017e ovlivnil z\u00e1sadn\u011b podobu nov\u00e9ho domu.<\/p>\n<p class=\"p1\">Slavnostn\u00ed kolaudace a otev\u0159en\u00ed novostavby se konalo 4. kv\u011btna 1911. V\u00a0dobov\u00e9 bro\u017eu\u0159e, kter\u00e1 byla u p\u0159\u00edle\u017eitosti otev\u0159en\u00ed vyd\u00e1na, se p\u00ed\u0161e: \u201eFasady a architektonickou \u00fapravu a v\u00fdpravu vnit\u0159ku z\u00e1rove\u0148 s\u00a0n\u00e1kresy na n\u00e1bytek a lustr projektoval arch. Jo\u017ea Go\u010d\u00e1r z\u00a0Prahy a pod jeho dozorem pr\u00e1ce ty se konaly. Dosud jen velmi m\u00e1lo z\u00e1vod\u016f, kde by pracoval spole\u010dn\u011b architekt a stavitel se \u0161\u00e9fem, aby stavba vyhov\u011bla v\u0161em po\u017eadavk\u016fm modern\u00edch sm\u011br\u016f architektonick\u00fdch a stavitelsk\u00fdch a p\u0159itom vyhov\u011bla v\u0161em praktick\u00fdm str\u00e1nk\u00e1m obchodu.\u201c<\/p>\n<p class=\"p1\">Prodejn\u00ed sortiment obchodn\u00edho dome A. Wenke a syn se roz\u0161\u00ed\u0159il o prodej obuvi (zastoupen\u00ed firmy Ba\u0165a), dom\u00e1c\u00ed pot\u0159eby, \u017eelez\u00e1\u0159sk\u00e9 zbo\u017e\u00ed, hra\u010dky, pap\u00edrensk\u00e9ho zbo\u017e\u00ed, ko\u010d\u00e1rk\u016f a dal\u0161\u00edho vybaven\u00ed dom\u00e1cnost\u00ed. V\u00a0zadn\u00ed \u010d\u00e1sti nov\u00e9 budovy tak\u00e9 vznikl autosalon, kde byly nab\u00edzeny automobily zna\u010dky Aero a tak\u00e9 motocykly Indian.<\/p>\n<p class=\"p1\">Unik\u00e1tem v\u00a0dom\u011b je tak\u00e9 p\u016fvodn\u00ed zrekonstruovan\u00fd a provozu schopn\u00fd v\u00fdtah, kter\u00fd slou\u017eil k\u00a0doprav\u011b zbo\u017e\u00ed i z\u00e1kazn\u00edk\u016f do prvn\u00edho a druh\u00e9ho patra budovy.<\/p>\t\t\t\t\t\t\t\t<\/div>\n\t\t\t\t<\/div>\n\t\t\t\t\t<\/div>\n\t\t<\/div>\n\t\t\t\t\t<\/div>\n\t\t<\/section>\n\t\t\t\t<section class=\"elementor-section elementor-top-section elementor-element elementor-element-c33eec6 elementor-section-boxed elementor-section-height-default elementor-section-height-default\" data-id=\"c33eec6\" data-element_type=\"section\" data-settings=\"{&quot;jet_parallax_layout_list&quot;:[]}\">\n\t\t\t\t\t\t<div class=\"elementor-container elementor-column-gap-default\">\n\t\t\t\t\t<div class=\"elementor-column elementor-col-100 elementor-top-column elementor-element elementor-element-9d3f4a7\" data-id=\"9d3f4a7\" data-element_type=\"column\">\n\t\t\t<div class=\"elementor-widget-wrap elementor-element-populated\">\n\t\t\t\t\t\t<div class=\"elementor-element elementor-element-9ba772a gallery-spacing-custom elementor-widget elementor-widget-image-gallery\" data-id=\"9ba772a\" data-element_type=\"widget\" data-widget_type=\"image-gallery.default\">\n\t\t\t\t<div class=\"elementor-widget-container\">\n\t\t\t\t\t\t\t<div class=\"elementor-image-gallery\">\n\t\t\t<div id='gallery-1' class='gallery galleryid-9173 gallery-columns-4 gallery-size-post-thumbnail'><figure class='gallery-item'>\n\t\t\t<div class='gallery-icon landscape'>\n\t\t\t\t<a data-elementor-open-lightbox=\"yes\" data-elementor-lightbox-slideshow=\"9ba772a\" data-elementor-lightbox-title=\"04(1)\" data-e-action-hash=\"#elementor-action%3Aaction%3Dlightbox%26settings%3DeyJpZCI6OTE0MywidXJsIjoiaHR0cHM6XC9cL3ZpYWZhYnJpbGlzLnp3LnBsXC93cC1jb250ZW50XC91cGxvYWRzXC8yMDIzXC8wOVwvMDQxLmpwZyIsInNsaWRlc2hvdyI6IjliYTc3MmEifQ%3D%3D\" href='https:\/\/viafabrilis.zw.pl\/wp-content\/uploads\/2023\/09\/041.jpg'><img fetchpriority=\"high\" decoding=\"async\" width=\"370\" height=\"265\" src=\"https:\/\/viafabrilis.zw.pl\/wp-content\/uploads\/2023\/09\/041-370x265.jpg\" class=\"attachment-post-thumbnail size-post-thumbnail\" alt=\"\" srcset=\"https:\/\/viafabrilis.zw.pl\/wp-content\/uploads\/2023\/09\/041-370x265.jpg 370w, https:\/\/viafabrilis.zw.pl\/wp-content\/uploads\/2023\/09\/041-300x216.jpg 300w, https:\/\/viafabrilis.zw.pl\/wp-content\/uploads\/2023\/09\/041-768x553.jpg 768w, https:\/\/viafabrilis.zw.pl\/wp-content\/uploads\/2023\/09\/041-600x432.jpg 600w, https:\/\/viafabrilis.zw.pl\/wp-content\/uploads\/2023\/09\/041.jpg 800w\" sizes=\"(max-width: 370px) 100vw, 370px\" \/><\/a>\n\t\t\t<\/div><\/figure><figure class='gallery-item'>\n\t\t\t<div class='gallery-icon landscape'>\n\t\t\t\t<a data-elementor-open-lightbox=\"yes\" data-elementor-lightbox-slideshow=\"9ba772a\" data-elementor-lightbox-title=\"05\" data-e-action-hash=\"#elementor-action%3Aaction%3Dlightbox%26settings%3DeyJpZCI6OTE0NywidXJsIjoiaHR0cHM6XC9cL3ZpYWZhYnJpbGlzLnp3LnBsXC93cC1jb250ZW50XC91cGxvYWRzXC8yMDIzXC8wOVwvMDUuanBnIiwic2xpZGVzaG93IjoiOWJhNzcyYSJ9\" href='https:\/\/viafabrilis.zw.pl\/wp-content\/uploads\/2023\/09\/05.jpg'><img decoding=\"async\" width=\"370\" height=\"265\" src=\"https:\/\/viafabrilis.zw.pl\/wp-content\/uploads\/2023\/09\/05-370x265.jpg\" class=\"attachment-post-thumbnail size-post-thumbnail\" alt=\"\" \/><\/a>\n\t\t\t<\/div><\/figure><figure class='gallery-item'>\n\t\t\t<div class='gallery-icon landscape'>\n\t\t\t\t<a data-elementor-open-lightbox=\"yes\" data-elementor-lightbox-slideshow=\"9ba772a\" data-elementor-lightbox-title=\"6\" data-e-action-hash=\"#elementor-action%3Aaction%3Dlightbox%26settings%3DeyJpZCI6OTE1MSwidXJsIjoiaHR0cHM6XC9cL3ZpYWZhYnJpbGlzLnp3LnBsXC93cC1jb250ZW50XC91cGxvYWRzXC8yMDIzXC8wOVwvNi5qcGciLCJzbGlkZXNob3ciOiI5YmE3NzJhIn0%3D\" href='https:\/\/viafabrilis.zw.pl\/wp-content\/uploads\/2023\/09\/6.jpg'><img decoding=\"async\" width=\"370\" height=\"265\" src=\"https:\/\/viafabrilis.zw.pl\/wp-content\/uploads\/2023\/09\/6-370x265.jpg\" class=\"attachment-post-thumbnail size-post-thumbnail\" alt=\"\" \/><\/a>\n\t\t\t<\/div><\/figure><figure class='gallery-item'>\n\t\t\t<div class='gallery-icon landscape'>\n\t\t\t\t<a data-elementor-open-lightbox=\"yes\" data-elementor-lightbox-slideshow=\"9ba772a\" data-elementor-lightbox-title=\"15\" data-e-action-hash=\"#elementor-action%3Aaction%3Dlightbox%26settings%3DeyJpZCI6OTE1NSwidXJsIjoiaHR0cHM6XC9cL3ZpYWZhYnJpbGlzLnp3LnBsXC93cC1jb250ZW50XC91cGxvYWRzXC8yMDIzXC8wOVwvMTUuanBnIiwic2xpZGVzaG93IjoiOWJhNzcyYSJ9\" href='https:\/\/viafabrilis.zw.pl\/wp-content\/uploads\/2023\/09\/15.jpg'><img loading=\"lazy\" decoding=\"async\" width=\"370\" height=\"265\" src=\"https:\/\/viafabrilis.zw.pl\/wp-content\/uploads\/2023\/09\/15-370x265.jpg\" class=\"attachment-post-thumbnail size-post-thumbnail\" alt=\"\" \/><\/a>\n\t\t\t<\/div><\/figure><figure class='gallery-item'>\n\t\t\t<div class='gallery-icon landscape'>\n\t\t\t\t<a data-elementor-open-lightbox=\"yes\" data-elementor-lightbox-slideshow=\"9ba772a\" data-elementor-lightbox-title=\"16\" data-e-action-hash=\"#elementor-action%3Aaction%3Dlightbox%26settings%3DeyJpZCI6OTE1OSwidXJsIjoiaHR0cHM6XC9cL3ZpYWZhYnJpbGlzLnp3LnBsXC93cC1jb250ZW50XC91cGxvYWRzXC8yMDIzXC8wOVwvMTYuanBnIiwic2xpZGVzaG93IjoiOWJhNzcyYSJ9\" href='https:\/\/viafabrilis.zw.pl\/wp-content\/uploads\/2023\/09\/16.jpg'><img loading=\"lazy\" decoding=\"async\" width=\"370\" height=\"265\" src=\"https:\/\/viafabrilis.zw.pl\/wp-content\/uploads\/2023\/09\/16-370x265.jpg\" class=\"attachment-post-thumbnail size-post-thumbnail\" alt=\"\" \/><\/a>\n\t\t\t<\/div><\/figure><figure class='gallery-item'>\n\t\t\t<div class='gallery-icon landscape'>\n\t\t\t\t<a data-elementor-open-lightbox=\"yes\" data-elementor-lightbox-slideshow=\"9ba772a\" data-elementor-lightbox-title=\"Muzeum Jr\u030c - rega\u0301l\" data-e-action-hash=\"#elementor-action%3Aaction%3Dlightbox%26settings%3DeyJpZCI6OTE2MywidXJsIjoiaHR0cHM6XC9cL3ZpYWZhYnJpbGlzLnp3LnBsXC93cC1jb250ZW50XC91cGxvYWRzXC8yMDIzXC8wOVwvTXV6ZXVtLUpyLXJlZ2FsLmpwZyIsInNsaWRlc2hvdyI6IjliYTc3MmEifQ%3D%3D\" href='https:\/\/viafabrilis.zw.pl\/wp-content\/uploads\/2023\/09\/Muzeum-Jr-regal.jpg'><img loading=\"lazy\" decoding=\"async\" width=\"370\" height=\"265\" src=\"https:\/\/viafabrilis.zw.pl\/wp-content\/uploads\/2023\/09\/Muzeum-Jr-regal-370x265.jpg\" class=\"attachment-post-thumbnail size-post-thumbnail\" alt=\"\" \/><\/a>\n\t\t\t<\/div><\/figure>\n\t\t<\/div>\n\t\t<\/div>\n\t\t\t\t\t\t<\/div>\n\t\t\t\t<\/div>\n\t\t\t\t\t<\/div>\n\t\t<\/div>\n\t\t\t\t\t<\/div>\n\t\t<\/section>\n\t\t\t\t<\/div>\n\t\t","protected":false},"excerpt":{"rendered":"<p>V\u00a0letech 1910 \u2013 1911 byl v\u00a0Jarom\u011b\u0159i postaven na tehdej\u0161\u00ed dobu unik\u00e1tn\u00ed obchodn\u00ed d\u016fm firmy A. Wenke a syn, tzv. Wenke\u016fv d\u016fm, dnes s\u00eddlo M\u011bstsk\u00e9ho muzea v\u00a0Jarom\u011b\u0159i. Firma Alberta Wenkeho vznikla v\u00a0roce 1882, kdy A. Wenke obdr\u017eel povolen\u00ed k\u00a0provozov\u00e1n\u00ed mozaick\u00e9 \u017eivnosti v\u00a0Jarom\u011b\u0159i. K\u00a0v\u00fdrob\u011b velmi specifick\u00e9ho a origin\u00e1ln\u00edho mu\u0161lov\u00e9ho zbo\u017e\u00ed a ozdobn\u00e9 karton\u00e1\u017ee se postupn\u011b p\u0159idal i [&hellip;]<\/p>\n","protected":false},"author":1,"featured_media":0,"parent":0,"menu_order":0,"comment_status":"closed","ping_status":"closed","template":"","meta":{"footnotes":""},"class_list":["post-9173","page","type-page","status-publish","hentry","entry"],"_links":{"self":[{"href":"https:\/\/viafabrilis.zw.pl\/cs\/wp-json\/wp\/v2\/pages\/9173","targetHints":{"allow":["GET"]}}],"collection":[{"href":"https:\/\/viafabrilis.zw.pl\/cs\/wp-json\/wp\/v2\/pages"}],"about":[{"href":"https:\/\/viafabrilis.zw.pl\/cs\/wp-json\/wp\/v2\/types\/page"}],"author":[{"embeddable":true,"href":"https:\/\/viafabrilis.zw.pl\/cs\/wp-json\/wp\/v2\/users\/1"}],"replies":[{"embeddable":true,"href":"https:\/\/viafabrilis.zw.pl\/cs\/wp-json\/wp\/v2\/comments?post=9173"}],"version-history":[{"count":4,"href":"https:\/\/viafabrilis.zw.pl\/cs\/wp-json\/wp\/v2\/pages\/9173\/revisions"}],"predecessor-version":[{"id":9183,"href":"https:\/\/viafabrilis.zw.pl\/cs\/wp-json\/wp\/v2\/pages\/9173\/revisions\/9183"}],"wp:attachment":[{"href":"https:\/\/viafabrilis.zw.pl\/cs\/wp-json\/wp\/v2\/media?parent=9173"}],"curies":[{"name":"wp","href":"https:\/\/api.w.org\/{rel}","templated":true}]}}