{"id":3222,"date":"2023-07-13T12:58:14","date_gmt":"2023-07-13T10:58:14","guid":{"rendered":"https:\/\/viafabrilis.zw.pl\/?page_id=3222"},"modified":"2023-07-20T11:46:24","modified_gmt":"2023-07-20T09:46:24","slug":"jaromer-2","status":"publish","type":"page","link":"https:\/\/viafabrilis.zw.pl\/de\/jaromer-2\/","title":{"rendered":"Jarom\u011b\u0159"},"content":{"rendered":"\n<p>Jarom\u011b\u0159 liegt in der Region K\u00f6niggr\u00e4tz, in 120 km Entfernung von Prag. Die am Zusammenfluss der drei Fl\u00fcsse Elbe, \u00dapa und Metuje gelegene Stadt ist ein wichtiger Stra\u00dfen- und Eisenbahnknotenpunkt. Sie geh\u00f6rt zu den \u00e4ltesten tschechischen St\u00e4dten und tr\u00e4gt den Namen \u201ePark- und Gartenstadt\u201c. Im Zentrum der historischen Altstadt erbaute einst der P\u0159emyslidenf\u00fcrst Jarom\u00edr Anfang des 11. Jahrhunderts eine befestigte Siedlung. Im Mittelalter sch\u00fctzte eine gewaltige Stadtmauer die Stadt, es bewahrte sie jedoch nicht vor der Zerst\u00f6rung w\u00e4hrend der hussitischen Kriege. Ein weiterer Tiefschlag kam gegen Ende des Drei\u00dfigj\u00e4hrigen Krieges, als die Stadt fast ihre gesamte Einwohnerschaft einb\u00fc\u00dfte. In den folgenden Jahrhunderten bl\u00fchte Jarom\u011b\u0159 auf, bedingt u.a. durch den Bau der Festung Josefstadt und einer Eisenbahnlinie (1857-59). Von der einstigen Bl\u00fcte zeugen heute zahlreiche Bauten und Denkm\u00e4ler.<\/p>\n\n\n\n<p>Als Folge der Schlesischen Kriege (1740-63) b\u00fc\u00dften die Habsburger einen gro\u00dfen Teil Schlesiens und des Glatzer Landes zusammen mit den dort befindlichen Festungen ein. Das aufstrebende Preu\u00dfen drohte mit weiterer Expansion. F\u00fcr die Verteidigung B\u00f6hmens sollten zwei neue Festungen sorgen: Josefstadt und Theresienstadt. Am 3. Oktober 1780 legte Kaiser Joseph II den Grundstein f\u00fcr die neue Festung Josefstadt, die nach sieben Jahren beendet und dem Milit\u00e4r \u00fcbergeben wurde. Sie war jedoch nie Ort von Kampfhandlungen. W\u00e4hrend des ersten Weltkrieges wurden hier russische Gefangene gehalten, w\u00e4hrend des zweiten Weltkrieges stationierten hier Wehrmacht-Einheiten und Regierungstruppen. 1948 erfolgte die Eingemeindung der Festungsstadt Josefov nach Jarom\u011b\u0159. 1968 betraten Soldaten der Sowjetarmee die Festung; sie besetzten das Milit\u00e4rkrankenhaus und andere Geb\u00e4ude und blieben bis 1991.<\/p>\n","protected":false},"excerpt":{"rendered":"<p>Jarom\u011b\u0159 liegt in der Region K\u00f6niggr\u00e4tz, in 120 km Entfernung von Prag. Die am Zusammenfluss der drei Fl\u00fcsse Elbe, \u00dapa und Metuje gelegene Stadt ist ein wichtiger Stra\u00dfen- und Eisenbahnknotenpunkt. Sie geh\u00f6rt zu den \u00e4ltesten tschechischen St\u00e4dten und tr\u00e4gt den Namen \u201ePark- und Gartenstadt\u201c. Im Zentrum der historischen Altstadt erbaute einst der P\u0159emyslidenf\u00fcrst Jarom\u00edr Anfang [&hellip;]<\/p>\n","protected":false},"author":1,"featured_media":0,"parent":0,"menu_order":0,"comment_status":"closed","ping_status":"closed","template":"","meta":{"footnotes":""},"class_list":["post-3222","page","type-page","status-publish","hentry","entry"],"_links":{"self":[{"href":"https:\/\/viafabrilis.zw.pl\/de\/wp-json\/wp\/v2\/pages\/3222","targetHints":{"allow":["GET"]}}],"collection":[{"href":"https:\/\/viafabrilis.zw.pl\/de\/wp-json\/wp\/v2\/pages"}],"about":[{"href":"https:\/\/viafabrilis.zw.pl\/de\/wp-json\/wp\/v2\/types\/page"}],"author":[{"embeddable":true,"href":"https:\/\/viafabrilis.zw.pl\/de\/wp-json\/wp\/v2\/users\/1"}],"replies":[{"embeddable":true,"href":"https:\/\/viafabrilis.zw.pl\/de\/wp-json\/wp\/v2\/comments?post=3222"}],"version-history":[{"count":1,"href":"https:\/\/viafabrilis.zw.pl\/de\/wp-json\/wp\/v2\/pages\/3222\/revisions"}],"predecessor-version":[{"id":3223,"href":"https:\/\/viafabrilis.zw.pl\/de\/wp-json\/wp\/v2\/pages\/3222\/revisions\/3223"}],"wp:attachment":[{"href":"https:\/\/viafabrilis.zw.pl\/de\/wp-json\/wp\/v2\/media?parent=3222"}],"curies":[{"name":"wp","href":"https:\/\/api.w.org\/{rel}","templated":true}]}}