{"id":3307,"date":"2023-07-13T15:27:03","date_gmt":"2023-07-13T13:27:03","guid":{"rendered":"https:\/\/viafabrilis.zw.pl\/?page_id=3307"},"modified":"2024-02-10T16:34:49","modified_gmt":"2024-02-10T15:34:49","slug":"umgebindehaus-konik","status":"publish","type":"page","link":"https:\/\/viafabrilis.zw.pl\/de\/umgebindehaus-konik\/","title":{"rendered":"Umgebindehaus \u201eKon\u00edk\u201d"},"content":{"rendered":"\t\t<div data-elementor-type=\"wp-page\" data-elementor-id=\"3307\" class=\"elementor elementor-3307\" data-elementor-post-type=\"page\">\n\t\t\t\t\t\t<section class=\"elementor-section elementor-top-section elementor-element elementor-element-1fc545e elementor-section-boxed elementor-section-height-default elementor-section-height-default\" data-id=\"1fc545e\" data-element_type=\"section\" data-settings=\"{&quot;jet_parallax_layout_list&quot;:[]}\">\n\t\t\t\t\t\t<div class=\"elementor-container elementor-column-gap-default\">\n\t\t\t\t\t<div class=\"elementor-column elementor-col-50 elementor-top-column elementor-element elementor-element-6e59cfe\" data-id=\"6e59cfe\" data-element_type=\"column\">\n\t\t\t<div class=\"elementor-widget-wrap elementor-element-populated\">\n\t\t\t\t\t\t<div class=\"elementor-element elementor-element-adff552 elementor-widget elementor-widget-text-editor\" data-id=\"adff552\" data-element_type=\"widget\" data-widget_type=\"text-editor.default\">\n\t\t\t\t<div class=\"elementor-widget-container\">\n\t\t\t\t\t\t\t\t\t<p dir=\"ltr\" style=\"line-height: 1.3800000000000001; text-align: center; margin-top: 0pt; margin-bottom: 0pt;\"><span style=\"font-size: 12pt; font-family: 'Times New Roman'; color: #ff0000; background-color: transparent; font-weight: bold; font-style: normal; font-variant: normal; text-decoration: none; vertical-align: baseline; white-space: pre-wrap;\">Das Geb\u00e4ude ist nicht \u00f6ffentlich zug\u00e4nglich<\/span><\/p><p><b id=\"docs-internal-guid-fb909847-7fff-a721-00e8-0e537a991537\" style=\"font-weight: normal;\">\u00a0<\/b><\/p><p dir=\"ltr\" style=\"line-height: 1.3800000000000001; text-align: center; margin-top: 0pt; margin-bottom: 0pt;\"><span style=\"font-size: 12pt; font-family: 'Times New Roman'; color: #222222; background-color: transparent; font-weight: 400; font-style: normal; font-variant: normal; text-decoration: none; vertical-align: baseline; white-space: pre-wrap;\">\u017ditavska 215<\/span><\/p><p dir=\"ltr\" style=\"line-height: 1.3800000000000001; text-align: center; margin-top: 0pt; margin-bottom: 0pt;\"><span style=\"font-size: 12pt; font-family: 'Times New Roman'; color: #222222; background-color: transparent; font-weight: 400; font-style: normal; font-variant: normal; text-decoration: none; vertical-align: baseline; white-space: pre-wrap;\">CZE-463 34 Hr\u00e1dek nad Nisou,<\/span><\/p><p dir=\"ltr\" style=\"line-height: 1.3800000000000001; text-align: center; margin-top: 0pt; margin-bottom: 0pt;\"><span style=\"font-size: 12pt; font-family: 'Times New Roman'; color: #222222; background-color: transparent; font-weight: 400; font-style: normal; font-variant: normal; text-decoration: none; vertical-align: baseline; white-space: pre-wrap;\">Eel.: +420 482 411 400,<\/span><\/p><p dir=\"ltr\" style=\"line-height: 1.3800000000000001; text-align: center; margin-top: 0pt; margin-bottom: 0pt;\"><span style=\"font-size: 12pt; font-family: 'Times New Roman'; color: #222222; background-color: transparent; font-weight: 400; font-style: normal; font-variant: normal; text-decoration: none; vertical-align: baseline; white-space: pre-wrap;\">E-Mail: <\/span><span style=\"font-size: 12pt; font-family: 'Times New Roman'; color: #1155cc; background-color: transparent; font-weight: 400; font-style: normal; font-variant: normal; text-decoration: none; vertical-align: baseline; white-space: pre-wrap;\">podatelna@muhradek.cz<\/span><span style=\"font-size: 12pt; font-family: 'Times New Roman'; color: #222222; background-color: transparent; font-weight: 400; font-style: normal; font-variant: normal; text-decoration: none; vertical-align: baseline; white-space: pre-wrap;\">,<\/span><\/p><p>\u00a0<\/p><p dir=\"ltr\" style=\"line-height: 1.3800000000000001; text-align: center; margin-top: 0pt; margin-bottom: 0pt;\"><a style=\"text-decoration: none;\" href=\"http:\/\/www.hradek.eu\/\"><span style=\"font-size: 12pt; font-family: 'Times New Roman'; color: #1155cc; background-color: transparent; font-weight: 400; font-style: normal; font-variant: normal; text-decoration: underline; -webkit-text-decoration-skip: none; text-decoration-skip-ink: none; vertical-align: baseline; white-space: pre-wrap;\">www.hradek.eu<\/span><\/a><\/p><div>\u00a0<\/div>\t\t\t\t\t\t\t\t<\/div>\n\t\t\t\t<\/div>\n\t\t\t\t\t<\/div>\n\t\t<\/div>\n\t\t\t\t<div class=\"elementor-column elementor-col-50 elementor-top-column elementor-element elementor-element-73604a6\" data-id=\"73604a6\" data-element_type=\"column\">\n\t\t\t<div class=\"elementor-widget-wrap elementor-element-populated\">\n\t\t\t\t\t\t<div class=\"elementor-element elementor-element-a16f1e1 elementor-widget__width-initial elementor-widget elementor-widget-image\" data-id=\"a16f1e1\" data-element_type=\"widget\" data-widget_type=\"image.default\">\n\t\t\t\t<div class=\"elementor-widget-container\">\n\t\t\t\t\t\t\t\t\t\t\t\t\t\t\t<img fetchpriority=\"high\" decoding=\"async\" width=\"1024\" height=\"682\" src=\"https:\/\/viafabrilis.zw.pl\/wp-content\/uploads\/2023\/07\/1-Podstavkovy-dum-Konik-1024x682.jpg\" class=\"attachment-large size-large wp-image-3239\" alt=\"\" srcset=\"https:\/\/viafabrilis.zw.pl\/wp-content\/uploads\/2023\/07\/1-Podstavkovy-dum-Konik-1024x682.jpg 1024w, https:\/\/viafabrilis.zw.pl\/wp-content\/uploads\/2023\/07\/1-Podstavkovy-dum-Konik-300x200.jpg 300w, https:\/\/viafabrilis.zw.pl\/wp-content\/uploads\/2023\/07\/1-Podstavkovy-dum-Konik-768x512.jpg 768w, https:\/\/viafabrilis.zw.pl\/wp-content\/uploads\/2023\/07\/1-Podstavkovy-dum-Konik-1536x1024.jpg 1536w, https:\/\/viafabrilis.zw.pl\/wp-content\/uploads\/2023\/07\/1-Podstavkovy-dum-Konik-600x400.jpg 600w, https:\/\/viafabrilis.zw.pl\/wp-content\/uploads\/2023\/07\/1-Podstavkovy-dum-Konik.jpg 2000w\" sizes=\"(max-width: 1024px) 100vw, 1024px\" \/>\t\t\t\t\t\t\t\t\t\t\t\t\t\t\t<\/div>\n\t\t\t\t<\/div>\n\t\t\t\t\t<\/div>\n\t\t<\/div>\n\t\t\t\t\t<\/div>\n\t\t<\/section>\n\t\t\t\t<section class=\"elementor-section elementor-top-section elementor-element elementor-element-37dd754c elementor-section-boxed elementor-section-height-default elementor-section-height-default\" data-id=\"37dd754c\" data-element_type=\"section\" data-settings=\"{&quot;jet_parallax_layout_list&quot;:[]}\">\n\t\t\t\t\t\t<div class=\"elementor-container elementor-column-gap-default\">\n\t\t\t\t\t<div class=\"elementor-column elementor-col-100 elementor-top-column elementor-element elementor-element-4cce4dae\" data-id=\"4cce4dae\" data-element_type=\"column\">\n\t\t\t<div class=\"elementor-widget-wrap elementor-element-populated\">\n\t\t\t\t\t\t<div class=\"elementor-element elementor-element-5b3d1423 elementor-widget elementor-widget-text-editor\" data-id=\"5b3d1423\" data-element_type=\"widget\" data-widget_type=\"text-editor.default\">\n\t\t\t\t<div class=\"elementor-widget-container\">\n\t\t\t\t\t\t\t\t\t<p dir=\"ltr\" style=\"line-height:1.3800000000000001;margin-top:5pt;margin-bottom:0pt;\"><span style=\"font-size:12pt;font-family:'Times New Roman';color:#222222;background-color:transparent;font-weight:400;font-style:normal;font-variant:normal;text-decoration:none;vertical-align:baseline;white-space:pre;white-space:pre-wrap;\">Das Haus \u201eKon\u00edk\u201d ist ein Umgebindehaus, ein besonderer Haustyp, der in den Regionen Oberlausitz und Nordb\u00f6hmen anzutreffen ist. Historische Postkarten zeigen, dass diese H\u00e4user das Stadtbild von Hr\u00e1dek nad Nisou in der Vergangenheit gepr\u00e4gt haben. Heute geh\u00f6rt es zu den wenigen im Ort erhaltenen Beispielen dieser Bauweise. Es befindet sich an der \u017ditavska-Stra\u00dfe, unter der Hausnummer 215. Der ungew\u00f6hnliche Name stammt vom Namen des letzten Hauseigent\u00fcmers P. Kon\u00edk.<\/span><\/p><p dir=\"ltr\" style=\"line-height:1.3800000000000001;margin-top:5pt;margin-bottom:0pt;\"><span style=\"font-size:12pt;font-family:'Times New Roman';color:#222222;background-color:transparent;font-weight:400;font-style:normal;font-variant:normal;text-decoration:none;vertical-align:baseline;white-space:pre;white-space:pre-wrap;\">Die erste Etage wurde in Fachwerkbauweise errichtet und wird zusammen mit dem Dach durch ein h\u00f6lzernes St\u00fctzensystem getragen. Das vordere Erdgeschoss bestimmen eine Blockstube und ein Flur. Der dahinter liegende Teil wurde untypischerweise im Fachwerk errichtet und umfasst zwei weitere R\u00e4ume. Im hinteren Bereich des Flurs befand sich urspr\u00fcnglich eine Schwarzk\u00fcche. Das Geb\u00e4ude verf\u00fcgt \u00fcber ein Kr\u00fcppelwalmdach und verbretterte Giebel.<\/span><\/p><p dir=\"ltr\" style=\"line-height:1.3800000000000001;margin-top:5pt;margin-bottom:0pt;\"><span style=\"font-size:12pt;font-family:'Times New Roman';color:#222222;background-color:transparent;font-weight:400;font-style:normal;font-variant:normal;text-decoration:none;vertical-align:baseline;white-space:pre;white-space:pre-wrap;\">Dendrochronologische Untersuchungen und eine auf einem der Deckenbalken erhaltene Jahreszahl bezeugen, dass das Haus 1812 erbaut wurde, in einer Zeit, in der viele andere Umgebindeh\u00e4user in der Stadt entstanden sind. Das Geb\u00e4ude ist st\u00e4dtisches Eigentum. W\u00e4hrend der ersten Sanierungsphase 2014 wurde die urspr\u00fcngliche Substanz aus dem 19. Jh. gerettet sowie mit traditionellen Handwerksmethoden und originalen Elementen erg\u00e4nzt. 2018 erfolgte die endg\u00fcltige Wiederherstellung der Innen- und Au\u00dfenfassade.&nbsp;<\/span><\/p><p dir=\"ltr\" style=\"line-height:1.3800000000000001;margin-top:5pt;margin-bottom:0pt;\"><span style=\"font-size:12pt;font-family:'Times New Roman';color:#222222;background-color:transparent;font-weight:400;font-style:normal;font-variant:normal;text-decoration:none;vertical-align:baseline;white-space:pre;white-space:pre-wrap;\">Der Wiederaufbau des Hauses kann durchaus als Beispiel f\u00fcr eine gelungene Sanierung f\u00fcr Eigent\u00fcmer von Umgebindeh\u00e4usern dienen.&nbsp;<\/span><\/p><p><span id=\"docs-internal-guid-8d732081-7fff-0e35-437a-f6ed6a35f419\"><\/span><\/p><p dir=\"ltr\" style=\"line-height:1.295;margin-top:0pt;margin-bottom:8pt;\"><span style=\"font-size:12pt;font-family:'Times New Roman';color:#222222;background-color:transparent;font-weight:400;font-style:normal;font-variant:normal;text-decoration:none;vertical-align:baseline;white-space:pre;white-space:pre-wrap;\">Das haus wird zurzeit vom Verein \u201eKlub der Tschechischen Touristen\u201d genutzt; dort werden Handwerk-Workshops durchgef\u00fchrt.&nbsp;<\/span><\/p>\t\t\t\t\t\t\t\t<\/div>\n\t\t\t\t<\/div>\n\t\t\t\t\t<\/div>\n\t\t<\/div>\n\t\t\t\t\t<\/div>\n\t\t<\/section>\n\t\t\t\t<section class=\"elementor-section elementor-top-section elementor-element elementor-element-7ec56b8 elementor-section-boxed elementor-section-height-default elementor-section-height-default\" data-id=\"7ec56b8\" data-element_type=\"section\" data-settings=\"{&quot;jet_parallax_layout_list&quot;:[]}\">\n\t\t\t\t\t\t<div class=\"elementor-container elementor-column-gap-default\">\n\t\t\t\t\t<div class=\"elementor-column elementor-col-100 elementor-top-column elementor-element elementor-element-61a126e\" data-id=\"61a126e\" data-element_type=\"column\">\n\t\t\t<div class=\"elementor-widget-wrap elementor-element-populated\">\n\t\t\t\t\t\t<div class=\"elementor-element elementor-element-1d44494 elementor-widget elementor-widget-image-gallery\" data-id=\"1d44494\" data-element_type=\"widget\" data-widget_type=\"image-gallery.default\">\n\t\t\t\t<div class=\"elementor-widget-container\">\n\t\t\t\t\t\t\t<div class=\"elementor-image-gallery\">\n\t\t\t<div id='gallery-1' class='gallery galleryid-3307 gallery-columns-4 gallery-size-monstroid2-thumb-justify'><figure class='gallery-item'>\n\t\t\t<div class='gallery-icon landscape'>\n\t\t\t\t<a data-elementor-open-lightbox=\"yes\" data-elementor-lightbox-slideshow=\"1d44494\" data-elementor-lightbox-title=\"Kon\u00edk\" data-e-action-hash=\"#elementor-action%3Aaction%3Dlightbox%26settings%3DeyJpZCI6MzI0NiwidXJsIjoiaHR0cHM6XC9cL3ZpYWZhYnJpbGlzLnp3LnBsXC93cC1jb250ZW50XC91cGxvYWRzXC8yMDIzXC8wN1wvMi1Qb2RzdGF2a292eS1kdW0tS29uaWsuanBnIiwic2xpZGVzaG93IjoiMWQ0NDQ5NCJ9\" href='https:\/\/viafabrilis.zw.pl\/wp-content\/uploads\/2023\/07\/2-Podstavkovy-dum-Konik.jpg'><img decoding=\"async\" width=\"640\" height=\"640\" src=\"https:\/\/viafabrilis.zw.pl\/wp-content\/uploads\/2023\/07\/2-Podstavkovy-dum-Konik-640x640.jpg\" class=\"attachment-monstroid2-thumb-justify size-monstroid2-thumb-justify\" alt=\"\" aria-describedby=\"gallery-1-3246\" srcset=\"https:\/\/viafabrilis.zw.pl\/wp-content\/uploads\/2023\/07\/2-Podstavkovy-dum-Konik-640x640.jpg 640w, https:\/\/viafabrilis.zw.pl\/wp-content\/uploads\/2023\/07\/2-Podstavkovy-dum-Konik-150x150.jpg 150w, https:\/\/viafabrilis.zw.pl\/wp-content\/uploads\/2023\/07\/2-Podstavkovy-dum-Konik-230x230.jpg 230w, https:\/\/viafabrilis.zw.pl\/wp-content\/uploads\/2023\/07\/2-Podstavkovy-dum-Konik-400x400.jpg 400w\" sizes=\"(max-width: 640px) 100vw, 640px\" \/><\/a>\n\t\t\t<\/div>\n\t\t\t\t<figcaption class='wp-caption-text gallery-caption' id='gallery-1-3246'>\n\t\t\t\tUmgebindehaus \u201eKon\u00edk\u201d\n\t\t\t\t<\/figcaption><\/figure><figure class='gallery-item'>\n\t\t\t<div class='gallery-icon landscape'>\n\t\t\t\t<a data-elementor-open-lightbox=\"yes\" data-elementor-lightbox-slideshow=\"1d44494\" data-elementor-lightbox-title=\"N\u00e1ro\u017e\u00ed u Kon\u00edka s Gr\u00f6sselovou kapl\u00ed\" data-e-action-hash=\"#elementor-action%3Aaction%3Dlightbox%26settings%3DeyJpZCI6MzI1MCwidXJsIjoiaHR0cHM6XC9cL3ZpYWZhYnJpbGlzLnp3LnBsXC93cC1jb250ZW50XC91cGxvYWRzXC8yMDIzXC8wN1wvMy1OYXJvemktdS1Lb25pa2Etcy1Hcm9zc2Vsb3ZvdS1rYXBsaS5qcGciLCJzbGlkZXNob3ciOiIxZDQ0NDk0In0%3D\" href='https:\/\/viafabrilis.zw.pl\/wp-content\/uploads\/2023\/07\/3-Narozi-u-Konika-s-Grosselovou-kapli.jpg'><img decoding=\"async\" width=\"640\" height=\"640\" src=\"https:\/\/viafabrilis.zw.pl\/wp-content\/uploads\/2023\/07\/3-Narozi-u-Konika-s-Grosselovou-kapli-640x640.jpg\" class=\"attachment-monstroid2-thumb-justify size-monstroid2-thumb-justify\" alt=\"\" aria-describedby=\"gallery-1-3250\" srcset=\"https:\/\/viafabrilis.zw.pl\/wp-content\/uploads\/2023\/07\/3-Narozi-u-Konika-s-Grosselovou-kapli-640x640.jpg 640w, https:\/\/viafabrilis.zw.pl\/wp-content\/uploads\/2023\/07\/3-Narozi-u-Konika-s-Grosselovou-kapli-150x150.jpg 150w, https:\/\/viafabrilis.zw.pl\/wp-content\/uploads\/2023\/07\/3-Narozi-u-Konika-s-Grosselovou-kapli-230x230.jpg 230w, https:\/\/viafabrilis.zw.pl\/wp-content\/uploads\/2023\/07\/3-Narozi-u-Konika-s-Grosselovou-kapli-400x400.jpg 400w\" sizes=\"(max-width: 640px) 100vw, 640px\" \/><\/a>\n\t\t\t<\/div>\n\t\t\t\t<figcaption class='wp-caption-text gallery-caption' id='gallery-1-3250'>\n\t\t\t\tBlick zur Gr\u00f6ssel-Kapelle\n\t\t\t\t<\/figcaption><\/figure><figure class='gallery-item'>\n\t\t\t<div class='gallery-icon landscape'>\n\t\t\t\t<a data-elementor-open-lightbox=\"yes\" data-elementor-lightbox-slideshow=\"1d44494\" data-elementor-lightbox-title=\"V\u00fdtvarn\u00e1 d\u00edlna Jen len\" data-e-action-hash=\"#elementor-action%3Aaction%3Dlightbox%26settings%3DeyJpZCI6MzI1NCwidXJsIjoiaHR0cHM6XC9cL3ZpYWZhYnJpbGlzLnp3LnBsXC93cC1jb250ZW50XC91cGxvYWRzXC8yMDIzXC8wN1wvNC1WeXR2YXJuYS1kaWxuYS1KZW4tbGVuLmpwZyIsInNsaWRlc2hvdyI6IjFkNDQ0OTQifQ%3D%3D\" href='https:\/\/viafabrilis.zw.pl\/wp-content\/uploads\/2023\/07\/4-Vytvarna-dilna-Jen-len.jpg'><img loading=\"lazy\" decoding=\"async\" width=\"640\" height=\"640\" src=\"https:\/\/viafabrilis.zw.pl\/wp-content\/uploads\/2023\/07\/4-Vytvarna-dilna-Jen-len-640x640.jpg\" class=\"attachment-monstroid2-thumb-justify size-monstroid2-thumb-justify\" alt=\"\" aria-describedby=\"gallery-1-3254\" srcset=\"https:\/\/viafabrilis.zw.pl\/wp-content\/uploads\/2023\/07\/4-Vytvarna-dilna-Jen-len-640x640.jpg 640w, https:\/\/viafabrilis.zw.pl\/wp-content\/uploads\/2023\/07\/4-Vytvarna-dilna-Jen-len-150x150.jpg 150w, https:\/\/viafabrilis.zw.pl\/wp-content\/uploads\/2023\/07\/4-Vytvarna-dilna-Jen-len-230x230.jpg 230w, https:\/\/viafabrilis.zw.pl\/wp-content\/uploads\/2023\/07\/4-Vytvarna-dilna-Jen-len-400x400.jpg 400w\" sizes=\"(max-width: 640px) 100vw, 640px\" \/><\/a>\n\t\t\t<\/div>\n\t\t\t\t<figcaption class='wp-caption-text gallery-caption' id='gallery-1-3254'>\n\t\t\t\tTextilatelier \u201eJEN LEN\u201c\n\t\t\t\t<\/figcaption><\/figure><figure class='gallery-item'>\n\t\t\t<div class='gallery-icon landscape'>\n\t\t\t\t<a data-elementor-open-lightbox=\"yes\" data-elementor-lightbox-slideshow=\"1d44494\" data-elementor-lightbox-title=\"V\u00fdtvarn\u00e1 d\u00edlna Jen len\" data-e-action-hash=\"#elementor-action%3Aaction%3Dlightbox%26settings%3DeyJpZCI6MzI1OCwidXJsIjoiaHR0cHM6XC9cL3ZpYWZhYnJpbGlzLnp3LnBsXC93cC1jb250ZW50XC91cGxvYWRzXC8yMDIzXC8wN1wvNS1WeXR2YXJuYS1kaWxuYS1KZW4tbGVuLmpwZyIsInNsaWRlc2hvdyI6IjFkNDQ0OTQifQ%3D%3D\" href='https:\/\/viafabrilis.zw.pl\/wp-content\/uploads\/2023\/07\/5-Vytvarna-dilna-Jen-len.jpg'><img loading=\"lazy\" decoding=\"async\" width=\"640\" height=\"640\" src=\"https:\/\/viafabrilis.zw.pl\/wp-content\/uploads\/2023\/07\/5-Vytvarna-dilna-Jen-len-640x640.jpg\" class=\"attachment-monstroid2-thumb-justify size-monstroid2-thumb-justify\" alt=\"\" aria-describedby=\"gallery-1-3258\" srcset=\"https:\/\/viafabrilis.zw.pl\/wp-content\/uploads\/2023\/07\/5-Vytvarna-dilna-Jen-len-640x640.jpg 640w, https:\/\/viafabrilis.zw.pl\/wp-content\/uploads\/2023\/07\/5-Vytvarna-dilna-Jen-len-150x150.jpg 150w, https:\/\/viafabrilis.zw.pl\/wp-content\/uploads\/2023\/07\/5-Vytvarna-dilna-Jen-len-230x230.jpg 230w, https:\/\/viafabrilis.zw.pl\/wp-content\/uploads\/2023\/07\/5-Vytvarna-dilna-Jen-len-400x400.jpg 400w\" sizes=\"(max-width: 640px) 100vw, 640px\" \/><\/a>\n\t\t\t<\/div>\n\t\t\t\t<figcaption class='wp-caption-text gallery-caption' id='gallery-1-3258'>\n\t\t\t\tTextilatelier \u201eJEN LEN\u201c\n\t\t\t\t<\/figcaption><\/figure><figure class='gallery-item'>\n\t\t\t<div class='gallery-icon landscape'>\n\t\t\t\t<a data-elementor-open-lightbox=\"yes\" data-elementor-lightbox-slideshow=\"1d44494\" data-elementor-lightbox-title=\"D\u00edlni\u010dky v Kon\u00edkovi - v\u00e1no\u010dn\u00ed ozdoby a p\u0159\u00e1n\u00ed\" data-e-action-hash=\"#elementor-action%3Aaction%3Dlightbox%26settings%3DeyJpZCI6MzI2MiwidXJsIjoiaHR0cHM6XC9cL3ZpYWZhYnJpbGlzLnp3LnBsXC93cC1jb250ZW50XC91cGxvYWRzXC8yMDIzXC8wN1wvNi1EaWxuaWNreS12LUtvbmlrb3ZpLXZhbm9jbmktb3pkb2J5LWEtcHJhbmkuanBnIiwic2xpZGVzaG93IjoiMWQ0NDQ5NCJ9\" href='https:\/\/viafabrilis.zw.pl\/wp-content\/uploads\/2023\/07\/6-Dilnicky-v-Konikovi-vanocni-ozdoby-a-prani.jpg'><img loading=\"lazy\" decoding=\"async\" width=\"640\" height=\"640\" src=\"https:\/\/viafabrilis.zw.pl\/wp-content\/uploads\/2023\/07\/6-Dilnicky-v-Konikovi-vanocni-ozdoby-a-prani-640x640.jpg\" class=\"attachment-monstroid2-thumb-justify size-monstroid2-thumb-justify\" alt=\"\" aria-describedby=\"gallery-1-3262\" srcset=\"https:\/\/viafabrilis.zw.pl\/wp-content\/uploads\/2023\/07\/6-Dilnicky-v-Konikovi-vanocni-ozdoby-a-prani-640x640.jpg 640w, https:\/\/viafabrilis.zw.pl\/wp-content\/uploads\/2023\/07\/6-Dilnicky-v-Konikovi-vanocni-ozdoby-a-prani-150x150.jpg 150w, https:\/\/viafabrilis.zw.pl\/wp-content\/uploads\/2023\/07\/6-Dilnicky-v-Konikovi-vanocni-ozdoby-a-prani-230x230.jpg 230w, https:\/\/viafabrilis.zw.pl\/wp-content\/uploads\/2023\/07\/6-Dilnicky-v-Konikovi-vanocni-ozdoby-a-prani-400x400.jpg 400w\" sizes=\"(max-width: 640px) 100vw, 640px\" \/><\/a>\n\t\t\t<\/div>\n\t\t\t\t<figcaption class='wp-caption-text gallery-caption' id='gallery-1-3262'>\n\t\t\t\tWorkshop im Umgebindehaus \u2013 Weihnachtsschmuck und -karten\n\t\t\t\t<\/figcaption><\/figure><figure class='gallery-item'>\n\t\t\t<div class='gallery-icon landscape'>\n\t\t\t\t<a data-elementor-open-lightbox=\"yes\" data-elementor-lightbox-slideshow=\"1d44494\" data-elementor-lightbox-title=\"D\u00edlni\u010dky v Kon\u00edkovi - v\u00e1no\u010dn\u00ed ozdoby a p\u0159\u00e1n\u00ed\" data-e-action-hash=\"#elementor-action%3Aaction%3Dlightbox%26settings%3DeyJpZCI6MzI2NiwidXJsIjoiaHR0cHM6XC9cL3ZpYWZhYnJpbGlzLnp3LnBsXC93cC1jb250ZW50XC91cGxvYWRzXC8yMDIzXC8wN1wvNy1EaWxuaWNreS12LUtvbmlrb3ZpLXZhbm9jbmktb3pkb2J5LWEtcHJhbmkuanBnIiwic2xpZGVzaG93IjoiMWQ0NDQ5NCJ9\" href='https:\/\/viafabrilis.zw.pl\/wp-content\/uploads\/2023\/07\/7-Dilnicky-v-Konikovi-vanocni-ozdoby-a-prani.jpg'><img loading=\"lazy\" decoding=\"async\" width=\"640\" height=\"640\" src=\"https:\/\/viafabrilis.zw.pl\/wp-content\/uploads\/2023\/07\/7-Dilnicky-v-Konikovi-vanocni-ozdoby-a-prani-640x640.jpg\" class=\"attachment-monstroid2-thumb-justify size-monstroid2-thumb-justify\" alt=\"\" aria-describedby=\"gallery-1-3266\" srcset=\"https:\/\/viafabrilis.zw.pl\/wp-content\/uploads\/2023\/07\/7-Dilnicky-v-Konikovi-vanocni-ozdoby-a-prani-640x640.jpg 640w, https:\/\/viafabrilis.zw.pl\/wp-content\/uploads\/2023\/07\/7-Dilnicky-v-Konikovi-vanocni-ozdoby-a-prani-150x150.jpg 150w, https:\/\/viafabrilis.zw.pl\/wp-content\/uploads\/2023\/07\/7-Dilnicky-v-Konikovi-vanocni-ozdoby-a-prani-230x230.jpg 230w, https:\/\/viafabrilis.zw.pl\/wp-content\/uploads\/2023\/07\/7-Dilnicky-v-Konikovi-vanocni-ozdoby-a-prani-400x400.jpg 400w\" sizes=\"(max-width: 640px) 100vw, 640px\" \/><\/a>\n\t\t\t<\/div>\n\t\t\t\t<figcaption class='wp-caption-text gallery-caption' id='gallery-1-3266'>\n\t\t\t\tWorkshop im Umgebindehaus \u2013 Weihnachtsschmuck und -karten\n\t\t\t\t<\/figcaption><\/figure>\n\t\t<\/div>\n\t\t<\/div>\n\t\t\t\t\t\t<\/div>\n\t\t\t\t<\/div>\n\t\t\t\t\t<\/div>\n\t\t<\/div>\n\t\t\t\t\t<\/div>\n\t\t<\/section>\n\t\t\t\t<\/div>\n\t\t","protected":false},"excerpt":{"rendered":"<p>Das Geb\u00e4ude ist nicht \u00f6ffentlich zug\u00e4nglich &nbsp; \u017ditavska 215 CZE-463 34 Hr\u00e1dek nad Nisou, Eel.: +420 482 411 400, E-Mail: podatelna@muhradek.cz, www.hradek.eu Das Haus \u201eKon\u00edk\u201d ist ein Umgebindehaus, ein besonderer Haustyp, der in den Regionen Oberlausitz und Nordb\u00f6hmen anzutreffen ist. Historische Postkarten zeigen, dass diese H\u00e4user das Stadtbild von Hr\u00e1dek nad Nisou in der Vergangenheit [&hellip;]<\/p>\n","protected":false},"author":1,"featured_media":3246,"parent":0,"menu_order":0,"comment_status":"closed","ping_status":"closed","template":"","meta":{"footnotes":""},"class_list":["post-3307","page","type-page","status-publish","has-post-thumbnail","hentry","entry","has-media"],"_links":{"self":[{"href":"https:\/\/viafabrilis.zw.pl\/de\/wp-json\/wp\/v2\/pages\/3307","targetHints":{"allow":["GET"]}}],"collection":[{"href":"https:\/\/viafabrilis.zw.pl\/de\/wp-json\/wp\/v2\/pages"}],"about":[{"href":"https:\/\/viafabrilis.zw.pl\/de\/wp-json\/wp\/v2\/types\/page"}],"author":[{"embeddable":true,"href":"https:\/\/viafabrilis.zw.pl\/de\/wp-json\/wp\/v2\/users\/1"}],"replies":[{"embeddable":true,"href":"https:\/\/viafabrilis.zw.pl\/de\/wp-json\/wp\/v2\/comments?post=3307"}],"version-history":[{"count":5,"href":"https:\/\/viafabrilis.zw.pl\/de\/wp-json\/wp\/v2\/pages\/3307\/revisions"}],"predecessor-version":[{"id":5932,"href":"https:\/\/viafabrilis.zw.pl\/de\/wp-json\/wp\/v2\/pages\/3307\/revisions\/5932"}],"wp:featuredmedia":[{"embeddable":true,"href":"https:\/\/viafabrilis.zw.pl\/de\/wp-json\/wp\/v2\/media\/3246"}],"wp:attachment":[{"href":"https:\/\/viafabrilis.zw.pl\/de\/wp-json\/wp\/v2\/media?parent=3307"}],"curies":[{"name":"wp","href":"https:\/\/api.w.org\/{rel}","templated":true}]}}