{"id":3422,"date":"2023-07-13T16:22:12","date_gmt":"2023-07-13T14:22:12","guid":{"rendered":"https:\/\/viafabrilis.zw.pl\/?page_id=3422"},"modified":"2024-02-10T16:37:48","modified_gmt":"2024-02-10T15:37:48","slug":"ausstellung-sindelka-harrachov","status":"publish","type":"page","link":"https:\/\/viafabrilis.zw.pl\/de\/ausstellung-sindelka-harrachov\/","title":{"rendered":"Ausstellung \u201e\u0160indelka\u201d, Harrachov"},"content":{"rendered":"\t\t<div data-elementor-type=\"wp-page\" data-elementor-id=\"3422\" class=\"elementor elementor-3422\" data-elementor-post-type=\"page\">\n\t\t\t\t\t\t<section class=\"elementor-section elementor-top-section elementor-element elementor-element-a11e734 elementor-section-boxed elementor-section-height-default elementor-section-height-default\" data-id=\"a11e734\" data-element_type=\"section\" data-settings=\"{&quot;jet_parallax_layout_list&quot;:[]}\">\n\t\t\t\t\t\t<div class=\"elementor-container elementor-column-gap-default\">\n\t\t\t\t\t<div class=\"elementor-column elementor-col-50 elementor-top-column elementor-element elementor-element-3a836ec\" data-id=\"3a836ec\" data-element_type=\"column\">\n\t\t\t<div class=\"elementor-widget-wrap elementor-element-populated\">\n\t\t\t\t\t\t<div class=\"elementor-element elementor-element-ed16537 elementor-widget elementor-widget-text-editor\" data-id=\"ed16537\" data-element_type=\"widget\" data-widget_type=\"text-editor.default\">\n\t\t\t\t<div class=\"elementor-widget-container\">\n\t\t\t\t\t\t\t\t\t<p dir=\"ltr\" style=\"line-height: 1.7999999999999998; text-align: center; margin-top: 0pt; margin-bottom: 0pt;\"><span style=\"font-size: 12pt; font-family: 'Times New Roman'; color: #000000; background-color: transparent; font-weight: bold; font-style: normal; font-variant: normal; text-decoration: none; vertical-align: baseline; white-space: pre-wrap;\">Ausstellung des Nationalparks Riesengebirge zum Thema Forstwirtschaft und Jagd\u00a0<\/span><\/p><p dir=\"ltr\" style=\"line-height: 1.7999999999999998; text-align: center; margin-top: 0pt; margin-bottom: 0pt;\"><span style=\"font-size: 12pt; font-family: 'Times New Roman'; color: #202124; background-color: transparent; font-weight: 400; font-style: normal; font-variant: normal; text-decoration: none; vertical-align: baseline; white-space: pre-wrap;\">Harrachov 269<\/span><\/p><p dir=\"ltr\" style=\"line-height: 1.7999999999999998; text-align: center; margin-top: 0pt; margin-bottom: 0pt;\"><span style=\"font-size: 12pt; font-family: 'Times New Roman'; color: #202124; background-color: transparent; font-weight: 400; font-style: normal; font-variant: normal; text-decoration: none; vertical-align: baseline; white-space: pre-wrap;\">CZE-512 46 Harrachov<\/span><\/p><p dir=\"ltr\" style=\"line-height: 1.7999999999999998; text-align: center; margin-top: 0pt; margin-bottom: 0pt;\"><span style=\"font-size: 12pt; font-family: 'Times New Roman'; color: #000000; background-color: transparent; font-weight: 400; font-style: normal; font-variant: normal; text-decoration: none; vertical-align: baseline; white-space: pre-wrap;\">Tel.: +420 481 528 310<\/span><\/p><p dir=\"ltr\" style=\"line-height: 1.7999999999999998; text-align: center; margin-top: 0pt; margin-bottom: 0pt;\"><span style=\"font-size: 12pt; font-family: 'Times New Roman'; color: #000000; background-color: transparent; font-weight: 400; font-style: normal; font-variant: normal; text-decoration: none; vertical-align: baseline; white-space: pre-wrap;\">E-Mail: sindelka@krnap.cz<\/span><\/p><p dir=\"ltr\" style=\"line-height: 1.7999999999999998; text-align: center; margin-top: 0pt; margin-bottom: 0pt;\"><a style=\"text-decoration: none;\" href=\"http:\/\/www.krnap.cz\/\"><span style=\"font-size: 12pt; font-family: 'Times New Roman'; color: #0000ff; background-color: transparent; font-weight: 400; font-style: normal; font-variant: normal; text-decoration: underline; -webkit-text-decoration-skip: none; text-decoration-skip-ink: none; vertical-align: baseline; white-space: pre-wrap;\">www.krnap.cz<\/span><\/a><\/p><p dir=\"ltr\" style=\"line-height: 1.7999999999999998; text-align: center; margin-top: 0pt; margin-bottom: 0pt;\"><b id=\"docs-internal-guid-cee8a4c4-7fff-02f9-358f-f71392378ac2\" style=\"font-weight: normal;\">\u00a0<\/b><\/p><p dir=\"ltr\" style=\"line-height: 1.7999999999999998; text-align: center; margin-top: 0pt; margin-bottom: 0pt;\"><span style=\"font-size: 12pt; font-family: 'Times New Roman'; color: #000000; background-color: transparent; font-weight: bold; font-style: normal; font-variant: normal; text-decoration: none; vertical-align: baseline; white-space: pre-wrap;\">\u00d6ffnungszeiten:<\/span><\/p><p dir=\"ltr\" style=\"line-height: 1.7999999999999998; text-align: center; margin-top: 0pt; margin-bottom: 0pt;\">\u00a0<\/p><p dir=\"ltr\" style=\"line-height: 1.7999999999999998; text-align: center; margin-top: 0pt; margin-bottom: 0pt;\"><span style=\"font-size: 12pt; font-family: 'Times New Roman'; color: #000000; background-color: transparent; font-weight: 400; font-style: normal; font-variant: normal; text-decoration: none; vertical-align: baseline; white-space: pre-wrap;\">Dienstag bis Sonntag: 9.00 &#8211; 12.00 und 13.00 &#8211; 17.00 Uhr<\/span><\/p><div><span style=\"font-size: 12pt; font-family: 'Times New Roman'; color: #000000; background-color: transparent; font-weight: 400; font-style: normal; font-variant: normal; text-decoration: none; vertical-align: baseline; white-space: pre-wrap;\">\u00a0<\/span><\/div><div><span style=\"font-size: 12pt; font-family: 'Times New Roman'; color: #000000; background-color: transparent; font-weight: 400; font-style: normal; font-variant: normal; text-decoration: none; vertical-align: baseline; white-space: pre-wrap;\">\u00a0<\/span><\/div>\t\t\t\t\t\t\t\t<\/div>\n\t\t\t\t<\/div>\n\t\t\t\t\t<\/div>\n\t\t<\/div>\n\t\t\t\t<div class=\"elementor-column elementor-col-50 elementor-top-column elementor-element elementor-element-d82853b\" data-id=\"d82853b\" data-element_type=\"column\">\n\t\t\t<div class=\"elementor-widget-wrap elementor-element-populated\">\n\t\t\t\t\t\t<div class=\"elementor-element elementor-element-1adb6e9 elementor-widget elementor-widget-image\" data-id=\"1adb6e9\" data-element_type=\"widget\" data-widget_type=\"image.default\">\n\t\t\t\t<div class=\"elementor-widget-container\">\n\t\t\t\t\t\t\t\t\t\t\t\t\t\t\t<img fetchpriority=\"high\" decoding=\"async\" width=\"1024\" height=\"681\" src=\"https:\/\/viafabrilis.zw.pl\/wp-content\/uploads\/2023\/07\/2-Svazeni-dreva-na-sanich-s-oji-1024x681.jpg\" class=\"attachment-large size-large wp-image-3372\" alt=\"\" srcset=\"https:\/\/viafabrilis.zw.pl\/wp-content\/uploads\/2023\/07\/2-Svazeni-dreva-na-sanich-s-oji-1024x681.jpg 1024w, https:\/\/viafabrilis.zw.pl\/wp-content\/uploads\/2023\/07\/2-Svazeni-dreva-na-sanich-s-oji-300x200.jpg 300w, https:\/\/viafabrilis.zw.pl\/wp-content\/uploads\/2023\/07\/2-Svazeni-dreva-na-sanich-s-oji-768x511.jpg 768w, https:\/\/viafabrilis.zw.pl\/wp-content\/uploads\/2023\/07\/2-Svazeni-dreva-na-sanich-s-oji-600x399.jpg 600w, https:\/\/viafabrilis.zw.pl\/wp-content\/uploads\/2023\/07\/2-Svazeni-dreva-na-sanich-s-oji.jpg 1200w\" sizes=\"(max-width: 1024px) 100vw, 1024px\" \/>\t\t\t\t\t\t\t\t\t\t\t\t\t\t\t<\/div>\n\t\t\t\t<\/div>\n\t\t\t\t\t<\/div>\n\t\t<\/div>\n\t\t\t\t\t<\/div>\n\t\t<\/section>\n\t\t\t\t<section class=\"elementor-section elementor-top-section elementor-element elementor-element-1b8961f elementor-section-boxed elementor-section-height-default elementor-section-height-default\" data-id=\"1b8961f\" data-element_type=\"section\" data-settings=\"{&quot;jet_parallax_layout_list&quot;:[]}\">\n\t\t\t\t\t\t<div class=\"elementor-container elementor-column-gap-default\">\n\t\t\t\t\t<div class=\"elementor-column elementor-col-100 elementor-top-column elementor-element elementor-element-077e047\" data-id=\"077e047\" data-element_type=\"column\">\n\t\t\t<div class=\"elementor-widget-wrap elementor-element-populated\">\n\t\t\t\t\t\t<div class=\"elementor-element elementor-element-7a93bc4 elementor-widget elementor-widget-text-editor\" data-id=\"7a93bc4\" data-element_type=\"widget\" data-widget_type=\"text-editor.default\">\n\t\t\t\t<div class=\"elementor-widget-container\">\n\t\t\t\t\t\t\t\t\t<p><span style=\"font-weight: 400;\">Die Ausstellung \u201e\u0160indelka\u201d \u2013 \u201eSchindel\u201d ist in einem denkmalgesch\u00fctzten Granitgeb\u00e4ude in Harrachov untergebracht. Der Name steht f\u00fcr die h\u00f6lzernen Elemente zur Dacheindeckung, die hier seit Anfang des 19. Jh. bis zum 1934 hergestellt wurden.\u00a0<\/span><\/p><p><span style=\"font-weight: 400;\">Im Erdgeschoss pr\u00e4sentiert sich eine Ausstellung zum Thema Forstwirtschaft. Gezeigt wird der Prozess der Waldformung, von der Pflanzung von Setzlingen \u00fcber den Transport von St\u00e4mmen und ihre Verarbeitung bis hin zur Wiederaufforstung und Waldpflege.<\/span><\/p><p><span style=\"font-weight: 400;\">Die erste Etage wurde der Jagd gewidmet, von den Anf\u00e4ngen bis zur heutigen Zeit. Der Besucher lernt hier verschiedene Arten des Jagdwilds, Jagdwaffen, Jagdtraditionen sowie Jagdmotive in der Kunst und im Alltag kennen.\u00a0<\/span><\/p><p><span style=\"font-weight: 400;\">Die Waldarbeit geh\u00f6rte zu den meist verbreiteten Erwerbsarten unter den Gebirgsbewohnern. Holzf\u00e4ller aus alpinen L\u00e4ndern wurden in die k\u00f6niglichen W\u00e4lder des Mittel- und Ost-Riesengebirges angeworben. Sie brachten technische und technologische Neuerungen mit sich: H\u00f6rnerschlitten f\u00fcr den Abtransport des Holzes, Schneeschuhe, spezielle Lastenschlitten f\u00fcr den Transport der St\u00e4mme von den Bergh\u00e4ngen zu den B\u00e4chen sowie Wehre f\u00fcr die Regulierung des Wasserstandes. Spezielle Flo\u00dfgr\u00e4ben und k\u00fcnstliche Holzschwemmanlagen dienten dem kontrollierten Treiben der St\u00e4mme. Die Fl\u00f6\u00dferei verschwand fast vollst\u00e4ndig\u00a0 im 19. Jh., zeitgleich mit dem Ausbau eines gut befahrbaren Netzes an Waldwegen. Die Forstwirtschaft geh\u00f6rt zu den wenigen traditionellen Wirtschaften, die heute immer noch im Riesengebirge gepflegt werden. <\/span><\/p>\t\t\t\t\t\t\t\t<\/div>\n\t\t\t\t<\/div>\n\t\t\t\t\t<\/div>\n\t\t<\/div>\n\t\t\t\t\t<\/div>\n\t\t<\/section>\n\t\t\t\t<section class=\"elementor-section elementor-top-section elementor-element elementor-element-9b738c3 elementor-section-boxed elementor-section-height-default elementor-section-height-default\" data-id=\"9b738c3\" data-element_type=\"section\" data-settings=\"{&quot;jet_parallax_layout_list&quot;:[]}\">\n\t\t\t\t\t\t<div class=\"elementor-container elementor-column-gap-default\">\n\t\t\t\t\t<div class=\"elementor-column elementor-col-100 elementor-top-column elementor-element elementor-element-53d8ad6\" data-id=\"53d8ad6\" data-element_type=\"column\">\n\t\t\t<div class=\"elementor-widget-wrap elementor-element-populated\">\n\t\t\t\t\t\t<div class=\"elementor-element elementor-element-273e890 elementor-widget elementor-widget-image-gallery\" data-id=\"273e890\" data-element_type=\"widget\" data-widget_type=\"image-gallery.default\">\n\t\t\t\t<div class=\"elementor-widget-container\">\n\t\t\t\t\t\t\t<div class=\"elementor-image-gallery\">\n\t\t\t<div id='gallery-1' class='gallery galleryid-3422 gallery-columns-4 gallery-size-monstroid2-thumb-justify'><figure class='gallery-item'>\n\t\t\t<div class='gallery-icon landscape'>\n\t\t\t\t<a data-elementor-open-lightbox=\"yes\" data-elementor-lightbox-slideshow=\"273e890\" data-elementor-lightbox-title=\"1 - Expozice se nacha\u0301zi\u0301 v historicke\u0301 budove\u030c S\u030cindelky\" data-e-action-hash=\"#elementor-action%3Aaction%3Dlightbox%26settings%3DeyJpZCI6MzM4MywidXJsIjoiaHR0cHM6XC9cL3ZpYWZhYnJpbGlzLnp3LnBsXC93cC1jb250ZW50XC91cGxvYWRzXC8yMDIzXC8wN1wvMS1FeHBvemljZS1zZS1uYWNoYXppLXYtaGlzdG9yaWNrZS1idWRvdmUtU2luZGVsa3kuanBnIiwic2xpZGVzaG93IjoiMjczZTg5MCJ9\" href='https:\/\/viafabrilis.zw.pl\/wp-content\/uploads\/2023\/07\/1-Expozice-se-nachazi-v-historicke-budove-Sindelky.jpg'><img decoding=\"async\" width=\"638\" height=\"427\" src=\"https:\/\/viafabrilis.zw.pl\/wp-content\/uploads\/2023\/07\/1-Expozice-se-nachazi-v-historicke-budove-Sindelky.jpg\" class=\"attachment-monstroid2-thumb-justify size-monstroid2-thumb-justify\" alt=\"\" aria-describedby=\"gallery-1-3383\" srcset=\"https:\/\/viafabrilis.zw.pl\/wp-content\/uploads\/2023\/07\/1-Expozice-se-nachazi-v-historicke-budove-Sindelky.jpg 638w, https:\/\/viafabrilis.zw.pl\/wp-content\/uploads\/2023\/07\/1-Expozice-se-nachazi-v-historicke-budove-Sindelky-300x201.jpg 300w, https:\/\/viafabrilis.zw.pl\/wp-content\/uploads\/2023\/07\/1-Expozice-se-nachazi-v-historicke-budove-Sindelky-600x402.jpg 600w\" sizes=\"(max-width: 638px) 100vw, 638px\" \/><\/a>\n\t\t\t<\/div>\n\t\t\t\t<figcaption class='wp-caption-text gallery-caption' id='gallery-1-3383'>\n\t\t\t\tAusstellungsgeb\u00e4ude\n\t\t\t\t<\/figcaption><\/figure><figure class='gallery-item'>\n\t\t\t<div class='gallery-icon landscape'>\n\t\t\t\t<a data-elementor-open-lightbox=\"yes\" data-elementor-lightbox-slideshow=\"273e890\" data-elementor-lightbox-title=\"2 - Sva\u0301z\u030ceni\u0301 dr\u030ceva na sani\u0301ch s oji\u0301\" data-e-action-hash=\"#elementor-action%3Aaction%3Dlightbox%26settings%3DeyJpZCI6MzM4NywidXJsIjoiaHR0cHM6XC9cL3ZpYWZhYnJpbGlzLnp3LnBsXC93cC1jb250ZW50XC91cGxvYWRzXC8yMDIzXC8wN1wvMi1TdmF6ZW5pLWRyZXZhLW5hLXNhbmljaC1zLW9qaS0xLmpwZyIsInNsaWRlc2hvdyI6IjI3M2U4OTAifQ%3D%3D\" href='https:\/\/viafabrilis.zw.pl\/wp-content\/uploads\/2023\/07\/2-Svazeni-dreva-na-sanich-s-oji-1.jpg'><img decoding=\"async\" width=\"640\" height=\"640\" src=\"https:\/\/viafabrilis.zw.pl\/wp-content\/uploads\/2023\/07\/2-Svazeni-dreva-na-sanich-s-oji-1-640x640.jpg\" class=\"attachment-monstroid2-thumb-justify size-monstroid2-thumb-justify\" alt=\"\" aria-describedby=\"gallery-1-3387\" srcset=\"https:\/\/viafabrilis.zw.pl\/wp-content\/uploads\/2023\/07\/2-Svazeni-dreva-na-sanich-s-oji-1-640x640.jpg 640w, https:\/\/viafabrilis.zw.pl\/wp-content\/uploads\/2023\/07\/2-Svazeni-dreva-na-sanich-s-oji-1-150x150.jpg 150w, https:\/\/viafabrilis.zw.pl\/wp-content\/uploads\/2023\/07\/2-Svazeni-dreva-na-sanich-s-oji-1-230x230.jpg 230w, https:\/\/viafabrilis.zw.pl\/wp-content\/uploads\/2023\/07\/2-Svazeni-dreva-na-sanich-s-oji-1-400x400.jpg 400w\" sizes=\"(max-width: 640px) 100vw, 640px\" \/><\/a>\n\t\t\t<\/div>\n\t\t\t\t<figcaption class='wp-caption-text gallery-caption' id='gallery-1-3387'>\n\t\t\t\tBlick in die Ausstellung: Holztransport mit Deichselschlitten\n\t\t\t\t<\/figcaption><\/figure><figure class='gallery-item'>\n\t\t\t<div class='gallery-icon portrait'>\n\t\t\t\t<a data-elementor-open-lightbox=\"yes\" data-elementor-lightbox-slideshow=\"273e890\" data-elementor-lightbox-title=\"3 - Di\u0301lna pro ruc\u030cni\u0301 vy\u0301robu s\u030cindele\" data-e-action-hash=\"#elementor-action%3Aaction%3Dlightbox%26settings%3DeyJpZCI6MzM5MSwidXJsIjoiaHR0cHM6XC9cL3ZpYWZhYnJpbGlzLnp3LnBsXC93cC1jb250ZW50XC91cGxvYWRzXC8yMDIzXC8wN1wvMy1EaWxuYS1wcm8tcnVjbmktdnlyb2J1LXNpbmRlbGUuanBnIiwic2xpZGVzaG93IjoiMjczZTg5MCJ9\" href='https:\/\/viafabrilis.zw.pl\/wp-content\/uploads\/2023\/07\/3-Dilna-pro-rucni-vyrobu-sindele.jpg'><img loading=\"lazy\" decoding=\"async\" width=\"576\" height=\"640\" src=\"https:\/\/viafabrilis.zw.pl\/wp-content\/uploads\/2023\/07\/3-Dilna-pro-rucni-vyrobu-sindele-576x640.jpg\" class=\"attachment-monstroid2-thumb-justify size-monstroid2-thumb-justify\" alt=\"\" aria-describedby=\"gallery-1-3391\" \/><\/a>\n\t\t\t<\/div>\n\t\t\t\t<figcaption class='wp-caption-text gallery-caption' id='gallery-1-3391'>\n\t\t\t\tWerkstatt f\u00fcr die manuelle Herstellung von Schindeln\n\t\t\t\t<\/figcaption><\/figure><figure class='gallery-item'>\n\t\t\t<div class='gallery-icon portrait'>\n\t\t\t\t<a data-elementor-open-lightbox=\"yes\" data-elementor-lightbox-slideshow=\"273e890\" data-elementor-lightbox-title=\"4 - Kolekce lesnicke\u0301ho na\u0301r\u030cadi\u0301\" data-e-action-hash=\"#elementor-action%3Aaction%3Dlightbox%26settings%3DeyJpZCI6MzM5NSwidXJsIjoiaHR0cHM6XC9cL3ZpYWZhYnJpbGlzLnp3LnBsXC93cC1jb250ZW50XC91cGxvYWRzXC8yMDIzXC8wN1wvNC1Lb2xla2NlLWxlc25pY2tlaG8tbmFyYWRpLmpwZyIsInNsaWRlc2hvdyI6IjI3M2U4OTAifQ%3D%3D\" href='https:\/\/viafabrilis.zw.pl\/wp-content\/uploads\/2023\/07\/4-Kolekce-lesnickeho-naradi.jpg'><img loading=\"lazy\" decoding=\"async\" width=\"628\" height=\"640\" src=\"https:\/\/viafabrilis.zw.pl\/wp-content\/uploads\/2023\/07\/4-Kolekce-lesnickeho-naradi-628x640.jpg\" class=\"attachment-monstroid2-thumb-justify size-monstroid2-thumb-justify\" alt=\"\" aria-describedby=\"gallery-1-3395\" \/><\/a>\n\t\t\t<\/div>\n\t\t\t\t<figcaption class='wp-caption-text gallery-caption' id='gallery-1-3395'>\n\t\t\t\tGer\u00e4te f\u00fcr die Forstwirtschaft\n\t\t\t\t<\/figcaption><\/figure><figure class='gallery-item'>\n\t\t\t<div class='gallery-icon landscape'>\n\t\t\t\t<a data-elementor-open-lightbox=\"yes\" data-elementor-lightbox-slideshow=\"273e890\" data-elementor-lightbox-title=\"5 - Funkc\u030cni\u0301 model plaveni\u0301 dr\u030ceva\" data-e-action-hash=\"#elementor-action%3Aaction%3Dlightbox%26settings%3DeyJpZCI6MzM5OSwidXJsIjoiaHR0cHM6XC9cL3ZpYWZhYnJpbGlzLnp3LnBsXC93cC1jb250ZW50XC91cGxvYWRzXC8yMDIzXC8wN1wvNS1GdW5rY25pLW1vZGVsLXBsYXZlbmktZHJldmEuanBnIiwic2xpZGVzaG93IjoiMjczZTg5MCJ9\" href='https:\/\/viafabrilis.zw.pl\/wp-content\/uploads\/2023\/07\/5-Funkcni-model-plaveni-dreva.jpg'><img loading=\"lazy\" decoding=\"async\" width=\"640\" height=\"640\" src=\"https:\/\/viafabrilis.zw.pl\/wp-content\/uploads\/2023\/07\/5-Funkcni-model-plaveni-dreva-640x640.jpg\" class=\"attachment-monstroid2-thumb-justify size-monstroid2-thumb-justify\" alt=\"\" aria-describedby=\"gallery-1-3399\" srcset=\"https:\/\/viafabrilis.zw.pl\/wp-content\/uploads\/2023\/07\/5-Funkcni-model-plaveni-dreva-640x640.jpg 640w, https:\/\/viafabrilis.zw.pl\/wp-content\/uploads\/2023\/07\/5-Funkcni-model-plaveni-dreva-150x150.jpg 150w, https:\/\/viafabrilis.zw.pl\/wp-content\/uploads\/2023\/07\/5-Funkcni-model-plaveni-dreva-230x230.jpg 230w, https:\/\/viafabrilis.zw.pl\/wp-content\/uploads\/2023\/07\/5-Funkcni-model-plaveni-dreva-400x400.jpg 400w\" sizes=\"(max-width: 640px) 100vw, 640px\" \/><\/a>\n\t\t\t<\/div>\n\t\t\t\t<figcaption class='wp-caption-text gallery-caption' id='gallery-1-3399'>\n\t\t\t\tBewegliches Modell einer Fl\u00f6\u00dferanlage\n\t\t\t\t<\/figcaption><\/figure><figure class='gallery-item'>\n\t\t\t<div class='gallery-icon landscape'>\n\t\t\t\t<a data-elementor-open-lightbox=\"yes\" data-elementor-lightbox-slideshow=\"273e890\" data-elementor-lightbox-title=\"6 - Funkc\u030cni\u0301 model plaveni\u0301 dr\u030ceva\" data-e-action-hash=\"#elementor-action%3Aaction%3Dlightbox%26settings%3DeyJpZCI6MzQwMywidXJsIjoiaHR0cHM6XC9cL3ZpYWZhYnJpbGlzLnp3LnBsXC93cC1jb250ZW50XC91cGxvYWRzXC8yMDIzXC8wN1wvNi1GdW5rY25pLW1vZGVsLXBsYXZlbmktZHJldmEuanBnIiwic2xpZGVzaG93IjoiMjczZTg5MCJ9\" href='https:\/\/viafabrilis.zw.pl\/wp-content\/uploads\/2023\/07\/6-Funkcni-model-plaveni-dreva.jpg'><img loading=\"lazy\" decoding=\"async\" width=\"640\" height=\"640\" src=\"https:\/\/viafabrilis.zw.pl\/wp-content\/uploads\/2023\/07\/6-Funkcni-model-plaveni-dreva-640x640.jpg\" class=\"attachment-monstroid2-thumb-justify size-monstroid2-thumb-justify\" alt=\"\" aria-describedby=\"gallery-1-3403\" srcset=\"https:\/\/viafabrilis.zw.pl\/wp-content\/uploads\/2023\/07\/6-Funkcni-model-plaveni-dreva-640x640.jpg 640w, https:\/\/viafabrilis.zw.pl\/wp-content\/uploads\/2023\/07\/6-Funkcni-model-plaveni-dreva-150x150.jpg 150w, https:\/\/viafabrilis.zw.pl\/wp-content\/uploads\/2023\/07\/6-Funkcni-model-plaveni-dreva-230x230.jpg 230w, https:\/\/viafabrilis.zw.pl\/wp-content\/uploads\/2023\/07\/6-Funkcni-model-plaveni-dreva-400x400.jpg 400w\" sizes=\"(max-width: 640px) 100vw, 640px\" \/><\/a>\n\t\t\t<\/div>\n\t\t\t\t<figcaption class='wp-caption-text gallery-caption' id='gallery-1-3403'>\n\t\t\t\tBewegliches Modell einer Fl\u00f6\u00dferanlage\n\t\t\t\t<\/figcaption><\/figure><figure class='gallery-item'>\n\t\t\t<div class='gallery-icon landscape'>\n\t\t\t\t<a data-elementor-open-lightbox=\"yes\" data-elementor-lightbox-slideshow=\"273e890\" data-elementor-lightbox-title=\"7- Str\u030cecha se s\u030cindelovou krytinou\" data-e-action-hash=\"#elementor-action%3Aaction%3Dlightbox%26settings%3DeyJpZCI6MzQwNywidXJsIjoiaHR0cHM6XC9cL3ZpYWZhYnJpbGlzLnp3LnBsXC93cC1jb250ZW50XC91cGxvYWRzXC8yMDIzXC8wN1wvNy1TdHJlY2hhLXNlLXNpbmRlbG92b3Uta3J5dGlub3UuanBnIiwic2xpZGVzaG93IjoiMjczZTg5MCJ9\" href='https:\/\/viafabrilis.zw.pl\/wp-content\/uploads\/2023\/07\/7-Strecha-se-sindelovou-krytinou.jpg'><img loading=\"lazy\" decoding=\"async\" width=\"640\" height=\"640\" src=\"https:\/\/viafabrilis.zw.pl\/wp-content\/uploads\/2023\/07\/7-Strecha-se-sindelovou-krytinou-640x640.jpg\" class=\"attachment-monstroid2-thumb-justify size-monstroid2-thumb-justify\" alt=\"\" aria-describedby=\"gallery-1-3407\" srcset=\"https:\/\/viafabrilis.zw.pl\/wp-content\/uploads\/2023\/07\/7-Strecha-se-sindelovou-krytinou-640x640.jpg 640w, https:\/\/viafabrilis.zw.pl\/wp-content\/uploads\/2023\/07\/7-Strecha-se-sindelovou-krytinou-150x150.jpg 150w, https:\/\/viafabrilis.zw.pl\/wp-content\/uploads\/2023\/07\/7-Strecha-se-sindelovou-krytinou-230x230.jpg 230w, https:\/\/viafabrilis.zw.pl\/wp-content\/uploads\/2023\/07\/7-Strecha-se-sindelovou-krytinou-400x400.jpg 400w\" sizes=\"(max-width: 640px) 100vw, 640px\" \/><\/a>\n\t\t\t<\/div>\n\t\t\t\t<figcaption class='wp-caption-text gallery-caption' id='gallery-1-3407'>\n\t\t\t\tDachfragment mit Schindeleindeckung\n\t\t\t\t<\/figcaption><\/figure>\n\t\t<\/div>\n\t\t<\/div>\n\t\t\t\t\t\t<\/div>\n\t\t\t\t<\/div>\n\t\t\t\t\t<\/div>\n\t\t<\/div>\n\t\t\t\t\t<\/div>\n\t\t<\/section>\n\t\t\t\t<\/div>\n\t\t","protected":false},"excerpt":{"rendered":"<p>Ausstellung des Nationalparks Riesengebirge zum Thema Forstwirtschaft und Jagd&nbsp; Harrachov 269 CZE-512 46 Harrachov Tel.: +420 481 528 310 E-Mail: sindelka@krnap.cz www.krnap.cz &nbsp; \u00d6ffnungszeiten: Dienstag bis Sonntag: 9.00 &#8211; 12.00 und 13.00 &#8211; 17.00 Uhr Die Ausstellung \u201e\u0160indelka\u201d \u2013 \u201eSchindel\u201d ist in einem denkmalgesch\u00fctzten Granitgeb\u00e4ude in Harrachov untergebracht. Der Name steht f\u00fcr die h\u00f6lzernen Elemente [&hellip;]<\/p>\n","protected":false},"author":1,"featured_media":3387,"parent":0,"menu_order":0,"comment_status":"closed","ping_status":"closed","template":"","meta":{"footnotes":""},"class_list":["post-3422","page","type-page","status-publish","has-post-thumbnail","hentry","entry","has-media"],"_links":{"self":[{"href":"https:\/\/viafabrilis.zw.pl\/de\/wp-json\/wp\/v2\/pages\/3422","targetHints":{"allow":["GET"]}}],"collection":[{"href":"https:\/\/viafabrilis.zw.pl\/de\/wp-json\/wp\/v2\/pages"}],"about":[{"href":"https:\/\/viafabrilis.zw.pl\/de\/wp-json\/wp\/v2\/types\/page"}],"author":[{"embeddable":true,"href":"https:\/\/viafabrilis.zw.pl\/de\/wp-json\/wp\/v2\/users\/1"}],"replies":[{"embeddable":true,"href":"https:\/\/viafabrilis.zw.pl\/de\/wp-json\/wp\/v2\/comments?post=3422"}],"version-history":[{"count":6,"href":"https:\/\/viafabrilis.zw.pl\/de\/wp-json\/wp\/v2\/pages\/3422\/revisions"}],"predecessor-version":[{"id":8853,"href":"https:\/\/viafabrilis.zw.pl\/de\/wp-json\/wp\/v2\/pages\/3422\/revisions\/8853"}],"wp:featuredmedia":[{"embeddable":true,"href":"https:\/\/viafabrilis.zw.pl\/de\/wp-json\/wp\/v2\/media\/3387"}],"wp:attachment":[{"href":"https:\/\/viafabrilis.zw.pl\/de\/wp-json\/wp\/v2\/media?parent=3422"}],"curies":[{"name":"wp","href":"https:\/\/api.w.org\/{rel}","templated":true}]}}