{"id":3543,"date":"2023-07-13T16:58:20","date_gmt":"2023-07-13T14:58:20","guid":{"rendered":"https:\/\/viafabrilis.zw.pl\/?page_id=3543"},"modified":"2023-09-14T09:44:30","modified_gmt":"2023-09-14T07:44:30","slug":"glasshuette-novosad-syn-in-harrachov","status":"publish","type":"page","link":"https:\/\/viafabrilis.zw.pl\/de\/glasshuette-novosad-syn-in-harrachov\/","title":{"rendered":"Glassh\u00fctte Novosad &amp; Syn in Harrachov"},"content":{"rendered":"\t\t<div data-elementor-type=\"wp-page\" data-elementor-id=\"3543\" class=\"elementor elementor-3543\" data-elementor-post-type=\"page\">\n\t\t\t\t\t\t<section class=\"elementor-section elementor-top-section elementor-element elementor-element-11fe665 elementor-section-boxed elementor-section-height-default elementor-section-height-default\" data-id=\"11fe665\" data-element_type=\"section\" data-settings=\"{&quot;jet_parallax_layout_list&quot;:[]}\">\n\t\t\t\t\t\t<div class=\"elementor-container elementor-column-gap-default\">\n\t\t\t\t\t<div class=\"elementor-column elementor-col-50 elementor-top-column elementor-element elementor-element-c389522\" data-id=\"c389522\" data-element_type=\"column\">\n\t\t\t<div class=\"elementor-widget-wrap elementor-element-populated\">\n\t\t\t\t\t\t<div class=\"elementor-element elementor-element-46ed907 elementor-widget elementor-widget-text-editor\" data-id=\"46ed907\" data-element_type=\"widget\" data-widget_type=\"text-editor.default\">\n\t\t\t\t<div class=\"elementor-widget-container\">\n\t\t\t\t\t\t\t\t\t<p dir=\"ltr\" style=\"line-height: 1.3800000000000001; text-align: center; margin-top: 0pt; margin-bottom: 0pt;\"><span style=\"font-size: 12pt; font-family: 'Times New Roman'; color: #00000a; background-color: transparent; font-weight: 400; font-style: normal; font-variant: normal; text-decoration: none; vertical-align: baseline; white-space: pre-wrap;\">Harrachov 95<\/span><\/p><p dir=\"ltr\" style=\"line-height: 1.3800000000000001; text-align: center; margin-top: 0pt; margin-bottom: 0pt;\"><span style=\"font-size: 12pt; font-family: 'Times New Roman'; color: #00000a; background-color: transparent; font-weight: 400; font-style: normal; font-variant: normal; text-decoration: none; vertical-align: baseline; white-space: pre-wrap;\">CZE-512 46 Harrachov<\/span><\/p><p dir=\"ltr\" style=\"line-height: 1.3800000000000001; text-align: center; margin-top: 0pt; margin-bottom: 0pt;\"><span style=\"font-size: 12pt; font-family: 'Times New Roman'; color: #00000a; background-color: transparent; font-weight: 400; font-style: normal; font-variant: normal; text-decoration: none; vertical-align: baseline; white-space: pre-wrap;\">Tel.: +420 481 528\u00a0141<\/span><\/p><p dir=\"ltr\" style=\"line-height: 1.3800000000000001; text-align: center; margin-top: 0pt; margin-bottom: 0pt;\"><span style=\"font-size: 12pt; font-family: 'Times New Roman'; color: #00000a; background-color: transparent; font-weight: 400; font-style: normal; font-variant: normal; text-decoration: none; vertical-align: baseline; white-space: pre-wrap;\">E-Mail: turistik@sklarnaharrachov.cz<\/span><\/p><p dir=\"ltr\" style=\"line-height: 1.3800000000000001; text-align: center; margin-top: 0pt; margin-bottom: 0pt;\"><a style=\"text-decoration: none;\" href=\"http:\/\/www.sklarnaharrachov.cz\/\"><span style=\"font-size: 12pt; font-family: 'Times New Roman'; color: #986922; background-color: transparent; font-weight: 400; font-style: normal; font-variant: normal; text-decoration: underline; -webkit-text-decoration-skip: none; text-decoration-skip-ink: none; vertical-align: baseline; white-space: pre-wrap;\">www.sklarnaharrachov.cz<\/span><\/a><\/p><p dir=\"ltr\" style=\"line-height: 1.3800000000000001; text-align: center; margin-top: 0pt; margin-bottom: 0pt;\"><span style=\"font-size: 12pt; font-family: 'Times New Roman'; color: #000000; background-color: transparent; font-weight: 400; font-style: normal; font-variant: normal; text-decoration: none; vertical-align: baseline; white-space: pre-wrap;\"><br \/><br \/><\/span><\/p><p dir=\"ltr\" style=\"line-height: 1.3800000000000001; text-align: center; margin-top: 0pt; margin-bottom: 0pt;\"><b id=\"docs-internal-guid-d9d96c29-7fff-32ad-22a7-cde3104ec585\" style=\"font-weight: normal;\">\u00a0<\/b><\/p><p dir=\"ltr\" style=\"line-height: 1.3800000000000001; text-align: center; margin-top: 0pt; margin-bottom: 0pt;\"><span style=\"font-size: 12pt; font-family: 'Times New Roman'; color: #000000; background-color: transparent; font-weight: bold; font-style: normal; font-variant: normal; text-decoration: none; vertical-align: baseline; white-space: pre-wrap;\">\u00d6ffnungszeiten:<\/span><\/p><p dir=\"ltr\" style=\"line-height: 1.3800000000000001; text-align: center; margin-top: 0pt; margin-bottom: 0pt;\">\u00a0<\/p><p dir=\"ltr\" style=\"line-height: 1.3800000000000001; text-align: center; margin-top: 0pt; margin-bottom: 0pt;\"><span style=\"font-size: 12pt; font-family: 'Times New Roman'; color: #00000a; background-color: transparent; font-weight: 400; font-style: normal; font-variant: normal; text-decoration: none; vertical-align: baseline; white-space: pre-wrap;\">Montag bis Sonntag: 9.00 &#8211; 15.00 Uhr<\/span><\/p><div><span style=\"font-size: 12pt; font-family: 'Times New Roman'; color: #00000a; background-color: transparent; font-weight: 400; font-style: normal; font-variant: normal; text-decoration: none; vertical-align: baseline; white-space: pre-wrap;\">\u00a0<\/span><\/div><div><span style=\"font-size: 12pt; font-family: 'Times New Roman'; color: #00000a; background-color: transparent; font-weight: 400; font-style: normal; font-variant: normal; text-decoration: none; vertical-align: baseline; white-space: pre-wrap;\">\u00a0<\/span><\/div>\t\t\t\t\t\t\t\t<\/div>\n\t\t\t\t<\/div>\n\t\t\t\t\t<\/div>\n\t\t<\/div>\n\t\t\t\t<div class=\"elementor-column elementor-col-50 elementor-top-column elementor-element elementor-element-a04542d\" data-id=\"a04542d\" data-element_type=\"column\">\n\t\t\t<div class=\"elementor-widget-wrap elementor-element-populated\">\n\t\t\t\t\t\t<div class=\"elementor-element elementor-element-bc03912 elementor-widget elementor-widget-image\" data-id=\"bc03912\" data-element_type=\"widget\" data-widget_type=\"image.default\">\n\t\t\t\t<div class=\"elementor-widget-container\">\n\t\t\t\t\t\t\t\t\t\t\t\t\t\t\t<img fetchpriority=\"high\" decoding=\"async\" width=\"1024\" height=\"683\" src=\"https:\/\/viafabrilis.zw.pl\/wp-content\/uploads\/2023\/07\/3-Historicka-brusirna-skla-1024x683.jpg\" class=\"attachment-large size-large wp-image-3505\" alt=\"\" srcset=\"https:\/\/viafabrilis.zw.pl\/wp-content\/uploads\/2023\/07\/3-Historicka-brusirna-skla-1024x683.jpg 1024w, https:\/\/viafabrilis.zw.pl\/wp-content\/uploads\/2023\/07\/3-Historicka-brusirna-skla-300x200.jpg 300w, https:\/\/viafabrilis.zw.pl\/wp-content\/uploads\/2023\/07\/3-Historicka-brusirna-skla-768x512.jpg 768w, https:\/\/viafabrilis.zw.pl\/wp-content\/uploads\/2023\/07\/3-Historicka-brusirna-skla-600x400.jpg 600w, https:\/\/viafabrilis.zw.pl\/wp-content\/uploads\/2023\/07\/3-Historicka-brusirna-skla.jpg 1200w\" sizes=\"(max-width: 1024px) 100vw, 1024px\" \/>\t\t\t\t\t\t\t\t\t\t\t\t\t\t\t<\/div>\n\t\t\t\t<\/div>\n\t\t\t\t\t<\/div>\n\t\t<\/div>\n\t\t\t\t\t<\/div>\n\t\t<\/section>\n\t\t\t\t<section class=\"elementor-section elementor-top-section elementor-element elementor-element-a9e6aa7 elementor-section-boxed elementor-section-height-default elementor-section-height-default\" data-id=\"a9e6aa7\" data-element_type=\"section\" data-settings=\"{&quot;jet_parallax_layout_list&quot;:[]}\">\n\t\t\t\t\t\t<div class=\"elementor-container elementor-column-gap-default\">\n\t\t\t\t\t<div class=\"elementor-column elementor-col-100 elementor-top-column elementor-element elementor-element-4ab0d58\" data-id=\"4ab0d58\" data-element_type=\"column\">\n\t\t\t<div class=\"elementor-widget-wrap elementor-element-populated\">\n\t\t\t\t\t\t<div class=\"elementor-element elementor-element-d4fd0dc elementor-widget elementor-widget-text-editor\" data-id=\"d4fd0dc\" data-element_type=\"widget\" data-widget_type=\"text-editor.default\">\n\t\t\t\t<div class=\"elementor-widget-container\">\n\t\t\t\t\t\t\t\t\t<p><span style=\"font-weight: 400;\">Die Glash\u00fctte und Minibrauerei der Firma Novosad &amp; syn arbeitet seit 1993. Sie befindet sich im Harrachover Stadteil Nov\u00fd Sv\u011bt (ehem. Neuwelt), in einem denkmalgesch\u00fctzten Geb\u00e4udekomplex der Glash\u00fctte von 1712.\u00a0 Die Besucher k\u00f6nnen den gesamten Prozess der Glasherstellung verfolgen, wie auch das manuelle Dekorieren der Gl\u00e4ser in einer Glasschleiferei aus dem Jahr 1895, die mit einer Wasserturbine betrieben wird. Die Schleiferei ist ein Denkmal und befindet sich auf der Weltkulturerbe-Liste der UNESCO.\u00a0<\/span><\/p><p><span style=\"font-weight: 400;\">Im Haus der Glasmeister, erbaut 1737, ist ein Glasmuseum untergebracht. Die hier ausgestellten Exponate dokumentieren die Geschichte der Glash\u00fctte bis in die heutige Zeit. Gezeigt werden alte Fotografien, historische Werkzeuge f\u00fcr die Glasherstellung, jedoch insbesondere Glaserzeugnisse, welche die Glasherstellung und -dekoration in Harrachov dokumentieren. Auf dem H\u00fcttengel\u00e4nde befinden sich ein Glasladen, eine Minibrauerei, ein Restaurant und Bierb\u00e4der.\u00a0<\/span><\/p><p><span style=\"font-weight: 400;\">Die Glash\u00fctte in Neuwelt (Nov\u00fd Sv\u011bt) wurde in der Herrschaft Starkenbach (Jilemnice) der Grafen Harrach gegr\u00fcndet. Sie \u00fcbernahm die Produktion anstelle der zuvor geschlossenen Glash\u00fctte im benachbarten Seifenbach (R\u00fd\u017eovi\u0161t\u011b). Der erste P\u00e4chter der H\u00fctte war Glasmeister Elias M\u00fcller. Er stellte die Produktion auf barockes Kristallglas um, legte eine Schleiferei an, stellte Graveure, Maler und Vergolder an. 1764 wurde die Glash\u00fctte von dem Herrschaftsbesitzer Graf Harrach gekauft. Hier wurden insbesondere Gebrauchsgl\u00e4ser und Glaskronleuchter hergestellt. Zudem wurden Rohgl\u00e4ser an die zahlreichen Veredelungsbetriebe in Nordb\u00f6hmen und Schlesien verkauft.\u00a0<\/span><\/p><p><span style=\"font-weight: 400;\">Die aktuelle Produktion umfasst insbesondere Luxus-Trinkgl\u00e4ser sowie Elemente f\u00fcr Kronleuchter. Die Harrachover Glash\u00fctte ist die einzige aktive Glash\u00fctte im tschechischen Riesengebirge und die \u00e4lteste ununterbrochen funktionierende Glash\u00fctte der Welt.\u00a0<\/span><\/p><p>\u00a0<\/p>\t\t\t\t\t\t\t\t<\/div>\n\t\t\t\t<\/div>\n\t\t\t\t\t<\/div>\n\t\t<\/div>\n\t\t\t\t\t<\/div>\n\t\t<\/section>\n\t\t\t\t<section class=\"elementor-section elementor-top-section elementor-element elementor-element-6e734a3 elementor-section-boxed elementor-section-height-default elementor-section-height-default\" data-id=\"6e734a3\" data-element_type=\"section\" data-settings=\"{&quot;jet_parallax_layout_list&quot;:[]}\">\n\t\t\t\t\t\t<div class=\"elementor-container elementor-column-gap-default\">\n\t\t\t\t\t<div class=\"elementor-column elementor-col-100 elementor-top-column elementor-element elementor-element-3cda490\" data-id=\"3cda490\" data-element_type=\"column\">\n\t\t\t<div class=\"elementor-widget-wrap elementor-element-populated\">\n\t\t\t\t\t\t<div class=\"elementor-element elementor-element-2d7781d elementor-widget elementor-widget-image-gallery\" data-id=\"2d7781d\" data-element_type=\"widget\" data-widget_type=\"image-gallery.default\">\n\t\t\t\t<div class=\"elementor-widget-container\">\n\t\t\t\t\t\t\t<div class=\"elementor-image-gallery\">\n\t\t\t<div id='gallery-1' class='gallery galleryid-3543 gallery-columns-2 gallery-size-monstroid2-thumb-justify'><figure class='gallery-item'>\n\t\t\t<div class='gallery-icon landscape'>\n\t\t\t\t<a data-elementor-open-lightbox=\"yes\" data-elementor-lightbox-slideshow=\"2d7781d\" data-elementor-lightbox-title=\"Skl\u00e1rna Novosad a Syn, Harrachov, \u010cesk\u00e1 Republika\" data-e-action-hash=\"#elementor-action%3Aaction%3Dlightbox%26settings%3DeyJpZCI6MzUwOSwidXJsIjoiaHR0cHM6XC9cL3ZpYWZhYnJpbGlzLnp3LnBsXC93cC1jb250ZW50XC91cGxvYWRzXC8yMDIzXC8wN1wvMS1BcmVhbC1oYXJyYWNob3Zza2Utc2tsYXJueS1hLWthcGxlLXN2Li1BbHpiZXR5LmpwZyIsInNsaWRlc2hvdyI6IjJkNzc4MWQifQ%3D%3D\" href='https:\/\/viafabrilis.zw.pl\/wp-content\/uploads\/2023\/07\/1-Areal-harrachovske-sklarny-a-kaple-sv.-Alzbety.jpg'><img decoding=\"async\" width=\"640\" height=\"640\" src=\"https:\/\/viafabrilis.zw.pl\/wp-content\/uploads\/2023\/07\/1-Areal-harrachovske-sklarny-a-kaple-sv.-Alzbety-640x640.jpg\" class=\"attachment-monstroid2-thumb-justify size-monstroid2-thumb-justify\" alt=\"\" aria-describedby=\"gallery-1-3509\" srcset=\"https:\/\/viafabrilis.zw.pl\/wp-content\/uploads\/2023\/07\/1-Areal-harrachovske-sklarny-a-kaple-sv.-Alzbety-640x640.jpg 640w, https:\/\/viafabrilis.zw.pl\/wp-content\/uploads\/2023\/07\/1-Areal-harrachovske-sklarny-a-kaple-sv.-Alzbety-150x150.jpg 150w, https:\/\/viafabrilis.zw.pl\/wp-content\/uploads\/2023\/07\/1-Areal-harrachovske-sklarny-a-kaple-sv.-Alzbety-230x230.jpg 230w, https:\/\/viafabrilis.zw.pl\/wp-content\/uploads\/2023\/07\/1-Areal-harrachovske-sklarny-a-kaple-sv.-Alzbety-400x400.jpg 400w\" sizes=\"(max-width: 640px) 100vw, 640px\" \/><\/a>\n\t\t\t<\/div>\n\t\t\t\t<figcaption class='wp-caption-text gallery-caption' id='gallery-1-3509'>\n\t\t\t\tGlash\u00fctte in Harrachov und Kapelle der Hl. Elisabeth\n\t\t\t\t<\/figcaption><\/figure><figure class='gallery-item'>\n\t\t\t<div class='gallery-icon landscape'>\n\t\t\t\t<a data-elementor-open-lightbox=\"yes\" data-elementor-lightbox-slideshow=\"2d7781d\" data-elementor-lightbox-title=\"2 - Hutni\u0301 hala s pecemi\" data-e-action-hash=\"#elementor-action%3Aaction%3Dlightbox%26settings%3DeyJpZCI6MzUxMywidXJsIjoiaHR0cHM6XC9cL3ZpYWZhYnJpbGlzLnp3LnBsXC93cC1jb250ZW50XC91cGxvYWRzXC8yMDIzXC8wN1wvMi1IdXRuaS1oYWxhLXMtcGVjZW1pLmpwZyIsInNsaWRlc2hvdyI6IjJkNzc4MWQifQ%3D%3D\" href='https:\/\/viafabrilis.zw.pl\/wp-content\/uploads\/2023\/07\/2-Hutni-hala-s-pecemi.jpg'><img decoding=\"async\" width=\"640\" height=\"640\" src=\"https:\/\/viafabrilis.zw.pl\/wp-content\/uploads\/2023\/07\/2-Hutni-hala-s-pecemi-640x640.jpg\" class=\"attachment-monstroid2-thumb-justify size-monstroid2-thumb-justify\" alt=\"\" aria-describedby=\"gallery-1-3513\" srcset=\"https:\/\/viafabrilis.zw.pl\/wp-content\/uploads\/2023\/07\/2-Hutni-hala-s-pecemi-640x640.jpg 640w, https:\/\/viafabrilis.zw.pl\/wp-content\/uploads\/2023\/07\/2-Hutni-hala-s-pecemi-150x150.jpg 150w, https:\/\/viafabrilis.zw.pl\/wp-content\/uploads\/2023\/07\/2-Hutni-hala-s-pecemi-230x230.jpg 230w, https:\/\/viafabrilis.zw.pl\/wp-content\/uploads\/2023\/07\/2-Hutni-hala-s-pecemi-400x400.jpg 400w\" sizes=\"(max-width: 640px) 100vw, 640px\" \/><\/a>\n\t\t\t<\/div>\n\t\t\t\t<figcaption class='wp-caption-text gallery-caption' id='gallery-1-3513'>\n\t\t\t\tOfenhalle\n\t\t\t\t<\/figcaption><\/figure><figure class='gallery-item'>\n\t\t\t<div class='gallery-icon landscape'>\n\t\t\t\t<a data-elementor-open-lightbox=\"yes\" data-elementor-lightbox-slideshow=\"2d7781d\" data-elementor-lightbox-title=\"3 - Historicka\u0301 brusi\u0301rna skla\" data-e-action-hash=\"#elementor-action%3Aaction%3Dlightbox%26settings%3DeyJpZCI6MzUxOCwidXJsIjoiaHR0cHM6XC9cL3ZpYWZhYnJpbGlzLnp3LnBsXC93cC1jb250ZW50XC91cGxvYWRzXC8yMDIzXC8wN1wvMy1IaXN0b3JpY2thLWJydXNpcm5hLXNrbGEtMS5qcGciLCJzbGlkZXNob3ciOiIyZDc3ODFkIn0%3D\" href='https:\/\/viafabrilis.zw.pl\/wp-content\/uploads\/2023\/07\/3-Historicka-brusirna-skla-1.jpg'><img loading=\"lazy\" decoding=\"async\" width=\"640\" height=\"640\" src=\"https:\/\/viafabrilis.zw.pl\/wp-content\/uploads\/2023\/07\/3-Historicka-brusirna-skla-1-640x640.jpg\" class=\"attachment-monstroid2-thumb-justify size-monstroid2-thumb-justify\" alt=\"\" aria-describedby=\"gallery-1-3518\" srcset=\"https:\/\/viafabrilis.zw.pl\/wp-content\/uploads\/2023\/07\/3-Historicka-brusirna-skla-1-640x640.jpg 640w, https:\/\/viafabrilis.zw.pl\/wp-content\/uploads\/2023\/07\/3-Historicka-brusirna-skla-1-150x150.jpg 150w, https:\/\/viafabrilis.zw.pl\/wp-content\/uploads\/2023\/07\/3-Historicka-brusirna-skla-1-230x230.jpg 230w, https:\/\/viafabrilis.zw.pl\/wp-content\/uploads\/2023\/07\/3-Historicka-brusirna-skla-1-400x400.jpg 400w\" sizes=\"(max-width: 640px) 100vw, 640px\" \/><\/a>\n\t\t\t<\/div>\n\t\t\t\t<figcaption class='wp-caption-text gallery-caption' id='gallery-1-3518'>\n\t\t\t\tHistorische Glasschleiferei\n\t\t\t\t<\/figcaption><\/figure><figure class='gallery-item'>\n\t\t\t<div class='gallery-icon landscape'>\n\t\t\t\t<a data-elementor-open-lightbox=\"yes\" data-elementor-lightbox-slideshow=\"2d7781d\" data-elementor-lightbox-title=\"Skl\u00e1rna Harrachov\" data-e-action-hash=\"#elementor-action%3Aaction%3Dlightbox%26settings%3DeyJpZCI6MzUyMiwidXJsIjoiaHR0cHM6XC9cL3ZpYWZhYnJpbGlzLnp3LnBsXC93cC1jb250ZW50XC91cGxvYWRzXC8yMDIzXC8wN1wvNC1Va2F6a3ktc291Y2FzbmUtcHJvZHVrY2Utc2tsYXJueS5qcGciLCJzbGlkZXNob3ciOiIyZDc3ODFkIn0%3D\" href='https:\/\/viafabrilis.zw.pl\/wp-content\/uploads\/2023\/07\/4-Ukazky-soucasne-produkce-sklarny.jpg'><img loading=\"lazy\" decoding=\"async\" width=\"640\" height=\"640\" src=\"https:\/\/viafabrilis.zw.pl\/wp-content\/uploads\/2023\/07\/4-Ukazky-soucasne-produkce-sklarny-640x640.jpg\" class=\"attachment-monstroid2-thumb-justify size-monstroid2-thumb-justify\" alt=\"\" aria-describedby=\"gallery-1-3522\" srcset=\"https:\/\/viafabrilis.zw.pl\/wp-content\/uploads\/2023\/07\/4-Ukazky-soucasne-produkce-sklarny-640x640.jpg 640w, https:\/\/viafabrilis.zw.pl\/wp-content\/uploads\/2023\/07\/4-Ukazky-soucasne-produkce-sklarny-150x150.jpg 150w, https:\/\/viafabrilis.zw.pl\/wp-content\/uploads\/2023\/07\/4-Ukazky-soucasne-produkce-sklarny-230x230.jpg 230w, https:\/\/viafabrilis.zw.pl\/wp-content\/uploads\/2023\/07\/4-Ukazky-soucasne-produkce-sklarny-400x400.jpg 400w\" sizes=\"(max-width: 640px) 100vw, 640px\" \/><\/a>\n\t\t\t<\/div>\n\t\t\t\t<figcaption class='wp-caption-text gallery-caption' id='gallery-1-3522'>\n\t\t\t\tBeispiele aus der aktuellen Produktion\n\t\t\t\t<\/figcaption><\/figure>\n\t\t<\/div>\n\t\t<\/div>\n\t\t\t\t\t\t<\/div>\n\t\t\t\t<\/div>\n\t\t\t\t\t<\/div>\n\t\t<\/div>\n\t\t\t\t\t<\/div>\n\t\t<\/section>\n\t\t\t\t<section class=\"elementor-section elementor-top-section elementor-element elementor-element-2cc51ab elementor-section-boxed elementor-section-height-default elementor-section-height-default\" data-id=\"2cc51ab\" data-element_type=\"section\" data-settings=\"{&quot;jet_parallax_layout_list&quot;:[]}\">\n\t\t\t\t\t\t<div class=\"elementor-container elementor-column-gap-default\">\n\t\t\t\t\t<div class=\"elementor-column elementor-col-100 elementor-top-column elementor-element elementor-element-2395fb5\" data-id=\"2395fb5\" data-element_type=\"column\">\n\t\t\t<div class=\"elementor-widget-wrap elementor-element-populated\">\n\t\t\t\t\t\t<div class=\"elementor-element elementor-element-ae9a56d elementor-widget elementor-widget-spacer\" data-id=\"ae9a56d\" data-element_type=\"widget\" data-widget_type=\"spacer.default\">\n\t\t\t\t<div class=\"elementor-widget-container\">\n\t\t\t\t\t\t\t<div class=\"elementor-spacer\">\n\t\t\t<div class=\"elementor-spacer-inner\"><\/div>\n\t\t<\/div>\n\t\t\t\t\t\t<\/div>\n\t\t\t\t<\/div>\n\t\t\t\t\t<\/div>\n\t\t<\/div>\n\t\t\t\t\t<\/div>\n\t\t<\/section>\n\t\t\t\t<\/div>\n\t\t","protected":false},"excerpt":{"rendered":"<p>Harrachov 95 CZE-512 46 Harrachov Tel.: +420 481 528&nbsp;141 E-Mail: turistik@sklarnaharrachov.cz www.sklarnaharrachov.cz &nbsp; \u00d6ffnungszeiten: Montag bis Sonntag: 9.00 &#8211; 15.00 Uhr Die Glash\u00fctte und Minibrauerei der Firma Novosad &amp; syn arbeitet seit 1993. Sie befindet sich im Harrachover Stadteil Nov\u00fd Sv\u011bt (ehem. Neuwelt), in einem denkmalgesch\u00fctzten Geb\u00e4udekomplex der Glash\u00fctte von 1712.&nbsp; Die Besucher k\u00f6nnen den [&hellip;]<\/p>\n","protected":false},"author":1,"featured_media":3518,"parent":0,"menu_order":0,"comment_status":"closed","ping_status":"closed","template":"","meta":{"footnotes":""},"class_list":["post-3543","page","type-page","status-publish","has-post-thumbnail","hentry","entry","has-media"],"_links":{"self":[{"href":"https:\/\/viafabrilis.zw.pl\/de\/wp-json\/wp\/v2\/pages\/3543","targetHints":{"allow":["GET"]}}],"collection":[{"href":"https:\/\/viafabrilis.zw.pl\/de\/wp-json\/wp\/v2\/pages"}],"about":[{"href":"https:\/\/viafabrilis.zw.pl\/de\/wp-json\/wp\/v2\/types\/page"}],"author":[{"embeddable":true,"href":"https:\/\/viafabrilis.zw.pl\/de\/wp-json\/wp\/v2\/users\/1"}],"replies":[{"embeddable":true,"href":"https:\/\/viafabrilis.zw.pl\/de\/wp-json\/wp\/v2\/comments?post=3543"}],"version-history":[{"count":6,"href":"https:\/\/viafabrilis.zw.pl\/de\/wp-json\/wp\/v2\/pages\/3543\/revisions"}],"predecessor-version":[{"id":8860,"href":"https:\/\/viafabrilis.zw.pl\/de\/wp-json\/wp\/v2\/pages\/3543\/revisions\/8860"}],"wp:featuredmedia":[{"embeddable":true,"href":"https:\/\/viafabrilis.zw.pl\/de\/wp-json\/wp\/v2\/media\/3518"}],"wp:attachment":[{"href":"https:\/\/viafabrilis.zw.pl\/de\/wp-json\/wp\/v2\/media?parent=3543"}],"curies":[{"name":"wp","href":"https:\/\/api.w.org\/{rel}","templated":true}]}}