{"id":3999,"date":"2023-07-15T10:25:19","date_gmt":"2023-07-15T08:25:19","guid":{"rendered":"https:\/\/viafabrilis.zw.pl\/?page_id=3999"},"modified":"2024-02-10T16:47:15","modified_gmt":"2024-02-10T15:47:15","slug":"landeskundliches-museum-fuer-den-ort-vysoke-nad-izerou-und-umgebung","status":"publish","type":"page","link":"https:\/\/viafabrilis.zw.pl\/de\/landeskundliches-museum-fuer-den-ort-vysoke-nad-izerou-und-umgebung\/","title":{"rendered":"Landeskundliches Museum f\u00fcr den Ort Vysok\u00e9 nad Izerou und Umgebung"},"content":{"rendered":"\t\t<div data-elementor-type=\"wp-page\" data-elementor-id=\"3999\" class=\"elementor elementor-3999\" data-elementor-post-type=\"page\">\n\t\t\t\t\t\t<section class=\"elementor-section elementor-top-section elementor-element elementor-element-30722e6 elementor-section-boxed elementor-section-height-default elementor-section-height-default\" data-id=\"30722e6\" data-element_type=\"section\" data-settings=\"{&quot;jet_parallax_layout_list&quot;:[]}\">\n\t\t\t\t\t\t<div class=\"elementor-container elementor-column-gap-default\">\n\t\t\t\t\t<div class=\"elementor-column elementor-col-50 elementor-top-column elementor-element elementor-element-c3ccecf\" data-id=\"c3ccecf\" data-element_type=\"column\">\n\t\t\t<div class=\"elementor-widget-wrap elementor-element-populated\">\n\t\t\t\t\t\t<div class=\"elementor-element elementor-element-80ff185 elementor-widget elementor-widget-text-editor\" data-id=\"80ff185\" data-element_type=\"widget\" data-widget_type=\"text-editor.default\">\n\t\t\t\t<div class=\"elementor-widget-container\">\n\t\t\t\t\t\t\t\t\t<p dir=\"ltr\" style=\"line-height: 1.3800000000000001; text-align: center; margin-top: 0pt; margin-bottom: 8pt;\"><span style=\"font-size: 12pt; font-family: 'Times New Roman'; color: #000000; background-color: transparent; font-weight: 400; font-style: normal; font-variant: normal; text-decoration: none; vertical-align: baseline; white-space: pre-wrap;\">ThDr. Karla Farsk\u00e9ho 130<\/span><\/p><p dir=\"ltr\" style=\"line-height: 1.3800000000000001; text-align: center; margin-top: 0pt; margin-bottom: 0pt;\"><span style=\"font-size: 12pt; font-family: 'Times New Roman'; color: #000000; background-color: transparent; font-weight: 400; font-style: normal; font-variant: normal; text-decoration: none; vertical-align: baseline; white-space: pre-wrap;\">CZE-512 11 Vysok\u00e9 nad Jizerou<\/span><\/p><p dir=\"ltr\" style=\"line-height: 1.3800000000000001; text-align: center; margin-top: 0pt; margin-bottom: 0pt;\"><a style=\"text-decoration: none;\" href=\"tel:+420\"><span style=\"font-size: 12pt; font-family: 'Times New Roman'; color: #000000; background-color: transparent; font-weight: 400; font-style: normal; font-variant: normal; text-decoration: none; vertical-align: baseline; white-space: pre-wrap;\">Tel.: +420<\/span><\/a><span style=\"font-size: 12pt; font-family: 'Times New Roman'; color: #000000; background-color: transparent; font-weight: 400; font-style: normal; font-variant: normal; text-decoration: none; vertical-align: baseline; white-space: pre-wrap;\"> 481 593 118<\/span><\/p><p dir=\"ltr\" style=\"line-height: 1.3800000000000001; text-align: center; margin-top: 0pt; margin-bottom: 0pt;\"><span style=\"font-size: 12pt; font-family: 'Times New Roman'; color: #000000; background-color: transparent; font-weight: 400; font-style: normal; font-variant: normal; text-decoration: none; vertical-align: baseline; white-space: pre-wrap;\">E-Mail: muzeu@vysokenadjizerou.cz<\/span><\/p><p dir=\"ltr\" style=\"line-height: 1.3800000000000001; text-align: center; margin-top: 0pt; margin-bottom: 0pt;\"><a style=\"text-decoration: none;\" href=\"http:\/\/www.vysokenadjizerou.cz\"><span style=\"font-size: 12pt; font-family: 'Times New Roman'; color: #0000ff; background-color: transparent; font-weight: 400; font-style: normal; font-variant: normal; text-decoration: underline; -webkit-text-decoration-skip: none; text-decoration-skip-ink: none; vertical-align: baseline; white-space: pre-wrap;\">www.vysokenadjizerou.cz<\/span><\/a><\/p><p dir=\"ltr\" style=\"line-height: 1.3800000000000001; text-align: center; margin-top: 0pt; margin-bottom: 8pt;\"><b id=\"docs-internal-guid-09be2319-7fff-72b4-2250-920a496866d4\" style=\"font-weight: normal;\">\u00a0<\/b><\/p><p dir=\"ltr\" style=\"line-height: 1.3800000000000001; text-align: center; margin-top: 0pt; margin-bottom: 0pt;\"><span style=\"font-size: 12pt; font-family: 'Times New Roman'; color: #000000; background-color: transparent; font-weight: bold; font-style: normal; font-variant: normal; text-decoration: none; vertical-align: baseline; white-space: pre-wrap;\">\u00d6ffnungszeiten<\/span><span style=\"font-size: 12pt; font-family: 'Times New Roman'; color: #000000; background-color: transparent; font-weight: 400; font-style: normal; font-variant: normal; text-decoration: none; vertical-align: baseline; white-space: pre-wrap;\">:<\/span><\/p><p dir=\"ltr\" style=\"line-height: 1.3800000000000001; text-align: center; margin-top: 0pt; margin-bottom: 8pt;\">\u00a0<\/p><p dir=\"ltr\" style=\"line-height: 1.3800000000000001; text-align: center; margin-top: 0pt; margin-bottom: 10pt;\"><span style=\"font-size: 12pt; font-family: 'Times New Roman'; color: #000000; background-color: transparent; font-weight: 400; font-style: normal; font-variant: normal; text-decoration: none; vertical-align: baseline; white-space: pre-wrap;\">Dienstag bis Sonntag: 9:00 &#8211; 12:00 und 13:00 &#8211; 16:00 Uhr<\/span><\/p><div><span style=\"font-size: 12pt; font-family: 'Times New Roman'; color: #000000; background-color: transparent; font-weight: 400; font-style: normal; font-variant: normal; text-decoration: none; vertical-align: baseline; white-space: pre-wrap;\">\u00a0<\/span><\/div><div><span style=\"font-size: 12pt; font-family: 'Times New Roman'; color: #000000; background-color: transparent; font-weight: 400; font-style: normal; font-variant: normal; text-decoration: none; vertical-align: baseline; white-space: pre-wrap;\">\u00a0<\/span><\/div>\t\t\t\t\t\t\t\t<\/div>\n\t\t\t\t<\/div>\n\t\t\t\t\t<\/div>\n\t\t<\/div>\n\t\t\t\t<div class=\"elementor-column elementor-col-50 elementor-top-column elementor-element elementor-element-3d8a65e\" data-id=\"3d8a65e\" data-element_type=\"column\">\n\t\t\t<div class=\"elementor-widget-wrap elementor-element-populated\">\n\t\t\t\t\t\t<div class=\"elementor-element elementor-element-e817ddb elementor-widget elementor-widget-image\" data-id=\"e817ddb\" data-element_type=\"widget\" data-widget_type=\"image.default\">\n\t\t\t\t<div class=\"elementor-widget-container\">\n\t\t\t\t\t\t\t\t\t\t\t\t\t\t\t<img fetchpriority=\"high\" decoding=\"async\" width=\"1024\" height=\"576\" src=\"https:\/\/viafabrilis.zw.pl\/wp-content\/uploads\/2023\/07\/01-z-internetu--1024x576.jpg\" class=\"attachment-large size-large wp-image-3961\" alt=\"\" srcset=\"https:\/\/viafabrilis.zw.pl\/wp-content\/uploads\/2023\/07\/01-z-internetu--1024x576.jpg 1024w, https:\/\/viafabrilis.zw.pl\/wp-content\/uploads\/2023\/07\/01-z-internetu--300x169.jpg 300w, https:\/\/viafabrilis.zw.pl\/wp-content\/uploads\/2023\/07\/01-z-internetu--768x432.jpg 768w, https:\/\/viafabrilis.zw.pl\/wp-content\/uploads\/2023\/07\/01-z-internetu--150x85.jpg 150w, https:\/\/viafabrilis.zw.pl\/wp-content\/uploads\/2023\/07\/01-z-internetu--600x338.jpg 600w, https:\/\/viafabrilis.zw.pl\/wp-content\/uploads\/2023\/07\/01-z-internetu-.jpg 1200w\" sizes=\"(max-width: 1024px) 100vw, 1024px\" \/>\t\t\t\t\t\t\t\t\t\t\t\t\t\t\t<\/div>\n\t\t\t\t<\/div>\n\t\t\t\t\t<\/div>\n\t\t<\/div>\n\t\t\t\t\t<\/div>\n\t\t<\/section>\n\t\t\t\t<section class=\"elementor-section elementor-top-section elementor-element elementor-element-f31d55c elementor-section-boxed elementor-section-height-default elementor-section-height-default\" data-id=\"f31d55c\" data-element_type=\"section\" data-settings=\"{&quot;jet_parallax_layout_list&quot;:[]}\">\n\t\t\t\t\t\t<div class=\"elementor-container elementor-column-gap-default\">\n\t\t\t\t\t<div class=\"elementor-column elementor-col-100 elementor-top-column elementor-element elementor-element-bef2195\" data-id=\"bef2195\" data-element_type=\"column\">\n\t\t\t<div class=\"elementor-widget-wrap elementor-element-populated\">\n\t\t\t\t\t\t<div class=\"elementor-element elementor-element-73ff2d9 elementor-widget elementor-widget-text-editor\" data-id=\"73ff2d9\" data-element_type=\"widget\" data-widget_type=\"text-editor.default\">\n\t\t\t\t<div class=\"elementor-widget-container\">\n\t\t\t\t\t\t\t\t\t<p><span style=\"font-weight: 400;\">Den Grundstock des 1930 gegr\u00fcndeten Museums bilden Sammlungen, die f\u00fcr die Ethnographische Ausstellung in Prag 1895 zusammengetragen wurden.\u00a0 Die Dauerausstellungen zeigen einen reichen Bestand an Objekten zur Geschichte der Stadt, die vor allem mit Skifahren assoziiert wird. Bekannt ist auch die lebendige Tradition des Amateurtheaters, die \u00e4lteste in ganz Tschechien. Die Exponate informieren \u00fcber die Geschichte der Burg N\u00edst\u011bjka, die Glasproduktion im Mittelalter sowie \u00fcber die Entwicklung der handwerklichen und landwirtschaftlichen Produktion. Ausgestellt werden Kleidung und M\u00f6bel der Stadtbewohner, aber auch eine einfache l\u00e4ndliche Stube, die stets mit einem Spinnrad und einem Webstuhl sowie mit Ger\u00e4ten zum Schneiden und Auff\u00e4deln von Glasperlen ausgestattet war. Diese Ger\u00e4tschaften sind noch bis heute in vielen hiesigen Haushalten vorhanden.<\/span><\/p><p><span style=\"font-weight: 400;\">Fr\u00fcher konnte man dort auch gro\u00dfe N\u00e4hmaschinen vorfinden, die der manuellen Herstellung von besonderen Hausschuhen dienten. Dieser Zweig des Schuhmacherhandwerks produzierte in Heimarbeit Hausschuhe, die wegen ihrer niedrigen Preise und ihrer Zweckm\u00e4\u00dfigkeit sehr beliebt in der Region waren. Zur Herstellung dienten alte Teppiche, abgetragene Winterm\u00e4ntel oder Flanellunterw\u00e4sche. Die Stoffe wurden in mehreren Schichten miteinander verklebt und vern\u00e4ht, sodass die Hausschuhe warm und teilweise auch wasserdicht waren.<\/span><\/p><p><span style=\"font-weight: 400;\">Lokale Krippenbau-Traditionen spiegelt eine Krippe von Franti\u0161ek Hanu\u0161 wider, jedoch insbesondere die gr\u00f6\u00dfte Attraktion des Museums \u2013 eine bewegliche Krippe von Jan Metelka vom Ende des 19. Jh. Im gesamten Museumsgeb\u00e4ude verstreut finden sich auch zahlreiche R\u00fcbezahlfiguren.\u00a0<\/span><\/p>\t\t\t\t\t\t\t\t<\/div>\n\t\t\t\t<\/div>\n\t\t\t\t\t<\/div>\n\t\t<\/div>\n\t\t\t\t\t<\/div>\n\t\t<\/section>\n\t\t\t\t<section class=\"elementor-section elementor-top-section elementor-element elementor-element-dc716b0 elementor-section-boxed elementor-section-height-default elementor-section-height-default\" data-id=\"dc716b0\" data-element_type=\"section\" data-settings=\"{&quot;jet_parallax_layout_list&quot;:[]}\">\n\t\t\t\t\t\t<div class=\"elementor-container elementor-column-gap-default\">\n\t\t\t\t\t<div class=\"elementor-column elementor-col-100 elementor-top-column elementor-element elementor-element-d5d040f\" data-id=\"d5d040f\" data-element_type=\"column\">\n\t\t\t<div class=\"elementor-widget-wrap elementor-element-populated\">\n\t\t\t\t\t\t<div class=\"elementor-element elementor-element-31298a4 elementor-widget elementor-widget-image-gallery\" data-id=\"31298a4\" data-element_type=\"widget\" data-widget_type=\"image-gallery.default\">\n\t\t\t\t<div class=\"elementor-widget-container\">\n\t\t\t\t\t\t\t<div class=\"elementor-image-gallery\">\n\t\t\t<div id='gallery-1' class='gallery galleryid-3999 gallery-columns-4 gallery-size-monstroid2-thumb-justify'><figure class='gallery-item'>\n\t\t\t<div class='gallery-icon landscape'>\n\t\t\t\t<a data-elementor-open-lightbox=\"yes\" data-elementor-lightbox-slideshow=\"31298a4\" data-elementor-lightbox-title=\"1 - Budova muzea, dr\u030ci\u0301ve si\u0301dlo okresni\u0301ho soudu\" data-e-action-hash=\"#elementor-action%3Aaction%3Dlightbox%26settings%3DeyJpZCI6Mzk3MiwidXJsIjoiaHR0cHM6XC9cL3ZpYWZhYnJpbGlzLnp3LnBsXC93cC1jb250ZW50XC91cGxvYWRzXC8yMDIzXC8wN1wvMS1CdWRvdmEtbXV6ZWEtZHJpdmUtc2lkbG8tb2tyZXNuaWhvLXNvdWR1LmpwZyIsInNsaWRlc2hvdyI6IjMxMjk4YTQifQ%3D%3D\" href='https:\/\/viafabrilis.zw.pl\/wp-content\/uploads\/2023\/07\/1-Budova-muzea-drive-sidlo-okresniho-soudu.jpg'><img decoding=\"async\" width=\"640\" height=\"640\" src=\"https:\/\/viafabrilis.zw.pl\/wp-content\/uploads\/2023\/07\/1-Budova-muzea-drive-sidlo-okresniho-soudu-640x640.jpg\" class=\"attachment-monstroid2-thumb-justify size-monstroid2-thumb-justify\" alt=\"\" aria-describedby=\"gallery-1-3972\" srcset=\"https:\/\/viafabrilis.zw.pl\/wp-content\/uploads\/2023\/07\/1-Budova-muzea-drive-sidlo-okresniho-soudu-640x640.jpg 640w, https:\/\/viafabrilis.zw.pl\/wp-content\/uploads\/2023\/07\/1-Budova-muzea-drive-sidlo-okresniho-soudu-150x150.jpg 150w, https:\/\/viafabrilis.zw.pl\/wp-content\/uploads\/2023\/07\/1-Budova-muzea-drive-sidlo-okresniho-soudu-230x230.jpg 230w, https:\/\/viafabrilis.zw.pl\/wp-content\/uploads\/2023\/07\/1-Budova-muzea-drive-sidlo-okresniho-soudu-400x400.jpg 400w\" sizes=\"(max-width: 640px) 100vw, 640px\" \/><\/a>\n\t\t\t<\/div>\n\t\t\t\t<figcaption class='wp-caption-text gallery-caption' id='gallery-1-3972'>\n\t\t\t\tMuseumsgeb\u00e4ude, ehem. Kreisgericht\n\t\t\t\t<\/figcaption><\/figure><figure class='gallery-item'>\n\t\t\t<div class='gallery-icon landscape'>\n\t\t\t\t<a data-elementor-open-lightbox=\"yes\" data-elementor-lightbox-slideshow=\"31298a4\" data-elementor-lightbox-title=\"muzeum, interi\u0165ry - Vysok\u0165 nad Jizerou\" data-e-action-hash=\"#elementor-action%3Aaction%3Dlightbox%26settings%3DeyJpZCI6Mzk3NywidXJsIjoiaHR0cHM6XC9cL3ZpYWZhYnJpbGlzLnp3LnBsXC93cC1jb250ZW50XC91cGxvYWRzXC8yMDIzXC8wN1wvMi1CYWNrb3JhcnNreS1zaWNpLXN0cm9qLW5hLXByb3NpdmFuaS1wb2Rlc3ZpLmpwZyIsInNsaWRlc2hvdyI6IjMxMjk4YTQifQ%3D%3D\" href='https:\/\/viafabrilis.zw.pl\/wp-content\/uploads\/2023\/07\/2-Backorarsky-sici-stroj-na-prosivani-podesvi.jpg'><img decoding=\"async\" width=\"640\" height=\"640\" src=\"https:\/\/viafabrilis.zw.pl\/wp-content\/uploads\/2023\/07\/2-Backorarsky-sici-stroj-na-prosivani-podesvi-640x640.jpg\" class=\"attachment-monstroid2-thumb-justify size-monstroid2-thumb-justify\" alt=\"\" aria-describedby=\"gallery-1-3977\" srcset=\"https:\/\/viafabrilis.zw.pl\/wp-content\/uploads\/2023\/07\/2-Backorarsky-sici-stroj-na-prosivani-podesvi-640x640.jpg 640w, https:\/\/viafabrilis.zw.pl\/wp-content\/uploads\/2023\/07\/2-Backorarsky-sici-stroj-na-prosivani-podesvi-150x150.jpg 150w, https:\/\/viafabrilis.zw.pl\/wp-content\/uploads\/2023\/07\/2-Backorarsky-sici-stroj-na-prosivani-podesvi-230x230.jpg 230w, https:\/\/viafabrilis.zw.pl\/wp-content\/uploads\/2023\/07\/2-Backorarsky-sici-stroj-na-prosivani-podesvi-400x400.jpg 400w\" sizes=\"(max-width: 640px) 100vw, 640px\" \/><\/a>\n\t\t\t<\/div>\n\t\t\t\t<figcaption class='wp-caption-text gallery-caption' id='gallery-1-3977'>\n\t\t\t\tMaschine zum Ann\u00e4hen von Sohlen an die in der Region beliebten Thermoschuhe \n\t\t\t\t<\/figcaption><\/figure><figure class='gallery-item'>\n\t\t\t<div class='gallery-icon portrait'>\n\t\t\t\t<a data-elementor-open-lightbox=\"yes\" data-elementor-lightbox-slideshow=\"31298a4\" data-elementor-lightbox-title=\"3 - Lyz\u030ce a brusle vyra\u0301be\u030cne\u0301 a uz\u030ci\u0301vane\u0301 na Vysocku\" data-e-action-hash=\"#elementor-action%3Aaction%3Dlightbox%26settings%3DeyJpZCI6Mzk4MSwidXJsIjoiaHR0cHM6XC9cL3ZpYWZhYnJpbGlzLnp3LnBsXC93cC1jb250ZW50XC91cGxvYWRzXC8yMDIzXC8wN1wvMy1MeXplLWEtYnJ1c2xlLXZ5cmFiZW5lLWEtdXppdmFuZS1uYS1WeXNvY2t1LmpwZyIsInNsaWRlc2hvdyI6IjMxMjk4YTQifQ%3D%3D\" href='https:\/\/viafabrilis.zw.pl\/wp-content\/uploads\/2023\/07\/3-Lyze-a-brusle-vyrabene-a-uzivane-na-Vysocku.jpg'><img loading=\"lazy\" decoding=\"async\" width=\"640\" height=\"640\" src=\"https:\/\/viafabrilis.zw.pl\/wp-content\/uploads\/2023\/07\/3-Lyze-a-brusle-vyrabene-a-uzivane-na-Vysocku-640x640.jpg\" class=\"attachment-monstroid2-thumb-justify size-monstroid2-thumb-justify\" alt=\"\" aria-describedby=\"gallery-1-3981\" srcset=\"https:\/\/viafabrilis.zw.pl\/wp-content\/uploads\/2023\/07\/3-Lyze-a-brusle-vyrabene-a-uzivane-na-Vysocku-640x640.jpg 640w, https:\/\/viafabrilis.zw.pl\/wp-content\/uploads\/2023\/07\/3-Lyze-a-brusle-vyrabene-a-uzivane-na-Vysocku-150x150.jpg 150w, https:\/\/viafabrilis.zw.pl\/wp-content\/uploads\/2023\/07\/3-Lyze-a-brusle-vyrabene-a-uzivane-na-Vysocku-230x230.jpg 230w, https:\/\/viafabrilis.zw.pl\/wp-content\/uploads\/2023\/07\/3-Lyze-a-brusle-vyrabene-a-uzivane-na-Vysocku-400x400.jpg 400w\" sizes=\"(max-width: 640px) 100vw, 640px\" \/><\/a>\n\t\t\t<\/div>\n\t\t\t\t<figcaption class='wp-caption-text gallery-caption' id='gallery-1-3981'>\n\t\t\t\tSkier und Schlittschuhe, hergestellt und verwendet in der Region Vysok\u00e9\n\t\t\t\t<\/figcaption><\/figure><figure class='gallery-item'>\n\t\t\t<div class='gallery-icon landscape'>\n\t\t\t\t<a data-elementor-open-lightbox=\"yes\" data-elementor-lightbox-slideshow=\"31298a4\" data-elementor-lightbox-title=\"4 - Me\u030cstsky\u0301 znak se symboly zame\u030cstna\u0301ni\u0301 mi\u0301stni\u0301ch obyvatel, kolorovana\u0301 dr\u030cevor\u030cezba Fr.Hanus\u030ce pro Na\u0301rodopisnou vy\u0301stavu c\u030ceskoslovanskou v r. 1895\" data-e-action-hash=\"#elementor-action%3Aaction%3Dlightbox%26settings%3DeyJpZCI6Mzk4NSwidXJsIjoiaHR0cHM6XC9cL3ZpYWZhYnJpbGlzLnp3LnBsXC93cC1jb250ZW50XC91cGxvYWRzXC8yMDIzXC8wN1wvNC1NZXN0c2t5LXpuYWstc2Utc3ltYm9seS16YW1lc3RuYW5pLW1pc3RuaWNoLW9ieXZhdGVsLWtvbG9yb3ZhbmEtZHJldm9yZXpiYS1Gci5IYW51c2UtcHJvLU5hcm9kb3Bpc25vdS12eXN0YXZ1LWNlc2tvc2xvdmFuc2tvdS12LXIuLTE4OTUuanBnIiwic2xpZGVzaG93IjoiMzEyOThhNCJ9\" href='https:\/\/viafabrilis.zw.pl\/wp-content\/uploads\/2023\/07\/4-Mestsky-znak-se-symboly-zamestnani-mistnich-obyvatel-kolorovana-drevorezba-Fr.Hanuse-pro-Narodopisnou-vystavu-ceskoslovanskou-v-r.-1895.jpg'><img loading=\"lazy\" decoding=\"async\" width=\"640\" height=\"640\" src=\"https:\/\/viafabrilis.zw.pl\/wp-content\/uploads\/2023\/07\/4-Mestsky-znak-se-symboly-zamestnani-mistnich-obyvatel-kolorovana-drevorezba-Fr.Hanuse-pro-Narodopisnou-vystavu-ceskoslovanskou-v-r.-1895-640x640.jpg\" class=\"attachment-monstroid2-thumb-justify size-monstroid2-thumb-justify\" alt=\"\" aria-describedby=\"gallery-1-3985\" srcset=\"https:\/\/viafabrilis.zw.pl\/wp-content\/uploads\/2023\/07\/4-Mestsky-znak-se-symboly-zamestnani-mistnich-obyvatel-kolorovana-drevorezba-Fr.Hanuse-pro-Narodopisnou-vystavu-ceskoslovanskou-v-r.-1895-640x640.jpg 640w, https:\/\/viafabrilis.zw.pl\/wp-content\/uploads\/2023\/07\/4-Mestsky-znak-se-symboly-zamestnani-mistnich-obyvatel-kolorovana-drevorezba-Fr.Hanuse-pro-Narodopisnou-vystavu-ceskoslovanskou-v-r.-1895-150x150.jpg 150w, https:\/\/viafabrilis.zw.pl\/wp-content\/uploads\/2023\/07\/4-Mestsky-znak-se-symboly-zamestnani-mistnich-obyvatel-kolorovana-drevorezba-Fr.Hanuse-pro-Narodopisnou-vystavu-ceskoslovanskou-v-r.-1895-230x230.jpg 230w, https:\/\/viafabrilis.zw.pl\/wp-content\/uploads\/2023\/07\/4-Mestsky-znak-se-symboly-zamestnani-mistnich-obyvatel-kolorovana-drevorezba-Fr.Hanuse-pro-Narodopisnou-vystavu-ceskoslovanskou-v-r.-1895-400x400.jpg 400w\" sizes=\"(max-width: 640px) 100vw, 640px\" \/><\/a>\n\t\t\t<\/div>\n\t\t\t\t<figcaption class='wp-caption-text gallery-caption' id='gallery-1-3985'>\n\t\t\t\tStadtwappen mit den Symbolen der einheimischen Handwerke; polychromes Holzrelief, Franti\u0161ek Hanu\u0161, hergestellt f\u00fcr die Tschechoslowakische Ethnographische Ausstellung in Prag 1895\n\t\t\t\t<\/figcaption><\/figure>\n\t\t<\/div>\n\t\t<\/div>\n\t\t\t\t\t\t<\/div>\n\t\t\t\t<\/div>\n\t\t\t\t\t<\/div>\n\t\t<\/div>\n\t\t\t\t\t<\/div>\n\t\t<\/section>\n\t\t\t\t<\/div>\n\t\t","protected":false},"excerpt":{"rendered":"<p>ThDr. Karla Farsk\u00e9ho 130 CZE-512 11 Vysok\u00e9 nad Jizerou Tel.: +420 481 593 118 E-Mail: muzeu@vysokenadjizerou.cz www.vysokenadjizerou.cz &nbsp; \u00d6ffnungszeiten: Dienstag bis Sonntag: 9:00 &#8211; 12:00 und 13:00 &#8211; 16:00 Uhr Den Grundstock des 1930 gegr\u00fcndeten Museums bilden Sammlungen, die f\u00fcr die Ethnographische Ausstellung in Prag 1895 zusammengetragen wurden.&nbsp; Die Dauerausstellungen zeigen einen reichen Bestand an [&hellip;]<\/p>\n","protected":false},"author":1,"featured_media":3964,"parent":0,"menu_order":0,"comment_status":"closed","ping_status":"closed","template":"","meta":{"footnotes":""},"class_list":["post-3999","page","type-page","status-publish","has-post-thumbnail","hentry","entry","has-media"],"_links":{"self":[{"href":"https:\/\/viafabrilis.zw.pl\/de\/wp-json\/wp\/v2\/pages\/3999","targetHints":{"allow":["GET"]}}],"collection":[{"href":"https:\/\/viafabrilis.zw.pl\/de\/wp-json\/wp\/v2\/pages"}],"about":[{"href":"https:\/\/viafabrilis.zw.pl\/de\/wp-json\/wp\/v2\/types\/page"}],"author":[{"embeddable":true,"href":"https:\/\/viafabrilis.zw.pl\/de\/wp-json\/wp\/v2\/users\/1"}],"replies":[{"embeddable":true,"href":"https:\/\/viafabrilis.zw.pl\/de\/wp-json\/wp\/v2\/comments?post=3999"}],"version-history":[{"count":6,"href":"https:\/\/viafabrilis.zw.pl\/de\/wp-json\/wp\/v2\/pages\/3999\/revisions"}],"predecessor-version":[{"id":8864,"href":"https:\/\/viafabrilis.zw.pl\/de\/wp-json\/wp\/v2\/pages\/3999\/revisions\/8864"}],"wp:featuredmedia":[{"embeddable":true,"href":"https:\/\/viafabrilis.zw.pl\/de\/wp-json\/wp\/v2\/media\/3964"}],"wp:attachment":[{"href":"https:\/\/viafabrilis.zw.pl\/de\/wp-json\/wp\/v2\/media?parent=3999"}],"curies":[{"name":"wp","href":"https:\/\/api.w.org\/{rel}","templated":true}]}}