{"id":4052,"date":"2023-07-15T10:39:27","date_gmt":"2023-07-15T08:39:27","guid":{"rendered":"https:\/\/viafabrilis.zw.pl\/?page_id=4052"},"modified":"2024-02-11T11:54:05","modified_gmt":"2024-02-11T10:54:05","slug":"denkmal-fuer-gefallene-patrioten-der-grenzregion-in-paseky-nad-jizerou","status":"publish","type":"page","link":"https:\/\/viafabrilis.zw.pl\/de\/denkmal-fuer-gefallene-patrioten-der-grenzregion-in-paseky-nad-jizerou\/","title":{"rendered":"Denkmal f\u00fcr gefallene Patrioten der Grenzregion in Pasek\u00fd nad Jizerou"},"content":{"rendered":"\t\t<div data-elementor-type=\"wp-page\" data-elementor-id=\"4052\" class=\"elementor elementor-4052\" data-elementor-post-type=\"page\">\n\t\t\t\t\t\t<section class=\"elementor-section elementor-top-section elementor-element elementor-element-0a24269 elementor-section-boxed elementor-section-height-default elementor-section-height-default\" data-id=\"0a24269\" data-element_type=\"section\" data-settings=\"{&quot;jet_parallax_layout_list&quot;:[]}\">\n\t\t\t\t\t\t<div class=\"elementor-container elementor-column-gap-default\">\n\t\t\t\t\t<div class=\"elementor-column elementor-col-50 elementor-top-column elementor-element elementor-element-74488eb\" data-id=\"74488eb\" data-element_type=\"column\">\n\t\t\t<div class=\"elementor-widget-wrap elementor-element-populated\">\n\t\t\t\t\t\t<div class=\"elementor-element elementor-element-6e796a1 elementor-widget elementor-widget-text-editor\" data-id=\"6e796a1\" data-element_type=\"widget\" data-widget_type=\"text-editor.default\">\n\t\t\t\t<div class=\"elementor-widget-container\">\n\t\t\t\t\t\t\t\t\t<p dir=\"ltr\" style=\"line-height: 1.3800000000000001; text-align: center; margin-top: 0pt; margin-bottom: 0pt;\"><span style=\"font-size: 12pt; font-family: 'Times New Roman'; color: #000000; background-color: transparent; font-weight: 400; font-style: normal; font-variant: normal; text-decoration: none; vertical-align: baseline; white-space: pre-wrap;\">Paseky nad Jizerou 121<\/span><\/p><p dir=\"ltr\" style=\"line-height: 1.3800000000000001; text-align: center; margin-top: 0pt; margin-bottom: 0pt;\"><span style=\"font-size: 12pt; font-family: 'Times New Roman'; color: #000000; background-color: transparent; font-weight: 400; font-style: normal; font-variant: normal; text-decoration: none; vertical-align: baseline; white-space: pre-wrap;\">CZE-512 47 Paseky nad Jizerou<\/span><\/p><p dir=\"ltr\" style=\"line-height: 1.3800000000000001; text-align: center; margin-top: 0pt; margin-bottom: 0pt;\"><span style=\"font-size: 12pt; font-family: 'Times New Roman'; color: #000000; background-color: transparent; font-weight: 400; font-style: normal; font-variant: normal; text-decoration: none; vertical-align: baseline; white-space: pre-wrap;\">Tel.: 481 523 609<\/span><\/p><p dir=\"ltr\" style=\"line-height: 1.3800000000000001; text-align: center; margin-top: 0pt; margin-bottom: 0pt;\"><span style=\"font-size: 12pt; font-family: 'Times New Roman'; color: #000000; background-color: transparent; font-weight: 400; font-style: normal; font-variant: normal; text-decoration: none; vertical-align: baseline; white-space: pre-wrap;\">E-Mail: <\/span><span style=\"font-size: 12pt; font-family: 'Times New Roman'; color: #986922; background-color: transparent; font-weight: 400; font-style: normal; font-variant: normal; text-decoration: none; vertical-align: baseline; white-space: pre-wrap;\">muzeumpaseky@krnap.cz<\/span><\/p><p dir=\"ltr\" style=\"line-height: 1.3800000000000001; text-align: center; margin-top: 0pt; margin-bottom: 0pt;\"><a style=\"text-decoration: none;\" href=\"http:\/\/www.krnap.cz\/\"><span style=\"font-size: 12pt; font-family: 'Times New Roman'; color: #986922; background-color: transparent; font-weight: 400; font-style: normal; font-variant: normal; text-decoration: underline; -webkit-text-decoration-skip: none; text-decoration-skip-ink: none; vertical-align: baseline; white-space: pre-wrap;\">www.krnap.cz<\/span><\/a><\/p><p dir=\"ltr\" style=\"line-height: 1.38; text-align: center; margin-top: 0pt; margin-bottom: 0pt;\"><b id=\"docs-internal-guid-e2f033ee-7fff-1cfc-53e1-874ce8d54faa\" style=\"font-weight: normal;\"><br \/><br \/><\/b><\/p><p dir=\"ltr\" style=\"line-height: 1.3800000000000001; text-align: center; margin-top: 0pt; margin-bottom: 0pt;\"><span style=\"font-size: 12pt; font-family: 'Times New Roman'; color: #000000; background-color: transparent; font-weight: bold; font-style: normal; font-variant: normal; text-decoration: none; vertical-align: baseline; white-space: pre-wrap;\">\u00d6ffnungszeiten:<\/span><\/p><p dir=\"ltr\" style=\"line-height: 1.3800000000000001; text-align: center; margin-top: 0pt; margin-bottom: 0pt;\"><span style=\"font-size: 12pt; font-family: 'Times New Roman'; color: #000000; background-color: transparent; font-weight: 400; font-style: normal; font-variant: normal; text-decoration: none; vertical-align: baseline; white-space: pre-wrap;\">Dienstag bis Sonntag: 9.00 &#8211; 12.00, 13.00 &#8211; 16.00 Uhr<\/span><\/p><p dir=\"ltr\" style=\"line-height: 1.38; text-align: center; margin-top: 0pt; margin-bottom: 0pt;\">\u00a0<\/p><p dir=\"ltr\" style=\"line-height: 1.3800000000000001; text-align: center; margin-top: 0pt; margin-bottom: 0pt;\"><span style=\"font-size: 12pt; font-family: 'Times New Roman'; color: #000000; background-color: transparent; font-weight: 400; font-style: normal; font-variant: normal; text-decoration: none; vertical-align: baseline; white-space: pre-wrap;\">November geschlossen<\/span><\/p><div><span style=\"font-size: 12pt; font-family: 'Times New Roman'; color: #000000; background-color: transparent; font-weight: 400; font-style: normal; font-variant: normal; text-decoration: none; vertical-align: baseline; white-space: pre-wrap;\">\u00a0<\/span><\/div>\t\t\t\t\t\t\t\t<\/div>\n\t\t\t\t<\/div>\n\t\t\t\t\t<\/div>\n\t\t<\/div>\n\t\t\t\t<div class=\"elementor-column elementor-col-50 elementor-top-column elementor-element elementor-element-12f9817\" data-id=\"12f9817\" data-element_type=\"column\">\n\t\t\t<div class=\"elementor-widget-wrap elementor-element-populated\">\n\t\t\t\t\t\t<div class=\"elementor-element elementor-element-9335df4 elementor-widget elementor-widget-image\" data-id=\"9335df4\" data-element_type=\"widget\" data-widget_type=\"image.default\">\n\t\t\t\t<div class=\"elementor-widget-container\">\n\t\t\t\t\t\t\t\t\t\t\t\t\t\t\t<img fetchpriority=\"high\" decoding=\"async\" width=\"1024\" height=\"678\" src=\"https:\/\/viafabrilis.zw.pl\/wp-content\/uploads\/2023\/07\/3-Pohyblivy-betlem-bratri-Skrabalku-1024x678.jpg\" class=\"attachment-large size-large wp-image-4006\" alt=\"\" srcset=\"https:\/\/viafabrilis.zw.pl\/wp-content\/uploads\/2023\/07\/3-Pohyblivy-betlem-bratri-Skrabalku-1024x678.jpg 1024w, https:\/\/viafabrilis.zw.pl\/wp-content\/uploads\/2023\/07\/3-Pohyblivy-betlem-bratri-Skrabalku-300x199.jpg 300w, https:\/\/viafabrilis.zw.pl\/wp-content\/uploads\/2023\/07\/3-Pohyblivy-betlem-bratri-Skrabalku-768x508.jpg 768w, https:\/\/viafabrilis.zw.pl\/wp-content\/uploads\/2023\/07\/3-Pohyblivy-betlem-bratri-Skrabalku-600x397.jpg 600w, https:\/\/viafabrilis.zw.pl\/wp-content\/uploads\/2023\/07\/3-Pohyblivy-betlem-bratri-Skrabalku.jpg 1200w\" sizes=\"(max-width: 1024px) 100vw, 1024px\" \/>\t\t\t\t\t\t\t\t\t\t\t\t\t\t\t<\/div>\n\t\t\t\t<\/div>\n\t\t\t\t\t<\/div>\n\t\t<\/div>\n\t\t\t\t\t<\/div>\n\t\t<\/section>\n\t\t\t\t<section class=\"elementor-section elementor-top-section elementor-element elementor-element-67d21b9 elementor-section-boxed elementor-section-height-default elementor-section-height-default\" data-id=\"67d21b9\" data-element_type=\"section\" data-settings=\"{&quot;jet_parallax_layout_list&quot;:[]}\">\n\t\t\t\t\t\t<div class=\"elementor-container elementor-column-gap-default\">\n\t\t\t\t\t<div class=\"elementor-column elementor-col-100 elementor-top-column elementor-element elementor-element-c2770c7\" data-id=\"c2770c7\" data-element_type=\"column\">\n\t\t\t<div class=\"elementor-widget-wrap elementor-element-populated\">\n\t\t\t\t\t\t<div class=\"elementor-element elementor-element-88a4481 elementor-widget elementor-widget-text-editor\" data-id=\"88a4481\" data-element_type=\"widget\" data-widget_type=\"text-editor.default\">\n\t\t\t\t<div class=\"elementor-widget-container\">\n\t\t\t\t\t\t\t\t\t<p><span style=\"font-weight: 400;\">Das Museum ist in einem ehemaligen Pfarrhaus untergebracht. Hier kann eine landeskundliche Dauerausstellung besichtigt werden, die dem Ort und seiner unmittelbaren Umgebung gewidmet wurde. Eine weitere Abteilung pr\u00e4sentiert die hiesige Geigenbauschule. Die einzigartige Sammlung von Musikinstrumenten umfasst Werke der ersten hier t\u00e4tigen Geigenbauer und ihrer Sch\u00fcler bis hin zu zeitgen\u00f6ssischen Geigen, die von Vertretern der ber\u00fchmten Geigenbauerfamilien Pila\u0159 und \u0160pidlen geschaffen wurden. Ein gro\u00dfer Teil der Ausstellung wurde V\u011bnceslav Metelka gewidmet, einem Geigenbauer, Lehrer und Philosoph aus Pasek\u00fd und dem Begr\u00fcnder der Geigenbautradition im Riesengebirge. Die Besucher k\u00f6nnen zudem eine vollst\u00e4ndig eingerichtete Drehwerkstatt vom Ende des 19. Jh. bewundern sowie an Vorf\u00fchrungen zum Weben und Perlenaufziehen teilnehmen.\u00a0<\/span><\/p><p><span style=\"font-weight: 400;\">Im 19. Jh. entstand in Paseky nad Jizerou eine gro\u00dfe Anzahl an Drehwerkst\u00e4tten. Dort wurden verschiedenste Gegenst\u00e4nde aus Holz hergestellt, die f\u00fcr den Alltag, die handwerkliche Produktion und f\u00fcr die Textilindustrie vonn\u00f6ten waren. Insbesondere Weberei hat hier eine lange Tradition. An der Wende des 19. zum 20. Jh. entstanden im Ort mehrere mechanische Webereien, gr\u00f6\u00dftenteils ausgestattet mit Jacquard-Webst\u00fchlen. In der Ausstellung kann der Herstellungsprozess an einem Teppichwebstuhl aus der 2. H\u00e4lfte des 19. Jh. verfolgt werden. Ab den 1860er Jahren breitete sich von Gablonz aus ein neuer Wirtschaftszweig im westlichen und mittleren Riesengebirge aus: das Schneiden und Auff\u00e4deln von Glasperlen. Die Perlenstr\u00e4nge wurden vor allem nach Asien, Afrika und Amerika exportiert, wo sie als Aufn\u00e4her und Schmuck Verwendung fanden.<\/span><\/p>\t\t\t\t\t\t\t\t<\/div>\n\t\t\t\t<\/div>\n\t\t\t\t\t<\/div>\n\t\t<\/div>\n\t\t\t\t\t<\/div>\n\t\t<\/section>\n\t\t\t\t<section class=\"elementor-section elementor-top-section elementor-element elementor-element-3bbf511 elementor-section-boxed elementor-section-height-default elementor-section-height-default\" data-id=\"3bbf511\" data-element_type=\"section\" data-settings=\"{&quot;jet_parallax_layout_list&quot;:[]}\">\n\t\t\t\t\t\t<div class=\"elementor-container elementor-column-gap-default\">\n\t\t\t\t\t<div class=\"elementor-column elementor-col-100 elementor-top-column elementor-element elementor-element-2eb4793\" data-id=\"2eb4793\" data-element_type=\"column\">\n\t\t\t<div class=\"elementor-widget-wrap elementor-element-populated\">\n\t\t\t\t\t\t<div class=\"elementor-element elementor-element-2f7051b elementor-widget elementor-widget-image-gallery\" data-id=\"2f7051b\" data-element_type=\"widget\" data-widget_type=\"image-gallery.default\">\n\t\t\t\t<div class=\"elementor-widget-container\">\n\t\t\t\t\t\t\t<div class=\"elementor-image-gallery\">\n\t\t\t<div id='gallery-1' class='gallery galleryid-4052 gallery-columns-4 gallery-size-monstroid2-thumb-justify'><figure class='gallery-item'>\n\t\t\t<div class='gallery-icon landscape'>\n\t\t\t\t<a data-elementor-open-lightbox=\"yes\" data-elementor-lightbox-slideshow=\"2f7051b\" data-elementor-lightbox-title=\"1 - By\u0301vala\u0301 fara, dnes budova Krkonos\u030cske\u0301ho muzea \u2013 Pama\u0301tni\u0301ku zapadly\u0301ch vlastencu\u030a\" data-e-action-hash=\"#elementor-action%3Aaction%3Dlightbox%26settings%3DeyJpZCI6NDAxNiwidXJsIjoiaHR0cHM6XC9cL3ZpYWZhYnJpbGlzLnp3LnBsXC93cC1jb250ZW50XC91cGxvYWRzXC8yMDIzXC8wN1wvMS1CeXZhbGEtZmFyYS1kbmVzLWJ1ZG92YS1Lcmtvbm9zc2tlaG8tbXV6ZWEtXHUyMDEzLVBhbWF0bmlrdS16YXBhZGx5Y2gtdmxhc3RlbmN1LmpwZyIsInNsaWRlc2hvdyI6IjJmNzA1MWIifQ%3D%3D\" href='https:\/\/viafabrilis.zw.pl\/wp-content\/uploads\/2023\/07\/1-Byvala-fara-dnes-budova-Krkonosskeho-muzea-\u2013-Pamatniku-zapadlych-vlastencu.jpg'><img decoding=\"async\" width=\"640\" height=\"640\" src=\"https:\/\/viafabrilis.zw.pl\/wp-content\/uploads\/2023\/07\/1-Byvala-fara-dnes-budova-Krkonosskeho-muzea-\u2013-Pamatniku-zapadlych-vlastencu-640x640.jpg\" class=\"attachment-monstroid2-thumb-justify size-monstroid2-thumb-justify\" alt=\"\" aria-describedby=\"gallery-1-4016\" srcset=\"https:\/\/viafabrilis.zw.pl\/wp-content\/uploads\/2023\/07\/1-Byvala-fara-dnes-budova-Krkonosskeho-muzea-\u2013-Pamatniku-zapadlych-vlastencu-640x640.jpg 640w, https:\/\/viafabrilis.zw.pl\/wp-content\/uploads\/2023\/07\/1-Byvala-fara-dnes-budova-Krkonosskeho-muzea-\u2013-Pamatniku-zapadlych-vlastencu-150x150.jpg 150w, https:\/\/viafabrilis.zw.pl\/wp-content\/uploads\/2023\/07\/1-Byvala-fara-dnes-budova-Krkonosskeho-muzea-\u2013-Pamatniku-zapadlych-vlastencu-230x230.jpg 230w, https:\/\/viafabrilis.zw.pl\/wp-content\/uploads\/2023\/07\/1-Byvala-fara-dnes-budova-Krkonosskeho-muzea-\u2013-Pamatniku-zapadlych-vlastencu-400x400.jpg 400w\" sizes=\"(max-width: 640px) 100vw, 640px\" \/><\/a>\n\t\t\t<\/div>\n\t\t\t\t<figcaption class='wp-caption-text gallery-caption' id='gallery-1-4016'>\n\t\t\t\tEhemaliges Pfarrhaus, heute ein Museum (Denkmal f\u00fcr gefallene Patrioten der Grenzregion), Abteilung des Riesengebirgsmuseums in Vrhlab\u00ed\n\t\t\t\t<\/figcaption><\/figure><figure class='gallery-item'>\n\t\t\t<div class='gallery-icon landscape'>\n\t\t\t\t<a data-elementor-open-lightbox=\"yes\" data-elementor-lightbox-slideshow=\"2f7051b\" data-elementor-lightbox-title=\"2 - Expozice krkonos\u030cske\u0301 houslar\u030cske\u0301 s\u030ckoly\" data-e-action-hash=\"#elementor-action%3Aaction%3Dlightbox%26settings%3DeyJpZCI6NDAyMCwidXJsIjoiaHR0cHM6XC9cL3ZpYWZhYnJpbGlzLnp3LnBsXC93cC1jb250ZW50XC91cGxvYWRzXC8yMDIzXC8wN1wvMi1FeHBvemljZS1rcmtvbm9zc2tlLWhvdXNsYXJza2Utc2tvbHkuanBnIiwic2xpZGVzaG93IjoiMmY3MDUxYiJ9\" href='https:\/\/viafabrilis.zw.pl\/wp-content\/uploads\/2023\/07\/2-Expozice-krkonosske-houslarske-skoly.jpg'><img decoding=\"async\" width=\"640\" height=\"640\" src=\"https:\/\/viafabrilis.zw.pl\/wp-content\/uploads\/2023\/07\/2-Expozice-krkonosske-houslarske-skoly-640x640.jpg\" class=\"attachment-monstroid2-thumb-justify size-monstroid2-thumb-justify\" alt=\"\" aria-describedby=\"gallery-1-4020\" srcset=\"https:\/\/viafabrilis.zw.pl\/wp-content\/uploads\/2023\/07\/2-Expozice-krkonosske-houslarske-skoly-640x640.jpg 640w, https:\/\/viafabrilis.zw.pl\/wp-content\/uploads\/2023\/07\/2-Expozice-krkonosske-houslarske-skoly-150x150.jpg 150w, https:\/\/viafabrilis.zw.pl\/wp-content\/uploads\/2023\/07\/2-Expozice-krkonosske-houslarske-skoly-230x230.jpg 230w, https:\/\/viafabrilis.zw.pl\/wp-content\/uploads\/2023\/07\/2-Expozice-krkonosske-houslarske-skoly-400x400.jpg 400w\" sizes=\"(max-width: 640px) 100vw, 640px\" \/><\/a>\n\t\t\t<\/div>\n\t\t\t\t<figcaption class='wp-caption-text gallery-caption' id='gallery-1-4020'>\n\t\t\t\tAusstellung \u00fcber die \u00f6rtliche Geigenbauschule\n\t\t\t\t<\/figcaption><\/figure><figure class='gallery-item'>\n\t\t\t<div class='gallery-icon landscape'>\n\t\t\t\t<a data-elementor-open-lightbox=\"yes\" data-elementor-lightbox-slideshow=\"2f7051b\" data-elementor-lightbox-title=\"3 - Pohyblivy\u0301 betle\u0301m bratr\u030ci\u0301 S\u030ckraba\u0301lku\u030a\" data-e-action-hash=\"#elementor-action%3Aaction%3Dlightbox%26settings%3DeyJpZCI6NDAyNCwidXJsIjoiaHR0cHM6XC9cL3ZpYWZhYnJpbGlzLnp3LnBsXC93cC1jb250ZW50XC91cGxvYWRzXC8yMDIzXC8wN1wvMy1Qb2h5YmxpdnktYmV0bGVtLWJyYXRyaS1Ta3JhYmFsa3UtMS5qcGciLCJzbGlkZXNob3ciOiIyZjcwNTFiIn0%3D\" href='https:\/\/viafabrilis.zw.pl\/wp-content\/uploads\/2023\/07\/3-Pohyblivy-betlem-bratri-Skrabalku-1.jpg'><img loading=\"lazy\" decoding=\"async\" width=\"640\" height=\"640\" src=\"https:\/\/viafabrilis.zw.pl\/wp-content\/uploads\/2023\/07\/3-Pohyblivy-betlem-bratri-Skrabalku-1-640x640.jpg\" class=\"attachment-monstroid2-thumb-justify size-monstroid2-thumb-justify\" alt=\"\" aria-describedby=\"gallery-1-4024\" srcset=\"https:\/\/viafabrilis.zw.pl\/wp-content\/uploads\/2023\/07\/3-Pohyblivy-betlem-bratri-Skrabalku-1-640x640.jpg 640w, https:\/\/viafabrilis.zw.pl\/wp-content\/uploads\/2023\/07\/3-Pohyblivy-betlem-bratri-Skrabalku-1-150x150.jpg 150w, https:\/\/viafabrilis.zw.pl\/wp-content\/uploads\/2023\/07\/3-Pohyblivy-betlem-bratri-Skrabalku-1-230x230.jpg 230w, https:\/\/viafabrilis.zw.pl\/wp-content\/uploads\/2023\/07\/3-Pohyblivy-betlem-bratri-Skrabalku-1-400x400.jpg 400w\" sizes=\"(max-width: 640px) 100vw, 640px\" \/><\/a>\n\t\t\t<\/div>\n\t\t\t\t<figcaption class='wp-caption-text gallery-caption' id='gallery-1-4024'>\n\t\t\t\tBewegliche Krippe der Br\u00fcder \u0160krab\u00e1lek\n\t\t\t\t<\/figcaption><\/figure><figure class='gallery-item'>\n\t\t\t<div class='gallery-icon landscape'>\n\t\t\t\t<a data-elementor-open-lightbox=\"yes\" data-elementor-lightbox-slideshow=\"2f7051b\" data-elementor-lightbox-title=\"4 - Pohled do soustruz\u030cnicke\u0301 di\u0301lny v expozici muzea \u2013 s\u030clapaci\u0301 soustruh a soustruz\u030cnicke\u0301 na\u0301stroje z konce 19. stol.\" data-e-action-hash=\"#elementor-action%3Aaction%3Dlightbox%26settings%3DeyJpZCI6NDAyOSwidXJsIjoiaHR0cHM6XC9cL3ZpYWZhYnJpbGlzLnp3LnBsXC93cC1jb250ZW50XC91cGxvYWRzXC8yMDIzXC8wN1wvNC1Qb2hsZWQtZG8tc291c3RydXpuaWNrZS1kaWxueS12LWV4cG96aWNpLW11emVhLVx1MjAxMy1zbGFwYWNpLXNvdXN0cnVoLWEtc291c3RydXpuaWNrZS1uYXN0cm9qZS16LWtvbmNlLTE5Li1zdG9sLmpwZyIsInNsaWRlc2hvdyI6IjJmNzA1MWIifQ%3D%3D\" href='https:\/\/viafabrilis.zw.pl\/wp-content\/uploads\/2023\/07\/4-Pohled-do-soustruznicke-dilny-v-expozici-muzea-\u2013-slapaci-soustruh-a-soustruznicke-nastroje-z-konce-19.-stol.jpg'><img loading=\"lazy\" decoding=\"async\" width=\"640\" height=\"640\" src=\"https:\/\/viafabrilis.zw.pl\/wp-content\/uploads\/2023\/07\/4-Pohled-do-soustruznicke-dilny-v-expozici-muzea-\u2013-slapaci-soustruh-a-soustruznicke-nastroje-z-konce-19.-stol-640x640.jpg\" class=\"attachment-monstroid2-thumb-justify size-monstroid2-thumb-justify\" alt=\"\" aria-describedby=\"gallery-1-4029\" srcset=\"https:\/\/viafabrilis.zw.pl\/wp-content\/uploads\/2023\/07\/4-Pohled-do-soustruznicke-dilny-v-expozici-muzea-\u2013-slapaci-soustruh-a-soustruznicke-nastroje-z-konce-19.-stol-640x640.jpg 640w, https:\/\/viafabrilis.zw.pl\/wp-content\/uploads\/2023\/07\/4-Pohled-do-soustruznicke-dilny-v-expozici-muzea-\u2013-slapaci-soustruh-a-soustruznicke-nastroje-z-konce-19.-stol-150x150.jpg 150w, https:\/\/viafabrilis.zw.pl\/wp-content\/uploads\/2023\/07\/4-Pohled-do-soustruznicke-dilny-v-expozici-muzea-\u2013-slapaci-soustruh-a-soustruznicke-nastroje-z-konce-19.-stol-230x230.jpg 230w, https:\/\/viafabrilis.zw.pl\/wp-content\/uploads\/2023\/07\/4-Pohled-do-soustruznicke-dilny-v-expozici-muzea-\u2013-slapaci-soustruh-a-soustruznicke-nastroje-z-konce-19.-stol-400x400.jpg 400w\" sizes=\"(max-width: 640px) 100vw, 640px\" \/><\/a>\n\t\t\t<\/div>\n\t\t\t\t<figcaption class='wp-caption-text gallery-caption' id='gallery-1-4029'>\n\t\t\t\tBlick in eine Drehwerkstatt-Inszenierung: Drehbank mit Fu\u00dfantrieb und Werkzeug, Ende 19. Jh.\n\t\t\t\t<\/figcaption><\/figure><figure class='gallery-item'>\n\t\t\t<div class='gallery-icon landscape'>\n\t\t\t\t<a data-elementor-open-lightbox=\"yes\" data-elementor-lightbox-slideshow=\"2f7051b\" data-elementor-lightbox-title=\"5 - Ruc\u030cni\u0301 tkalcovske\u0301 stavy z 2.pol.19.stol. \u2013 c\u030clunkovy\u0301 a kobercovy\u0301\" data-e-action-hash=\"#elementor-action%3Aaction%3Dlightbox%26settings%3DeyJpZCI6NDAzMywidXJsIjoiaHR0cHM6XC9cL3ZpYWZhYnJpbGlzLnp3LnBsXC93cC1jb250ZW50XC91cGxvYWRzXC8yMDIzXC8wN1wvNS1SdWNuaS10a2FsY292c2tlLXN0YXZ5LXotMi5wb2xfLjE5LnN0b2xfLi1cdTIwMTMtY2x1bmtvdnktYS1rb2JlcmNvdnkuanBnIiwic2xpZGVzaG93IjoiMmY3MDUxYiJ9\" href='https:\/\/viafabrilis.zw.pl\/wp-content\/uploads\/2023\/07\/5-Rucni-tkalcovske-stavy-z-2.pol_.19.stol_.-\u2013-clunkovy-a-kobercovy.jpg'><img loading=\"lazy\" decoding=\"async\" width=\"640\" height=\"640\" src=\"https:\/\/viafabrilis.zw.pl\/wp-content\/uploads\/2023\/07\/5-Rucni-tkalcovske-stavy-z-2.pol_.19.stol_.-\u2013-clunkovy-a-kobercovy-640x640.jpg\" class=\"attachment-monstroid2-thumb-justify size-monstroid2-thumb-justify\" alt=\"\" aria-describedby=\"gallery-1-4033\" srcset=\"https:\/\/viafabrilis.zw.pl\/wp-content\/uploads\/2023\/07\/5-Rucni-tkalcovske-stavy-z-2.pol_.19.stol_.-\u2013-clunkovy-a-kobercovy-640x640.jpg 640w, https:\/\/viafabrilis.zw.pl\/wp-content\/uploads\/2023\/07\/5-Rucni-tkalcovske-stavy-z-2.pol_.19.stol_.-\u2013-clunkovy-a-kobercovy-150x150.jpg 150w, https:\/\/viafabrilis.zw.pl\/wp-content\/uploads\/2023\/07\/5-Rucni-tkalcovske-stavy-z-2.pol_.19.stol_.-\u2013-clunkovy-a-kobercovy-230x230.jpg 230w, https:\/\/viafabrilis.zw.pl\/wp-content\/uploads\/2023\/07\/5-Rucni-tkalcovske-stavy-z-2.pol_.19.stol_.-\u2013-clunkovy-a-kobercovy-400x400.jpg 400w\" sizes=\"(max-width: 640px) 100vw, 640px\" \/><\/a>\n\t\t\t<\/div>\n\t\t\t\t<figcaption class='wp-caption-text gallery-caption' id='gallery-1-4033'>\n\t\t\t\tHandwebst\u00fchle aus der 2. H\u00e4lfte des 19. Jh., f\u00fcr die Herstellung von Stoffen und Teppichen\n\t\t\t\t<\/figcaption><\/figure><figure class='gallery-item'>\n\t\t\t<div class='gallery-icon portrait'>\n\t\t\t\t<a data-elementor-open-lightbox=\"yes\" data-elementor-lightbox-slideshow=\"2f7051b\" data-elementor-lightbox-title=\"6 - Kory\u0301tka uz\u030ci\u0301vana\u0301 pr\u030ci navle\u0301ka\u0301ni\u0301 kora\u0301lku\u030a\" data-e-action-hash=\"#elementor-action%3Aaction%3Dlightbox%26settings%3DeyJpZCI6NDAzNywidXJsIjoiaHR0cHM6XC9cL3ZpYWZhYnJpbGlzLnp3LnBsXC93cC1jb250ZW50XC91cGxvYWRzXC8yMDIzXC8wN1wvNi1Lb3J5dGthLXV6aXZhbmEtcHJpLW5hdmxla2FuaS1rb3JhbGt1LmpwZyIsInNsaWRlc2hvdyI6IjJmNzA1MWIifQ%3D%3D\" href='https:\/\/viafabrilis.zw.pl\/wp-content\/uploads\/2023\/07\/6-Korytka-uzivana-pri-navlekani-koralku.jpg'><img loading=\"lazy\" decoding=\"async\" width=\"640\" height=\"640\" src=\"https:\/\/viafabrilis.zw.pl\/wp-content\/uploads\/2023\/07\/6-Korytka-uzivana-pri-navlekani-koralku-640x640.jpg\" class=\"attachment-monstroid2-thumb-justify size-monstroid2-thumb-justify\" alt=\"\" aria-describedby=\"gallery-1-4037\" srcset=\"https:\/\/viafabrilis.zw.pl\/wp-content\/uploads\/2023\/07\/6-Korytka-uzivana-pri-navlekani-koralku-640x640.jpg 640w, https:\/\/viafabrilis.zw.pl\/wp-content\/uploads\/2023\/07\/6-Korytka-uzivana-pri-navlekani-koralku-150x150.jpg 150w, https:\/\/viafabrilis.zw.pl\/wp-content\/uploads\/2023\/07\/6-Korytka-uzivana-pri-navlekani-koralku-230x230.jpg 230w, https:\/\/viafabrilis.zw.pl\/wp-content\/uploads\/2023\/07\/6-Korytka-uzivana-pri-navlekani-koralku-400x400.jpg 400w\" sizes=\"(max-width: 640px) 100vw, 640px\" \/><\/a>\n\t\t\t<\/div>\n\t\t\t\t<figcaption class='wp-caption-text gallery-caption' id='gallery-1-4037'>\n\t\t\t\tPerlenbretter zum Aufziehen von Perlen auf F\u00e4den\n\t\t\t\t<\/figcaption><\/figure>\n\t\t<\/div>\n\t\t<\/div>\n\t\t\t\t\t\t<\/div>\n\t\t\t\t<\/div>\n\t\t\t\t\t<\/div>\n\t\t<\/div>\n\t\t\t\t\t<\/div>\n\t\t<\/section>\n\t\t\t\t<\/div>\n\t\t","protected":false},"excerpt":{"rendered":"<p>Paseky nad Jizerou 121 CZE-512 47 Paseky nad Jizerou Tel.: 481 523 609 E-Mail: muzeumpaseky@krnap.cz www.krnap.cz \u00d6ffnungszeiten: Dienstag bis Sonntag: 9.00 &#8211; 12.00, 13.00 &#8211; 16.00 Uhr November geschlossen Das Museum ist in einem ehemaligen Pfarrhaus untergebracht. Hier kann eine landeskundliche Dauerausstellung besichtigt werden, die dem Ort und seiner unmittelbaren Umgebung gewidmet wurde. Eine weitere [&hellip;]<\/p>\n","protected":false},"author":1,"featured_media":4024,"parent":0,"menu_order":0,"comment_status":"closed","ping_status":"closed","template":"","meta":{"footnotes":""},"class_list":["post-4052","page","type-page","status-publish","has-post-thumbnail","hentry","entry","has-media"],"_links":{"self":[{"href":"https:\/\/viafabrilis.zw.pl\/de\/wp-json\/wp\/v2\/pages\/4052","targetHints":{"allow":["GET"]}}],"collection":[{"href":"https:\/\/viafabrilis.zw.pl\/de\/wp-json\/wp\/v2\/pages"}],"about":[{"href":"https:\/\/viafabrilis.zw.pl\/de\/wp-json\/wp\/v2\/types\/page"}],"author":[{"embeddable":true,"href":"https:\/\/viafabrilis.zw.pl\/de\/wp-json\/wp\/v2\/users\/1"}],"replies":[{"embeddable":true,"href":"https:\/\/viafabrilis.zw.pl\/de\/wp-json\/wp\/v2\/comments?post=4052"}],"version-history":[{"count":9,"href":"https:\/\/viafabrilis.zw.pl\/de\/wp-json\/wp\/v2\/pages\/4052\/revisions"}],"predecessor-version":[{"id":8857,"href":"https:\/\/viafabrilis.zw.pl\/de\/wp-json\/wp\/v2\/pages\/4052\/revisions\/8857"}],"wp:featuredmedia":[{"embeddable":true,"href":"https:\/\/viafabrilis.zw.pl\/de\/wp-json\/wp\/v2\/media\/4024"}],"wp:attachment":[{"href":"https:\/\/viafabrilis.zw.pl\/de\/wp-json\/wp\/v2\/media?parent=4052"}],"curies":[{"name":"wp","href":"https:\/\/api.w.org\/{rel}","templated":true}]}}