{"id":4100,"date":"2023-07-15T10:57:34","date_gmt":"2023-07-15T08:57:34","guid":{"rendered":"https:\/\/viafabrilis.zw.pl\/?page_id=4100"},"modified":"2024-02-11T11:58:04","modified_gmt":"2024-02-11T10:58:04","slug":"museum-der-handwerke-des-riesengebirges-in-ponikle","status":"publish","type":"page","link":"https:\/\/viafabrilis.zw.pl\/de\/museum-der-handwerke-des-riesengebirges-in-ponikle\/","title":{"rendered":"Museum der Handwerke des Riesengebirges in Ponikl\u00e9"},"content":{"rendered":"\t\t<div data-elementor-type=\"wp-page\" data-elementor-id=\"4100\" class=\"elementor elementor-4100\" data-elementor-post-type=\"page\">\n\t\t\t\t\t\t<section class=\"elementor-section elementor-top-section elementor-element elementor-element-c5b79c4 elementor-section-boxed elementor-section-height-default elementor-section-height-default\" data-id=\"c5b79c4\" data-element_type=\"section\" data-settings=\"{&quot;jet_parallax_layout_list&quot;:[]}\">\n\t\t\t\t\t\t<div class=\"elementor-container elementor-column-gap-default\">\n\t\t\t\t\t<div class=\"elementor-column elementor-col-50 elementor-top-column elementor-element elementor-element-180bd6c\" data-id=\"180bd6c\" data-element_type=\"column\">\n\t\t\t<div class=\"elementor-widget-wrap elementor-element-populated\">\n\t\t\t\t\t\t<div class=\"elementor-element elementor-element-65d9035 elementor-widget elementor-widget-text-editor\" data-id=\"65d9035\" data-element_type=\"widget\" data-widget_type=\"text-editor.default\">\n\t\t\t\t<div class=\"elementor-widget-container\">\n\t\t\t\t\t\t\t\t\t<p dir=\"ltr\" style=\"line-height: 1.3800000000000001; text-align: center; margin-top: 0pt; margin-bottom: 0pt;\"><span style=\"font-size: 12pt; font-family: 'Times New Roman'; color: #00000a; background-color: transparent; font-weight: 400; font-style: normal; font-variant: normal; text-decoration: none; vertical-align: baseline; white-space: pre-wrap;\">Jana Pi\u010dmanov\u00e1<\/span><\/p><p dir=\"ltr\" style=\"line-height: 1.3800000000000001; text-align: center; margin-top: 0pt; margin-bottom: 0pt;\"><span style=\"font-size: 12pt; font-family: 'Times New Roman'; color: #00000a; background-color: transparent; font-weight: 400; font-style: normal; font-variant: normal; text-decoration: none; vertical-align: baseline; white-space: pre-wrap;\">Ponikl\u00e1 156<\/span><\/p><p dir=\"ltr\" style=\"line-height: 1.3800000000000001; text-align: center; margin-top: 0pt; margin-bottom: 0pt;\"><span style=\"font-size: 12pt; font-family: 'Times New Roman'; color: #00000a; background-color: transparent; font-weight: 400; font-style: normal; font-variant: normal; text-decoration: none; vertical-align: baseline; white-space: pre-wrap;\">CZE-512 42 Ponikl\u00e1<\/span><\/p><p dir=\"ltr\" style=\"line-height: 1.3800000000000001; text-align: center; margin-top: 0pt; margin-bottom: 0pt;\"><span style=\"font-size: 12pt; font-family: 'Times New Roman'; color: #00000a; background-color: transparent; font-weight: 400; font-style: normal; font-variant: normal; text-decoration: none; vertical-align: baseline; white-space: pre-wrap;\">Tel.: +420 732 326 198<\/span><\/p><p dir=\"ltr\" style=\"line-height: 1.3800000000000001; text-align: center; margin-top: 0pt; margin-bottom: 0pt;\"><span style=\"font-size: 12pt; font-family: 'Times New Roman'; color: #00000a; background-color: transparent; font-weight: 400; font-style: normal; font-variant: normal; text-decoration: none; vertical-align: baseline; white-space: pre-wrap;\">E-Mail:<\/span> <span style=\"font-size: 12pt; font-family: 'Times New Roman'; color: #986922; background-color: transparent; font-weight: 400; font-style: normal; font-variant: normal; text-decoration: none; vertical-align: baseline; white-space: pre-wrap;\">muzeum@krkonose-muzeum.cz<\/span><\/p><p dir=\"ltr\" style=\"line-height: 1.3800000000000001; text-align: center; margin-top: 0pt; margin-bottom: 0pt;\"><a style=\"text-decoration: none;\" href=\"http:\/\/www.krkonose-muzeum.cz\/\"><span style=\"font-size: 12pt; font-family: 'Times New Roman'; color: #986922; background-color: transparent; font-weight: 400; font-style: normal; font-variant: normal; text-decoration: underline; -webkit-text-decoration-skip: none; text-decoration-skip-ink: none; vertical-align: baseline; white-space: pre-wrap;\">www.krkonose-muzeum.cz<\/span><\/a><\/p><p dir=\"ltr\" style=\"line-height: 1.38; text-align: center; margin-top: 0pt; margin-bottom: 0pt;\"><b id=\"docs-internal-guid-babacf67-7fff-37b6-6be9-f7db96465d2e\" style=\"font-weight: normal;\">\u00a0<\/b><\/p><p dir=\"ltr\" style=\"line-height: 1.3800000000000001; text-align: center; margin-top: 0pt; margin-bottom: 0pt;\"><span style=\"font-size: 12pt; font-family: 'Times New Roman'; color: #000000; background-color: transparent; font-weight: bold; font-style: normal; font-variant: normal; text-decoration: none; vertical-align: baseline; white-space: pre-wrap;\">\u00d6ffnungszeiten<\/span><span style=\"font-size: 12pt; font-family: 'Times New Roman'; color: #000000; background-color: transparent; font-weight: 400; font-style: normal; font-variant: normal; text-decoration: none; vertical-align: baseline; white-space: pre-wrap;\">:<\/span><\/p><p dir=\"ltr\" style=\"line-height: 1.3800000000000001; text-align: center; margin-top: 0pt; margin-bottom: 0pt;\"><span style=\"font-size: 12pt; font-family: 'Times New Roman'; color: #000000; background-color: transparent; font-weight: 400; font-style: normal; font-variant: normal; text-decoration: none; vertical-align: baseline; white-space: pre-wrap;\">Ge\u00f6ffnet das ganze Jahr \u00fcber, Besichtigung nach vorheriger Absprache m\u00f6glich\u00a0<\/span><\/p><p dir=\"ltr\" style=\"line-height: 1.38; text-align: center; margin-top: 0pt; margin-bottom: 0pt;\">\u00a0<\/p><p dir=\"ltr\" style=\"line-height: 1.3800000000000001; text-align: center; margin-top: 0pt; margin-bottom: 0pt;\"><span style=\"font-size: 12pt; font-family: 'Times New Roman'; color: #000000; background-color: transparent; font-weight: 400; font-style: normal; font-variant: normal; text-decoration: none; vertical-align: baseline; white-space: pre-wrap;\">Empfohlene Besichtigungszeiten: 10.00 &#8211; 14.00 Uhr<\/span><\/p><div><span style=\"font-size: 12pt; font-family: 'Times New Roman'; color: #000000; background-color: transparent; font-weight: 400; font-style: normal; font-variant: normal; text-decoration: none; vertical-align: baseline; white-space: pre-wrap;\">\u00a0<\/span><\/div>\t\t\t\t\t\t\t\t<\/div>\n\t\t\t\t<\/div>\n\t\t\t\t\t<\/div>\n\t\t<\/div>\n\t\t\t\t<div class=\"elementor-column elementor-col-50 elementor-top-column elementor-element elementor-element-fbe3d8b\" data-id=\"fbe3d8b\" data-element_type=\"column\">\n\t\t\t<div class=\"elementor-widget-wrap elementor-element-populated\">\n\t\t\t\t\t\t<div class=\"elementor-element elementor-element-4548162 elementor-widget elementor-widget-image\" data-id=\"4548162\" data-element_type=\"widget\" data-widget_type=\"image.default\">\n\t\t\t\t<div class=\"elementor-widget-container\">\n\t\t\t\t\t\t\t\t\t\t\t\t\t\t\t<img fetchpriority=\"high\" decoding=\"async\" width=\"774\" height=\"518\" src=\"https:\/\/viafabrilis.zw.pl\/wp-content\/uploads\/2023\/07\/4-Ukazky-dratovani.jpeg\" class=\"attachment-large size-large wp-image-4062\" alt=\"\" srcset=\"https:\/\/viafabrilis.zw.pl\/wp-content\/uploads\/2023\/07\/4-Ukazky-dratovani.jpeg 774w, https:\/\/viafabrilis.zw.pl\/wp-content\/uploads\/2023\/07\/4-Ukazky-dratovani-300x201.jpeg 300w, https:\/\/viafabrilis.zw.pl\/wp-content\/uploads\/2023\/07\/4-Ukazky-dratovani-768x514.jpeg 768w, https:\/\/viafabrilis.zw.pl\/wp-content\/uploads\/2023\/07\/4-Ukazky-dratovani-600x402.jpeg 600w\" sizes=\"(max-width: 774px) 100vw, 774px\" \/>\t\t\t\t\t\t\t\t\t\t\t\t\t\t\t<\/div>\n\t\t\t\t<\/div>\n\t\t\t\t\t<\/div>\n\t\t<\/div>\n\t\t\t\t\t<\/div>\n\t\t<\/section>\n\t\t\t\t<section class=\"elementor-section elementor-top-section elementor-element elementor-element-fce06e8 elementor-section-boxed elementor-section-height-default elementor-section-height-default\" data-id=\"fce06e8\" data-element_type=\"section\" data-settings=\"{&quot;jet_parallax_layout_list&quot;:[]}\">\n\t\t\t\t\t\t<div class=\"elementor-container elementor-column-gap-default\">\n\t\t\t\t\t<div class=\"elementor-column elementor-col-100 elementor-top-column elementor-element elementor-element-aaff887\" data-id=\"aaff887\" data-element_type=\"column\">\n\t\t\t<div class=\"elementor-widget-wrap elementor-element-populated\">\n\t\t\t\t\t\t<div class=\"elementor-element elementor-element-d6c6003 elementor-widget elementor-widget-text-editor\" data-id=\"d6c6003\" data-element_type=\"widget\" data-widget_type=\"text-editor.default\">\n\t\t\t\t<div class=\"elementor-widget-container\">\n\t\t\t\t\t\t\t\t\t<p><span style=\"font-weight: 400;\">Das private Museum, in der Hand des Ehepaars Pi\u010dman, befindet sich im oberen Ortsteil von Ponikl\u00e9. Die erste Ausstellung wurde 1999 in einer Fachwerkscheue er\u00f6ffnet, 2004 folgte eine Erweiterung der Pr\u00e4sentation.<\/span><\/p><p><span style=\"font-weight: 400;\">Das Museum zeigt alte landwirtschaftliche Ger\u00e4te zum M\u00e4hen und Dreschen vom Getreide und zur Verarbeitung vom Stroh, sowie verschiedenste Ger\u00e4tschaften, die im Haushalt und im Hof Einsatz fanden. Besonders ber\u00fccksichtigt werden traditionelle Handwerke, die seit Jahrhunderten im Ort gepflegt wurden: Herstellung des Typischen Christbaumschmucks aus mundgeblasenen Perlen, Aufziehen von Glasperlen, Flachsverarbeitung, Schuhmacherhandwerk, Drahten von Gef\u00e4\u00dfen sowie Schreinerei und Tischlerei.\u00a0<\/span><\/p><p><span style=\"font-weight: 400;\">Ein Teil der Ausstellung ist der einstigen Weberei gewidmet. Ausgestellt werden Proben von historischen Stoffen, die sowohl der Herstellung von Kleidung als auch der Dekoration gedient haben, nebst verschiedenen Herstellungs- und Dekorationstechniken. Im Museum wurde zudem eine Spielecke mit historischem Spielzeug eingerichtet. Inszenierungen zeigen eine Gastst\u00e4tte und einen Salon aus vergangenen Zeiten. Nach der Besichtigung kann man bei einem guten Kaffee in einer sch\u00f6nen Stube entspannen.\u00a0<\/span><\/p><p><span style=\"font-weight: 400;\">Das Museum arbeitet eng mit dem Bildungsverein f\u00fcr Kunsthandwerk mit Sitz in Prag zusammen. Jedes Jahr im Sommer werden unter dem Titel \u201eZehn Handwerke\u201c praktische Workshops zu verschiedenen Themen angeboten, z.B. Kl\u00f6ppeln, Batik, Weben, Korbflechten, Holzschnitzerei, Schmieden oder Bildhauern im Sandstein.<\/span><\/p>\t\t\t\t\t\t\t\t<\/div>\n\t\t\t\t<\/div>\n\t\t\t\t\t<\/div>\n\t\t<\/div>\n\t\t\t\t\t<\/div>\n\t\t<\/section>\n\t\t\t\t<section class=\"elementor-section elementor-top-section elementor-element elementor-element-dfd9001 elementor-section-boxed elementor-section-height-default elementor-section-height-default\" data-id=\"dfd9001\" data-element_type=\"section\" data-settings=\"{&quot;jet_parallax_layout_list&quot;:[]}\">\n\t\t\t\t\t\t<div class=\"elementor-container elementor-column-gap-default\">\n\t\t\t\t\t<div class=\"elementor-column elementor-col-100 elementor-top-column elementor-element elementor-element-0d2ea00\" data-id=\"0d2ea00\" data-element_type=\"column\">\n\t\t\t<div class=\"elementor-widget-wrap elementor-element-populated\">\n\t\t\t\t\t\t<div class=\"elementor-element elementor-element-be16b36 elementor-widget elementor-widget-image-gallery\" data-id=\"be16b36\" data-element_type=\"widget\" data-widget_type=\"image-gallery.default\">\n\t\t\t\t<div class=\"elementor-widget-container\">\n\t\t\t\t\t\t\t<div class=\"elementor-image-gallery\">\n\t\t\t<div id='gallery-1' class='gallery galleryid-4100 gallery-columns-4 gallery-size-monstroid2-thumb-justify'><figure class='gallery-item'>\n\t\t\t<div class='gallery-icon landscape'>\n\t\t\t\t<a data-elementor-open-lightbox=\"yes\" data-elementor-lightbox-slideshow=\"be16b36\" data-elementor-lightbox-title=\"1 - Budova muzea - pu\u030avodni\u0301 roubena\u0301 stodola s pr\u030ci\u0301stavbou\" data-e-action-hash=\"#elementor-action%3Aaction%3Dlightbox%26settings%3DeyJpZCI6NDA2OSwidXJsIjoiaHR0cHM6XC9cL3ZpYWZhYnJpbGlzLnp3LnBsXC93cC1jb250ZW50XC91cGxvYWRzXC8yMDIzXC8wN1wvMS1CdWRvdmEtbXV6ZWEtcHV2b2RuaS1yb3ViZW5hLXN0b2RvbGEtcy1wcmlzdGF2Ym91LmpwZyIsInNsaWRlc2hvdyI6ImJlMTZiMzYifQ%3D%3D\" href='https:\/\/viafabrilis.zw.pl\/wp-content\/uploads\/2023\/07\/1-Budova-muzea-puvodni-roubena-stodola-s-pristavbou.jpg'><img decoding=\"async\" width=\"640\" height=\"640\" src=\"https:\/\/viafabrilis.zw.pl\/wp-content\/uploads\/2023\/07\/1-Budova-muzea-puvodni-roubena-stodola-s-pristavbou-640x640.jpg\" class=\"attachment-monstroid2-thumb-justify size-monstroid2-thumb-justify\" alt=\"\" aria-describedby=\"gallery-1-4069\" srcset=\"https:\/\/viafabrilis.zw.pl\/wp-content\/uploads\/2023\/07\/1-Budova-muzea-puvodni-roubena-stodola-s-pristavbou-640x640.jpg 640w, https:\/\/viafabrilis.zw.pl\/wp-content\/uploads\/2023\/07\/1-Budova-muzea-puvodni-roubena-stodola-s-pristavbou-150x150.jpg 150w, https:\/\/viafabrilis.zw.pl\/wp-content\/uploads\/2023\/07\/1-Budova-muzea-puvodni-roubena-stodola-s-pristavbou-230x230.jpg 230w, https:\/\/viafabrilis.zw.pl\/wp-content\/uploads\/2023\/07\/1-Budova-muzea-puvodni-roubena-stodola-s-pristavbou-400x400.jpg 400w\" sizes=\"(max-width: 640px) 100vw, 640px\" \/><\/a>\n\t\t\t<\/div>\n\t\t\t\t<figcaption class='wp-caption-text gallery-caption' id='gallery-1-4069'>\n\t\t\t\tMuseumsgeb\u00e4ude, urspr. eine Fachwerkscheune mit Anbau\n\t\t\t\t<\/figcaption><\/figure><figure class='gallery-item'>\n\t\t\t<div class='gallery-icon landscape'>\n\t\t\t\t<a data-elementor-open-lightbox=\"yes\" data-elementor-lightbox-slideshow=\"be16b36\" data-elementor-lightbox-title=\"2 - C\u030ca\u0301st expozice ve\u030cnovana\u0301 zpracova\u0301ni\u0301 lnu, tkani\u0301 a tkanina\u0301m\" data-e-action-hash=\"#elementor-action%3Aaction%3Dlightbox%26settings%3DeyJpZCI6NDA3MywidXJsIjoiaHR0cHM6XC9cL3ZpYWZhYnJpbGlzLnp3LnBsXC93cC1jb250ZW50XC91cGxvYWRzXC8yMDIzXC8wN1wvMi1DYXN0LWV4cG96aWNlLXZlbm92YW5hLXpwcmFjb3ZhbmktbG51LXRrYW5pLWEtdGthbmluYW0uanBnIiwic2xpZGVzaG93IjoiYmUxNmIzNiJ9\" href='https:\/\/viafabrilis.zw.pl\/wp-content\/uploads\/2023\/07\/2-Cast-expozice-venovana-zpracovani-lnu-tkani-a-tkaninam.jpg'><img decoding=\"async\" width=\"640\" height=\"640\" src=\"https:\/\/viafabrilis.zw.pl\/wp-content\/uploads\/2023\/07\/2-Cast-expozice-venovana-zpracovani-lnu-tkani-a-tkaninam-640x640.jpg\" class=\"attachment-monstroid2-thumb-justify size-monstroid2-thumb-justify\" alt=\"\" aria-describedby=\"gallery-1-4073\" srcset=\"https:\/\/viafabrilis.zw.pl\/wp-content\/uploads\/2023\/07\/2-Cast-expozice-venovana-zpracovani-lnu-tkani-a-tkaninam-640x640.jpg 640w, https:\/\/viafabrilis.zw.pl\/wp-content\/uploads\/2023\/07\/2-Cast-expozice-venovana-zpracovani-lnu-tkani-a-tkaninam-150x150.jpg 150w, https:\/\/viafabrilis.zw.pl\/wp-content\/uploads\/2023\/07\/2-Cast-expozice-venovana-zpracovani-lnu-tkani-a-tkaninam-230x230.jpg 230w, https:\/\/viafabrilis.zw.pl\/wp-content\/uploads\/2023\/07\/2-Cast-expozice-venovana-zpracovani-lnu-tkani-a-tkaninam-400x400.jpg 400w\" sizes=\"(max-width: 640px) 100vw, 640px\" \/><\/a>\n\t\t\t<\/div>\n\t\t\t\t<figcaption class='wp-caption-text gallery-caption' id='gallery-1-4073'>\n\t\t\t\tBlick in die Ausstellung zum Thema Flachsverarbeitung und Leinenherstellung\n\t\t\t\t<\/figcaption><\/figure><figure class='gallery-item'>\n\t\t\t<div class='gallery-icon landscape'>\n\t\t\t\t<a data-elementor-open-lightbox=\"yes\" data-elementor-lightbox-slideshow=\"be16b36\" data-elementor-lightbox-title=\"3 - S\u030cevcovsky\u0301 koutek\" data-e-action-hash=\"#elementor-action%3Aaction%3Dlightbox%26settings%3DeyJpZCI6NDA3NywidXJsIjoiaHR0cHM6XC9cL3ZpYWZhYnJpbGlzLnp3LnBsXC93cC1jb250ZW50XC91cGxvYWRzXC8yMDIzXC8wN1wvMy1TZXZjb3Zza3kta291dGVrLmpwZyIsInNsaWRlc2hvdyI6ImJlMTZiMzYifQ%3D%3D\" href='https:\/\/viafabrilis.zw.pl\/wp-content\/uploads\/2023\/07\/3-Sevcovsky-koutek.jpg'><img loading=\"lazy\" decoding=\"async\" width=\"640\" height=\"640\" src=\"https:\/\/viafabrilis.zw.pl\/wp-content\/uploads\/2023\/07\/3-Sevcovsky-koutek-640x640.jpg\" class=\"attachment-monstroid2-thumb-justify size-monstroid2-thumb-justify\" alt=\"\" aria-describedby=\"gallery-1-4077\" srcset=\"https:\/\/viafabrilis.zw.pl\/wp-content\/uploads\/2023\/07\/3-Sevcovsky-koutek-640x640.jpg 640w, https:\/\/viafabrilis.zw.pl\/wp-content\/uploads\/2023\/07\/3-Sevcovsky-koutek-150x150.jpg 150w, https:\/\/viafabrilis.zw.pl\/wp-content\/uploads\/2023\/07\/3-Sevcovsky-koutek-230x230.jpg 230w, https:\/\/viafabrilis.zw.pl\/wp-content\/uploads\/2023\/07\/3-Sevcovsky-koutek-400x400.jpg 400w\" sizes=\"(max-width: 640px) 100vw, 640px\" \/><\/a>\n\t\t\t<\/div>\n\t\t\t\t<figcaption class='wp-caption-text gallery-caption' id='gallery-1-4077'>\n\t\t\t\tSchusterwerkstatt\n\t\t\t\t<\/figcaption><\/figure><figure class='gallery-item'>\n\t\t\t<div class='gallery-icon landscape'>\n\t\t\t\t<a data-elementor-open-lightbox=\"yes\" data-elementor-lightbox-slideshow=\"be16b36\" data-elementor-lightbox-title=\"4 - Uka\u0301zky dra\u0301tova\u0301ni\u0301\" data-e-action-hash=\"#elementor-action%3Aaction%3Dlightbox%26settings%3DeyJpZCI6NDA4MSwidXJsIjoiaHR0cHM6XC9cL3ZpYWZhYnJpbGlzLnp3LnBsXC93cC1jb250ZW50XC91cGxvYWRzXC8yMDIzXC8wN1wvNC1Va2F6a3ktZHJhdG92YW5pLTEuanBlZyIsInNsaWRlc2hvdyI6ImJlMTZiMzYifQ%3D%3D\" href='https:\/\/viafabrilis.zw.pl\/wp-content\/uploads\/2023\/07\/4-Ukazky-dratovani-1.jpeg'><img loading=\"lazy\" decoding=\"async\" width=\"640\" height=\"640\" src=\"https:\/\/viafabrilis.zw.pl\/wp-content\/uploads\/2023\/07\/4-Ukazky-dratovani-1-640x640.jpeg\" class=\"attachment-monstroid2-thumb-justify size-monstroid2-thumb-justify\" alt=\"\" aria-describedby=\"gallery-1-4081\" srcset=\"https:\/\/viafabrilis.zw.pl\/wp-content\/uploads\/2023\/07\/4-Ukazky-dratovani-1-640x640.jpeg 640w, https:\/\/viafabrilis.zw.pl\/wp-content\/uploads\/2023\/07\/4-Ukazky-dratovani-1-150x150.jpeg 150w, https:\/\/viafabrilis.zw.pl\/wp-content\/uploads\/2023\/07\/4-Ukazky-dratovani-1-230x230.jpeg 230w, https:\/\/viafabrilis.zw.pl\/wp-content\/uploads\/2023\/07\/4-Ukazky-dratovani-1-400x400.jpeg 400w\" sizes=\"(max-width: 640px) 100vw, 640px\" \/><\/a>\n\t\t\t<\/div>\n\t\t\t\t<figcaption class='wp-caption-text gallery-caption' id='gallery-1-4081'>\n\t\t\t\tGedrahtete Gef\u00e4\u00dfe\n\t\t\t\t<\/figcaption><\/figure><figure class='gallery-item'>\n\t\t\t<div class='gallery-icon landscape'>\n\t\t\t\t<a data-elementor-open-lightbox=\"yes\" data-elementor-lightbox-slideshow=\"be16b36\" data-elementor-lightbox-title=\"5 - Sbi\u0301rka truhla\u0301r\u030csky\u0301ch a tesar\u030csky\u0301ch na\u0301stroju\u030a\" data-e-action-hash=\"#elementor-action%3Aaction%3Dlightbox%26settings%3DeyJpZCI6NDA4NiwidXJsIjoiaHR0cHM6XC9cL3ZpYWZhYnJpbGlzLnp3LnBsXC93cC1jb250ZW50XC91cGxvYWRzXC8yMDIzXC8wN1wvNS1TYmlya2EtdHJ1aGxhcnNreWNoLWEtdGVzYXJza3ljaC1uYXN0cm9qdS5qcGciLCJzbGlkZXNob3ciOiJiZTE2YjM2In0%3D\" href='https:\/\/viafabrilis.zw.pl\/wp-content\/uploads\/2023\/07\/5-Sbirka-truhlarskych-a-tesarskych-nastroju.jpg'><img loading=\"lazy\" decoding=\"async\" width=\"640\" height=\"640\" src=\"https:\/\/viafabrilis.zw.pl\/wp-content\/uploads\/2023\/07\/5-Sbirka-truhlarskych-a-tesarskych-nastroju-640x640.jpg\" class=\"attachment-monstroid2-thumb-justify size-monstroid2-thumb-justify\" alt=\"\" aria-describedby=\"gallery-1-4086\" srcset=\"https:\/\/viafabrilis.zw.pl\/wp-content\/uploads\/2023\/07\/5-Sbirka-truhlarskych-a-tesarskych-nastroju-640x640.jpg 640w, https:\/\/viafabrilis.zw.pl\/wp-content\/uploads\/2023\/07\/5-Sbirka-truhlarskych-a-tesarskych-nastroju-150x150.jpg 150w, https:\/\/viafabrilis.zw.pl\/wp-content\/uploads\/2023\/07\/5-Sbirka-truhlarskych-a-tesarskych-nastroju-230x230.jpg 230w, https:\/\/viafabrilis.zw.pl\/wp-content\/uploads\/2023\/07\/5-Sbirka-truhlarskych-a-tesarskych-nastroju-400x400.jpg 400w\" sizes=\"(max-width: 640px) 100vw, 640px\" \/><\/a>\n\t\t\t<\/div>\n\t\t\t\t<figcaption class='wp-caption-text gallery-caption' id='gallery-1-4086'>\n\t\t\t\tSchreiner- und Tischlerwerkzeuge\n\t\t\t\t<\/figcaption><\/figure>\n\t\t<\/div>\n\t\t<\/div>\n\t\t\t\t\t\t<\/div>\n\t\t\t\t<\/div>\n\t\t\t\t\t<\/div>\n\t\t<\/div>\n\t\t\t\t\t<\/div>\n\t\t<\/section>\n\t\t\t\t<\/div>\n\t\t","protected":false},"excerpt":{"rendered":"<p>Jana Pi\u010dmanov\u00e1 Ponikl\u00e1 156 CZE-512 42 Ponikl\u00e1 Tel.: +420 732 326 198 E-Mail: muzeum@krkonose-muzeum.cz www.krkonose-muzeum.cz &nbsp; \u00d6ffnungszeiten: Ge\u00f6ffnet das ganze Jahr \u00fcber, Besichtigung nach vorheriger Absprache m\u00f6glich&nbsp; Empfohlene Besichtigungszeiten: 10.00 &#8211; 14.00 Uhr Das private Museum, in der Hand des Ehepaars Pi\u010dman, befindet sich im oberen Ortsteil von Ponikl\u00e9. Die erste Ausstellung wurde 1999 in [&hellip;]<\/p>\n","protected":false},"author":1,"featured_media":4081,"parent":0,"menu_order":0,"comment_status":"closed","ping_status":"closed","template":"","meta":{"footnotes":""},"class_list":["post-4100","page","type-page","status-publish","has-post-thumbnail","hentry","entry","has-media"],"_links":{"self":[{"href":"https:\/\/viafabrilis.zw.pl\/de\/wp-json\/wp\/v2\/pages\/4100","targetHints":{"allow":["GET"]}}],"collection":[{"href":"https:\/\/viafabrilis.zw.pl\/de\/wp-json\/wp\/v2\/pages"}],"about":[{"href":"https:\/\/viafabrilis.zw.pl\/de\/wp-json\/wp\/v2\/types\/page"}],"author":[{"embeddable":true,"href":"https:\/\/viafabrilis.zw.pl\/de\/wp-json\/wp\/v2\/users\/1"}],"replies":[{"embeddable":true,"href":"https:\/\/viafabrilis.zw.pl\/de\/wp-json\/wp\/v2\/comments?post=4100"}],"version-history":[{"count":6,"href":"https:\/\/viafabrilis.zw.pl\/de\/wp-json\/wp\/v2\/pages\/4100\/revisions"}],"predecessor-version":[{"id":8866,"href":"https:\/\/viafabrilis.zw.pl\/de\/wp-json\/wp\/v2\/pages\/4100\/revisions\/8866"}],"wp:featuredmedia":[{"embeddable":true,"href":"https:\/\/viafabrilis.zw.pl\/de\/wp-json\/wp\/v2\/media\/4081"}],"wp:attachment":[{"href":"https:\/\/viafabrilis.zw.pl\/de\/wp-json\/wp\/v2\/media?parent=4100"}],"curies":[{"name":"wp","href":"https:\/\/api.w.org\/{rel}","templated":true}]}}