{"id":4149,"date":"2023-07-15T11:07:55","date_gmt":"2023-07-15T09:07:55","guid":{"rendered":"https:\/\/viafabrilis.zw.pl\/?page_id=4149"},"modified":"2024-02-11T12:12:28","modified_gmt":"2024-02-11T11:12:28","slug":"privatmuseum-des-ehepaars-broz-in-frantiskov","status":"publish","type":"page","link":"https:\/\/viafabrilis.zw.pl\/de\/privatmuseum-des-ehepaars-broz-in-frantiskov\/","title":{"rendered":"Privatmuseum des Ehepaars Bro\u017e in Franti\u0161kov"},"content":{"rendered":"\t\t<div data-elementor-type=\"wp-page\" data-elementor-id=\"4149\" class=\"elementor elementor-4149\" data-elementor-post-type=\"page\">\n\t\t\t\t\t\t<section class=\"elementor-section elementor-top-section elementor-element elementor-element-323b59a elementor-section-boxed elementor-section-height-default elementor-section-height-default\" data-id=\"323b59a\" data-element_type=\"section\" data-settings=\"{&quot;jet_parallax_layout_list&quot;:[]}\">\n\t\t\t\t\t\t<div class=\"elementor-container elementor-column-gap-default\">\n\t\t\t\t\t<div class=\"elementor-column elementor-col-50 elementor-top-column elementor-element elementor-element-fbe38c0\" data-id=\"fbe38c0\" data-element_type=\"column\">\n\t\t\t<div class=\"elementor-widget-wrap elementor-element-populated\">\n\t\t\t\t\t\t<div class=\"elementor-element elementor-element-0dddc3a elementor-widget elementor-widget-text-editor\" data-id=\"0dddc3a\" data-element_type=\"widget\" data-widget_type=\"text-editor.default\">\n\t\t\t\t<div class=\"elementor-widget-container\">\n\t\t\t\t\t\t\t\t\t<p dir=\"ltr\" style=\"line-height: 1.3800000000000001; text-align: center; margin-top: 0pt; margin-bottom: 0pt;\"><span style=\"font-size: 12pt; font-family: 'Times New Roman'; color: #000000; background-color: transparent; font-weight: 400; font-style: normal; font-variant: normal; text-decoration: none; vertical-align: baseline; white-space: pre-wrap;\">Star\u00fd krav\u00edn o.s<\/span><\/p><p dir=\"ltr\" style=\"line-height: 1.3800000000000001; text-align: center; margin-top: 0pt; margin-bottom: 0pt;\"><span style=\"font-size: 12pt; font-family: 'Times New Roman'; color: #000000; background-color: transparent; font-weight: 400; font-style: normal; font-variant: normal; text-decoration: none; vertical-align: baseline; white-space: pre-wrap;\">Franti\u0161kov 63<\/span><\/p><p dir=\"ltr\" style=\"line-height: 1.3800000000000001; text-align: center; margin-top: 0pt; margin-bottom: 0pt;\"><span style=\"font-size: 12pt; font-family: 'Times New Roman'; color: #000000; background-color: transparent; font-weight: 400; font-style: normal; font-variant: normal; text-decoration: none; vertical-align: baseline; white-space: pre-wrap;\">CZE-512 45 Rokytnice nad Jizerou<\/span><\/p><p dir=\"ltr\" style=\"line-height: 1.3800000000000001; text-align: center; margin-top: 0pt; margin-bottom: 0pt;\"><span style=\"font-size: 12pt; font-family: 'Times New Roman'; color: #000000; background-color: transparent; font-weight: 400; font-style: normal; font-variant: normal; text-decoration: none; vertical-align: baseline; white-space: pre-wrap;\">Tel.: +420 775 970 180<\/span><\/p><p dir=\"ltr\" style=\"line-height: 1.3800000000000001; text-align: center; margin-top: 0pt; margin-bottom: 0pt;\"><span style=\"font-size: 12pt; font-family: 'Times New Roman'; color: #000000; background-color: transparent; font-weight: 400; font-style: normal; font-variant: normal; text-decoration: none; vertical-align: baseline; white-space: pre-wrap;\">E-Mail.: broza.jana@seznam.cz<\/span><\/p><p dir=\"ltr\" style=\"line-height: 1.3800000000000001; text-align: center; margin-top: 0pt; margin-bottom: 0pt;\"><a style=\"text-decoration: none;\" href=\"http:\/\/www.starykravin.cz\/\"><span style=\"font-size: 12pt; font-family: 'Times New Roman'; color: #0000ff; background-color: transparent; font-weight: 400; font-style: normal; font-variant: normal; text-decoration: underline; -webkit-text-decoration-skip: none; text-decoration-skip-ink: none; vertical-align: baseline; white-space: pre-wrap;\">www.starykravin.cz<\/span><\/a><\/p><p dir=\"ltr\" style=\"line-height: 1.3800000000000001; text-align: center; margin-top: 0pt; margin-bottom: 0pt;\"><b id=\"docs-internal-guid-379fbec8-7fff-ce74-4832-eedae38b3362\" style=\"font-weight: normal;\"><br \/><br \/><\/b><\/p><p dir=\"ltr\" style=\"line-height: 1.3800000000000001; text-align: center; margin-top: 0pt; margin-bottom: 0pt;\"><span style=\"font-size: 12pt; font-family: 'Times New Roman'; color: #000000; background-color: transparent; font-weight: bold; font-style: normal; font-variant: normal; text-decoration: none; vertical-align: baseline; white-space: pre-wrap;\">\u00d6ffnungszeiten<\/span><span style=\"font-size: 12pt; font-family: 'Times New Roman'; color: #000000; background-color: transparent; font-weight: 400; font-style: normal; font-variant: normal; text-decoration: none; vertical-align: baseline; white-space: pre-wrap;\">:<\/span><\/p><p dir=\"ltr\" style=\"line-height: 1.3800000000000001; text-align: center; margin-top: 0pt; margin-bottom: 0pt;\"><span style=\"font-size: 12pt; font-family: 'Times New Roman'; color: #000000; background-color: transparent; font-weight: 400; font-style: normal; font-variant: normal; text-decoration: none; vertical-align: baseline; white-space: pre-wrap;\">Freitag, Samstag und Sonntag: 10.00 &#8211; 17.00 Uhr (Dezember bis M\u00e4rz)<\/span><\/p><p dir=\"ltr\" style=\"line-height: 1.3800000000000001; text-align: center; margin-top: 0pt; margin-bottom: 0pt;\"><span style=\"font-size: 12pt; font-family: 'Times New Roman'; color: #000000; background-color: transparent; font-weight: 400; font-style: normal; font-variant: normal; text-decoration: none; vertical-align: baseline; white-space: pre-wrap;\">Dienstag bis Sonntag: 10.00 &#8211; 17.00 Uhr (Mai bis Oktober)<\/span><\/p><p dir=\"ltr\" style=\"line-height: 1.3800000000000001; text-align: center; margin-top: 0pt; margin-bottom: 0pt;\">\u00a0<\/p><p dir=\"ltr\" style=\"line-height: 1.3800000000000001; text-align: center; margin-top: 0pt; margin-bottom: 0pt;\"><span style=\"font-size: 12pt; font-family: 'Times New Roman'; color: #000000; background-color: transparent; font-weight: 400; font-style: normal; font-variant: normal; text-decoration: none; vertical-align: baseline; white-space: pre-wrap;\">April und November geschlossen<\/span><\/p><div><span style=\"font-size: 12pt; font-family: 'Times New Roman'; color: #000000; background-color: transparent; font-weight: 400; font-style: normal; font-variant: normal; text-decoration: none; vertical-align: baseline; white-space: pre-wrap;\">\u00a0<\/span><\/div><div><span style=\"font-size: 12pt; font-family: 'Times New Roman'; color: #000000; background-color: transparent; font-weight: 400; font-style: normal; font-variant: normal; text-decoration: none; vertical-align: baseline; white-space: pre-wrap;\">\u00a0<\/span><\/div>\t\t\t\t\t\t\t\t<\/div>\n\t\t\t\t<\/div>\n\t\t\t\t\t<\/div>\n\t\t<\/div>\n\t\t\t\t<div class=\"elementor-column elementor-col-50 elementor-top-column elementor-element elementor-element-9e9a240\" data-id=\"9e9a240\" data-element_type=\"column\">\n\t\t\t<div class=\"elementor-widget-wrap elementor-element-populated\">\n\t\t\t\t\t\t<div class=\"elementor-element elementor-element-7c0603b elementor-widget elementor-widget-image\" data-id=\"7c0603b\" data-element_type=\"widget\" data-widget_type=\"image.default\">\n\t\t\t\t<div class=\"elementor-widget-container\">\n\t\t\t\t\t\t\t\t\t\t\t\t\t\t\t<img fetchpriority=\"high\" decoding=\"async\" width=\"1024\" height=\"683\" src=\"https:\/\/viafabrilis.zw.pl\/wp-content\/uploads\/2023\/07\/6-Hasicske-strikacky-ve-vstupni-casti-expozic-1024x683.jpg\" class=\"attachment-large size-large wp-image-4107\" alt=\"\" srcset=\"https:\/\/viafabrilis.zw.pl\/wp-content\/uploads\/2023\/07\/6-Hasicske-strikacky-ve-vstupni-casti-expozic-1024x683.jpg 1024w, https:\/\/viafabrilis.zw.pl\/wp-content\/uploads\/2023\/07\/6-Hasicske-strikacky-ve-vstupni-casti-expozic-300x200.jpg 300w, https:\/\/viafabrilis.zw.pl\/wp-content\/uploads\/2023\/07\/6-Hasicske-strikacky-ve-vstupni-casti-expozic-768x512.jpg 768w, https:\/\/viafabrilis.zw.pl\/wp-content\/uploads\/2023\/07\/6-Hasicske-strikacky-ve-vstupni-casti-expozic-600x400.jpg 600w, https:\/\/viafabrilis.zw.pl\/wp-content\/uploads\/2023\/07\/6-Hasicske-strikacky-ve-vstupni-casti-expozic.jpg 1200w\" sizes=\"(max-width: 1024px) 100vw, 1024px\" \/>\t\t\t\t\t\t\t\t\t\t\t\t\t\t\t<\/div>\n\t\t\t\t<\/div>\n\t\t\t\t\t<\/div>\n\t\t<\/div>\n\t\t\t\t\t<\/div>\n\t\t<\/section>\n\t\t\t\t<section class=\"elementor-section elementor-top-section elementor-element elementor-element-20a870e elementor-section-boxed elementor-section-height-default elementor-section-height-default\" data-id=\"20a870e\" data-element_type=\"section\" data-settings=\"{&quot;jet_parallax_layout_list&quot;:[]}\">\n\t\t\t\t\t\t<div class=\"elementor-container elementor-column-gap-default\">\n\t\t\t\t\t<div class=\"elementor-column elementor-col-100 elementor-top-column elementor-element elementor-element-daa6dff\" data-id=\"daa6dff\" data-element_type=\"column\">\n\t\t\t<div class=\"elementor-widget-wrap elementor-element-populated\">\n\t\t\t\t\t\t<div class=\"elementor-element elementor-element-d3b97e8 elementor-widget elementor-widget-text-editor\" data-id=\"d3b97e8\" data-element_type=\"widget\" data-widget_type=\"text-editor.default\">\n\t\t\t\t<div class=\"elementor-widget-container\">\n\t\t\t\t\t\t\t\t\t<p><span style=\"font-weight: 400;\">Das private Museum des Ehepaars Bro\u017e in Franti\u0161kov wurde 2004 f\u00fcr den Besucherverkehr ge\u00f6ffnet. Urspr\u00fcnglich pr\u00e4sentierte es eine kleine Sammlung von historischen Feuerl\u00f6schger\u00e4ten, die von den Freiwilligen Feuerwehren aus den umliegenden D\u00f6rfern geliehen wurden. Die Best\u00e4nde wuchsen rasch und bereits ein Jahr sp\u00e4ter kam ein weiterer Ausstellungsraum hinzu. 2006 wurde in der ersten Etage eine Galerie er\u00f6ffnet, die verschiedenste Werke von \u00f6rtlichen K\u00fcnstlern pr\u00e4sentiert. Die Dauerausstellung umfasst ebenfalls eine vollst\u00e4ndig eingerichtete historische Berghausstube sowie eine \u201egute Stube\u201c aus der 1. H\u00e4lfte des 20. Jh.\u00a0<\/span><\/p><p><span style=\"font-weight: 400;\">\u00a0Im Museum werden neben Feuerwehrger\u00e4tschaften auch landwirtschaftliche Maschinen und Haushaltsger\u00e4te gezeigt, aber auch Werkzeuge, die den ehemaligen Bewohnern des Riesengebirges zum Erwerb dienten. In dieser Abteilung k\u00f6nnen zudem alte Trachten aus verschiedenen Epochen bewundert werden. Zu den \u00e4ltesten Exponaten z\u00e4hlen eine Feuerl\u00f6schpumpe von 1903 sowie eine Dezimalwaage von 1825.<\/span><\/p>\t\t\t\t\t\t\t\t<\/div>\n\t\t\t\t<\/div>\n\t\t\t\t\t<\/div>\n\t\t<\/div>\n\t\t\t\t\t<\/div>\n\t\t<\/section>\n\t\t\t\t<section class=\"elementor-section elementor-top-section elementor-element elementor-element-b390a86 elementor-section-boxed elementor-section-height-default elementor-section-height-default\" data-id=\"b390a86\" data-element_type=\"section\" data-settings=\"{&quot;jet_parallax_layout_list&quot;:[]}\">\n\t\t\t\t\t\t<div class=\"elementor-container elementor-column-gap-default\">\n\t\t\t\t\t<div class=\"elementor-column elementor-col-100 elementor-top-column elementor-element elementor-element-0e468ed\" data-id=\"0e468ed\" data-element_type=\"column\">\n\t\t\t<div class=\"elementor-widget-wrap elementor-element-populated\">\n\t\t\t\t\t\t<div class=\"elementor-element elementor-element-d00e860 elementor-widget elementor-widget-image-gallery\" data-id=\"d00e860\" data-element_type=\"widget\" data-widget_type=\"image-gallery.default\">\n\t\t\t\t<div class=\"elementor-widget-container\">\n\t\t\t\t\t\t\t<div class=\"elementor-image-gallery\">\n\t\t\t<div id='gallery-1' class='gallery galleryid-4149 gallery-columns-4 gallery-size-monstroid2-thumb-justify'><figure class='gallery-item'>\n\t\t\t<div class='gallery-icon landscape'>\n\t\t\t\t<a data-elementor-open-lightbox=\"yes\" data-elementor-lightbox-slideshow=\"d00e860\" data-elementor-lightbox-title=\"1 - Ume\u030clecke\u0301 a r\u030cemeslne\u0301 vy\u0301robky prezentovane\u0301 na expozice\" data-e-action-hash=\"#elementor-action%3Aaction%3Dlightbox%26settings%3DeyJpZCI6NDExNCwidXJsIjoiaHR0cHM6XC9cL3ZpYWZhYnJpbGlzLnp3LnBsXC93cC1jb250ZW50XC91cGxvYWRzXC8yMDIzXC8wN1wvMS1VbWVsZWNrZS1hLXJlbWVzbG5lLXZ5cm9ia3ktcHJlemVudG92YW5lLW5hLWV4cG96aWNlLmpwZyIsInNsaWRlc2hvdyI6ImQwMGU4NjAifQ%3D%3D\" href='https:\/\/viafabrilis.zw.pl\/wp-content\/uploads\/2023\/07\/1-Umelecke-a-remeslne-vyrobky-prezentovane-na-expozice.jpg'><img decoding=\"async\" width=\"640\" height=\"640\" src=\"https:\/\/viafabrilis.zw.pl\/wp-content\/uploads\/2023\/07\/1-Umelecke-a-remeslne-vyrobky-prezentovane-na-expozice-640x640.jpg\" class=\"attachment-monstroid2-thumb-justify size-monstroid2-thumb-justify\" alt=\"\" aria-describedby=\"gallery-1-4114\" srcset=\"https:\/\/viafabrilis.zw.pl\/wp-content\/uploads\/2023\/07\/1-Umelecke-a-remeslne-vyrobky-prezentovane-na-expozice-640x640.jpg 640w, https:\/\/viafabrilis.zw.pl\/wp-content\/uploads\/2023\/07\/1-Umelecke-a-remeslne-vyrobky-prezentovane-na-expozice-150x150.jpg 150w, https:\/\/viafabrilis.zw.pl\/wp-content\/uploads\/2023\/07\/1-Umelecke-a-remeslne-vyrobky-prezentovane-na-expozice-230x230.jpg 230w, https:\/\/viafabrilis.zw.pl\/wp-content\/uploads\/2023\/07\/1-Umelecke-a-remeslne-vyrobky-prezentovane-na-expozice-400x400.jpg 400w\" sizes=\"(max-width: 640px) 100vw, 640px\" \/><\/a>\n\t\t\t<\/div>\n\t\t\t\t<figcaption class='wp-caption-text gallery-caption' id='gallery-1-4114'>\n\t\t\t\tAusstellung mit Kunst- und Handwerkserzeugnissen\n\t\t\t\t<\/figcaption><\/figure><figure class='gallery-item'>\n\t\t\t<div class='gallery-icon landscape'>\n\t\t\t\t<a data-elementor-open-lightbox=\"yes\" data-elementor-lightbox-slideshow=\"d00e860\" data-elementor-lightbox-title=\"2 - Ume\u030clecke\u0301 a r\u030cemeslne\u0301 vy\u0301robky prezentovane\u0301 na expozice\" data-e-action-hash=\"#elementor-action%3Aaction%3Dlightbox%26settings%3DeyJpZCI6NDExOCwidXJsIjoiaHR0cHM6XC9cL3ZpYWZhYnJpbGlzLnp3LnBsXC93cC1jb250ZW50XC91cGxvYWRzXC8yMDIzXC8wN1wvMi1VbWVsZWNrZS1hLXJlbWVzbG5lLXZ5cm9ia3ktcHJlemVudG92YW5lLW5hLWV4cG96aWNlLmpwZyIsInNsaWRlc2hvdyI6ImQwMGU4NjAifQ%3D%3D\" href='https:\/\/viafabrilis.zw.pl\/wp-content\/uploads\/2023\/07\/2-Umelecke-a-remeslne-vyrobky-prezentovane-na-expozice.jpg'><img decoding=\"async\" width=\"640\" height=\"640\" src=\"https:\/\/viafabrilis.zw.pl\/wp-content\/uploads\/2023\/07\/2-Umelecke-a-remeslne-vyrobky-prezentovane-na-expozice-640x640.jpg\" class=\"attachment-monstroid2-thumb-justify size-monstroid2-thumb-justify\" alt=\"\" aria-describedby=\"gallery-1-4118\" srcset=\"https:\/\/viafabrilis.zw.pl\/wp-content\/uploads\/2023\/07\/2-Umelecke-a-remeslne-vyrobky-prezentovane-na-expozice-640x640.jpg 640w, https:\/\/viafabrilis.zw.pl\/wp-content\/uploads\/2023\/07\/2-Umelecke-a-remeslne-vyrobky-prezentovane-na-expozice-150x150.jpg 150w, https:\/\/viafabrilis.zw.pl\/wp-content\/uploads\/2023\/07\/2-Umelecke-a-remeslne-vyrobky-prezentovane-na-expozice-230x230.jpg 230w, https:\/\/viafabrilis.zw.pl\/wp-content\/uploads\/2023\/07\/2-Umelecke-a-remeslne-vyrobky-prezentovane-na-expozice-400x400.jpg 400w\" sizes=\"(max-width: 640px) 100vw, 640px\" \/><\/a>\n\t\t\t<\/div>\n\t\t\t\t<figcaption class='wp-caption-text gallery-caption' id='gallery-1-4118'>\n\t\t\t\tAusstellung mit Kunst- und Handwerkserzeugnissen\n\t\t\t\t<\/figcaption><\/figure><figure class='gallery-item'>\n\t\t\t<div class='gallery-icon landscape'>\n\t\t\t\t<a data-elementor-open-lightbox=\"yes\" data-elementor-lightbox-slideshow=\"d00e860\" data-elementor-lightbox-title=\"3 - Ume\u030clecke\u0301 a r\u030cemeslne\u0301 vy\u0301robky prezentovane\u0301 na expozice\" data-e-action-hash=\"#elementor-action%3Aaction%3Dlightbox%26settings%3DeyJpZCI6NDEyMywidXJsIjoiaHR0cHM6XC9cL3ZpYWZhYnJpbGlzLnp3LnBsXC93cC1jb250ZW50XC91cGxvYWRzXC8yMDIzXC8wN1wvMy1VbWVsZWNrZS1hLXJlbWVzbG5lLXZ5cm9ia3ktcHJlemVudG92YW5lLW5hLWV4cG96aWNlLmpwZyIsInNsaWRlc2hvdyI6ImQwMGU4NjAifQ%3D%3D\" href='https:\/\/viafabrilis.zw.pl\/wp-content\/uploads\/2023\/07\/3-Umelecke-a-remeslne-vyrobky-prezentovane-na-expozice.jpg'><img loading=\"lazy\" decoding=\"async\" width=\"640\" height=\"640\" src=\"https:\/\/viafabrilis.zw.pl\/wp-content\/uploads\/2023\/07\/3-Umelecke-a-remeslne-vyrobky-prezentovane-na-expozice-640x640.jpg\" class=\"attachment-monstroid2-thumb-justify size-monstroid2-thumb-justify\" alt=\"\" aria-describedby=\"gallery-1-4123\" srcset=\"https:\/\/viafabrilis.zw.pl\/wp-content\/uploads\/2023\/07\/3-Umelecke-a-remeslne-vyrobky-prezentovane-na-expozice-640x640.jpg 640w, https:\/\/viafabrilis.zw.pl\/wp-content\/uploads\/2023\/07\/3-Umelecke-a-remeslne-vyrobky-prezentovane-na-expozice-150x150.jpg 150w, https:\/\/viafabrilis.zw.pl\/wp-content\/uploads\/2023\/07\/3-Umelecke-a-remeslne-vyrobky-prezentovane-na-expozice-230x230.jpg 230w, https:\/\/viafabrilis.zw.pl\/wp-content\/uploads\/2023\/07\/3-Umelecke-a-remeslne-vyrobky-prezentovane-na-expozice-400x400.jpg 400w\" sizes=\"(max-width: 640px) 100vw, 640px\" \/><\/a>\n\t\t\t<\/div>\n\t\t\t\t<figcaption class='wp-caption-text gallery-caption' id='gallery-1-4123'>\n\t\t\t\tAusstellung mit Kunst- und Handwerkserzeugnissen\n\t\t\t\t<\/figcaption><\/figure><figure class='gallery-item'>\n\t\t\t<div class='gallery-icon landscape'>\n\t\t\t\t<a data-elementor-open-lightbox=\"yes\" data-elementor-lightbox-slideshow=\"d00e860\" data-elementor-lightbox-title=\"4 - Ume\u030clecke\u0301 a r\u030cemeslne\u0301 vy\u0301robky prezentovane\u0301 na expozice\" data-e-action-hash=\"#elementor-action%3Aaction%3Dlightbox%26settings%3DeyJpZCI6NDEyNywidXJsIjoiaHR0cHM6XC9cL3ZpYWZhYnJpbGlzLnp3LnBsXC93cC1jb250ZW50XC91cGxvYWRzXC8yMDIzXC8wN1wvNC1VbWVsZWNrZS1hLXJlbWVzbG5lLXZ5cm9ia3ktcHJlemVudG92YW5lLW5hLWV4cG96aWNlLmpwZyIsInNsaWRlc2hvdyI6ImQwMGU4NjAifQ%3D%3D\" href='https:\/\/viafabrilis.zw.pl\/wp-content\/uploads\/2023\/07\/4-Umelecke-a-remeslne-vyrobky-prezentovane-na-expozice.jpg'><img loading=\"lazy\" decoding=\"async\" width=\"640\" height=\"640\" src=\"https:\/\/viafabrilis.zw.pl\/wp-content\/uploads\/2023\/07\/4-Umelecke-a-remeslne-vyrobky-prezentovane-na-expozice-640x640.jpg\" class=\"attachment-monstroid2-thumb-justify size-monstroid2-thumb-justify\" alt=\"\" aria-describedby=\"gallery-1-4127\" srcset=\"https:\/\/viafabrilis.zw.pl\/wp-content\/uploads\/2023\/07\/4-Umelecke-a-remeslne-vyrobky-prezentovane-na-expozice-640x640.jpg 640w, https:\/\/viafabrilis.zw.pl\/wp-content\/uploads\/2023\/07\/4-Umelecke-a-remeslne-vyrobky-prezentovane-na-expozice-150x150.jpg 150w, https:\/\/viafabrilis.zw.pl\/wp-content\/uploads\/2023\/07\/4-Umelecke-a-remeslne-vyrobky-prezentovane-na-expozice-230x230.jpg 230w, https:\/\/viafabrilis.zw.pl\/wp-content\/uploads\/2023\/07\/4-Umelecke-a-remeslne-vyrobky-prezentovane-na-expozice-400x400.jpg 400w\" sizes=\"(max-width: 640px) 100vw, 640px\" \/><\/a>\n\t\t\t<\/div>\n\t\t\t\t<figcaption class='wp-caption-text gallery-caption' id='gallery-1-4127'>\n\t\t\t\tAusstellung mit Kunst- und Handwerkserzeugnissen\n\t\t\t\t<\/figcaption><\/figure><figure class='gallery-item'>\n\t\t\t<div class='gallery-icon landscape'>\n\t\t\t\t<a data-elementor-open-lightbox=\"yes\" data-elementor-lightbox-slideshow=\"d00e860\" data-elementor-lightbox-title=\"5 - Ume\u030clecke\u0301 a r\u030cemeslne\u0301 vy\u0301robky prezentovane\u0301 na expozice\" data-e-action-hash=\"#elementor-action%3Aaction%3Dlightbox%26settings%3DeyJpZCI6NDEzMSwidXJsIjoiaHR0cHM6XC9cL3ZpYWZhYnJpbGlzLnp3LnBsXC93cC1jb250ZW50XC91cGxvYWRzXC8yMDIzXC8wN1wvNS1VbWVsZWNrZS1hLXJlbWVzbG5lLXZ5cm9ia3ktcHJlemVudG92YW5lLW5hLWV4cG96aWNlLmpwZyIsInNsaWRlc2hvdyI6ImQwMGU4NjAifQ%3D%3D\" href='https:\/\/viafabrilis.zw.pl\/wp-content\/uploads\/2023\/07\/5-Umelecke-a-remeslne-vyrobky-prezentovane-na-expozice.jpg'><img loading=\"lazy\" decoding=\"async\" width=\"640\" height=\"640\" src=\"https:\/\/viafabrilis.zw.pl\/wp-content\/uploads\/2023\/07\/5-Umelecke-a-remeslne-vyrobky-prezentovane-na-expozice-640x640.jpg\" class=\"attachment-monstroid2-thumb-justify size-monstroid2-thumb-justify\" alt=\"\" aria-describedby=\"gallery-1-4131\" srcset=\"https:\/\/viafabrilis.zw.pl\/wp-content\/uploads\/2023\/07\/5-Umelecke-a-remeslne-vyrobky-prezentovane-na-expozice-640x640.jpg 640w, https:\/\/viafabrilis.zw.pl\/wp-content\/uploads\/2023\/07\/5-Umelecke-a-remeslne-vyrobky-prezentovane-na-expozice-150x150.jpg 150w, https:\/\/viafabrilis.zw.pl\/wp-content\/uploads\/2023\/07\/5-Umelecke-a-remeslne-vyrobky-prezentovane-na-expozice-230x230.jpg 230w, https:\/\/viafabrilis.zw.pl\/wp-content\/uploads\/2023\/07\/5-Umelecke-a-remeslne-vyrobky-prezentovane-na-expozice-400x400.jpg 400w\" sizes=\"(max-width: 640px) 100vw, 640px\" \/><\/a>\n\t\t\t<\/div>\n\t\t\t\t<figcaption class='wp-caption-text gallery-caption' id='gallery-1-4131'>\n\t\t\t\tAusstellung mit Kunst- und Handwerkserzeugnissen\n\t\t\t\t<\/figcaption><\/figure><figure class='gallery-item'>\n\t\t\t<div class='gallery-icon landscape'>\n\t\t\t\t<a data-elementor-open-lightbox=\"yes\" data-elementor-lightbox-slideshow=\"d00e860\" data-elementor-lightbox-title=\"6 - Hasic\u030cske\u0301 str\u030ci\u0301kac\u030cky ve vstupni\u0301 c\u030ca\u0301sti expozic\" data-e-action-hash=\"#elementor-action%3Aaction%3Dlightbox%26settings%3DeyJpZCI6NDEzNSwidXJsIjoiaHR0cHM6XC9cL3ZpYWZhYnJpbGlzLnp3LnBsXC93cC1jb250ZW50XC91cGxvYWRzXC8yMDIzXC8wN1wvNi1IYXNpY3NrZS1zdHJpa2Fja3ktdmUtdnN0dXBuaS1jYXN0aS1leHBvemljLTEuanBnIiwic2xpZGVzaG93IjoiZDAwZTg2MCJ9\" href='https:\/\/viafabrilis.zw.pl\/wp-content\/uploads\/2023\/07\/6-Hasicske-strikacky-ve-vstupni-casti-expozic-1.jpg'><img loading=\"lazy\" decoding=\"async\" width=\"640\" height=\"640\" src=\"https:\/\/viafabrilis.zw.pl\/wp-content\/uploads\/2023\/07\/6-Hasicske-strikacky-ve-vstupni-casti-expozic-1-640x640.jpg\" class=\"attachment-monstroid2-thumb-justify size-monstroid2-thumb-justify\" alt=\"\" aria-describedby=\"gallery-1-4135\" srcset=\"https:\/\/viafabrilis.zw.pl\/wp-content\/uploads\/2023\/07\/6-Hasicske-strikacky-ve-vstupni-casti-expozic-1-640x640.jpg 640w, https:\/\/viafabrilis.zw.pl\/wp-content\/uploads\/2023\/07\/6-Hasicske-strikacky-ve-vstupni-casti-expozic-1-150x150.jpg 150w, https:\/\/viafabrilis.zw.pl\/wp-content\/uploads\/2023\/07\/6-Hasicske-strikacky-ve-vstupni-casti-expozic-1-230x230.jpg 230w, https:\/\/viafabrilis.zw.pl\/wp-content\/uploads\/2023\/07\/6-Hasicske-strikacky-ve-vstupni-casti-expozic-1-400x400.jpg 400w\" sizes=\"(max-width: 640px) 100vw, 640px\" \/><\/a>\n\t\t\t<\/div>\n\t\t\t\t<figcaption class='wp-caption-text gallery-caption' id='gallery-1-4135'>\n\t\t\t\tAusstellung von Feuerwehrpumpen\n\t\t\t\t<\/figcaption><\/figure>\n\t\t<\/div>\n\t\t<\/div>\n\t\t\t\t\t\t<\/div>\n\t\t\t\t<\/div>\n\t\t\t\t\t<\/div>\n\t\t<\/div>\n\t\t\t\t\t<\/div>\n\t\t<\/section>\n\t\t\t\t<\/div>\n\t\t","protected":false},"excerpt":{"rendered":"<p>Star\u00fd krav\u00edn o.s Franti\u0161kov 63 CZE-512 45 Rokytnice nad Jizerou Tel.: +420 775 970 180 E-Mail.: broza.jana@seznam.cz www.starykravin.cz \u00d6ffnungszeiten: Freitag, Samstag und Sonntag: 10.00 &#8211; 17.00 Uhr (Dezember bis M\u00e4rz) Dienstag bis Sonntag: 10.00 &#8211; 17.00 Uhr (Mai bis Oktober) April und November geschlossen Das private Museum des Ehepaars Bro\u017e in Franti\u0161kov wurde 2004 f\u00fcr [&hellip;]<\/p>\n","protected":false},"author":1,"featured_media":4135,"parent":0,"menu_order":0,"comment_status":"closed","ping_status":"closed","template":"","meta":{"footnotes":""},"class_list":["post-4149","page","type-page","status-publish","has-post-thumbnail","hentry","entry","has-media"],"_links":{"self":[{"href":"https:\/\/viafabrilis.zw.pl\/de\/wp-json\/wp\/v2\/pages\/4149","targetHints":{"allow":["GET"]}}],"collection":[{"href":"https:\/\/viafabrilis.zw.pl\/de\/wp-json\/wp\/v2\/pages"}],"about":[{"href":"https:\/\/viafabrilis.zw.pl\/de\/wp-json\/wp\/v2\/types\/page"}],"author":[{"embeddable":true,"href":"https:\/\/viafabrilis.zw.pl\/de\/wp-json\/wp\/v2\/users\/1"}],"replies":[{"embeddable":true,"href":"https:\/\/viafabrilis.zw.pl\/de\/wp-json\/wp\/v2\/comments?post=4149"}],"version-history":[{"count":6,"href":"https:\/\/viafabrilis.zw.pl\/de\/wp-json\/wp\/v2\/pages\/4149\/revisions"}],"predecessor-version":[{"id":8876,"href":"https:\/\/viafabrilis.zw.pl\/de\/wp-json\/wp\/v2\/pages\/4149\/revisions\/8876"}],"wp:featuredmedia":[{"embeddable":true,"href":"https:\/\/viafabrilis.zw.pl\/de\/wp-json\/wp\/v2\/media\/4135"}],"wp:attachment":[{"href":"https:\/\/viafabrilis.zw.pl\/de\/wp-json\/wp\/v2\/media?parent=4149"}],"curies":[{"name":"wp","href":"https:\/\/api.w.org\/{rel}","templated":true}]}}