{"id":4239,"date":"2023-07-15T11:42:26","date_gmt":"2023-07-15T09:42:26","guid":{"rendered":"https:\/\/viafabrilis.zw.pl\/?page_id=4239"},"modified":"2024-02-11T12:00:11","modified_gmt":"2024-02-11T11:00:11","slug":"webereimuseum-dum-pod-jasanem-in-trutnov-voletiny","status":"publish","type":"page","link":"https:\/\/viafabrilis.zw.pl\/de\/webereimuseum-dum-pod-jasanem-in-trutnov-voletiny\/","title":{"rendered":"Webereimuseum \u201eD\u016fm pod jasanem\u201d in Trutnov-Voletiny"},"content":{"rendered":"\t\t<div data-elementor-type=\"wp-page\" data-elementor-id=\"4239\" class=\"elementor elementor-4239\" data-elementor-post-type=\"page\">\n\t\t\t\t\t\t<section class=\"elementor-section elementor-top-section elementor-element elementor-element-8679802 elementor-section-boxed elementor-section-height-default elementor-section-height-default\" data-id=\"8679802\" data-element_type=\"section\" data-settings=\"{&quot;jet_parallax_layout_list&quot;:[]}\">\n\t\t\t\t\t\t<div class=\"elementor-container elementor-column-gap-default\">\n\t\t\t\t\t<div class=\"elementor-column elementor-col-50 elementor-top-column elementor-element elementor-element-1ea9244\" data-id=\"1ea9244\" data-element_type=\"column\">\n\t\t\t<div class=\"elementor-widget-wrap elementor-element-populated\">\n\t\t\t\t\t\t<div class=\"elementor-element elementor-element-4c23e9e elementor-widget elementor-widget-text-editor\" data-id=\"4c23e9e\" data-element_type=\"widget\" data-widget_type=\"text-editor.default\">\n\t\t\t\t<div class=\"elementor-widget-container\">\n\t\t\t\t\t\t\t\t\t<p dir=\"ltr\" style=\"line-height: 1.3800000000000001; text-align: center; margin-top: 0pt; margin-bottom: 0pt;\"><span style=\"font-size: 12pt; font-family: 'Times New Roman'; color: #000000; background-color: transparent; font-weight: 400; font-style: normal; font-variant: normal; text-decoration: none; vertical-align: baseline; white-space: pre-wrap;\">U Bo\u017e\u00edch muk 22<\/span><\/p><p dir=\"ltr\" style=\"line-height: 1.3800000000000001; text-align: center; margin-top: 0pt; margin-bottom: 0pt;\"><span id=\"docs-internal-guid-24716275-7fff-82e9-ce77-4c1e59bff3c8\"><span style=\"font-size: 12pt; font-family: 'Times New Roman'; color: #000000; background-color: transparent; font-variant-numeric: normal; font-variant-east-asian: normal; font-variant-alternates: normal; vertical-align: baseline; white-space-collapse: preserve;\">CZE-541 01 Trutnov-Voletiny\u00a0 <\/span><span style=\"font-size: 12pt; font-family: 'Times New Roman'; color: #000000; background-color: transparent; font-variant-numeric: normal; font-variant-east-asian: normal; font-variant-alternates: normal; vertical-align: baseline; white-space-collapse: preserve;\"><br \/><\/span><span style=\"font-size: 12pt; font-family: 'Times New Roman'; color: #000000; background-color: transparent; font-variant-numeric: normal; font-variant-east-asian: normal; font-variant-alternates: normal; vertical-align: baseline; white-space-collapse: preserve;\">Tel.: +420\u00a0736\u00a0275 025<\/span><span style=\"font-size: 12pt; font-family: 'Times New Roman'; color: #000000; background-color: transparent; font-variant-numeric: normal; font-variant-east-asian: normal; font-variant-alternates: normal; vertical-align: baseline; white-space-collapse: preserve;\"><br \/><\/span><span style=\"font-size: 12pt; font-family: 'Times New Roman'; color: #000000; background-color: transparent; font-variant-numeric: normal; font-variant-east-asian: normal; font-variant-alternates: normal; vertical-align: baseline; white-space-collapse: preserve;\">E-Mail:\u00a0<\/span><a href=\"mailto:dumpodjasanem@seznam.cz\"><span style=\"font-size: 12pt; font-family: 'Times New Roman'; color: #0000ff; background-color: transparent; font-variant-numeric: normal; font-variant-east-asian: normal; font-variant-alternates: normal; text-decoration-line: underline; text-decoration-skip-ink: none; vertical-align: baseline; white-space-collapse: preserve;\">dumpodjasanem@seznam.cz<\/span><span style=\"font-size: 12pt; font-family: 'Times New Roman'; color: #000000; background-color: transparent; font-variant-numeric: normal; font-variant-east-asian: normal; font-variant-alternates: normal; vertical-align: baseline; white-space-collapse: preserve;\"><br \/><\/span><\/a><a href=\"http:\/\/www.dumpodjasanem.cz\/\"><span style=\"font-size: 12pt; font-family: 'Times New Roman'; color: #0000ff; background-color: transparent; font-variant-numeric: normal; font-variant-east-asian: normal; font-variant-alternates: normal; text-decoration-line: underline; text-decoration-skip-ink: none; vertical-align: baseline; white-space-collapse: preserve;\">www.dumpodjasanem.cz<\/span><\/a><\/span><\/p>\t\t\t\t\t\t\t\t<\/div>\n\t\t\t\t<\/div>\n\t\t\t\t\t<\/div>\n\t\t<\/div>\n\t\t\t\t<div class=\"elementor-column elementor-col-50 elementor-top-column elementor-element elementor-element-e2a02d3\" data-id=\"e2a02d3\" data-element_type=\"column\">\n\t\t\t<div class=\"elementor-widget-wrap elementor-element-populated\">\n\t\t\t\t\t\t<div class=\"elementor-element elementor-element-eefb799 elementor-widget elementor-widget-image\" data-id=\"eefb799\" data-element_type=\"widget\" data-widget_type=\"image.default\">\n\t\t\t\t<div class=\"elementor-widget-container\">\n\t\t\t\t\t\t\t\t\t\t\t\t\t\t\t<img fetchpriority=\"high\" decoding=\"async\" width=\"1024\" height=\"683\" src=\"https:\/\/viafabrilis.zw.pl\/wp-content\/uploads\/2023\/07\/2-Pohled-do-muzejni-expozice-1024x683.jpg\" class=\"attachment-large size-large wp-image-4198\" alt=\"\" srcset=\"https:\/\/viafabrilis.zw.pl\/wp-content\/uploads\/2023\/07\/2-Pohled-do-muzejni-expozice-1024x683.jpg 1024w, https:\/\/viafabrilis.zw.pl\/wp-content\/uploads\/2023\/07\/2-Pohled-do-muzejni-expozice-300x200.jpg 300w, https:\/\/viafabrilis.zw.pl\/wp-content\/uploads\/2023\/07\/2-Pohled-do-muzejni-expozice-768x512.jpg 768w, https:\/\/viafabrilis.zw.pl\/wp-content\/uploads\/2023\/07\/2-Pohled-do-muzejni-expozice-600x400.jpg 600w, https:\/\/viafabrilis.zw.pl\/wp-content\/uploads\/2023\/07\/2-Pohled-do-muzejni-expozice.jpg 1200w\" sizes=\"(max-width: 1024px) 100vw, 1024px\" \/>\t\t\t\t\t\t\t\t\t\t\t\t\t\t\t<\/div>\n\t\t\t\t<\/div>\n\t\t\t\t\t<\/div>\n\t\t<\/div>\n\t\t\t\t\t<\/div>\n\t\t<\/section>\n\t\t\t\t<section class=\"elementor-section elementor-top-section elementor-element elementor-element-31f0865 elementor-section-boxed elementor-section-height-default elementor-section-height-default\" data-id=\"31f0865\" data-element_type=\"section\" data-settings=\"{&quot;jet_parallax_layout_list&quot;:[]}\">\n\t\t\t\t\t\t<div class=\"elementor-container elementor-column-gap-default\">\n\t\t\t\t\t<div class=\"elementor-column elementor-col-100 elementor-top-column elementor-element elementor-element-f135510\" data-id=\"f135510\" data-element_type=\"column\">\n\t\t\t<div class=\"elementor-widget-wrap elementor-element-populated\">\n\t\t\t\t\t\t<div class=\"elementor-element elementor-element-ba6a637 elementor-widget elementor-widget-text-editor\" data-id=\"ba6a637\" data-element_type=\"widget\" data-widget_type=\"text-editor.default\">\n\t\t\t\t<div class=\"elementor-widget-container\">\n\t\t\t\t\t\t\t\t\t<p><span style=\"font-weight: 400;\">Das Webereimuseum \u201eD\u016fm pod jasanem\u201d in Trutnov-Voletiny ist in einem restaurierten l\u00e4ndlichen Geh\u00f6ft untergebracht.<\/span><\/p><p><span style=\"font-weight: 400;\">Die Dauerausstellung ist historischen Textilien gewidmet. Die Pr\u00e4sentation ist interaktiv, jeder Besucher kann eine Schnur drehen, sich an einem historischen Webstuhl versuchen, Wolle k\u00e4mmen oder spinnen. Im Geb\u00e4ude befindet sich eine voll ausgestattete Weberei, in der verschiedene Handwerke erlernt werden k\u00f6nnen: Spinnen und Weben sowie Woll- und Flachsverarbeitung. Im anderen Geb\u00e4udeteil befindet sich eine Handwerker-Werkstatt, wo Workshops in den Bereichen Volkshandwerk und k\u00fcnstlerische Techniken stattfinden. Jeder Besucher kann dort ein Andenken herstellen.\u00a0<\/span><\/p><p><span style=\"font-weight: 400;\">F\u00fcr Erwachsene bietet das Museum Bildungsprogramme an, die sich insbesondere mit Volkshandwerk befassen: Weberei, Korbflechterei oder T\u00f6pferei, aber auch Kurse in Kunst: Glasfenster bauen, Zeichnen, Schmuckherstellung, Strohk\u00f6rbe herstellen u.v.a.<\/span><\/p><p><span style=\"font-weight: 400;\">Das Museum f\u00fchrt ebenfalls Vorbereitungskurse f\u00fcr Handweber und Korbmacher durch sowie eine Reihe von anerkannten Ausbildungskursen. Einige Bildungsprogramme wurden erarbeitet und eingef\u00fchrt mit Unterst\u00fctzung des Europ\u00e4ischen Sozialfonds (EFS) sowie des tschechischen Bildungsministeriums. Bildungskurse f\u00fcr Kinder verbinden das Kennenlernen von traditionellen Handwerken des Riesengebirges mit Spa\u00df. Ganzt\u00e4gige Angebote f\u00fcr Kinder im Sommer bieten Themen rund um Volkshandwerk und Kunst an. Das Museum organisiert auch traditionelle Veranstaltungen wie Weihnachtsfest oder Osterfest, im Sommer findet hier der Tag des Riesengebirgshandwerks statt.\u00a0<\/span><\/p><p>\u00a0<\/p>\t\t\t\t\t\t\t\t<\/div>\n\t\t\t\t<\/div>\n\t\t\t\t\t<\/div>\n\t\t<\/div>\n\t\t\t\t\t<\/div>\n\t\t<\/section>\n\t\t\t\t<section class=\"elementor-section elementor-top-section elementor-element elementor-element-196a1aa elementor-section-boxed elementor-section-height-default elementor-section-height-default\" data-id=\"196a1aa\" data-element_type=\"section\" data-settings=\"{&quot;jet_parallax_layout_list&quot;:[]}\">\n\t\t\t\t\t\t<div class=\"elementor-container elementor-column-gap-default\">\n\t\t\t\t\t<div class=\"elementor-column elementor-col-100 elementor-top-column elementor-element elementor-element-f7be90a\" data-id=\"f7be90a\" data-element_type=\"column\">\n\t\t\t<div class=\"elementor-widget-wrap elementor-element-populated\">\n\t\t\t\t\t\t<div class=\"elementor-element elementor-element-6ca09bc elementor-widget elementor-widget-image-gallery\" data-id=\"6ca09bc\" data-element_type=\"widget\" data-widget_type=\"image-gallery.default\">\n\t\t\t\t<div class=\"elementor-widget-container\">\n\t\t\t\t\t\t\t<div class=\"elementor-image-gallery\">\n\t\t\t<div id='gallery-1' class='gallery galleryid-4239 gallery-columns-4 gallery-size-monstroid2-thumb-justify'><figure class='gallery-item'>\n\t\t\t<div class='gallery-icon landscape'>\n\t\t\t\t<a data-elementor-open-lightbox=\"yes\" data-elementor-lightbox-slideshow=\"6ca09bc\" data-elementor-lightbox-title=\"1 - C\u030ca\u0301st muzejni\u0301 expozice ve\u030cnovane\u0301 tkalcovstvi\u0301\" data-e-action-hash=\"#elementor-action%3Aaction%3Dlightbox%26settings%3DeyJpZCI6NDIwNSwidXJsIjoiaHR0cHM6XC9cL3ZpYWZhYnJpbGlzLnp3LnBsXC93cC1jb250ZW50XC91cGxvYWRzXC8yMDIzXC8wN1wvMS1DYXN0LW11emVqbmktZXhwb3ppY2UtdmVub3ZhbmUtdGthbGNvdnN0dmkuanBnIiwic2xpZGVzaG93IjoiNmNhMDliYyJ9\" href='https:\/\/viafabrilis.zw.pl\/wp-content\/uploads\/2023\/07\/1-Cast-muzejni-expozice-venovane-tkalcovstvi.jpg'><img decoding=\"async\" width=\"640\" height=\"640\" src=\"https:\/\/viafabrilis.zw.pl\/wp-content\/uploads\/2023\/07\/1-Cast-muzejni-expozice-venovane-tkalcovstvi-640x640.jpg\" class=\"attachment-monstroid2-thumb-justify size-monstroid2-thumb-justify\" alt=\"\" aria-describedby=\"gallery-1-4205\" srcset=\"https:\/\/viafabrilis.zw.pl\/wp-content\/uploads\/2023\/07\/1-Cast-muzejni-expozice-venovane-tkalcovstvi-640x640.jpg 640w, https:\/\/viafabrilis.zw.pl\/wp-content\/uploads\/2023\/07\/1-Cast-muzejni-expozice-venovane-tkalcovstvi-150x150.jpg 150w, https:\/\/viafabrilis.zw.pl\/wp-content\/uploads\/2023\/07\/1-Cast-muzejni-expozice-venovane-tkalcovstvi-230x230.jpg 230w, https:\/\/viafabrilis.zw.pl\/wp-content\/uploads\/2023\/07\/1-Cast-muzejni-expozice-venovane-tkalcovstvi-400x400.jpg 400w\" sizes=\"(max-width: 640px) 100vw, 640px\" \/><\/a>\n\t\t\t<\/div>\n\t\t\t\t<figcaption class='wp-caption-text gallery-caption' id='gallery-1-4205'>\n\t\t\t\tTeil der Ausstellung zum Thema Weberei\n\t\t\t\t<\/figcaption><\/figure><figure class='gallery-item'>\n\t\t\t<div class='gallery-icon landscape'>\n\t\t\t\t<a data-elementor-open-lightbox=\"yes\" data-elementor-lightbox-slideshow=\"6ca09bc\" data-elementor-lightbox-title=\"2 - Pohled do muzejni\u0301 expozice\" data-e-action-hash=\"#elementor-action%3Aaction%3Dlightbox%26settings%3DeyJpZCI6NDIwOSwidXJsIjoiaHR0cHM6XC9cL3ZpYWZhYnJpbGlzLnp3LnBsXC93cC1jb250ZW50XC91cGxvYWRzXC8yMDIzXC8wN1wvMi1Qb2hsZWQtZG8tbXV6ZWpuaS1leHBvemljZS0xLmpwZyIsInNsaWRlc2hvdyI6IjZjYTA5YmMifQ%3D%3D\" href='https:\/\/viafabrilis.zw.pl\/wp-content\/uploads\/2023\/07\/2-Pohled-do-muzejni-expozice-1.jpg'><img decoding=\"async\" width=\"640\" height=\"640\" src=\"https:\/\/viafabrilis.zw.pl\/wp-content\/uploads\/2023\/07\/2-Pohled-do-muzejni-expozice-1-640x640.jpg\" class=\"attachment-monstroid2-thumb-justify size-monstroid2-thumb-justify\" alt=\"\" aria-describedby=\"gallery-1-4209\" srcset=\"https:\/\/viafabrilis.zw.pl\/wp-content\/uploads\/2023\/07\/2-Pohled-do-muzejni-expozice-1-640x640.jpg 640w, https:\/\/viafabrilis.zw.pl\/wp-content\/uploads\/2023\/07\/2-Pohled-do-muzejni-expozice-1-150x150.jpg 150w, https:\/\/viafabrilis.zw.pl\/wp-content\/uploads\/2023\/07\/2-Pohled-do-muzejni-expozice-1-230x230.jpg 230w, https:\/\/viafabrilis.zw.pl\/wp-content\/uploads\/2023\/07\/2-Pohled-do-muzejni-expozice-1-400x400.jpg 400w\" sizes=\"(max-width: 640px) 100vw, 640px\" \/><\/a>\n\t\t\t<\/div>\n\t\t\t\t<figcaption class='wp-caption-text gallery-caption' id='gallery-1-4209'>\n\t\t\t\tBlick in die Ausstellungsr\u00e4ume\n\t\t\t\t<\/figcaption><\/figure><figure class='gallery-item'>\n\t\t\t<div class='gallery-icon landscape'>\n\t\t\t\t<a data-elementor-open-lightbox=\"yes\" data-elementor-lightbox-slideshow=\"6ca09bc\" data-elementor-lightbox-title=\"3 - C\u030ca\u0301st muzejni\u0301 expozice ve\u030cnovane\u0301 tkalcovstvi\u0301\" data-e-action-hash=\"#elementor-action%3Aaction%3Dlightbox%26settings%3DeyJpZCI6NDIxMywidXJsIjoiaHR0cHM6XC9cL3ZpYWZhYnJpbGlzLnp3LnBsXC93cC1jb250ZW50XC91cGxvYWRzXC8yMDIzXC8wN1wvMy1DYXN0LW11emVqbmktZXhwb3ppY2UtdmVub3ZhbmUtdGthbGNvdnN0dmkuanBnIiwic2xpZGVzaG93IjoiNmNhMDliYyJ9\" href='https:\/\/viafabrilis.zw.pl\/wp-content\/uploads\/2023\/07\/3-Cast-muzejni-expozice-venovane-tkalcovstvi.jpg'><img loading=\"lazy\" decoding=\"async\" width=\"640\" height=\"640\" src=\"https:\/\/viafabrilis.zw.pl\/wp-content\/uploads\/2023\/07\/3-Cast-muzejni-expozice-venovane-tkalcovstvi-640x640.jpg\" class=\"attachment-monstroid2-thumb-justify size-monstroid2-thumb-justify\" alt=\"\" aria-describedby=\"gallery-1-4213\" srcset=\"https:\/\/viafabrilis.zw.pl\/wp-content\/uploads\/2023\/07\/3-Cast-muzejni-expozice-venovane-tkalcovstvi-640x640.jpg 640w, https:\/\/viafabrilis.zw.pl\/wp-content\/uploads\/2023\/07\/3-Cast-muzejni-expozice-venovane-tkalcovstvi-150x150.jpg 150w, https:\/\/viafabrilis.zw.pl\/wp-content\/uploads\/2023\/07\/3-Cast-muzejni-expozice-venovane-tkalcovstvi-230x230.jpg 230w, https:\/\/viafabrilis.zw.pl\/wp-content\/uploads\/2023\/07\/3-Cast-muzejni-expozice-venovane-tkalcovstvi-400x400.jpg 400w\" sizes=\"(max-width: 640px) 100vw, 640px\" \/><\/a>\n\t\t\t<\/div>\n\t\t\t\t<figcaption class='wp-caption-text gallery-caption' id='gallery-1-4213'>\n\t\t\t\tTeil der Ausstellung zum Thema Weberei\n\t\t\t\t<\/figcaption><\/figure><figure class='gallery-item'>\n\t\t\t<div class='gallery-icon landscape'>\n\t\t\t\t<a data-elementor-open-lightbox=\"yes\" data-elementor-lightbox-slideshow=\"6ca09bc\" data-elementor-lightbox-title=\"4 - C\u030ca\u0301st muzejni\u0301 expozice ve\u030cnovane\u0301 tkalcovstvi\u0301\" data-e-action-hash=\"#elementor-action%3Aaction%3Dlightbox%26settings%3DeyJpZCI6NDIxNywidXJsIjoiaHR0cHM6XC9cL3ZpYWZhYnJpbGlzLnp3LnBsXC93cC1jb250ZW50XC91cGxvYWRzXC8yMDIzXC8wN1wvNC1DYXN0LW11emVqbmktZXhwb3ppY2UtdmVub3ZhbmUtdGthbGNvdnN0dmkuanBnIiwic2xpZGVzaG93IjoiNmNhMDliYyJ9\" href='https:\/\/viafabrilis.zw.pl\/wp-content\/uploads\/2023\/07\/4-Cast-muzejni-expozice-venovane-tkalcovstvi.jpg'><img loading=\"lazy\" decoding=\"async\" width=\"640\" height=\"640\" src=\"https:\/\/viafabrilis.zw.pl\/wp-content\/uploads\/2023\/07\/4-Cast-muzejni-expozice-venovane-tkalcovstvi-640x640.jpg\" class=\"attachment-monstroid2-thumb-justify size-monstroid2-thumb-justify\" alt=\"\" aria-describedby=\"gallery-1-4217\" srcset=\"https:\/\/viafabrilis.zw.pl\/wp-content\/uploads\/2023\/07\/4-Cast-muzejni-expozice-venovane-tkalcovstvi-640x640.jpg 640w, https:\/\/viafabrilis.zw.pl\/wp-content\/uploads\/2023\/07\/4-Cast-muzejni-expozice-venovane-tkalcovstvi-150x150.jpg 150w, https:\/\/viafabrilis.zw.pl\/wp-content\/uploads\/2023\/07\/4-Cast-muzejni-expozice-venovane-tkalcovstvi-230x230.jpg 230w, https:\/\/viafabrilis.zw.pl\/wp-content\/uploads\/2023\/07\/4-Cast-muzejni-expozice-venovane-tkalcovstvi-400x400.jpg 400w\" sizes=\"(max-width: 640px) 100vw, 640px\" \/><\/a>\n\t\t\t<\/div>\n\t\t\t\t<figcaption class='wp-caption-text gallery-caption' id='gallery-1-4217'>\n\t\t\t\tTeil der Ausstellung zum Thema Weberei\n\t\t\t\t<\/figcaption><\/figure><figure class='gallery-item'>\n\t\t\t<div class='gallery-icon landscape'>\n\t\t\t\t<a data-elementor-open-lightbox=\"yes\" data-elementor-lightbox-slideshow=\"6ca09bc\" data-elementor-lightbox-title=\"5 - C\u030ca\u0301st muzejni\u0301 expozice ve\u030cnovane\u0301 tkalcovstvi\u0301\" data-e-action-hash=\"#elementor-action%3Aaction%3Dlightbox%26settings%3DeyJpZCI6NDIyMSwidXJsIjoiaHR0cHM6XC9cL3ZpYWZhYnJpbGlzLnp3LnBsXC93cC1jb250ZW50XC91cGxvYWRzXC8yMDIzXC8wN1wvNS1DYXN0LW11emVqbmktZXhwb3ppY2UtdmVub3ZhbmUtdGthbGNvdnN0dmkuanBnIiwic2xpZGVzaG93IjoiNmNhMDliYyJ9\" href='https:\/\/viafabrilis.zw.pl\/wp-content\/uploads\/2023\/07\/5-Cast-muzejni-expozice-venovane-tkalcovstvi.jpg'><img loading=\"lazy\" decoding=\"async\" width=\"640\" height=\"640\" src=\"https:\/\/viafabrilis.zw.pl\/wp-content\/uploads\/2023\/07\/5-Cast-muzejni-expozice-venovane-tkalcovstvi-640x640.jpg\" class=\"attachment-monstroid2-thumb-justify size-monstroid2-thumb-justify\" alt=\"\" aria-describedby=\"gallery-1-4221\" srcset=\"https:\/\/viafabrilis.zw.pl\/wp-content\/uploads\/2023\/07\/5-Cast-muzejni-expozice-venovane-tkalcovstvi-640x640.jpg 640w, https:\/\/viafabrilis.zw.pl\/wp-content\/uploads\/2023\/07\/5-Cast-muzejni-expozice-venovane-tkalcovstvi-150x150.jpg 150w, https:\/\/viafabrilis.zw.pl\/wp-content\/uploads\/2023\/07\/5-Cast-muzejni-expozice-venovane-tkalcovstvi-230x230.jpg 230w, https:\/\/viafabrilis.zw.pl\/wp-content\/uploads\/2023\/07\/5-Cast-muzejni-expozice-venovane-tkalcovstvi-400x400.jpg 400w\" sizes=\"(max-width: 640px) 100vw, 640px\" \/><\/a>\n\t\t\t<\/div>\n\t\t\t\t<figcaption class='wp-caption-text gallery-caption' id='gallery-1-4221'>\n\t\t\t\tTeil der Ausstellung zum Thema Weberei\n\t\t\t\t<\/figcaption><\/figure><figure class='gallery-item'>\n\t\t\t<div class='gallery-icon landscape'>\n\t\t\t\t<a data-elementor-open-lightbox=\"yes\" data-elementor-lightbox-slideshow=\"6ca09bc\" data-elementor-lightbox-title=\"6 - C\u030ca\u0301st muzejni\u0301 expozice ve\u030cnovane\u0301 tkalcovstvi\u0301\" data-e-action-hash=\"#elementor-action%3Aaction%3Dlightbox%26settings%3DeyJpZCI6NDIyNSwidXJsIjoiaHR0cHM6XC9cL3ZpYWZhYnJpbGlzLnp3LnBsXC93cC1jb250ZW50XC91cGxvYWRzXC8yMDIzXC8wN1wvNi1DYXN0LW11emVqbmktZXhwb3ppY2UtdmVub3ZhbmUtdGthbGNvdnN0dmkuanBnIiwic2xpZGVzaG93IjoiNmNhMDliYyJ9\" href='https:\/\/viafabrilis.zw.pl\/wp-content\/uploads\/2023\/07\/6-Cast-muzejni-expozice-venovane-tkalcovstvi.jpg'><img loading=\"lazy\" decoding=\"async\" width=\"640\" height=\"640\" src=\"https:\/\/viafabrilis.zw.pl\/wp-content\/uploads\/2023\/07\/6-Cast-muzejni-expozice-venovane-tkalcovstvi-640x640.jpg\" class=\"attachment-monstroid2-thumb-justify size-monstroid2-thumb-justify\" alt=\"\" aria-describedby=\"gallery-1-4225\" srcset=\"https:\/\/viafabrilis.zw.pl\/wp-content\/uploads\/2023\/07\/6-Cast-muzejni-expozice-venovane-tkalcovstvi-640x640.jpg 640w, https:\/\/viafabrilis.zw.pl\/wp-content\/uploads\/2023\/07\/6-Cast-muzejni-expozice-venovane-tkalcovstvi-150x150.jpg 150w, https:\/\/viafabrilis.zw.pl\/wp-content\/uploads\/2023\/07\/6-Cast-muzejni-expozice-venovane-tkalcovstvi-230x230.jpg 230w, https:\/\/viafabrilis.zw.pl\/wp-content\/uploads\/2023\/07\/6-Cast-muzejni-expozice-venovane-tkalcovstvi-400x400.jpg 400w\" sizes=\"(max-width: 640px) 100vw, 640px\" \/><\/a>\n\t\t\t<\/div>\n\t\t\t\t<figcaption class='wp-caption-text gallery-caption' id='gallery-1-4225'>\n\t\t\t\tTeil der Ausstellung zum Thema Weberei\n\t\t\t\t<\/figcaption><\/figure>\n\t\t<\/div>\n\t\t<\/div>\n\t\t\t\t\t\t<\/div>\n\t\t\t\t<\/div>\n\t\t\t\t\t<\/div>\n\t\t<\/div>\n\t\t\t\t\t<\/div>\n\t\t<\/section>\n\t\t\t\t<\/div>\n\t\t","protected":false},"excerpt":{"rendered":"<p>U Bo\u017e\u00edch muk 22 CZE-541 01 Trutnov-Voletiny&nbsp; Tel.: +420&nbsp;736&nbsp;275 025 E-Mail:&nbsp;dumpodjasanem@seznam.cz www.dumpodjasanem.cz Das Webereimuseum \u201eD\u016fm pod jasanem\u201d in Trutnov-Voletiny ist in einem restaurierten l\u00e4ndlichen Geh\u00f6ft untergebracht. Die Dauerausstellung ist historischen Textilien gewidmet. Die Pr\u00e4sentation ist interaktiv, jeder Besucher kann eine Schnur drehen, sich an einem historischen Webstuhl versuchen, Wolle k\u00e4mmen oder spinnen. Im Geb\u00e4ude befindet [&hellip;]<\/p>\n","protected":false},"author":1,"featured_media":4209,"parent":0,"menu_order":0,"comment_status":"closed","ping_status":"closed","template":"","meta":{"footnotes":""},"class_list":["post-4239","page","type-page","status-publish","has-post-thumbnail","hentry","entry","has-media"],"_links":{"self":[{"href":"https:\/\/viafabrilis.zw.pl\/de\/wp-json\/wp\/v2\/pages\/4239","targetHints":{"allow":["GET"]}}],"collection":[{"href":"https:\/\/viafabrilis.zw.pl\/de\/wp-json\/wp\/v2\/pages"}],"about":[{"href":"https:\/\/viafabrilis.zw.pl\/de\/wp-json\/wp\/v2\/types\/page"}],"author":[{"embeddable":true,"href":"https:\/\/viafabrilis.zw.pl\/de\/wp-json\/wp\/v2\/users\/1"}],"replies":[{"embeddable":true,"href":"https:\/\/viafabrilis.zw.pl\/de\/wp-json\/wp\/v2\/comments?post=4239"}],"version-history":[{"count":5,"href":"https:\/\/viafabrilis.zw.pl\/de\/wp-json\/wp\/v2\/pages\/4239\/revisions"}],"predecessor-version":[{"id":5931,"href":"https:\/\/viafabrilis.zw.pl\/de\/wp-json\/wp\/v2\/pages\/4239\/revisions\/5931"}],"wp:featuredmedia":[{"embeddable":true,"href":"https:\/\/viafabrilis.zw.pl\/de\/wp-json\/wp\/v2\/media\/4209"}],"wp:attachment":[{"href":"https:\/\/viafabrilis.zw.pl\/de\/wp-json\/wp\/v2\/media?parent=4239"}],"curies":[{"name":"wp","href":"https:\/\/api.w.org\/{rel}","templated":true}]}}