{"id":4299,"date":"2023-07-15T12:02:00","date_gmt":"2023-07-15T10:02:00","guid":{"rendered":"https:\/\/viafabrilis.zw.pl\/?page_id=4299"},"modified":"2024-02-10T16:33:37","modified_gmt":"2024-02-10T15:33:37","slug":"carl-und-gerhart-hauptmann-haus-in-szklarska-poreba-abteilung-des-muzeum-karkonoskie-in-jelenia-gora","status":"publish","type":"page","link":"https:\/\/viafabrilis.zw.pl\/de\/carl-und-gerhart-hauptmann-haus-in-szklarska-poreba-abteilung-des-muzeum-karkonoskie-in-jelenia-gora\/","title":{"rendered":"Carl-und-Gerhart-Hauptmann-Haus in Szklarska Por\u0119ba \u2013 Abteilung des Muzeum Karkonoskie in Jelenia G\u00f3ra"},"content":{"rendered":"\t\t<div data-elementor-type=\"wp-page\" data-elementor-id=\"4299\" class=\"elementor elementor-4299\" data-elementor-post-type=\"page\">\n\t\t\t\t\t\t<section class=\"elementor-section elementor-top-section elementor-element elementor-element-c63f2c4 elementor-section-boxed elementor-section-height-default elementor-section-height-default\" data-id=\"c63f2c4\" data-element_type=\"section\" data-settings=\"{&quot;jet_parallax_layout_list&quot;:[]}\">\n\t\t\t\t\t\t<div class=\"elementor-container elementor-column-gap-default\">\n\t\t\t\t\t<div class=\"elementor-column elementor-col-50 elementor-top-column elementor-element elementor-element-4165231\" data-id=\"4165231\" data-element_type=\"column\">\n\t\t\t<div class=\"elementor-widget-wrap elementor-element-populated\">\n\t\t\t\t\t\t<div class=\"elementor-element elementor-element-84a0561 elementor-widget elementor-widget-text-editor\" data-id=\"84a0561\" data-element_type=\"widget\" data-widget_type=\"text-editor.default\">\n\t\t\t\t<div class=\"elementor-widget-container\">\n\t\t\t\t\t\t\t\t\t<p dir=\"ltr\" style=\"line-height: 1.3800000000000001; text-align: center; margin-top: 0pt; margin-bottom: 0pt;\"><span style=\"font-size: 12pt; font-family: 'Times New Roman'; color: #000000; background-color: transparent; font-weight: 400; font-style: normal; font-variant: normal; text-decoration: none; vertical-align: baseline; white-space: pre-wrap;\">ul. 11 Listopada 23<\/span><\/p><p dir=\"ltr\" style=\"line-height: 1.3800000000000001; text-align: center; margin-top: 0pt; margin-bottom: 0pt;\"><span style=\"font-size: 12pt; font-family: 'Times New Roman'; color: #000000; background-color: transparent; font-weight: 400; font-style: normal; font-variant: normal; text-decoration: none; vertical-align: baseline; white-space: pre-wrap;\">PL-58-580 Szklarska Por\u0119ba<\/span><\/p><p dir=\"ltr\" style=\"line-height: 1.3800000000000001; text-align: center; margin-top: 0pt; margin-bottom: 0pt;\"><span style=\"font-size: 12pt; font-family: 'Times New Roman'; color: #000000; background-color: transparent; font-weight: 400; font-style: normal; font-variant: normal; text-decoration: none; vertical-align: baseline; white-space: pre-wrap;\">Tel.\/Fax: +48 75 717 26 11<\/span><\/p><p dir=\"ltr\" style=\"line-height: 1.3800000000000001; text-align: center; margin-top: 0pt; margin-bottom: 0pt;\"><b id=\"docs-internal-guid-16bb1b26-7fff-0341-94c0-4a8ffa69fe1d\" style=\"font-weight: normal;\">\u00a0<\/b><\/p><h4 dir=\"ltr\" style=\"line-height: 1.3800000000000001; text-align: center; margin-top: 0pt; margin-bottom: 0pt;\"><span style=\"font-size: 12pt; font-family: 'Times New Roman'; color: #000000; background-color: transparent; font-weight: bold; font-style: normal; font-variant: normal; text-decoration: none; vertical-align: baseline; white-space: pre-wrap;\">\u00d6ffnungszeiten:<\/span><\/h4><p dir=\"ltr\" style=\"line-height: 1.3800000000000001; text-align: center; margin-top: 0pt; margin-bottom: 0pt;\"><span style=\"font-size: 12pt; font-family: 'Times New Roman'; color: #000000; background-color: transparent; font-weight: 400; font-style: normal; font-variant: normal; text-decoration: none; vertical-align: baseline; white-space: pre-wrap;\">Montag: geschlossen<\/span><\/p><p dir=\"ltr\" style=\"line-height: 1.3800000000000001; text-align: center; margin-top: 0pt; margin-bottom: 0pt;\"><span style=\"font-size: 12pt; font-family: 'Times New Roman'; color: #000000; background-color: transparent; font-weight: 400; font-style: normal; font-variant: normal; text-decoration: none; vertical-align: baseline; white-space: pre-wrap;\">Dienstag bis Sonntag: 9.00 &#8211; 17.00 Uhr (Mai bis September)<\/span><\/p><p dir=\"ltr\" style=\"line-height: 1.3800000000000001; text-align: center; margin-top: 0pt; margin-bottom: 0pt;\">\u00a0<\/p><p dir=\"ltr\" style=\"line-height: 1.3800000000000001; text-align: center; margin-top: 0pt; margin-bottom: 0pt;\"><span style=\"font-size: 12pt; font-family: 'Times New Roman'; color: #000000; background-color: transparent; font-weight: 400; font-style: normal; font-variant: normal; text-decoration: none; vertical-align: baseline; white-space: pre-wrap;\">Dienstag bis Sonntag: 9.00 &#8211; 17.00 Uhr (Oktober bis April)<\/span><\/p><div><span style=\"font-size: 12pt; font-family: 'Times New Roman'; color: #000000; background-color: transparent; font-weight: 400; font-style: normal; font-variant: normal; text-decoration: none; vertical-align: baseline; white-space: pre-wrap;\">\u00a0<\/span><\/div><div><span style=\"font-size: 12pt; font-family: 'Times New Roman'; color: #000000; background-color: transparent; font-weight: 400; font-style: normal; font-variant: normal; text-decoration: none; vertical-align: baseline; white-space: pre-wrap;\">\u00a0<\/span><\/div>\t\t\t\t\t\t\t\t<\/div>\n\t\t\t\t<\/div>\n\t\t\t\t\t<\/div>\n\t\t<\/div>\n\t\t\t\t<div class=\"elementor-column elementor-col-50 elementor-top-column elementor-element elementor-element-fa70c1b\" data-id=\"fa70c1b\" data-element_type=\"column\">\n\t\t\t<div class=\"elementor-widget-wrap elementor-element-populated\">\n\t\t\t\t\t\t<div class=\"elementor-element elementor-element-f829cde elementor-widget elementor-widget-image\" data-id=\"f829cde\" data-element_type=\"widget\" data-widget_type=\"image.default\">\n\t\t\t\t<div class=\"elementor-widget-container\">\n\t\t\t\t\t\t\t\t\t\t\t\t\t\t\t<img fetchpriority=\"high\" decoding=\"async\" width=\"800\" height=\"809\" src=\"https:\/\/viafabrilis.zw.pl\/wp-content\/uploads\/2023\/07\/Kopia-1-Dom-Carla-i-Gerharta-Hauptmannow.jpg\" class=\"attachment-large size-large wp-image-4256\" alt=\"\" srcset=\"https:\/\/viafabrilis.zw.pl\/wp-content\/uploads\/2023\/07\/Kopia-1-Dom-Carla-i-Gerharta-Hauptmannow.jpg 800w, https:\/\/viafabrilis.zw.pl\/wp-content\/uploads\/2023\/07\/Kopia-1-Dom-Carla-i-Gerharta-Hauptmannow-297x300.jpg 297w, https:\/\/viafabrilis.zw.pl\/wp-content\/uploads\/2023\/07\/Kopia-1-Dom-Carla-i-Gerharta-Hauptmannow-768x777.jpg 768w, https:\/\/viafabrilis.zw.pl\/wp-content\/uploads\/2023\/07\/Kopia-1-Dom-Carla-i-Gerharta-Hauptmannow-600x607.jpg 600w\" sizes=\"(max-width: 800px) 100vw, 800px\" \/>\t\t\t\t\t\t\t\t\t\t\t\t\t\t\t<\/div>\n\t\t\t\t<\/div>\n\t\t\t\t\t<\/div>\n\t\t<\/div>\n\t\t\t\t\t<\/div>\n\t\t<\/section>\n\t\t\t\t<section class=\"elementor-section elementor-top-section elementor-element elementor-element-6ca0a0b elementor-section-boxed elementor-section-height-default elementor-section-height-default\" data-id=\"6ca0a0b\" data-element_type=\"section\" data-settings=\"{&quot;jet_parallax_layout_list&quot;:[]}\">\n\t\t\t\t\t\t<div class=\"elementor-container elementor-column-gap-default\">\n\t\t\t\t\t<div class=\"elementor-column elementor-col-100 elementor-top-column elementor-element elementor-element-7b841c3\" data-id=\"7b841c3\" data-element_type=\"column\">\n\t\t\t<div class=\"elementor-widget-wrap elementor-element-populated\">\n\t\t\t\t\t\t<div class=\"elementor-element elementor-element-7151be8 elementor-widget elementor-widget-text-editor\" data-id=\"7151be8\" data-element_type=\"widget\" data-widget_type=\"text-editor.default\">\n\t\t\t\t<div class=\"elementor-widget-container\">\n\t\t\t\t\t\t\t\t\t<p>\u00a0<\/p><p><span style=\"font-weight: 400;\">Die Abteilung des Muzeum Karkonoskie in Szklarska Por\u0119ba wurde 1995 er\u00f6ffnet. Sie befindet sich in einem stilvollen Haus, das sich ab 1890 im Besitz der Br\u00fcder Carl und Gerhard Hauptmann befand. Angezogen vom Charisma der beiden Schriftsteller, formte sich dort eine aktive K\u00fcnstlerkolonie, aus der nach 1922 die K\u00fcnstlervereinigung St. Lukas hervorging.<\/span><\/p><p><span style=\"font-weight: 400;\">Die Dauerausstellung ist den beiden Eigent\u00fcmern gewidmet, sie stellt aber auch Aspekte des \u00f6rtlichen K\u00fcnstlerlebens in der Vor- und Nachkriegszeit vor. Dabei werden auch antike Glaserzeugnisse aus Schreiberhau pr\u00e4sentiert. Die Geschichte des Ortes ist seit den Anf\u00e4ngen nicht nur mit dem Abbau von Edelsteinen und Edelmetallen verkn\u00fcpft, sondern auch mit der Herstellung von Glas. Die erste Glash\u00fctte, die \u00e4lteste in den Sudeten, entstand hier etwa in der Mitte des 14. Jh. Das Vorhandensein von notwendigen Rohstoffen wie Quarz und Buchenholz f\u00f6rderte die Entwicklung des Glaserhandwerks entlang des Schreiberhauer Bachs. Wegen massiven Waldrodungen und Sandabbau musste die H\u00fctte immer wieder in h\u00f6here Bergregionen verlegt werden. Dies war \u00f6konomischer als der Transport der Rohstoffe und f\u00fchrte zur Herausbildung von sog. \u201eWanderh\u00fctten\u201c. Im Mittelalter wurde hier Glas hergestellt, das von schwacher Transparenz war, getr\u00fcbt durch Holzasche und kleine Glasblasen. Seine leicht gr\u00fcnliche F\u00e4rbung brachte ihm die Bezeichnung \u201eWaldglas\u201c, es wurde aber auch \u201eBergglas\u201c genannt.<\/span><\/p><p><span style=\"font-weight: 400;\">Die rasch wachsende Beliebtheit der hiesigen Glaserzeugnisse lieferte f\u00fcr die Eigent\u00fcmer der L\u00e4ndereien, die Familie Schaffgotsch, den Ansto\u00df zum Bau von weiteren Glash\u00fctten. 1575 entstand am Schreiberhauer Bach eine neuzeitliche Glash\u00fctte, geleitet durch Johann Friedrich aus Kreibitz in Nordb\u00f6hmen, 1617 entstand die Glash\u00fctte der Familie Preussler im Wei\u00dfbachtal und 1754 die Glash\u00fctte Karlstal. Anfang des 19. Jh. arbeiteten hier zwei Glash\u00fctten und 26 Schleifereien; die meisten Bewohner der Region waren in der Glasherstellung besch\u00e4ftigt.\u00a0<\/span><\/p><p><span style=\"font-weight: 400;\">1841 wurde die gr\u00f6\u00dfte und ber\u00fchmteste der \u00f6rtlichen Glash\u00fctten gegr\u00fcndet \u2013 die Josephinenh\u00fctte. (Sie produzierte bis zum Ende des zweiten Weltkrieges, nach Kriegsende wurde die Produktion unter dem Namen \u201eJulia\u201d wiederaufgenommen.) Die Josephinenh\u00fctte erlangte Weltbekanntheit f\u00fcr ihre exklusiven Erzeugnisse aus Kristallglas. Die aus dem in der Masse gef\u00e4rbten Rubin-, Alabaster- oder Kobaltglas hergestellten Erzeugnisse waren reich geschliffen, geschnitten oder graviert und richteten sich stets nach den aktuell g\u00fcltigen Stilrichtungen. Zu ihrer Ber\u00fchmtheit trug auch die Teilnahme an den Weltausstellungen in London, Paris oder Wien bei. <\/span><\/p>\t\t\t\t\t\t\t\t<\/div>\n\t\t\t\t<\/div>\n\t\t\t\t\t<\/div>\n\t\t<\/div>\n\t\t\t\t\t<\/div>\n\t\t<\/section>\n\t\t\t\t<section class=\"elementor-section elementor-top-section elementor-element elementor-element-446318f elementor-section-boxed elementor-section-height-default elementor-section-height-default\" data-id=\"446318f\" data-element_type=\"section\" data-settings=\"{&quot;jet_parallax_layout_list&quot;:[]}\">\n\t\t\t\t\t\t<div class=\"elementor-container elementor-column-gap-default\">\n\t\t\t\t\t<div class=\"elementor-column elementor-col-100 elementor-top-column elementor-element elementor-element-e79463a\" data-id=\"e79463a\" data-element_type=\"column\">\n\t\t\t<div class=\"elementor-widget-wrap elementor-element-populated\">\n\t\t\t\t\t\t<div class=\"elementor-element elementor-element-085903e elementor-widget elementor-widget-image-gallery\" data-id=\"085903e\" data-element_type=\"widget\" data-widget_type=\"image-gallery.default\">\n\t\t\t\t<div class=\"elementor-widget-container\">\n\t\t\t\t\t\t\t<div class=\"elementor-image-gallery\">\n\t\t\t<div id='gallery-1' class='gallery galleryid-4299 gallery-columns-4 gallery-size-monstroid2-thumb-justify'><figure class='gallery-item'>\n\t\t\t<div class='gallery-icon portrait'>\n\t\t\t\t<a data-elementor-open-lightbox=\"yes\" data-elementor-lightbox-slideshow=\"085903e\" data-elementor-lightbox-title=\"1 - Dom Carla i Gerharta Hauptmanno\u0301w\" data-e-action-hash=\"#elementor-action%3Aaction%3Dlightbox%26settings%3DeyJpZCI6NDI2MywidXJsIjoiaHR0cHM6XC9cL3ZpYWZhYnJpbGlzLnp3LnBsXC93cC1jb250ZW50XC91cGxvYWRzXC8yMDIzXC8wN1wvMS1Eb20tQ2FybGEtaS1HZXJoYXJ0YS1IYXVwdG1hbm5vdy5qcGciLCJzbGlkZXNob3ciOiIwODU5MDNlIn0%3D\" href='https:\/\/viafabrilis.zw.pl\/wp-content\/uploads\/2023\/07\/1-Dom-Carla-i-Gerharta-Hauptmannow.jpg'><img decoding=\"async\" width=\"640\" height=\"640\" src=\"https:\/\/viafabrilis.zw.pl\/wp-content\/uploads\/2023\/07\/1-Dom-Carla-i-Gerharta-Hauptmannow-640x640.jpg\" class=\"attachment-monstroid2-thumb-justify size-monstroid2-thumb-justify\" alt=\"\" aria-describedby=\"gallery-1-4263\" srcset=\"https:\/\/viafabrilis.zw.pl\/wp-content\/uploads\/2023\/07\/1-Dom-Carla-i-Gerharta-Hauptmannow-640x640.jpg 640w, https:\/\/viafabrilis.zw.pl\/wp-content\/uploads\/2023\/07\/1-Dom-Carla-i-Gerharta-Hauptmannow-150x150.jpg 150w, https:\/\/viafabrilis.zw.pl\/wp-content\/uploads\/2023\/07\/1-Dom-Carla-i-Gerharta-Hauptmannow-230x230.jpg 230w, https:\/\/viafabrilis.zw.pl\/wp-content\/uploads\/2023\/07\/1-Dom-Carla-i-Gerharta-Hauptmannow-400x400.jpg 400w\" sizes=\"(max-width: 640px) 100vw, 640px\" \/><\/a>\n\t\t\t<\/div>\n\t\t\t\t<figcaption class='wp-caption-text gallery-caption' id='gallery-1-4263'>\n\t\t\t\tCarl-und-Gerhart-Hauptmann-Haus &#8211; heute ein Museum\n\t\t\t\t<\/figcaption><\/figure><figure class='gallery-item'>\n\t\t\t<div class='gallery-icon landscape'>\n\t\t\t\t<a data-elementor-open-lightbox=\"yes\" data-elementor-lightbox-slideshow=\"085903e\" data-elementor-lightbox-title=\"2 - Fragment ekspozycji muzealnej (1)\" data-e-action-hash=\"#elementor-action%3Aaction%3Dlightbox%26settings%3DeyJpZCI6NDI2NywidXJsIjoiaHR0cHM6XC9cL3ZpYWZhYnJpbGlzLnp3LnBsXC93cC1jb250ZW50XC91cGxvYWRzXC8yMDIzXC8wN1wvMi1GcmFnbWVudC1la3Nwb3p5Y2ppLW11emVhbG5lai0xLmpwZyIsInNsaWRlc2hvdyI6IjA4NTkwM2UifQ%3D%3D\" href='https:\/\/viafabrilis.zw.pl\/wp-content\/uploads\/2023\/07\/2-Fragment-ekspozycji-muzealnej-1.jpg'><img decoding=\"async\" width=\"640\" height=\"640\" src=\"https:\/\/viafabrilis.zw.pl\/wp-content\/uploads\/2023\/07\/2-Fragment-ekspozycji-muzealnej-1-640x640.jpg\" class=\"attachment-monstroid2-thumb-justify size-monstroid2-thumb-justify\" alt=\"\" aria-describedby=\"gallery-1-4267\" srcset=\"https:\/\/viafabrilis.zw.pl\/wp-content\/uploads\/2023\/07\/2-Fragment-ekspozycji-muzealnej-1-640x640.jpg 640w, https:\/\/viafabrilis.zw.pl\/wp-content\/uploads\/2023\/07\/2-Fragment-ekspozycji-muzealnej-1-150x150.jpg 150w, https:\/\/viafabrilis.zw.pl\/wp-content\/uploads\/2023\/07\/2-Fragment-ekspozycji-muzealnej-1-230x230.jpg 230w, https:\/\/viafabrilis.zw.pl\/wp-content\/uploads\/2023\/07\/2-Fragment-ekspozycji-muzealnej-1-400x400.jpg 400w\" sizes=\"(max-width: 640px) 100vw, 640px\" \/><\/a>\n\t\t\t<\/div>\n\t\t\t\t<figcaption class='wp-caption-text gallery-caption' id='gallery-1-4267'>\n\t\t\t\tBlick in die Ausstellung\n\t\t\t\t<\/figcaption><\/figure><figure class='gallery-item'>\n\t\t\t<div class='gallery-icon portrait'>\n\t\t\t\t<a data-elementor-open-lightbox=\"yes\" data-elementor-lightbox-slideshow=\"085903e\" data-elementor-lightbox-title=\"3 - Pomnik nagrobny Carla Hauptmanna na posesji muzeum\" data-e-action-hash=\"#elementor-action%3Aaction%3Dlightbox%26settings%3DeyJpZCI6NDI3NSwidXJsIjoiaHR0cHM6XC9cL3ZpYWZhYnJpbGlzLnp3LnBsXC93cC1jb250ZW50XC91cGxvYWRzXC8yMDIzXC8wN1wvMy1Qb21uaWstbmFncm9ibnktQ2FybGEtSGF1cHRtYW5uYS1uYS1wb3Nlc2ppLW11emV1bS5qcGciLCJzbGlkZXNob3ciOiIwODU5MDNlIn0%3D\" href='https:\/\/viafabrilis.zw.pl\/wp-content\/uploads\/2023\/07\/3-Pomnik-nagrobny-Carla-Hauptmanna-na-posesji-muzeum.jpg'><img loading=\"lazy\" decoding=\"async\" width=\"640\" height=\"640\" src=\"https:\/\/viafabrilis.zw.pl\/wp-content\/uploads\/2023\/07\/3-Pomnik-nagrobny-Carla-Hauptmanna-na-posesji-muzeum-640x640.jpg\" class=\"attachment-monstroid2-thumb-justify size-monstroid2-thumb-justify\" alt=\"\" aria-describedby=\"gallery-1-4275\" srcset=\"https:\/\/viafabrilis.zw.pl\/wp-content\/uploads\/2023\/07\/3-Pomnik-nagrobny-Carla-Hauptmanna-na-posesji-muzeum-640x640.jpg 640w, https:\/\/viafabrilis.zw.pl\/wp-content\/uploads\/2023\/07\/3-Pomnik-nagrobny-Carla-Hauptmanna-na-posesji-muzeum-150x150.jpg 150w, https:\/\/viafabrilis.zw.pl\/wp-content\/uploads\/2023\/07\/3-Pomnik-nagrobny-Carla-Hauptmanna-na-posesji-muzeum-230x230.jpg 230w, https:\/\/viafabrilis.zw.pl\/wp-content\/uploads\/2023\/07\/3-Pomnik-nagrobny-Carla-Hauptmanna-na-posesji-muzeum-400x400.jpg 400w\" sizes=\"(max-width: 640px) 100vw, 640px\" \/><\/a>\n\t\t\t<\/div>\n\t\t\t\t<figcaption class='wp-caption-text gallery-caption' id='gallery-1-4275'>\n\t\t\t\tGrabstein von Carl Hauptmann auf dem Museumsgel\u00e4nde\n\t\t\t\t<\/figcaption><\/figure><figure class='gallery-item'>\n\t\t\t<div class='gallery-icon landscape'>\n\t\t\t\t<a data-elementor-open-lightbox=\"yes\" data-elementor-lightbox-slideshow=\"085903e\" data-elementor-lightbox-title=\"Muzeum Szk P. 28.10.2005 044\" data-e-action-hash=\"#elementor-action%3Aaction%3Dlightbox%26settings%3DeyJpZCI6NDI3OSwidXJsIjoiaHR0cHM6XC9cL3ZpYWZhYnJpbGlzLnp3LnBsXC93cC1jb250ZW50XC91cGxvYWRzXC8yMDIzXC8wN1wvNC1BcnR1ci1XYXNuZXItV3lrb3BraS1vay4tMTkyMC1vbGVqLXBsb3Ruby13bC4tRG9tLUNhcmxhLWktR2VyaGFydGEtSGF1cHRtYW5ub3ctdy1TemtsYXJza2llai1Qb3JlYmllLmpwZyIsInNsaWRlc2hvdyI6IjA4NTkwM2UifQ%3D%3D\" href='https:\/\/viafabrilis.zw.pl\/wp-content\/uploads\/2023\/07\/4-Artur-Wasner-Wykopki-ok.-1920-olej-plotno-wl.-Dom-Carla-i-Gerharta-Hauptmannow-w-Szklarskiej-Porebie.jpg'><img loading=\"lazy\" decoding=\"async\" width=\"640\" height=\"640\" src=\"https:\/\/viafabrilis.zw.pl\/wp-content\/uploads\/2023\/07\/4-Artur-Wasner-Wykopki-ok.-1920-olej-plotno-wl.-Dom-Carla-i-Gerharta-Hauptmannow-w-Szklarskiej-Porebie-640x640.jpg\" class=\"attachment-monstroid2-thumb-justify size-monstroid2-thumb-justify\" alt=\"\" aria-describedby=\"gallery-1-4279\" srcset=\"https:\/\/viafabrilis.zw.pl\/wp-content\/uploads\/2023\/07\/4-Artur-Wasner-Wykopki-ok.-1920-olej-plotno-wl.-Dom-Carla-i-Gerharta-Hauptmannow-w-Szklarskiej-Porebie-640x640.jpg 640w, https:\/\/viafabrilis.zw.pl\/wp-content\/uploads\/2023\/07\/4-Artur-Wasner-Wykopki-ok.-1920-olej-plotno-wl.-Dom-Carla-i-Gerharta-Hauptmannow-w-Szklarskiej-Porebie-150x150.jpg 150w, https:\/\/viafabrilis.zw.pl\/wp-content\/uploads\/2023\/07\/4-Artur-Wasner-Wykopki-ok.-1920-olej-plotno-wl.-Dom-Carla-i-Gerharta-Hauptmannow-w-Szklarskiej-Porebie-230x230.jpg 230w, https:\/\/viafabrilis.zw.pl\/wp-content\/uploads\/2023\/07\/4-Artur-Wasner-Wykopki-ok.-1920-olej-plotno-wl.-Dom-Carla-i-Gerharta-Hauptmannow-w-Szklarskiej-Porebie-400x400.jpg 400w\" sizes=\"(max-width: 640px) 100vw, 640px\" \/><\/a>\n\t\t\t<\/div>\n\t\t\t\t<figcaption class='wp-caption-text gallery-caption' id='gallery-1-4279'>\n\t\t\t\tArtur Wasner, Kartoffelernte, um 1920 (\u00d6l\/Leinwand, Eigentum Carl-und-Gerhart-Hauptmann-Haus in Szklarska Por\u0119ba)\n\t\t\t\t<\/figcaption><\/figure><figure class='gallery-item'>\n\t\t\t<div class='gallery-icon landscape'>\n\t\t\t\t<a data-elementor-open-lightbox=\"yes\" data-elementor-lightbox-slideshow=\"085903e\" data-elementor-lightbox-title=\"MJG ET 026\" data-e-action-hash=\"#elementor-action%3Aaction%3Dlightbox%26settings%3DeyJpZCI6NDI4NCwidXJsIjoiaHR0cHM6XC9cL3ZpYWZhYnJpbGlzLnp3LnBsXC93cC1jb250ZW50XC91cGxvYWRzXC8yMDIzXC8wN1wvNS1IYW5zLU9iZXJsYW5kZXItWmltb3d5LXBlanphei0xOTM5LW9sZWotcGxvdG5vLXdsLi1Eb20tQ2FybGEtaS1HZXJoYXJ0YS1IYXVwdG1hbm5vdy13LVN6a2xhcnNraWVqLVBvcmViaWUuanBnIiwic2xpZGVzaG93IjoiMDg1OTAzZSJ9\" href='https:\/\/viafabrilis.zw.pl\/wp-content\/uploads\/2023\/07\/5-Hans-Oberlander-Zimowy-pejzaz-1939-olej-plotno-wl.-Dom-Carla-i-Gerharta-Hauptmannow-w-Szklarskiej-Porebie.jpg'><img loading=\"lazy\" decoding=\"async\" width=\"640\" height=\"640\" src=\"https:\/\/viafabrilis.zw.pl\/wp-content\/uploads\/2023\/07\/5-Hans-Oberlander-Zimowy-pejzaz-1939-olej-plotno-wl.-Dom-Carla-i-Gerharta-Hauptmannow-w-Szklarskiej-Porebie-640x640.jpg\" class=\"attachment-monstroid2-thumb-justify size-monstroid2-thumb-justify\" alt=\"\" aria-describedby=\"gallery-1-4284\" srcset=\"https:\/\/viafabrilis.zw.pl\/wp-content\/uploads\/2023\/07\/5-Hans-Oberlander-Zimowy-pejzaz-1939-olej-plotno-wl.-Dom-Carla-i-Gerharta-Hauptmannow-w-Szklarskiej-Porebie-640x640.jpg 640w, https:\/\/viafabrilis.zw.pl\/wp-content\/uploads\/2023\/07\/5-Hans-Oberlander-Zimowy-pejzaz-1939-olej-plotno-wl.-Dom-Carla-i-Gerharta-Hauptmannow-w-Szklarskiej-Porebie-150x150.jpg 150w, https:\/\/viafabrilis.zw.pl\/wp-content\/uploads\/2023\/07\/5-Hans-Oberlander-Zimowy-pejzaz-1939-olej-plotno-wl.-Dom-Carla-i-Gerharta-Hauptmannow-w-Szklarskiej-Porebie-230x230.jpg 230w, https:\/\/viafabrilis.zw.pl\/wp-content\/uploads\/2023\/07\/5-Hans-Oberlander-Zimowy-pejzaz-1939-olej-plotno-wl.-Dom-Carla-i-Gerharta-Hauptmannow-w-Szklarskiej-Porebie-400x400.jpg 400w\" sizes=\"(max-width: 640px) 100vw, 640px\" \/><\/a>\n\t\t\t<\/div>\n\t\t\t\t<figcaption class='wp-caption-text gallery-caption' id='gallery-1-4284'>\n\t\t\t\tHans Oberl\u00e4nder, Winterlandschaft, 1939 (\u00d6l\/Leinwand, Eigentum Carl-und-Gerhart-Hauptmann-Haus in Szklarska Por\u0119ba)\n\t\t\t\t<\/figcaption><\/figure><figure class='gallery-item'>\n\t\t\t<div class='gallery-icon landscape'>\n\t\t\t\t<a data-elementor-open-lightbox=\"yes\" data-elementor-lightbox-slideshow=\"085903e\" data-elementor-lightbox-title=\"6 - Wlastimil Hofman, Majster cies\u0301la (_Nowe drogi_), 1954 (olej, sklejka, w\u0142. Muzeum Karkonoskie w Jeleniej Go\u0301rze)\" data-e-action-hash=\"#elementor-action%3Aaction%3Dlightbox%26settings%3DeyJpZCI6NDI4OCwidXJsIjoiaHR0cHM6XC9cL3ZpYWZhYnJpbGlzLnp3LnBsXC93cC1jb250ZW50XC91cGxvYWRzXC8yMDIzXC8wN1wvNi1XbGFzdGltaWwtSG9mbWFuLU1hanN0ZXItY2llc2xhLV9Ob3dlLWRyb2dpXy0xOTU0LW9sZWotc2tsZWprYS13bC4tTXV6ZXVtLUthcmtvbm9za2llLXctSmVsZW5pZWotR29yemUuanBnIiwic2xpZGVzaG93IjoiMDg1OTAzZSJ9\" href='https:\/\/viafabrilis.zw.pl\/wp-content\/uploads\/2023\/07\/6-Wlastimil-Hofman-Majster-ciesla-_Nowe-drogi_-1954-olej-sklejka-wl.-Muzeum-Karkonoskie-w-Jeleniej-Gorze.jpg'><img loading=\"lazy\" decoding=\"async\" width=\"640\" height=\"640\" src=\"https:\/\/viafabrilis.zw.pl\/wp-content\/uploads\/2023\/07\/6-Wlastimil-Hofman-Majster-ciesla-_Nowe-drogi_-1954-olej-sklejka-wl.-Muzeum-Karkonoskie-w-Jeleniej-Gorze-640x640.jpg\" class=\"attachment-monstroid2-thumb-justify size-monstroid2-thumb-justify\" alt=\"\" aria-describedby=\"gallery-1-4288\" srcset=\"https:\/\/viafabrilis.zw.pl\/wp-content\/uploads\/2023\/07\/6-Wlastimil-Hofman-Majster-ciesla-_Nowe-drogi_-1954-olej-sklejka-wl.-Muzeum-Karkonoskie-w-Jeleniej-Gorze-640x640.jpg 640w, https:\/\/viafabrilis.zw.pl\/wp-content\/uploads\/2023\/07\/6-Wlastimil-Hofman-Majster-ciesla-_Nowe-drogi_-1954-olej-sklejka-wl.-Muzeum-Karkonoskie-w-Jeleniej-Gorze-150x150.jpg 150w, https:\/\/viafabrilis.zw.pl\/wp-content\/uploads\/2023\/07\/6-Wlastimil-Hofman-Majster-ciesla-_Nowe-drogi_-1954-olej-sklejka-wl.-Muzeum-Karkonoskie-w-Jeleniej-Gorze-230x230.jpg 230w, https:\/\/viafabrilis.zw.pl\/wp-content\/uploads\/2023\/07\/6-Wlastimil-Hofman-Majster-ciesla-_Nowe-drogi_-1954-olej-sklejka-wl.-Muzeum-Karkonoskie-w-Jeleniej-Gorze-400x400.jpg 400w\" sizes=\"(max-width: 640px) 100vw, 640px\" \/><\/a>\n\t\t\t<\/div>\n\t\t\t\t<figcaption class='wp-caption-text gallery-caption' id='gallery-1-4288'>\n\t\t\t\tWlastimil Hofman, Zimmermeister (&#8222;Neue Wege&#8220;), 1954 (\u00d6l\/Sperrholz, Eigentum Muzeum Karkonoskie in Jelenia G\u00f3ra)\n\t\t\t\t<\/figcaption><\/figure>\n\t\t<\/div>\n\t\t<\/div>\n\t\t\t\t\t\t<\/div>\n\t\t\t\t<\/div>\n\t\t\t\t\t<\/div>\n\t\t<\/div>\n\t\t\t\t\t<\/div>\n\t\t<\/section>\n\t\t\t\t<\/div>\n\t\t","protected":false},"excerpt":{"rendered":"<p>ul. 11 Listopada 23 PL-58-580 Szklarska Por\u0119ba Tel.\/Fax: +48 75 717 26 11 &nbsp; \u00d6ffnungszeiten: Montag: geschlossen Dienstag bis Sonntag: 9.00 &#8211; 17.00 Uhr (Mai bis September) Dienstag bis Sonntag: 9.00 &#8211; 17.00 Uhr (Oktober bis April) Die Abteilung des Muzeum Karkonoskie in Szklarska Por\u0119ba wurde 1995 er\u00f6ffnet. Sie befindet sich in einem stilvollen Haus, [&hellip;]<\/p>\n","protected":false},"author":1,"featured_media":4263,"parent":0,"menu_order":0,"comment_status":"closed","ping_status":"closed","template":"","meta":{"footnotes":""},"class_list":["post-4299","page","type-page","status-publish","has-post-thumbnail","hentry","entry","has-media"],"_links":{"self":[{"href":"https:\/\/viafabrilis.zw.pl\/de\/wp-json\/wp\/v2\/pages\/4299","targetHints":{"allow":["GET"]}}],"collection":[{"href":"https:\/\/viafabrilis.zw.pl\/de\/wp-json\/wp\/v2\/pages"}],"about":[{"href":"https:\/\/viafabrilis.zw.pl\/de\/wp-json\/wp\/v2\/types\/page"}],"author":[{"embeddable":true,"href":"https:\/\/viafabrilis.zw.pl\/de\/wp-json\/wp\/v2\/users\/1"}],"replies":[{"embeddable":true,"href":"https:\/\/viafabrilis.zw.pl\/de\/wp-json\/wp\/v2\/comments?post=4299"}],"version-history":[{"count":6,"href":"https:\/\/viafabrilis.zw.pl\/de\/wp-json\/wp\/v2\/pages\/4299\/revisions"}],"predecessor-version":[{"id":8854,"href":"https:\/\/viafabrilis.zw.pl\/de\/wp-json\/wp\/v2\/pages\/4299\/revisions\/8854"}],"wp:featuredmedia":[{"embeddable":true,"href":"https:\/\/viafabrilis.zw.pl\/de\/wp-json\/wp\/v2\/media\/4263"}],"wp:attachment":[{"href":"https:\/\/viafabrilis.zw.pl\/de\/wp-json\/wp\/v2\/media?parent=4299"}],"curies":[{"name":"wp","href":"https:\/\/api.w.org\/{rel}","templated":true}]}}