{"id":5514,"date":"2023-07-17T19:45:54","date_gmt":"2023-07-17T17:45:54","guid":{"rendered":"https:\/\/viafabrilis.zw.pl\/?page_id=5514"},"modified":"2024-02-11T12:09:58","modified_gmt":"2024-02-11T11:09:58","slug":"museum-und-kultureinrichtung-im-lwowek-slaski","status":"publish","type":"page","link":"https:\/\/viafabrilis.zw.pl\/de\/museum-und-kultureinrichtung-im-lwowek-slaski\/","title":{"rendered":"Museum und Kultureinrichtung im Lw\u00f3wek \u015al\u0105ski"},"content":{"rendered":"\t\t<div data-elementor-type=\"wp-page\" data-elementor-id=\"5514\" class=\"elementor elementor-5514\" data-elementor-post-type=\"page\">\n\t\t\t\t\t\t<section class=\"elementor-section elementor-top-section elementor-element elementor-element-54e597c elementor-section-boxed elementor-section-height-default elementor-section-height-default\" data-id=\"54e597c\" data-element_type=\"section\" data-settings=\"{&quot;jet_parallax_layout_list&quot;:[]}\">\n\t\t\t\t\t\t<div class=\"elementor-container elementor-column-gap-default\">\n\t\t\t\t\t<div class=\"elementor-column elementor-col-33 elementor-top-column elementor-element elementor-element-9cc7040\" data-id=\"9cc7040\" data-element_type=\"column\">\n\t\t\t<div class=\"elementor-widget-wrap elementor-element-populated\">\n\t\t\t\t\t\t<div class=\"elementor-element elementor-element-0f1a0b7 elementor-widget elementor-widget-text-editor\" data-id=\"0f1a0b7\" data-element_type=\"widget\" data-widget_type=\"text-editor.default\">\n\t\t\t\t<div class=\"elementor-widget-container\">\n\t\t\t\t\t\t\t\t\t<p dir=\"ltr\" style=\"line-height: 1.3800000000000001; text-align: center; margin-top: 0pt; margin-bottom: 0pt;\"><span style=\"font-size: 12pt; font-family: 'Times New Roman'; color: #000000; background-color: transparent; font-weight: 400; font-style: normal; font-variant: normal; text-decoration: none; vertical-align: baseline; white-space: pre-wrap;\">plac Wolno\u015bci 1 (ratusz)<\/span><\/p><p dir=\"ltr\" style=\"line-height: 1.3800000000000001; text-align: center; margin-top: 0pt; margin-bottom: 0pt;\"><span style=\"font-size: 12pt; font-family: 'Times New Roman'; color: #000000; background-color: transparent; font-weight: 400; font-style: normal; font-variant: normal; text-decoration: none; vertical-align: baseline; white-space: pre-wrap;\">PL-59-600 Lw\u00f3wek \u015al\u0105ski<\/span><\/p><p dir=\"ltr\" style=\"line-height: 1.3800000000000001; text-align: center; margin-top: 0pt; margin-bottom: 0pt;\"><span style=\"font-size: 12pt; font-family: 'Times New Roman'; color: #000000; background-color: transparent; font-weight: 400; font-style: normal; font-variant: normal; text-decoration: none; vertical-align: baseline; white-space: pre-wrap;\">Tel.: +48 75\u00a0782 45 44 w. 25<\/span><\/p><p dir=\"ltr\" style=\"line-height: 1.3800000000000001; text-align: center; margin-top: 0pt; margin-bottom: 0pt;\"><span style=\"font-size: 12pt; font-family: 'Times New Roman'; color: #000000; background-color: transparent; font-weight: 400; font-style: normal; font-variant: normal; text-decoration: none; vertical-align: baseline; white-space: pre-wrap;\">E-Mail: phm@bibliotekalwowecka.pl<\/span><\/p><p dir=\"ltr\" style=\"line-height: 1.3800000000000001; text-align: center; margin-top: 0pt; margin-bottom: 0pt;\"><span style=\"font-size: 12pt; font-family: 'Times New Roman'; color: #000000; background-color: transparent; font-weight: 400; font-style: normal; font-variant: normal; text-decoration: none; vertical-align: baseline; white-space: pre-wrap;\">www.bibliotekalwowecka.pl\/<\/span><\/p><p dir=\"ltr\" style=\"line-height: 1.3800000000000001; text-align: center; margin-top: 0pt; margin-bottom: 0pt;\"><b id=\"docs-internal-guid-5457f07c-7fff-67f3-cf1d-bb9248ee7fc5\" style=\"font-weight: normal;\">\u00a0<\/b><\/p><h4 dir=\"ltr\" style=\"line-height: 1.3800000000000001; text-align: center; margin-top: 0pt; margin-bottom: 0pt;\"><span style=\"font-size: 12pt; font-family: 'Times New Roman'; color: #000000; background-color: transparent; font-weight: bold; font-style: normal; font-variant: normal; text-decoration: none; vertical-align: baseline; white-space: pre-wrap;\">\u00d6ffnungszeiten:<\/span><\/h4><p dir=\"ltr\" style=\"line-height: 1.3800000000000001; text-align: center; margin-top: 0pt; margin-bottom: 0pt;\"><span style=\"font-size: 12pt; font-family: 'Times New Roman'; color: #000000; background-color: transparent; font-weight: 400; font-style: normal; font-variant: normal; text-decoration: none; vertical-align: baseline; white-space: pre-wrap;\">Dienstag bis Freitag: 9.00 &#8211; 17.00 Uhr (Beginn der Besichtigung: 9.30, 11.00, 12.30, 14.00, 15.30, 15. Mai bis 30. September)<\/span><\/p><p dir=\"ltr\" style=\"line-height: 1.3800000000000001; text-align: center; margin-top: 0pt; margin-bottom: 0pt;\"><span style=\"font-size: 12pt; font-family: 'Times New Roman'; color: #000000; background-color: transparent; font-weight: 400; font-style: normal; font-variant: normal; text-decoration: none; vertical-align: baseline; white-space: pre-wrap;\">Dienstag bis Freitag: 9.00 &#8211; 16.00 Uhr (Beginn der Besichtigung: 9.00, 10.30, 12.00, 13.30, 15.00, 1. Oktober bis 14. Mai)<\/span><\/p><p dir=\"ltr\" style=\"line-height: 1.3800000000000001; text-align: center; margin-top: 0pt; margin-bottom: 0pt;\"><span style=\"font-size: 12pt; font-family: 'Times New Roman'; color: #000000; background-color: transparent; font-weight: 400; font-style: normal; font-variant: normal; text-decoration: none; vertical-align: baseline; white-space: pre-wrap;\">Samstag: 9.00\u201314.00 Uhr (Beginn der Besichtigung: 9.30, 11.00, 12.30)<\/span><\/p><p dir=\"ltr\" style=\"line-height: 1.3800000000000001; text-align: center; margin-top: 0pt; margin-bottom: 0pt;\">\u00a0<\/p><p dir=\"ltr\" style=\"line-height: 1.3800000000000001; text-align: center; margin-top: 0pt; margin-bottom: 0pt;\"><span style=\"font-size: 12pt; font-family: 'Times New Roman'; color: #000000; background-color: transparent; font-weight: 400; font-style: normal; font-variant: normal; text-decoration: none; vertical-align: baseline; white-space: pre-wrap;\">Telefonisch angemeldete Besucher erhalten Vorrang<\/span><\/p><div><span style=\"font-size: 12pt; font-family: 'Times New Roman'; color: #000000; background-color: transparent; font-weight: 400; font-style: normal; font-variant: normal; text-decoration: none; vertical-align: baseline; white-space: pre-wrap;\">\u00a0<\/span><\/div><div><span style=\"font-size: 12pt; font-family: 'Times New Roman',serif; color: #000000; background-color: transparent; font-weight: 400; font-style: normal; font-variant: normal; text-decoration: none; vertical-align: baseline; white-space: pre-wrap;\">\u00a0<\/span><\/div>\t\t\t\t\t\t\t\t<\/div>\n\t\t\t\t<\/div>\n\t\t\t\t\t<\/div>\n\t\t<\/div>\n\t\t\t\t<div class=\"elementor-column elementor-col-33 elementor-top-column elementor-element elementor-element-1ccddeb\" data-id=\"1ccddeb\" data-element_type=\"column\">\n\t\t\t<div class=\"elementor-widget-wrap elementor-element-populated\">\n\t\t\t\t\t\t<div class=\"elementor-element elementor-element-a624232 elementor-widget elementor-widget-image\" data-id=\"a624232\" data-element_type=\"widget\" data-widget_type=\"image.default\">\n\t\t\t\t<div class=\"elementor-widget-container\">\n\t\t\t\t\t\t\t\t\t\t\t\t\t\t\t<img fetchpriority=\"high\" decoding=\"async\" width=\"1024\" height=\"693\" src=\"https:\/\/viafabrilis.zw.pl\/wp-content\/uploads\/2023\/07\/1-Ratusz-we-Lwowku-Slaskim-1024x693.jpg\" class=\"attachment-large size-large wp-image-5480\" alt=\"\" srcset=\"https:\/\/viafabrilis.zw.pl\/wp-content\/uploads\/2023\/07\/1-Ratusz-we-Lwowku-Slaskim-1024x693.jpg 1024w, https:\/\/viafabrilis.zw.pl\/wp-content\/uploads\/2023\/07\/1-Ratusz-we-Lwowku-Slaskim-300x203.jpg 300w, https:\/\/viafabrilis.zw.pl\/wp-content\/uploads\/2023\/07\/1-Ratusz-we-Lwowku-Slaskim-768x520.jpg 768w, https:\/\/viafabrilis.zw.pl\/wp-content\/uploads\/2023\/07\/1-Ratusz-we-Lwowku-Slaskim-600x406.jpg 600w, https:\/\/viafabrilis.zw.pl\/wp-content\/uploads\/2023\/07\/1-Ratusz-we-Lwowku-Slaskim.jpg 1200w\" sizes=\"(max-width: 1024px) 100vw, 1024px\" \/>\t\t\t\t\t\t\t\t\t\t\t\t\t\t\t<\/div>\n\t\t\t\t<\/div>\n\t\t\t\t\t<\/div>\n\t\t<\/div>\n\t\t\t\t<div class=\"elementor-column elementor-col-33 elementor-top-column elementor-element elementor-element-cf682e0\" data-id=\"cf682e0\" data-element_type=\"column\">\n\t\t\t<div class=\"elementor-widget-wrap elementor-element-populated\">\n\t\t\t\t\t\t<div class=\"elementor-element elementor-element-62d6eb7 elementor-widget elementor-widget-image\" data-id=\"62d6eb7\" data-element_type=\"widget\" data-widget_type=\"image.default\">\n\t\t\t\t<div class=\"elementor-widget-container\">\n\t\t\t\t\t\t\t\t\t\t\t\t\t\t\t<img decoding=\"async\" width=\"1024\" height=\"768\" src=\"https:\/\/viafabrilis.zw.pl\/wp-content\/uploads\/2023\/07\/6-Fragment-ekspozycji-zwiazanej-z-browarnictwem-1024x768.jpg\" class=\"attachment-large size-large wp-image-5501\" alt=\"\" srcset=\"https:\/\/viafabrilis.zw.pl\/wp-content\/uploads\/2023\/07\/6-Fragment-ekspozycji-zwiazanej-z-browarnictwem-1024x768.jpg 1024w, https:\/\/viafabrilis.zw.pl\/wp-content\/uploads\/2023\/07\/6-Fragment-ekspozycji-zwiazanej-z-browarnictwem-300x225.jpg 300w, https:\/\/viafabrilis.zw.pl\/wp-content\/uploads\/2023\/07\/6-Fragment-ekspozycji-zwiazanej-z-browarnictwem-768x576.jpg 768w, https:\/\/viafabrilis.zw.pl\/wp-content\/uploads\/2023\/07\/6-Fragment-ekspozycji-zwiazanej-z-browarnictwem-600x450.jpg 600w, https:\/\/viafabrilis.zw.pl\/wp-content\/uploads\/2023\/07\/6-Fragment-ekspozycji-zwiazanej-z-browarnictwem.jpg 1200w\" sizes=\"(max-width: 1024px) 100vw, 1024px\" \/>\t\t\t\t\t\t\t\t\t\t\t\t\t\t\t<\/div>\n\t\t\t\t<\/div>\n\t\t\t\t\t<\/div>\n\t\t<\/div>\n\t\t\t\t\t<\/div>\n\t\t<\/section>\n\t\t\t\t<section class=\"elementor-section elementor-top-section elementor-element elementor-element-266570d elementor-section-boxed elementor-section-height-default elementor-section-height-default\" data-id=\"266570d\" data-element_type=\"section\" data-settings=\"{&quot;jet_parallax_layout_list&quot;:[]}\">\n\t\t\t\t\t\t<div class=\"elementor-container elementor-column-gap-default\">\n\t\t\t\t\t<div class=\"elementor-column elementor-col-100 elementor-top-column elementor-element elementor-element-bfbb152\" data-id=\"bfbb152\" data-element_type=\"column\">\n\t\t\t<div class=\"elementor-widget-wrap elementor-element-populated\">\n\t\t\t\t\t\t<div class=\"elementor-element elementor-element-89f1900 elementor-widget elementor-widget-text-editor\" data-id=\"89f1900\" data-element_type=\"widget\" data-widget_type=\"text-editor.default\">\n\t\t\t\t<div class=\"elementor-widget-container\">\n\t\t\t\t\t\t\t\t\t<p><span style=\"font-weight: 400;\">Die Einrichtung ist die Struktur der \u00f6ffentlichen Bibliothek in Lw\u00f3wek \u015al\u0105ski eingebunden. Die Dauer- und Sonderausstellungen werden in den Innenr\u00e4umen des prachtvollen Rathausgeb\u00e4udes pr\u00e4sentiert, dessen Bau von Wendel Rosskopf geleitet wurde, einem der herausragendsten Architekten der europ\u00e4ischen Renaissance. Im Hauptsaal pr\u00e4sentiert sich eine Sammlung zur Kultur und Geschichte der Stadt. L\u00f6wenberg erhielt das Stadtrecht bereits 1217 und konnte sich u.a. dank des Goldabbaus dynamisch entwickeln. Bald darauf erhielt die Stadt weitere Privilegien, darunter auch das Braurecht. Das hiesige Bier war weit \u00fcber die Grenzen Niederschlesiens ber\u00fchmt; diese Vorrangstellung konnte sie auch in den folgenden Jahrhunderten behaupten.<\/span><\/p><p><span style=\"font-weight: 400;\">In der 2. H\u00e4lfte des 18. Jh., als Kr\u00f6nung der Brau-Tradition, wurde an der Stelle der ehemaligen herzoglichen Burg eine st\u00e4dtische Brauerei erbaut. Bereits gegen Ende des 18. Jh. war sie f\u00fchrend in der Produktion. 20 Jahre sp\u00e4ter stellte sie \u00fcber 2 000 Achtel (fast 7 500 Liter) Bier j\u00e4hrlich her. Die Brauerei wurde zun\u00e4chst durch eine Bruderschaft der einflussreichsten Stadtb\u00fcrger geleitet. 1871 wurde sie durch Julius von Hohberg \u00fcbernommen. Dessen Familie besa\u00df den Betrieb bis zum 2. Weltkrieg, unter ihrer Leitung wurde er zu einer der meist gesch\u00e4tzten Brauereien Schlesiens. Ein Teil der Dauerausstellung im Rathaus ist der Brauerei gewidmet. Dort werden u.a. Flaschen, K\u00e4sten und F\u00e4sser aus der hiesigen Produktion sowie Bierkr\u00fcge ausgestellt.\u00a0<\/span><\/p><p><span style=\"font-weight: 400;\">In L\u00f6wenberg entwickelte sich auch Leinen- und Tuchweberei. Im 16. Jh., so berichten die Chronisten, verdienten die meisten der 8 000 Bewohner ihren Unterhalt mit Tuchherstellung. Zu dem Zeitpunkt gab es in der Stadt 450 Woll- und Leinenwebereien sowie F\u00e4rbereien. Weitere Betriebe befassten sich mit der F\u00f6rderung und Bearbeitung von Halbedelsteinen. Ankn\u00fcpfend an diese Traditionen findet hier j\u00e4hrlich eine gro\u00dfe Mineralienb\u00f6rse statt \u2013 der L\u00f6wenberger Achatsommer. In dieser Zeit werden im Rathaus Mineralien aus der Region und der ganzen Welt ausgestellt. <\/span><\/p>\t\t\t\t\t\t\t\t<\/div>\n\t\t\t\t<\/div>\n\t\t\t\t\t<\/div>\n\t\t<\/div>\n\t\t\t\t\t<\/div>\n\t\t<\/section>\n\t\t\t\t<section class=\"elementor-section elementor-top-section elementor-element elementor-element-5fc02a1 elementor-section-boxed elementor-section-height-default elementor-section-height-default\" data-id=\"5fc02a1\" data-element_type=\"section\" data-settings=\"{&quot;jet_parallax_layout_list&quot;:[]}\">\n\t\t\t\t\t\t<div class=\"elementor-container elementor-column-gap-default\">\n\t\t\t\t\t<div class=\"elementor-column elementor-col-100 elementor-top-column elementor-element elementor-element-7a48c15\" data-id=\"7a48c15\" data-element_type=\"column\">\n\t\t\t<div class=\"elementor-widget-wrap elementor-element-populated\">\n\t\t\t\t\t\t<div class=\"elementor-element elementor-element-f99ff72 elementor-widget elementor-widget-image-gallery\" data-id=\"f99ff72\" data-element_type=\"widget\" data-widget_type=\"image-gallery.default\">\n\t\t\t\t<div class=\"elementor-widget-container\">\n\t\t\t\t\t\t\t<div class=\"elementor-image-gallery\">\n\t\t\t<div id='gallery-1' class='gallery galleryid-5514 gallery-columns-4 gallery-size-monstroid2-thumb-justify'><figure class='gallery-item'>\n\t\t\t<div class='gallery-icon landscape'>\n\t\t\t\t<a data-elementor-open-lightbox=\"yes\" data-elementor-lightbox-slideshow=\"f99ff72\" data-elementor-lightbox-title=\"1 - Ratusz we Lwo\u0301wku S\u0301la\u0328skim\" data-e-action-hash=\"#elementor-action%3Aaction%3Dlightbox%26settings%3DeyJpZCI6NTQ4MywidXJsIjoiaHR0cHM6XC9cL3ZpYWZhYnJpbGlzLnp3LnBsXC93cC1jb250ZW50XC91cGxvYWRzXC8yMDIzXC8wN1wvMS1SYXR1c3otd2UtTHdvd2t1LVNsYXNraW0uanBnIiwic2xpZGVzaG93IjoiZjk5ZmY3MiJ9\" href='https:\/\/viafabrilis.zw.pl\/wp-content\/uploads\/2023\/07\/1-Ratusz-we-Lwowku-Slaskim.jpg'><img decoding=\"async\" width=\"640\" height=\"640\" src=\"https:\/\/viafabrilis.zw.pl\/wp-content\/uploads\/2023\/07\/1-Ratusz-we-Lwowku-Slaskim-640x640.jpg\" class=\"attachment-monstroid2-thumb-justify size-monstroid2-thumb-justify\" alt=\"\" aria-describedby=\"gallery-1-5483\" srcset=\"https:\/\/viafabrilis.zw.pl\/wp-content\/uploads\/2023\/07\/1-Ratusz-we-Lwowku-Slaskim-640x640.jpg 640w, https:\/\/viafabrilis.zw.pl\/wp-content\/uploads\/2023\/07\/1-Ratusz-we-Lwowku-Slaskim-150x150.jpg 150w, https:\/\/viafabrilis.zw.pl\/wp-content\/uploads\/2023\/07\/1-Ratusz-we-Lwowku-Slaskim-230x230.jpg 230w, https:\/\/viafabrilis.zw.pl\/wp-content\/uploads\/2023\/07\/1-Ratusz-we-Lwowku-Slaskim-400x400.jpg 400w\" sizes=\"(max-width: 640px) 100vw, 640px\" \/><\/a>\n\t\t\t<\/div>\n\t\t\t\t<figcaption class='wp-caption-text gallery-caption' id='gallery-1-5483'>\n\t\t\t\tRathaus in Lw\u00f3wek \u015al\u0105ski\n\t\t\t\t<\/figcaption><\/figure><figure class='gallery-item'>\n\t\t\t<div class='gallery-icon landscape'>\n\t\t\t\t<a data-elementor-open-lightbox=\"yes\" data-elementor-lightbox-slideshow=\"f99ff72\" data-elementor-lightbox-title=\"2 - Wne\u0328trze lwo\u0301weckiego ratusza\" data-e-action-hash=\"#elementor-action%3Aaction%3Dlightbox%26settings%3DeyJpZCI6NTQ4NywidXJsIjoiaHR0cHM6XC9cL3ZpYWZhYnJpbGlzLnp3LnBsXC93cC1jb250ZW50XC91cGxvYWRzXC8yMDIzXC8wN1wvMi1XbmV0cnplLWx3b3dlY2tpZWdvLXJhdHVzemEuanBnIiwic2xpZGVzaG93IjoiZjk5ZmY3MiJ9\" href='https:\/\/viafabrilis.zw.pl\/wp-content\/uploads\/2023\/07\/2-Wnetrze-lwoweckiego-ratusza.jpg'><img loading=\"lazy\" decoding=\"async\" width=\"640\" height=\"581\" src=\"https:\/\/viafabrilis.zw.pl\/wp-content\/uploads\/2023\/07\/2-Wnetrze-lwoweckiego-ratusza-640x581.jpg\" class=\"attachment-monstroid2-thumb-justify size-monstroid2-thumb-justify\" alt=\"\" aria-describedby=\"gallery-1-5487\" \/><\/a>\n\t\t\t<\/div>\n\t\t\t\t<figcaption class='wp-caption-text gallery-caption' id='gallery-1-5487'>\n\t\t\t\tDas Innere des Rathauses in Lw\u00f3wek \u015al\u0105ski\n\t\t\t\t<\/figcaption><\/figure><figure class='gallery-item'>\n\t\t\t<div class='gallery-icon landscape'>\n\t\t\t\t<a data-elementor-open-lightbox=\"yes\" data-elementor-lightbox-slideshow=\"f99ff72\" data-elementor-lightbox-title=\"3 - Wne\u0328trze lwo\u0301weckiego ratusza\" data-e-action-hash=\"#elementor-action%3Aaction%3Dlightbox%26settings%3DeyJpZCI6NTQ5MSwidXJsIjoiaHR0cHM6XC9cL3ZpYWZhYnJpbGlzLnp3LnBsXC93cC1jb250ZW50XC91cGxvYWRzXC8yMDIzXC8wN1wvMy1XbmV0cnplLWx3b3dlY2tpZWdvLXJhdHVzemEuanBnIiwic2xpZGVzaG93IjoiZjk5ZmY3MiJ9\" href='https:\/\/viafabrilis.zw.pl\/wp-content\/uploads\/2023\/07\/3-Wnetrze-lwoweckiego-ratusza.jpg'><img loading=\"lazy\" decoding=\"async\" width=\"640\" height=\"640\" src=\"https:\/\/viafabrilis.zw.pl\/wp-content\/uploads\/2023\/07\/3-Wnetrze-lwoweckiego-ratusza-640x640.jpg\" class=\"attachment-monstroid2-thumb-justify size-monstroid2-thumb-justify\" alt=\"\" aria-describedby=\"gallery-1-5491\" srcset=\"https:\/\/viafabrilis.zw.pl\/wp-content\/uploads\/2023\/07\/3-Wnetrze-lwoweckiego-ratusza-640x640.jpg 640w, https:\/\/viafabrilis.zw.pl\/wp-content\/uploads\/2023\/07\/3-Wnetrze-lwoweckiego-ratusza-150x150.jpg 150w, https:\/\/viafabrilis.zw.pl\/wp-content\/uploads\/2023\/07\/3-Wnetrze-lwoweckiego-ratusza-230x230.jpg 230w, https:\/\/viafabrilis.zw.pl\/wp-content\/uploads\/2023\/07\/3-Wnetrze-lwoweckiego-ratusza-400x400.jpg 400w\" sizes=\"(max-width: 640px) 100vw, 640px\" \/><\/a>\n\t\t\t<\/div>\n\t\t\t\t<figcaption class='wp-caption-text gallery-caption' id='gallery-1-5491'>\n\t\t\t\tDas Innere des Rathauses in Lw\u00f3wek \u015al\u0105ski\n\t\t\t\t<\/figcaption><\/figure><figure class='gallery-item'>\n\t\t\t<div class='gallery-icon landscape'>\n\t\t\t\t<a data-elementor-open-lightbox=\"yes\" data-elementor-lightbox-slideshow=\"f99ff72\" data-elementor-lightbox-title=\"4 - Fragment ekspozycji zwia\u0328zanej z browarnictwem\" data-e-action-hash=\"#elementor-action%3Aaction%3Dlightbox%26settings%3DeyJpZCI6NTQ5NSwidXJsIjoiaHR0cHM6XC9cL3ZpYWZhYnJpbGlzLnp3LnBsXC93cC1jb250ZW50XC91cGxvYWRzXC8yMDIzXC8wN1wvNC1GcmFnbWVudC1la3Nwb3p5Y2ppLXp3aWF6YW5lai16LWJyb3dhcm5pY3R3ZW0uanBnIiwic2xpZGVzaG93IjoiZjk5ZmY3MiJ9\" href='https:\/\/viafabrilis.zw.pl\/wp-content\/uploads\/2023\/07\/4-Fragment-ekspozycji-zwiazanej-z-browarnictwem.jpg'><img loading=\"lazy\" decoding=\"async\" width=\"640\" height=\"640\" src=\"https:\/\/viafabrilis.zw.pl\/wp-content\/uploads\/2023\/07\/4-Fragment-ekspozycji-zwiazanej-z-browarnictwem-640x640.jpg\" class=\"attachment-monstroid2-thumb-justify size-monstroid2-thumb-justify\" alt=\"\" aria-describedby=\"gallery-1-5495\" srcset=\"https:\/\/viafabrilis.zw.pl\/wp-content\/uploads\/2023\/07\/4-Fragment-ekspozycji-zwiazanej-z-browarnictwem-640x640.jpg 640w, https:\/\/viafabrilis.zw.pl\/wp-content\/uploads\/2023\/07\/4-Fragment-ekspozycji-zwiazanej-z-browarnictwem-150x150.jpg 150w, https:\/\/viafabrilis.zw.pl\/wp-content\/uploads\/2023\/07\/4-Fragment-ekspozycji-zwiazanej-z-browarnictwem-230x230.jpg 230w, https:\/\/viafabrilis.zw.pl\/wp-content\/uploads\/2023\/07\/4-Fragment-ekspozycji-zwiazanej-z-browarnictwem-400x400.jpg 400w\" sizes=\"(max-width: 640px) 100vw, 640px\" \/><\/a>\n\t\t\t<\/div>\n\t\t\t\t<figcaption class='wp-caption-text gallery-caption' id='gallery-1-5495'>\n\t\t\t\tBlick in die Dauerausstellung zum Thema Braukunst \n\t\t\t\t<\/figcaption><\/figure><figure class='gallery-item'>\n\t\t\t<div class='gallery-icon landscape'>\n\t\t\t\t<a data-elementor-open-lightbox=\"yes\" data-elementor-lightbox-slideshow=\"f99ff72\" data-elementor-lightbox-title=\"5 - Fragment ekspozycji zwia\u0328zanej z browarnictwem\" data-e-action-hash=\"#elementor-action%3Aaction%3Dlightbox%26settings%3DeyJpZCI6NTUwMCwidXJsIjoiaHR0cHM6XC9cL3ZpYWZhYnJpbGlzLnp3LnBsXC93cC1jb250ZW50XC91cGxvYWRzXC8yMDIzXC8wN1wvNS1GcmFnbWVudC1la3Nwb3p5Y2ppLXp3aWF6YW5lai16LWJyb3dhcm5pY3R3ZW0uanBnIiwic2xpZGVzaG93IjoiZjk5ZmY3MiJ9\" href='https:\/\/viafabrilis.zw.pl\/wp-content\/uploads\/2023\/07\/5-Fragment-ekspozycji-zwiazanej-z-browarnictwem.jpg'><img loading=\"lazy\" decoding=\"async\" width=\"640\" height=\"640\" src=\"https:\/\/viafabrilis.zw.pl\/wp-content\/uploads\/2023\/07\/5-Fragment-ekspozycji-zwiazanej-z-browarnictwem-640x640.jpg\" class=\"attachment-monstroid2-thumb-justify size-monstroid2-thumb-justify\" alt=\"\" aria-describedby=\"gallery-1-5500\" srcset=\"https:\/\/viafabrilis.zw.pl\/wp-content\/uploads\/2023\/07\/5-Fragment-ekspozycji-zwiazanej-z-browarnictwem-640x640.jpg 640w, https:\/\/viafabrilis.zw.pl\/wp-content\/uploads\/2023\/07\/5-Fragment-ekspozycji-zwiazanej-z-browarnictwem-150x150.jpg 150w, https:\/\/viafabrilis.zw.pl\/wp-content\/uploads\/2023\/07\/5-Fragment-ekspozycji-zwiazanej-z-browarnictwem-230x230.jpg 230w, https:\/\/viafabrilis.zw.pl\/wp-content\/uploads\/2023\/07\/5-Fragment-ekspozycji-zwiazanej-z-browarnictwem-400x400.jpg 400w\" sizes=\"(max-width: 640px) 100vw, 640px\" \/><\/a>\n\t\t\t<\/div>\n\t\t\t\t<figcaption class='wp-caption-text gallery-caption' id='gallery-1-5500'>\n\t\t\t\tBlick in die Dauerausstellung zum Thema Braukunst \n\t\t\t\t<\/figcaption><\/figure><figure class='gallery-item'>\n\t\t\t<div class='gallery-icon landscape'>\n\t\t\t\t<a data-elementor-open-lightbox=\"yes\" data-elementor-lightbox-slideshow=\"f99ff72\" data-elementor-lightbox-title=\"6 - Fragment ekspozycji zwia\u0328zanej z browarnictwem\" data-e-action-hash=\"#elementor-action%3Aaction%3Dlightbox%26settings%3DeyJpZCI6NTUwNCwidXJsIjoiaHR0cHM6XC9cL3ZpYWZhYnJpbGlzLnp3LnBsXC93cC1jb250ZW50XC91cGxvYWRzXC8yMDIzXC8wN1wvNi1GcmFnbWVudC1la3Nwb3p5Y2ppLXp3aWF6YW5lai16LWJyb3dhcm5pY3R3ZW0uanBnIiwic2xpZGVzaG93IjoiZjk5ZmY3MiJ9\" href='https:\/\/viafabrilis.zw.pl\/wp-content\/uploads\/2023\/07\/6-Fragment-ekspozycji-zwiazanej-z-browarnictwem.jpg'><img loading=\"lazy\" decoding=\"async\" width=\"640\" height=\"640\" src=\"https:\/\/viafabrilis.zw.pl\/wp-content\/uploads\/2023\/07\/6-Fragment-ekspozycji-zwiazanej-z-browarnictwem-640x640.jpg\" class=\"attachment-monstroid2-thumb-justify size-monstroid2-thumb-justify\" alt=\"\" aria-describedby=\"gallery-1-5504\" srcset=\"https:\/\/viafabrilis.zw.pl\/wp-content\/uploads\/2023\/07\/6-Fragment-ekspozycji-zwiazanej-z-browarnictwem-640x640.jpg 640w, https:\/\/viafabrilis.zw.pl\/wp-content\/uploads\/2023\/07\/6-Fragment-ekspozycji-zwiazanej-z-browarnictwem-150x150.jpg 150w, https:\/\/viafabrilis.zw.pl\/wp-content\/uploads\/2023\/07\/6-Fragment-ekspozycji-zwiazanej-z-browarnictwem-230x230.jpg 230w, https:\/\/viafabrilis.zw.pl\/wp-content\/uploads\/2023\/07\/6-Fragment-ekspozycji-zwiazanej-z-browarnictwem-400x400.jpg 400w\" sizes=\"(max-width: 640px) 100vw, 640px\" \/><\/a>\n\t\t\t<\/div>\n\t\t\t\t<figcaption class='wp-caption-text gallery-caption' id='gallery-1-5504'>\n\t\t\t\tBlick in die Dauerausstellung zum Thema Braukunst \n\t\t\t\t<\/figcaption><\/figure>\n\t\t<\/div>\n\t\t<\/div>\n\t\t\t\t\t\t<\/div>\n\t\t\t\t<\/div>\n\t\t\t\t\t<\/div>\n\t\t<\/div>\n\t\t\t\t\t<\/div>\n\t\t<\/section>\n\t\t\t\t<\/div>\n\t\t","protected":false},"excerpt":{"rendered":"<p>plac Wolno\u015bci 1 (ratusz) PL-59-600 Lw\u00f3wek \u015al\u0105ski Tel.: +48 75&nbsp;782 45 44 w. 25 E-Mail: phm@bibliotekalwowecka.pl www.bibliotekalwowecka.pl\/ &nbsp; \u00d6ffnungszeiten: Dienstag bis Freitag: 9.00 &#8211; 17.00 Uhr (Beginn der Besichtigung: 9.30, 11.00, 12.30, 14.00, 15.30, 15. Mai bis 30. September) Dienstag bis Freitag: 9.00 &#8211; 16.00 Uhr (Beginn der Besichtigung: 9.00, 10.30, 12.00, 13.30, 15.00, 1. [&hellip;]<\/p>\n","protected":false},"author":1,"featured_media":5483,"parent":0,"menu_order":0,"comment_status":"closed","ping_status":"closed","template":"","meta":{"footnotes":""},"class_list":["post-5514","page","type-page","status-publish","has-post-thumbnail","hentry","entry","has-media"],"_links":{"self":[{"href":"https:\/\/viafabrilis.zw.pl\/de\/wp-json\/wp\/v2\/pages\/5514","targetHints":{"allow":["GET"]}}],"collection":[{"href":"https:\/\/viafabrilis.zw.pl\/de\/wp-json\/wp\/v2\/pages"}],"about":[{"href":"https:\/\/viafabrilis.zw.pl\/de\/wp-json\/wp\/v2\/types\/page"}],"author":[{"embeddable":true,"href":"https:\/\/viafabrilis.zw.pl\/de\/wp-json\/wp\/v2\/users\/1"}],"replies":[{"embeddable":true,"href":"https:\/\/viafabrilis.zw.pl\/de\/wp-json\/wp\/v2\/comments?post=5514"}],"version-history":[{"count":6,"href":"https:\/\/viafabrilis.zw.pl\/de\/wp-json\/wp\/v2\/pages\/5514\/revisions"}],"predecessor-version":[{"id":8869,"href":"https:\/\/viafabrilis.zw.pl\/de\/wp-json\/wp\/v2\/pages\/5514\/revisions\/8869"}],"wp:featuredmedia":[{"embeddable":true,"href":"https:\/\/viafabrilis.zw.pl\/de\/wp-json\/wp\/v2\/media\/5483"}],"wp:attachment":[{"href":"https:\/\/viafabrilis.zw.pl\/de\/wp-json\/wp\/v2\/media?parent=5514"}],"curies":[{"name":"wp","href":"https:\/\/api.w.org\/{rel}","templated":true}]}}