{"id":8835,"date":"2023-09-14T09:06:28","date_gmt":"2023-09-14T07:06:28","guid":{"rendered":"https:\/\/viafabrilis.zw.pl\/?page_id=8835"},"modified":"2023-09-14T09:09:57","modified_gmt":"2023-09-14T07:09:57","slug":"muzeum-ceramiki-w-boleslawcu","status":"publish","type":"page","link":"https:\/\/viafabrilis.zw.pl\/de\/muzeum-ceramiki-w-boleslawcu\/","title":{"rendered":"Muzeum Ceramiki w Boles\u0142awcu"},"content":{"rendered":"\n<p>F\u00fcr Anfang 2024 wurde die Er\u00f6ffnung des neuen Sitzes des Keramikmuseums im neogotischen P\u00fcckler-Palais an der ul. Zgorzelecka 28\/29 geplant; aktuell gehen dort die Umbauma\u03b2nahmen zu Ende. Bis Ende 2022 war das Bunzlauer Keramikmuseum in zwei Geb\u00e4uden an unterschiedlichen Standorten in der Altstadt untergebracht. Die Keramikabteilung befand sich an der ul. A. Mickiewicza 13; die Abteilung f\u00fcr Stadtgeschichte an der ul. M. Kutuzowa 14.<\/p>\n\n\n\n<p>Das bisherige Geb\u00e4ude der Keramikabteilung ist der urspr\u00fcgliche Standort des Bunzlauer Stadtmuseums, das 1908 gegr\u00fcdet wurde. Nach dem zweiten Weltkrieg nahm das Museum seine T\u00e4tigkeit 1950 wieder auf. In Zusammenarbeit mit dem Muzeum \u015al\u0105skie in Wroc\u0142aw wurden drei Dauerausstellungen eingerichtet: Arch\u00e4ologie, mit der Darstellung der \u00e4ltesten Geschichtsepochen Schlesiens, Volkskunst im Umland von Boles\u0142awiec sowie Keramik, unter besonderer Ber\u00fccksichtigung der Herstellungstechniken. 1968 wurde das Museum zum Keramikmuseum umbenannt; zugleich wurde das Sammlungsprofil festgelegt: Objekte zur Geschichte der Stadt und des Kreises sowie zur Geschichte der Keramikherstellung, inklusive zeitgen\u00f6sische Keramikskulpturen, die von teilnehmenden K\u00fcnstlern bei den j\u00e4hrlichen Keramik- und Skulpturplenairs geschaffen werden.<\/p>\n\n\n\n<p>Im bisherigen Geb\u00e4ude der historischen Abteilung befand sich in den Jahren 1945-1991 das unter der russischen Verwaltung stehende Kutusow-Museum. Die neue Abteilung des Museums in Boles\u0142awiec er\u00f6fnete dort 1995. Anfangs wurden darin Sonderausstellungen zu verschiedenen Aspekten der Stadtgeschichte gezeigt. Im August 2009 konnte eine Dauerausstellung zur Geschichte der Stadt und der Region er\u00f6fnet werden. Aktuell wird das Geb\u00e4ude einem Umbau unterzogen; hier sollen eine keramische Werkstatt und eine T\u00f6pferei untergebracht werden, in denen Workshops und praktischer Unterricht zum Thema Aufbau und Verzieren von Keramik stattfinden sollen. Die Angebote sollen sich an Personen mit verschiedenen Kenntnissen richten.<\/p>\n\n\n\n<p><a><\/a>Das Muzeum Ceramiki in Boles\u0142awiec ist eine Kultureinrichtung der \u00f6rtlichen Regierung \u2013 der Stadtgemeinde Boles\u0142awiec, und ist eine K\u00f6rperschaft des \u00f6fentlichen Rechts. Die Aufsicht \u00fcber die Institution obliegt dem polnischen Minister f\u00fcr Kultur und Schutz des nationalen Erbes, vertreten durch den Pr\u00e4sidenten der Stadt Boles\u0142awiec.<\/p>\n","protected":false},"excerpt":{"rendered":"<p>F\u00fcr Anfang 2024 wurde die Er\u00f6ffnung des neuen Sitzes des Keramikmuseums im neogotischen P\u00fcckler-Palais an der ul. Zgorzelecka 28\/29 geplant; aktuell gehen dort die Umbauma\u03b2nahmen zu Ende. Bis Ende 2022 war das Bunzlauer Keramikmuseum in zwei Geb\u00e4uden an unterschiedlichen Standorten in der Altstadt untergebracht. Die Keramikabteilung befand sich an der ul. A. Mickiewicza 13; die [&hellip;]<\/p>\n","protected":false},"author":1,"featured_media":0,"parent":0,"menu_order":0,"comment_status":"closed","ping_status":"closed","template":"","meta":{"footnotes":""},"class_list":["post-8835","page","type-page","status-publish","hentry","entry"],"_links":{"self":[{"href":"https:\/\/viafabrilis.zw.pl\/de\/wp-json\/wp\/v2\/pages\/8835","targetHints":{"allow":["GET"]}}],"collection":[{"href":"https:\/\/viafabrilis.zw.pl\/de\/wp-json\/wp\/v2\/pages"}],"about":[{"href":"https:\/\/viafabrilis.zw.pl\/de\/wp-json\/wp\/v2\/types\/page"}],"author":[{"embeddable":true,"href":"https:\/\/viafabrilis.zw.pl\/de\/wp-json\/wp\/v2\/users\/1"}],"replies":[{"embeddable":true,"href":"https:\/\/viafabrilis.zw.pl\/de\/wp-json\/wp\/v2\/comments?post=8835"}],"version-history":[{"count":1,"href":"https:\/\/viafabrilis.zw.pl\/de\/wp-json\/wp\/v2\/pages\/8835\/revisions"}],"predecessor-version":[{"id":8836,"href":"https:\/\/viafabrilis.zw.pl\/de\/wp-json\/wp\/v2\/pages\/8835\/revisions\/8836"}],"wp:attachment":[{"href":"https:\/\/viafabrilis.zw.pl\/de\/wp-json\/wp\/v2\/media?parent=8835"}],"curies":[{"name":"wp","href":"https:\/\/api.w.org\/{rel}","templated":true}]}}