{"id":8839,"date":"2023-09-14T09:12:49","date_gmt":"2023-09-14T07:12:49","guid":{"rendered":"https:\/\/viafabrilis.zw.pl\/?page_id=8839"},"modified":"2024-02-11T11:50:10","modified_gmt":"2024-02-11T10:50:10","slug":"stadtmuseum-in-jaromer-wenke-haus-2","status":"publish","type":"page","link":"https:\/\/viafabrilis.zw.pl\/de\/stadtmuseum-in-jaromer-wenke-haus-2\/","title":{"rendered":"Stadtmuseum in Jarom\u011b\u0159. Wenke-Haus"},"content":{"rendered":"\t\t<div data-elementor-type=\"wp-page\" data-elementor-id=\"8839\" class=\"elementor elementor-8839\" data-elementor-post-type=\"page\">\n\t\t\t\t\t\t<section class=\"elementor-section elementor-top-section elementor-element elementor-element-44bd1cd4 elementor-section-boxed elementor-section-height-default elementor-section-height-default\" data-id=\"44bd1cd4\" data-element_type=\"section\" data-settings=\"{&quot;jet_parallax_layout_list&quot;:[]}\">\n\t\t\t\t\t\t<div class=\"elementor-container elementor-column-gap-default\">\n\t\t\t\t\t<div class=\"elementor-column elementor-col-100 elementor-top-column elementor-element elementor-element-1aed9e1e\" data-id=\"1aed9e1e\" data-element_type=\"column\">\n\t\t\t<div class=\"elementor-widget-wrap elementor-element-populated\">\n\t\t\t\t\t\t<div class=\"elementor-element elementor-element-128dc428 elementor-widget elementor-widget-text-editor\" data-id=\"128dc428\" data-element_type=\"widget\" data-widget_type=\"text-editor.default\">\n\t\t\t\t<div class=\"elementor-widget-container\">\n\t\t\t\t\t\t\t\t\t<p>In den Jahren 1910-11 hat die Firma A. Wenke &amp; syn in Jarom\u011b\u0159 ein f\u00fcr die damalige Zeit einzigartiges Kaufhaus erbaut, das sog. Wenke-Haus, in dem heute das Stadtmuseum untergebracht ist.<\/p>\n<p>Die Firma von Albert Wenke wurde 1882 gegr\u00fcndet und besch\u00e4ftigte sich zun\u00e4chst mit der Herstellung von sehr eigenwilligen und originellen Produkten, die mit Muscheln besetzt waren, sowie mit dekorativen Verpackungen. Mit der Zeit wurde die Produktpallette um modische Acesoires erweitert.<\/p>\n<p>1905 starb der Firmengr\u00fcnder Albert Wenke, der Betrieb wurde von seinem Sohn Josef \u00fcbernommen. 1909 kaufte Josef ein freiens Grundst\u00fcck zwischen den Hausnummern 81 und 91 mit dem Ziel, dort ein modernes Kaufhaus zu errichten, das sowohl den Kunden als auch den Besch\u00e4ftigten entsprechenden Komfort bieten sollte. Anfang 1910 erhielt er von einem \u00f6rtlichen Baumeister und zugleich seinem Schwager Josef M\u00e1\u0161a zwei Entw\u00fcrfe f\u00fcr das Geb\u00e4ude. Im April wurde zur Zusammenarbeit der damals 30-j\u00e4hrige Architekt Josef Go\u010d\u00e1r (1880-1945) eingeladen; dieser hatte gro\u03b2en Einflu\u03b2 auf die Gestalt des neuen Geb\u00e4udes.<\/p>\n<p>Die feierliche Er\u00f6ffnung des Kaufhauses von A. Wenke i syn fan dam 4. Mai 1911 statt. Das angebotene Sortiment wurde um Schuhe (Vertretung der Firma Bat&#8217;a), Haushaltsartikel, Metallwaren, Spielzeug, Schreibwaren, Kinderwagen und weitere Haushaltswaren erweitert. Auf der R\u00fcckseite des Geb\u00e4udes wurde zudem ein Autosalon errichtet, in dem Automobile der Marke Aero sowie Indian-Motorr\u00e4der angeboten wurden.<\/p>\n<p>Eine Besonderheit stellt der oryginale Aufzug dar, der restauriert und fahrbereit ist. Dieser diente dem Transport der Waren und der Kunden in die erste und zweite Etage.<\/p>\n<p>Das Geb\u00e4ude besteht aus einem Skelett aus bewehrtem Beton, das mit Ziegeln ausgefacht wurde. Die Fassade wurde schwebend montiert. Hier ist Josef Go\u010d\u00e1r dem franz\u00f6sischen Architekten Le Corbusier einige Jahre zuvorgekommen. Im Inneren wurden ausschlie\u03b2lich schwarze und graue Ornamente auf wei\u03b2em Hintergrund verwendet. Um die Verkaufsfl\u00e4chen in der zweiten Etage abzutrennen, sowie bei Terrassent\u00fcren und Dachfenstern im Flur,\u00a0 wurden \u2013 zum ersten Mal in B\u00f6hmen \u2013 Glasbausteine verwendet.<\/p>\n<p>Das Wenke-Kaufhaus \u00fcberstand die Weltwirtschaftskrise der 1930er Jahre, jedoch nur mit Krediten und Anleihen, welche die Familie nach dem Ende der Krise leider nicht mehr abzahlen konnte. 1938 wurden beide H\u00e4user an der Husov\u00e1-Stra\u03b2e bei einer Auktion versteigert. W\u00e4hrend des zweiten Weltkrieges diente das Kaufhaus als Kantine f\u00fcr die Belegschaft der benachbarten Fabrik Polick\u00fd-Ricker, 1946 wurde es Eigentum der Stadt Jarom\u011b\u0159. Seit 1947 sind hier das Stadtmuseum und die Galerie beheimatet.<br \/>2017 wurde das Objekt in die Liste des Nationalen Erbes aufgenommen; in den darauffolgenden Jahren fand eine umfassende Sanierung des Geb\u00e4udes statt. Die neue, interaktive Ausstellung besteht aus drei Teilen: Ein gro\u03b2er Ausstellungsraum im Erdgeschoss l\u00e4\u03b2t das alte Kaufhaus wieder aufleben. Hier wird eine umfangreiche Sammlung von Produkten der Firma pr\u00e4sentiert. Die Ausstellung erg\u00e4nzen tekste zur Geschichte der Familie Wenke und zum Leben des Architekten Josef Go\u010d\u00e1r. Der dritte Teil der Ausstellung, der Saal \u201eauto-moto\u201d, spricht insbesondere Kinder an, bietet jedoch auch Informationen zur Geschichte des Autosalons an.<\/p>\n<p>Im ehemaligen Kontor wird die Einrichtung eines Chef-B\u00fcros inszeniert, hier kann man Interessantes \u00fcber das erstaunlich weitreichende Netz der Handelskontakte der Firma erfahren. In der dahinter liegenden Papierwerkstatt k\u00f6nnen die Besucher Repliken von dekorativen Schachteln der Firma Wenke herstellen. Im angrenzenden Salon wird auf interaktive Weise das Projekt \u201eVia Fabrilis\u201d vorgestellt, mit Einblicken in die Sammlungen der Partnermuseen in Boles\u0142awiec und K\u0142odzko.<\/p>\n<p>In der ersten Etage werden Werke von wichtigen K\u00fcnstlern der Stadt Jarom\u011b\u0159 pr\u00e4sentiert: dem Medailleur und Bildhauer Otakar \u0160paniel, dem Bildhauer Josef Wagner und dem Maler Josef \u0160\u00edma.<\/p>\n<p>In der dritten Etage befindet sich der Sonderausstellungsraum, wo verschiedene Ausstellungen gezeigt werden. Jede Sonderausstellung wird von einem museumsp\u00e4dagogischen Programm f\u00fcr Kinder und Jugendliche begleitet. Der benachbarte Dachboden bietet eine Auswahl an Spielen, die alle ausprobiert werden k\u00f6nnen.<\/p>\n<p>In den Sommermonaten k\u00f6nnen die Besucher auf der Terrasse oder aber im neu gestalteten Hof entspannen, hier befinden sich auch Spielger\u00e4te f\u00fcr Kinder. <br \/>Der Museumsladen bietet allelei Andenken und B\u00fcher mit regionalem Bezug.<\/p>\n<p>\u00a0<\/p>\n<p><strong>Stadtmuseum Jarom\u011b\u0159 \u2013 Historische Dauerausstellung in Josefov<\/strong><\/p>\n<p>\u00a0<\/p>\n<p>Die historische Dauerausstellung befindet sich in der zweiten Etage des Geb\u00e4udes des ehem. k.u.k. Versorgungsamtes der Festung Josefov, erbaut 1788. Im Ergdeschoss wurde Brot gebacken, in den Lagerr\u00e4umen wurden Getreide, Lebensmittel und andere Waren f\u00fcr den Garnsonbedarf gelagert. Noch in der Zwischenkriegszeit wurde das Geb\u00e4ude als Lager f\u00fcr Lebensmittel verwendet. Nach dem zweiten Weltkrieg bis 1992 lagerten hier Ger\u00e4tschaften.<\/p>\n<p>Die erweiterte Ausstellung zeigt die historische Entwicklung der Stadt Jarom\u011b\u0159 als K\u00f6nigsstadt und den Ausbau der Festung Josefov. Pr\u00e4sentiert werden viele einzigartige Objekte: ein sechs Meter langer Einbaum aus dem 11. Jh., Modelle von Toren der Befestigungsanlagen, eine reiche Militariasammlung, barocke und volkst\u00fcmliche Holzskulpturen sowie Andenken, die von russischen Kriegsgefangenen w\u00e4hrend des 1. Weltkrieges hergestellt wurden. Das Leben unserer Vorfahren spiegeln bemalte Bauernm\u00f6bel und Portr\u00e4ts wider, aber auch Gem\u00e4lde und Zeichnungen mit l\u00e4ngst verschwundenen Motiven aus Jarom\u011b\u0159 und Josefov.<\/p>\n<p>Bei einem Spaziergang \u00fcber die Festungsstadt kann ein einzigartiger Komplex besichtigt werden: Milit\u00e4geb\u00e4ude, die Garnisonskirche Mari\u00e4 Himmelfahrt sowie Stadth\u00e4user der Bewohner im Stil des Klassizismus und des Empire.<\/p>\t\t\t\t\t\t\t\t<\/div>\n\t\t\t\t<\/div>\n\t\t\t\t\t<\/div>\n\t\t<\/div>\n\t\t\t\t\t<\/div>\n\t\t<\/section>\n\t\t\t\t<section class=\"elementor-section elementor-top-section elementor-element elementor-element-c33eec6 elementor-section-boxed elementor-section-height-default elementor-section-height-default\" data-id=\"c33eec6\" data-element_type=\"section\" data-settings=\"{&quot;jet_parallax_layout_list&quot;:[]}\">\n\t\t\t\t\t\t<div class=\"elementor-container elementor-column-gap-default\">\n\t\t\t\t\t<div class=\"elementor-column elementor-col-100 elementor-top-column elementor-element elementor-element-9d3f4a7\" data-id=\"9d3f4a7\" data-element_type=\"column\">\n\t\t\t<div class=\"elementor-widget-wrap elementor-element-populated\">\n\t\t\t\t\t\t<div class=\"elementor-element elementor-element-9ba772a gallery-spacing-custom elementor-widget elementor-widget-image-gallery\" data-id=\"9ba772a\" data-element_type=\"widget\" data-widget_type=\"image-gallery.default\">\n\t\t\t\t<div class=\"elementor-widget-container\">\n\t\t\t\t\t\t\t<div class=\"elementor-image-gallery\">\n\t\t\t<div id='gallery-1' class='gallery galleryid-8839 gallery-columns-4 gallery-size-post-thumbnail'><figure class='gallery-item'>\n\t\t\t<div class='gallery-icon landscape'>\n\t\t\t\t<a data-elementor-open-lightbox=\"yes\" data-elementor-lightbox-slideshow=\"9ba772a\" data-elementor-lightbox-title=\"04(1)\" data-e-action-hash=\"#elementor-action%3Aaction%3Dlightbox%26settings%3DeyJpZCI6OTE0NSwidXJsIjoiaHR0cHM6XC9cL3ZpYWZhYnJpbGlzLnp3LnBsXC93cC1jb250ZW50XC91cGxvYWRzXC8yMDIzXC8wOVwvMDQxLmpwZyIsInNsaWRlc2hvdyI6IjliYTc3MmEifQ%3D%3D\" href='https:\/\/viafabrilis.zw.pl\/wp-content\/uploads\/2023\/09\/041.jpg'><img fetchpriority=\"high\" decoding=\"async\" width=\"370\" height=\"265\" src=\"https:\/\/viafabrilis.zw.pl\/wp-content\/uploads\/2023\/09\/041-370x265.jpg\" class=\"attachment-post-thumbnail size-post-thumbnail\" alt=\"\" srcset=\"https:\/\/viafabrilis.zw.pl\/wp-content\/uploads\/2023\/09\/041-370x265.jpg 370w, https:\/\/viafabrilis.zw.pl\/wp-content\/uploads\/2023\/09\/041-300x216.jpg 300w, https:\/\/viafabrilis.zw.pl\/wp-content\/uploads\/2023\/09\/041-768x553.jpg 768w, https:\/\/viafabrilis.zw.pl\/wp-content\/uploads\/2023\/09\/041-600x432.jpg 600w, https:\/\/viafabrilis.zw.pl\/wp-content\/uploads\/2023\/09\/041.jpg 800w\" sizes=\"(max-width: 370px) 100vw, 370px\" \/><\/a>\n\t\t\t<\/div><\/figure><figure class='gallery-item'>\n\t\t\t<div class='gallery-icon landscape'>\n\t\t\t\t<a data-elementor-open-lightbox=\"yes\" data-elementor-lightbox-slideshow=\"9ba772a\" data-elementor-lightbox-title=\"05\" data-e-action-hash=\"#elementor-action%3Aaction%3Dlightbox%26settings%3DeyJpZCI6OTE0OSwidXJsIjoiaHR0cHM6XC9cL3ZpYWZhYnJpbGlzLnp3LnBsXC93cC1jb250ZW50XC91cGxvYWRzXC8yMDIzXC8wOVwvMDUuanBnIiwic2xpZGVzaG93IjoiOWJhNzcyYSJ9\" href='https:\/\/viafabrilis.zw.pl\/wp-content\/uploads\/2023\/09\/05.jpg'><img decoding=\"async\" width=\"370\" height=\"265\" src=\"https:\/\/viafabrilis.zw.pl\/wp-content\/uploads\/2023\/09\/05-370x265.jpg\" class=\"attachment-post-thumbnail size-post-thumbnail\" alt=\"\" \/><\/a>\n\t\t\t<\/div><\/figure><figure class='gallery-item'>\n\t\t\t<div class='gallery-icon landscape'>\n\t\t\t\t<a data-elementor-open-lightbox=\"yes\" data-elementor-lightbox-slideshow=\"9ba772a\" data-elementor-lightbox-title=\"6\" data-e-action-hash=\"#elementor-action%3Aaction%3Dlightbox%26settings%3DeyJpZCI6OTE1MywidXJsIjoiaHR0cHM6XC9cL3ZpYWZhYnJpbGlzLnp3LnBsXC93cC1jb250ZW50XC91cGxvYWRzXC8yMDIzXC8wOVwvNi5qcGciLCJzbGlkZXNob3ciOiI5YmE3NzJhIn0%3D\" href='https:\/\/viafabrilis.zw.pl\/wp-content\/uploads\/2023\/09\/6.jpg'><img decoding=\"async\" width=\"370\" height=\"265\" src=\"https:\/\/viafabrilis.zw.pl\/wp-content\/uploads\/2023\/09\/6-370x265.jpg\" class=\"attachment-post-thumbnail size-post-thumbnail\" alt=\"\" \/><\/a>\n\t\t\t<\/div><\/figure><figure class='gallery-item'>\n\t\t\t<div class='gallery-icon landscape'>\n\t\t\t\t<a data-elementor-open-lightbox=\"yes\" data-elementor-lightbox-slideshow=\"9ba772a\" data-elementor-lightbox-title=\"15\" data-e-action-hash=\"#elementor-action%3Aaction%3Dlightbox%26settings%3DeyJpZCI6OTE1NywidXJsIjoiaHR0cHM6XC9cL3ZpYWZhYnJpbGlzLnp3LnBsXC93cC1jb250ZW50XC91cGxvYWRzXC8yMDIzXC8wOVwvMTUuanBnIiwic2xpZGVzaG93IjoiOWJhNzcyYSJ9\" href='https:\/\/viafabrilis.zw.pl\/wp-content\/uploads\/2023\/09\/15.jpg'><img loading=\"lazy\" decoding=\"async\" width=\"370\" height=\"265\" src=\"https:\/\/viafabrilis.zw.pl\/wp-content\/uploads\/2023\/09\/15-370x265.jpg\" class=\"attachment-post-thumbnail size-post-thumbnail\" alt=\"\" \/><\/a>\n\t\t\t<\/div><\/figure><figure class='gallery-item'>\n\t\t\t<div class='gallery-icon landscape'>\n\t\t\t\t<a data-elementor-open-lightbox=\"yes\" data-elementor-lightbox-slideshow=\"9ba772a\" data-elementor-lightbox-title=\"16\" data-e-action-hash=\"#elementor-action%3Aaction%3Dlightbox%26settings%3DeyJpZCI6OTE2MSwidXJsIjoiaHR0cHM6XC9cL3ZpYWZhYnJpbGlzLnp3LnBsXC93cC1jb250ZW50XC91cGxvYWRzXC8yMDIzXC8wOVwvMTYuanBnIiwic2xpZGVzaG93IjoiOWJhNzcyYSJ9\" href='https:\/\/viafabrilis.zw.pl\/wp-content\/uploads\/2023\/09\/16.jpg'><img loading=\"lazy\" decoding=\"async\" width=\"370\" height=\"265\" src=\"https:\/\/viafabrilis.zw.pl\/wp-content\/uploads\/2023\/09\/16-370x265.jpg\" class=\"attachment-post-thumbnail size-post-thumbnail\" alt=\"\" \/><\/a>\n\t\t\t<\/div><\/figure><figure class='gallery-item'>\n\t\t\t<div class='gallery-icon landscape'>\n\t\t\t\t<a data-elementor-open-lightbox=\"yes\" data-elementor-lightbox-slideshow=\"9ba772a\" data-elementor-lightbox-title=\"Muzeum Jr\u030c - rega\u0301l\" data-e-action-hash=\"#elementor-action%3Aaction%3Dlightbox%26settings%3DeyJpZCI6OTE2NSwidXJsIjoiaHR0cHM6XC9cL3ZpYWZhYnJpbGlzLnp3LnBsXC93cC1jb250ZW50XC91cGxvYWRzXC8yMDIzXC8wOVwvTXV6ZXVtLUpyLXJlZ2FsLmpwZyIsInNsaWRlc2hvdyI6IjliYTc3MmEifQ%3D%3D\" href='https:\/\/viafabrilis.zw.pl\/wp-content\/uploads\/2023\/09\/Muzeum-Jr-regal.jpg'><img loading=\"lazy\" decoding=\"async\" width=\"370\" height=\"265\" src=\"https:\/\/viafabrilis.zw.pl\/wp-content\/uploads\/2023\/09\/Muzeum-Jr-regal-370x265.jpg\" class=\"attachment-post-thumbnail size-post-thumbnail\" alt=\"\" \/><\/a>\n\t\t\t<\/div><\/figure>\n\t\t<\/div>\n\t\t<\/div>\n\t\t\t\t\t\t<\/div>\n\t\t\t\t<\/div>\n\t\t\t\t\t<\/div>\n\t\t<\/div>\n\t\t\t\t\t<\/div>\n\t\t<\/section>\n\t\t\t\t<\/div>\n\t\t","protected":false},"excerpt":{"rendered":"<p>In den Jahren 1910-11 hat die Firma A. Wenke &amp; syn in Jarom\u011b\u0159 ein f\u00fcr die damalige Zeit einzigartiges Kaufhaus erbaut, das sog. Wenke-Haus, in dem heute das Stadtmuseum untergebracht ist. Die Firma von Albert Wenke wurde 1882 gegr\u00fcndet und besch\u00e4ftigte sich zun\u00e4chst mit der Herstellung von sehr eigenwilligen und originellen Produkten, die mit Muscheln [&hellip;]<\/p>\n","protected":false},"author":1,"featured_media":0,"parent":0,"menu_order":0,"comment_status":"closed","ping_status":"closed","template":"","meta":{"footnotes":""},"class_list":["post-8839","page","type-page","status-publish","hentry","entry"],"_links":{"self":[{"href":"https:\/\/viafabrilis.zw.pl\/de\/wp-json\/wp\/v2\/pages\/8839","targetHints":{"allow":["GET"]}}],"collection":[{"href":"https:\/\/viafabrilis.zw.pl\/de\/wp-json\/wp\/v2\/pages"}],"about":[{"href":"https:\/\/viafabrilis.zw.pl\/de\/wp-json\/wp\/v2\/types\/page"}],"author":[{"embeddable":true,"href":"https:\/\/viafabrilis.zw.pl\/de\/wp-json\/wp\/v2\/users\/1"}],"replies":[{"embeddable":true,"href":"https:\/\/viafabrilis.zw.pl\/de\/wp-json\/wp\/v2\/comments?post=8839"}],"version-history":[{"count":4,"href":"https:\/\/viafabrilis.zw.pl\/de\/wp-json\/wp\/v2\/pages\/8839\/revisions"}],"predecessor-version":[{"id":9177,"href":"https:\/\/viafabrilis.zw.pl\/de\/wp-json\/wp\/v2\/pages\/8839\/revisions\/9177"}],"wp:attachment":[{"href":"https:\/\/viafabrilis.zw.pl\/de\/wp-json\/wp\/v2\/media?parent=8839"}],"curies":[{"name":"wp","href":"https:\/\/api.w.org\/{rel}","templated":true}]}}