{"id":3,"date":"2023-07-05T00:42:13","date_gmt":"2023-07-04T22:42:13","guid":{"rendered":"https:\/\/viafabrilis.zw.pl\/?page_id=3"},"modified":"2023-07-06T11:49:23","modified_gmt":"2023-07-06T09:49:23","slug":"polityka-prywatnosci","status":"publish","type":"page","link":"https:\/\/viafabrilis.zw.pl\/en\/polityka-prywatnosci\/","title":{"rendered":"Polityka prywatno\u015bci"},"content":{"rendered":"\n<p>Szanuj\u0105c prawo do prywatno\u015bci U\u017cytkownik\u00f3w naszych us\u0142ug i gwarantuj\u0105c Im prawo wyboru w zakresie udost\u0119pniania informacji, kt\u00f3re Ich dotycz\u0105 dok\u0142adamy najwy\u017cszych stara\u0144, by dane osobowe naszych U\u017cytkownik\u00f3w by\u0142y przetwarzane zgodnie z obowi\u0105zuj\u0105cymi &nbsp;przepisami prawa polskiego i Unii Europejskiej.<\/p>\n\n\n\n<p>W tym dokumencie opisujemy jak przetwarzamy dane osobowe U\u017cytkownik\u00f3w naszych us\u0142ug. Opisujemy, kto jest administratorem danych osobowych, jakie dane przetwarzamy, w jakim celu i na jakiej podstawie, jak d\u0142ugo nimi dysponujemy. Opiszemy r\u00f3wnie\u017c to, jakie prawa przys\u0142uguj\u0105 naszym U\u017cytkownikom jako podmiotom danych osobowych oraz to, komu udost\u0119pniamy dane.<\/p>\n\n\n\n<h2 class=\"wp-block-heading\">Administrator Danych Osobowych<\/h2>\n\n\n\n<p>Administratorem danych osobowych w&nbsp;rozumieniu przepis\u00f3w Rozporz\u0105dzenia Parlamentu Europejskiego i Rady (UE) 2016\/679 z dnia 27 kwietnia 2016 r. w sprawie ochrony os\u00f3b fizycznych w zwi\u0105zku z przetwarzaniem danych osobowych i w sprawie swobodnego przep\u0142ywu takich danych oraz uchylenia dyrektywy 95\/46\/WE jest&nbsp;Gmina Miejska Boles\u0142awiec reprezentowana przez Prezydenta Miasta Boles\u0142awiec, z siedzib\u0105 ul. Rynek 41, 59-700 Boles\u0142awiec.<\/p>\n\n\n\n<p>Inspektorem Ochrony Danych w&nbsp;Urz\u0119dzie jest Pani Katarzyna Cie\u015bla(kontakt: Urz\u0105d Miasta Boles\u0142awiec, ul. Rynek 41 59-700 Boles\u0142awiec, telefon 075&nbsp;645 64 53, kom. 538&nbsp;052&nbsp;480, e-mail&nbsp;<a href=\"mailto:iod@um.boleslawiec.pl\">iod@um.boleslawiec.pl<\/a>).<\/p>\n\n\n\n<h2 class=\"wp-block-heading\">Jakie dane przetwarzamy?<\/h2>\n\n\n\n<p>Przetwarzamy Twoje dane, kt\u00f3re nam podajesz lub udost\u0119pniasz w historii przegl\u0105dania stron i aplikacji internetowych w ramach korzystania z naszych us\u0142ug (wraz ze zautomatyzowan\u0105 analiz\u0105 Twojej aktywno\u015bci na naszych stronach internetowych).<\/p>\n\n\n\n<p>Przetwarzamy tak\u017ce dane zbierane podczas Twojej aktywno\u015bci w us\u0142ugach \u2013 serwisach internetowych i aplikacjach, m.in. odwiedzane strony i miejsca, czas wizyty w danym miejscu, Twoje klikni\u0119cia, spos\u00f3b korzystania z us\u0142ug informacje o urz\u0105dzeniu ko\u0144cowym (np uzyskamy tw\u00f3j adres IP kiedy napiszesz komentarz) lub przegl\u0105darce, w tym jego lokalizacj\u0119. Gromadzimy pliki \u201ccookies\u201d zgodnie z ustawieniami Twojej przegl\u0105darki.<\/p>\n\n\n\n<p>Podajesz nam wy\u0142\u0105cznie Twoje dane osobowe niezb\u0119dne do \u015bwiadczenia Ci us\u0142ug \u2013 takie jak: adres e-mail, imi\u0119 i nazwisko, miasto lub numer telefonu, np. przy zak\u0142adaniu kont czy profili w serwisach, wype\u0142niaj\u0105c formularze lub okna rejestracyjne w us\u0142ugach np. dodaj\u0105c og\u0142oszenie drobne.<\/p>\n\n\n\n<p>\u015awiadcz\u0105c us\u0142ugi hostingu przechowujemy na naszych serwerach dane, kt\u00f3re, dobrowolnie publikujesz za pomoc\u0105 udost\u0119pnionych Ci narz\u0119dzi informatycznych w sieci Internet, w okre\u015blonych us\u0142ugach.<\/p>\n\n\n\n<h2 class=\"wp-block-heading\">W jakim celu i na jakiej podstawie przetwarzamy Twoje dane?<\/h2>\n\n\n\n<p>Je\u015bli zak\u0142adasz u nas np konto hostingowe, wype\u0142niasz formularz w konkretnym celu np. aby doda\u0107 og\u0142oszenie lub dokona\u0107 zakupu us\u0142ugi lub towaru (np. reklamy) to mo\u017cemy przetwarza\u0107 Twoje dane w zakresie niezb\u0119dnym do realizacji tej umowy. Bez tego nie byliby\u015bmy w stanie \u015bwiadczy\u0107 us\u0142ugi, pobra\u0107 op\u0142aty lub zareagowa\u0107 na reklamacj\u0119. Brak takich danych uniemo\u017cliwi nam zawarcie i wykonanie umowy.<\/p>\n\n\n\n<p>Nasi Zaufani Partnerzy np. Google, mog\u0105 chcie\u0107 wy\u015bwietli\u0107 ci reklam\u0119 dostosowan\u0105 do Twoich zainteresowa\u0144, kt\u00f3re s\u0105 w stanie okre\u015bli\u0107 na podstawie zautomatyzowanej analizy Twojej aktywno\u015bci na stronach internetowych. Udzielenie takiej zgody jest dobrowolne i nie pozbawi ci\u0119 dost\u0119pu do naszych serwis\u00f3w.Zawsze masz mo\u017cliwo\u015b\u0107 ograniczenia, zmiany lub wycofania zgody w dowolnym momencie.<\/p>\n\n\n\n<p>Twoje dane przetwarzamy r\u00f3wnie\u017c je\u017celi jest to wymagane przepisami prawa np. w celach podatkowych, rachunkowo\u015bci.<\/p>\n\n\n\n<h2 class=\"wp-block-heading\">Jak d\u0142ugo przetwarzamy dane?<\/h2>\n\n\n\n<p>Twoje dane przetwarzane b\u0119d\u0105 do czasu istnienia podstawy do ich przetwarzania tj.:<\/p>\n\n\n\n<ul class=\"wp-block-list\">\n<li>w przypadku udzielenia zgody do momentu jej cofni\u0119cia, ograniczenia lub innych dzia\u0142a\u0144 z Twojej strony ograniczaj\u0105cych t\u0119 zgod\u0119,<\/li>\n\n\n\n<li>w przypadku niezb\u0119dno\u015bci danych do wykonania umowy, przez czas jej wykonywania i do momentu up\u0142ywu przedawnienia roszcze\u0144 z tej umowy,<\/li>\n\n\n\n<li>w przypadku, gdy podstaw\u0105 przetwarzania danych jest uzasadniony interes administratora, do czasu zg\u0142oszenia przez Ciebie skutecznego sprzeciwu,<\/li>\n\n\n\n<li>w celach podatkowych i rachunkowych w zakresie i przez czas zgodny z obowi\u0105zuj\u0105cymi przepisami.<\/li>\n<\/ul>\n\n\n\n<h2 class=\"wp-block-heading\">Jakie prawa Ci przys\u0142uguj\u0105 jako podmiotowi danych osobowych?<\/h2>\n\n\n\n<p>Zgodnie z przepisami Og\u00f3lnego Rozporz\u0105dzenia dotycz\u0105cego Ochrony Danych Osobowych (rozporz\u0105dzenie Parlamentu Europejskiego i Rady (UE) 2016\/679 z 27.04.2016 r. w sprawie ochrony os\u00f3b fizycznych w zwi\u0105zku z przetwarzaniem danych osobowych i w sprawie swobodnego przep\u0142ywu takich danych oraz uchylenia dyrektywy 95\/46\/WE \u2013 (<strong>RODO<\/strong>), przys\u0142uguj\u0105 Ci nast\u0119puj\u0105ce prawa w zwi\u0105zku z przetwarzaniem Twoich danych osobowych przez nas, a tak\u017ce naszych Zaufanych Partner\u00f3w:<\/p>\n\n\n\n<ul class=\"wp-block-list\">\n<li>prawo dost\u0119pu do Twoich danych, w tym uzyskania kopii danych,<\/li>\n\n\n\n<li>prawo \u017c\u0105dania sprostowania danych<\/li>\n\n\n\n<li>prawo do usuni\u0119cia danych,<\/li>\n\n\n\n<li>prawo wniesienia skargi do organu nadzorczego ochrony danych osobowych, jakim jest w Polsce Prezes Urz\u0119du Ochrony Danych Osobowych,<\/li>\n\n\n\n<li>prawo do ograniczenia przetwarzania danych.<\/li>\n<\/ul>\n\n\n\n<p>Je\u017celi Twoje dane s\u0105 przetwarzane na podstawie zgody:masz prawo do wycofania zgody. Wycofanie zgody nie ma wp\u0142ywu na zgodno\u015b\u0107 z prawem przetwarzania, kt\u00f3rego dokonano na podstawie zgody przed jej wycofaniem.<\/p>\n\n\n\n<p>Je\u017celi Twoje dane s\u0105 przetwarzane na podstawie zgody lub w celu realizacji umowy (niezb\u0119dne w celu \u015bwiadczenia us\u0142ugi):masz prawo do przenoszenia danych osobowych.<\/p>\n\n\n\n<p>W celu realizacji powy\u017cszych praw nale\u017cy skontaktowa\u0107 si\u0119 z Inspektorem Ochrony Danych lub Biurem Obs\u0142ugi Klienta.<\/p>\n\n\n\n<h2 class=\"wp-block-heading\">Komu udost\u0119pniamy Twoje dane?<\/h2>\n\n\n\n<p>Twoje dane mog\u0105 by\u0107 przekazywane podmiotom przetwarzaj\u0105cym dane osobowe w imieniu Administratora m.in. dostawcom us\u0142ug IT, agencjom marketingowym itp. \u2013 przy czym takie podmioty przetwarzaj\u0105 dane na podstawie umowy z administratorem i wy\u0142\u0105cznie zgodnie z naszymi instrukcjami. W takich przypadkach wymagamy od podmiot\u00f3w trzecich zachowania poufno\u015bci i bezpiecze\u0144stwa informacji oraz weryfikujemy czy zapewniaj\u0105 odpowiednie \u015brodki ochrony danych osobowych.<\/p>\n\n\n\n<p>Twoje dane mog\u0105 by\u0107 r\u00f3wnie\u017c udost\u0119pniane podmiotom uprawnionym do ich uzyskania na podstawie obowi\u0105zuj\u0105cego prawa np. organom \u015bcigania. W zakresie dozwolonym przez obowi\u0105zuj\u0105ce przepisy prawa mo\u017cemy tak\u017ce udost\u0119pnia\u0107 Twoje dane instytucjom zajmuj\u0105cym si\u0119 windykacj\u0105 nale\u017cno\u015bci i obrotem wierzytelno\u015bciami.<\/p>\n\n\n\n<p>Na podstawie Twojej dobrowolnej zgody, na przetwarzanie przez Zaufanych Partner\u00f3w Twoich danych osobowych, kt\u00f3re udost\u0119pniasz w historii przegl\u0105dania stron i aplikacji internetowych, w celach marketingowych (obejmuj\u0105cych zautomatyzowan\u0105 analiz\u0119 Twojej aktywno\u015bci na stronach internetowych i w aplikacjach w celu ustalenia Twoich potencjalnych zainteresowa\u0144 dla dostosowania reklamy) w tym na umieszczanie znacznik\u00f3w internetowych (cookies itp.) na Twoich urz\u0105dzeniach i odczytywanie takich znacznik\u00f3w, ww. dane mog\u0105 by\u0107 udost\u0119pniane naszym Zaufanym Partnerom.<\/p>\n\n\n\n<p>Powy\u017csza zgoda dotyczy przetwarzania Twoich danych osobowych w celach marketingowych Zaufanych Partner\u00f3w. Zaufani Partnerzy to firmy z obszaru e-commerce i reklamodawcy oraz dzia\u0142aj\u0105ce w ich imieniu domy mediowe i podobne organizacje, z kt\u00f3rymi wsp\u00f3\u0142pracujemy i wymieniamy je w cz\u0119\u015bci Zaufani Partnerzy.<\/p>\n\n\n\n<h2 class=\"wp-block-heading\">Zaufani Partnerzy<\/h2>\n\n\n\n<p><a href=\"https:\/\/www.google.com\/about\/\">GOOGLE Inc.<\/a>&nbsp;(dane analityczne, reklamy)<\/p>\n\n\n\n<p><a href=\"https:\/\/hostmark.pl\/\">Hostmark<\/a>&nbsp;(infrastruktura serwerowa)<\/p>\n\n\n\n<p><a href=\"https:\/\/www.facebook.com\/\">Facebook<\/a><\/p>\n\n\n\n<p><a href=\"https:\/\/www.youtube.com\/\">Youtube<\/a><\/p>\n","protected":false},"excerpt":{"rendered":"<p>Szanuj\u0105c prawo do prywatno\u015bci U\u017cytkownik\u00f3w naszych us\u0142ug i gwarantuj\u0105c Im prawo wyboru w zakresie udost\u0119pniania informacji, kt\u00f3re Ich dotycz\u0105 dok\u0142adamy najwy\u017cszych stara\u0144, by dane osobowe naszych U\u017cytkownik\u00f3w by\u0142y przetwarzane zgodnie z obowi\u0105zuj\u0105cymi &nbsp;przepisami prawa polskiego i Unii Europejskiej. W tym dokumencie opisujemy jak przetwarzamy dane osobowe U\u017cytkownik\u00f3w naszych us\u0142ug. Opisujemy, kto jest administratorem danych osobowych, [&hellip;]<\/p>\n","protected":false},"author":1,"featured_media":0,"parent":0,"menu_order":0,"comment_status":"closed","ping_status":"closed","template":"","meta":{"footnotes":""},"class_list":["post-3","page","type-page","status-publish","hentry","entry"],"_links":{"self":[{"href":"https:\/\/viafabrilis.zw.pl\/en\/wp-json\/wp\/v2\/pages\/3","targetHints":{"allow":["GET"]}}],"collection":[{"href":"https:\/\/viafabrilis.zw.pl\/en\/wp-json\/wp\/v2\/pages"}],"about":[{"href":"https:\/\/viafabrilis.zw.pl\/en\/wp-json\/wp\/v2\/types\/page"}],"author":[{"embeddable":true,"href":"https:\/\/viafabrilis.zw.pl\/en\/wp-json\/wp\/v2\/users\/1"}],"replies":[{"embeddable":true,"href":"https:\/\/viafabrilis.zw.pl\/en\/wp-json\/wp\/v2\/comments?post=3"}],"version-history":[{"count":2,"href":"https:\/\/viafabrilis.zw.pl\/en\/wp-json\/wp\/v2\/pages\/3\/revisions"}],"predecessor-version":[{"id":2976,"href":"https:\/\/viafabrilis.zw.pl\/en\/wp-json\/wp\/v2\/pages\/3\/revisions\/2976"}],"wp:attachment":[{"href":"https:\/\/viafabrilis.zw.pl\/en\/wp-json\/wp\/v2\/media?parent=3"}],"curies":[{"name":"wp","href":"https:\/\/api.w.org\/{rel}","templated":true}]}}