{"id":3192,"date":"2023-07-06T13:03:33","date_gmt":"2023-07-06T11:03:33","guid":{"rendered":"https:\/\/viafabrilis.zw.pl\/o-projekcie\/"},"modified":"2023-07-06T13:41:08","modified_gmt":"2023-07-06T11:41:08","slug":"o-projekcie","status":"publish","type":"page","link":"https:\/\/viafabrilis.zw.pl\/en\/o-projekcie\/","title":{"rendered":"About the project"},"content":{"rendered":"\n<p><strong>Via Fabrilis route<\/strong><\/p>\n\n\n\n<p>The Via Fabrilis route, connecting places related to a range of crafts, was built in stages as part of the implementation of successive cross-border projects. With the passage of time, more members joined the trail &#8211; now it includes 38 institutions in 33 towns and settlements. The overriding goal of this project was to protect the cultural heritage of the Polish-Czech borderland, with particular emphasis on old, sometimes forgotten crafts.<\/p>\n\n\n\n<p>Originally, the route ran from north to south, from Boles\u0142awiec in Poland to Vrchlabi in the Czech Republic, connecting 15 institutions. It was created in 2008-2010 as part of the project entitled &#8220;Via Fabrilis &#8211; the route of craft traditions&#8221;, implemented by the Museum of Ceramics in Boles\u0142awiec and the Museum of the Karkonosze National Park in Vrchlab\u00ed. On the Polish side, the route led through Szklarska Por\u0119ba &#8211; an old centre of glassmaking, Jelenia G\u00f3ra, Wle\u0144 and Lubomierz &#8211; weaving centres &#8211; and Lw\u00f3wek \u015al\u0105ski &#8211; a centre of brewing, as well as gold and mineral mining.<\/p>\n\n\n\n<p>The cross-border trail was extended in 2013-2014 as part of another project &#8211; &#8220;Via Fabrilis &#8211; the route of craft traditions II&#8221;. This time it was led through 21 towns, connecting 26 institutions on the Polish and Czech sides of the Karkonosze and Jizera Mountains. On the Polish side, the route included: the world-famous Boles\u0142awiec centre of ceramics production (Museum of Ceramics, Zak\u0142ady Ceramiczne &#8220;Boles\u0142awiec&#8221;), Tomasz\u00f3w Boles\u0142awiecki (Glasstudio Borowski), Lw\u00f3wek \u015al\u0105ski with its brewing traditions (Plac\u00f3wka Historyczno-Muzealna), weaving centres: Wle\u0144 (Centre of Culture, Sports and Tourism) and Lubomierz (Museum of Kargul and Pawlak), glassmaking centres in the mountains: Jelenia G\u00f3ra (Museum of the Karkonosze Mountains), Piechowice (Huta Julia), Szklarska Por\u0119ba (Le\u015bna Huta, Karkonosze Centre for Ecological Education), Kowary (House of Tradition) ) and Karpacz (Museum of Sports and Tourism), as well as cities located further to the west: Luba\u0144 (Regional Museum) associated with the textile industry and tinsmithing, and Zgorzelec &#8211; a city of pottery and textile traditions (Lusatian Museum).&nbsp;<\/p>\n\n\n\n<p>The Czech part of the route covered Vrchlab\u00ed and Jilemnice (Museums of the Karkonosze National Park), towns known for the production of glass beads and the production of ornaments: Ponikl\u00e1 (Museum of Karkonosze Crafts, Rautis company), Paseky nad Jizerou (Museum of Patriots from the Frontier) and Vysok\u00e9 nad Jizerou (Regional Museum), as well as Harrachov (Novas &amp; Son Glassworks, \u0160indelka Exhibition). The new centres include: Horn\u00ed Mar\u0161ov (DOTEK Ecocentre), Franti\u0161kov (Private Museum of the Bro\u017e Family) and Voletiny (Museum of Weaving in the House under the Ash).<\/p>\n\n\n\n<p>As a result of the project &#8220;Hradek nad Nisou and Boles\u0142awiec on the route of old crafts&#8221;, the half-timbered house Kon\u00edk in Hradek nad Nisou was included in the trail in 2017-2018. The house is one of the rare examples of architecture characteristic for the region of Upper Lusatia and northern Bohemia.<\/p>\n\n\n\n<p>The last stage of the trail extension took place in 2019-2022 as part of the &#8220;Centres of old crafts on the Via Fabrilis route\u201d project. At that time, it was extended to include the following institutions: on the Polish side &#8211; the Museum of Papermaking in Duszniki Zdr\u00f3j, the Regional Museum in Chojn\u00f3w, the Museum of Household Appliances in Zi\u0119bice, the Regional Museum in K\u0142odzko, the Fillumeny Museum in Bystrzyca K\u0142odzka, PPH Vitbis sp z o.o. in Z\u0142otoryja and the Trail of Disappearing Trades in Kudowa Zdr\u00f3j; on the Czech side &#8211; the Municipal Museum of Nov\u00e9 M\u011bsto nad Metuj\u00ed, the Town Museum in Jarom\u011b\u0159, the City Museum in Dvo\u0159 Kr\u00e1lov\u00e9 nad Labem and the Regional Museum of N\u00e1chod.<\/p>\n","protected":false},"excerpt":{"rendered":"<p>Via Fabrilis route The Via Fabrilis route, connecting places related to a range of crafts, was built in stages as part of the implementation of successive cross-border projects. With the passage of time, more members joined the trail &#8211; now it includes 38 institutions in 33 towns and settlements. The overriding goal of this project [&hellip;]<\/p>\n","protected":false},"author":1,"featured_media":0,"parent":0,"menu_order":0,"comment_status":"closed","ping_status":"closed","template":"","meta":{"footnotes":""},"class_list":["post-3192","page","type-page","status-publish","hentry","entry"],"_links":{"self":[{"href":"https:\/\/viafabrilis.zw.pl\/en\/wp-json\/wp\/v2\/pages\/3192","targetHints":{"allow":["GET"]}}],"collection":[{"href":"https:\/\/viafabrilis.zw.pl\/en\/wp-json\/wp\/v2\/pages"}],"about":[{"href":"https:\/\/viafabrilis.zw.pl\/en\/wp-json\/wp\/v2\/types\/page"}],"author":[{"embeddable":true,"href":"https:\/\/viafabrilis.zw.pl\/en\/wp-json\/wp\/v2\/users\/1"}],"replies":[{"embeddable":true,"href":"https:\/\/viafabrilis.zw.pl\/en\/wp-json\/wp\/v2\/comments?post=3192"}],"version-history":[{"count":1,"href":"https:\/\/viafabrilis.zw.pl\/en\/wp-json\/wp\/v2\/pages\/3192\/revisions"}],"predecessor-version":[{"id":3196,"href":"https:\/\/viafabrilis.zw.pl\/en\/wp-json\/wp\/v2\/pages\/3192\/revisions\/3196"}],"wp:attachment":[{"href":"https:\/\/viafabrilis.zw.pl\/en\/wp-json\/wp\/v2\/media?parent=3192"}],"curies":[{"name":"wp","href":"https:\/\/api.w.org\/{rel}","templated":true}]}}