{"id":3360,"date":"2023-07-13T16:09:36","date_gmt":"2023-07-13T14:09:36","guid":{"rendered":"https:\/\/viafabrilis.zw.pl\/?page_id=3360"},"modified":"2024-02-10T16:36:55","modified_gmt":"2024-02-10T15:36:55","slug":"ekocentrum-dotek","status":"publish","type":"page","link":"https:\/\/viafabrilis.zw.pl\/en\/ekocentrum-dotek\/","title":{"rendered":"Ekocentrum DOTEK"},"content":{"rendered":"\t\t<div data-elementor-type=\"wp-page\" data-elementor-id=\"3360\" class=\"elementor elementor-3360\" data-elementor-post-type=\"page\">\n\t\t\t\t\t\t<section class=\"elementor-section elementor-top-section elementor-element elementor-element-55fd0aa elementor-section-boxed elementor-section-height-default elementor-section-height-default\" data-id=\"55fd0aa\" data-element_type=\"section\" data-settings=\"{&quot;jet_parallax_layout_list&quot;:[]}\">\n\t\t\t\t\t\t<div class=\"elementor-container elementor-column-gap-default\">\n\t\t\t\t\t<div class=\"elementor-column elementor-col-50 elementor-top-column elementor-element elementor-element-c7320b0\" data-id=\"c7320b0\" data-element_type=\"column\">\n\t\t\t<div class=\"elementor-widget-wrap elementor-element-populated\">\n\t\t\t\t\t\t<div class=\"elementor-element elementor-element-87e3ebb elementor-widget__width-initial elementor-widget elementor-widget-text-editor\" data-id=\"87e3ebb\" data-element_type=\"widget\" data-widget_type=\"text-editor.default\">\n\t\t\t\t<div class=\"elementor-widget-container\">\n\t\t\t\t\t\t\t\t\t<p dir=\"ltr\" style=\"line-height: 1.3800000000000001; text-align: center; margin-top: 0pt; margin-bottom: 0pt;\"><span style=\"font-size: 12pt; font-family: 'Times New Roman'; color: #000000; background-color: transparent; font-weight: bold; font-style: normal; font-variant: normal; text-decoration: none; vertical-align: baseline; white-space: pre-wrap;\">House of Heritage Restoration, Ecology and Culture\u00a0<\/span><\/p><p dir=\"ltr\" style=\"line-height: 1.3800000000000001; text-align: center; margin-top: 0pt; margin-bottom: 0pt;\"><span style=\"font-size: 12pt; font-family: 'Times New Roman'; color: #000000; background-color: transparent; font-weight: bold; font-style: normal; font-variant: normal; text-decoration: none; vertical-align: baseline; white-space: pre-wrap;\">in Horni Mar\u0161ov<\/span><\/p><p dir=\"ltr\" style=\"line-height: 1.3800000000000001; text-align: center; margin-top: 0pt; margin-bottom: 0pt;\"><span style=\"font-size: 12pt; font-family: 'Times New Roman'; color: #000000; background-color: transparent; font-weight: 400; font-style: normal; font-variant: normal; text-decoration: none; vertical-align: baseline; white-space: pre-wrap;\">Horsk\u00e1 175<\/span><\/p><p dir=\"ltr\" style=\"line-height: 1.3800000000000001; text-align: center; margin-top: 0pt; margin-bottom: 0pt;\"><span style=\"font-size: 12pt; font-family: 'Times New Roman'; color: #000000; background-color: transparent; font-weight: 400; font-style: normal; font-variant: normal; text-decoration: none; vertical-align: baseline; white-space: pre-wrap;\">542 26 Horn\u00ed Mar\u0161ov<\/span><\/p><p dir=\"ltr\" style=\"line-height: 1.3800000000000001; text-align: center; margin-top: 0pt; margin-bottom: 0pt;\"><span style=\"font-size: 12pt; font-family: 'Times New Roman'; color: #000000; background-color: transparent; font-weight: 400; font-style: normal; font-variant: normal; text-decoration: none; vertical-align: baseline; white-space: pre-wrap;\">tel.: +420 739 203 205<\/span><\/p><p dir=\"ltr\" style=\"line-height: 1.3800000000000001; text-align: center; margin-top: 0pt; margin-bottom: 0pt;\"><span style=\"font-size: 12pt; font-family: 'Times New Roman'; color: #000000; background-color: transparent; font-weight: 400; font-style: normal; font-variant: normal; text-decoration: none; vertical-align: baseline; white-space: pre-wrap;\">e-mail: <\/span><span style=\"font-size: 12pt; font-family: 'Times New Roman'; color: #986922; background-color: transparent; font-weight: 400; font-style: normal; font-variant: normal; text-decoration: none; vertical-align: baseline; white-space: pre-wrap;\">infokolonial@ekologickavychova.cz<\/span><\/p><p dir=\"ltr\" style=\"line-height: 1.3800000000000001; text-align: center; margin-top: 0pt; margin-bottom: 0pt;\"><a style=\"text-decoration: none;\" href=\"http:\/\/www.dotek.eu\/\"><span style=\"font-size: 12pt; font-family: 'Times New Roman'; color: #0000ff; background-color: transparent; font-weight: 400; font-style: normal; font-variant: normal; text-decoration: underline; -webkit-text-decoration-skip: none; text-decoration-skip-ink: none; vertical-align: baseline; white-space: pre-wrap;\">www.dotek.eu<\/span><\/a><\/p><p dir=\"ltr\" style=\"line-height: 1.3800000000000001; text-align: center; margin-top: 0pt; margin-bottom: 0pt;\"><span style=\"font-size: 12pt; font-family: 'Times New Roman'; color: #986922; background-color: transparent; font-weight: 400; font-style: normal; font-variant: normal; text-decoration: underline; -webkit-text-decoration-skip: none; text-decoration-skip-ink: none; vertical-align: baseline; white-space: pre-wrap;\">https:\/\/www.facebook.com\/ekocentrumdotek<\/span><\/p><p dir=\"ltr\" style=\"line-height: 1.3800000000000001; text-align: center; margin-top: 0pt; margin-bottom: 0pt;\"><b id=\"docs-internal-guid-e21021e7-7fff-2fe8-a4ba-63d5505af0d7\" style=\"font-weight: normal;\"><br \/><br \/><br \/><\/b><\/p><p dir=\"ltr\" style=\"line-height: 1.7999999999999998; text-align: center; margin-top: 0pt; margin-bottom: 0pt;\"><span style=\"font-size: 12pt; font-family: 'Times New Roman'; color: #000000; background-color: transparent; font-weight: bold; font-style: normal; font-variant: normal; text-decoration: none; vertical-align: baseline; white-space: pre-wrap;\">opening hours:<\/span><\/p><p dir=\"ltr\" style=\"line-height: 1.7999999999999998; text-align: center; margin-top: 0pt; margin-bottom: 0pt;\"><span style=\"font-size: 12pt; font-family: 'Times New Roman'; color: #000000; background-color: transparent; font-weight: 400; font-style: normal; font-variant: normal; text-decoration: none; vertical-align: baseline; white-space: pre-wrap;\">Monday &#8211; Sunday: 9:00 &#8211; 17:00 (October &#8211; May)<\/span><\/p><p dir=\"ltr\" style=\"line-height: 1.3800000000000001; text-align: center; margin-top: 0pt; margin-bottom: 0pt;\">\u00a0<\/p><p dir=\"ltr\" style=\"line-height: 1.7999999999999998; text-align: center; margin-top: 0pt; margin-bottom: 0pt;\"><span style=\"font-size: 12pt; font-family: 'Times New Roman'; color: #000000; background-color: transparent; font-weight: 400; font-style: normal; font-variant: normal; text-decoration: none; vertical-align: baseline; white-space: pre-wrap;\">Monday &#8211; Sunday: 9:00 &#8211; 18:00 (June &#8211; September)<\/span><\/p><div><span style=\"font-size: 12pt; font-family: 'Times New Roman'; color: #000000; background-color: transparent; font-weight: 400; font-style: normal; font-variant: normal; text-decoration: none; vertical-align: baseline; white-space: pre-wrap;\">\u00a0<\/span><\/div><div><span style=\"font-size: 12pt; font-family: 'Times New Roman'; color: #000000; background-color: transparent; font-weight: 400; font-style: normal; font-variant: normal; text-decoration: none; vertical-align: baseline; white-space: pre-wrap;\">\u00a0<\/span><\/div>\t\t\t\t\t\t\t\t<\/div>\n\t\t\t\t<\/div>\n\t\t\t\t\t<\/div>\n\t\t<\/div>\n\t\t\t\t<div class=\"elementor-column elementor-col-50 elementor-top-column elementor-element elementor-element-348f860\" data-id=\"348f860\" data-element_type=\"column\">\n\t\t\t<div class=\"elementor-widget-wrap elementor-element-populated\">\n\t\t\t\t\t\t<div class=\"elementor-element elementor-element-2f3ca8f elementor-widget elementor-widget-image\" data-id=\"2f3ca8f\" data-element_type=\"widget\" data-widget_type=\"image.default\">\n\t\t\t\t<div class=\"elementor-widget-container\">\n\t\t\t\t\t\t\t\t\t\t\t\t\t\t\t<img fetchpriority=\"high\" decoding=\"async\" width=\"1024\" height=\"768\" src=\"https:\/\/viafabrilis.zw.pl\/wp-content\/uploads\/2023\/07\/2-Biskupsky-sal-1024x768.jpg\" class=\"attachment-large size-large wp-image-3317\" alt=\"\" srcset=\"https:\/\/viafabrilis.zw.pl\/wp-content\/uploads\/2023\/07\/2-Biskupsky-sal-1024x768.jpg 1024w, https:\/\/viafabrilis.zw.pl\/wp-content\/uploads\/2023\/07\/2-Biskupsky-sal-300x225.jpg 300w, https:\/\/viafabrilis.zw.pl\/wp-content\/uploads\/2023\/07\/2-Biskupsky-sal-768x576.jpg 768w, https:\/\/viafabrilis.zw.pl\/wp-content\/uploads\/2023\/07\/2-Biskupsky-sal-1536x1152.jpg 1536w, https:\/\/viafabrilis.zw.pl\/wp-content\/uploads\/2023\/07\/2-Biskupsky-sal-600x450.jpg 600w, https:\/\/viafabrilis.zw.pl\/wp-content\/uploads\/2023\/07\/2-Biskupsky-sal.jpg 1672w\" sizes=\"(max-width: 1024px) 100vw, 1024px\" \/>\t\t\t\t\t\t\t\t\t\t\t\t\t\t\t<\/div>\n\t\t\t\t<\/div>\n\t\t\t\t\t<\/div>\n\t\t<\/div>\n\t\t\t\t\t<\/div>\n\t\t<\/section>\n\t\t\t\t<section class=\"elementor-section elementor-top-section elementor-element elementor-element-64bb251 elementor-section-boxed elementor-section-height-default elementor-section-height-default\" data-id=\"64bb251\" data-element_type=\"section\" data-settings=\"{&quot;jet_parallax_layout_list&quot;:[]}\">\n\t\t\t\t\t\t<div class=\"elementor-container elementor-column-gap-default\">\n\t\t\t\t\t<div class=\"elementor-column elementor-col-100 elementor-top-column elementor-element elementor-element-249953c\" data-id=\"249953c\" data-element_type=\"column\">\n\t\t\t<div class=\"elementor-widget-wrap elementor-element-populated\">\n\t\t\t\t\t\t<div class=\"elementor-element elementor-element-3c9f075 elementor-widget elementor-widget-text-editor\" data-id=\"3c9f075\" data-element_type=\"widget\" data-widget_type=\"text-editor.default\">\n\t\t\t\t<div class=\"elementor-widget-container\">\n\t\t\t\t\t\t\t\t\t<p dir=\"ltr\" style=\"line-height:1.7999999999999998;margin-top:5pt;margin-bottom:0pt;\"><span style=\"font-size:13.999999999999998pt;font-family:'Times New Roman';color:#000000;background-color:transparent;font-weight:400;font-style:normal;font-variant:normal;text-decoration:none;vertical-align:baseline;white-space:pre;white-space:pre-wrap;\">The DOTEK Ecocentre (House of Heritage Restoration, Ecology and Culture) in Horni Mar\u0161ov is a modern cultural and educational centre located in the eastern part of Karkonosze. The history of this former vicarage dates back to the 16th century. Today, the building offers visitors a glimpse not only into the past, but also into the future.<\/span><\/p><p dir=\"ltr\" style=\"line-height:1.7999999999999998;margin-top:5pt;margin-bottom:0pt;\"><span style=\"font-size:13.999999999999998pt;font-family:'Times New Roman';color:#000000;background-color:transparent;font-weight:400;font-style:normal;font-variant:normal;text-decoration:none;vertical-align:baseline;white-space:pre;white-space:pre-wrap;\">The preserved historical interiors of the ecocentre create a unique opportunity to try out some traditional crafts in authentic settings. Cooking in the black kitchen according to old Krkono\u0161e recipes is popular. The vicarage kitchen itself was used until the 20th century, and its splendour is evidenced by the soot that was removed from the inside of the chimney during the building\u2019s modernisation and mixed into the current plaster. Another traditional craft of the Karkonosze mountains was weaving. Visitors can try out the whole process of flax processing &#8211; from working with the brawn and hackle, through combing the flax on the comb, to working with the spindle, reel and looms. During the year, regular visitors of the DOTEK ecocentre have several opportunities to learn about practically forgotten crafts, such as knitting, felting and others. The newly completed exhibition &#8211; \u201cHow to Live and Survive in Nature and Civilization&#8221; &#8211; is open all year round.<\/span><\/p><p dir=\"ltr\" style=\"line-height: 1.7999999999999998; margin-top: 5pt; margin-bottom: 0pt;\"><span><br><\/span><\/p><p dir=\"ltr\" style=\"line-height:1.7999999999999998;margin-top:5pt;margin-bottom:0pt;\"><span style=\"font-size:13.999999999999998pt;font-family:'Times New Roman';color:#000000;background-color:transparent;font-weight:400;font-style:normal;font-variant:normal;text-decoration:none;vertical-align:baseline;white-space:pre;white-space:pre-wrap;\">Ekocentrum DOTEK belongs to the association R\u00fdchory \u2013 SEVER, Brontosaurus Krkono\u0161e. Its aims are to strengthen the bond between man and the surrounding nature, preserve cultural heritage and promote attitudes conducive to sustainable development.<\/span><\/p>\t\t\t\t\t\t\t\t<\/div>\n\t\t\t\t<\/div>\n\t\t\t\t\t<\/div>\n\t\t<\/div>\n\t\t\t\t\t<\/div>\n\t\t<\/section>\n\t\t\t\t<section class=\"elementor-section elementor-top-section elementor-element elementor-element-45173bd elementor-section-boxed elementor-section-height-default elementor-section-height-default\" data-id=\"45173bd\" data-element_type=\"section\" data-settings=\"{&quot;jet_parallax_layout_list&quot;:[]}\">\n\t\t\t\t\t\t<div class=\"elementor-container elementor-column-gap-default\">\n\t\t\t\t\t<div class=\"elementor-column elementor-col-100 elementor-top-column elementor-element elementor-element-24b356a\" data-id=\"24b356a\" data-element_type=\"column\">\n\t\t\t<div class=\"elementor-widget-wrap elementor-element-populated\">\n\t\t\t\t\t\t<div class=\"elementor-element elementor-element-70a6acc elementor-widget elementor-widget-image-gallery\" data-id=\"70a6acc\" data-element_type=\"widget\" data-widget_type=\"image-gallery.default\">\n\t\t\t\t<div class=\"elementor-widget-container\">\n\t\t\t\t\t\t\t<div class=\"elementor-image-gallery\">\n\t\t\t<div id='gallery-1' class='gallery galleryid-3360 gallery-columns-4 gallery-size-thumbnail'><figure class='gallery-item'>\n\t\t\t<div class='gallery-icon landscape'>\n\t\t\t\t<a data-elementor-open-lightbox=\"yes\" data-elementor-lightbox-slideshow=\"70a6acc\" data-elementor-lightbox-title=\"1 - Celni pohled\" data-e-action-hash=\"#elementor-action%3Aaction%3Dlightbox%26settings%3DeyJpZCI6MzMyMSwidXJsIjoiaHR0cHM6XC9cL3ZpYWZhYnJpbGlzLnp3LnBsXC93cC1jb250ZW50XC91cGxvYWRzXC8yMDIzXC8wN1wvMS1DZWxuaS1wb2hsZWQuanBnIiwic2xpZGVzaG93IjoiNzBhNmFjYyJ9\" href='https:\/\/viafabrilis.zw.pl\/wp-content\/uploads\/2023\/07\/1-Celni-pohled.jpg'><img decoding=\"async\" width=\"150\" height=\"150\" src=\"https:\/\/viafabrilis.zw.pl\/wp-content\/uploads\/2023\/07\/1-Celni-pohled-150x150.jpg\" class=\"attachment-thumbnail size-thumbnail\" alt=\"\" aria-describedby=\"gallery-1-3321\" srcset=\"https:\/\/viafabrilis.zw.pl\/wp-content\/uploads\/2023\/07\/1-Celni-pohled-150x150.jpg 150w, https:\/\/viafabrilis.zw.pl\/wp-content\/uploads\/2023\/07\/1-Celni-pohled-230x230.jpg 230w, https:\/\/viafabrilis.zw.pl\/wp-content\/uploads\/2023\/07\/1-Celni-pohled-400x400.jpg 400w, https:\/\/viafabrilis.zw.pl\/wp-content\/uploads\/2023\/07\/1-Celni-pohled-640x640.jpg 640w\" sizes=\"(max-width: 150px) 100vw, 150px\" \/><\/a>\n\t\t\t<\/div>\n\t\t\t\t<figcaption class='wp-caption-text gallery-caption' id='gallery-1-3321'>\n\t\t\t\tFront view\n\t\t\t\t<\/figcaption><\/figure><figure class='gallery-item'>\n\t\t\t<div class='gallery-icon landscape'>\n\t\t\t\t<a data-elementor-open-lightbox=\"yes\" data-elementor-lightbox-slideshow=\"70a6acc\" data-elementor-lightbox-title=\"2 - Biskupsky\u0301 sa\u0301l\" data-e-action-hash=\"#elementor-action%3Aaction%3Dlightbox%26settings%3DeyJpZCI6MzMyNSwidXJsIjoiaHR0cHM6XC9cL3ZpYWZhYnJpbGlzLnp3LnBsXC93cC1jb250ZW50XC91cGxvYWRzXC8yMDIzXC8wN1wvMi1CaXNrdXBza3ktc2FsLTEuanBnIiwic2xpZGVzaG93IjoiNzBhNmFjYyJ9\" href='https:\/\/viafabrilis.zw.pl\/wp-content\/uploads\/2023\/07\/2-Biskupsky-sal-1.jpg'><img decoding=\"async\" width=\"150\" height=\"150\" src=\"https:\/\/viafabrilis.zw.pl\/wp-content\/uploads\/2023\/07\/2-Biskupsky-sal-1-150x150.jpg\" class=\"attachment-thumbnail size-thumbnail\" alt=\"\" aria-describedby=\"gallery-1-3325\" srcset=\"https:\/\/viafabrilis.zw.pl\/wp-content\/uploads\/2023\/07\/2-Biskupsky-sal-1-150x150.jpg 150w, https:\/\/viafabrilis.zw.pl\/wp-content\/uploads\/2023\/07\/2-Biskupsky-sal-1-230x230.jpg 230w, https:\/\/viafabrilis.zw.pl\/wp-content\/uploads\/2023\/07\/2-Biskupsky-sal-1-400x400.jpg 400w, https:\/\/viafabrilis.zw.pl\/wp-content\/uploads\/2023\/07\/2-Biskupsky-sal-1-640x640.jpg 640w\" sizes=\"(max-width: 150px) 100vw, 150px\" \/><\/a>\n\t\t\t<\/div>\n\t\t\t\t<figcaption class='wp-caption-text gallery-caption' id='gallery-1-3325'>\n\t\t\t\tBishop&#8217;s hall\n\t\t\t\t<\/figcaption><\/figure><figure class='gallery-item'>\n\t\t\t<div class='gallery-icon landscape'>\n\t\t\t\t<a data-elementor-open-lightbox=\"yes\" data-elementor-lightbox-slideshow=\"70a6acc\" data-elementor-lightbox-title=\"3 - Zdobeny\u0301 strop\" data-e-action-hash=\"#elementor-action%3Aaction%3Dlightbox%26settings%3DeyJpZCI6MzMyOSwidXJsIjoiaHR0cHM6XC9cL3ZpYWZhYnJpbGlzLnp3LnBsXC93cC1jb250ZW50XC91cGxvYWRzXC8yMDIzXC8wN1wvMy1aZG9iZW55LXN0cm9wLmpwZyIsInNsaWRlc2hvdyI6IjcwYTZhY2MifQ%3D%3D\" href='https:\/\/viafabrilis.zw.pl\/wp-content\/uploads\/2023\/07\/3-Zdobeny-strop.jpg'><img loading=\"lazy\" decoding=\"async\" width=\"150\" height=\"150\" src=\"https:\/\/viafabrilis.zw.pl\/wp-content\/uploads\/2023\/07\/3-Zdobeny-strop-150x150.jpg\" class=\"attachment-thumbnail size-thumbnail\" alt=\"\" aria-describedby=\"gallery-1-3329\" srcset=\"https:\/\/viafabrilis.zw.pl\/wp-content\/uploads\/2023\/07\/3-Zdobeny-strop-150x150.jpg 150w, https:\/\/viafabrilis.zw.pl\/wp-content\/uploads\/2023\/07\/3-Zdobeny-strop-230x230.jpg 230w, https:\/\/viafabrilis.zw.pl\/wp-content\/uploads\/2023\/07\/3-Zdobeny-strop-400x400.jpg 400w, https:\/\/viafabrilis.zw.pl\/wp-content\/uploads\/2023\/07\/3-Zdobeny-strop-640x640.jpg 640w\" sizes=\"(max-width: 150px) 100vw, 150px\" \/><\/a>\n\t\t\t<\/div>\n\t\t\t\t<figcaption class='wp-caption-text gallery-caption' id='gallery-1-3329'>\n\t\t\t\tDecorated ceiling\n\t\t\t\t<\/figcaption><\/figure><figure class='gallery-item'>\n\t\t\t<div class='gallery-icon landscape'>\n\t\t\t\t<a data-elementor-open-lightbox=\"yes\" data-elementor-lightbox-slideshow=\"70a6acc\" data-elementor-lightbox-title=\"4 - C\u030cerna\u0301 kuchyne\u030c.jpg\" data-e-action-hash=\"#elementor-action%3Aaction%3Dlightbox%26settings%3DeyJpZCI6MzMzMywidXJsIjoiaHR0cHM6XC9cL3ZpYWZhYnJpbGlzLnp3LnBsXC93cC1jb250ZW50XC91cGxvYWRzXC8yMDIzXC8wN1wvNC1DZXJuYS1rdWNoeW5lLmpwZy5qcGciLCJzbGlkZXNob3ciOiI3MGE2YWNjIn0%3D\" href='https:\/\/viafabrilis.zw.pl\/wp-content\/uploads\/2023\/07\/4-Cerna-kuchyne.jpg.jpg'><img loading=\"lazy\" decoding=\"async\" width=\"150\" height=\"150\" src=\"https:\/\/viafabrilis.zw.pl\/wp-content\/uploads\/2023\/07\/4-Cerna-kuchyne.jpg-150x150.jpg\" class=\"attachment-thumbnail size-thumbnail\" alt=\"\" aria-describedby=\"gallery-1-3333\" srcset=\"https:\/\/viafabrilis.zw.pl\/wp-content\/uploads\/2023\/07\/4-Cerna-kuchyne.jpg-150x150.jpg 150w, https:\/\/viafabrilis.zw.pl\/wp-content\/uploads\/2023\/07\/4-Cerna-kuchyne.jpg-230x230.jpg 230w, https:\/\/viafabrilis.zw.pl\/wp-content\/uploads\/2023\/07\/4-Cerna-kuchyne.jpg-400x400.jpg 400w, https:\/\/viafabrilis.zw.pl\/wp-content\/uploads\/2023\/07\/4-Cerna-kuchyne.jpg-640x640.jpg 640w\" sizes=\"(max-width: 150px) 100vw, 150px\" \/><\/a>\n\t\t\t<\/div>\n\t\t\t\t<figcaption class='wp-caption-text gallery-caption' id='gallery-1-3333'>\n\t\t\t\tBlack\n\t\t\t\t<\/figcaption><\/figure><figure class='gallery-item'>\n\t\t\t<div class='gallery-icon landscape'>\n\t\t\t\t<a data-elementor-open-lightbox=\"yes\" data-elementor-lightbox-slideshow=\"70a6acc\" data-elementor-lightbox-title=\"5 - C\u030cerna\u0301 kuchyne\u030c\" data-e-action-hash=\"#elementor-action%3Aaction%3Dlightbox%26settings%3DeyJpZCI6MzMzNywidXJsIjoiaHR0cHM6XC9cL3ZpYWZhYnJpbGlzLnp3LnBsXC93cC1jb250ZW50XC91cGxvYWRzXC8yMDIzXC8wN1wvNS1DZXJuYS1rdWNoeW5lLmpwZyIsInNsaWRlc2hvdyI6IjcwYTZhY2MifQ%3D%3D\" href='https:\/\/viafabrilis.zw.pl\/wp-content\/uploads\/2023\/07\/5-Cerna-kuchyne.jpg'><img loading=\"lazy\" decoding=\"async\" width=\"150\" height=\"150\" src=\"https:\/\/viafabrilis.zw.pl\/wp-content\/uploads\/2023\/07\/5-Cerna-kuchyne-150x150.jpg\" class=\"attachment-thumbnail size-thumbnail\" alt=\"\" aria-describedby=\"gallery-1-3337\" srcset=\"https:\/\/viafabrilis.zw.pl\/wp-content\/uploads\/2023\/07\/5-Cerna-kuchyne-150x150.jpg 150w, https:\/\/viafabrilis.zw.pl\/wp-content\/uploads\/2023\/07\/5-Cerna-kuchyne-230x230.jpg 230w, https:\/\/viafabrilis.zw.pl\/wp-content\/uploads\/2023\/07\/5-Cerna-kuchyne-400x400.jpg 400w, https:\/\/viafabrilis.zw.pl\/wp-content\/uploads\/2023\/07\/5-Cerna-kuchyne-640x640.jpg 640w\" sizes=\"(max-width: 150px) 100vw, 150px\" \/><\/a>\n\t\t\t<\/div>\n\t\t\t\t<figcaption class='wp-caption-text gallery-caption' id='gallery-1-3337'>\n\t\t\t\tBlack\n\t\t\t\t<\/figcaption><\/figure><figure class='gallery-item'>\n\t\t\t<div class='gallery-icon landscape'>\n\t\t\t\t<a data-elementor-open-lightbox=\"yes\" data-elementor-lightbox-slideshow=\"70a6acc\" data-elementor-lightbox-title=\"OLYMPUS DIGITAL CAMERA\" data-e-action-hash=\"#elementor-action%3Aaction%3Dlightbox%26settings%3DeyJpZCI6MzM0MSwidXJsIjoiaHR0cHM6XC9cL3ZpYWZhYnJpbGlzLnp3LnBsXC93cC1jb250ZW50XC91cGxvYWRzXC8yMDIzXC8wN1wvNi1Ua2FsY292YW5pLmpwZy5qcGciLCJzbGlkZXNob3ciOiI3MGE2YWNjIn0%3D\" href='https:\/\/viafabrilis.zw.pl\/wp-content\/uploads\/2023\/07\/6-Tkalcovani.jpg.jpg'><img loading=\"lazy\" decoding=\"async\" width=\"150\" height=\"150\" src=\"https:\/\/viafabrilis.zw.pl\/wp-content\/uploads\/2023\/07\/6-Tkalcovani.jpg-150x150.jpg\" class=\"attachment-thumbnail size-thumbnail\" alt=\"\" aria-describedby=\"gallery-1-3341\" srcset=\"https:\/\/viafabrilis.zw.pl\/wp-content\/uploads\/2023\/07\/6-Tkalcovani.jpg-150x150.jpg 150w, https:\/\/viafabrilis.zw.pl\/wp-content\/uploads\/2023\/07\/6-Tkalcovani.jpg-230x230.jpg 230w, https:\/\/viafabrilis.zw.pl\/wp-content\/uploads\/2023\/07\/6-Tkalcovani.jpg-400x400.jpg 400w, https:\/\/viafabrilis.zw.pl\/wp-content\/uploads\/2023\/07\/6-Tkalcovani.jpg-640x640.jpg 640w\" sizes=\"(max-width: 150px) 100vw, 150px\" \/><\/a>\n\t\t\t<\/div>\n\t\t\t\t<figcaption class='wp-caption-text gallery-caption' id='gallery-1-3341'>\n\t\t\t\tWeaving\n\t\t\t\t<\/figcaption><\/figure>\n\t\t<\/div>\n\t\t<\/div>\n\t\t\t\t\t\t<\/div>\n\t\t\t\t<\/div>\n\t\t\t\t\t<\/div>\n\t\t<\/div>\n\t\t\t\t\t<\/div>\n\t\t<\/section>\n\t\t\t\t<\/div>\n\t\t","protected":false},"excerpt":{"rendered":"<p>House of Heritage Restoration, Ecology and Culture&nbsp; in Horni Mar\u0161ov Horsk\u00e1 175 542 26 Horn\u00ed Mar\u0161ov tel.: +420 739 203 205 e-mail: infokolonial@ekologickavychova.cz www.dotek.eu https:\/\/www.facebook.com\/ekocentrumdotek opening hours: Monday &#8211; Sunday: 9:00 &#8211; 17:00 (October &#8211; May) Monday &#8211; Sunday: 9:00 &#8211; 18:00 (June &#8211; September) The DOTEK Ecocentre (House of Heritage Restoration, Ecology and Culture) [&hellip;]<\/p>\n","protected":false},"author":1,"featured_media":3325,"parent":0,"menu_order":0,"comment_status":"closed","ping_status":"closed","template":"","meta":{"footnotes":""},"class_list":["post-3360","page","type-page","status-publish","has-post-thumbnail","hentry","entry","has-media"],"_links":{"self":[{"href":"https:\/\/viafabrilis.zw.pl\/en\/wp-json\/wp\/v2\/pages\/3360","targetHints":{"allow":["GET"]}}],"collection":[{"href":"https:\/\/viafabrilis.zw.pl\/en\/wp-json\/wp\/v2\/pages"}],"about":[{"href":"https:\/\/viafabrilis.zw.pl\/en\/wp-json\/wp\/v2\/types\/page"}],"author":[{"embeddable":true,"href":"https:\/\/viafabrilis.zw.pl\/en\/wp-json\/wp\/v2\/users\/1"}],"replies":[{"embeddable":true,"href":"https:\/\/viafabrilis.zw.pl\/en\/wp-json\/wp\/v2\/comments?post=3360"}],"version-history":[{"count":6,"href":"https:\/\/viafabrilis.zw.pl\/en\/wp-json\/wp\/v2\/pages\/3360\/revisions"}],"predecessor-version":[{"id":8892,"href":"https:\/\/viafabrilis.zw.pl\/en\/wp-json\/wp\/v2\/pages\/3360\/revisions\/8892"}],"wp:featuredmedia":[{"embeddable":true,"href":"https:\/\/viafabrilis.zw.pl\/en\/wp-json\/wp\/v2\/media\/3325"}],"wp:attachment":[{"href":"https:\/\/viafabrilis.zw.pl\/en\/wp-json\/wp\/v2\/media?parent=3360"}],"curies":[{"name":"wp","href":"https:\/\/api.w.org\/{rel}","templated":true}]}}