{"id":3538,"date":"2023-07-13T16:58:20","date_gmt":"2023-07-13T14:58:20","guid":{"rendered":"https:\/\/viafabrilis.zw.pl\/?page_id=3538"},"modified":"2023-09-14T10:25:58","modified_gmt":"2023-09-14T08:25:58","slug":"novosad-son-glassworks-harrachov","status":"publish","type":"page","link":"https:\/\/viafabrilis.zw.pl\/en\/novosad-son-glassworks-harrachov\/","title":{"rendered":"Novosad &amp; Son Glassworks, Harrachov"},"content":{"rendered":"\t\t<div data-elementor-type=\"wp-page\" data-elementor-id=\"3538\" class=\"elementor elementor-3538\" data-elementor-post-type=\"page\">\n\t\t\t\t\t\t<section class=\"elementor-section elementor-top-section elementor-element elementor-element-11fe665 elementor-section-boxed elementor-section-height-default elementor-section-height-default\" data-id=\"11fe665\" data-element_type=\"section\" data-settings=\"{&quot;jet_parallax_layout_list&quot;:[]}\">\n\t\t\t\t\t\t<div class=\"elementor-container elementor-column-gap-default\">\n\t\t\t\t\t<div class=\"elementor-column elementor-col-50 elementor-top-column elementor-element elementor-element-c389522\" data-id=\"c389522\" data-element_type=\"column\">\n\t\t\t<div class=\"elementor-widget-wrap elementor-element-populated\">\n\t\t\t\t\t\t<div class=\"elementor-element elementor-element-46ed907 elementor-widget elementor-widget-text-editor\" data-id=\"46ed907\" data-element_type=\"widget\" data-widget_type=\"text-editor.default\">\n\t\t\t\t<div class=\"elementor-widget-container\">\n\t\t\t\t\t\t\t\t\t<p dir=\"ltr\" style=\"line-height: 1.3800000000000001; text-align: center; margin-top: 0pt; margin-bottom: 0pt;\"><span style=\"font-size: 16pt; font-family: 'Times New Roman'; color: #000000; background-color: transparent; font-weight: 400; font-style: normal; font-variant: normal; text-decoration: none; vertical-align: baseline; white-space: pre-wrap;\">Harrachov 95<\/span><\/p><p dir=\"ltr\" style=\"line-height: 1.3800000000000001; text-align: center; margin-top: 0pt; margin-bottom: 0pt;\"><span style=\"font-size: 16pt; font-family: 'Times New Roman'; color: #000000; background-color: transparent; font-weight: 400; font-style: normal; font-variant: normal; text-decoration: none; vertical-align: baseline; white-space: pre-wrap;\">512 46 Harrachov<\/span><\/p><p dir=\"ltr\" style=\"line-height: 1.3800000000000001; text-align: center; margin-top: 0pt; margin-bottom: 0pt;\"><span style=\"font-size: 16pt; font-family: 'Times New Roman'; color: #000000; background-color: transparent; font-weight: 400; font-style: normal; font-variant: normal; text-decoration: none; vertical-align: baseline; white-space: pre-wrap;\">phone: +420 481 528 141<\/span><\/p><p dir=\"ltr\" style=\"line-height: 1.3800000000000001; text-align: center; margin-top: 0pt; margin-bottom: 0pt;\"><span style=\"font-size: 16pt; font-family: 'Times New Roman'; color: #000000; background-color: transparent; font-weight: 400; font-style: normal; font-variant: normal; text-decoration: none; vertical-align: baseline; white-space: pre-wrap;\">e-mail: turistik@sklarnaharrachov.cz<\/span><\/p><p dir=\"ltr\" style=\"line-height: 1.3800000000000001; text-align: center; margin-top: 0pt; margin-bottom: 0pt;\">\u00a0<\/p><p dir=\"ltr\" style=\"line-height: 1.3800000000000001; text-align: center; margin-top: 0pt; margin-bottom: 0pt;\"><span style=\"font-size: 16pt; font-family: 'Times New Roman'; color: #000000; background-color: transparent; font-weight: 400; font-style: normal; font-variant: normal; text-decoration: none; vertical-align: baseline; white-space: pre-wrap;\">www.sklarnaharrachov.cz<\/span><\/p><div><span style=\"font-size: 12pt; font-family: 'Times New Roman'; color: #00000a; background-color: transparent; font-weight: 400; font-style: normal; font-variant: normal; text-decoration: none; vertical-align: baseline; white-space: pre-wrap;\">\u00a0<\/span><\/div>\t\t\t\t\t\t\t\t<\/div>\n\t\t\t\t<\/div>\n\t\t\t\t\t<\/div>\n\t\t<\/div>\n\t\t\t\t<div class=\"elementor-column elementor-col-50 elementor-top-column elementor-element elementor-element-a04542d\" data-id=\"a04542d\" data-element_type=\"column\">\n\t\t\t<div class=\"elementor-widget-wrap elementor-element-populated\">\n\t\t\t\t\t\t<div class=\"elementor-element elementor-element-bc03912 elementor-widget elementor-widget-image\" data-id=\"bc03912\" data-element_type=\"widget\" data-widget_type=\"image.default\">\n\t\t\t\t<div class=\"elementor-widget-container\">\n\t\t\t\t\t\t\t\t\t\t\t\t\t\t\t<img fetchpriority=\"high\" decoding=\"async\" width=\"1024\" height=\"683\" src=\"https:\/\/viafabrilis.zw.pl\/wp-content\/uploads\/2023\/07\/3-Historicka-brusirna-skla-1024x683.jpg\" class=\"attachment-large size-large wp-image-3505\" alt=\"\" srcset=\"https:\/\/viafabrilis.zw.pl\/wp-content\/uploads\/2023\/07\/3-Historicka-brusirna-skla-1024x683.jpg 1024w, https:\/\/viafabrilis.zw.pl\/wp-content\/uploads\/2023\/07\/3-Historicka-brusirna-skla-300x200.jpg 300w, https:\/\/viafabrilis.zw.pl\/wp-content\/uploads\/2023\/07\/3-Historicka-brusirna-skla-768x512.jpg 768w, https:\/\/viafabrilis.zw.pl\/wp-content\/uploads\/2023\/07\/3-Historicka-brusirna-skla-600x400.jpg 600w, https:\/\/viafabrilis.zw.pl\/wp-content\/uploads\/2023\/07\/3-Historicka-brusirna-skla.jpg 1200w\" sizes=\"(max-width: 1024px) 100vw, 1024px\" \/>\t\t\t\t\t\t\t\t\t\t\t\t\t\t\t<\/div>\n\t\t\t\t<\/div>\n\t\t\t\t\t<\/div>\n\t\t<\/div>\n\t\t\t\t\t<\/div>\n\t\t<\/section>\n\t\t\t\t<section class=\"elementor-section elementor-top-section elementor-element elementor-element-a9e6aa7 elementor-section-boxed elementor-section-height-default elementor-section-height-default\" data-id=\"a9e6aa7\" data-element_type=\"section\" data-settings=\"{&quot;jet_parallax_layout_list&quot;:[]}\">\n\t\t\t\t\t\t<div class=\"elementor-container elementor-column-gap-default\">\n\t\t\t\t\t<div class=\"elementor-column elementor-col-100 elementor-top-column elementor-element elementor-element-4ab0d58\" data-id=\"4ab0d58\" data-element_type=\"column\">\n\t\t\t<div class=\"elementor-widget-wrap elementor-element-populated\">\n\t\t\t\t\t\t<div class=\"elementor-element elementor-element-d4fd0dc elementor-widget elementor-widget-text-editor\" data-id=\"d4fd0dc\" data-element_type=\"widget\" data-widget_type=\"text-editor.default\">\n\t\t\t\t<div class=\"elementor-widget-container\">\n\t\t\t\t\t\t\t\t\t<p><span style=\"font-weight: 400;\">The Glassworks and Mini Brewery trading as \u201cNovosad &amp; Son\u201d has been operating since 1993 in Nov\u00fd Sv\u011bt (Harrachov district) and is housed in a historic building dating back to 1712. Visitors can see the entire glass production cycle, including the manual processing in the grinding shop powered by a water turbine, established in 1895. This grinding shop is a monument of technology, entered to the UNESCO heritage list.<\/span><\/p><p><span style=\"font-weight: 400;\">The glass masters&#8217; house, built in 1737, houses the Glass Museum. Exhibits documenting the ancient past and the contemporary history of the glassworks are presented here, e.g. old photographs, tools used for processing, and above all glass products, showing the development of the Harrachov glass output in terms of technology and decoration. On the premises of the glassworks there is a glass shop, a mini brewery, a restaurant and pools for beer-bathing.<\/span><\/p><p><span style=\"font-weight: 400;\">The glassworks in Nov\u00fd Svet was founded at the Jilemnice estate of the Harrach family. It continued the tradition and production of the former glassworks in R\u00fd\u017eovi\u0161ti. The first owner was Elias M\u00fcller. He adapted the manufacturing plant to the production of baroque crystal &#8211; he founded and organised a grinding shop and employed engravers, painters and gilders. From 1764, the company was taken over by the count&#8217;s family. Mainly utilitarian glass and hanging crystal chandeliers were produced. Semi-finished products were distributed to glass refineries in northern Bohemia and Silesia.<\/span><\/p><p><span style=\"font-weight: 400;\">Currently, the glassworks mainly produces luxury beverage glass and chandelier elements. It remains as the only active glassworks in the Karkonosze Mountains and the oldest still operating glassworks in the world.<\/span><\/p><p dir=\"ltr\" style=\"line-height: 1.7999999999999998; text-indent: 36pt; text-align: justify; margin-top: 0pt; margin-bottom: 0pt;\"><span style=\"font-size: 15pt; font-family: 'Times New Roman'; color: #00000a; background-color: transparent; font-weight: 400; font-style: normal; font-variant: normal; text-decoration: none; vertical-align: baseline; white-space: pre-wrap;\">The glass masters&#8217; house, built in 1737, houses the Glass Museum. Exhibits documenting the ancient past and the contemporary history of the glassworks are presented here, e.g. old photographs, tools used for processing, and above all glass products, showing the development of the Harrachov glass output in terms of technology and decoration. On the premises of the glassworks there is a glass shop, a mini brewery, a restaurant and pools for beer-bathing.<\/span><\/p><p dir=\"ltr\" style=\"line-height: 1.7999999999999998; text-indent: 36pt; text-align: justify; margin-top: 0pt; margin-bottom: 0pt;\"><span style=\"font-size: 15pt; font-family: 'Times New Roman'; color: #00000a; background-color: transparent; font-weight: 400; font-style: normal; font-variant: normal; text-decoration: none; vertical-align: baseline; white-space: pre-wrap;\">The glassworks in Nov\u00fd Svet was founded at the Jilemnice estate of the Harrach family. It continued the tradition and production of the former glassworks in R\u00fd\u017eovi\u0161ti. The first owner was Elias M\u00fcller. He adapted the manufacturing plant to the production of baroque crystal &#8211; he founded and organised a grinding shop and employed engravers, painters and gilders. From 1764, the company was taken over by the count&#8217;s family. Mainly utilitarian glass and hanging crystal chandeliers were produced. Semi-finished products were distributed to glass refineries in northern Bohemia and Silesia.<\/span><\/p><p>\u00a0<\/p><p dir=\"ltr\" style=\"line-height: 1.7999999999999998; text-indent: 36pt; text-align: justify; margin-top: 0pt; margin-bottom: 0pt;\"><span style=\"font-size: 15pt; font-family: 'Times New Roman'; color: #00000a; background-color: transparent; font-weight: 400; font-style: normal; font-variant: normal; text-decoration: none; vertical-align: baseline; white-space: pre-wrap;\">Currently, the glassworks mainly produces luxury beverage glass and chandelier elements. It remains as the only active glassworks in the Karkonosze Mountains and the oldest still operating glassworks in the world.<\/span><\/p>\t\t\t\t\t\t\t\t<\/div>\n\t\t\t\t<\/div>\n\t\t\t\t\t<\/div>\n\t\t<\/div>\n\t\t\t\t\t<\/div>\n\t\t<\/section>\n\t\t\t\t<section class=\"elementor-section elementor-top-section elementor-element elementor-element-6e734a3 elementor-section-boxed elementor-section-height-default elementor-section-height-default\" data-id=\"6e734a3\" data-element_type=\"section\" data-settings=\"{&quot;jet_parallax_layout_list&quot;:[]}\">\n\t\t\t\t\t\t<div class=\"elementor-container elementor-column-gap-default\">\n\t\t\t\t\t<div class=\"elementor-column elementor-col-100 elementor-top-column elementor-element elementor-element-3cda490\" data-id=\"3cda490\" data-element_type=\"column\">\n\t\t\t<div class=\"elementor-widget-wrap elementor-element-populated\">\n\t\t\t\t\t\t<div class=\"elementor-element elementor-element-2d7781d elementor-widget elementor-widget-image-gallery\" data-id=\"2d7781d\" data-element_type=\"widget\" data-widget_type=\"image-gallery.default\">\n\t\t\t\t<div class=\"elementor-widget-container\">\n\t\t\t\t\t\t\t<div class=\"elementor-image-gallery\">\n\t\t\t<div id='gallery-1' class='gallery galleryid-3538 gallery-columns-2 gallery-size-monstroid2-thumb-justify'><figure class='gallery-item'>\n\t\t\t<div class='gallery-icon landscape'>\n\t\t\t\t<a data-elementor-open-lightbox=\"yes\" data-elementor-lightbox-slideshow=\"2d7781d\" data-elementor-lightbox-title=\"Skl\u00e1rna Novosad a Syn, Harrachov, \u010cesk\u00e1 Republika\" data-e-action-hash=\"#elementor-action%3Aaction%3Dlightbox%26settings%3DeyJpZCI6MzUxMSwidXJsIjoiaHR0cHM6XC9cL3ZpYWZhYnJpbGlzLnp3LnBsXC93cC1jb250ZW50XC91cGxvYWRzXC8yMDIzXC8wN1wvMS1BcmVhbC1oYXJyYWNob3Zza2Utc2tsYXJueS1hLWthcGxlLXN2Li1BbHpiZXR5LmpwZyIsInNsaWRlc2hvdyI6IjJkNzc4MWQifQ%3D%3D\" href='https:\/\/viafabrilis.zw.pl\/wp-content\/uploads\/2023\/07\/1-Areal-harrachovske-sklarny-a-kaple-sv.-Alzbety.jpg'><img decoding=\"async\" width=\"640\" height=\"640\" src=\"https:\/\/viafabrilis.zw.pl\/wp-content\/uploads\/2023\/07\/1-Areal-harrachovske-sklarny-a-kaple-sv.-Alzbety-640x640.jpg\" class=\"attachment-monstroid2-thumb-justify size-monstroid2-thumb-justify\" alt=\"\" aria-describedby=\"gallery-1-3511\" srcset=\"https:\/\/viafabrilis.zw.pl\/wp-content\/uploads\/2023\/07\/1-Areal-harrachovske-sklarny-a-kaple-sv.-Alzbety-640x640.jpg 640w, https:\/\/viafabrilis.zw.pl\/wp-content\/uploads\/2023\/07\/1-Areal-harrachovske-sklarny-a-kaple-sv.-Alzbety-150x150.jpg 150w, https:\/\/viafabrilis.zw.pl\/wp-content\/uploads\/2023\/07\/1-Areal-harrachovske-sklarny-a-kaple-sv.-Alzbety-230x230.jpg 230w, https:\/\/viafabrilis.zw.pl\/wp-content\/uploads\/2023\/07\/1-Areal-harrachovske-sklarny-a-kaple-sv.-Alzbety-400x400.jpg 400w\" sizes=\"(max-width: 640px) 100vw, 640px\" \/><\/a>\n\t\t\t<\/div>\n\t\t\t\t<figcaption class='wp-caption-text gallery-caption' id='gallery-1-3511'>\n\t\t\t\tHarrachov glassworks and the St. Elizabeth chapel\n\t\t\t\t<\/figcaption><\/figure><figure class='gallery-item'>\n\t\t\t<div class='gallery-icon landscape'>\n\t\t\t\t<a data-elementor-open-lightbox=\"yes\" data-elementor-lightbox-slideshow=\"2d7781d\" data-elementor-lightbox-title=\"2 - Hutni\u0301 hala s pecemi\" data-e-action-hash=\"#elementor-action%3Aaction%3Dlightbox%26settings%3DeyJpZCI6MzUxNSwidXJsIjoiaHR0cHM6XC9cL3ZpYWZhYnJpbGlzLnp3LnBsXC93cC1jb250ZW50XC91cGxvYWRzXC8yMDIzXC8wN1wvMi1IdXRuaS1oYWxhLXMtcGVjZW1pLmpwZyIsInNsaWRlc2hvdyI6IjJkNzc4MWQifQ%3D%3D\" href='https:\/\/viafabrilis.zw.pl\/wp-content\/uploads\/2023\/07\/2-Hutni-hala-s-pecemi.jpg'><img decoding=\"async\" width=\"640\" height=\"640\" src=\"https:\/\/viafabrilis.zw.pl\/wp-content\/uploads\/2023\/07\/2-Hutni-hala-s-pecemi-640x640.jpg\" class=\"attachment-monstroid2-thumb-justify size-monstroid2-thumb-justify\" alt=\"\" aria-describedby=\"gallery-1-3515\" srcset=\"https:\/\/viafabrilis.zw.pl\/wp-content\/uploads\/2023\/07\/2-Hutni-hala-s-pecemi-640x640.jpg 640w, https:\/\/viafabrilis.zw.pl\/wp-content\/uploads\/2023\/07\/2-Hutni-hala-s-pecemi-150x150.jpg 150w, https:\/\/viafabrilis.zw.pl\/wp-content\/uploads\/2023\/07\/2-Hutni-hala-s-pecemi-230x230.jpg 230w, https:\/\/viafabrilis.zw.pl\/wp-content\/uploads\/2023\/07\/2-Hutni-hala-s-pecemi-400x400.jpg 400w\" sizes=\"(max-width: 640px) 100vw, 640px\" \/><\/a>\n\t\t\t<\/div>\n\t\t\t\t<figcaption class='wp-caption-text gallery-caption' id='gallery-1-3515'>\n\t\t\t\tProduction hall with furnaces\n\t\t\t\t<\/figcaption><\/figure><figure class='gallery-item'>\n\t\t\t<div class='gallery-icon landscape'>\n\t\t\t\t<a data-elementor-open-lightbox=\"yes\" data-elementor-lightbox-slideshow=\"2d7781d\" data-elementor-lightbox-title=\"3 - Historicka\u0301 brusi\u0301rna skla\" data-e-action-hash=\"#elementor-action%3Aaction%3Dlightbox%26settings%3DeyJpZCI6MzUyMCwidXJsIjoiaHR0cHM6XC9cL3ZpYWZhYnJpbGlzLnp3LnBsXC93cC1jb250ZW50XC91cGxvYWRzXC8yMDIzXC8wN1wvMy1IaXN0b3JpY2thLWJydXNpcm5hLXNrbGEtMS5qcGciLCJzbGlkZXNob3ciOiIyZDc3ODFkIn0%3D\" href='https:\/\/viafabrilis.zw.pl\/wp-content\/uploads\/2023\/07\/3-Historicka-brusirna-skla-1.jpg'><img loading=\"lazy\" decoding=\"async\" width=\"640\" height=\"640\" src=\"https:\/\/viafabrilis.zw.pl\/wp-content\/uploads\/2023\/07\/3-Historicka-brusirna-skla-1-640x640.jpg\" class=\"attachment-monstroid2-thumb-justify size-monstroid2-thumb-justify\" alt=\"\" aria-describedby=\"gallery-1-3520\" srcset=\"https:\/\/viafabrilis.zw.pl\/wp-content\/uploads\/2023\/07\/3-Historicka-brusirna-skla-1-640x640.jpg 640w, https:\/\/viafabrilis.zw.pl\/wp-content\/uploads\/2023\/07\/3-Historicka-brusirna-skla-1-150x150.jpg 150w, https:\/\/viafabrilis.zw.pl\/wp-content\/uploads\/2023\/07\/3-Historicka-brusirna-skla-1-230x230.jpg 230w, https:\/\/viafabrilis.zw.pl\/wp-content\/uploads\/2023\/07\/3-Historicka-brusirna-skla-1-400x400.jpg 400w\" sizes=\"(max-width: 640px) 100vw, 640px\" \/><\/a>\n\t\t\t<\/div>\n\t\t\t\t<figcaption class='wp-caption-text gallery-caption' id='gallery-1-3520'>\n\t\t\t\tHistoric glass grinding shop\n\t\t\t\t<\/figcaption><\/figure><figure class='gallery-item'>\n\t\t\t<div class='gallery-icon landscape'>\n\t\t\t\t<a data-elementor-open-lightbox=\"yes\" data-elementor-lightbox-slideshow=\"2d7781d\" data-elementor-lightbox-title=\"Skl\u00e1rna Harrachov\" data-e-action-hash=\"#elementor-action%3Aaction%3Dlightbox%26settings%3DeyJpZCI6MzUyNCwidXJsIjoiaHR0cHM6XC9cL3ZpYWZhYnJpbGlzLnp3LnBsXC93cC1jb250ZW50XC91cGxvYWRzXC8yMDIzXC8wN1wvNC1Va2F6a3ktc291Y2FzbmUtcHJvZHVrY2Utc2tsYXJueS5qcGciLCJzbGlkZXNob3ciOiIyZDc3ODFkIn0%3D\" href='https:\/\/viafabrilis.zw.pl\/wp-content\/uploads\/2023\/07\/4-Ukazky-soucasne-produkce-sklarny.jpg'><img loading=\"lazy\" decoding=\"async\" width=\"640\" height=\"640\" src=\"https:\/\/viafabrilis.zw.pl\/wp-content\/uploads\/2023\/07\/4-Ukazky-soucasne-produkce-sklarny-640x640.jpg\" class=\"attachment-monstroid2-thumb-justify size-monstroid2-thumb-justify\" alt=\"\" aria-describedby=\"gallery-1-3524\" srcset=\"https:\/\/viafabrilis.zw.pl\/wp-content\/uploads\/2023\/07\/4-Ukazky-soucasne-produkce-sklarny-640x640.jpg 640w, https:\/\/viafabrilis.zw.pl\/wp-content\/uploads\/2023\/07\/4-Ukazky-soucasne-produkce-sklarny-150x150.jpg 150w, https:\/\/viafabrilis.zw.pl\/wp-content\/uploads\/2023\/07\/4-Ukazky-soucasne-produkce-sklarny-230x230.jpg 230w, https:\/\/viafabrilis.zw.pl\/wp-content\/uploads\/2023\/07\/4-Ukazky-soucasne-produkce-sklarny-400x400.jpg 400w\" sizes=\"(max-width: 640px) 100vw, 640px\" \/><\/a>\n\t\t\t<\/div>\n\t\t\t\t<figcaption class='wp-caption-text gallery-caption' id='gallery-1-3524'>\n\t\t\t\tExamples of the glassworks\u2019 current production\n\t\t\t\t<\/figcaption><\/figure>\n\t\t<\/div>\n\t\t<\/div>\n\t\t\t\t\t\t<\/div>\n\t\t\t\t<\/div>\n\t\t\t\t\t<\/div>\n\t\t<\/div>\n\t\t\t\t\t<\/div>\n\t\t<\/section>\n\t\t\t\t<section class=\"elementor-section elementor-top-section elementor-element elementor-element-2cc51ab elementor-section-boxed elementor-section-height-default elementor-section-height-default\" data-id=\"2cc51ab\" data-element_type=\"section\" data-settings=\"{&quot;jet_parallax_layout_list&quot;:[]}\">\n\t\t\t\t\t\t<div class=\"elementor-container elementor-column-gap-default\">\n\t\t\t\t\t<div class=\"elementor-column elementor-col-100 elementor-top-column elementor-element elementor-element-2395fb5\" data-id=\"2395fb5\" data-element_type=\"column\">\n\t\t\t<div class=\"elementor-widget-wrap elementor-element-populated\">\n\t\t\t\t\t\t<div class=\"elementor-element elementor-element-ae9a56d elementor-widget elementor-widget-spacer\" data-id=\"ae9a56d\" data-element_type=\"widget\" data-widget_type=\"spacer.default\">\n\t\t\t\t<div class=\"elementor-widget-container\">\n\t\t\t\t\t\t\t<div class=\"elementor-spacer\">\n\t\t\t<div class=\"elementor-spacer-inner\"><\/div>\n\t\t<\/div>\n\t\t\t\t\t\t<\/div>\n\t\t\t\t<\/div>\n\t\t\t\t\t<\/div>\n\t\t<\/div>\n\t\t\t\t\t<\/div>\n\t\t<\/section>\n\t\t\t\t<\/div>\n\t\t","protected":false},"excerpt":{"rendered":"<p>Harrachov 95 512 46 Harrachov phone: +420 481 528 141 e-mail: turistik@sklarnaharrachov.cz www.sklarnaharrachov.cz The Glassworks and Mini Brewery trading as \u201cNovosad &amp; Son\u201d has been operating since 1993 in Nov\u00fd Sv\u011bt (Harrachov district) and is housed in a historic building dating back to 1712. Visitors can see the entire glass production cycle, including the manual [&hellip;]<\/p>\n","protected":false},"author":1,"featured_media":3520,"parent":0,"menu_order":0,"comment_status":"closed","ping_status":"closed","template":"","meta":{"footnotes":""},"class_list":["post-3538","page","type-page","status-publish","has-post-thumbnail","hentry","entry","has-media"],"_links":{"self":[{"href":"https:\/\/viafabrilis.zw.pl\/en\/wp-json\/wp\/v2\/pages\/3538","targetHints":{"allow":["GET"]}}],"collection":[{"href":"https:\/\/viafabrilis.zw.pl\/en\/wp-json\/wp\/v2\/pages"}],"about":[{"href":"https:\/\/viafabrilis.zw.pl\/en\/wp-json\/wp\/v2\/types\/page"}],"author":[{"embeddable":true,"href":"https:\/\/viafabrilis.zw.pl\/en\/wp-json\/wp\/v2\/users\/1"}],"replies":[{"embeddable":true,"href":"https:\/\/viafabrilis.zw.pl\/en\/wp-json\/wp\/v2\/comments?post=3538"}],"version-history":[{"count":6,"href":"https:\/\/viafabrilis.zw.pl\/en\/wp-json\/wp\/v2\/pages\/3538\/revisions"}],"predecessor-version":[{"id":8905,"href":"https:\/\/viafabrilis.zw.pl\/en\/wp-json\/wp\/v2\/pages\/3538\/revisions\/8905"}],"wp:featuredmedia":[{"embeddable":true,"href":"https:\/\/viafabrilis.zw.pl\/en\/wp-json\/wp\/v2\/media\/3520"}],"wp:attachment":[{"href":"https:\/\/viafabrilis.zw.pl\/en\/wp-json\/wp\/v2\/media?parent=3538"}],"curies":[{"name":"wp","href":"https:\/\/api.w.org\/{rel}","templated":true}]}}