{"id":4047,"date":"2023-07-15T10:39:27","date_gmt":"2023-07-15T08:39:27","guid":{"rendered":"https:\/\/viafabrilis.zw.pl\/?page_id=4047"},"modified":"2024-02-11T11:54:00","modified_gmt":"2024-02-11T10:54:00","slug":"museum-of-borderland-patriots-in-paseky-nad-jizerou","status":"publish","type":"page","link":"https:\/\/viafabrilis.zw.pl\/en\/museum-of-borderland-patriots-in-paseky-nad-jizerou\/","title":{"rendered":"Museum of Borderland Patriots in Paseky nad Jizerou"},"content":{"rendered":"\t\t<div data-elementor-type=\"wp-page\" data-elementor-id=\"4047\" class=\"elementor elementor-4047\" data-elementor-post-type=\"page\">\n\t\t\t\t\t\t<section class=\"elementor-section elementor-top-section elementor-element elementor-element-0a24269 elementor-section-boxed elementor-section-height-default elementor-section-height-default\" data-id=\"0a24269\" data-element_type=\"section\" data-settings=\"{&quot;jet_parallax_layout_list&quot;:[]}\">\n\t\t\t\t\t\t<div class=\"elementor-container elementor-column-gap-default\">\n\t\t\t\t\t<div class=\"elementor-column elementor-col-50 elementor-top-column elementor-element elementor-element-74488eb\" data-id=\"74488eb\" data-element_type=\"column\">\n\t\t\t<div class=\"elementor-widget-wrap elementor-element-populated\">\n\t\t\t\t\t\t<div class=\"elementor-element elementor-element-6e796a1 elementor-widget elementor-widget-text-editor\" data-id=\"6e796a1\" data-element_type=\"widget\" data-widget_type=\"text-editor.default\">\n\t\t\t\t<div class=\"elementor-widget-container\">\n\t\t\t\t\t\t\t\t\t<p dir=\"ltr\" style=\"line-height: 1.3800000000000001; text-align: center; margin-top: 0pt; margin-bottom: 0pt;\"><span style=\"font-size: 12pt; font-family: 'Times New Roman'; color: #000000; background-color: transparent; font-weight: 400; font-style: normal; font-variant: normal; text-decoration: none; vertical-align: baseline; white-space: pre-wrap;\">Paseky nad Jizerou 121<\/span><\/p><p dir=\"ltr\" style=\"line-height: 1.3800000000000001; text-align: center; margin-top: 0pt; margin-bottom: 0pt;\"><span style=\"font-size: 12pt; font-family: 'Times New Roman'; color: #000000; background-color: transparent; font-weight: 400; font-style: normal; font-variant: normal; text-decoration: none; vertical-align: baseline; white-space: pre-wrap;\">512 47 Paseky nad Jizerou<\/span><\/p><p dir=\"ltr\" style=\"line-height: 1.3800000000000001; text-align: center; margin-top: 0pt; margin-bottom: 0pt;\"><span style=\"font-size: 12pt; font-family: 'Times New Roman'; color: #000000; background-color: transparent; font-weight: 400; font-style: normal; font-variant: normal; text-decoration: none; vertical-align: baseline; white-space: pre-wrap;\">Phone: 481 523 609<\/span><\/p><p dir=\"ltr\" style=\"line-height: 1.3800000000000001; text-align: center; margin-top: 0pt; margin-bottom: 0pt;\"><span style=\"font-size: 12pt; font-family: 'Times New Roman'; color: #000000; background-color: transparent; font-weight: 400; font-style: normal; font-variant: normal; text-decoration: none; vertical-align: baseline; white-space: pre-wrap;\">E-mail: museumpaseky@krnap.cz<\/span><\/p><p dir=\"ltr\" style=\"line-height: 1.3800000000000001; text-align: center; margin-top: 0pt; margin-bottom: 0pt;\"><span style=\"font-size: 12pt; font-family: 'Times New Roman'; color: #000000; background-color: transparent; font-weight: 400; font-style: normal; font-variant: normal; text-decoration: none; vertical-align: baseline; white-space: pre-wrap;\">www.krnap.cz<\/span><\/p><p dir=\"ltr\" style=\"line-height: 1.38; text-align: center; margin-top: 0pt; margin-bottom: 0pt;\">\u00a0<\/p><p>\u00a0<\/p><p>\u00a0<\/p><p dir=\"ltr\" style=\"line-height: 1.3800000000000001; text-align: center; margin-top: 0pt; margin-bottom: 0pt;\"><span style=\"font-size: 12pt; font-family: 'Times New Roman'; color: #000000; background-color: transparent; font-weight: bold; font-style: normal; font-variant: normal; text-decoration: none; vertical-align: baseline; white-space: pre-wrap;\">opening hours:<\/span><\/p><p dir=\"ltr\" style=\"line-height: 1.3800000000000001; text-align: center; margin-top: 0pt; margin-bottom: 0pt;\"><span style=\"font-size: 12pt; font-family: 'Times New Roman'; color: #000000; background-color: transparent; font-weight: 400; font-style: normal; font-variant: normal; text-decoration: none; vertical-align: baseline; white-space: pre-wrap;\">Tuesday &#8211; Sunday: 9.00 &#8211; 12.00, 13.00 &#8211; 16.00<\/span><\/p><p dir=\"ltr\" style=\"line-height: 1.38; text-align: center; margin-top: 0pt; margin-bottom: 0pt;\">\u00a0<\/p><p dir=\"ltr\" style=\"line-height: 1.3800000000000001; text-align: center; margin-top: 0pt; margin-bottom: 0pt;\"><span style=\"font-size: 12pt; font-family: 'Times New Roman'; color: #000000; background-color: transparent; font-weight: 400; font-style: normal; font-variant: normal; text-decoration: none; vertical-align: baseline; white-space: pre-wrap;\">closed in November<\/span><\/p><div><span style=\"font-size: 12pt; font-family: 'Times New Roman'; color: #000000; background-color: transparent; font-weight: 400; font-style: normal; font-variant: normal; text-decoration: none; vertical-align: baseline; white-space: pre-wrap;\">\u00a0<\/span><\/div><div><span style=\"font-size: 12pt; font-family: 'Times New Roman'; color: #000000; background-color: transparent; font-weight: 400; font-style: normal; font-variant: normal; text-decoration: none; vertical-align: baseline; white-space: pre-wrap;\">\u00a0<\/span><\/div>\t\t\t\t\t\t\t\t<\/div>\n\t\t\t\t<\/div>\n\t\t\t\t\t<\/div>\n\t\t<\/div>\n\t\t\t\t<div class=\"elementor-column elementor-col-50 elementor-top-column elementor-element elementor-element-12f9817\" data-id=\"12f9817\" data-element_type=\"column\">\n\t\t\t<div class=\"elementor-widget-wrap elementor-element-populated\">\n\t\t\t\t\t\t<div class=\"elementor-element elementor-element-9335df4 elementor-widget elementor-widget-image\" data-id=\"9335df4\" data-element_type=\"widget\" data-widget_type=\"image.default\">\n\t\t\t\t<div class=\"elementor-widget-container\">\n\t\t\t\t\t\t\t\t\t\t\t\t\t\t\t<img fetchpriority=\"high\" decoding=\"async\" width=\"1024\" height=\"678\" src=\"https:\/\/viafabrilis.zw.pl\/wp-content\/uploads\/2023\/07\/3-Pohyblivy-betlem-bratri-Skrabalku-1024x678.jpg\" class=\"attachment-large size-large wp-image-4006\" alt=\"\" srcset=\"https:\/\/viafabrilis.zw.pl\/wp-content\/uploads\/2023\/07\/3-Pohyblivy-betlem-bratri-Skrabalku-1024x678.jpg 1024w, https:\/\/viafabrilis.zw.pl\/wp-content\/uploads\/2023\/07\/3-Pohyblivy-betlem-bratri-Skrabalku-300x199.jpg 300w, https:\/\/viafabrilis.zw.pl\/wp-content\/uploads\/2023\/07\/3-Pohyblivy-betlem-bratri-Skrabalku-768x508.jpg 768w, https:\/\/viafabrilis.zw.pl\/wp-content\/uploads\/2023\/07\/3-Pohyblivy-betlem-bratri-Skrabalku-600x397.jpg 600w, https:\/\/viafabrilis.zw.pl\/wp-content\/uploads\/2023\/07\/3-Pohyblivy-betlem-bratri-Skrabalku.jpg 1200w\" sizes=\"(max-width: 1024px) 100vw, 1024px\" \/>\t\t\t\t\t\t\t\t\t\t\t\t\t\t\t<\/div>\n\t\t\t\t<\/div>\n\t\t\t\t\t<\/div>\n\t\t<\/div>\n\t\t\t\t\t<\/div>\n\t\t<\/section>\n\t\t\t\t<section class=\"elementor-section elementor-top-section elementor-element elementor-element-67d21b9 elementor-section-boxed elementor-section-height-default elementor-section-height-default\" data-id=\"67d21b9\" data-element_type=\"section\" data-settings=\"{&quot;jet_parallax_layout_list&quot;:[]}\">\n\t\t\t\t\t\t<div class=\"elementor-container elementor-column-gap-default\">\n\t\t\t\t\t<div class=\"elementor-column elementor-col-100 elementor-top-column elementor-element elementor-element-c2770c7\" data-id=\"c2770c7\" data-element_type=\"column\">\n\t\t\t<div class=\"elementor-widget-wrap elementor-element-populated\">\n\t\t\t\t\t\t<div class=\"elementor-element elementor-element-88a4481 elementor-widget elementor-widget-text-editor\" data-id=\"88a4481\" data-element_type=\"widget\" data-widget_type=\"text-editor.default\">\n\t\t\t\t<div class=\"elementor-widget-container\">\n\t\t\t\t\t\t\t\t\t<p><span style=\"font-weight: 400;\">The Museum of Borderland Patriots in Paseky nad Jizerou is housed in a former vicarage. The museum has a sightseeing presentation dedicated to the town and its immediate vicinity, as well as a permanent exhibition featuring the violin-making traditions of Karkonosze. The unique collection of musical instruments includes the works of the first violin makers in Paseky and their apprentices, as well as contemporary violin makers from the famous Pila\u0159 and \u0160pidlen families. A significant part of the exhibition is devoted to the father of violin making in the Krkono\u0161e Mountains &#8211; V\u011bnceslav Metelka, a local sage, violin maker and teacher&#8217;s assistant. In addition, you can see a fully equipped turnery workshop from the late 19th century and participate in loom weaving and bead threading shows.<\/span><\/p><p>\u00a0<\/p><p><span style=\"font-weight: 400;\">In the 19th century, a large number of wood turning workshops were established in Paseky nad Jizera. Various objects used in everyday life, as well as in handicraft production and the textile industry, were made of wood. Weaving has a long tradition in Paseky nad Jizerou. At the turn of the 19th and 20th centuries, several mechanical weaving mills were established in the village, mostly with jacquard machines. When visiting the Museum, you can see the process of creating a fabric on a carpet loom from the second half of the 19th century. From the 1860s, a new type of craftsmanship spread from Jablonec to the western and central Krkono\u0161e: bead cutting and stringing. Beaded threads were mostly exported to Asia, Africa and America, where they were used to make appliqu\u00e9s and to make jewellery.<\/span><\/p>\t\t\t\t\t\t\t\t<\/div>\n\t\t\t\t<\/div>\n\t\t\t\t\t<\/div>\n\t\t<\/div>\n\t\t\t\t\t<\/div>\n\t\t<\/section>\n\t\t\t\t<section class=\"elementor-section elementor-top-section elementor-element elementor-element-3bbf511 elementor-section-boxed elementor-section-height-default elementor-section-height-default\" data-id=\"3bbf511\" data-element_type=\"section\" data-settings=\"{&quot;jet_parallax_layout_list&quot;:[]}\">\n\t\t\t\t\t\t<div class=\"elementor-container elementor-column-gap-default\">\n\t\t\t\t\t<div class=\"elementor-column elementor-col-100 elementor-top-column elementor-element elementor-element-2eb4793\" data-id=\"2eb4793\" data-element_type=\"column\">\n\t\t\t<div class=\"elementor-widget-wrap elementor-element-populated\">\n\t\t\t\t\t\t<div class=\"elementor-element elementor-element-2f7051b elementor-widget elementor-widget-image-gallery\" data-id=\"2f7051b\" data-element_type=\"widget\" data-widget_type=\"image-gallery.default\">\n\t\t\t\t<div class=\"elementor-widget-container\">\n\t\t\t\t\t\t\t<div class=\"elementor-image-gallery\">\n\t\t\t<div id='gallery-1' class='gallery galleryid-4047 gallery-columns-4 gallery-size-monstroid2-thumb-justify'><figure class='gallery-item'>\n\t\t\t<div class='gallery-icon landscape'>\n\t\t\t\t<a data-elementor-open-lightbox=\"yes\" data-elementor-lightbox-slideshow=\"2f7051b\" data-elementor-lightbox-title=\"1 - By\u0301vala\u0301 fara, dnes budova Krkonos\u030cske\u0301ho muzea \u2013 Pama\u0301tni\u0301ku zapadly\u0301ch vlastencu\u030a\" data-e-action-hash=\"#elementor-action%3Aaction%3Dlightbox%26settings%3DeyJpZCI6NDAxNSwidXJsIjoiaHR0cHM6XC9cL3ZpYWZhYnJpbGlzLnp3LnBsXC93cC1jb250ZW50XC91cGxvYWRzXC8yMDIzXC8wN1wvMS1CeXZhbGEtZmFyYS1kbmVzLWJ1ZG92YS1Lcmtvbm9zc2tlaG8tbXV6ZWEtXHUyMDEzLVBhbWF0bmlrdS16YXBhZGx5Y2gtdmxhc3RlbmN1LmpwZyIsInNsaWRlc2hvdyI6IjJmNzA1MWIifQ%3D%3D\" href='https:\/\/viafabrilis.zw.pl\/wp-content\/uploads\/2023\/07\/1-Byvala-fara-dnes-budova-Krkonosskeho-muzea-\u2013-Pamatniku-zapadlych-vlastencu.jpg'><img decoding=\"async\" width=\"640\" height=\"640\" src=\"https:\/\/viafabrilis.zw.pl\/wp-content\/uploads\/2023\/07\/1-Byvala-fara-dnes-budova-Krkonosskeho-muzea-\u2013-Pamatniku-zapadlych-vlastencu-640x640.jpg\" class=\"attachment-monstroid2-thumb-justify size-monstroid2-thumb-justify\" alt=\"\" aria-describedby=\"gallery-1-4015\" srcset=\"https:\/\/viafabrilis.zw.pl\/wp-content\/uploads\/2023\/07\/1-Byvala-fara-dnes-budova-Krkonosskeho-muzea-\u2013-Pamatniku-zapadlych-vlastencu-640x640.jpg 640w, https:\/\/viafabrilis.zw.pl\/wp-content\/uploads\/2023\/07\/1-Byvala-fara-dnes-budova-Krkonosskeho-muzea-\u2013-Pamatniku-zapadlych-vlastencu-150x150.jpg 150w, https:\/\/viafabrilis.zw.pl\/wp-content\/uploads\/2023\/07\/1-Byvala-fara-dnes-budova-Krkonosskeho-muzea-\u2013-Pamatniku-zapadlych-vlastencu-230x230.jpg 230w, https:\/\/viafabrilis.zw.pl\/wp-content\/uploads\/2023\/07\/1-Byvala-fara-dnes-budova-Krkonosskeho-muzea-\u2013-Pamatniku-zapadlych-vlastencu-400x400.jpg 400w\" sizes=\"(max-width: 640px) 100vw, 640px\" \/><\/a>\n\t\t\t<\/div>\n\t\t\t\t<figcaption class='wp-caption-text gallery-caption' id='gallery-1-4015'>\n\t\t\t\tFormer vicarage, currently the building of the Karkonosze Museum &#8211; Monument to the Borderland Patriots\n\t\t\t\t<\/figcaption><\/figure><figure class='gallery-item'>\n\t\t\t<div class='gallery-icon landscape'>\n\t\t\t\t<a data-elementor-open-lightbox=\"yes\" data-elementor-lightbox-slideshow=\"2f7051b\" data-elementor-lightbox-title=\"2 - Expozice krkonos\u030cske\u0301 houslar\u030cske\u0301 s\u030ckoly\" data-e-action-hash=\"#elementor-action%3Aaction%3Dlightbox%26settings%3DeyJpZCI6NDAxOSwidXJsIjoiaHR0cHM6XC9cL3ZpYWZhYnJpbGlzLnp3LnBsXC93cC1jb250ZW50XC91cGxvYWRzXC8yMDIzXC8wN1wvMi1FeHBvemljZS1rcmtvbm9zc2tlLWhvdXNsYXJza2Utc2tvbHkuanBnIiwic2xpZGVzaG93IjoiMmY3MDUxYiJ9\" href='https:\/\/viafabrilis.zw.pl\/wp-content\/uploads\/2023\/07\/2-Expozice-krkonosske-houslarske-skoly.jpg'><img decoding=\"async\" width=\"640\" height=\"640\" src=\"https:\/\/viafabrilis.zw.pl\/wp-content\/uploads\/2023\/07\/2-Expozice-krkonosske-houslarske-skoly-640x640.jpg\" class=\"attachment-monstroid2-thumb-justify size-monstroid2-thumb-justify\" alt=\"\" aria-describedby=\"gallery-1-4019\" srcset=\"https:\/\/viafabrilis.zw.pl\/wp-content\/uploads\/2023\/07\/2-Expozice-krkonosske-houslarske-skoly-640x640.jpg 640w, https:\/\/viafabrilis.zw.pl\/wp-content\/uploads\/2023\/07\/2-Expozice-krkonosske-houslarske-skoly-150x150.jpg 150w, https:\/\/viafabrilis.zw.pl\/wp-content\/uploads\/2023\/07\/2-Expozice-krkonosske-houslarske-skoly-230x230.jpg 230w, https:\/\/viafabrilis.zw.pl\/wp-content\/uploads\/2023\/07\/2-Expozice-krkonosske-houslarske-skoly-400x400.jpg 400w\" sizes=\"(max-width: 640px) 100vw, 640px\" \/><\/a>\n\t\t\t<\/div>\n\t\t\t\t<figcaption class='wp-caption-text gallery-caption' id='gallery-1-4019'>\n\t\t\t\tExhibition of the Karkonosze violin-making school\n\t\t\t\t<\/figcaption><\/figure><figure class='gallery-item'>\n\t\t\t<div class='gallery-icon landscape'>\n\t\t\t\t<a data-elementor-open-lightbox=\"yes\" data-elementor-lightbox-slideshow=\"2f7051b\" data-elementor-lightbox-title=\"3 - Pohyblivy\u0301 betle\u0301m bratr\u030ci\u0301 S\u030ckraba\u0301lku\u030a\" data-e-action-hash=\"#elementor-action%3Aaction%3Dlightbox%26settings%3DeyJpZCI6NDAyMywidXJsIjoiaHR0cHM6XC9cL3ZpYWZhYnJpbGlzLnp3LnBsXC93cC1jb250ZW50XC91cGxvYWRzXC8yMDIzXC8wN1wvMy1Qb2h5YmxpdnktYmV0bGVtLWJyYXRyaS1Ta3JhYmFsa3UtMS5qcGciLCJzbGlkZXNob3ciOiIyZjcwNTFiIn0%3D\" href='https:\/\/viafabrilis.zw.pl\/wp-content\/uploads\/2023\/07\/3-Pohyblivy-betlem-bratri-Skrabalku-1.jpg'><img loading=\"lazy\" decoding=\"async\" width=\"640\" height=\"640\" src=\"https:\/\/viafabrilis.zw.pl\/wp-content\/uploads\/2023\/07\/3-Pohyblivy-betlem-bratri-Skrabalku-1-640x640.jpg\" class=\"attachment-monstroid2-thumb-justify size-monstroid2-thumb-justify\" alt=\"\" aria-describedby=\"gallery-1-4023\" srcset=\"https:\/\/viafabrilis.zw.pl\/wp-content\/uploads\/2023\/07\/3-Pohyblivy-betlem-bratri-Skrabalku-1-640x640.jpg 640w, https:\/\/viafabrilis.zw.pl\/wp-content\/uploads\/2023\/07\/3-Pohyblivy-betlem-bratri-Skrabalku-1-150x150.jpg 150w, https:\/\/viafabrilis.zw.pl\/wp-content\/uploads\/2023\/07\/3-Pohyblivy-betlem-bratri-Skrabalku-1-230x230.jpg 230w, https:\/\/viafabrilis.zw.pl\/wp-content\/uploads\/2023\/07\/3-Pohyblivy-betlem-bratri-Skrabalku-1-400x400.jpg 400w\" sizes=\"(max-width: 640px) 100vw, 640px\" \/><\/a>\n\t\t\t<\/div>\n\t\t\t\t<figcaption class='wp-caption-text gallery-caption' id='gallery-1-4023'>\n\t\t\t\tThe mobile nativity scene by the \u0160krab\u00e1lek brothers\n\t\t\t\t<\/figcaption><\/figure><figure class='gallery-item'>\n\t\t\t<div class='gallery-icon landscape'>\n\t\t\t\t<a data-elementor-open-lightbox=\"yes\" data-elementor-lightbox-slideshow=\"2f7051b\" data-elementor-lightbox-title=\"4 - Pohled do soustruz\u030cnicke\u0301 di\u0301lny v expozici muzea \u2013 s\u030clapaci\u0301 soustruh a soustruz\u030cnicke\u0301 na\u0301stroje z konce 19. stol.\" data-e-action-hash=\"#elementor-action%3Aaction%3Dlightbox%26settings%3DeyJpZCI6NDAyOCwidXJsIjoiaHR0cHM6XC9cL3ZpYWZhYnJpbGlzLnp3LnBsXC93cC1jb250ZW50XC91cGxvYWRzXC8yMDIzXC8wN1wvNC1Qb2hsZWQtZG8tc291c3RydXpuaWNrZS1kaWxueS12LWV4cG96aWNpLW11emVhLVx1MjAxMy1zbGFwYWNpLXNvdXN0cnVoLWEtc291c3RydXpuaWNrZS1uYXN0cm9qZS16LWtvbmNlLTE5Li1zdG9sLmpwZyIsInNsaWRlc2hvdyI6IjJmNzA1MWIifQ%3D%3D\" href='https:\/\/viafabrilis.zw.pl\/wp-content\/uploads\/2023\/07\/4-Pohled-do-soustruznicke-dilny-v-expozici-muzea-\u2013-slapaci-soustruh-a-soustruznicke-nastroje-z-konce-19.-stol.jpg'><img loading=\"lazy\" decoding=\"async\" width=\"640\" height=\"640\" src=\"https:\/\/viafabrilis.zw.pl\/wp-content\/uploads\/2023\/07\/4-Pohled-do-soustruznicke-dilny-v-expozici-muzea-\u2013-slapaci-soustruh-a-soustruznicke-nastroje-z-konce-19.-stol-640x640.jpg\" class=\"attachment-monstroid2-thumb-justify size-monstroid2-thumb-justify\" alt=\"\" aria-describedby=\"gallery-1-4028\" srcset=\"https:\/\/viafabrilis.zw.pl\/wp-content\/uploads\/2023\/07\/4-Pohled-do-soustruznicke-dilny-v-expozici-muzea-\u2013-slapaci-soustruh-a-soustruznicke-nastroje-z-konce-19.-stol-640x640.jpg 640w, https:\/\/viafabrilis.zw.pl\/wp-content\/uploads\/2023\/07\/4-Pohled-do-soustruznicke-dilny-v-expozici-muzea-\u2013-slapaci-soustruh-a-soustruznicke-nastroje-z-konce-19.-stol-150x150.jpg 150w, https:\/\/viafabrilis.zw.pl\/wp-content\/uploads\/2023\/07\/4-Pohled-do-soustruznicke-dilny-v-expozici-muzea-\u2013-slapaci-soustruh-a-soustruznicke-nastroje-z-konce-19.-stol-230x230.jpg 230w, https:\/\/viafabrilis.zw.pl\/wp-content\/uploads\/2023\/07\/4-Pohled-do-soustruznicke-dilny-v-expozici-muzea-\u2013-slapaci-soustruh-a-soustruznicke-nastroje-z-konce-19.-stol-400x400.jpg 400w\" sizes=\"(max-width: 640px) 100vw, 640px\" \/><\/a>\n\t\t\t<\/div>\n\t\t\t\t<figcaption class='wp-caption-text gallery-caption' id='gallery-1-4028'>\n\t\t\t\tView of the turnery workshop at the museum exhibition &#8211; pedal lathe and turning tools from the late 19th century\n\t\t\t\t<\/figcaption><\/figure><figure class='gallery-item'>\n\t\t\t<div class='gallery-icon landscape'>\n\t\t\t\t<a data-elementor-open-lightbox=\"yes\" data-elementor-lightbox-slideshow=\"2f7051b\" data-elementor-lightbox-title=\"5 - Ruc\u030cni\u0301 tkalcovske\u0301 stavy z 2.pol.19.stol. \u2013 c\u030clunkovy\u0301 a kobercovy\u0301\" data-e-action-hash=\"#elementor-action%3Aaction%3Dlightbox%26settings%3DeyJpZCI6NDAzMiwidXJsIjoiaHR0cHM6XC9cL3ZpYWZhYnJpbGlzLnp3LnBsXC93cC1jb250ZW50XC91cGxvYWRzXC8yMDIzXC8wN1wvNS1SdWNuaS10a2FsY292c2tlLXN0YXZ5LXotMi5wb2xfLjE5LnN0b2xfLi1cdTIwMTMtY2x1bmtvdnktYS1rb2JlcmNvdnkuanBnIiwic2xpZGVzaG93IjoiMmY3MDUxYiJ9\" href='https:\/\/viafabrilis.zw.pl\/wp-content\/uploads\/2023\/07\/5-Rucni-tkalcovske-stavy-z-2.pol_.19.stol_.-\u2013-clunkovy-a-kobercovy.jpg'><img loading=\"lazy\" decoding=\"async\" width=\"640\" height=\"640\" src=\"https:\/\/viafabrilis.zw.pl\/wp-content\/uploads\/2023\/07\/5-Rucni-tkalcovske-stavy-z-2.pol_.19.stol_.-\u2013-clunkovy-a-kobercovy-640x640.jpg\" class=\"attachment-monstroid2-thumb-justify size-monstroid2-thumb-justify\" alt=\"\" aria-describedby=\"gallery-1-4032\" srcset=\"https:\/\/viafabrilis.zw.pl\/wp-content\/uploads\/2023\/07\/5-Rucni-tkalcovske-stavy-z-2.pol_.19.stol_.-\u2013-clunkovy-a-kobercovy-640x640.jpg 640w, https:\/\/viafabrilis.zw.pl\/wp-content\/uploads\/2023\/07\/5-Rucni-tkalcovske-stavy-z-2.pol_.19.stol_.-\u2013-clunkovy-a-kobercovy-150x150.jpg 150w, https:\/\/viafabrilis.zw.pl\/wp-content\/uploads\/2023\/07\/5-Rucni-tkalcovske-stavy-z-2.pol_.19.stol_.-\u2013-clunkovy-a-kobercovy-230x230.jpg 230w, https:\/\/viafabrilis.zw.pl\/wp-content\/uploads\/2023\/07\/5-Rucni-tkalcovske-stavy-z-2.pol_.19.stol_.-\u2013-clunkovy-a-kobercovy-400x400.jpg 400w\" sizes=\"(max-width: 640px) 100vw, 640px\" \/><\/a>\n\t\t\t<\/div>\n\t\t\t\t<figcaption class='wp-caption-text gallery-caption' id='gallery-1-4032'>\n\t\t\t\tHandlooms from the second half of the 19th century &#8211; shuttle and carpet types\n\t\t\t\t<\/figcaption><\/figure><figure class='gallery-item'>\n\t\t\t<div class='gallery-icon portrait'>\n\t\t\t\t<a data-elementor-open-lightbox=\"yes\" data-elementor-lightbox-slideshow=\"2f7051b\" data-elementor-lightbox-title=\"6 - Kory\u0301tka uz\u030ci\u0301vana\u0301 pr\u030ci navle\u0301ka\u0301ni\u0301 kora\u0301lku\u030a\" data-e-action-hash=\"#elementor-action%3Aaction%3Dlightbox%26settings%3DeyJpZCI6NDAzNiwidXJsIjoiaHR0cHM6XC9cL3ZpYWZhYnJpbGlzLnp3LnBsXC93cC1jb250ZW50XC91cGxvYWRzXC8yMDIzXC8wN1wvNi1Lb3J5dGthLXV6aXZhbmEtcHJpLW5hdmxla2FuaS1rb3JhbGt1LmpwZyIsInNsaWRlc2hvdyI6IjJmNzA1MWIifQ%3D%3D\" href='https:\/\/viafabrilis.zw.pl\/wp-content\/uploads\/2023\/07\/6-Korytka-uzivana-pri-navlekani-koralku.jpg'><img loading=\"lazy\" decoding=\"async\" width=\"640\" height=\"640\" src=\"https:\/\/viafabrilis.zw.pl\/wp-content\/uploads\/2023\/07\/6-Korytka-uzivana-pri-navlekani-koralku-640x640.jpg\" class=\"attachment-monstroid2-thumb-justify size-monstroid2-thumb-justify\" alt=\"\" aria-describedby=\"gallery-1-4036\" srcset=\"https:\/\/viafabrilis.zw.pl\/wp-content\/uploads\/2023\/07\/6-Korytka-uzivana-pri-navlekani-koralku-640x640.jpg 640w, https:\/\/viafabrilis.zw.pl\/wp-content\/uploads\/2023\/07\/6-Korytka-uzivana-pri-navlekani-koralku-150x150.jpg 150w, https:\/\/viafabrilis.zw.pl\/wp-content\/uploads\/2023\/07\/6-Korytka-uzivana-pri-navlekani-koralku-230x230.jpg 230w, https:\/\/viafabrilis.zw.pl\/wp-content\/uploads\/2023\/07\/6-Korytka-uzivana-pri-navlekani-koralku-400x400.jpg 400w\" sizes=\"(max-width: 640px) 100vw, 640px\" \/><\/a>\n\t\t\t<\/div>\n\t\t\t\t<figcaption class='wp-caption-text gallery-caption' id='gallery-1-4036'>\n\t\t\t\tMini-troughs used for beads stringing\n\t\t\t\t<\/figcaption><\/figure>\n\t\t<\/div>\n\t\t<\/div>\n\t\t\t\t\t\t<\/div>\n\t\t\t\t<\/div>\n\t\t\t\t\t<\/div>\n\t\t<\/div>\n\t\t\t\t\t<\/div>\n\t\t<\/section>\n\t\t\t\t<\/div>\n\t\t","protected":false},"excerpt":{"rendered":"<p>Paseky nad Jizerou 121 512 47 Paseky nad Jizerou Phone: 481 523 609 E-mail: museumpaseky@krnap.cz www.krnap.cz opening hours: Tuesday &#8211; Sunday: 9.00 &#8211; 12.00, 13.00 &#8211; 16.00 closed in November The Museum of Borderland Patriots in Paseky nad Jizerou is housed in a former vicarage. The museum has a sightseeing presentation dedicated to the town [&hellip;]<\/p>\n","protected":false},"author":1,"featured_media":4023,"parent":0,"menu_order":0,"comment_status":"closed","ping_status":"closed","template":"","meta":{"footnotes":""},"class_list":["post-4047","page","type-page","status-publish","has-post-thumbnail","hentry","entry","has-media"],"_links":{"self":[{"href":"https:\/\/viafabrilis.zw.pl\/en\/wp-json\/wp\/v2\/pages\/4047","targetHints":{"allow":["GET"]}}],"collection":[{"href":"https:\/\/viafabrilis.zw.pl\/en\/wp-json\/wp\/v2\/pages"}],"about":[{"href":"https:\/\/viafabrilis.zw.pl\/en\/wp-json\/wp\/v2\/types\/page"}],"author":[{"embeddable":true,"href":"https:\/\/viafabrilis.zw.pl\/en\/wp-json\/wp\/v2\/users\/1"}],"replies":[{"embeddable":true,"href":"https:\/\/viafabrilis.zw.pl\/en\/wp-json\/wp\/v2\/comments?post=4047"}],"version-history":[{"count":6,"href":"https:\/\/viafabrilis.zw.pl\/en\/wp-json\/wp\/v2\/pages\/4047\/revisions"}],"predecessor-version":[{"id":8902,"href":"https:\/\/viafabrilis.zw.pl\/en\/wp-json\/wp\/v2\/pages\/4047\/revisions\/8902"}],"wp:featuredmedia":[{"embeddable":true,"href":"https:\/\/viafabrilis.zw.pl\/en\/wp-json\/wp\/v2\/media\/4023"}],"wp:attachment":[{"href":"https:\/\/viafabrilis.zw.pl\/en\/wp-json\/wp\/v2\/media?parent=4047"}],"curies":[{"name":"wp","href":"https:\/\/api.w.org\/{rel}","templated":true}]}}