{"id":8827,"date":"2023-09-14T09:00:43","date_gmt":"2023-09-14T07:00:43","guid":{"rendered":"https:\/\/viafabrilis.zw.pl\/?page_id=8827"},"modified":"2023-09-14T09:02:48","modified_gmt":"2023-09-14T07:02:48","slug":"klodzko-municipality","status":"publish","type":"page","link":"https:\/\/viafabrilis.zw.pl\/en\/klodzko-municipality\/","title":{"rendered":"K\u0142odzko Municipality"},"content":{"rendered":"\n<p>K\u0142odzko is located in the south of the Lower Silesian<\/p>\n\n\n\n<p>Voivodeship, in the north-eastern part of Kotlina K\u0142odzka, approx.<\/p>\n\n\n\n<p>100 km from Wroc\u0142aw and some 50 km from the Polish-Czech<\/p>\n\n\n\n<p>border. This city of 27,000, situated at the foot of the Bardzkie<\/p>\n\n\n\n<p>Mountains on the Nysa K\u0142odzka River, is the centre of one of the<\/p>\n\n\n\n<p>largest poviats (counties) in Poland. National roads and railway<\/p>\n\n\n\n<p>lines go via K\u0142odzko &#8211; from Wroc\u0142aw towards Mi\u0119dzylesie, Kudowa,<\/p>\n\n\n\n<p>Stronie and Wa\u0142brzych, which makes the city an excellent starting<\/p>\n\n\n\n<p>point for tourists visiting this region of Poland.<\/p>\n\n\n\n<p>The town sits on the border of Silesia and the Czech<\/p>\n\n\n\n<p>Republic, along one of the most important trade routes in Europe<\/p>\n\n\n\n<p>leading from south to north. Historically, that same trail used to be<\/p>\n\n\n\n<p>a branch of the &#8220;amber road&#8221; dating back to the Roman Empire<\/p>\n\n\n\n<p>times. All that is reflected in the city\u2019s long and turbulent history.<\/p>\n\n\n\n<p>K\u0142odzko was granted city rights in the third quarter of the 13th<\/p>\n\n\n\n<p>century, while a fortified township was present much earlier here.<\/p>\n\n\n\n<p>The first chronicle mention dates back to 981, but archaeological<\/p>\n\n\n\n<p>findings allow us to assume that settlement in this place occurred<\/p>\n\n\n\n<p>already in the period of Roman influence. In the 11th century, the<\/p>\n\n\n\n<p>K\u0142odzko Land was the arena of frequent Polish-Czech skirmishes<\/p>\n\n\n\n<p>and armed conflicts, until a peace treaty in 1137 awarded the area<\/p>\n\n\n\n<p>to the rulers of Bohemia.<\/p>\n\n\n\n<p>The periods of robust growth and the flourishing of crafts and<\/p>\n\n\n\n<p>trade placed K\u0142odzko among the region\u2019s richest and most<\/p>\n\n\n\n<p>important towns. The times of splendour resonate in numerous<\/p>\n\n\n\n<p>monuments, well preserved with their high artistic merit: the bridge<\/p>\n\n\n\n<p>on M\u0142yn\u00f3wka and the Assumption of Virgin Mary parish church<\/p>\n\n\n\n<p>from the Gothic period, as well as baroque complexes of the Jesuit<\/p>\n\n\n\n<p>college with boarding school, Franciscan or post-Bernardine<\/p>\n\n\n\n<p>monasteries (now Poor Clares) with temples.<\/p>\n\n\n\n<p>Prosperous centuries were interrupted by violent episodes of<\/p>\n\n\n\n<p>religious armed conflicts. The Hussite Wars (15th century) and the<\/p>\n\n\n\n<p>Thirty Years&#8217; War (17th century) brought great havoc and<\/p>\n\n\n\n<p>destruction to the city which had to recover over following<\/p>\n\n\n\n<p>decades. The 18th and 19th centuries saw the transformation of<\/p>\n\n\n\n<p>K\u0142odzko into a fortified stronghold. The process was initiated by the<\/p>\n\n\n\n<p>Habsburg emperor and continued by Prussian authorities. The<\/p>\n\n\n\n<p>city\u2019s new military functions blocked expansion of the suburbs until<\/p>\n\n\n\n<p>the mid-nineteenth century, and additionally burdened the residents<\/p>\n\n\n\n<p>and local government with extra tax and duties. It was only after<\/p>\n\n\n\n<p>the liquidation of the garrison in 1867 that the urban development<\/p>\n\n\n\n<p>was free to rebound. In fact, the city never regained its former glory.<\/p>\n\n\n\n<p>However, it gained a unique monument of military architecture,<\/p>\n\n\n\n<p>which now attracts crowds of tourists to K\u0142odzko.<\/p>\n","protected":false},"excerpt":{"rendered":"<p>K\u0142odzko is located in the south of the Lower Silesian Voivodeship, in the north-eastern part of Kotlina K\u0142odzka, approx. 100 km from Wroc\u0142aw and some 50 km from the Polish-Czech border. This city of 27,000, situated at the foot of the Bardzkie Mountains on the Nysa K\u0142odzka River, is the centre of one of the [&hellip;]<\/p>\n","protected":false},"author":1,"featured_media":0,"parent":0,"menu_order":0,"comment_status":"closed","ping_status":"closed","template":"","meta":{"footnotes":""},"class_list":["post-8827","page","type-page","status-publish","hentry","entry"],"_links":{"self":[{"href":"https:\/\/viafabrilis.zw.pl\/en\/wp-json\/wp\/v2\/pages\/8827","targetHints":{"allow":["GET"]}}],"collection":[{"href":"https:\/\/viafabrilis.zw.pl\/en\/wp-json\/wp\/v2\/pages"}],"about":[{"href":"https:\/\/viafabrilis.zw.pl\/en\/wp-json\/wp\/v2\/types\/page"}],"author":[{"embeddable":true,"href":"https:\/\/viafabrilis.zw.pl\/en\/wp-json\/wp\/v2\/users\/1"}],"replies":[{"embeddable":true,"href":"https:\/\/viafabrilis.zw.pl\/en\/wp-json\/wp\/v2\/comments?post=8827"}],"version-history":[{"count":1,"href":"https:\/\/viafabrilis.zw.pl\/en\/wp-json\/wp\/v2\/pages\/8827\/revisions"}],"predecessor-version":[{"id":8828,"href":"https:\/\/viafabrilis.zw.pl\/en\/wp-json\/wp\/v2\/pages\/8827\/revisions\/8828"}],"wp:attachment":[{"href":"https:\/\/viafabrilis.zw.pl\/en\/wp-json\/wp\/v2\/media?parent=8827"}],"curies":[{"name":"wp","href":"https:\/\/api.w.org\/{rel}","templated":true}]}}