{"id":8831,"date":"2023-09-14T09:06:28","date_gmt":"2023-09-14T07:06:28","guid":{"rendered":"https:\/\/viafabrilis.zw.pl\/?page_id=8831"},"modified":"2023-09-14T09:06:32","modified_gmt":"2023-09-14T07:06:32","slug":"muzeum-ceramiki-w-boleslawcu","status":"publish","type":"page","link":"https:\/\/viafabrilis.zw.pl\/en\/muzeum-ceramiki-w-boleslawcu\/","title":{"rendered":"Muzeum Ceramiki w Boles\u0142awcu"},"content":{"rendered":"\n<p>Na pocz\u0105tku 2024 r. planowane jest otwarcie nowej siedziby Muzeum Ceramiki w zabytkowym neogotyckim pa\u0142acu Pucklera przy ul. Zgorzeleckiej 28\/29, w kt\u00f3rym ko\u0144czone s\u0105 prace budowlano-adaptacyjne. Do ko\u0144ca 2022 r. Muzeum Ceramiki w Boles\u0142awcu mie\u015bci\u0142o si\u0119 w dw\u00f3ch budynkach po\u0142o\u017conych w r\u00f3\u017cnych lokalizacjach w centrum miasta. Dzia\u0142 Ceramiki znajdowa\u0142 si\u0119 przy ul. A. Mickiewicza 13, a&nbsp; Dzia\u0142 Historii Miasta &#8211; przy ul. M. Kutuzowa 14.<\/p>\n\n\n\n<p>Budynek Dzia\u0142u Ceramiki by\u0142 pierwotnie siedzib\u0105 Muzeum Miejskiego w Boles\u0142awcu, za\u0142o\u017conego w 1908 r. Po II wojnie \u015bwiatowej plac\u00f3wka zosta\u0142a wznowi\u0142a dzia\u0142alno\u015b\u0107 w 1950 r. We wsp\u00f3\u0142pracy z Muzeum \u015al\u0105skim we Wroc\u0142awiu przygotowano trzy wystawy sta\u0142e: archeologiczn\u0105, ilustruj\u0105c\u0105 najdawniejsze dzieje \u015al\u0105ska, sztuki ludowej okolic Boles\u0142awca oraz ceramiki z uwzgl\u0119dnieniem techniki produkcji. W 1968 r. instytucji nadano nazw\u0119 Muzeum Ceramiki, okre\u015blaj\u0105c przy tym precyzyjnie profil zbior\u00f3w: materia\u0142y z dziedziny historii Boles\u0142awca i ziemi boles\u0142awieckiej oraz historii rozwoju ceramiki boles\u0142awieckiej, a tak\u017ce wsp\u00f3\u0142czesna rze\u017aba ceramiczna autorstwa artyst\u00f3w uczestnicz\u0105cych w boles\u0142awieckich plenerach ceramiczno-rze\u017abiarskich.<\/p>\n\n\n\n<p><a><\/a>W budynku, w kt\u00f3rym mie\u015bci\u0142 si\u0119 Dzia\u0142 Historii Miasta, w latach 1945 &#8211; 1991 mie\u015bci\u0142o si\u0119 Muzeum Kutuzowa, administrowane przez Rosjan. Nowa plac\u00f3wka Muzeum Ceramiki zosta\u0142a w nim uruchomiona w 1995 r. Pocz\u0105tkowo prezentowano w nim wystawy czasowe przedstawiaj\u0105ce wybrane zagadnienia z dziej\u00f3w miasta. W sierpniu 2009 r. otwarto sta\u0142\u0105 ekspozycj\u0119 po\u015bwi\u0119con\u0105 historii Boles\u0142awca i regionu. Obecnie budynek ten jest przebudowywany na pracowni\u0119 ceramiczno-garncarsk\u0105, w kt\u00f3rej b\u0119d\u0105 prowadzone zaj\u0119cia warsztaty i zaj\u0119cia praktyczne z tworzenia i dekorowania ceramiki dla uczestnik\u00f3w o r\u00f3\u017cnym poziomie zaawansowania.<\/p>\n\n\n\n<p>Muzeum Ceramiki w Boles\u0142awcu jest samorz\u0105dow\u0105 instytucj\u0105 kultury posiadaj\u0105c\u0105 osobowo\u015b\u0107 prawn\u0105, kt\u00f3rej organizatorem jest Gmina Miejska Boles\u0142awiec. Og\u00f3lny nadz\u00f3r nad muzeum sprawuje minister w\u0142a\u015bciwy do spraw kultury i ochrony dziedzictwa narodowego, a bezpo\u015bredni Prezydent Miasta Boles\u0142awiec<\/p>\n","protected":false},"excerpt":{"rendered":"<p>Na pocz\u0105tku 2024 r. planowane jest otwarcie nowej siedziby Muzeum Ceramiki w zabytkowym neogotyckim pa\u0142acu Pucklera przy ul. Zgorzeleckiej 28\/29, w kt\u00f3rym ko\u0144czone s\u0105 prace budowlano-adaptacyjne. Do ko\u0144ca 2022 r. Muzeum Ceramiki w Boles\u0142awcu mie\u015bci\u0142o si\u0119 w dw\u00f3ch budynkach po\u0142o\u017conych w r\u00f3\u017cnych lokalizacjach w centrum miasta. Dzia\u0142 Ceramiki znajdowa\u0142 si\u0119 przy ul. A. Mickiewicza 13, [&hellip;]<\/p>\n","protected":false},"author":1,"featured_media":0,"parent":0,"menu_order":0,"comment_status":"closed","ping_status":"closed","template":"","meta":{"footnotes":""},"class_list":["post-8831","page","type-page","status-publish","hentry","entry"],"_links":{"self":[{"href":"https:\/\/viafabrilis.zw.pl\/en\/wp-json\/wp\/v2\/pages\/8831","targetHints":{"allow":["GET"]}}],"collection":[{"href":"https:\/\/viafabrilis.zw.pl\/en\/wp-json\/wp\/v2\/pages"}],"about":[{"href":"https:\/\/viafabrilis.zw.pl\/en\/wp-json\/wp\/v2\/types\/page"}],"author":[{"embeddable":true,"href":"https:\/\/viafabrilis.zw.pl\/en\/wp-json\/wp\/v2\/users\/1"}],"replies":[{"embeddable":true,"href":"https:\/\/viafabrilis.zw.pl\/en\/wp-json\/wp\/v2\/comments?post=8831"}],"version-history":[{"count":1,"href":"https:\/\/viafabrilis.zw.pl\/en\/wp-json\/wp\/v2\/pages\/8831\/revisions"}],"predecessor-version":[{"id":8832,"href":"https:\/\/viafabrilis.zw.pl\/en\/wp-json\/wp\/v2\/pages\/8831\/revisions\/8832"}],"wp:attachment":[{"href":"https:\/\/viafabrilis.zw.pl\/en\/wp-json\/wp\/v2\/media?parent=8831"}],"curies":[{"name":"wp","href":"https:\/\/api.w.org\/{rel}","templated":true}]}}