{"id":8989,"date":"2023-07-15T14:53:45","date_gmt":"2023-07-15T12:53:45","guid":{"rendered":"https:\/\/viafabrilis.zw.pl\/?page_id=8989"},"modified":"2023-09-20T13:57:36","modified_gmt":"2023-09-20T11:57:36","slug":"the-forest-glassworks-in-szklarska-poreba","status":"publish","type":"page","link":"https:\/\/viafabrilis.zw.pl\/en\/the-forest-glassworks-in-szklarska-poreba\/","title":{"rendered":"The Forest Glassworks in Szklarska Por\u0119ba"},"content":{"rendered":"\t\t<div data-elementor-type=\"wp-page\" data-elementor-id=\"8989\" class=\"elementor elementor-8989\" data-elementor-post-type=\"page\">\n\t\t\t\t\t\t<section class=\"elementor-section elementor-top-section elementor-element elementor-element-b6250ea elementor-section-boxed elementor-section-height-default elementor-section-height-default\" data-id=\"b6250ea\" data-element_type=\"section\" data-settings=\"{&quot;jet_parallax_layout_list&quot;:[]}\">\n\t\t\t\t\t\t<div class=\"elementor-container elementor-column-gap-default\">\n\t\t\t\t\t<div class=\"elementor-column elementor-col-33 elementor-top-column elementor-element elementor-element-3b86a97\" data-id=\"3b86a97\" data-element_type=\"column\">\n\t\t\t<div class=\"elementor-widget-wrap elementor-element-populated\">\n\t\t\t\t\t\t<div class=\"elementor-element elementor-element-1ff8bfc elementor-widget elementor-widget-text-editor\" data-id=\"1ff8bfc\" data-element_type=\"widget\" data-widget_type=\"text-editor.default\">\n\t\t\t\t<div class=\"elementor-widget-container\">\n\t\t\t\t\t\t\t\t\t<p class=\"MsoNormal\" align=\"center\" style=\"margin: 0cm 0cm 0.0001pt; font-size: 12pt; font-family: &quot;Liberation Serif&quot;, serif; color: rgb(0, 0, 0); text-align: center; line-height: 18.4px;\"><span style=\"font-family: TimesNewRomanPSMT;\">2 Ko\u0142\u0142\u0105taja st.<\/span><o:p><\/o:p><\/p><p class=\"MsoNormal\" align=\"center\" style=\"margin: 0cm 0cm 0.0001pt; font-size: 12pt; font-family: &quot;Liberation Serif&quot;, serif; color: rgb(0, 0, 0); text-align: center; line-height: 18.4px;\"><span style=\"font-family: TimesNewRomanPSMT;\">58-580 Szklarska Por\u0119ba<\/span><o:p><\/o:p><\/p><p class=\"MsoNormal\" align=\"center\" style=\"margin: 0cm 0cm 0.0001pt; font-size: 12pt; font-family: &quot;Liberation Serif&quot;, serif; color: rgb(0, 0, 0); text-align: center; line-height: 18.4px;\"><span style=\"font-family: TimesNewRomanPSMT;\">phone: +48 75 717 23 03<o:p><\/o:p><\/span><\/p><p class=\"MsoNormal\" align=\"center\" style=\"margin: 0cm 0cm 0.0001pt; font-size: 12pt; font-family: &quot;Liberation Serif&quot;, serif; color: rgb(0, 0, 0); text-align: center; line-height: 18.4px;\"><span lang=\"EN-US\" style=\"font-family: TimesNewRomanPSMT;\">e-mail: lesnahuta1@wp.pl<o:p><\/o:p><\/span><\/p><p class=\"MsoNormal\" align=\"center\" style=\"margin: 0cm 0cm 0.0001pt; font-size: 12pt; font-family: &quot;Liberation Serif&quot;, serif; color: rgb(0, 0, 0); text-align: center; line-height: 18.4px;\"><span lang=\"EN-US\" style=\"font-family: TimesNewRomanPSMT;\">www.lesnahuta.pl<o:p><\/o:p><\/span><\/p><p class=\"MsoNormal\" align=\"center\" style=\"margin: 0cm 0cm 0.0001pt; font-size: 12pt; font-family: &quot;Liberation Serif&quot;, serif; color: rgb(0, 0, 0); text-align: center; line-height: 18.4px;\"><span lang=\"EN-US\">&nbsp;<\/span><\/p><p class=\"MsoNormal\" align=\"center\" style=\"margin: 0cm 0cm 0.0001pt; font-size: 12pt; font-family: &quot;Liberation Serif&quot;, serif; color: rgb(0, 0, 0); text-align: center; line-height: 18.4px;\"><b><span lang=\"EN-US\" style=\"font-family: TimesNewRomanPSMT;\">opening hours:<o:p><\/o:p><\/span><\/b><\/p><p class=\"MsoNormal\" align=\"center\" style=\"margin: 0cm 0cm 0.0001pt; font-size: 12pt; font-family: &quot;Liberation Serif&quot;, serif; color: rgb(0, 0, 0); text-align: center; line-height: 18.4px;\"><span lang=\"EN-US\" style=\"font-family: TimesNewRomanPSMT;\">Tuesday &#8211; Saturday: 10.00-14.00, 14.30-18.00<o:p><\/o:p><\/span><\/p>\n<div><span style=\"font-size:12pt;font-family:'Times New Roman';color:#000000;background-color:transparent;font-weight:400;font-style:normal;font-variant:normal;text-decoration:none;vertical-align:baseline;white-space:pre;white-space:pre-wrap;\"><br><\/span><\/div>\t\t\t\t\t\t\t\t<\/div>\n\t\t\t\t<\/div>\n\t\t\t\t\t<\/div>\n\t\t<\/div>\n\t\t\t\t<div class=\"elementor-column elementor-col-33 elementor-top-column elementor-element elementor-element-cd6ca79\" data-id=\"cd6ca79\" data-element_type=\"column\">\n\t\t\t<div class=\"elementor-widget-wrap elementor-element-populated\">\n\t\t\t\t\t\t<div class=\"elementor-element elementor-element-45c70a5 elementor-widget elementor-widget-image\" data-id=\"45c70a5\" data-element_type=\"widget\" data-widget_type=\"image.default\">\n\t\t\t\t<div class=\"elementor-widget-container\">\n\t\t\t\t\t\t\t\t\t\t\t\t\t\t\t<img fetchpriority=\"high\" decoding=\"async\" width=\"1024\" height=\"682\" src=\"https:\/\/viafabrilis.zw.pl\/wp-content\/uploads\/2023\/07\/Kopia-5-Przyklad-wspolczesnej-produkcji-huty-1024x682.jpg\" class=\"attachment-large size-large wp-image-4537\" alt=\"\" srcset=\"https:\/\/viafabrilis.zw.pl\/wp-content\/uploads\/2023\/07\/Kopia-5-Przyklad-wspolczesnej-produkcji-huty-1024x682.jpg 1024w, https:\/\/viafabrilis.zw.pl\/wp-content\/uploads\/2023\/07\/Kopia-5-Przyklad-wspolczesnej-produkcji-huty-300x200.jpg 300w, https:\/\/viafabrilis.zw.pl\/wp-content\/uploads\/2023\/07\/Kopia-5-Przyklad-wspolczesnej-produkcji-huty-768x511.jpg 768w, https:\/\/viafabrilis.zw.pl\/wp-content\/uploads\/2023\/07\/Kopia-5-Przyklad-wspolczesnej-produkcji-huty-1536x1023.jpg 1536w, https:\/\/viafabrilis.zw.pl\/wp-content\/uploads\/2023\/07\/Kopia-5-Przyklad-wspolczesnej-produkcji-huty-600x400.jpg 600w, https:\/\/viafabrilis.zw.pl\/wp-content\/uploads\/2023\/07\/Kopia-5-Przyklad-wspolczesnej-produkcji-huty.jpg 1622w\" sizes=\"(max-width: 1024px) 100vw, 1024px\" \/>\t\t\t\t\t\t\t\t\t\t\t\t\t\t\t<\/div>\n\t\t\t\t<\/div>\n\t\t\t\t\t<\/div>\n\t\t<\/div>\n\t\t\t\t<div class=\"elementor-column elementor-col-33 elementor-top-column elementor-element elementor-element-6d602b2\" data-id=\"6d602b2\" data-element_type=\"column\">\n\t\t\t<div class=\"elementor-widget-wrap elementor-element-populated\">\n\t\t\t\t\t\t<div class=\"elementor-element elementor-element-0af7556 elementor-widget elementor-widget-image\" data-id=\"0af7556\" data-element_type=\"widget\" data-widget_type=\"image.default\">\n\t\t\t\t<div class=\"elementor-widget-container\">\n\t\t\t\t\t\t\t\t\t\t\t\t\t\t\t<img decoding=\"async\" width=\"1000\" height=\"665\" src=\"https:\/\/viafabrilis.zw.pl\/wp-content\/uploads\/2023\/07\/Kopia-1-Sklep-ze-szklanymi-wyrobami-przy-Lesnej-Hucie-1.jpg\" class=\"attachment-large size-large wp-image-4541\" alt=\"\" srcset=\"https:\/\/viafabrilis.zw.pl\/wp-content\/uploads\/2023\/07\/Kopia-1-Sklep-ze-szklanymi-wyrobami-przy-Lesnej-Hucie-1.jpg 1000w, https:\/\/viafabrilis.zw.pl\/wp-content\/uploads\/2023\/07\/Kopia-1-Sklep-ze-szklanymi-wyrobami-przy-Lesnej-Hucie-1-300x200.jpg 300w, https:\/\/viafabrilis.zw.pl\/wp-content\/uploads\/2023\/07\/Kopia-1-Sklep-ze-szklanymi-wyrobami-przy-Lesnej-Hucie-1-768x511.jpg 768w, https:\/\/viafabrilis.zw.pl\/wp-content\/uploads\/2023\/07\/Kopia-1-Sklep-ze-szklanymi-wyrobami-przy-Lesnej-Hucie-1-600x399.jpg 600w\" sizes=\"(max-width: 1000px) 100vw, 1000px\" \/>\t\t\t\t\t\t\t\t\t\t\t\t\t\t\t<\/div>\n\t\t\t\t<\/div>\n\t\t\t\t\t<\/div>\n\t\t<\/div>\n\t\t\t\t\t<\/div>\n\t\t<\/section>\n\t\t\t\t<section class=\"elementor-section elementor-top-section elementor-element elementor-element-b02944f elementor-section-boxed elementor-section-height-default elementor-section-height-default\" data-id=\"b02944f\" data-element_type=\"section\" data-settings=\"{&quot;jet_parallax_layout_list&quot;:[]}\">\n\t\t\t\t\t\t<div class=\"elementor-container elementor-column-gap-default\">\n\t\t\t\t\t<div class=\"elementor-column elementor-col-100 elementor-top-column elementor-element elementor-element-fd66769\" data-id=\"fd66769\" data-element_type=\"column\">\n\t\t\t<div class=\"elementor-widget-wrap elementor-element-populated\">\n\t\t\t\t\t\t<div class=\"elementor-element elementor-element-5a5e18e elementor-widget elementor-widget-text-editor\" data-id=\"5a5e18e\" data-element_type=\"widget\" data-widget_type=\"text-editor.default\">\n\t\t\t\t<div class=\"elementor-widget-container\">\n\t\t\t\t\t\t\t\t\t<p>The Forest Glassworks (Le\u015bna Huta) in Szklarska Por\u0119ba was established in 1989 and initially dealt with the production and grinding of household glass. Its founder, Henryk \u0141ubkowski, decided to use his many years of experience gained at &#8220;Julia&#8221; Crystal Glassworks and create a private company that continues the centuries-old glassmaking traditions of the region, dating back to the 14th century. The glassworks produces unique forms and vessels of truly characteristic design. The first products were beer mugs, over time the range was expanded to include vases, candlesticks, bowls and small glass accessories. Thanks to the fact that the mass-coloured glass is formed by hand, the products are marked with a really unique character.<\/p><p>\u00a0<\/p><p>Located at the foot of the Karkonosze Mountains, the plant is also open to tourists. On site, you can watch traditional glass blowing and hand-forming demonstrations, prepared by experienced glassmakers. It is a unique spectacle with the participation of light, colour and the molten glass. Old juggling tools and moulds are used in the glassworks, which gives the items produced here an added value of traditional, perfection-driven craftsmanship.<\/p><p>\u00a0<\/p><p>There is a company store on the site, where the entire range of glass products is available. Karczma Hutnika restaurant is located right next door.<\/p>\t\t\t\t\t\t\t\t<\/div>\n\t\t\t\t<\/div>\n\t\t\t\t\t<\/div>\n\t\t<\/div>\n\t\t\t\t\t<\/div>\n\t\t<\/section>\n\t\t\t\t<section class=\"elementor-section elementor-top-section elementor-element elementor-element-a2e0417 elementor-section-boxed elementor-section-height-default elementor-section-height-default\" data-id=\"a2e0417\" data-element_type=\"section\" data-settings=\"{&quot;jet_parallax_layout_list&quot;:[]}\">\n\t\t\t\t\t\t<div class=\"elementor-container elementor-column-gap-default\">\n\t\t\t\t\t<div class=\"elementor-column elementor-col-100 elementor-top-column elementor-element elementor-element-c896a46\" data-id=\"c896a46\" data-element_type=\"column\">\n\t\t\t<div class=\"elementor-widget-wrap elementor-element-populated\">\n\t\t\t\t\t\t<div class=\"elementor-element elementor-element-eb3fb6d elementor-widget elementor-widget-image-gallery\" data-id=\"eb3fb6d\" data-element_type=\"widget\" data-widget_type=\"image-gallery.default\">\n\t\t\t\t<div class=\"elementor-widget-container\">\n\t\t\t\t\t\t\t<div class=\"elementor-image-gallery\">\n\t\t\t<div id='gallery-1' class='gallery galleryid-8989 gallery-columns-4 gallery-size-monstroid2-thumb-justify'><figure class='gallery-item'>\n\t\t\t<div class='gallery-icon landscape'>\n\t\t\t\t<a data-elementor-open-lightbox=\"yes\" data-elementor-lightbox-slideshow=\"eb3fb6d\" data-elementor-lightbox-title=\"1 - Sklep ze szklanymi wyrobami przy Les\u0301nej Hucie\" data-e-action-hash=\"#elementor-action%3Aaction%3Dlightbox%26settings%3DeyJpZCI6NDU0NywidXJsIjoiaHR0cHM6XC9cL3ZpYWZhYnJpbGlzLnp3LnBsXC93cC1jb250ZW50XC91cGxvYWRzXC8yMDIzXC8wN1wvMS1Ta2xlcC16ZS1zemtsYW55bWktd3lyb2JhbWktcHJ6eS1MZXNuZWotSHVjaWUuanBnIiwic2xpZGVzaG93IjoiZWIzZmI2ZCJ9\" href='https:\/\/viafabrilis.zw.pl\/wp-content\/uploads\/2023\/07\/1-Sklep-ze-szklanymi-wyrobami-przy-Lesnej-Hucie.jpg'><img decoding=\"async\" width=\"640\" height=\"640\" src=\"https:\/\/viafabrilis.zw.pl\/wp-content\/uploads\/2023\/07\/1-Sklep-ze-szklanymi-wyrobami-przy-Lesnej-Hucie-640x640.jpg\" class=\"attachment-monstroid2-thumb-justify size-monstroid2-thumb-justify\" alt=\"\" aria-describedby=\"gallery-1-4547\" srcset=\"https:\/\/viafabrilis.zw.pl\/wp-content\/uploads\/2023\/07\/1-Sklep-ze-szklanymi-wyrobami-przy-Lesnej-Hucie-640x640.jpg 640w, https:\/\/viafabrilis.zw.pl\/wp-content\/uploads\/2023\/07\/1-Sklep-ze-szklanymi-wyrobami-przy-Lesnej-Hucie-150x150.jpg 150w, https:\/\/viafabrilis.zw.pl\/wp-content\/uploads\/2023\/07\/1-Sklep-ze-szklanymi-wyrobami-przy-Lesnej-Hucie-230x230.jpg 230w, https:\/\/viafabrilis.zw.pl\/wp-content\/uploads\/2023\/07\/1-Sklep-ze-szklanymi-wyrobami-przy-Lesnej-Hucie-400x400.jpg 400w\" sizes=\"(max-width: 640px) 100vw, 640px\" \/><\/a>\n\t\t\t<\/div>\n\t\t\t\t<figcaption class='wp-caption-text gallery-caption' id='gallery-1-4547'>\n\t\t\t\tThe glassware store at Le\u015bna Huta\n\t\t\t\t<\/figcaption><\/figure><figure class='gallery-item'>\n\t\t\t<div class='gallery-icon portrait'>\n\t\t\t\t<a data-elementor-open-lightbox=\"yes\" data-elementor-lightbox-slideshow=\"eb3fb6d\" data-elementor-lightbox-title=\"2 - Re\u0328czne formowanie szk\u0142a\" data-e-action-hash=\"#elementor-action%3Aaction%3Dlightbox%26settings%3DeyJpZCI6NDU1MSwidXJsIjoiaHR0cHM6XC9cL3ZpYWZhYnJpbGlzLnp3LnBsXC93cC1jb250ZW50XC91cGxvYWRzXC8yMDIzXC8wN1wvMi1SZWN6bmUtZm9ybW93YW5pZS1zemtsYS5qcGciLCJzbGlkZXNob3ciOiJlYjNmYjZkIn0%3D\" href='https:\/\/viafabrilis.zw.pl\/wp-content\/uploads\/2023\/07\/2-Reczne-formowanie-szkla.jpg'><img loading=\"lazy\" decoding=\"async\" width=\"640\" height=\"640\" src=\"https:\/\/viafabrilis.zw.pl\/wp-content\/uploads\/2023\/07\/2-Reczne-formowanie-szkla-640x640.jpg\" class=\"attachment-monstroid2-thumb-justify size-monstroid2-thumb-justify\" alt=\"\" aria-describedby=\"gallery-1-4551\" srcset=\"https:\/\/viafabrilis.zw.pl\/wp-content\/uploads\/2023\/07\/2-Reczne-formowanie-szkla-640x640.jpg 640w, https:\/\/viafabrilis.zw.pl\/wp-content\/uploads\/2023\/07\/2-Reczne-formowanie-szkla-150x150.jpg 150w, https:\/\/viafabrilis.zw.pl\/wp-content\/uploads\/2023\/07\/2-Reczne-formowanie-szkla-230x230.jpg 230w, https:\/\/viafabrilis.zw.pl\/wp-content\/uploads\/2023\/07\/2-Reczne-formowanie-szkla-400x400.jpg 400w\" sizes=\"(max-width: 640px) 100vw, 640px\" \/><\/a>\n\t\t\t<\/div>\n\t\t\t\t<figcaption class='wp-caption-text gallery-caption' id='gallery-1-4551'>\n\t\t\t\tManual glass forming\n\t\t\t\t<\/figcaption><\/figure><figure class='gallery-item'>\n\t\t\t<div class='gallery-icon portrait'>\n\t\t\t\t<a data-elementor-open-lightbox=\"yes\" data-elementor-lightbox-slideshow=\"eb3fb6d\" data-elementor-lightbox-title=\"3 - Przyk\u0142ad wspo\u0301\u0142czesnej produkcji huty\" data-e-action-hash=\"#elementor-action%3Aaction%3Dlightbox%26settings%3DeyJpZCI6NDU1NSwidXJsIjoiaHR0cHM6XC9cL3ZpYWZhYnJpbGlzLnp3LnBsXC93cC1jb250ZW50XC91cGxvYWRzXC8yMDIzXC8wN1wvMy1Qcnp5a2xhZC13c3BvbGN6ZXNuZWotcHJvZHVrY2ppLWh1dHkuanBnIiwic2xpZGVzaG93IjoiZWIzZmI2ZCJ9\" href='https:\/\/viafabrilis.zw.pl\/wp-content\/uploads\/2023\/07\/3-Przyklad-wspolczesnej-produkcji-huty.jpg'><img loading=\"lazy\" decoding=\"async\" width=\"640\" height=\"640\" src=\"https:\/\/viafabrilis.zw.pl\/wp-content\/uploads\/2023\/07\/3-Przyklad-wspolczesnej-produkcji-huty-640x640.jpg\" class=\"attachment-monstroid2-thumb-justify size-monstroid2-thumb-justify\" alt=\"\" aria-describedby=\"gallery-1-4555\" srcset=\"https:\/\/viafabrilis.zw.pl\/wp-content\/uploads\/2023\/07\/3-Przyklad-wspolczesnej-produkcji-huty-640x640.jpg 640w, https:\/\/viafabrilis.zw.pl\/wp-content\/uploads\/2023\/07\/3-Przyklad-wspolczesnej-produkcji-huty-150x150.jpg 150w, https:\/\/viafabrilis.zw.pl\/wp-content\/uploads\/2023\/07\/3-Przyklad-wspolczesnej-produkcji-huty-230x230.jpg 230w, https:\/\/viafabrilis.zw.pl\/wp-content\/uploads\/2023\/07\/3-Przyklad-wspolczesnej-produkcji-huty-400x400.jpg 400w\" sizes=\"(max-width: 640px) 100vw, 640px\" \/><\/a>\n\t\t\t<\/div>\n\t\t\t\t<figcaption class='wp-caption-text gallery-caption' id='gallery-1-4555'>\n\t\t\t\tContemporary products of the glassworks\n\t\t\t\t<\/figcaption><\/figure><figure class='gallery-item'>\n\t\t\t<div class='gallery-icon landscape'>\n\t\t\t\t<a data-elementor-open-lightbox=\"yes\" data-elementor-lightbox-slideshow=\"eb3fb6d\" data-elementor-lightbox-title=\"4 - Przyk\u0142ad wspo\u0301\u0142czesnej produkcji huty\" data-e-action-hash=\"#elementor-action%3Aaction%3Dlightbox%26settings%3DeyJpZCI6NDU1OSwidXJsIjoiaHR0cHM6XC9cL3ZpYWZhYnJpbGlzLnp3LnBsXC93cC1jb250ZW50XC91cGxvYWRzXC8yMDIzXC8wN1wvNC1Qcnp5a2xhZC13c3BvbGN6ZXNuZWotcHJvZHVrY2ppLWh1dHkuanBnIiwic2xpZGVzaG93IjoiZWIzZmI2ZCJ9\" href='https:\/\/viafabrilis.zw.pl\/wp-content\/uploads\/2023\/07\/4-Przyklad-wspolczesnej-produkcji-huty.jpg'><img loading=\"lazy\" decoding=\"async\" width=\"640\" height=\"640\" src=\"https:\/\/viafabrilis.zw.pl\/wp-content\/uploads\/2023\/07\/4-Przyklad-wspolczesnej-produkcji-huty-640x640.jpg\" class=\"attachment-monstroid2-thumb-justify size-monstroid2-thumb-justify\" alt=\"\" aria-describedby=\"gallery-1-4559\" srcset=\"https:\/\/viafabrilis.zw.pl\/wp-content\/uploads\/2023\/07\/4-Przyklad-wspolczesnej-produkcji-huty-640x640.jpg 640w, https:\/\/viafabrilis.zw.pl\/wp-content\/uploads\/2023\/07\/4-Przyklad-wspolczesnej-produkcji-huty-150x150.jpg 150w, https:\/\/viafabrilis.zw.pl\/wp-content\/uploads\/2023\/07\/4-Przyklad-wspolczesnej-produkcji-huty-230x230.jpg 230w, https:\/\/viafabrilis.zw.pl\/wp-content\/uploads\/2023\/07\/4-Przyklad-wspolczesnej-produkcji-huty-400x400.jpg 400w\" sizes=\"(max-width: 640px) 100vw, 640px\" \/><\/a>\n\t\t\t<\/div>\n\t\t\t\t<figcaption class='wp-caption-text gallery-caption' id='gallery-1-4559'>\n\t\t\t\tContemporary products of the glassworks\n\t\t\t\t<\/figcaption><\/figure><figure class='gallery-item'>\n\t\t\t<div class='gallery-icon landscape'>\n\t\t\t\t<a data-elementor-open-lightbox=\"yes\" data-elementor-lightbox-slideshow=\"eb3fb6d\" data-elementor-lightbox-title=\"5 - Przyk\u0142ad wspo\u0301\u0142czesnej produkcji huty\" data-e-action-hash=\"#elementor-action%3Aaction%3Dlightbox%26settings%3DeyJpZCI6NDU2NCwidXJsIjoiaHR0cHM6XC9cL3ZpYWZhYnJpbGlzLnp3LnBsXC93cC1jb250ZW50XC91cGxvYWRzXC8yMDIzXC8wN1wvNS1Qcnp5a2xhZC13c3BvbGN6ZXNuZWotcHJvZHVrY2ppLWh1dHkuanBnIiwic2xpZGVzaG93IjoiZWIzZmI2ZCJ9\" href='https:\/\/viafabrilis.zw.pl\/wp-content\/uploads\/2023\/07\/5-Przyklad-wspolczesnej-produkcji-huty.jpg'><img loading=\"lazy\" decoding=\"async\" width=\"640\" height=\"640\" src=\"https:\/\/viafabrilis.zw.pl\/wp-content\/uploads\/2023\/07\/5-Przyklad-wspolczesnej-produkcji-huty-640x640.jpg\" class=\"attachment-monstroid2-thumb-justify size-monstroid2-thumb-justify\" alt=\"\" aria-describedby=\"gallery-1-4564\" srcset=\"https:\/\/viafabrilis.zw.pl\/wp-content\/uploads\/2023\/07\/5-Przyklad-wspolczesnej-produkcji-huty-640x640.jpg 640w, https:\/\/viafabrilis.zw.pl\/wp-content\/uploads\/2023\/07\/5-Przyklad-wspolczesnej-produkcji-huty-150x150.jpg 150w, https:\/\/viafabrilis.zw.pl\/wp-content\/uploads\/2023\/07\/5-Przyklad-wspolczesnej-produkcji-huty-230x230.jpg 230w, https:\/\/viafabrilis.zw.pl\/wp-content\/uploads\/2023\/07\/5-Przyklad-wspolczesnej-produkcji-huty-400x400.jpg 400w\" sizes=\"(max-width: 640px) 100vw, 640px\" \/><\/a>\n\t\t\t<\/div>\n\t\t\t\t<figcaption class='wp-caption-text gallery-caption' id='gallery-1-4564'>\n\t\t\t\tContemporary products of the glassworks\n\t\t\t\t<\/figcaption><\/figure><figure class='gallery-item'>\n\t\t\t<div class='gallery-icon portrait'>\n\t\t\t\t<a data-elementor-open-lightbox=\"yes\" data-elementor-lightbox-slideshow=\"eb3fb6d\" data-elementor-lightbox-title=\"6 - Przyk\u0142ad wspo\u0301\u0142czesnej produkcji huty\" data-e-action-hash=\"#elementor-action%3Aaction%3Dlightbox%26settings%3DeyJpZCI6NDU2OCwidXJsIjoiaHR0cHM6XC9cL3ZpYWZhYnJpbGlzLnp3LnBsXC93cC1jb250ZW50XC91cGxvYWRzXC8yMDIzXC8wN1wvNi1Qcnp5a2xhZC13c3BvbGN6ZXNuZWotcHJvZHVrY2ppLWh1dHkuanBnIiwic2xpZGVzaG93IjoiZWIzZmI2ZCJ9\" href='https:\/\/viafabrilis.zw.pl\/wp-content\/uploads\/2023\/07\/6-Przyklad-wspolczesnej-produkcji-huty.jpg'><img loading=\"lazy\" decoding=\"async\" width=\"640\" height=\"640\" src=\"https:\/\/viafabrilis.zw.pl\/wp-content\/uploads\/2023\/07\/6-Przyklad-wspolczesnej-produkcji-huty-640x640.jpg\" class=\"attachment-monstroid2-thumb-justify size-monstroid2-thumb-justify\" alt=\"\" aria-describedby=\"gallery-1-4568\" srcset=\"https:\/\/viafabrilis.zw.pl\/wp-content\/uploads\/2023\/07\/6-Przyklad-wspolczesnej-produkcji-huty-640x640.jpg 640w, https:\/\/viafabrilis.zw.pl\/wp-content\/uploads\/2023\/07\/6-Przyklad-wspolczesnej-produkcji-huty-150x150.jpg 150w, https:\/\/viafabrilis.zw.pl\/wp-content\/uploads\/2023\/07\/6-Przyklad-wspolczesnej-produkcji-huty-230x230.jpg 230w, https:\/\/viafabrilis.zw.pl\/wp-content\/uploads\/2023\/07\/6-Przyklad-wspolczesnej-produkcji-huty-400x400.jpg 400w\" sizes=\"(max-width: 640px) 100vw, 640px\" \/><\/a>\n\t\t\t<\/div>\n\t\t\t\t<figcaption class='wp-caption-text gallery-caption' id='gallery-1-4568'>\n\t\t\t\tContemporary products of the glassworks\n\t\t\t\t<\/figcaption><\/figure>\n\t\t<\/div>\n\t\t<\/div>\n\t\t\t\t\t\t<\/div>\n\t\t\t\t<\/div>\n\t\t\t\t\t<\/div>\n\t\t<\/div>\n\t\t\t\t\t<\/div>\n\t\t<\/section>\n\t\t\t\t<\/div>\n\t\t","protected":false},"excerpt":{"rendered":"<p>2 Ko\u0142\u0142\u0105taja st. 58-580 Szklarska Por\u0119ba phone: +48 75 717 23 03 e-mail: lesnahuta1@wp.pl www.lesnahuta.pl &nbsp; opening hours: Tuesday &#8211; Saturday: 10.00-14.00, 14.30-18.00 The Forest Glassworks (Le\u015bna Huta) in Szklarska Por\u0119ba was established in 1989 and initially dealt with the production and grinding of household glass. Its founder, Henryk \u0141ubkowski, decided to use his many [&hellip;]<\/p>\n","protected":false},"author":1,"featured_media":4547,"parent":0,"menu_order":0,"comment_status":"closed","ping_status":"closed","template":"","meta":{"footnotes":""},"class_list":["post-8989","page","type-page","status-publish","has-post-thumbnail","hentry","entry","has-media"],"_links":{"self":[{"href":"https:\/\/viafabrilis.zw.pl\/en\/wp-json\/wp\/v2\/pages\/8989","targetHints":{"allow":["GET"]}}],"collection":[{"href":"https:\/\/viafabrilis.zw.pl\/en\/wp-json\/wp\/v2\/pages"}],"about":[{"href":"https:\/\/viafabrilis.zw.pl\/en\/wp-json\/wp\/v2\/types\/page"}],"author":[{"embeddable":true,"href":"https:\/\/viafabrilis.zw.pl\/en\/wp-json\/wp\/v2\/users\/1"}],"replies":[{"embeddable":true,"href":"https:\/\/viafabrilis.zw.pl\/en\/wp-json\/wp\/v2\/comments?post=8989"}],"version-history":[{"count":4,"href":"https:\/\/viafabrilis.zw.pl\/en\/wp-json\/wp\/v2\/pages\/8989\/revisions"}],"predecessor-version":[{"id":8993,"href":"https:\/\/viafabrilis.zw.pl\/en\/wp-json\/wp\/v2\/pages\/8989\/revisions\/8993"}],"wp:featuredmedia":[{"embeddable":true,"href":"https:\/\/viafabrilis.zw.pl\/en\/wp-json\/wp\/v2\/media\/4547"}],"wp:attachment":[{"href":"https:\/\/viafabrilis.zw.pl\/en\/wp-json\/wp\/v2\/media?parent=8989"}],"curies":[{"name":"wp","href":"https:\/\/api.w.org\/{rel}","templated":true}]}}