{"id":9027,"date":"2023-07-17T19:45:54","date_gmt":"2023-07-17T17:45:54","guid":{"rendered":"https:\/\/viafabrilis.zw.pl\/?page_id=9027"},"modified":"2024-02-11T12:09:57","modified_gmt":"2024-02-11T11:09:57","slug":"historical-and-museum-centre-in-lwowek-slaski","status":"publish","type":"page","link":"https:\/\/viafabrilis.zw.pl\/en\/historical-and-museum-centre-in-lwowek-slaski\/","title":{"rendered":"Historical and Museum Centre in Lw\u00f3wek \u015al\u0105ski"},"content":{"rendered":"\t\t<div data-elementor-type=\"wp-page\" data-elementor-id=\"9027\" class=\"elementor elementor-9027\" data-elementor-post-type=\"page\">\n\t\t\t\t\t\t<section class=\"elementor-section elementor-top-section elementor-element elementor-element-54e597c elementor-section-boxed elementor-section-height-default elementor-section-height-default\" data-id=\"54e597c\" data-element_type=\"section\" data-settings=\"{&quot;jet_parallax_layout_list&quot;:[]}\">\n\t\t\t\t\t\t<div class=\"elementor-container elementor-column-gap-default\">\n\t\t\t\t\t<div class=\"elementor-column elementor-col-33 elementor-top-column elementor-element elementor-element-9cc7040\" data-id=\"9cc7040\" data-element_type=\"column\">\n\t\t\t<div class=\"elementor-widget-wrap elementor-element-populated\">\n\t\t\t\t\t\t<div class=\"elementor-element elementor-element-0f1a0b7 elementor-widget elementor-widget-text-editor\" data-id=\"0f1a0b7\" data-element_type=\"widget\" data-widget_type=\"text-editor.default\">\n\t\t\t\t<div class=\"elementor-widget-container\">\n\t\t\t\t\t\t\t\t\t<p class=\"MsoNormal\" style=\"margin: 0cm 0cm 0.0001pt; line-height: 16.8667px; font-size: 11pt; font-family: Arial, sans-serif; color: #000000; border: none; text-align: center;\" align=\"center\"><span lang=\"EN-US\" style=\"font-size: 12pt; line-height: 18.4px; font-family: 'Times New Roman', serif;\">1 Plac Wolno\u015bci\u00a0 (the Town Hall)<\/span><\/p><p class=\"MsoNormal\" style=\"margin: 0cm 0cm 0.0001pt; line-height: 16.8667px; font-size: 11pt; font-family: Arial, sans-serif; color: #000000; border: none; text-align: center;\" align=\"center\"><span lang=\"EN-US\" style=\"font-size: 12pt; line-height: 18.4px; font-family: 'Times New Roman', serif;\">59-600 Lw\u00f3wek \u015al\u0105ski<\/span><\/p><p class=\"MsoNormal\" style=\"margin: 0cm 0cm 0.0001pt; line-height: 16.8667px; font-size: 11pt; font-family: Arial, sans-serif; color: #000000; border: none; text-align: center;\" align=\"center\"><span lang=\"IT\" style=\"font-size: 12pt; line-height: 18.4px; font-family: 'Times New Roman', serif;\">phone: +48 75 782 45 44 ext. 25<\/span><\/p><p class=\"MsoNormal\" style=\"margin: 0cm 0cm 0.0001pt; line-height: 16.8667px; font-size: 11pt; font-family: Arial, sans-serif; color: #000000; border: none; text-align: center;\" align=\"center\"><span lang=\"EN-US\" style=\"font-size: 12pt; line-height: 18.4px; font-family: 'Times New Roman', serif;\">e-mail: phm@bibliotekalwowecka.pl<\/span><\/p><p class=\"MsoNormal\" style=\"margin: 0cm 0cm 0.0001pt; line-height: 16.8667px; font-size: 11pt; font-family: Arial, sans-serif; color: #000000; border: none; text-align: center;\" align=\"center\"><span lang=\"EN-US\" style=\"font-size: 12pt; line-height: 18.4px; font-family: 'Times New Roman', serif;\">www.bibliotekalwowecka.pl\/<\/span><\/p><p class=\"MsoNormal\" style=\"margin: 0cm 0cm 0.0001pt; line-height: 16.8667px; font-size: 11pt; font-family: Arial, sans-serif; color: #000000; border: none; text-align: center;\" align=\"center\"><span lang=\"EN-US\" style=\"font-size: 12pt; line-height: 18.4px; font-family: 'Times New Roman', serif;\">\u00a0<\/span><\/p><p class=\"MsoNormal\" style=\"margin: 0cm 0cm 0.0001pt; line-height: 16.8667px; font-size: 11pt; font-family: Arial, sans-serif; color: #000000; border: none; text-align: center;\" align=\"center\"><b><span lang=\"EN-US\" style=\"font-size: 12pt; line-height: 18.4px; font-family: 'Times New Roman', serif;\">opening hours:<\/span><\/b><b><\/b><\/p><p class=\"MsoNormal\" style=\"margin: 0cm 0cm 0.0001pt; line-height: 16.8667px; font-size: 11pt; font-family: Arial, sans-serif; color: #000000; border: none; text-align: center;\" align=\"center\"><span lang=\"EN-US\" style=\"font-size: 12pt; line-height: 18.4px; font-family: 'Times New Roman', serif;\">Tuesday &#8211; Friday: 9.00 &#8211; 17.00 (tour starting hours: 9.30, 11.00, 12.30, 14.00, 15.30, May 15 &#8211; September 30)<\/span><\/p><p class=\"MsoNormal\" style=\"margin: 0cm 0cm 0.0001pt; line-height: 16.8667px; font-size: 11pt; font-family: Arial, sans-serif; color: #000000; border: none; text-align: center;\" align=\"center\"><span lang=\"EN-US\" style=\"font-size: 12pt; line-height: 18.4px; font-family: 'Times New Roman', serif;\">Tuesday &#8211; Friday: 9.00 &#8211; 16.00 (tour starting hours: 9.00, 10.30, 12.00, 13.30, 15.00, October 1 &#8211; May 14)<\/span><\/p><p class=\"MsoNormal\" style=\"margin: 0cm 0cm 0.0001pt; line-height: 16.8667px; font-size: 11pt; font-family: Arial, sans-serif; color: #000000; border: none; text-align: center;\" align=\"center\"><span lang=\"EN-US\" style=\"font-size: 12pt; line-height: 18.4px; font-family: 'Times New Roman', serif;\">Saturday: 9.00\u201314.00 (tour starting hours: 9.30, 11.00, 12.30)<\/span><\/p><p class=\"MsoNormal\" style=\"margin: 0cm 0cm 0.0001pt; line-height: 16.8667px; font-size: 11pt; font-family: Arial, sans-serif; color: #000000; border: none; text-align: center;\" align=\"center\"><span lang=\"EN-US\" style=\"font-size: 12pt; line-height: 18.4px; font-family: 'Times New Roman', serif;\">priority of visits after telephone booking<\/span><\/p><div><span style=\"font-size: 12pt; font-family: 'Times New Roman',serif; color: #000000; background-color: transparent; font-weight: 400; font-style: normal; font-variant: normal; text-decoration: none; vertical-align: baseline; white-space: pre-wrap;\">\u00a0<\/span><\/div>\t\t\t\t\t\t\t\t<\/div>\n\t\t\t\t<\/div>\n\t\t\t\t\t<\/div>\n\t\t<\/div>\n\t\t\t\t<div class=\"elementor-column elementor-col-33 elementor-top-column elementor-element elementor-element-1ccddeb\" data-id=\"1ccddeb\" data-element_type=\"column\">\n\t\t\t<div class=\"elementor-widget-wrap elementor-element-populated\">\n\t\t\t\t\t\t<div class=\"elementor-element elementor-element-a624232 elementor-widget elementor-widget-image\" data-id=\"a624232\" data-element_type=\"widget\" data-widget_type=\"image.default\">\n\t\t\t\t<div class=\"elementor-widget-container\">\n\t\t\t\t\t\t\t\t\t\t\t\t\t\t\t<img fetchpriority=\"high\" decoding=\"async\" width=\"1024\" height=\"693\" src=\"https:\/\/viafabrilis.zw.pl\/wp-content\/uploads\/2023\/07\/1-Ratusz-we-Lwowku-Slaskim-1024x693.jpg\" class=\"attachment-large size-large wp-image-5480\" alt=\"\" srcset=\"https:\/\/viafabrilis.zw.pl\/wp-content\/uploads\/2023\/07\/1-Ratusz-we-Lwowku-Slaskim-1024x693.jpg 1024w, https:\/\/viafabrilis.zw.pl\/wp-content\/uploads\/2023\/07\/1-Ratusz-we-Lwowku-Slaskim-300x203.jpg 300w, https:\/\/viafabrilis.zw.pl\/wp-content\/uploads\/2023\/07\/1-Ratusz-we-Lwowku-Slaskim-768x520.jpg 768w, https:\/\/viafabrilis.zw.pl\/wp-content\/uploads\/2023\/07\/1-Ratusz-we-Lwowku-Slaskim-600x406.jpg 600w, https:\/\/viafabrilis.zw.pl\/wp-content\/uploads\/2023\/07\/1-Ratusz-we-Lwowku-Slaskim.jpg 1200w\" sizes=\"(max-width: 1024px) 100vw, 1024px\" \/>\t\t\t\t\t\t\t\t\t\t\t\t\t\t\t<\/div>\n\t\t\t\t<\/div>\n\t\t\t\t\t<\/div>\n\t\t<\/div>\n\t\t\t\t<div class=\"elementor-column elementor-col-33 elementor-top-column elementor-element elementor-element-cf682e0\" data-id=\"cf682e0\" data-element_type=\"column\">\n\t\t\t<div class=\"elementor-widget-wrap elementor-element-populated\">\n\t\t\t\t\t\t<div class=\"elementor-element elementor-element-62d6eb7 elementor-widget elementor-widget-image\" data-id=\"62d6eb7\" data-element_type=\"widget\" data-widget_type=\"image.default\">\n\t\t\t\t<div class=\"elementor-widget-container\">\n\t\t\t\t\t\t\t\t\t\t\t\t\t\t\t<img decoding=\"async\" width=\"1024\" height=\"768\" src=\"https:\/\/viafabrilis.zw.pl\/wp-content\/uploads\/2023\/07\/6-Fragment-ekspozycji-zwiazanej-z-browarnictwem-1024x768.jpg\" class=\"attachment-large size-large wp-image-5501\" alt=\"\" srcset=\"https:\/\/viafabrilis.zw.pl\/wp-content\/uploads\/2023\/07\/6-Fragment-ekspozycji-zwiazanej-z-browarnictwem-1024x768.jpg 1024w, https:\/\/viafabrilis.zw.pl\/wp-content\/uploads\/2023\/07\/6-Fragment-ekspozycji-zwiazanej-z-browarnictwem-300x225.jpg 300w, https:\/\/viafabrilis.zw.pl\/wp-content\/uploads\/2023\/07\/6-Fragment-ekspozycji-zwiazanej-z-browarnictwem-768x576.jpg 768w, https:\/\/viafabrilis.zw.pl\/wp-content\/uploads\/2023\/07\/6-Fragment-ekspozycji-zwiazanej-z-browarnictwem-600x450.jpg 600w, https:\/\/viafabrilis.zw.pl\/wp-content\/uploads\/2023\/07\/6-Fragment-ekspozycji-zwiazanej-z-browarnictwem.jpg 1200w\" sizes=\"(max-width: 1024px) 100vw, 1024px\" \/>\t\t\t\t\t\t\t\t\t\t\t\t\t\t\t<\/div>\n\t\t\t\t<\/div>\n\t\t\t\t\t<\/div>\n\t\t<\/div>\n\t\t\t\t\t<\/div>\n\t\t<\/section>\n\t\t\t\t<section class=\"elementor-section elementor-top-section elementor-element elementor-element-266570d elementor-section-boxed elementor-section-height-default elementor-section-height-default\" data-id=\"266570d\" data-element_type=\"section\" data-settings=\"{&quot;jet_parallax_layout_list&quot;:[]}\">\n\t\t\t\t\t\t<div class=\"elementor-container elementor-column-gap-default\">\n\t\t\t\t\t<div class=\"elementor-column elementor-col-100 elementor-top-column elementor-element elementor-element-bfbb152\" data-id=\"bfbb152\" data-element_type=\"column\">\n\t\t\t<div class=\"elementor-widget-wrap elementor-element-populated\">\n\t\t\t\t\t\t<div class=\"elementor-element elementor-element-89f1900 elementor-widget elementor-widget-text-editor\" data-id=\"89f1900\" data-element_type=\"widget\" data-widget_type=\"text-editor.default\">\n\t\t\t\t<div class=\"elementor-widget-container\">\n\t\t\t\t\t\t\t\t\t<p>The Historical and Museum Centre operates within the structure of the Lw\u00f3wek Public Library. Permanent and temporary exhibitions are presented in the interiors of the magnificent town hall, whose construction was supervised by one of the most outstanding Renaissance architects in this part of Europe &#8211; Wendel Rosskopf. In the main exhibition hall there is a collection presenting the city\u2019s history and cultural heritage. Lw\u00f3wek received municipal rights as early as in 1217 and went through a period of robust growth, one of the assets being the local gold mine. Soon, Lw\u00f3wek obtained other privileges, including the right to brew beer, which became famous beyond Lower Silesia and enjoyed unflagging recognition for centuries.<\/p><p>\u00a0<\/p><p>In the second half of the 18th century, based on that centuries-old tradition, a municipal brewery was established in the place of the former duke&#8217;s castle. At the end of the 18th century, it was the largest production facility in the town, and 20 years later its capacity was over 2,000 achtel (nearly 7,500 litres) of beer per year. The plant was initially managed by a brotherhood consisting of the most influential townspeople. In 1871, it was taken over by Julius von Hohberg and belonged to his family until World War II, becoming one of the most valued Silesian breweries. A part of the exhibition presented in the Lw\u00f3wek town hall is devoted to brewing. One can see, among others, bottles, crates and barrels from the local brewery, as well as beer mugs.<\/p><p>\u00a0<\/p><p>Cloth-making and weaving also developed in Lw\u00f3wek. In the 16th century, as noted by the chroniclers, most of the 8,000 inhabitants made a living from the production of cloth, and there were as many as 450 cloth-making, weaving and dyeing workshops in the city. There were also stone mining and processing plants in Lw\u00f3wek. Referring to old traditions, during the annual Lw\u00f3wek Agate Summer, exhibitions of minerals from both the region and the whole world are presented in the town hall.<\/p>\t\t\t\t\t\t\t\t<\/div>\n\t\t\t\t<\/div>\n\t\t\t\t\t<\/div>\n\t\t<\/div>\n\t\t\t\t\t<\/div>\n\t\t<\/section>\n\t\t\t\t<section class=\"elementor-section elementor-top-section elementor-element elementor-element-5fc02a1 elementor-section-boxed elementor-section-height-default elementor-section-height-default\" data-id=\"5fc02a1\" data-element_type=\"section\" data-settings=\"{&quot;jet_parallax_layout_list&quot;:[]}\">\n\t\t\t\t\t\t<div class=\"elementor-container elementor-column-gap-default\">\n\t\t\t\t\t<div class=\"elementor-column elementor-col-100 elementor-top-column elementor-element elementor-element-7a48c15\" data-id=\"7a48c15\" data-element_type=\"column\">\n\t\t\t<div class=\"elementor-widget-wrap elementor-element-populated\">\n\t\t\t\t\t\t<div class=\"elementor-element elementor-element-f99ff72 elementor-widget elementor-widget-image-gallery\" data-id=\"f99ff72\" data-element_type=\"widget\" data-widget_type=\"image-gallery.default\">\n\t\t\t\t<div class=\"elementor-widget-container\">\n\t\t\t\t\t\t\t<div class=\"elementor-image-gallery\">\n\t\t\t<div id='gallery-1' class='gallery galleryid-9027 gallery-columns-4 gallery-size-monstroid2-thumb-justify'><figure class='gallery-item'>\n\t\t\t<div class='gallery-icon landscape'>\n\t\t\t\t<a data-elementor-open-lightbox=\"yes\" data-elementor-lightbox-slideshow=\"f99ff72\" data-elementor-lightbox-title=\"1 - Ratusz we Lwo\u0301wku S\u0301la\u0328skim\" data-e-action-hash=\"#elementor-action%3Aaction%3Dlightbox%26settings%3DeyJpZCI6NTQ4MiwidXJsIjoiaHR0cHM6XC9cL3ZpYWZhYnJpbGlzLnp3LnBsXC93cC1jb250ZW50XC91cGxvYWRzXC8yMDIzXC8wN1wvMS1SYXR1c3otd2UtTHdvd2t1LVNsYXNraW0uanBnIiwic2xpZGVzaG93IjoiZjk5ZmY3MiJ9\" href='https:\/\/viafabrilis.zw.pl\/wp-content\/uploads\/2023\/07\/1-Ratusz-we-Lwowku-Slaskim.jpg'><img decoding=\"async\" width=\"640\" height=\"640\" src=\"https:\/\/viafabrilis.zw.pl\/wp-content\/uploads\/2023\/07\/1-Ratusz-we-Lwowku-Slaskim-640x640.jpg\" class=\"attachment-monstroid2-thumb-justify size-monstroid2-thumb-justify\" alt=\"\" aria-describedby=\"gallery-1-5482\" srcset=\"https:\/\/viafabrilis.zw.pl\/wp-content\/uploads\/2023\/07\/1-Ratusz-we-Lwowku-Slaskim-640x640.jpg 640w, https:\/\/viafabrilis.zw.pl\/wp-content\/uploads\/2023\/07\/1-Ratusz-we-Lwowku-Slaskim-150x150.jpg 150w, https:\/\/viafabrilis.zw.pl\/wp-content\/uploads\/2023\/07\/1-Ratusz-we-Lwowku-Slaskim-230x230.jpg 230w, https:\/\/viafabrilis.zw.pl\/wp-content\/uploads\/2023\/07\/1-Ratusz-we-Lwowku-Slaskim-400x400.jpg 400w\" sizes=\"(max-width: 640px) 100vw, 640px\" \/><\/a>\n\t\t\t<\/div>\n\t\t\t\t<figcaption class='wp-caption-text gallery-caption' id='gallery-1-5482'>\n\t\t\t\tThe Town Hall in Lw\u00f3wek \u015al\u0105ski\n\t\t\t\t<\/figcaption><\/figure><figure class='gallery-item'>\n\t\t\t<div class='gallery-icon landscape'>\n\t\t\t\t<a data-elementor-open-lightbox=\"yes\" data-elementor-lightbox-slideshow=\"f99ff72\" data-elementor-lightbox-title=\"2 - Wne\u0328trze lwo\u0301weckiego ratusza\" data-e-action-hash=\"#elementor-action%3Aaction%3Dlightbox%26settings%3DeyJpZCI6NTQ4NiwidXJsIjoiaHR0cHM6XC9cL3ZpYWZhYnJpbGlzLnp3LnBsXC93cC1jb250ZW50XC91cGxvYWRzXC8yMDIzXC8wN1wvMi1XbmV0cnplLWx3b3dlY2tpZWdvLXJhdHVzemEuanBnIiwic2xpZGVzaG93IjoiZjk5ZmY3MiJ9\" href='https:\/\/viafabrilis.zw.pl\/wp-content\/uploads\/2023\/07\/2-Wnetrze-lwoweckiego-ratusza.jpg'><img loading=\"lazy\" decoding=\"async\" width=\"640\" height=\"581\" src=\"https:\/\/viafabrilis.zw.pl\/wp-content\/uploads\/2023\/07\/2-Wnetrze-lwoweckiego-ratusza-640x581.jpg\" class=\"attachment-monstroid2-thumb-justify size-monstroid2-thumb-justify\" alt=\"\" aria-describedby=\"gallery-1-5486\" \/><\/a>\n\t\t\t<\/div>\n\t\t\t\t<figcaption class='wp-caption-text gallery-caption' id='gallery-1-5486'>\n\t\t\t\tInterior of the Lw\u00f3wek town hall\n\t\t\t\t<\/figcaption><\/figure><figure class='gallery-item'>\n\t\t\t<div class='gallery-icon landscape'>\n\t\t\t\t<a data-elementor-open-lightbox=\"yes\" data-elementor-lightbox-slideshow=\"f99ff72\" data-elementor-lightbox-title=\"3 - Wne\u0328trze lwo\u0301weckiego ratusza\" data-e-action-hash=\"#elementor-action%3Aaction%3Dlightbox%26settings%3DeyJpZCI6NTQ5MCwidXJsIjoiaHR0cHM6XC9cL3ZpYWZhYnJpbGlzLnp3LnBsXC93cC1jb250ZW50XC91cGxvYWRzXC8yMDIzXC8wN1wvMy1XbmV0cnplLWx3b3dlY2tpZWdvLXJhdHVzemEuanBnIiwic2xpZGVzaG93IjoiZjk5ZmY3MiJ9\" href='https:\/\/viafabrilis.zw.pl\/wp-content\/uploads\/2023\/07\/3-Wnetrze-lwoweckiego-ratusza.jpg'><img loading=\"lazy\" decoding=\"async\" width=\"640\" height=\"640\" src=\"https:\/\/viafabrilis.zw.pl\/wp-content\/uploads\/2023\/07\/3-Wnetrze-lwoweckiego-ratusza-640x640.jpg\" class=\"attachment-monstroid2-thumb-justify size-monstroid2-thumb-justify\" alt=\"\" aria-describedby=\"gallery-1-5490\" srcset=\"https:\/\/viafabrilis.zw.pl\/wp-content\/uploads\/2023\/07\/3-Wnetrze-lwoweckiego-ratusza-640x640.jpg 640w, https:\/\/viafabrilis.zw.pl\/wp-content\/uploads\/2023\/07\/3-Wnetrze-lwoweckiego-ratusza-150x150.jpg 150w, https:\/\/viafabrilis.zw.pl\/wp-content\/uploads\/2023\/07\/3-Wnetrze-lwoweckiego-ratusza-230x230.jpg 230w, https:\/\/viafabrilis.zw.pl\/wp-content\/uploads\/2023\/07\/3-Wnetrze-lwoweckiego-ratusza-400x400.jpg 400w\" sizes=\"(max-width: 640px) 100vw, 640px\" \/><\/a>\n\t\t\t<\/div>\n\t\t\t\t<figcaption class='wp-caption-text gallery-caption' id='gallery-1-5490'>\n\t\t\t\tInterior of the Lw\u00f3wek town hall\n\t\t\t\t<\/figcaption><\/figure><figure class='gallery-item'>\n\t\t\t<div class='gallery-icon landscape'>\n\t\t\t\t<a data-elementor-open-lightbox=\"yes\" data-elementor-lightbox-slideshow=\"f99ff72\" data-elementor-lightbox-title=\"4 - Fragment ekspozycji zwia\u0328zanej z browarnictwem\" data-e-action-hash=\"#elementor-action%3Aaction%3Dlightbox%26settings%3DeyJpZCI6NTQ5NCwidXJsIjoiaHR0cHM6XC9cL3ZpYWZhYnJpbGlzLnp3LnBsXC93cC1jb250ZW50XC91cGxvYWRzXC8yMDIzXC8wN1wvNC1GcmFnbWVudC1la3Nwb3p5Y2ppLXp3aWF6YW5lai16LWJyb3dhcm5pY3R3ZW0uanBnIiwic2xpZGVzaG93IjoiZjk5ZmY3MiJ9\" href='https:\/\/viafabrilis.zw.pl\/wp-content\/uploads\/2023\/07\/4-Fragment-ekspozycji-zwiazanej-z-browarnictwem.jpg'><img loading=\"lazy\" decoding=\"async\" width=\"640\" height=\"640\" src=\"https:\/\/viafabrilis.zw.pl\/wp-content\/uploads\/2023\/07\/4-Fragment-ekspozycji-zwiazanej-z-browarnictwem-640x640.jpg\" class=\"attachment-monstroid2-thumb-justify size-monstroid2-thumb-justify\" alt=\"\" aria-describedby=\"gallery-1-5494\" srcset=\"https:\/\/viafabrilis.zw.pl\/wp-content\/uploads\/2023\/07\/4-Fragment-ekspozycji-zwiazanej-z-browarnictwem-640x640.jpg 640w, https:\/\/viafabrilis.zw.pl\/wp-content\/uploads\/2023\/07\/4-Fragment-ekspozycji-zwiazanej-z-browarnictwem-150x150.jpg 150w, https:\/\/viafabrilis.zw.pl\/wp-content\/uploads\/2023\/07\/4-Fragment-ekspozycji-zwiazanej-z-browarnictwem-230x230.jpg 230w, https:\/\/viafabrilis.zw.pl\/wp-content\/uploads\/2023\/07\/4-Fragment-ekspozycji-zwiazanej-z-browarnictwem-400x400.jpg 400w\" sizes=\"(max-width: 640px) 100vw, 640px\" \/><\/a>\n\t\t\t<\/div>\n\t\t\t\t<figcaption class='wp-caption-text gallery-caption' id='gallery-1-5494'>\n\t\t\t\tFragment of a brewing exhibition \n\t\t\t\t<\/figcaption><\/figure><figure class='gallery-item'>\n\t\t\t<div class='gallery-icon landscape'>\n\t\t\t\t<a data-elementor-open-lightbox=\"yes\" data-elementor-lightbox-slideshow=\"f99ff72\" data-elementor-lightbox-title=\"5 - Fragment ekspozycji zwia\u0328zanej z browarnictwem\" data-e-action-hash=\"#elementor-action%3Aaction%3Dlightbox%26settings%3DeyJpZCI6NTQ5OSwidXJsIjoiaHR0cHM6XC9cL3ZpYWZhYnJpbGlzLnp3LnBsXC93cC1jb250ZW50XC91cGxvYWRzXC8yMDIzXC8wN1wvNS1GcmFnbWVudC1la3Nwb3p5Y2ppLXp3aWF6YW5lai16LWJyb3dhcm5pY3R3ZW0uanBnIiwic2xpZGVzaG93IjoiZjk5ZmY3MiJ9\" href='https:\/\/viafabrilis.zw.pl\/wp-content\/uploads\/2023\/07\/5-Fragment-ekspozycji-zwiazanej-z-browarnictwem.jpg'><img loading=\"lazy\" decoding=\"async\" width=\"640\" height=\"640\" src=\"https:\/\/viafabrilis.zw.pl\/wp-content\/uploads\/2023\/07\/5-Fragment-ekspozycji-zwiazanej-z-browarnictwem-640x640.jpg\" class=\"attachment-monstroid2-thumb-justify size-monstroid2-thumb-justify\" alt=\"\" aria-describedby=\"gallery-1-5499\" srcset=\"https:\/\/viafabrilis.zw.pl\/wp-content\/uploads\/2023\/07\/5-Fragment-ekspozycji-zwiazanej-z-browarnictwem-640x640.jpg 640w, https:\/\/viafabrilis.zw.pl\/wp-content\/uploads\/2023\/07\/5-Fragment-ekspozycji-zwiazanej-z-browarnictwem-150x150.jpg 150w, https:\/\/viafabrilis.zw.pl\/wp-content\/uploads\/2023\/07\/5-Fragment-ekspozycji-zwiazanej-z-browarnictwem-230x230.jpg 230w, https:\/\/viafabrilis.zw.pl\/wp-content\/uploads\/2023\/07\/5-Fragment-ekspozycji-zwiazanej-z-browarnictwem-400x400.jpg 400w\" sizes=\"(max-width: 640px) 100vw, 640px\" \/><\/a>\n\t\t\t<\/div>\n\t\t\t\t<figcaption class='wp-caption-text gallery-caption' id='gallery-1-5499'>\n\t\t\t\tFragment of a brewing exhibition \n\t\t\t\t<\/figcaption><\/figure><figure class='gallery-item'>\n\t\t\t<div class='gallery-icon landscape'>\n\t\t\t\t<a data-elementor-open-lightbox=\"yes\" data-elementor-lightbox-slideshow=\"f99ff72\" data-elementor-lightbox-title=\"6 - Fragment ekspozycji zwia\u0328zanej z browarnictwem\" data-e-action-hash=\"#elementor-action%3Aaction%3Dlightbox%26settings%3DeyJpZCI6NTUwMywidXJsIjoiaHR0cHM6XC9cL3ZpYWZhYnJpbGlzLnp3LnBsXC93cC1jb250ZW50XC91cGxvYWRzXC8yMDIzXC8wN1wvNi1GcmFnbWVudC1la3Nwb3p5Y2ppLXp3aWF6YW5lai16LWJyb3dhcm5pY3R3ZW0uanBnIiwic2xpZGVzaG93IjoiZjk5ZmY3MiJ9\" href='https:\/\/viafabrilis.zw.pl\/wp-content\/uploads\/2023\/07\/6-Fragment-ekspozycji-zwiazanej-z-browarnictwem.jpg'><img loading=\"lazy\" decoding=\"async\" width=\"640\" height=\"640\" src=\"https:\/\/viafabrilis.zw.pl\/wp-content\/uploads\/2023\/07\/6-Fragment-ekspozycji-zwiazanej-z-browarnictwem-640x640.jpg\" class=\"attachment-monstroid2-thumb-justify size-monstroid2-thumb-justify\" alt=\"\" aria-describedby=\"gallery-1-5503\" srcset=\"https:\/\/viafabrilis.zw.pl\/wp-content\/uploads\/2023\/07\/6-Fragment-ekspozycji-zwiazanej-z-browarnictwem-640x640.jpg 640w, https:\/\/viafabrilis.zw.pl\/wp-content\/uploads\/2023\/07\/6-Fragment-ekspozycji-zwiazanej-z-browarnictwem-150x150.jpg 150w, https:\/\/viafabrilis.zw.pl\/wp-content\/uploads\/2023\/07\/6-Fragment-ekspozycji-zwiazanej-z-browarnictwem-230x230.jpg 230w, https:\/\/viafabrilis.zw.pl\/wp-content\/uploads\/2023\/07\/6-Fragment-ekspozycji-zwiazanej-z-browarnictwem-400x400.jpg 400w\" sizes=\"(max-width: 640px) 100vw, 640px\" \/><\/a>\n\t\t\t<\/div>\n\t\t\t\t<figcaption class='wp-caption-text gallery-caption' id='gallery-1-5503'>\n\t\t\t\tFragment of a brewing exhibition \n\t\t\t\t<\/figcaption><\/figure>\n\t\t<\/div>\n\t\t<\/div>\n\t\t\t\t\t\t<\/div>\n\t\t\t\t<\/div>\n\t\t\t\t\t<\/div>\n\t\t<\/div>\n\t\t\t\t\t<\/div>\n\t\t<\/section>\n\t\t\t\t<\/div>\n\t\t","protected":false},"excerpt":{"rendered":"<p>1 Plac Wolno\u015bci\u00a0 (the Town Hall) 59-600 Lw\u00f3wek \u015al\u0105ski phone: +48 75 782 45 44 ext. 25 e-mail: phm@bibliotekalwowecka.pl www.bibliotekalwowecka.pl\/ \u00a0 opening hours: Tuesday &#8211; Friday: 9.00 &#8211; 17.00 (tour starting hours: 9.30, 11.00, 12.30, 14.00, 15.30, May 15 &#8211; September 30) Tuesday &#8211; Friday: 9.00 &#8211; 16.00 (tour starting hours: 9.00, 10.30, 12.00, 13.30, [&hellip;]<\/p>\n","protected":false},"author":1,"featured_media":5482,"parent":0,"menu_order":0,"comment_status":"closed","ping_status":"closed","template":"","meta":{"footnotes":""},"class_list":["post-9027","page","type-page","status-publish","has-post-thumbnail","hentry","entry","has-media"],"_links":{"self":[{"href":"https:\/\/viafabrilis.zw.pl\/en\/wp-json\/wp\/v2\/pages\/9027","targetHints":{"allow":["GET"]}}],"collection":[{"href":"https:\/\/viafabrilis.zw.pl\/en\/wp-json\/wp\/v2\/pages"}],"about":[{"href":"https:\/\/viafabrilis.zw.pl\/en\/wp-json\/wp\/v2\/types\/page"}],"author":[{"embeddable":true,"href":"https:\/\/viafabrilis.zw.pl\/en\/wp-json\/wp\/v2\/users\/1"}],"replies":[{"embeddable":true,"href":"https:\/\/viafabrilis.zw.pl\/en\/wp-json\/wp\/v2\/comments?post=9027"}],"version-history":[{"count":4,"href":"https:\/\/viafabrilis.zw.pl\/en\/wp-json\/wp\/v2\/pages\/9027\/revisions"}],"predecessor-version":[{"id":9031,"href":"https:\/\/viafabrilis.zw.pl\/en\/wp-json\/wp\/v2\/pages\/9027\/revisions\/9031"}],"wp:featuredmedia":[{"embeddable":true,"href":"https:\/\/viafabrilis.zw.pl\/en\/wp-json\/wp\/v2\/media\/5482"}],"wp:attachment":[{"href":"https:\/\/viafabrilis.zw.pl\/en\/wp-json\/wp\/v2\/media?parent=9027"}],"curies":[{"name":"wp","href":"https:\/\/api.w.org\/{rel}","templated":true}]}}