{"id":9032,"date":"2023-09-14T09:12:49","date_gmt":"2023-09-14T07:12:49","guid":{"rendered":"https:\/\/viafabrilis.zw.pl\/?page_id=9032"},"modified":"2024-02-11T11:50:05","modified_gmt":"2024-02-11T10:50:05","slug":"municipal-museum-in-jaromer-the-wenke-house","status":"publish","type":"page","link":"https:\/\/viafabrilis.zw.pl\/en\/municipal-museum-in-jaromer-the-wenke-house\/","title":{"rendered":"Municipal Museum in Jarom\u011b\u0159 &#8211; the Wenke House"},"content":{"rendered":"\t\t<div data-elementor-type=\"wp-page\" data-elementor-id=\"9032\" class=\"elementor elementor-9032\" data-elementor-post-type=\"page\">\n\t\t\t\t\t\t<section class=\"elementor-section elementor-top-section elementor-element elementor-element-44bd1cd4 elementor-section-boxed elementor-section-height-default elementor-section-height-default\" data-id=\"44bd1cd4\" data-element_type=\"section\" data-settings=\"{&quot;jet_parallax_layout_list&quot;:[]}\">\n\t\t\t\t\t\t<div class=\"elementor-container elementor-column-gap-default\">\n\t\t\t\t\t<div class=\"elementor-column elementor-col-100 elementor-top-column elementor-element elementor-element-1aed9e1e\" data-id=\"1aed9e1e\" data-element_type=\"column\">\n\t\t\t<div class=\"elementor-widget-wrap elementor-element-populated\">\n\t\t\t\t\t\t<div class=\"elementor-element elementor-element-128dc428 elementor-widget elementor-widget-text-editor\" data-id=\"128dc428\" data-element_type=\"widget\" data-widget_type=\"text-editor.default\">\n\t\t\t\t<div class=\"elementor-widget-container\">\n\t\t\t\t\t\t\t\t\t<p>In the years 1910-1911, a unique department store of the A. Wenke and Son company was built in Jarom\u011b\u0159. The building became known as the Wenke&#8217;s house, and today it houses the Municipal Museum in Jarom\u011b\u0159. Albert Wenke&#8217;s business was founded in 1882 and initially dealt with the production of decorative packaging, including very original goods decorated with sea shells. Over time, the business scope was expanded and included haberdashery trade. In 1905, the company\u2019s founder Albert Wenke dies and the business is taken over by his son Josef. In 1909, Josef buys a vacant plot between houses No. 81 and 91, with the intention of building a modern department store that would provide convenient space for both buyers and employees. At the beginning of 1910, he received two building plans from his brotherin- law Josef M\u00e1\u0161a, a local builder. In April, he also invites cooperation of the then thirty-year-old architect Josef Go\u010d\u00e1r (1880-1945), who had a great influence on the design of the new building. The official opening of the new \u201cA. Wenke and son\u201d department store took place on May 4, 1911. Its product range was soon expanded to include footwear (representing Bat\u2019a company), household goods, metal hardware, toys, stationery, baby carriages and other household appliances. At the back of the new building, a motor showroom was also set up, where Aero cars and Indian motorcycles were offered. The uniqueness of the building was amplified by the original elevator (recently renovated and still in use), which was used to transport goods and customers to the first and second floors of the store. The building is made of a reinforced concrete skeleton filled with bricks. The front elevation is suspended on the structure of the building. In this way, Josef Go\u010d\u00e1r was several years ahead of the French architect Le Corbusier. The interior uses only black and gray ornaments on a white background. To separate the sales areas on the second floor, to illuminate the doors to the terrace and to fill the skylights in the corridor, glass blocks were used &#8211; for the first time in Bohemia. The Wenke family&#8217;s department store survived the great economic depression of the 1930s, unfortunately at the expense of loans and credits, which the family was unable to repay after the crisis ended. In 1938, both houses in Husov\u00e1 T\u0159\u00edda were sold at an auction. During World War II, the former department store served as a canteen for employees of the neighbouring Polick\u00fd-Ricker factory, only to be taken over by the town of Jarom\u011b\u0159 in 1946. Since 1947, the Wenke House has been the site of the Municipal Museum and Gallery. In 2017, the facility was declared a national cultural monument, and in the following years it underwent a thorough renovation. The new interactive permanent exhibition consists of several parts: The large hall on the ground floor evokes a period department store. There is a rich collection of the company&#8217;s original products. The exposition is complemented by texts about the history of the Wenke family and about Josef Go\u010d\u00e1r, the architect. The next exhibition is the &#8220;auto-moto&#8221; room. It is aimed primarily at children, but also contains information about the history of the department store&#8217;s automotive section. The former office room hosts an exhibition entitled &#8220;The boss&#8217;s office\u201d. It is mainly dedicated to the surprisingly wide network of the Wenke company\u2019s business contacts throughout Europe. A specific extension of the office is the &#8220;paper workshop&#8221;, where visitors can make replicas of the decorative boxes that the factory used to produce. The lounge of this exhibition part presents the &#8220;Via Fabrilis&#8221; project in an interactive way, showcasing collection fragments of Polish partner museums in Boles\u0142awiec and K\u0142odzko. On the first floor you can admire the works of important artists associated with Jarom\u011b\u0159: the medallist and sculptor Otakar \u0160paniel, the sculptor Josef Wagner and the painter Josef \u0160\u00edma. A room on the third floor is dedicated to changing exhibitions on various topics. The exhibitions are always accompanied by an educational program for children and teenagers. The temporary exhibitions are complemented by a games room in the adjacent attic. In the summer months, you can relax on the newly opened terrace of the house or in the revitalised courtyard, which has a children\u2019s playground, too. Souvenirs and regionally themed books can also be bought at the museum. <strong>Municipal Museum in Jarom\u011b\u0159 \u2013 Permanent historical exhibition in Josefov <\/strong>The permanent historical exhibition is located on the second floor of the former supply office of the Josefov Fortress, built in 1788. Bread was baked on the ground floor, and food, grain and other staples for the military garrison were stored in the warehouses. The building was used as a food warehouse as late as the interwar period. After World War II, until 1992, it served as an equipment warehouse. The extended exposition shows the historical development of Jarom\u011b\u0159 as a town of Czech queens, and the rise and growth of the Josefov Fortress. It includes many unique exhibits: an 11th century six-metre wooden boat, models of fortress gates, a rich collection of military items, Baroque and folk sculptures, as well as craft products of Russian POW\u2019s from the period of World War I. Our ancestors\u2019s lives are presented in painted folk furniture, portraits, as well as paintings and drawings depicting now-defunct parts of Jarom\u011b\u0159 and Josefov. A rare urban complex of military buildings, the garrison church, as well as bourgeois tenement houses built in the classicist and empire styles encourage you to take a walk around this special fortress-city.<\/p>\t\t\t\t\t\t\t\t<\/div>\n\t\t\t\t<\/div>\n\t\t\t\t\t<\/div>\n\t\t<\/div>\n\t\t\t\t\t<\/div>\n\t\t<\/section>\n\t\t\t\t<section class=\"elementor-section elementor-top-section elementor-element elementor-element-c33eec6 elementor-section-boxed elementor-section-height-default elementor-section-height-default\" data-id=\"c33eec6\" data-element_type=\"section\" data-settings=\"{&quot;jet_parallax_layout_list&quot;:[]}\">\n\t\t\t\t\t\t<div class=\"elementor-container elementor-column-gap-default\">\n\t\t\t\t\t<div class=\"elementor-column elementor-col-100 elementor-top-column elementor-element elementor-element-9d3f4a7\" data-id=\"9d3f4a7\" data-element_type=\"column\">\n\t\t\t<div class=\"elementor-widget-wrap elementor-element-populated\">\n\t\t\t\t\t\t<div class=\"elementor-element elementor-element-9ba772a gallery-spacing-custom elementor-widget elementor-widget-image-gallery\" data-id=\"9ba772a\" data-element_type=\"widget\" data-widget_type=\"image-gallery.default\">\n\t\t\t\t<div class=\"elementor-widget-container\">\n\t\t\t\t\t\t\t<div class=\"elementor-image-gallery\">\n\t\t\t<div id='gallery-1' class='gallery galleryid-9032 gallery-columns-4 gallery-size-post-thumbnail'><figure class='gallery-item'>\n\t\t\t<div class='gallery-icon landscape'>\n\t\t\t\t<a data-elementor-open-lightbox=\"yes\" data-elementor-lightbox-slideshow=\"9ba772a\" data-elementor-lightbox-title=\"04(1)\" data-e-action-hash=\"#elementor-action%3Aaction%3Dlightbox%26settings%3DeyJpZCI6OTE0NCwidXJsIjoiaHR0cHM6XC9cL3ZpYWZhYnJpbGlzLnp3LnBsXC93cC1jb250ZW50XC91cGxvYWRzXC8yMDIzXC8wOVwvMDQxLmpwZyIsInNsaWRlc2hvdyI6IjliYTc3MmEifQ%3D%3D\" href='https:\/\/viafabrilis.zw.pl\/wp-content\/uploads\/2023\/09\/041.jpg'><img fetchpriority=\"high\" decoding=\"async\" width=\"370\" height=\"265\" src=\"https:\/\/viafabrilis.zw.pl\/wp-content\/uploads\/2023\/09\/041-370x265.jpg\" class=\"attachment-post-thumbnail size-post-thumbnail\" alt=\"\" srcset=\"https:\/\/viafabrilis.zw.pl\/wp-content\/uploads\/2023\/09\/041-370x265.jpg 370w, https:\/\/viafabrilis.zw.pl\/wp-content\/uploads\/2023\/09\/041-300x216.jpg 300w, https:\/\/viafabrilis.zw.pl\/wp-content\/uploads\/2023\/09\/041-768x553.jpg 768w, https:\/\/viafabrilis.zw.pl\/wp-content\/uploads\/2023\/09\/041-600x432.jpg 600w, https:\/\/viafabrilis.zw.pl\/wp-content\/uploads\/2023\/09\/041.jpg 800w\" sizes=\"(max-width: 370px) 100vw, 370px\" \/><\/a>\n\t\t\t<\/div><\/figure><figure class='gallery-item'>\n\t\t\t<div class='gallery-icon landscape'>\n\t\t\t\t<a data-elementor-open-lightbox=\"yes\" data-elementor-lightbox-slideshow=\"9ba772a\" data-elementor-lightbox-title=\"05\" data-e-action-hash=\"#elementor-action%3Aaction%3Dlightbox%26settings%3DeyJpZCI6OTE0OCwidXJsIjoiaHR0cHM6XC9cL3ZpYWZhYnJpbGlzLnp3LnBsXC93cC1jb250ZW50XC91cGxvYWRzXC8yMDIzXC8wOVwvMDUuanBnIiwic2xpZGVzaG93IjoiOWJhNzcyYSJ9\" href='https:\/\/viafabrilis.zw.pl\/wp-content\/uploads\/2023\/09\/05.jpg'><img decoding=\"async\" width=\"370\" height=\"265\" src=\"https:\/\/viafabrilis.zw.pl\/wp-content\/uploads\/2023\/09\/05-370x265.jpg\" class=\"attachment-post-thumbnail size-post-thumbnail\" alt=\"\" \/><\/a>\n\t\t\t<\/div><\/figure><figure class='gallery-item'>\n\t\t\t<div class='gallery-icon landscape'>\n\t\t\t\t<a data-elementor-open-lightbox=\"yes\" data-elementor-lightbox-slideshow=\"9ba772a\" data-elementor-lightbox-title=\"6\" data-e-action-hash=\"#elementor-action%3Aaction%3Dlightbox%26settings%3DeyJpZCI6OTE1MiwidXJsIjoiaHR0cHM6XC9cL3ZpYWZhYnJpbGlzLnp3LnBsXC93cC1jb250ZW50XC91cGxvYWRzXC8yMDIzXC8wOVwvNi5qcGciLCJzbGlkZXNob3ciOiI5YmE3NzJhIn0%3D\" href='https:\/\/viafabrilis.zw.pl\/wp-content\/uploads\/2023\/09\/6.jpg'><img decoding=\"async\" width=\"370\" height=\"265\" src=\"https:\/\/viafabrilis.zw.pl\/wp-content\/uploads\/2023\/09\/6-370x265.jpg\" class=\"attachment-post-thumbnail size-post-thumbnail\" alt=\"\" \/><\/a>\n\t\t\t<\/div><\/figure><figure class='gallery-item'>\n\t\t\t<div class='gallery-icon landscape'>\n\t\t\t\t<a data-elementor-open-lightbox=\"yes\" data-elementor-lightbox-slideshow=\"9ba772a\" data-elementor-lightbox-title=\"15\" data-e-action-hash=\"#elementor-action%3Aaction%3Dlightbox%26settings%3DeyJpZCI6OTE1NiwidXJsIjoiaHR0cHM6XC9cL3ZpYWZhYnJpbGlzLnp3LnBsXC93cC1jb250ZW50XC91cGxvYWRzXC8yMDIzXC8wOVwvMTUuanBnIiwic2xpZGVzaG93IjoiOWJhNzcyYSJ9\" href='https:\/\/viafabrilis.zw.pl\/wp-content\/uploads\/2023\/09\/15.jpg'><img loading=\"lazy\" decoding=\"async\" width=\"370\" height=\"265\" src=\"https:\/\/viafabrilis.zw.pl\/wp-content\/uploads\/2023\/09\/15-370x265.jpg\" class=\"attachment-post-thumbnail size-post-thumbnail\" alt=\"\" \/><\/a>\n\t\t\t<\/div><\/figure><figure class='gallery-item'>\n\t\t\t<div class='gallery-icon landscape'>\n\t\t\t\t<a data-elementor-open-lightbox=\"yes\" data-elementor-lightbox-slideshow=\"9ba772a\" data-elementor-lightbox-title=\"16\" data-e-action-hash=\"#elementor-action%3Aaction%3Dlightbox%26settings%3DeyJpZCI6OTE2MCwidXJsIjoiaHR0cHM6XC9cL3ZpYWZhYnJpbGlzLnp3LnBsXC93cC1jb250ZW50XC91cGxvYWRzXC8yMDIzXC8wOVwvMTYuanBnIiwic2xpZGVzaG93IjoiOWJhNzcyYSJ9\" href='https:\/\/viafabrilis.zw.pl\/wp-content\/uploads\/2023\/09\/16.jpg'><img loading=\"lazy\" decoding=\"async\" width=\"370\" height=\"265\" src=\"https:\/\/viafabrilis.zw.pl\/wp-content\/uploads\/2023\/09\/16-370x265.jpg\" class=\"attachment-post-thumbnail size-post-thumbnail\" alt=\"\" \/><\/a>\n\t\t\t<\/div><\/figure><figure class='gallery-item'>\n\t\t\t<div class='gallery-icon landscape'>\n\t\t\t\t<a data-elementor-open-lightbox=\"yes\" data-elementor-lightbox-slideshow=\"9ba772a\" data-elementor-lightbox-title=\"Muzeum Jr\u030c - rega\u0301l\" data-e-action-hash=\"#elementor-action%3Aaction%3Dlightbox%26settings%3DeyJpZCI6OTE2NCwidXJsIjoiaHR0cHM6XC9cL3ZpYWZhYnJpbGlzLnp3LnBsXC93cC1jb250ZW50XC91cGxvYWRzXC8yMDIzXC8wOVwvTXV6ZXVtLUpyLXJlZ2FsLmpwZyIsInNsaWRlc2hvdyI6IjliYTc3MmEifQ%3D%3D\" href='https:\/\/viafabrilis.zw.pl\/wp-content\/uploads\/2023\/09\/Muzeum-Jr-regal.jpg'><img loading=\"lazy\" decoding=\"async\" width=\"370\" height=\"265\" src=\"https:\/\/viafabrilis.zw.pl\/wp-content\/uploads\/2023\/09\/Muzeum-Jr-regal-370x265.jpg\" class=\"attachment-post-thumbnail size-post-thumbnail\" alt=\"\" \/><\/a>\n\t\t\t<\/div><\/figure>\n\t\t<\/div>\n\t\t<\/div>\n\t\t\t\t\t\t<\/div>\n\t\t\t\t<\/div>\n\t\t\t\t\t<\/div>\n\t\t<\/div>\n\t\t\t\t\t<\/div>\n\t\t<\/section>\n\t\t\t\t<\/div>\n\t\t","protected":false},"excerpt":{"rendered":"<p>In the years 1910-1911, a unique department store of the A. Wenke and Son company was built in Jarom\u011b\u0159. The building became known as the Wenke&#8217;s house, and today it houses the Municipal Museum in Jarom\u011b\u0159. Albert Wenke&#8217;s business was founded in 1882 and initially dealt with the production of decorative packaging, including very original [&hellip;]<\/p>\n","protected":false},"author":1,"featured_media":0,"parent":0,"menu_order":0,"comment_status":"closed","ping_status":"closed","template":"","meta":{"footnotes":""},"class_list":["post-9032","page","type-page","status-publish","hentry","entry"],"_links":{"self":[{"href":"https:\/\/viafabrilis.zw.pl\/en\/wp-json\/wp\/v2\/pages\/9032","targetHints":{"allow":["GET"]}}],"collection":[{"href":"https:\/\/viafabrilis.zw.pl\/en\/wp-json\/wp\/v2\/pages"}],"about":[{"href":"https:\/\/viafabrilis.zw.pl\/en\/wp-json\/wp\/v2\/types\/page"}],"author":[{"embeddable":true,"href":"https:\/\/viafabrilis.zw.pl\/en\/wp-json\/wp\/v2\/users\/1"}],"replies":[{"embeddable":true,"href":"https:\/\/viafabrilis.zw.pl\/en\/wp-json\/wp\/v2\/comments?post=9032"}],"version-history":[{"count":4,"href":"https:\/\/viafabrilis.zw.pl\/en\/wp-json\/wp\/v2\/pages\/9032\/revisions"}],"predecessor-version":[{"id":9180,"href":"https:\/\/viafabrilis.zw.pl\/en\/wp-json\/wp\/v2\/pages\/9032\/revisions\/9180"}],"wp:attachment":[{"href":"https:\/\/viafabrilis.zw.pl\/en\/wp-json\/wp\/v2\/media?parent=9032"}],"curies":[{"name":"wp","href":"https:\/\/api.w.org\/{rel}","templated":true}]}}