{"id":9235,"date":"2023-09-25T20:24:06","date_gmt":"2023-09-25T18:24:06","guid":{"rendered":"https:\/\/viafabrilis.zw.pl\/?page_id=9235"},"modified":"2024-02-11T12:07:08","modified_gmt":"2024-02-11T11:07:08","slug":"regional-museum-in-klodzko","status":"publish","type":"page","link":"https:\/\/viafabrilis.zw.pl\/en\/regional-museum-in-klodzko\/","title":{"rendered":"Regional Museum in K\u0142odzko"},"content":{"rendered":"\t\t<div data-elementor-type=\"wp-page\" data-elementor-id=\"9235\" class=\"elementor elementor-9235\" data-elementor-post-type=\"page\">\n\t\t\t\t\t\t<section class=\"elementor-section elementor-top-section elementor-element elementor-element-418a4c5 elementor-section-boxed elementor-section-height-default elementor-section-height-default\" data-id=\"418a4c5\" data-element_type=\"section\" data-settings=\"{&quot;jet_parallax_layout_list&quot;:[]}\">\n\t\t\t\t\t\t<div class=\"elementor-container elementor-column-gap-default\">\n\t\t\t\t\t<div class=\"elementor-column elementor-col-100 elementor-top-column elementor-element elementor-element-3ee9fb05\" data-id=\"3ee9fb05\" data-element_type=\"column\">\n\t\t\t<div class=\"elementor-widget-wrap elementor-element-populated\">\n\t\t\t\t\t\t<div class=\"elementor-element elementor-element-64020311 elementor-widget elementor-widget-text-editor\" data-id=\"64020311\" data-element_type=\"widget\" data-widget_type=\"text-editor.default\">\n\t\t\t\t<div class=\"elementor-widget-container\">\n\t\t\t\t\t\t\t\t\t\n<p><strong>Muzeum Ziemi K\u0142odzkiej<\/strong> dzia\u0142a od 1963 r. Jego pierwsz\u0105 siedzib\u0105 by\u0142 budynek dawnej komendantury k\u0142odzkiego garnizonu znajduj\u0105cy si\u0119 w rynku, w ci\u0105gu kamienic u podn\u00f3\u017ca twierdzy, a jego pierwszym dyrektorem \u2013 pochodz\u0105cy ze Lwowa artysta malarz, absolwent krakowskiej ASP, Wac\u0142aw Brejter. Po kilku latach dzia\u0142alno\u015bci, na skutek zapadania si\u0119 podziemi pod k\u0142odzk\u0105 star\u00f3wk\u0105, muzeum musia\u0142o zmieni\u0107 siedzib\u0119, budynek grozi\u0142 bowiem zawaleniem. Dotychczas zgromadzone zbiory w 1968 roku ulokowano w renesansowym dworze w Jaszkowej G\u00f3rnej. W 1971 roku miasto przeznaczy\u0142o na cele muzealne barokowy gmach dawnego konwiktu jezuickiego przy ul. Ignacego \u0141uksiewicza 4. Konwikt, czyli dawny internat dla uczni\u00f3w pobliskiego kolegium jezuickiego (obecnie LO im. Boles\u0142awa Chrobrego), budowany by\u0142, z przerwami, od po\u0142owy XVII do po\u0142owy XVIII wieku. W\u015br\u00f3d jego projektant\u00f3w i budowniczych s\u0105 najwybitniejsi w\u0142oscy, pracuj\u0105cy w Czechach, architekci tamtych czas\u00f3w \u2013 Carlo Lurago i Andrea Carove. W latach 1976-1986 obiekt zosta\u0142 gruntownie wyremontowany. Przywr\u00f3cono mu dawn\u0105 \u015bwietno\u015b\u0107, zachowuj\u0105c wszystkie elementy zabytku \u2013 stylow\u0105 elewacj\u0119, pierwotny wewn\u0119trzny uk\u0142ad architektoniczny i wystr\u00f3j, dostosowuj\u0105c jednocze\u015bnie budynek do cel\u00f3w wystawienniczo-muzealnych.<\/p>\n\n\n\n<p>Na parterze, w dawnym refektarzu konwiktu z oryginaln\u0105 dekoracj\u0105 sztukatorsk\u0105 na stropie ulokowano bibliotek\u0119 muzealn\u0105 z bogatymi zbiorami wydawnictw o regionie. Na pierwszym i drugim pi\u0119trze znajduj\u0105 si\u0119 obszerne sale wystawiennicze, barokowy salon zwany \u201eZ\u0142otym\u201d i sala koncertowa (w dawnej kaplicy pw. \u015bw. Alojzego Gonzagi, patrona konwiktu). W dobudowanej nowej cz\u0119\u015bci obiektu zorganizowano magazyny i pracownie muzeum. Na wewn\u0119trznym dziedzi\u0144cu urz\u0105dzono lapidarium, w kt\u00f3rym zgromadzono rze\u017aby i fragmenty zabytkowej kamieniarki. Zwiedzaj\u0105cym udost\u0119pniono tak\u017ce \u015bredniowieczne podziemia o g\u0142\u0119boko\u015bci ponad 6 metr\u00f3w.<\/p>\n\n\n\n<p>Muzeum posiada bogate zbiory zabytk\u00f3w historycznych, archeologicznych, etnograficznych, artystycznych i przyrodniczych zwi\u0105zanych z ziemi\u0105 k\u0142odzk\u0105. Prezentuje je w ramach trzech wystaw sta\u0142ych:<\/p>\n\n\n\n<p>\u201eZ dziej\u00f3w K\u0142odzka\u201d &#8211; wystawa po\u015bwi\u0119cona tysi\u0105cletniej historii K\u0142odzka. Zaprezentowano tu dzieje miasta, pocz\u0105wszy od pierwszej wzmianki w <em>Kronice Czech\u00f3w<\/em>, sporz\u0105dzonej przez czeskiego kronikarza Kosmasa, a sko\u0144czywszy na \u201epowodzi tysi\u0105clecia\u201d w 1997 roku.<\/p>\n\n\n\n<p>\u201eOczy czasu. Zegary mechaniczne popularne na \u015al\u0105sku w XIX i w I po\u0142owie XX wieku\u201d \u2013 na wystawie zgromadzono zegary szafkowe, skrzynkowe, gabinetowe, kominkowe s\u0142oneczne, a tak\u017ce zegary kieszonkowe i pozytywki.<\/p>\n\n\n\n<p>\u201eWsp\u00f3\u0142czesne k\u0142odzkie szk\u0142o artystyczne na tle tradycji szklarstwa ziemi k\u0142odzkiej\u201d \u2013 wystawa prezentuje historyczny rozw\u00f3j przemys\u0142u szklarskiego w regionie k\u0142odzkim od po\u0142owy XIV w. do lat 90. XX w. oraz kolekcj\u0119 ponad 200 unikatowych dzie\u0142 projektant\u00f3w i artyst\u00f3w szk\u0142a mieszkaj\u0105cych na ziemi k\u0142odzkiej lub w inny spos\u00f3b z ni\u0105 zwi\u0105zanych.<\/p>\n\t\t\t\t\t\t\t\t<\/div>\n\t\t\t\t<\/div>\n\t\t\t\t\t<\/div>\n\t\t<\/div>\n\t\t\t\t\t<\/div>\n\t\t<\/section>\n\t\t\t\t<section class=\"elementor-section elementor-top-section elementor-element elementor-element-ecd5697 elementor-section-boxed elementor-section-height-default elementor-section-height-default\" data-id=\"ecd5697\" data-element_type=\"section\" data-settings=\"{&quot;jet_parallax_layout_list&quot;:[]}\">\n\t\t\t\t\t\t<div class=\"elementor-container elementor-column-gap-default\">\n\t\t\t\t\t<div class=\"elementor-column elementor-col-100 elementor-top-column elementor-element elementor-element-8c533cb\" data-id=\"8c533cb\" data-element_type=\"column\">\n\t\t\t<div class=\"elementor-widget-wrap elementor-element-populated\">\n\t\t\t\t\t\t<div class=\"elementor-element elementor-element-98263dd gallery-spacing-custom elementor-widget elementor-widget-image-gallery\" data-id=\"98263dd\" data-element_type=\"widget\" data-widget_type=\"image-gallery.default\">\n\t\t\t\t<div class=\"elementor-widget-container\">\n\t\t\t\t\t\t\t<div class=\"elementor-image-gallery\">\n\t\t\t<div id='gallery-1' class='gallery galleryid-9235 gallery-columns-4 gallery-size-post-thumbnail'><figure class='gallery-item'>\n\t\t\t<div class='gallery-icon portrait'>\n\t\t\t\t<a data-elementor-open-lightbox=\"yes\" data-elementor-lightbox-slideshow=\"98263dd\" data-elementor-lightbox-title=\"S. Sadowski, Formy z cyklu &quot;SW&quot;, 1984\" data-e-action-hash=\"#elementor-action%3Aaction%3Dlightbox%26settings%3DeyJpZCI6OTI0MSwidXJsIjoiaHR0cHM6XC9cL3ZpYWZhYnJpbGlzLnp3LnBsXC93cC1jb250ZW50XC91cGxvYWRzXC8yMDIzXC8wOVwvRFNDMTMzMS5qcGciLCJzbGlkZXNob3ciOiI5ODI2M2RkIn0%3D\" href='https:\/\/viafabrilis.zw.pl\/wp-content\/uploads\/2023\/09\/DSC1331.jpg'><img fetchpriority=\"high\" decoding=\"async\" width=\"370\" height=\"265\" src=\"https:\/\/viafabrilis.zw.pl\/wp-content\/uploads\/2023\/09\/DSC1331-370x265.jpg\" class=\"attachment-post-thumbnail size-post-thumbnail\" alt=\"\" aria-describedby=\"gallery-1-9241\" \/><\/a>\n\t\t\t<\/div>\n\t\t\t\t<figcaption class='wp-caption-text gallery-caption' id='gallery-1-9241'>\n\t\t\t\tS. Sadowski, Formy z cyklu &#8220;SW&#8221;, 1984\n\t\t\t\t<\/figcaption><\/figure><figure class='gallery-item'>\n\t\t\t<div class='gallery-icon landscape'>\n\t\t\t\t<a data-elementor-open-lightbox=\"yes\" data-elementor-lightbox-slideshow=\"98263dd\" data-elementor-lightbox-title=\"Z. Horbowy, Butle &quot;Antico&quot;,1965\" data-e-action-hash=\"#elementor-action%3Aaction%3Dlightbox%26settings%3DeyJpZCI6OTI0NSwidXJsIjoiaHR0cHM6XC9cL3ZpYWZhYnJpbGlzLnp3LnBsXC93cC1jb250ZW50XC91cGxvYWRzXC8yMDIzXC8wOVwvMDItWi4tSG9yYm93eS1CdXRsZS1fQW50aWNvXy0xOTY1LmpwZyIsInNsaWRlc2hvdyI6Ijk4MjYzZGQifQ%3D%3D\" href='https:\/\/viafabrilis.zw.pl\/wp-content\/uploads\/2023\/09\/02-Z.-Horbowy-Butle-_Antico_-1965.jpg'><img decoding=\"async\" width=\"370\" height=\"265\" src=\"https:\/\/viafabrilis.zw.pl\/wp-content\/uploads\/2023\/09\/02-Z.-Horbowy-Butle-_Antico_-1965-370x265.jpg\" class=\"attachment-post-thumbnail size-post-thumbnail\" alt=\"\" aria-describedby=\"gallery-1-9245\" \/><\/a>\n\t\t\t<\/div>\n\t\t\t\t<figcaption class='wp-caption-text gallery-caption' id='gallery-1-9245'>\n\t\t\t\tZ. Horbowy, Butle &#8220;Antico&#8221;,1965\n\t\t\t\t<\/figcaption><\/figure><figure class='gallery-item'>\n\t\t\t<div class='gallery-icon landscape'>\n\t\t\t\t<a data-elementor-open-lightbox=\"yes\" data-elementor-lightbox-slideshow=\"98263dd\" data-elementor-lightbox-title=\"7\" data-e-action-hash=\"#elementor-action%3Aaction%3Dlightbox%26settings%3DeyJpZCI6OTI0OSwidXJsIjoiaHR0cHM6XC9cL3ZpYWZhYnJpbGlzLnp3LnBsXC93cC1jb250ZW50XC91cGxvYWRzXC8yMDIzXC8wOVwvNy5qcGciLCJzbGlkZXNob3ciOiI5ODI2M2RkIn0%3D\" href='https:\/\/viafabrilis.zw.pl\/wp-content\/uploads\/2023\/09\/7.jpg'><img decoding=\"async\" width=\"370\" height=\"265\" src=\"https:\/\/viafabrilis.zw.pl\/wp-content\/uploads\/2023\/09\/7-370x265.jpg\" class=\"attachment-post-thumbnail size-post-thumbnail\" alt=\"\" aria-describedby=\"gallery-1-9249\" \/><\/a>\n\t\t\t<\/div>\n\t\t\t\t<figcaption class='wp-caption-text gallery-caption' id='gallery-1-9249'>\n\t\t\t\tK\u0142odzko\n\t\t\t\t<\/figcaption><\/figure><figure class='gallery-item'>\n\t\t\t<div class='gallery-icon portrait'>\n\t\t\t\t<a data-elementor-open-lightbox=\"yes\" data-elementor-lightbox-slideshow=\"98263dd\" data-elementor-lightbox-title=\"W. Turkiewicz, Dwa wazony,1978\" data-e-action-hash=\"#elementor-action%3Aaction%3Dlightbox%26settings%3DeyJpZCI6OTI1MywidXJsIjoiaHR0cHM6XC9cL3ZpYWZhYnJpbGlzLnp3LnBsXC93cC1jb250ZW50XC91cGxvYWRzXC8yMDIzXC8wOVwvUy04MTg4MTkuanBnIiwic2xpZGVzaG93IjoiOTgyNjNkZCJ9\" href='https:\/\/viafabrilis.zw.pl\/wp-content\/uploads\/2023\/09\/S-818819.jpg'><img loading=\"lazy\" decoding=\"async\" width=\"370\" height=\"265\" src=\"https:\/\/viafabrilis.zw.pl\/wp-content\/uploads\/2023\/09\/S-818819-370x265.jpg\" class=\"attachment-post-thumbnail size-post-thumbnail\" alt=\"\" aria-describedby=\"gallery-1-9253\" \/><\/a>\n\t\t\t<\/div>\n\t\t\t\t<figcaption class='wp-caption-text gallery-caption' id='gallery-1-9253'>\n\t\t\t\tW. Turkiewicz, Dwa wazony,1978\n\t\t\t\t<\/figcaption><\/figure><figure class='gallery-item'>\n\t\t\t<div class='gallery-icon portrait'>\n\t\t\t\t<a data-elementor-open-lightbox=\"yes\" data-elementor-lightbox-slideshow=\"98263dd\" data-elementor-lightbox-title=\"E. Gerczuk - Moskaluk, Forma &quot;Kumulus&quot;,1978\" data-e-action-hash=\"#elementor-action%3Aaction%3Dlightbox%26settings%3DeyJpZCI6OTI1NywidXJsIjoiaHR0cHM6XC9cL3ZpYWZhYnJpbGlzLnp3LnBsXC93cC1jb250ZW50XC91cGxvYWRzXC8yMDIzXC8wOVwvUy04NjBiLmpwZyIsInNsaWRlc2hvdyI6Ijk4MjYzZGQifQ%3D%3D\" href='https:\/\/viafabrilis.zw.pl\/wp-content\/uploads\/2023\/09\/S-860b.jpg'><img loading=\"lazy\" decoding=\"async\" width=\"370\" height=\"265\" src=\"https:\/\/viafabrilis.zw.pl\/wp-content\/uploads\/2023\/09\/S-860b-370x265.jpg\" class=\"attachment-post-thumbnail size-post-thumbnail\" alt=\"\" aria-describedby=\"gallery-1-9257\" \/><\/a>\n\t\t\t<\/div>\n\t\t\t\t<figcaption class='wp-caption-text gallery-caption' id='gallery-1-9257'>\n\t\t\t\tE. Gerczuk &#8211; Moskaluk, Forma &#8220;Kumulus&#8221;,1978\n\t\t\t\t<\/figcaption><\/figure><figure class='gallery-item'>\n\t\t\t<div class='gallery-icon landscape'>\n\t\t\t\t<a data-elementor-open-lightbox=\"yes\" data-elementor-lightbox-slideshow=\"98263dd\" data-elementor-lightbox-title=\"I. W\u0119dziagolska, Popielnica, 1954\" data-e-action-hash=\"#elementor-action%3Aaction%3Dlightbox%26settings%3DeyJpZCI6OTI2MSwidXJsIjoiaHR0cHM6XC9cL3ZpYWZhYnJpbGlzLnp3LnBsXC93cC1jb250ZW50XC91cGxvYWRzXC8yMDIzXC8wOVwvUy0xMjQ0LTIuanBnIiwic2xpZGVzaG93IjoiOTgyNjNkZCJ9\" href='https:\/\/viafabrilis.zw.pl\/wp-content\/uploads\/2023\/09\/S-1244-2.jpg'><img loading=\"lazy\" decoding=\"async\" width=\"370\" height=\"265\" src=\"https:\/\/viafabrilis.zw.pl\/wp-content\/uploads\/2023\/09\/S-1244-2-370x265.jpg\" class=\"attachment-post-thumbnail size-post-thumbnail\" alt=\"\" aria-describedby=\"gallery-1-9261\" \/><\/a>\n\t\t\t<\/div>\n\t\t\t\t<figcaption class='wp-caption-text gallery-caption' id='gallery-1-9261'>\n\t\t\t\tI. W\u0119dziagolska, Popielnica, 1954\n\t\t\t\t<\/figcaption><\/figure><figure class='gallery-item'>\n\t\t\t<div class='gallery-icon portrait'>\n\t\t\t\t<a data-elementor-open-lightbox=\"yes\" data-elementor-lightbox-slideshow=\"98263dd\" data-elementor-lightbox-title=\"J. Robaszewski, &quot;G\u0142owa II&quot;, 1995\" data-e-action-hash=\"#elementor-action%3Aaction%3Dlightbox%26settings%3DeyJpZCI6OTI2NSwidXJsIjoiaHR0cHM6XC9cL3ZpYWZhYnJpbGlzLnp3LnBsXC93cC1jb250ZW50XC91cGxvYWRzXC8yMDIzXC8wOVwvUy0xOTczLmpwZyIsInNsaWRlc2hvdyI6Ijk4MjYzZGQifQ%3D%3D\" href='https:\/\/viafabrilis.zw.pl\/wp-content\/uploads\/2023\/09\/S-1973.jpg'><img loading=\"lazy\" decoding=\"async\" width=\"370\" height=\"265\" src=\"https:\/\/viafabrilis.zw.pl\/wp-content\/uploads\/2023\/09\/S-1973-370x265.jpg\" class=\"attachment-post-thumbnail size-post-thumbnail\" alt=\"\" aria-describedby=\"gallery-1-9265\" \/><\/a>\n\t\t\t<\/div>\n\t\t\t\t<figcaption class='wp-caption-text gallery-caption' id='gallery-1-9265'>\n\t\t\t\tJ. Robaszewski, &#8220;G\u0142owa II&#8221;, 1995\n\t\t\t\t<\/figcaption><\/figure><figure class='gallery-item'>\n\t\t\t<div class='gallery-icon portrait'>\n\t\t\t\t<a data-elementor-open-lightbox=\"yes\" data-elementor-lightbox-slideshow=\"98263dd\" data-elementor-lightbox-title=\"Z. Horbowy, Formy &quot;Cyklop&quot;, 1982\" data-e-action-hash=\"#elementor-action%3Aaction%3Dlightbox%26settings%3DeyJpZCI6OTI2OSwidXJsIjoiaHR0cHM6XC9cL3ZpYWZhYnJpbGlzLnp3LnBsXC93cC1jb250ZW50XC91cGxvYWRzXC8yMDIzXC8wOVwvWmRqZWNpZS1uYS1wbGFrYXQuanBnIiwic2xpZGVzaG93IjoiOTgyNjNkZCJ9\" href='https:\/\/viafabrilis.zw.pl\/wp-content\/uploads\/2023\/09\/Zdjecie-na-plakat.jpg'><img loading=\"lazy\" decoding=\"async\" width=\"370\" height=\"265\" src=\"https:\/\/viafabrilis.zw.pl\/wp-content\/uploads\/2023\/09\/Zdjecie-na-plakat-370x265.jpg\" class=\"attachment-post-thumbnail size-post-thumbnail\" alt=\"\" aria-describedby=\"gallery-1-9269\" \/><\/a>\n\t\t\t<\/div>\n\t\t\t\t<figcaption class='wp-caption-text gallery-caption' id='gallery-1-9269'>\n\t\t\t\tZ. Horbowy, Formy &#8220;Cyklop&#8221;, 1982\n\t\t\t\t<\/figcaption><\/figure>\n\t\t<\/div>\n\t\t<\/div>\n\t\t\t\t\t\t<\/div>\n\t\t\t\t<\/div>\n\t\t\t\t\t<\/div>\n\t\t<\/div>\n\t\t\t\t\t<\/div>\n\t\t<\/section>\n\t\t\t\t<\/div>\n\t\t","protected":false},"excerpt":{"rendered":"<p>The Regional Museum in K\u0142odzko has been operating since 1963. Its first seat was the building of the former headquarters of the K\u0142odzko garrison located in the market square, in a row of tenement houses at the foot of the fortress. The first director of the museum was Wac\u0142aw Brejter &#8211; a Lviv-born painter, graduate [&hellip;]<\/p>\n","protected":false},"author":1,"featured_media":0,"parent":0,"menu_order":0,"comment_status":"closed","ping_status":"closed","template":"","meta":{"footnotes":""},"class_list":["post-9235","page","type-page","status-publish","hentry","entry"],"_links":{"self":[{"href":"https:\/\/viafabrilis.zw.pl\/en\/wp-json\/wp\/v2\/pages\/9235","targetHints":{"allow":["GET"]}}],"collection":[{"href":"https:\/\/viafabrilis.zw.pl\/en\/wp-json\/wp\/v2\/pages"}],"about":[{"href":"https:\/\/viafabrilis.zw.pl\/en\/wp-json\/wp\/v2\/types\/page"}],"author":[{"embeddable":true,"href":"https:\/\/viafabrilis.zw.pl\/en\/wp-json\/wp\/v2\/users\/1"}],"replies":[{"embeddable":true,"href":"https:\/\/viafabrilis.zw.pl\/en\/wp-json\/wp\/v2\/comments?post=9235"}],"version-history":[{"count":1,"href":"https:\/\/viafabrilis.zw.pl\/en\/wp-json\/wp\/v2\/pages\/9235\/revisions"}],"predecessor-version":[{"id":9236,"href":"https:\/\/viafabrilis.zw.pl\/en\/wp-json\/wp\/v2\/pages\/9235\/revisions\/9236"}],"wp:attachment":[{"href":"https:\/\/viafabrilis.zw.pl\/en\/wp-json\/wp\/v2\/media?parent=9235"}],"curies":[{"name":"wp","href":"https:\/\/api.w.org\/{rel}","templated":true}]}}